{"id":99897,"date":"2021-07-09T11:39:57","date_gmt":"2021-07-09T10:39:57","guid":{"rendered":"https:\/\/www.colt.net\/?page_id=99897"},"modified":"2023-11-02T08:39:05","modified_gmt":"2023-11-02T08:39:05","slug":"our-story","status":"publish","type":"page","link":"https:\/\/legacy.colt.net\/it\/about\/our-story\/","title":{"rendered":"La nostra storia"},"content":{"rendered":"\n<h1>\n\t\tLa nostra storia\n\t<\/h1>\n\t<nav class=\"breadcrumb\"><span><span><a href=\"https:\/\/legacy.colt.net\/it\/\">Home<\/a><\/span><\/span><\/nav>\n<h3>\n\t\tLa nostra storia inizia pi\u00f9 di un quarto di secolo fa, nel 1992.\n\t<\/h3>\n\t<p>Ed \u00e8 ancora tutto da scoprire. La nostra visione \u00e8 essere la societ\u00e0 di infrastrutture digitali con cui le aziende leader a livello mondiale scelgono di connettersi. Il nostro obiettivo \u00e8 mettere la potenza dell&#8217;universo digitale nelle mani dei nostri clienti, ovunque, in qualsiasi momento e in qualsiasi modo essi vogliano, riunendo persone straordinarie, reti intelligenti e partner che condividono le stesse idee su scala globale.<\/p>\n<p>Siamo Colt, la societ\u00e0 globale di infrastrutture digitali; scorri verso il basso per scoprire la nostra storia e come forniamo connessioni straordinarie con un&#8217;attenzione genuina.<\/p>\n\t\t\t<a href=\"#1992\" target=\"_self\" role=\"button\" rel=\"noopener\">\n\t\t\t\t\t\t Inizia\n\t\t\t\t\t<\/a>\n\t\t\t\t<img loading=\"lazy\" decoding=\"async\" src=\"https:\/\/legacy.colt.net\/wp-content\/uploads\/2022\/09\/Colt-1992-first-cables.jpg\" alt=\"Colt-1992-first-cables\" itemprop=\"image\" height=\"1431\" width=\"1920\" title=\"Colt-1992-first-cables\" onerror=\"this.style.display='none'\"  \/>\n<h2>\n\t\t1992\n\t<\/h2>\n\t<p>La nostra storia inizia nel 1992, quando l&#8217;imprenditore Jim Hynes ha fondato la City of London Telecommunications (COLT), sostenuta da Fidelity.<\/p>\n<p>Nel giro di un anno, la nostra rete londinese \u00e8 arrivata a raggiungere i 15 km.<\/p>\n\t\t\t<a href=\"#19922\" target=\"_self\" role=\"button\" rel=\"noopener\">\n\t\t\t\t\t\t Successivo\n\t\t\t\t\t<\/a>\n<h2>\n\t\t1992\n\t<\/h2>\n\t<p>Presto abbiamo avuto il nostro primo cliente: la banca d&#8217;investimenti <strong>Robert Fleming<\/strong>.<\/p>\n\t\t\t<a href=\"#1996\" target=\"_self\" role=\"button\" rel=\"noopener\">\n\t\t\t\t\t\t Successivo\n\t\t\t\t\t<\/a>\n\t\t\t\t<img loading=\"lazy\" decoding=\"async\" src=\"https:\/\/legacy.colt.net\/wp-content\/uploads\/2022\/09\/Name-in-Lights.png\" alt=\"Name in Lights\" itemprop=\"image\" height=\"1125\" width=\"800\" title=\"Name in Lights\" onerror=\"this.style.display='none'\"  \/>\n<h2>\n\t\t1996\n\t<\/h2>\n\t<p>Nel 1996 ci siamo espansi in Europa, operando in Germania e Francia. Due aree in cui continuiamo a espanderci ancora oggi.<\/p>\n\t\t\t<a href=\"#1999\" target=\"_self\" role=\"button\" rel=\"noopener\">\n\t\t\t\t\t\t Successivo\n\t\t\t\t\t<\/a>\n<h2>\n\t\t1999\n\t<\/h2>\n\t<p>Nel 1999 abbiamo lanciato il nostro servizio di rete metropolitana in Giappone e aperto il nostro primo ufficio a Tokyo.<\/p>\n\t\t\t<a href=\"#2000\" target=\"_self\" role=\"button\" rel=\"noopener\">\n\t\t\t\t\t\t Successivo\n\t\t\t\t\t<\/a>\n\t\t\t\t<img loading=\"lazy\" decoding=\"async\" src=\"https:\/\/legacy.colt.net\/wp-content\/uploads\/2021\/01\/Tokyo.jpg\" alt=\"Tokyo\" itemprop=\"image\" height=\"996\" width=\"1536\" title=\"Tokyo\" onerror=\"this.style.display='none'\"  \/>\n\t\t\t\t<img loading=\"lazy\" decoding=\"async\" src=\"https:\/\/legacy.colt.net\/wp-content\/uploads\/2023\/10\/0H2A4394-scaled.jpg\" alt=\"0H2A4394\" itemprop=\"image\" height=\"1708\" width=\"2560\" title=\"0H2A4394\" onerror=\"this.style.display='none'\"  \/>\n<h2>\n\t\t2000\n\t<\/h2>\n\t<p>Dopo pochi anni dall&#8217;inizio del nuovo millennio, abbiamo superato il numero di 15.000 e pi\u00f9 clienti.<\/p>\n<p>Abbiamo installato 20.000 km di fibra, sparsi in 13 paesi.<\/p>\n\t\t\t<a href=\"#2008\" target=\"_self\" role=\"button\" rel=\"noopener\">\n\t\t\t\t\t\t Successivo\n\t\t\t\t\t<\/a>\n<h2>\n\t\t2008\n\t<\/h2>\n\t<p>Nel 2008 abbiamo iniziato a mettere radici negli Stati Uniti, partendo dalle aree metropolitane di New York, Newark e Boston.<\/p>\n\t\t\t<a href=\"#2010\" target=\"_self\" role=\"button\" rel=\"noopener\">\n\t\t\t\t\t\t Successivo\n\t\t\t\t\t<\/a>\n<h2>\n\t\t2010\n\t<\/h2>\n\t<p>Nel 2010 siamo diventati Colt Technology Services, a testimonianza della nostra consolidata presenza globale.<\/p>\n\t\t\t<a href=\"#2011\" target=\"_self\" role=\"button\" rel=\"noopener\">\n\t\t\t\t\t\t Successivo\n\t\t\t\t\t<\/a>\n\t\t\t\t<img loading=\"lazy\" decoding=\"async\" src=\"https:\/\/legacy.colt.net\/wp-content\/uploads\/2020\/12\/Colt_logo_Teal_RGB-300x118-1.png\" alt=\"Colt_logo_Teal_RGB-300x118\" itemprop=\"image\" height=\"118\" width=\"300\" title=\"Colt_logo_Teal_RGB-300x118\" onerror=\"this.style.display='none'\"  \/>\n\t\t\t\t<img loading=\"lazy\" decoding=\"async\" src=\"https:\/\/legacy.colt.net\/wp-content\/uploads\/2021\/01\/Connecting-financial-markets.png\" alt=\"Connecting financial markets\" itemprop=\"image\" height=\"1125\" width=\"1000\" title=\"Connecting financial markets\" onerror=\"this.style.display='none'\"  \/>\n<h2>\n\t\t2011\n\t<\/h2>\n\t<p>Nel 2011, abbiamo acquisito Market Prizm, un fornitore di soluzioni per infrastrutture di trading, ora noto come Colt Capital Markets, per consolidare la nostra capacit\u00e0 di servizi finanziari.<\/p>\n\t\t\t<a href=\"#2012\" target=\"_self\" role=\"button\" rel=\"noopener\">\n\t\t\t\t\t\t Successivo\n\t\t\t\t\t<\/a>\n<h2>\n\t\t2012\n\t<\/h2>\n\t<p>Nel 2012, abbiamo raggiunto Parigi in bici, partendo da Londra, in occasione del nostro primo tour ciclistico di beneficenza. Il tour si \u00e8 trasformato in un appuntamento annuale che ci ha permesso di raccogliere a oggi pi\u00f9 di 1 milione di euro.<\/p>\n\t\t\t<a href=\"#2014\" target=\"_self\" role=\"button\" rel=\"noopener\">\n\t\t\t\t\t\t Successivo\n\t\t\t\t\t<\/a>\n<h2>\n\t\t2014\n\t<\/h2>\n\t<p>Nel 2014 ci siamo espansi nell&#8217;area Asia-Pacifico con l&#8217;acquisizione di KVH. Abbiamo inoltre superato la soglia globale di 20 miliardi di minuti voce serviti e collegato 416 data center di terzi.<\/p>\n\t\t\t<a href=\"#2015\" target=\"_self\" role=\"button\" rel=\"noopener\">\n\t\t\t\t\t\t Successivo\n\t\t\t\t\t<\/a>\n\t\t\t\t<img loading=\"lazy\" decoding=\"async\" src=\"https:\/\/legacy.colt.net\/wp-content\/uploads\/2019\/08\/iStock-491924730.jpg\" alt=\"People crossing the famous Shibuya crossing in Tokyo at night.\" itemprop=\"image\" height=\"837\" width=\"1254\" title=\"Busy Shibuya crossing in Tokyo\" onerror=\"this.style.display='none'\"  \/>\n\t\t\t\t<img loading=\"lazy\" decoding=\"async\" src=\"https:\/\/legacy.colt.net\/wp-content\/uploads\/2023\/05\/The-new-customer-01.png\" alt=\"The-new-customer-01\" itemprop=\"image\" height=\"600\" width=\"989\" title=\"The-new-customer-01\" onerror=\"this.style.display='none'\"  \/>\n<h2>\n\t\t2015\n\t<\/h2>\n\t<p>Nel 2015, siamo diventati interamente di propriet\u00e0 di Fidelity Investments e Eight Roads, consolidandoci come una delle aziende finanziariamente pi\u00f9 stabili nel nostro settore.<\/p>\n<p>Questo ci ha anche aiutato a espandere le nostre reti in 49 aree metropolitane in 28 paesi e oltre 24.000 edifici on-net.<\/p>\n\t\t\t<a href=\"#2017\" target=\"_self\" role=\"button\" rel=\"noopener\">\n\t\t\t\t\t\t Successivo\n\t\t\t\t\t<\/a>\n\t\t\t\t<img loading=\"lazy\" decoding=\"async\" src=\"https:\/\/legacy.colt.net\/wp-content\/uploads\/2021\/02\/N25-logo-02.png\" alt=\"N25-logo-02\" itemprop=\"image\" height=\"249\" width=\"604\" title=\"N25-logo-02\" onerror=\"this.style.display='none'\"  \/>\n<h2>\n\t\t2017\n\t<\/h2>\n\t<p>Nel 2017 \u00e8 stato fondato il nostro network composto da sole donne, Network 25, che ci aiuta a superare le tradizionali barriere di genere e a rafforzare la nostra diversit\u00e0.<\/p>\n\t\t\t<a href=\"#2019\" target=\"_self\" role=\"button\" rel=\"noopener\">\n\t\t\t\t\t\t Successivo\n\t\t\t\t\t<\/a>\n<h2>\n\t\t2019\n\t<\/h2>\n\t<p>Nel 2017 \u00e8 stato fondato il nostro network composto da sole donne, Network 25, che ci aiuta a superare le tradizionali barriere di genere e a rafforzare la nostra diversit\u00e0.<\/p>\n\t\t\t<a href=\"#2020\" target=\"_self\" role=\"button\" rel=\"noopener\">\n\t\t\t\t\t\t Successivo\n\t\t\t\t\t<\/a>\n\t\t\t\t<img decoding=\"async\" src=\"https:\/\/legacy.colt.net\/wp-content\/uploads\/2020\/01\/pride-matters2.jpg\" alt=\"pride matters2\" itemprop=\"image\" title=\"pride matters2\" onerror=\"this.style.display='none'\"  \/>\n\t\t\t\t<img loading=\"lazy\" decoding=\"async\" src=\"https:\/\/legacy.colt.net\/wp-content\/uploads\/2023\/10\/Keri-1.png\" alt=\"Keri\" itemprop=\"image\" height=\"619\" width=\"645\" title=\"Keri\" onerror=\"this.style.display='none'\"  \/>\n<h2>\n\t\t2020\n\t<\/h2>\n\t<p>Nel 2020, il ruolo di CEO \u00e8 stato assunto per la prima volta da una donna, Keri Gilder, abbiamo lanciato il nostro Disability Accessibility Network (DAN) e abbiamo battuto il nostro record Net Promoter Score con un punteggio di 70!<\/p>\n\t\t\t<a href=\"#2022\" target=\"_self\" role=\"button\" rel=\"noopener\">\n\t\t\t\t\t\t Successivo\n\t\t\t\t\t<\/a>\n<h2>\n\t\t2022\n\t<\/h2>\n\t<p>Nel trentesimo anno di attivit\u00e0 di Colt, il team di Environmental &amp; Social Governance ha pubblicato il primo Report sulla sostenibilit\u00e0 dell&#8217;azienda, allineandosi alla Science Based Targets Initiative (SBTI) e impegnandosi ad aiutare i nostri clienti a diventare carbon neutral entro il 2050.<\/p>\n<p>Siamo stati anche nominati Top Global Employer di Stonewall per il 2022, un premio che riconosce i migliori datori di lavoro multinazionali per la comunit\u00e0 LGBTQ+.<\/p>\n<p>Il nostro Net Promotor Score (NPS) continua a stabilire lo standard del settore, con un punteggio di 73 in Europa.<\/p>\n\t\t\t<a href=\"#2023\" target=\"_self\" role=\"button\" rel=\"noopener\">\n\t\t\t\t\t\t Successivo\n\t\t\t\t\t<\/a>\n\t\t\t\t<img loading=\"lazy\" decoding=\"async\" src=\"https:\/\/legacy.colt.net\/wp-content\/uploads\/2021\/06\/sustainability-5.png\" alt=\"sustainability-5\" itemprop=\"image\" height=\"555\" width=\"537\" title=\"sustainability-5\" onerror=\"this.style.display='none'\"  \/>\n\t\t\t\t<img loading=\"lazy\" decoding=\"async\" src=\"https:\/\/legacy.colt.net\/wp-content\/uploads\/2023\/10\/Map-Colt-Connected-Cities-23-Nov-1.png\" alt=\"Map---Colt-Connected-Cities-23-Nov-1\" itemprop=\"image\" height=\"1555\" width=\"2634\" title=\"Map---Colt-Connected-Cities-23-Nov-1\" onerror=\"this.style.display='none'\"  \/>\n<h2>\n\t\t2023\n\t<\/h2>\n\t<p>Colt Technology Services (Colt) ha completato l&#8217;acquisto dell&#8217;attivit\u00e0 di Lumen in Europa, Medio Oriente e Africa (EMEA) nel novembre 2023. Abbiamo accolto nuovi dipendenti, clienti e partner e abbiamo esteso la nostra portata e capacit\u00e0 globali.<\/p>\n\t\t\t<a href=\"https:\/\/legacy.colt.net\/it\/resources\/colt-lumen-emea\/\" target=\"_self\" role=\"button\" rel=\"noopener\">\n\t\t\t\t\t\t\tScopri di pi\u00f9\n\t\t\t<\/a>\n\n","protected":false},"excerpt":{"rendered":"<p>La nostra storia La nostra storia inizia pi\u00f9 di un quarto di secolo fa, nel 1992. Ed \u00e8 ancora tutto da scoprire. La nostra visione \u00e8 essere la societ\u00e0 di infrastrutture digitali con cui le aziende leader a livello mondiale scelgono di connettersi. Il nostro obiettivo \u00e8 mettere la potenza dell&#8217;universo digitale nelle mani dei&#8230;<\/p>\n","protected":false},"author":2,"featured_media":0,"parent":34013,"menu_order":0,"comment_status":"closed","ping_status":"closed","template":"","meta":{"_acf_changed":false,"footnotes":""},"colt_type":[],"colt_products":[],"class_list":["post-99897","page","type-page","status-publish","hentry"],"acf":[],"yoast_head":"<!-- This site is optimized with the Yoast SEO plugin v26.8 - https:\/\/yoast.com\/product\/yoast-seo-wordpress\/ -->\n<title>La nostra storia - Colt Technology Services<\/title>\n<meta name=\"description\" content=\"La nostra storia Colt Technology Services\" \/>\n<meta name=\"robots\" content=\"noindex, follow, max-snippet:-1, max-image-preview:large, max-video-preview:-1\" \/>\n<meta property=\"og:locale\" content=\"it_IT\" \/>\n<meta property=\"og:type\" content=\"article\" \/>\n<meta property=\"og:title\" content=\"La nostra storia - Colt Technology Services\" \/>\n<meta property=\"og:description\" content=\"La nostra storia Colt Technology Services\" \/>\n<meta property=\"og:url\" content=\"https:\/\/legacy.colt.net\/it\/about\/our-story\/\" \/>\n<meta property=\"og:site_name\" content=\"Colt Technology Services\" \/>\n<meta property=\"article:publisher\" content=\"https:\/\/www.facebook.com\/ColtTechnologyServices\/\" \/>\n<meta property=\"article:modified_time\" content=\"2023-11-02T08:39:05+00:00\" \/>\n<meta property=\"og:image\" content=\"https:\/\/legacy.colt.net\/wp-content\/uploads\/2021\/01\/Brand-2021-Stock-28.jpg\" \/>\n\t<meta property=\"og:image:width\" content=\"1000\" \/>\n\t<meta property=\"og:image:height\" content=\"667\" \/>\n\t<meta property=\"og:image:type\" content=\"image\/jpeg\" \/>\n<meta name=\"twitter:card\" content=\"summary_large_image\" \/>\n<meta name=\"twitter:site\" content=\"@colt_technology\" \/>\n<meta name=\"twitter:label1\" content=\"Est. reading time\" \/>\n\t<meta name=\"twitter:data1\" content=\"3 minutes\" \/>\n<script type=\"application\/ld+json\" class=\"yoast-schema-graph\">{\"@context\":\"https:\/\/schema.org\",\"@graph\":[{\"@type\":\"WebPage\",\"@id\":\"https:\/\/legacy.colt.net\/it\/about\/our-story\/\",\"url\":\"https:\/\/legacy.colt.net\/it\/about\/our-story\/\",\"name\":\"La nostra storia - Colt Technology Services\",\"isPartOf\":{\"@id\":\"https:\/\/legacy.colt.net\/#website\"},\"primaryImageOfPage\":{\"@id\":\"https:\/\/legacy.colt.net\/it\/about\/our-story\/#primaryimage\"},\"image\":{\"@id\":\"https:\/\/legacy.colt.net\/it\/about\/our-story\/#primaryimage\"},\"thumbnailUrl\":\"https:\/\/legacy.colt.net\/wp-content\/uploads\/2022\/09\/Colt-1992-first-cables.jpg\",\"datePublished\":\"2021-07-09T10:39:57+00:00\",\"dateModified\":\"2023-11-02T08:39:05+00:00\",\"description\":\"La nostra storia Colt Technology Services\",\"breadcrumb\":{\"@id\":\"https:\/\/legacy.colt.net\/it\/about\/our-story\/#breadcrumb\"},\"inLanguage\":\"it-IT\",\"potentialAction\":[{\"@type\":\"ReadAction\",\"target\":[\"https:\/\/legacy.colt.net\/it\/about\/our-story\/\"]}]},{\"@type\":\"ImageObject\",\"inLanguage\":\"it-IT\",\"@id\":\"https:\/\/legacy.colt.net\/it\/about\/our-story\/#primaryimage\",\"url\":\"https:\/\/legacy.colt.net\/wp-content\/uploads\/2022\/09\/Colt-1992-first-cables.jpg\",\"contentUrl\":\"https:\/\/legacy.colt.net\/wp-content\/uploads\/2022\/09\/Colt-1992-first-cables.jpg\"},{\"@type\":\"BreadcrumbList\",\"@id\":\"https:\/\/legacy.colt.net\/it\/about\/our-story\/#breadcrumb\",\"itemListElement\":[{\"@type\":\"ListItem\",\"position\":1,\"name\":\"Home\",\"item\":\"https:\/\/legacy.colt.net\/it\/\"},{\"@type\":\"ListItem\",\"position\":2,\"name\":\"Su Colt\",\"item\":\"https:\/\/legacy.colt.net\/it\/about\/\"},{\"@type\":\"ListItem\",\"position\":3,\"name\":\"La nostra storia\"}]},{\"@type\":\"WebSite\",\"@id\":\"https:\/\/legacy.colt.net\/#website\",\"url\":\"https:\/\/legacy.colt.net\/\",\"name\":\"Colt\u30c6\u30af\u30ce\u30ed\u30b8\u30fc\u30b5\u30fc\u30d3\u30b9\u682a\u5f0f\u4f1a\u793e\",\"description\":\"Managed Network &amp; Voice Services Provider\",\"publisher\":{\"@id\":\"https:\/\/legacy.colt.net\/#organization\"},\"potentialAction\":[{\"@type\":\"SearchAction\",\"target\":{\"@type\":\"EntryPoint\",\"urlTemplate\":\"https:\/\/legacy.colt.net\/?s={search_term_string}\"},\"query-input\":{\"@type\":\"PropertyValueSpecification\",\"valueRequired\":true,\"valueName\":\"search_term_string\"}}],\"inLanguage\":\"it-IT\"},{\"@type\":\"Organization\",\"@id\":\"https:\/\/legacy.colt.net\/#organization\",\"name\":\"Colt Technology Services\",\"url\":\"https:\/\/legacy.colt.net\/\",\"logo\":{\"@type\":\"ImageObject\",\"inLanguage\":\"it-IT\",\"@id\":\"https:\/\/legacy.colt.net\/#\/schema\/logo\/image\/\",\"url\":\"https:\/\/legacy.colt.net\/wp-content\/uploads\/2019\/02\/Colt-Logo.png\",\"contentUrl\":\"https:\/\/legacy.colt.net\/wp-content\/uploads\/2019\/02\/Colt-Logo.png\",\"width\":195,\"height\":77,\"caption\":\"Colt Technology Services\"},\"image\":{\"@id\":\"https:\/\/legacy.colt.net\/#\/schema\/logo\/image\/\"},\"sameAs\":[\"https:\/\/www.facebook.com\/ColtTechnologyServices\/\",\"https:\/\/x.com\/colt_technology\",\"https:\/\/www.instagram.com\/colttechnologyservices\/\",\"https:\/\/www.linkedin.com\/company\/colt-technology-services\",\"https:\/\/www.youtube.com\/user\/ColtTechnology\"]}]}<\/script>\n<!-- \/ Yoast SEO plugin. -->","yoast_head_json":{"title":"La nostra storia - Colt Technology Services","description":"La nostra storia Colt Technology Services","robots":{"index":"noindex","follow":"follow","max-snippet":"max-snippet:-1","max-image-preview":"max-image-preview:large","max-video-preview":"max-video-preview:-1"},"og_locale":"it_IT","og_type":"article","og_title":"La nostra storia - Colt Technology Services","og_description":"La nostra storia Colt Technology Services","og_url":"https:\/\/legacy.colt.net\/it\/about\/our-story\/","og_site_name":"Colt Technology Services","article_publisher":"https:\/\/www.facebook.com\/ColtTechnologyServices\/","article_modified_time":"2023-11-02T08:39:05+00:00","og_image":[{"width":1000,"height":667,"url":"https:\/\/legacy.colt.net\/wp-content\/uploads\/2021\/01\/Brand-2021-Stock-28.jpg","type":"image\/jpeg"}],"twitter_card":"summary_large_image","twitter_site":"@colt_technology","twitter_misc":{"Est. reading time":"3 minutes"},"schema":{"@context":"https:\/\/schema.org","@graph":[{"@type":"WebPage","@id":"https:\/\/legacy.colt.net\/it\/about\/our-story\/","url":"https:\/\/legacy.colt.net\/it\/about\/our-story\/","name":"La nostra storia - Colt Technology Services","isPartOf":{"@id":"https:\/\/legacy.colt.net\/#website"},"primaryImageOfPage":{"@id":"https:\/\/legacy.colt.net\/it\/about\/our-story\/#primaryimage"},"image":{"@id":"https:\/\/legacy.colt.net\/it\/about\/our-story\/#primaryimage"},"thumbnailUrl":"https:\/\/legacy.colt.net\/wp-content\/uploads\/2022\/09\/Colt-1992-first-cables.jpg","datePublished":"2021-07-09T10:39:57+00:00","dateModified":"2023-11-02T08:39:05+00:00","description":"La nostra storia Colt Technology Services","breadcrumb":{"@id":"https:\/\/legacy.colt.net\/it\/about\/our-story\/#breadcrumb"},"inLanguage":"it-IT","potentialAction":[{"@type":"ReadAction","target":["https:\/\/legacy.colt.net\/it\/about\/our-story\/"]}]},{"@type":"ImageObject","inLanguage":"it-IT","@id":"https:\/\/legacy.colt.net\/it\/about\/our-story\/#primaryimage","url":"https:\/\/legacy.colt.net\/wp-content\/uploads\/2022\/09\/Colt-1992-first-cables.jpg","contentUrl":"https:\/\/legacy.colt.net\/wp-content\/uploads\/2022\/09\/Colt-1992-first-cables.jpg"},{"@type":"BreadcrumbList","@id":"https:\/\/legacy.colt.net\/it\/about\/our-story\/#breadcrumb","itemListElement":[{"@type":"ListItem","position":1,"name":"Home","item":"https:\/\/legacy.colt.net\/it\/"},{"@type":"ListItem","position":2,"name":"Su Colt","item":"https:\/\/legacy.colt.net\/it\/about\/"},{"@type":"ListItem","position":3,"name":"La nostra storia"}]},{"@type":"WebSite","@id":"https:\/\/legacy.colt.net\/#website","url":"https:\/\/legacy.colt.net\/","name":"Colt\u30c6\u30af\u30ce\u30ed\u30b8\u30fc\u30b5\u30fc\u30d3\u30b9\u682a\u5f0f\u4f1a\u793e","description":"Managed Network &amp; Voice Services Provider","publisher":{"@id":"https:\/\/legacy.colt.net\/#organization"},"potentialAction":[{"@type":"SearchAction","target":{"@type":"EntryPoint","urlTemplate":"https:\/\/legacy.colt.net\/?s={search_term_string}"},"query-input":{"@type":"PropertyValueSpecification","valueRequired":true,"valueName":"search_term_string"}}],"inLanguage":"it-IT"},{"@type":"Organization","@id":"https:\/\/legacy.colt.net\/#organization","name":"Colt Technology Services","url":"https:\/\/legacy.colt.net\/","logo":{"@type":"ImageObject","inLanguage":"it-IT","@id":"https:\/\/legacy.colt.net\/#\/schema\/logo\/image\/","url":"https:\/\/legacy.colt.net\/wp-content\/uploads\/2019\/02\/Colt-Logo.png","contentUrl":"https:\/\/legacy.colt.net\/wp-content\/uploads\/2019\/02\/Colt-Logo.png","width":195,"height":77,"caption":"Colt Technology Services"},"image":{"@id":"https:\/\/legacy.colt.net\/#\/schema\/logo\/image\/"},"sameAs":["https:\/\/www.facebook.com\/ColtTechnologyServices\/","https:\/\/x.com\/colt_technology","https:\/\/www.instagram.com\/colttechnologyservices\/","https:\/\/www.linkedin.com\/company\/colt-technology-services","https:\/\/www.youtube.com\/user\/ColtTechnology"]}]}},"_links":{"self":[{"href":"https:\/\/legacy.colt.net\/it\/wp-json\/wp\/v2\/pages\/99897","targetHints":{"allow":["GET"]}}],"collection":[{"href":"https:\/\/legacy.colt.net\/it\/wp-json\/wp\/v2\/pages"}],"about":[{"href":"https:\/\/legacy.colt.net\/it\/wp-json\/wp\/v2\/types\/page"}],"author":[{"embeddable":true,"href":"https:\/\/legacy.colt.net\/it\/wp-json\/wp\/v2\/users\/2"}],"replies":[{"embeddable":true,"href":"https:\/\/legacy.colt.net\/it\/wp-json\/wp\/v2\/comments?post=99897"}],"version-history":[{"count":0,"href":"https:\/\/legacy.colt.net\/it\/wp-json\/wp\/v2\/pages\/99897\/revisions"}],"up":[{"embeddable":true,"href":"https:\/\/legacy.colt.net\/it\/wp-json\/wp\/v2\/pages\/34013"}],"wp:attachment":[{"href":"https:\/\/legacy.colt.net\/it\/wp-json\/wp\/v2\/media?parent=99897"}],"wp:term":[{"taxonomy":"colt_type","embeddable":true,"href":"https:\/\/legacy.colt.net\/it\/wp-json\/wp\/v2\/colt_type?post=99897"},{"taxonomy":"colt_products","embeddable":true,"href":"https:\/\/legacy.colt.net\/it\/wp-json\/wp\/v2\/colt_products?post=99897"}],"curies":[{"name":"wp","href":"https:\/\/api.w.org\/{rel}","templated":true}]}}