{"id":90543,"date":"2021-01-09T09:12:30","date_gmt":"2021-01-09T09:12:30","guid":{"rendered":"https:\/\/www.colt.net\/transform\/"},"modified":"2022-09-02T10:52:40","modified_gmt":"2022-09-02T09:52:40","slug":"transform","status":"publish","type":"page","link":"https:\/\/legacy.colt.net\/it\/solutions\/transform\/","title":{"rendered":"Trasforma il tuo workplace digitale"},"content":{"rendered":"\n<h1>\n\t\tTrasforma il tuo workplace digitale\n\t<\/h1>\n<h2>\n\t\tPer un team connesso e produttivo, ovunque si trovi\n\t<\/h2>\n\t<nav class=\"breadcrumb\"><span><span><a href=\"https:\/\/legacy.colt.net\/it\/\">Home<\/a><\/span><\/span><\/nav>\n<h2>\n\t\tLe sfide di oggi\n\t<\/h2>\n\t<p>E&#8217; cambiato come e dove lavoriamo, passando da un ufficio a una situazione in cui il lavoro a distanza \u00e8 diventato ormai un requisito essenziale. Per questo, le aziende si trovano ad affrontare numerose sfide nel dare vita a un workplace moderno:<\/p>\n<p><strong>1. Smart working<\/strong><\/p>\n<p>I dipendenti devono poter lavorare da remoto con le stesse capacit\u00e0 che hanno in ufficio. Nei mesi trascorsi molte organizzazioni hanno faticato a trovare una soluzione rapida e sostenibile che abilitasse lo smart working.<\/p>\n<p><strong>2. Prestazioni garantite<\/strong><\/p>\n<p>Una delle principali sfide dello smart working \u00e8 legata alla perdita del controllo, da parte delle organizzazioni, sulla connessione dei loro dipendenti e collaboratori, il che pu\u00f2 causare problemi di connettivit\u00e0 e di prestazioni.<\/p>\n<p><strong>3. Soluzione su misura a lungo termine<\/strong><\/p>\n<p>Molte organizzazioni hanno dovuto faticare per trovare una soluzione che permettesse ai propri dipendenti di lavorare da remoto, ma queste soluzioni improvvisate non sempre soddisfano le loro specifiche esigenze e possono causare problemi a lungo termine.<\/p>\n\t\t\t\t<img loading=\"lazy\" decoding=\"async\" src=\"https:\/\/legacy.colt.net\/wp-content\/uploads\/2021\/09\/Image-3.png\" alt=\"Image 3\" itemprop=\"image\" height=\"900\" width=\"800\" title=\"Image 3\" onerror=\"this.style.display='none'\"  \/>\n<h2>\n\t\tIl vostro partner di fiducia per la trasformazione digitale\n\t<\/h2>\n\t<p>Colt \u00e8 il partner perfetto per accelerare il digital workplace e far abbracciare il cambiamento alla tua organizzazione. Da quasi 30 anni crediamo di poter trasformare il modo in cui funziona il mondo grazie alla potere della connettivit\u00e0. In una societ\u00e0 digitale, questo non \u00e8 mai stato cos\u00ec importante.<\/p>\n\t<strong>One-stop-shop<br \/>\n<\/strong>\u00c8 difficile trovare un partner su cui fare affidamento sia per i servizi voce che per quelli di rete. Ecco perch\u00e9 Colt pu\u00f2 diventare il vostro unico punto di riferimento\n\t<strong>La nostra rete<\/strong><br \/>\nLa rete Colt IQ Network \u00e8 una rete intelligente ottimizzata a 100 Gbps che supporta le nostre soluzioni voce con infrastrutture di propriet\u00e0 di Colt in oltre 30 paesi\n\t<strong>Innovazione<br \/>\n<\/strong>Colt \u00e8 un leader riconosciuto nelle soluzioni SDN\/NFV e offre una customer experience senza paragoni grazie alle tecnologie di AI e machine learning.\n<h2>\n\t\tIl tuo workplace digitale\n\t<\/h2>\n\t<p>Sappiamo bene quanto sia importante il passaggio al nuovo ambiente di lavoro e quindi ogni soluzione deve essere personalizzata, affinch\u00e9 tutte le organizzazioni possano completare con successo il proprio percorso di trasformazione digitale e sfruttare al massimo il workplace moderno.<\/p>\n\t\t\t\t<a href=\"https:\/\/legacy.colt.net\/product\/intelligent-communications\/\" target=\"_self\" itemprop=\"url\" rel=\"noopener\">\n\t\t\t\t<img loading=\"lazy\" decoding=\"async\" src=\"https:\/\/legacy.colt.net\/wp-content\/uploads\/2020\/12\/Intelligent-Communications.png\" alt=\"Intelligent Communications\" itemprop=\"image\" height=\"800\" width=\"800\" title=\"Intelligent Communications\" onerror=\"this.style.display='none'\"  \/>\n\t\t\t\t<\/a>\n\t<p>Con le applicazioni di unified communication basate su Microsoft Office 365, \u00e8 possibile beneficiare delle pi\u00f9 recenti applicazioni cloud, migliorando produttivit\u00e0 e collaborazione<\/p>\n\t\t\t\t<a href=\"https:\/\/legacy.colt.net\/product\/intelligent-communications\/\" target=\"_self\" itemprop=\"url\" rel=\"noopener\">\n\t\t\t\t<img loading=\"lazy\" decoding=\"async\" src=\"https:\/\/legacy.colt.net\/wp-content\/uploads\/2020\/12\/Cloud-SBC.png\" alt=\"Cloud SBC\" itemprop=\"image\" height=\"800\" width=\"800\" title=\"Cloud SBC\" onerror=\"this.style.display='none'\"  \/>\n\t\t\t\t<\/a>\n\t<p>Attiva la voce su Microsoft Teams tramite i nostri servizi cloud per disporre di tutte le funzionalit\u00e0 disponibili in modo semplice e veloce, senza la necessit\u00e0 di alcun intervento in loco<\/p>\n\t\t\t\t<a href=\"https:\/\/legacy.colt.net\/product\/intelligent-communications\/\" target=\"_self\" itemprop=\"url\" rel=\"noopener\">\n\t\t\t\t<img decoding=\"async\" src=\"https:\/\/legacy.colt.net\/wp-content\/uploads\/2020\/12\/SD-WAN.png\" alt=\"Businesspeople walking along the illuminated lightwall corridor, connecting One Pancras Square with King's Cross underground station in London, pedestrian tunnel in Kings Cross station, London, UK, England.\" itemprop=\"image\" title=\"Businesspeople Walking Along Illuminated Lightwall Corridor, London, England\" onerror=\"this.style.display='none'\"  \/>\n\t\t\t\t<\/a>\n\t<p>Offri la migliore esperienza applicativa, comprese le chiamate voce e video. E se si dispone di telefonia tradizionale, \u00e8 possibile assegnare priorit\u00e0 diverse al traffico di chiamate voce e video sulla vostra WAN<\/p>\n\t\t\t\t<a href=\"https:\/\/legacy.colt.net\/product\/intelligent-communications\/\" target=\"_self\" itemprop=\"url\" rel=\"noopener\">\n\t\t\t\t<img loading=\"lazy\" decoding=\"async\" src=\"https:\/\/legacy.colt.net\/wp-content\/uploads\/2020\/12\/IP-Access-with-Cloud-prioritisation.png\" alt=\"IP Access with Cloud prioritisation\" itemprop=\"image\" height=\"800\" width=\"800\" title=\"IP Access with Cloud prioritisation\" onerror=\"this.style.display='none'\"  \/>\n\t\t\t\t<\/a>\n\t<p>Massimo livello di prestazioni garantito, assegnando priorit\u00e0 diverse al traffico di Microsoft Teams, mantenendo un&#8217;esperienza di alta qualit\u00e0 per i vostri dipendenti e collaboratori<\/p>\n\t\t\t<a href=\"https:\/\/legacy.colt.net\/it\/product\/colt-intelligent-communications\/\" target=\"_self\" role=\"button\" rel=\"noopener\">\n\t\t\t\t\t\t\tScopri di pi\u00f9\n\t\t\t\t\t<\/a>\n\t\t\t<a href=\"https:\/\/legacy.colt.net\/it\/product\/cloud-sbc\/\" target=\"_self\" role=\"button\" rel=\"noopener\">\n\t\t\t\t\t\t\tScopri di pi\u00f9\n\t\t\t\t\t<\/a>\n\t\t\t<a href=\"https:\/\/legacy.colt.net\/it\/product\/sd-wan\/\" target=\"_self\" role=\"button\" rel=\"noopener\">\n\t\t\t\t\t\t\tScopri di pi\u00f9\n\t\t\t\t\t<\/a>\n\t\t\t<a href=\"https:\/\/legacy.colt.net\/it\/product\/cloud-prioritisation\/\" target=\"_self\" role=\"button\" rel=\"noopener\">\n\t\t\t\t\t\t\tScopri di pi\u00f9\n\t\t\t\t\t<\/a>\n<h2>\n\t\tParla con uno specialista\n\t<\/h2>\n\t<p>I nostri pluripremiati servizi di connettivit\u00e0 vi danno la possibilit\u00e0 di trasformare il vostro digital workplace senza soluzione di continuit\u00e0, per abbracciare il cambiamento in questo mondo in continuo cambiamento.<\/p>\n<p>Qualunque siano le vostre sfide o esigenze, lascia che siano i nostri esperti ad accompagnarvi nel vostro percorso di trasformazione digitale.<\/p>\n<p>Per altre modalit\u00e0 di contatto, rivolgiti al nostro <a href=\"https:\/\/legacy.colt.net\/it\/contact-us\/\">contact centre<\/a>.<\/p>\n\t[hubspot type=form portal=344164 id=e6dee59e-6810-41dc-b9e5-7f5aa9e33c01]\n<h2>\n\t\tVuoi saperne di pi\u00f9?\n\t<\/h2>\n\t<strong>Scarica<br \/>\n<\/strong>Guida alla migrazione, da Skype For Business a Microsoft Teams. <a href=\"https:\/\/legacy.colt.net\/it\/resources\/a-guide-to-migrating-from-skype-for-business-to-microsoft-teams\/\">Scopri di pi\u00f9&#8230;<\/a>\n\t<strong> Blog<br \/>\n<\/strong>Come si sta evolvendo la SD WAN per supportare le reti del futuro <a href=\"https:\/\/legacy.colt.net\/it\/resources\/come-si-sta-evolvendo-la-sd-wan-per-supportare-le-reti-del-futuro\/\">Scopri di pi\u00f9&#8230;<\/a>\n\t<strong>Servizio clienti<br \/>\n<\/strong>Il nostro obiettivo \u00e8 essere l&#8217;azienda pi\u00f9 orientata al cliente del nostro settore e, con un punteggio NPS leader nel 2020, siamo gi\u00e0 sulla buona strada. <a href=\"https:\/\/legacy.colt.net\/it\/why-colt\/our-customer-service\/\">Scopri di pi\u00f9&#8230;<\/a>\n\t<strong>I nostri prodotti e servizi<br \/>\n<\/strong>Il nostro portafoglio di servizi offre un&#8217;esperienza uniforme su un&#8217;unica piattaforma e tecnologia, consentendo alle aziende di affrontare le sfide della digitalizzazione. <a href=\"https:\/\/legacy.colt.net\/it\/products-services\/\">Scopri di pi\u00f9&#8230;<\/a>\n\t<strong>Blog<br \/>\n<\/strong>Perch\u00e9 la SD WAN \u00e8 la scelta giusta per un&#8217;infrastruttura multi-cloud. <a href=\"https:\/\/legacy.colt.net\/it\/resources\/perche-la-sd-wan-e-la-scelta-giusta-per-uninfrastruttura-multi-cloud\/\">Scopri di pi\u00f9&#8230;<\/a>\n\t<strong>About Colt<br \/>\n<\/strong>Scopri di pi\u00f9 su chi siamo e cosa facciamo. <a href=\"https:\/\/legacy.colt.net\/it\/what-we-do\/\">Scopri di pi\u00f9&#8230;<\/a>\n\n","protected":false},"excerpt":{"rendered":"<p>Trasforma il tuo workplace digitale Per un team connesso e produttivo, ovunque si trovi Le sfide di oggi E&#8217; cambiato come e dove lavoriamo, passando da un ufficio a una situazione in cui il lavoro a distanza \u00e8 diventato ormai un requisito essenziale. Per questo, le aziende si trovano ad affrontare numerose sfide nel dare&#8230;<\/p>\n","protected":false},"author":2,"featured_media":0,"parent":91827,"menu_order":0,"comment_status":"closed","ping_status":"closed","template":"","meta":{"_acf_changed":false,"footnotes":""},"colt_type":[],"colt_products":[],"class_list":["post-90543","page","type-page","status-publish","hentry"],"acf":[],"yoast_head":"<!-- This site is optimized with the Yoast SEO plugin v26.8 - https:\/\/yoast.com\/product\/yoast-seo-wordpress\/ -->\n<title>Trasforma il tuo workplace digitale - Colt Technology Services<\/title>\n<meta name=\"description\" content=\"E\u2019 cambiato come e dove lavoriamo, passando da un ufficio a una situazione in cui il lavoro a distanza \u00e8 diventato ormai un requisito essenziale\" \/>\n<meta name=\"robots\" content=\"noindex, follow, max-snippet:-1, max-image-preview:large, max-video-preview:-1\" \/>\n<meta property=\"og:locale\" content=\"it_IT\" \/>\n<meta property=\"og:type\" content=\"article\" \/>\n<meta property=\"og:title\" content=\"Trasforma il tuo workplace digitale - Colt Technology Services\" \/>\n<meta property=\"og:description\" content=\"E\u2019 cambiato come e dove lavoriamo, passando da un ufficio a una situazione in cui il lavoro a distanza \u00e8 diventato ormai un requisito essenziale\" \/>\n<meta property=\"og:url\" content=\"https:\/\/legacy.colt.net\/it\/solutions\/transform\/\" \/>\n<meta property=\"og:site_name\" content=\"Colt Technology Services\" \/>\n<meta property=\"article:publisher\" content=\"https:\/\/www.facebook.com\/ColtTechnologyServices\/\" \/>\n<meta property=\"article:modified_time\" content=\"2022-09-02T09:52:40+00:00\" \/>\n<meta property=\"og:image\" content=\"https:\/\/legacy.colt.net\/wp-content\/uploads\/2021\/01\/Brand-2021-Stock-46.jpg\" \/>\n\t<meta property=\"og:image:width\" content=\"1000\" \/>\n\t<meta property=\"og:image:height\" content=\"667\" \/>\n\t<meta property=\"og:image:type\" content=\"image\/jpeg\" \/>\n<meta name=\"twitter:card\" content=\"summary_large_image\" \/>\n<meta name=\"twitter:site\" content=\"@colt_technology\" \/>\n<meta name=\"twitter:label1\" content=\"Est. reading time\" \/>\n\t<meta name=\"twitter:data1\" content=\"3 minutes\" \/>\n<script type=\"application\/ld+json\" class=\"yoast-schema-graph\">{\"@context\":\"https:\/\/schema.org\",\"@graph\":[{\"@type\":\"WebPage\",\"@id\":\"https:\/\/legacy.colt.net\/it\/solutions\/transform\/\",\"url\":\"https:\/\/legacy.colt.net\/it\/solutions\/transform\/\",\"name\":\"Trasforma il tuo workplace digitale - Colt Technology Services\",\"isPartOf\":{\"@id\":\"https:\/\/legacy.colt.net\/#website\"},\"primaryImageOfPage\":{\"@id\":\"https:\/\/legacy.colt.net\/it\/solutions\/transform\/#primaryimage\"},\"image\":{\"@id\":\"https:\/\/legacy.colt.net\/it\/solutions\/transform\/#primaryimage\"},\"thumbnailUrl\":\"https:\/\/legacy.colt.net\/wp-content\/uploads\/2021\/09\/Image-3.png\",\"datePublished\":\"2021-01-09T09:12:30+00:00\",\"dateModified\":\"2022-09-02T09:52:40+00:00\",\"description\":\"E\u2019 cambiato come e dove lavoriamo, passando da un ufficio a una situazione in cui il lavoro a distanza \u00e8 diventato ormai un requisito essenziale\",\"breadcrumb\":{\"@id\":\"https:\/\/legacy.colt.net\/it\/solutions\/transform\/#breadcrumb\"},\"inLanguage\":\"it-IT\",\"potentialAction\":[{\"@type\":\"ReadAction\",\"target\":[\"https:\/\/legacy.colt.net\/it\/solutions\/transform\/\"]}]},{\"@type\":\"ImageObject\",\"inLanguage\":\"it-IT\",\"@id\":\"https:\/\/legacy.colt.net\/it\/solutions\/transform\/#primaryimage\",\"url\":\"https:\/\/legacy.colt.net\/wp-content\/uploads\/2021\/09\/Image-3.png\",\"contentUrl\":\"https:\/\/legacy.colt.net\/wp-content\/uploads\/2021\/09\/Image-3.png\"},{\"@type\":\"BreadcrumbList\",\"@id\":\"https:\/\/legacy.colt.net\/it\/solutions\/transform\/#breadcrumb\",\"itemListElement\":[{\"@type\":\"ListItem\",\"position\":1,\"name\":\"Home\",\"item\":\"https:\/\/legacy.colt.net\/it\/\"},{\"@type\":\"ListItem\",\"position\":2,\"name\":\"Solutions\",\"item\":\"https:\/\/legacy.colt.net\/it\/solutions\/\"},{\"@type\":\"ListItem\",\"position\":3,\"name\":\"Trasforma il tuo workplace digitale\"}]},{\"@type\":\"WebSite\",\"@id\":\"https:\/\/legacy.colt.net\/#website\",\"url\":\"https:\/\/legacy.colt.net\/\",\"name\":\"Colt\u30c6\u30af\u30ce\u30ed\u30b8\u30fc\u30b5\u30fc\u30d3\u30b9\u682a\u5f0f\u4f1a\u793e\",\"description\":\"Managed Network &amp; Voice Services Provider\",\"publisher\":{\"@id\":\"https:\/\/legacy.colt.net\/#organization\"},\"potentialAction\":[{\"@type\":\"SearchAction\",\"target\":{\"@type\":\"EntryPoint\",\"urlTemplate\":\"https:\/\/legacy.colt.net\/?s={search_term_string}\"},\"query-input\":{\"@type\":\"PropertyValueSpecification\",\"valueRequired\":true,\"valueName\":\"search_term_string\"}}],\"inLanguage\":\"it-IT\"},{\"@type\":\"Organization\",\"@id\":\"https:\/\/legacy.colt.net\/#organization\",\"name\":\"Colt Technology Services\",\"url\":\"https:\/\/legacy.colt.net\/\",\"logo\":{\"@type\":\"ImageObject\",\"inLanguage\":\"it-IT\",\"@id\":\"https:\/\/legacy.colt.net\/#\/schema\/logo\/image\/\",\"url\":\"https:\/\/legacy.colt.net\/wp-content\/uploads\/2019\/02\/Colt-Logo.png\",\"contentUrl\":\"https:\/\/legacy.colt.net\/wp-content\/uploads\/2019\/02\/Colt-Logo.png\",\"width\":195,\"height\":77,\"caption\":\"Colt Technology Services\"},\"image\":{\"@id\":\"https:\/\/legacy.colt.net\/#\/schema\/logo\/image\/\"},\"sameAs\":[\"https:\/\/www.facebook.com\/ColtTechnologyServices\/\",\"https:\/\/x.com\/colt_technology\",\"https:\/\/www.instagram.com\/colttechnologyservices\/\",\"https:\/\/www.linkedin.com\/company\/colt-technology-services\",\"https:\/\/www.youtube.com\/user\/ColtTechnology\"]}]}<\/script>\n<!-- \/ Yoast SEO plugin. -->","yoast_head_json":{"title":"Trasforma il tuo workplace digitale - Colt Technology Services","description":"E\u2019 cambiato come e dove lavoriamo, passando da un ufficio a una situazione in cui il lavoro a distanza \u00e8 diventato ormai un requisito essenziale","robots":{"index":"noindex","follow":"follow","max-snippet":"max-snippet:-1","max-image-preview":"max-image-preview:large","max-video-preview":"max-video-preview:-1"},"og_locale":"it_IT","og_type":"article","og_title":"Trasforma il tuo workplace digitale - Colt Technology Services","og_description":"E\u2019 cambiato come e dove lavoriamo, passando da un ufficio a una situazione in cui il lavoro a distanza \u00e8 diventato ormai un requisito essenziale","og_url":"https:\/\/legacy.colt.net\/it\/solutions\/transform\/","og_site_name":"Colt Technology Services","article_publisher":"https:\/\/www.facebook.com\/ColtTechnologyServices\/","article_modified_time":"2022-09-02T09:52:40+00:00","og_image":[{"width":1000,"height":667,"url":"https:\/\/legacy.colt.net\/wp-content\/uploads\/2021\/01\/Brand-2021-Stock-46.jpg","type":"image\/jpeg"}],"twitter_card":"summary_large_image","twitter_site":"@colt_technology","twitter_misc":{"Est. reading time":"3 minutes"},"schema":{"@context":"https:\/\/schema.org","@graph":[{"@type":"WebPage","@id":"https:\/\/legacy.colt.net\/it\/solutions\/transform\/","url":"https:\/\/legacy.colt.net\/it\/solutions\/transform\/","name":"Trasforma il tuo workplace digitale - Colt Technology Services","isPartOf":{"@id":"https:\/\/legacy.colt.net\/#website"},"primaryImageOfPage":{"@id":"https:\/\/legacy.colt.net\/it\/solutions\/transform\/#primaryimage"},"image":{"@id":"https:\/\/legacy.colt.net\/it\/solutions\/transform\/#primaryimage"},"thumbnailUrl":"https:\/\/legacy.colt.net\/wp-content\/uploads\/2021\/09\/Image-3.png","datePublished":"2021-01-09T09:12:30+00:00","dateModified":"2022-09-02T09:52:40+00:00","description":"E\u2019 cambiato come e dove lavoriamo, passando da un ufficio a una situazione in cui il lavoro a distanza \u00e8 diventato ormai un requisito essenziale","breadcrumb":{"@id":"https:\/\/legacy.colt.net\/it\/solutions\/transform\/#breadcrumb"},"inLanguage":"it-IT","potentialAction":[{"@type":"ReadAction","target":["https:\/\/legacy.colt.net\/it\/solutions\/transform\/"]}]},{"@type":"ImageObject","inLanguage":"it-IT","@id":"https:\/\/legacy.colt.net\/it\/solutions\/transform\/#primaryimage","url":"https:\/\/legacy.colt.net\/wp-content\/uploads\/2021\/09\/Image-3.png","contentUrl":"https:\/\/legacy.colt.net\/wp-content\/uploads\/2021\/09\/Image-3.png"},{"@type":"BreadcrumbList","@id":"https:\/\/legacy.colt.net\/it\/solutions\/transform\/#breadcrumb","itemListElement":[{"@type":"ListItem","position":1,"name":"Home","item":"https:\/\/legacy.colt.net\/it\/"},{"@type":"ListItem","position":2,"name":"Solutions","item":"https:\/\/legacy.colt.net\/it\/solutions\/"},{"@type":"ListItem","position":3,"name":"Trasforma il tuo workplace digitale"}]},{"@type":"WebSite","@id":"https:\/\/legacy.colt.net\/#website","url":"https:\/\/legacy.colt.net\/","name":"Colt\u30c6\u30af\u30ce\u30ed\u30b8\u30fc\u30b5\u30fc\u30d3\u30b9\u682a\u5f0f\u4f1a\u793e","description":"Managed Network &amp; Voice Services Provider","publisher":{"@id":"https:\/\/legacy.colt.net\/#organization"},"potentialAction":[{"@type":"SearchAction","target":{"@type":"EntryPoint","urlTemplate":"https:\/\/legacy.colt.net\/?s={search_term_string}"},"query-input":{"@type":"PropertyValueSpecification","valueRequired":true,"valueName":"search_term_string"}}],"inLanguage":"it-IT"},{"@type":"Organization","@id":"https:\/\/legacy.colt.net\/#organization","name":"Colt Technology Services","url":"https:\/\/legacy.colt.net\/","logo":{"@type":"ImageObject","inLanguage":"it-IT","@id":"https:\/\/legacy.colt.net\/#\/schema\/logo\/image\/","url":"https:\/\/legacy.colt.net\/wp-content\/uploads\/2019\/02\/Colt-Logo.png","contentUrl":"https:\/\/legacy.colt.net\/wp-content\/uploads\/2019\/02\/Colt-Logo.png","width":195,"height":77,"caption":"Colt Technology Services"},"image":{"@id":"https:\/\/legacy.colt.net\/#\/schema\/logo\/image\/"},"sameAs":["https:\/\/www.facebook.com\/ColtTechnologyServices\/","https:\/\/x.com\/colt_technology","https:\/\/www.instagram.com\/colttechnologyservices\/","https:\/\/www.linkedin.com\/company\/colt-technology-services","https:\/\/www.youtube.com\/user\/ColtTechnology"]}]}},"_links":{"self":[{"href":"https:\/\/legacy.colt.net\/it\/wp-json\/wp\/v2\/pages\/90543","targetHints":{"allow":["GET"]}}],"collection":[{"href":"https:\/\/legacy.colt.net\/it\/wp-json\/wp\/v2\/pages"}],"about":[{"href":"https:\/\/legacy.colt.net\/it\/wp-json\/wp\/v2\/types\/page"}],"author":[{"embeddable":true,"href":"https:\/\/legacy.colt.net\/it\/wp-json\/wp\/v2\/users\/2"}],"replies":[{"embeddable":true,"href":"https:\/\/legacy.colt.net\/it\/wp-json\/wp\/v2\/comments?post=90543"}],"version-history":[{"count":0,"href":"https:\/\/legacy.colt.net\/it\/wp-json\/wp\/v2\/pages\/90543\/revisions"}],"up":[{"embeddable":true,"href":"https:\/\/legacy.colt.net\/it\/wp-json\/wp\/v2\/pages\/91827"}],"wp:attachment":[{"href":"https:\/\/legacy.colt.net\/it\/wp-json\/wp\/v2\/media?parent=90543"}],"wp:term":[{"taxonomy":"colt_type","embeddable":true,"href":"https:\/\/legacy.colt.net\/it\/wp-json\/wp\/v2\/colt_type?post=90543"},{"taxonomy":"colt_products","embeddable":true,"href":"https:\/\/legacy.colt.net\/it\/wp-json\/wp\/v2\/colt_products?post=90543"}],"curies":[{"name":"wp","href":"https:\/\/api.w.org\/{rel}","templated":true}]}}