{"id":90539,"date":"2021-01-09T09:11:58","date_gmt":"2021-01-09T09:11:58","guid":{"rendered":"https:\/\/www.colt.net\/voice-2\/"},"modified":"2022-09-02T10:13:17","modified_gmt":"2022-09-02T09:13:17","slug":"voice","status":"publish","type":"page","link":"https:\/\/legacy.colt.net\/it\/solutions\/voice\/","title":{"rendered":"Comunicazione aziendale d\u2019impatto"},"content":{"rendered":"\n<h1>\n\t\tComunicazione aziendale efficace\n\t<\/h1>\n<h2>\n\t\tUna comunicazione chiara \u00e8 un aspetto fondamentale di qualsiasi organizzazione\n\t<\/h2>\n\t<nav class=\"breadcrumb\"><span><span><a href=\"https:\/\/legacy.colt.net\/it\/\">Home<\/a><\/span><\/span><\/nav>\n\t\t\t\t<img decoding=\"async\" src=\"https:\/\/legacy.colt.net\/wp-content\/uploads\/2021\/01\/Impactful-customer-communication.png\" alt=\"How to create a flexible, efficient network using Colt On Demand 2\" itemprop=\"image\" title=\"How to create a flexible, efficient network using Colt On Demand 2\" onerror=\"this.style.display='none'\"  \/>\n<h2>\n\t\tLe sfide di oggi\n\t<\/h2>\n\t<p>Una comunicazione chiara \u00e8 essenziale affinch\u00e9 i vostri dipendenti e collaboratori dispongano delle informazioni di cui hanno bisogno. Tuttavia, non \u00e8 sempre facile trovare la soluzione giusta:<\/p>\n<p><strong>1. Qualit\u00e0 della voce<\/strong><\/p>\n<p>Quando si vuole garantire una customer experience di qualit\u00e0, non \u00e8 accettabile che le chiamate si interrompano o che le connessioni siano instabili. Affinch\u00e9 la vostra organizzazione disponga di una comunicazione efficace, bisogna offrire un servizio voce affidabile di livello business, che garantisca chiamate di alta qualit\u00e0.<\/p>\n<p><strong>2. Provider diversi<\/strong><\/p>\n<p>La fornitura di un servizio veramente globale spesso comporta il ricorso a provider diversi per le varie sedi aziendali, rendendo sempre pi\u00f9 complessa la gestione dei servizi voce.<\/p>\n<p><strong>3. A prova di futuro<\/strong><\/p>\n<p>A causa della continua evoluzione delle tecnologie vocali, non tutti sono pronti a sfruttare anche gli ultimi sviluppi. Ma se non disponete della soluzione pi\u00f9 adeguata per il vostro percorso di migrazione, correte il rischio di non beneficiare appieno dei numerosi vantaggi offerti.<\/p>\n<h2>\n\t\tIl vostro partner di fiducia per soluzioni di comunicazione\n\t<\/h2>\n\t<p>Con Colt potrete accedere ad una rete voce globale pienamente conforme alle normative e in grado di offrire il massimo livello di prestazioni. Agendo come un singolo punto di contatto e contratto e grazie alla nostra presenza globale, Colt \u00e8 in grado di gestire tutte le vostre esigenze a livello vocale, eliminando la necessit\u00e0 di rivolgersi a provider locali, con tutte le complessit\u00e0 che questo implica. Scopri il punto di <a href=\"#More\">vista dei nostri clienti!<\/a><\/p>\n\t<strong>Global voice network<\/strong><br \/>\nLa nostra rete \u00e8 pienamente conforme alle normative ed \u00e8 presente in 26 paesi in quattro continenti\n\t<strong>One-stop-shop<\/strong><br \/>\n\u00c8 difficile lavorare con provider diversi nei vari paesi in cui siete presenti. Per questo Colt pu\u00f2 diventare il vostro unico punto di riferimento per tutte le vostre esigenze globali a livello voce\n\t<strong>Rapido time-to-market<\/strong><br \/>\nReagite con facilit\u00e0 di fronte alle nuove esigenze: \u00e8 possibile aggiungere nuovi numeri di telefono al vostro servizio in soli tre giorni\n<h2>\n\t\tServizi voce in grado di soddisfare le vostre esigenze\n\t<\/h2>\n\t\t\t\t<a href=\"https:\/\/legacy.colt.net\/product\/isdn-voice-services\/\" target=\"_self\" itemprop=\"url\" rel=\"noopener\">\n\t\t\t\t<img loading=\"lazy\" decoding=\"async\" src=\"https:\/\/legacy.colt.net\/wp-content\/uploads\/2021\/01\/ISDN-Voice-300x300.png\" alt=\"ISDN Voice\" itemprop=\"image\" height=\"300\" width=\"300\" title=\"ISDN Voice\" onerror=\"this.style.display='none'\"  \/>\n\t\t\t\t<\/a>\n\t<p>Il nostro prodotto ISDN offre servizi voce di alta qualit\u00e0 in 13 paesi, consentendo una facile transizione verso il SIP Trunking, quando sarete pronti.<\/p>\n\t\t\t<a href=\"https:\/\/legacy.colt.net\/it\/product\/servizi-voce-isdn\/\" target=\"_self\" role=\"button\" rel=\"noopener\">\n\t\t\t\t\t\t\tScopri di pi\u00f9\n\t\t\t\t\t<\/a>\n\t\t\t\t<a href=\"https:\/\/legacy.colt.net\/product\/sip-trunking\/\" target=\"_self\" itemprop=\"url\" rel=\"noopener\">\n\t\t\t\t<img loading=\"lazy\" decoding=\"async\" src=\"https:\/\/legacy.colt.net\/wp-content\/uploads\/2021\/01\/Connected-voice-services-1-300x300.png\" alt=\"Connected-voice-services 1\" itemprop=\"image\" height=\"300\" width=\"300\" title=\"Connected-voice-services 1\" onerror=\"this.style.display='none'\"  \/>\n\t\t\t\t<\/a>\n\t<p>Fate convergere le vostre reti voce e dati senza soluzione di continuit\u00e0 grazie alla nostra presenza globale. Passando al VoIP, beneficerete di un servizio altamente affidabile e pi\u00f9 conveniente.<\/p>\n\t\t\t<a href=\"https:\/\/legacy.colt.net\/it\/product\/sip-trunking\/\" target=\"_self\" role=\"button\" rel=\"noopener\">\n\t\t\t\t\t\t\tScopri di pi\u00f9\n\t\t\t\t\t<\/a>\n\t\t\t\t<a href=\"https:\/\/legacy.colt.net\/product\/intelligent-communications\/\" target=\"_self\" itemprop=\"url\" rel=\"noopener\">\n\t\t\t\t<img loading=\"lazy\" decoding=\"async\" src=\"https:\/\/legacy.colt.net\/wp-content\/uploads\/2021\/01\/Intelligent-Communications-300x300.png\" alt=\"cost\" itemprop=\"image\" height=\"300\" width=\"300\" title=\"Intelligent Communications\" onerror=\"this.style.display='none'\"  \/>\n\t\t\t\t<\/a>\n\t<p>Migliora la collaborazione unendo le applicazioni di produttivit\u00e0 con Microsoft Office 365 e i servizi voce di livello business nel cloud.<\/p>\n\t\t\t<a href=\"https:\/\/legacy.colt.net\/it\/product\/colt-intelligent-communications\/\" target=\"_self\" role=\"button\" rel=\"noopener\">\n\t\t\t\t\t\t\tScopri di pi\u00f9\n\t\t\t\t\t<\/a>\n<h2>\n\t\tParla con uno specialista dei servizi voce\n\t<\/h2>\n\t<p>La nostra rete globale vi offre la flessibilit\u00e0 necessaria per collegare i vostri servizi voce senza soluzione di continuit\u00e0.<\/p>\n<p>Rivolgiti oggi stesso al nostro team dedicato ai servizi voce per creare la soluzione giusta per la tua azienda.<\/p>\n<p>Per altre modalit\u00e0 di contatto, rivolgiti al nostro <a href=\"https:\/\/legacy.colt.net\/it\/contact-us\/\">contact centre<\/a>.<\/p>\n\t[hubspot type=form portal=344164 id=e6dee59e-6810-41dc-b9e5-7f5aa9e33c01]\n<h2>\n\t\tVuoi saperne di pi\u00f9?\n\t<\/h2>\n\t<strong>Clienti<\/strong><br \/>\nColt aiuta Optimizer a vincere appalti pubblici per i servizi cloud. <a href=\"https:\/\/legacy.colt.net\/it\/resources\/optimizer\/\">Scopri di pi\u00f9&#8230;<\/a>\n\t<strong>Clienti<br \/>\n<\/strong>Farfetch mette la moda di lusso a disposizione dei clienti di tutto il mondo con i servizi di connettivit\u00e0 multi-cloud di Colt <a href=\"https:\/\/legacy.colt.net\/it\/resources\/farfetch\/\">Scopri di pi\u00f9&#8230;<\/a>\n\t<strong> Blog<br \/>\n<\/strong>3 aspetti da considerare prima di scegliere la propria soluzione voce globale. <a href=\"https:\/\/legacy.colt.net\/it\/resources\/tre-aspetti-da-considerare-quando-si-sceglie-un-servizio-voce-globale\/\">Scopri di pi\u00f9&#8230;.<\/a>\n\t<strong>Servizi voce<br \/>\n<\/strong>Colt dispone di un ampio portafoglio di linee telefoniche e sistemi aziendali con un&#8217;ampia copertura internazionale ora estesa a 29 paesi. <a href=\"https:\/\/legacy.colt.net\/it\/voice\/\">Scopri di pi\u00f9&#8230;.<\/a>\n\t<strong>Clienti<br \/>\n<\/strong>Con Colt, Mazars garantisce alti standard di qualit\u00e0 e continuit\u00e0. <a href=\"https:\/\/legacy.colt.net\/it\/resources\/caso-di-successo-mazars\/\">Scopri di pi\u00f9&#8230;<\/a>\n\t<strong>A proposito di Colt<br \/>\n<\/strong>Scopri di pi\u00f9 su chi siamo e cosa facciamo. <a href=\"https:\/\/legacy.colt.net\/it\/what-we-do\/\">Scopri di pi\u00f9&#8230;<\/a>\n\n","protected":false},"excerpt":{"rendered":"<p>Comunicazione aziendale efficace Una comunicazione chiara \u00e8 un aspetto fondamentale di qualsiasi organizzazione Le sfide di oggi Una comunicazione chiara \u00e8 essenziale affinch\u00e9 i vostri dipendenti e collaboratori dispongano delle informazioni di cui hanno bisogno. Tuttavia, non \u00e8 sempre facile trovare la soluzione giusta: 1. Qualit\u00e0 della voce Quando si vuole garantire una customer experience&#8230;<\/p>\n","protected":false},"author":2,"featured_media":0,"parent":91827,"menu_order":0,"comment_status":"closed","ping_status":"closed","template":"","meta":{"_acf_changed":false,"footnotes":""},"colt_type":[],"colt_products":[],"class_list":["post-90539","page","type-page","status-publish","hentry"],"acf":[],"yoast_head":"<!-- This site is optimized with the Yoast SEO plugin v26.8 - https:\/\/yoast.com\/product\/yoast-seo-wordpress\/ -->\n<title>Comunicazione aziendale d\u2019impatto - Colt Technology Services<\/title>\n<meta name=\"description\" content=\"Una comunicazione chiara \u00e8 essenziale affinch\u00e9 i vostri dipendenti e collaboratori dispongano delle informazioni di cui hanno bisogno.\" \/>\n<meta name=\"robots\" content=\"noindex, follow, max-snippet:-1, max-image-preview:large, max-video-preview:-1\" \/>\n<meta property=\"og:locale\" content=\"it_IT\" \/>\n<meta property=\"og:type\" content=\"article\" \/>\n<meta property=\"og:title\" content=\"Comunicazione aziendale d\u2019impatto - Colt Technology Services\" \/>\n<meta property=\"og:description\" content=\"Una comunicazione chiara \u00e8 essenziale affinch\u00e9 i vostri dipendenti e collaboratori dispongano delle informazioni di cui hanno bisogno.\" \/>\n<meta property=\"og:url\" content=\"https:\/\/legacy.colt.net\/it\/solutions\/voice\/\" \/>\n<meta property=\"og:site_name\" content=\"Colt Technology Services\" \/>\n<meta property=\"article:publisher\" content=\"https:\/\/www.facebook.com\/ColtTechnologyServices\/\" \/>\n<meta property=\"article:modified_time\" content=\"2022-09-02T09:13:17+00:00\" \/>\n<meta property=\"og:image\" content=\"https:\/\/legacy.colt.net\/wp-content\/uploads\/2021\/01\/Brand-2021-Stock-44.jpg\" \/>\n\t<meta property=\"og:image:width\" content=\"1000\" \/>\n\t<meta property=\"og:image:height\" content=\"667\" \/>\n\t<meta property=\"og:image:type\" content=\"image\/jpeg\" \/>\n<meta name=\"twitter:card\" content=\"summary_large_image\" \/>\n<meta name=\"twitter:site\" content=\"@colt_technology\" \/>\n<meta name=\"twitter:label1\" content=\"Est. reading time\" \/>\n\t<meta name=\"twitter:data1\" content=\"3 minutes\" \/>\n<script type=\"application\/ld+json\" class=\"yoast-schema-graph\">{\"@context\":\"https:\/\/schema.org\",\"@graph\":[{\"@type\":\"WebPage\",\"@id\":\"https:\/\/legacy.colt.net\/it\/solutions\/voice\/\",\"url\":\"https:\/\/legacy.colt.net\/it\/solutions\/voice\/\",\"name\":\"Comunicazione aziendale d\u2019impatto - Colt Technology Services\",\"isPartOf\":{\"@id\":\"https:\/\/legacy.colt.net\/#website\"},\"primaryImageOfPage\":{\"@id\":\"https:\/\/legacy.colt.net\/it\/solutions\/voice\/#primaryimage\"},\"image\":{\"@id\":\"https:\/\/legacy.colt.net\/it\/solutions\/voice\/#primaryimage\"},\"thumbnailUrl\":\"https:\/\/legacy.colt.net\/wp-content\/uploads\/2021\/01\/Impactful-customer-communication.png\",\"datePublished\":\"2021-01-09T09:11:58+00:00\",\"dateModified\":\"2022-09-02T09:13:17+00:00\",\"description\":\"Una comunicazione chiara \u00e8 essenziale affinch\u00e9 i vostri dipendenti e collaboratori dispongano delle informazioni di cui hanno bisogno.\",\"breadcrumb\":{\"@id\":\"https:\/\/legacy.colt.net\/it\/solutions\/voice\/#breadcrumb\"},\"inLanguage\":\"it-IT\",\"potentialAction\":[{\"@type\":\"ReadAction\",\"target\":[\"https:\/\/legacy.colt.net\/it\/solutions\/voice\/\"]}]},{\"@type\":\"ImageObject\",\"inLanguage\":\"it-IT\",\"@id\":\"https:\/\/legacy.colt.net\/it\/solutions\/voice\/#primaryimage\",\"url\":\"https:\/\/legacy.colt.net\/wp-content\/uploads\/2021\/01\/Impactful-customer-communication.png\",\"contentUrl\":\"https:\/\/legacy.colt.net\/wp-content\/uploads\/2021\/01\/Impactful-customer-communication.png\"},{\"@type\":\"BreadcrumbList\",\"@id\":\"https:\/\/legacy.colt.net\/it\/solutions\/voice\/#breadcrumb\",\"itemListElement\":[{\"@type\":\"ListItem\",\"position\":1,\"name\":\"Home\",\"item\":\"https:\/\/legacy.colt.net\/it\/\"},{\"@type\":\"ListItem\",\"position\":2,\"name\":\"Solutions\",\"item\":\"https:\/\/legacy.colt.net\/it\/solutions\/\"},{\"@type\":\"ListItem\",\"position\":3,\"name\":\"Comunicazione aziendale d\u2019impatto\"}]},{\"@type\":\"WebSite\",\"@id\":\"https:\/\/legacy.colt.net\/#website\",\"url\":\"https:\/\/legacy.colt.net\/\",\"name\":\"Colt\u30c6\u30af\u30ce\u30ed\u30b8\u30fc\u30b5\u30fc\u30d3\u30b9\u682a\u5f0f\u4f1a\u793e\",\"description\":\"Managed Network &amp; Voice Services Provider\",\"publisher\":{\"@id\":\"https:\/\/legacy.colt.net\/#organization\"},\"potentialAction\":[{\"@type\":\"SearchAction\",\"target\":{\"@type\":\"EntryPoint\",\"urlTemplate\":\"https:\/\/legacy.colt.net\/?s={search_term_string}\"},\"query-input\":{\"@type\":\"PropertyValueSpecification\",\"valueRequired\":true,\"valueName\":\"search_term_string\"}}],\"inLanguage\":\"it-IT\"},{\"@type\":\"Organization\",\"@id\":\"https:\/\/legacy.colt.net\/#organization\",\"name\":\"Colt Technology Services\",\"url\":\"https:\/\/legacy.colt.net\/\",\"logo\":{\"@type\":\"ImageObject\",\"inLanguage\":\"it-IT\",\"@id\":\"https:\/\/legacy.colt.net\/#\/schema\/logo\/image\/\",\"url\":\"https:\/\/legacy.colt.net\/wp-content\/uploads\/2019\/02\/Colt-Logo.png\",\"contentUrl\":\"https:\/\/legacy.colt.net\/wp-content\/uploads\/2019\/02\/Colt-Logo.png\",\"width\":195,\"height\":77,\"caption\":\"Colt Technology Services\"},\"image\":{\"@id\":\"https:\/\/legacy.colt.net\/#\/schema\/logo\/image\/\"},\"sameAs\":[\"https:\/\/www.facebook.com\/ColtTechnologyServices\/\",\"https:\/\/x.com\/colt_technology\",\"https:\/\/www.instagram.com\/colttechnologyservices\/\",\"https:\/\/www.linkedin.com\/company\/colt-technology-services\",\"https:\/\/www.youtube.com\/user\/ColtTechnology\"]}]}<\/script>\n<!-- \/ Yoast SEO plugin. -->","yoast_head_json":{"title":"Comunicazione aziendale d\u2019impatto - Colt Technology Services","description":"Una comunicazione chiara \u00e8 essenziale affinch\u00e9 i vostri dipendenti e collaboratori dispongano delle informazioni di cui hanno bisogno.","robots":{"index":"noindex","follow":"follow","max-snippet":"max-snippet:-1","max-image-preview":"max-image-preview:large","max-video-preview":"max-video-preview:-1"},"og_locale":"it_IT","og_type":"article","og_title":"Comunicazione aziendale d\u2019impatto - Colt Technology Services","og_description":"Una comunicazione chiara \u00e8 essenziale affinch\u00e9 i vostri dipendenti e collaboratori dispongano delle informazioni di cui hanno bisogno.","og_url":"https:\/\/legacy.colt.net\/it\/solutions\/voice\/","og_site_name":"Colt Technology Services","article_publisher":"https:\/\/www.facebook.com\/ColtTechnologyServices\/","article_modified_time":"2022-09-02T09:13:17+00:00","og_image":[{"width":1000,"height":667,"url":"https:\/\/legacy.colt.net\/wp-content\/uploads\/2021\/01\/Brand-2021-Stock-44.jpg","type":"image\/jpeg"}],"twitter_card":"summary_large_image","twitter_site":"@colt_technology","twitter_misc":{"Est. reading time":"3 minutes"},"schema":{"@context":"https:\/\/schema.org","@graph":[{"@type":"WebPage","@id":"https:\/\/legacy.colt.net\/it\/solutions\/voice\/","url":"https:\/\/legacy.colt.net\/it\/solutions\/voice\/","name":"Comunicazione aziendale d\u2019impatto - Colt Technology Services","isPartOf":{"@id":"https:\/\/legacy.colt.net\/#website"},"primaryImageOfPage":{"@id":"https:\/\/legacy.colt.net\/it\/solutions\/voice\/#primaryimage"},"image":{"@id":"https:\/\/legacy.colt.net\/it\/solutions\/voice\/#primaryimage"},"thumbnailUrl":"https:\/\/legacy.colt.net\/wp-content\/uploads\/2021\/01\/Impactful-customer-communication.png","datePublished":"2021-01-09T09:11:58+00:00","dateModified":"2022-09-02T09:13:17+00:00","description":"Una comunicazione chiara \u00e8 essenziale affinch\u00e9 i vostri dipendenti e collaboratori dispongano delle informazioni di cui hanno bisogno.","breadcrumb":{"@id":"https:\/\/legacy.colt.net\/it\/solutions\/voice\/#breadcrumb"},"inLanguage":"it-IT","potentialAction":[{"@type":"ReadAction","target":["https:\/\/legacy.colt.net\/it\/solutions\/voice\/"]}]},{"@type":"ImageObject","inLanguage":"it-IT","@id":"https:\/\/legacy.colt.net\/it\/solutions\/voice\/#primaryimage","url":"https:\/\/legacy.colt.net\/wp-content\/uploads\/2021\/01\/Impactful-customer-communication.png","contentUrl":"https:\/\/legacy.colt.net\/wp-content\/uploads\/2021\/01\/Impactful-customer-communication.png"},{"@type":"BreadcrumbList","@id":"https:\/\/legacy.colt.net\/it\/solutions\/voice\/#breadcrumb","itemListElement":[{"@type":"ListItem","position":1,"name":"Home","item":"https:\/\/legacy.colt.net\/it\/"},{"@type":"ListItem","position":2,"name":"Solutions","item":"https:\/\/legacy.colt.net\/it\/solutions\/"},{"@type":"ListItem","position":3,"name":"Comunicazione aziendale d\u2019impatto"}]},{"@type":"WebSite","@id":"https:\/\/legacy.colt.net\/#website","url":"https:\/\/legacy.colt.net\/","name":"Colt\u30c6\u30af\u30ce\u30ed\u30b8\u30fc\u30b5\u30fc\u30d3\u30b9\u682a\u5f0f\u4f1a\u793e","description":"Managed Network &amp; Voice Services Provider","publisher":{"@id":"https:\/\/legacy.colt.net\/#organization"},"potentialAction":[{"@type":"SearchAction","target":{"@type":"EntryPoint","urlTemplate":"https:\/\/legacy.colt.net\/?s={search_term_string}"},"query-input":{"@type":"PropertyValueSpecification","valueRequired":true,"valueName":"search_term_string"}}],"inLanguage":"it-IT"},{"@type":"Organization","@id":"https:\/\/legacy.colt.net\/#organization","name":"Colt Technology Services","url":"https:\/\/legacy.colt.net\/","logo":{"@type":"ImageObject","inLanguage":"it-IT","@id":"https:\/\/legacy.colt.net\/#\/schema\/logo\/image\/","url":"https:\/\/legacy.colt.net\/wp-content\/uploads\/2019\/02\/Colt-Logo.png","contentUrl":"https:\/\/legacy.colt.net\/wp-content\/uploads\/2019\/02\/Colt-Logo.png","width":195,"height":77,"caption":"Colt Technology Services"},"image":{"@id":"https:\/\/legacy.colt.net\/#\/schema\/logo\/image\/"},"sameAs":["https:\/\/www.facebook.com\/ColtTechnologyServices\/","https:\/\/x.com\/colt_technology","https:\/\/www.instagram.com\/colttechnologyservices\/","https:\/\/www.linkedin.com\/company\/colt-technology-services","https:\/\/www.youtube.com\/user\/ColtTechnology"]}]}},"_links":{"self":[{"href":"https:\/\/legacy.colt.net\/it\/wp-json\/wp\/v2\/pages\/90539","targetHints":{"allow":["GET"]}}],"collection":[{"href":"https:\/\/legacy.colt.net\/it\/wp-json\/wp\/v2\/pages"}],"about":[{"href":"https:\/\/legacy.colt.net\/it\/wp-json\/wp\/v2\/types\/page"}],"author":[{"embeddable":true,"href":"https:\/\/legacy.colt.net\/it\/wp-json\/wp\/v2\/users\/2"}],"replies":[{"embeddable":true,"href":"https:\/\/legacy.colt.net\/it\/wp-json\/wp\/v2\/comments?post=90539"}],"version-history":[{"count":0,"href":"https:\/\/legacy.colt.net\/it\/wp-json\/wp\/v2\/pages\/90539\/revisions"}],"up":[{"embeddable":true,"href":"https:\/\/legacy.colt.net\/it\/wp-json\/wp\/v2\/pages\/91827"}],"wp:attachment":[{"href":"https:\/\/legacy.colt.net\/it\/wp-json\/wp\/v2\/media?parent=90539"}],"wp:term":[{"taxonomy":"colt_type","embeddable":true,"href":"https:\/\/legacy.colt.net\/it\/wp-json\/wp\/v2\/colt_type?post=90539"},{"taxonomy":"colt_products","embeddable":true,"href":"https:\/\/legacy.colt.net\/it\/wp-json\/wp\/v2\/colt_products?post=90539"}],"curies":[{"name":"wp","href":"https:\/\/api.w.org\/{rel}","templated":true}]}}