{"id":90534,"date":"2021-01-09T09:11:10","date_gmt":"2021-01-09T09:11:10","guid":{"rendered":"https:\/\/www.colt.net\/core-network\/"},"modified":"2022-09-02T10:48:42","modified_gmt":"2022-09-02T09:48:42","slug":"core-network","status":"publish","type":"page","link":"https:\/\/legacy.colt.net\/it\/solutions\/core-network\/","title":{"rendered":"Costruisci il tuo backbone"},"content":{"rendered":"\n<h1>\n\t\tCostruisci il tuo backbone\n\t<\/h1>\n<h2>\n\t\tProva una connettivit\u00e0 sicura, dalle prestazioni elevate e a banda larga\n\t<\/h2>\n\t<nav class=\"breadcrumb\"><span><span><a href=\"https:\/\/legacy.colt.net\/it\/\">Home<\/a><\/span><\/span><\/nav>\n\t\t\t\t<img loading=\"lazy\" decoding=\"async\" src=\"https:\/\/legacy.colt.net\/wp-content\/uploads\/2022\/05\/Building-your-core-network.png\" alt=\"Building-your-core-network\" itemprop=\"image\" height=\"1125\" width=\"1000\" title=\"Building-your-core-network\" onerror=\"this.style.display='none'\"  \/>\n<h2>\n\t\tLe sfide di oggi\n\t<\/h2>\n\t<p>Con la diffusione del cloud e volumi di dati che aumentano ogni giorno in maniera esponenziale, la qualit\u00e0 e la copertura del vostro backbone ad alta capacit\u00e0 sono pi\u00f9 importanti che mai, per voi e per i vostri clienti. Perch\u00e9?<\/p>\n\t\t\t<h4>1. La richiesta di larghezza di banda continua a crescere rapidamente in tutte le aree geografiche<\/h4>\t\t\t\n\t\t\t\t<p>Secondo un <a title=\"Original URL: https:\/\/www.equinix.co.uk\/gxi-report\/. Click or tap if you trust this link.\" href=\"https:\/\/www.equinix.co.uk\/gxi-report\/\" target=\"_blank\" rel=\"noopener noreferrer\" data-auth=\"Verified\">recente report di Equinix<\/a>, si prevede che, entro il 2023, la sola larghezza di banda per l&#8217;interconnessione globale crescer\u00e0 con un CAGR del 45%, che si tradurr\u00e0 in oltre 16.300 terabit al secondo (Tbps).<\/p>\n\t\t\t<h4>2. L&#8217;accesso a un backbone sicuro e dalle prestazioni elevate \u00e8 ormai imprescindibile per soddisfare le esigenze dei clienti<\/h4>\t\t\t\n\t\t\t\t<p>Si prevede che, entro il 2023, le aziende dovranno aumentare <a href=\"https:\/\/www.equinix.co.uk\/gxi-report\/\">del 50% la larghezza<\/a> di banda dell&#8217;interconnessione e quindi i wholesaler devono agire sin da ora per riuscire a soddisfare questa esigenza.<\/p>\n<h2>\n\t\tUna connettivit\u00e0 che mantiene le promesse\n\t<\/h2>\n\t<p>Ci\u00f2 che vi serve \u00e8 un partner di connettivit\u00e0 che fornisca servizi ovunque richiesti, che garantisca visibilit\u00e0, un servizio end-to-end e una maggiore sicurezza proprio dove serve.<\/p>\n<p>Sia che vogliate trasportare grandi volumi di dati tra i vostri data centre principali o che abbiate bisogno di una connettivit\u00e0 dedicata ad elevata larghezza di banda, ci\u00f2 che vi serve \u00e8 un partner su cui poter contare in ogni istante, ogni giorno, sempre.<\/p>\n<p>Le vostre sfide sono le nostre sfide. Con quasi 30 anni di esperienza, non stiamo investendo solo nella nostra rete, ma anche nei servizi e nel supporto che la accompagnano, per andare sempre oltre le vostre aspettative.<\/p>\n<p>Non basarti solo su quello che diciamo noi, scopri il punto di <a href=\"#More\">vista dei nostri clienti.<\/a><\/p>\n\t\t\t\t<img loading=\"lazy\" decoding=\"async\" src=\"https:\/\/legacy.colt.net\/wp-content\/uploads\/2021\/09\/Image-2-e1638211539828.png\" alt=\"Image 2\" itemprop=\"image\" height=\"900\" width=\"800\" title=\"Image 2\" onerror=\"this.style.display='none'\"  \/>\n<h2>\n\t\tIl vostro partner di fiducia nella realizzazione di una rete core\n\t<\/h2>\n\t<p>Colt \u00e8 il partner ideale per la tua organizzazione per realizzare il vostro backbone ad alta capacit\u00e0 e offrire la migliore esperienza per voi e per i vostri clienti<\/p>\n\t<strong>Customer first<\/strong><br \/>\nIl punteggio NPS di Colt \u00e8 il pi\u00f9 alto nel settore e sottolinea il nostro approccio &#8220;customer first&#8221;, che ci permette di offrirvi un&#8217;esperienza affidabile e senza sorprese.\n\t<strong>User experience (UX)<\/strong><br \/>\nI portali per i clienti Colt sono interattivi e danno piena visibilit\u00e0 e controllo sulla rete, permettendo di aumentare o diminuire la larghezza di banda, in pochi minuti.\n\t<strong>Innovazione<\/strong><br \/>\nColt \u00e8 un leader riconosciuto nelle soluzioni SDN\/NFV e offre una customer experience senza paragoni grazie alle tecnologie di AI e machine learning.\n<h2>\n\t\tRisolvi le tue esigenze di rete aziendale\n\t<\/h2>\n\t\t\t\t<a href=\"https:\/\/legacy.colt.net\/product\/isdn-voice-services\/\" target=\"_self\" itemprop=\"url\" rel=\"noopener\">\n\t\t\t\t<img loading=\"lazy\" decoding=\"async\" src=\"https:\/\/legacy.colt.net\/wp-content\/uploads\/2021\/01\/ISDN-Voice.png\" alt=\"ISDN Voice\" itemprop=\"image\" height=\"800\" width=\"800\" title=\"ISDN Voice\" onerror=\"this.style.display='none'\"  \/>\n\t\t\t\t<\/a>\n\t<p>Collega le sedi metropolitane, nazionali e internazionali della tua azienda in modo facile, sicuro e conveniente<\/p>\n\t\t\t\t<a href=\"https:\/\/legacy.colt.net\/product\/sip-trunking\/\" target=\"_self\" itemprop=\"url\" rel=\"noopener\">\n\t\t\t\t<img loading=\"lazy\" decoding=\"async\" src=\"https:\/\/legacy.colt.net\/wp-content\/uploads\/2021\/01\/Connected-voice-services-1.png\" alt=\"Connected-voice-services 1\" itemprop=\"image\" height=\"500\" width=\"500\" title=\"Connected-voice-services 1\" onerror=\"this.style.display='none'\"  \/>\n\t\t\t\t<\/a>\n\t<p>Accesso a una connettivit\u00e0 ad alte prestazioni completamente gestita, con velocit\u00e0 fino a 100G e il massimo della sicurezza e dell&#8217;affidabilit\u00e0<\/p>\n\t\t\t\t<a href=\"https:\/\/legacy.colt.net\/product\/intelligent-communications\/\" target=\"_self\" itemprop=\"url\" rel=\"noopener\">\n\t\t\t\t<img loading=\"lazy\" decoding=\"async\" src=\"https:\/\/legacy.colt.net\/wp-content\/uploads\/2021\/01\/Intelligent-Communications.png\" alt=\"cost\" itemprop=\"image\" height=\"800\" width=\"800\" title=\"Intelligent Communications\" onerror=\"this.style.display='none'\"  \/>\n\t\t\t\t<\/a>\n\t<p>Realizza il sistema a linea aperta (OLS) ad alta capacit\u00e0 pi\u00f9 adatto alla tua azienda, con capex ridotto e senza sacrificare le prestazioni di rete<\/p>\n\t\t\t\t<a href=\"https:\/\/legacy.colt.net\/product\/intelligent-communications\/\" target=\"_self\" itemprop=\"url\" rel=\"noopener\">\n\t\t\t\t<img loading=\"lazy\" decoding=\"async\" src=\"https:\/\/legacy.colt.net\/wp-content\/uploads\/2021\/01\/Dark-Fibre.png\" alt=\"Dark Fibre\" itemprop=\"image\" height=\"800\" width=\"800\" title=\"Dark Fibre\" onerror=\"this.style.display='none'\"  \/>\n\t\t\t\t<\/a>\n\t<p>Realizza e assumi il comando del backbone dedicato e ad alta capacit\u00e0 della tua azienda con il massimo controllo e flessibilit\u00e0<\/p>\n\t\t\t<a href=\"https:\/\/legacy.colt.net\/it\/product\/servizi-voce-isdn\/\" target=\"_self\" role=\"button\" rel=\"noopener\">\n\t\t\t\t\t\t\tScopri di pi\u00f9\n\t\t\t\t\t<\/a>\n\t\t\t<a href=\"https:\/\/legacy.colt.net\/it\/product\/sip-trunking\/\" target=\"_self\" role=\"button\" rel=\"noopener\">\n\t\t\t\t\t\t\tScopri di pi\u00f9\n\t\t\t\t\t<\/a>\n\t\t\t<a href=\"https:\/\/legacy.colt.net\/it\/product\/colt-intelligent-communications\/\" target=\"_self\" role=\"button\" rel=\"noopener\">\n\t\t\t\t\t\t\tScopri di pi\u00f9\n\t\t\t\t\t<\/a>\n\t\t\t<a href=\"https:\/\/legacy.colt.net\/it\/product\/dark-fibre\" target=\"_self\" role=\"button\" rel=\"noopener\">\n\t\t\t\t\t\t\tScopri di pi\u00f9\n\t\t\t\t\t<\/a>\n<h2>\n\t\tColt IQ Network: un backbone affidabile e intelligente\n\t<\/h2>\n\t<p>Le nostre soluzioni di connettivit\u00e0 cloud si basano sulla nostra rete intelligente, la Colt IQ Network: la rete migliore per la migliore cloud experience. Accesso diretto agli edifici aziendali e ai principali data centre in Europa, Asia-Pacifico e Nord America.<\/p>\n\t\t\t<a href=\"https:\/\/legacy.colt.net\/it\/colt-network-map\/\" target=\"_blank\" role=\"button\" rel=\"noopener\">\n\t\t\t\t\t\t Controlla la tua connettivit\u00e0\n\t\t\t\t\t<\/a>\n<h2>\n\t\tParla con un esperto di rete\n\t<\/h2>\n\t<p>I nostri pluripremiati servizi di connettivit\u00e0 vi danno la possibilit\u00e0 di interconnettere la vostra azienda senza soluzione di continuit\u00e0, per reagire pi\u00f9 tempestivamente di fronte alle nuove sfide e cogliere qualsiasi opportunit\u00e0.<\/p>\n<p>Qualunque siano le vostre sfide o esigenze, lascia che siano i nostri esperti ad accompagnarvi nel vostro percorso di connettivit\u00e0.<\/p>\n<p>Per altre modalit\u00e0 di contatto, rivolgiti al nostro <a href=\"https:\/\/legacy.colt.net\/it\/contact-us\/\">contact centre<\/a>.<\/p>\n\t[hubspot type=form portal=344164 id=e6dee59e-6810-41dc-b9e5-7f5aa9e33c01]\n<h2>\n\t\tVuoi saperne di pi\u00f9?\n\t<\/h2>\n\t<strong>Clienti<br \/>\n<\/strong>Colt aiuta Optimizer a vincere appalti pubblici per i servizi cloud <a href=\"https:\/\/legacy.colt.net\/it\/resources\/optimizer\/\">Scopri di pi\u00f9&#8230;<\/a>\n\t<strong>Scarica il whitepaper<br \/>\n<\/strong>Le difficolt\u00e0 e l&#8217;imprevedibilit\u00e0 del 2020 hanno costretto le aziende di tutto il mondo a rivedere le loro priorit\u00e0 IT e a concentrare gli investimenti su quello che conta davvero <a href=\"https:\/\/legacy.colt.net\/it\/resources\/planning-for-an-sd-wan-future\/\">Scopri di pi\u00f9&#8230;<\/a>\n\t<strong>Clienti<br \/>\n<\/strong>Sin dalla sua fondazione nel 1910, Hitachi, Ltd. ha lavorato per affrontare sfide sociali in continua evoluzione, in linea con la mission aziendale di contribuire alla societ\u00e0 sviluppando le tecnologie e i prodotti unici di Hitachi. <a href=\"https:\/\/legacy.colt.net\/it\/resources\/hitachi-ltd\/\">Scopri di pi\u00f9&#8230;<\/a>\n\t<strong>La nostra rete<br \/>\n<\/strong>I nostri servizi di rete globale sono forniti sulla nostra rete altamente disponibile e sicura che si estende su quattro continenti con infrastrutture di propriet\u00e0 di Colt in 32 paesi.<a href=\"https:\/\/legacy.colt.net\/it\/global-network\/\">Scopri di pi\u00f9&#8230;<\/a>\n\t<strong>News<br \/>\n<\/strong>Packetfabric espande i servizi SDN in Europa tramite il servizio Colt On Demand <a href=\"https:\/\/legacy.colt.net\/it\/resources\/packetfabric-espande-i-servizi-sdn-in-europa-tramite-il-servizio-colt-on-demand\/\">Scopri di pi\u00f9&#8230;<\/a>\n\t<strong>Clienti<\/strong><br \/>\nAzienda innovativa gestisce fiumi di dati IoT grazie a una soluzione Colt Private Wave gestita <a href=\"https:\/\/legacy.colt.net\/it\/resources\/anonymous-multinational-engineering-company\/\">Scopri di pi\u00f9&#8230;<\/a>\n\n","protected":false},"excerpt":{"rendered":"<p>Costruisci il tuo backbone Prova una connettivit\u00e0 sicura, dalle prestazioni elevate e a banda larga Le sfide di oggi Con la diffusione del cloud e volumi di dati che aumentano ogni giorno in maniera esponenziale, la qualit\u00e0 e la copertura del vostro backbone ad alta capacit\u00e0 sono pi\u00f9 importanti che mai, per voi e per&#8230;<\/p>\n","protected":false},"author":2,"featured_media":0,"parent":91827,"menu_order":0,"comment_status":"closed","ping_status":"closed","template":"","meta":{"_acf_changed":false,"footnotes":""},"colt_type":[],"colt_products":[],"class_list":["post-90534","page","type-page","status-publish","hentry"],"acf":[],"yoast_head":"<!-- This site is optimized with the Yoast SEO plugin v26.8 - https:\/\/yoast.com\/product\/yoast-seo-wordpress\/ -->\n<title>Costruisci il tuo backbone - Colt Technology Services<\/title>\n<meta name=\"description\" content=\"La qualit\u00e0 e la copertura del vostro backbone ad alta capacit\u00e0 sono pi\u00f9 importanti che mai, per voi e per i vostri clienti.\" \/>\n<meta name=\"robots\" content=\"noindex, follow, max-snippet:-1, max-image-preview:large, max-video-preview:-1\" \/>\n<meta property=\"og:locale\" content=\"it_IT\" \/>\n<meta property=\"og:type\" content=\"article\" \/>\n<meta property=\"og:title\" content=\"Costruisci il tuo backbone - Colt Technology Services\" \/>\n<meta property=\"og:description\" content=\"La qualit\u00e0 e la copertura del vostro backbone ad alta capacit\u00e0 sono pi\u00f9 importanti che mai, per voi e per i vostri clienti.\" \/>\n<meta property=\"og:url\" content=\"https:\/\/legacy.colt.net\/it\/solutions\/core-network\/\" \/>\n<meta property=\"og:site_name\" content=\"Colt Technology Services\" \/>\n<meta property=\"article:publisher\" content=\"https:\/\/www.facebook.com\/ColtTechnologyServices\/\" \/>\n<meta property=\"article:modified_time\" content=\"2022-09-02T09:48:42+00:00\" \/>\n<meta property=\"og:image\" content=\"https:\/\/legacy.colt.net\/wp-content\/uploads\/2021\/01\/Brand-2021-Stock-39.jpg\" \/>\n\t<meta property=\"og:image:width\" content=\"1000\" \/>\n\t<meta property=\"og:image:height\" content=\"667\" \/>\n\t<meta property=\"og:image:type\" content=\"image\/jpeg\" \/>\n<meta name=\"twitter:card\" content=\"summary_large_image\" \/>\n<meta name=\"twitter:site\" content=\"@colt_technology\" \/>\n<meta name=\"twitter:label1\" content=\"Est. reading time\" \/>\n\t<meta name=\"twitter:data1\" content=\"4 minutes\" \/>\n<script type=\"application\/ld+json\" class=\"yoast-schema-graph\">{\"@context\":\"https:\/\/schema.org\",\"@graph\":[{\"@type\":\"WebPage\",\"@id\":\"https:\/\/legacy.colt.net\/it\/solutions\/core-network\/\",\"url\":\"https:\/\/legacy.colt.net\/it\/solutions\/core-network\/\",\"name\":\"Costruisci il tuo backbone - Colt Technology Services\",\"isPartOf\":{\"@id\":\"https:\/\/legacy.colt.net\/#website\"},\"primaryImageOfPage\":{\"@id\":\"https:\/\/legacy.colt.net\/it\/solutions\/core-network\/#primaryimage\"},\"image\":{\"@id\":\"https:\/\/legacy.colt.net\/it\/solutions\/core-network\/#primaryimage\"},\"thumbnailUrl\":\"https:\/\/legacy.colt.net\/wp-content\/uploads\/2022\/05\/Building-your-core-network.png\",\"datePublished\":\"2021-01-09T09:11:10+00:00\",\"dateModified\":\"2022-09-02T09:48:42+00:00\",\"description\":\"La qualit\u00e0 e la copertura del vostro backbone ad alta capacit\u00e0 sono pi\u00f9 importanti che mai, per voi e per i vostri clienti.\",\"breadcrumb\":{\"@id\":\"https:\/\/legacy.colt.net\/it\/solutions\/core-network\/#breadcrumb\"},\"inLanguage\":\"it-IT\",\"potentialAction\":[{\"@type\":\"ReadAction\",\"target\":[\"https:\/\/legacy.colt.net\/it\/solutions\/core-network\/\"]}]},{\"@type\":\"ImageObject\",\"inLanguage\":\"it-IT\",\"@id\":\"https:\/\/legacy.colt.net\/it\/solutions\/core-network\/#primaryimage\",\"url\":\"https:\/\/legacy.colt.net\/wp-content\/uploads\/2022\/05\/Building-your-core-network.png\",\"contentUrl\":\"https:\/\/legacy.colt.net\/wp-content\/uploads\/2022\/05\/Building-your-core-network.png\"},{\"@type\":\"BreadcrumbList\",\"@id\":\"https:\/\/legacy.colt.net\/it\/solutions\/core-network\/#breadcrumb\",\"itemListElement\":[{\"@type\":\"ListItem\",\"position\":1,\"name\":\"Home\",\"item\":\"https:\/\/legacy.colt.net\/it\/\"},{\"@type\":\"ListItem\",\"position\":2,\"name\":\"Solutions\",\"item\":\"https:\/\/legacy.colt.net\/it\/solutions\/\"},{\"@type\":\"ListItem\",\"position\":3,\"name\":\"Costruisci il tuo backbone\"}]},{\"@type\":\"WebSite\",\"@id\":\"https:\/\/legacy.colt.net\/#website\",\"url\":\"https:\/\/legacy.colt.net\/\",\"name\":\"Colt\u30c6\u30af\u30ce\u30ed\u30b8\u30fc\u30b5\u30fc\u30d3\u30b9\u682a\u5f0f\u4f1a\u793e\",\"description\":\"Managed Network &amp; Voice Services Provider\",\"publisher\":{\"@id\":\"https:\/\/legacy.colt.net\/#organization\"},\"potentialAction\":[{\"@type\":\"SearchAction\",\"target\":{\"@type\":\"EntryPoint\",\"urlTemplate\":\"https:\/\/legacy.colt.net\/?s={search_term_string}\"},\"query-input\":{\"@type\":\"PropertyValueSpecification\",\"valueRequired\":true,\"valueName\":\"search_term_string\"}}],\"inLanguage\":\"it-IT\"},{\"@type\":\"Organization\",\"@id\":\"https:\/\/legacy.colt.net\/#organization\",\"name\":\"Colt Technology Services\",\"url\":\"https:\/\/legacy.colt.net\/\",\"logo\":{\"@type\":\"ImageObject\",\"inLanguage\":\"it-IT\",\"@id\":\"https:\/\/legacy.colt.net\/#\/schema\/logo\/image\/\",\"url\":\"https:\/\/legacy.colt.net\/wp-content\/uploads\/2019\/02\/Colt-Logo.png\",\"contentUrl\":\"https:\/\/legacy.colt.net\/wp-content\/uploads\/2019\/02\/Colt-Logo.png\",\"width\":195,\"height\":77,\"caption\":\"Colt Technology Services\"},\"image\":{\"@id\":\"https:\/\/legacy.colt.net\/#\/schema\/logo\/image\/\"},\"sameAs\":[\"https:\/\/www.facebook.com\/ColtTechnologyServices\/\",\"https:\/\/x.com\/colt_technology\",\"https:\/\/www.instagram.com\/colttechnologyservices\/\",\"https:\/\/www.linkedin.com\/company\/colt-technology-services\",\"https:\/\/www.youtube.com\/user\/ColtTechnology\"]}]}<\/script>\n<!-- \/ Yoast SEO plugin. -->","yoast_head_json":{"title":"Costruisci il tuo backbone - Colt Technology Services","description":"La qualit\u00e0 e la copertura del vostro backbone ad alta capacit\u00e0 sono pi\u00f9 importanti che mai, per voi e per i vostri clienti.","robots":{"index":"noindex","follow":"follow","max-snippet":"max-snippet:-1","max-image-preview":"max-image-preview:large","max-video-preview":"max-video-preview:-1"},"og_locale":"it_IT","og_type":"article","og_title":"Costruisci il tuo backbone - Colt Technology Services","og_description":"La qualit\u00e0 e la copertura del vostro backbone ad alta capacit\u00e0 sono pi\u00f9 importanti che mai, per voi e per i vostri clienti.","og_url":"https:\/\/legacy.colt.net\/it\/solutions\/core-network\/","og_site_name":"Colt Technology Services","article_publisher":"https:\/\/www.facebook.com\/ColtTechnologyServices\/","article_modified_time":"2022-09-02T09:48:42+00:00","og_image":[{"width":1000,"height":667,"url":"https:\/\/legacy.colt.net\/wp-content\/uploads\/2021\/01\/Brand-2021-Stock-39.jpg","type":"image\/jpeg"}],"twitter_card":"summary_large_image","twitter_site":"@colt_technology","twitter_misc":{"Est. reading time":"4 minutes"},"schema":{"@context":"https:\/\/schema.org","@graph":[{"@type":"WebPage","@id":"https:\/\/legacy.colt.net\/it\/solutions\/core-network\/","url":"https:\/\/legacy.colt.net\/it\/solutions\/core-network\/","name":"Costruisci il tuo backbone - Colt Technology Services","isPartOf":{"@id":"https:\/\/legacy.colt.net\/#website"},"primaryImageOfPage":{"@id":"https:\/\/legacy.colt.net\/it\/solutions\/core-network\/#primaryimage"},"image":{"@id":"https:\/\/legacy.colt.net\/it\/solutions\/core-network\/#primaryimage"},"thumbnailUrl":"https:\/\/legacy.colt.net\/wp-content\/uploads\/2022\/05\/Building-your-core-network.png","datePublished":"2021-01-09T09:11:10+00:00","dateModified":"2022-09-02T09:48:42+00:00","description":"La qualit\u00e0 e la copertura del vostro backbone ad alta capacit\u00e0 sono pi\u00f9 importanti che mai, per voi e per i vostri clienti.","breadcrumb":{"@id":"https:\/\/legacy.colt.net\/it\/solutions\/core-network\/#breadcrumb"},"inLanguage":"it-IT","potentialAction":[{"@type":"ReadAction","target":["https:\/\/legacy.colt.net\/it\/solutions\/core-network\/"]}]},{"@type":"ImageObject","inLanguage":"it-IT","@id":"https:\/\/legacy.colt.net\/it\/solutions\/core-network\/#primaryimage","url":"https:\/\/legacy.colt.net\/wp-content\/uploads\/2022\/05\/Building-your-core-network.png","contentUrl":"https:\/\/legacy.colt.net\/wp-content\/uploads\/2022\/05\/Building-your-core-network.png"},{"@type":"BreadcrumbList","@id":"https:\/\/legacy.colt.net\/it\/solutions\/core-network\/#breadcrumb","itemListElement":[{"@type":"ListItem","position":1,"name":"Home","item":"https:\/\/legacy.colt.net\/it\/"},{"@type":"ListItem","position":2,"name":"Solutions","item":"https:\/\/legacy.colt.net\/it\/solutions\/"},{"@type":"ListItem","position":3,"name":"Costruisci il tuo backbone"}]},{"@type":"WebSite","@id":"https:\/\/legacy.colt.net\/#website","url":"https:\/\/legacy.colt.net\/","name":"Colt\u30c6\u30af\u30ce\u30ed\u30b8\u30fc\u30b5\u30fc\u30d3\u30b9\u682a\u5f0f\u4f1a\u793e","description":"Managed Network &amp; Voice Services Provider","publisher":{"@id":"https:\/\/legacy.colt.net\/#organization"},"potentialAction":[{"@type":"SearchAction","target":{"@type":"EntryPoint","urlTemplate":"https:\/\/legacy.colt.net\/?s={search_term_string}"},"query-input":{"@type":"PropertyValueSpecification","valueRequired":true,"valueName":"search_term_string"}}],"inLanguage":"it-IT"},{"@type":"Organization","@id":"https:\/\/legacy.colt.net\/#organization","name":"Colt Technology Services","url":"https:\/\/legacy.colt.net\/","logo":{"@type":"ImageObject","inLanguage":"it-IT","@id":"https:\/\/legacy.colt.net\/#\/schema\/logo\/image\/","url":"https:\/\/legacy.colt.net\/wp-content\/uploads\/2019\/02\/Colt-Logo.png","contentUrl":"https:\/\/legacy.colt.net\/wp-content\/uploads\/2019\/02\/Colt-Logo.png","width":195,"height":77,"caption":"Colt Technology Services"},"image":{"@id":"https:\/\/legacy.colt.net\/#\/schema\/logo\/image\/"},"sameAs":["https:\/\/www.facebook.com\/ColtTechnologyServices\/","https:\/\/x.com\/colt_technology","https:\/\/www.instagram.com\/colttechnologyservices\/","https:\/\/www.linkedin.com\/company\/colt-technology-services","https:\/\/www.youtube.com\/user\/ColtTechnology"]}]}},"_links":{"self":[{"href":"https:\/\/legacy.colt.net\/it\/wp-json\/wp\/v2\/pages\/90534","targetHints":{"allow":["GET"]}}],"collection":[{"href":"https:\/\/legacy.colt.net\/it\/wp-json\/wp\/v2\/pages"}],"about":[{"href":"https:\/\/legacy.colt.net\/it\/wp-json\/wp\/v2\/types\/page"}],"author":[{"embeddable":true,"href":"https:\/\/legacy.colt.net\/it\/wp-json\/wp\/v2\/users\/2"}],"replies":[{"embeddable":true,"href":"https:\/\/legacy.colt.net\/it\/wp-json\/wp\/v2\/comments?post=90534"}],"version-history":[{"count":0,"href":"https:\/\/legacy.colt.net\/it\/wp-json\/wp\/v2\/pages\/90534\/revisions"}],"up":[{"embeddable":true,"href":"https:\/\/legacy.colt.net\/it\/wp-json\/wp\/v2\/pages\/91827"}],"wp:attachment":[{"href":"https:\/\/legacy.colt.net\/it\/wp-json\/wp\/v2\/media?parent=90534"}],"wp:term":[{"taxonomy":"colt_type","embeddable":true,"href":"https:\/\/legacy.colt.net\/it\/wp-json\/wp\/v2\/colt_type?post=90534"},{"taxonomy":"colt_products","embeddable":true,"href":"https:\/\/legacy.colt.net\/it\/wp-json\/wp\/v2\/colt_products?post=90534"}],"curies":[{"name":"wp","href":"https:\/\/api.w.org\/{rel}","templated":true}]}}