{"id":90150,"date":"2021-01-09T09:09:53","date_gmt":"2021-01-09T09:09:53","guid":{"rendered":"https:\/\/www.colt.net\/enterprise\/"},"modified":"2022-09-02T10:41:08","modified_gmt":"2022-09-02T09:41:08","slug":"enterprise","status":"publish","type":"page","link":"https:\/\/legacy.colt.net\/it\/solutions\/enterprise\/","title":{"rendered":"Connetti la tua rete aziendale"},"content":{"rendered":"\n<h1>\n\t\tConnect to the cloud\n\t<\/h1>\n<h2>\n\t\tDai slancio al percorso di trasformazione digitale della tua azienda\n\t<\/h2>\n\t<nav class=\"breadcrumb\"><span><span><a href=\"https:\/\/legacy.colt.net\/it\/\">Home<\/a><\/span><\/span><\/nav>\n\t\t\t\t<img loading=\"lazy\" decoding=\"async\" src=\"https:\/\/legacy.colt.net\/wp-content\/uploads\/2021\/01\/Connecting-your-enterprise-network.png\" alt=\"Connecting your enterprise network\" itemprop=\"image\" height=\"1125\" width=\"1000\" title=\"Connecting your enterprise network\" onerror=\"this.style.display='none'\"  \/>\n<h2>\n\t\tLe sfide di oggi\n\t<\/h2>\n\t<p>La resilienza del business \u00e8 sempre in cima ai pensieri della maggior parte dei CIO. Alla base di ogni business di successo c&#8217;\u00e8 la sua rete aziendale. Ora pi\u00f9 che mai, la rete di un&#8217;azienda deve essere in grado di supportare i costanti cambiamenti nei flussi di traffico e nell&#8217;utilizzo delle applicazioni, nonch\u00e9 l&#8217;aumento della quantit\u00e0 di dispositivi collegati, cambiamenti che possono avvenire in qualsiasi momento, anche senza preavviso.<\/p>\n\t\t\t<h4>L&#8217;evoluzione della tecnologia e altri fattori esterni stanno determinando una rapida evoluzione delle esigenze di una rete aziendale moderna.<\/h4>\t\t\t\n\t\t\t\t<p><a href=\"https:\/\/www.cisco.com\/c\/en\/us\/solutions\/collateral\/executive-perspectives\/annual-internet-report\/white-paper-c11-741490.html\" target=\"_blank\" rel=\"noopener\">Cisco<\/a> prevede che, entro il 2023, il numero di dispositivi connessi a reti IP sar\u00e0 pari al triplo della popolazione globale, raggiungendo i 29,3 miliardi. Inoltre, il <a href=\"https:\/\/www.gartner.com\/en\/newsroom\/press-releases\/2020-04-03-gartner-cfo-surey-reveals-74-percent-of-organizations-to-shift-some-employees-to-remote-work-permanently2\" target=\"_blank\" rel=\"noopener\">74% delle aziende<\/a> avr\u00e0 un numero maggiore di dipendenti attivi da remoto rispetto al periodo pre-pandemia.<\/p>\n<h3>\n\t\tUna connettivit\u00e0 che mantiene le promesse\n\t<\/h3>\n\t\t\t<h4>Disporre di una rete intelligente e adattiva che garantisce una connettivit\u00e0 sicura e di alta qualit\u00e0 per stare al passo con i continui cambiamenti \u00e8 ormai un obiettivo imprescindibile per il successo di un&#8217;azienda.<\/h4>\t\t\t\n\t\t\t\t<p><a href=\"https:\/\/www.gartner.com\/en\/documents\/3981830\/coronavirus-in-mind-make-remote-work-successful-\">Il 54% dei responsabili delle<\/a> risorse umane ha dichiarato che una tecnologia e\/o un&#8217;infrastruttura di scarsa qualit\u00e0 rappresentano l&#8217;ostacolo principale per uno smart working efficace, mentre<a href=\"https:\/\/legacy.colt.net\/it\/resources\/state-of-the-cloud\/\"> il 59% delle aziende<\/a> ha affermato che la sicurezza e una connettivit\u00e0 affidabile sono le principali sfide per una migrazione cloud di successo.<\/p>\n<p>Non basta pi\u00f9 essere reattivi a sfide come i progetti di cloud migration, l&#8217;aumento dello smart working o la connessione di nuove sedi aziendali. Ora serve una rete che sia costruita per il cambiamento, una rete che metta a disposizione una piattaforma sostenibile per continuare il proprio percorso di trasformazione digitale.<\/p>\n<p><a href=\"#More\">Cosa dicono i nostri clienti.<\/a><\/p>\n\t\t\t\t<img loading=\"lazy\" decoding=\"async\" src=\"https:\/\/legacy.colt.net\/wp-content\/uploads\/2021\/01\/MicrosoftTeams-image-13.png\" alt=\"MicrosoftTeams-image (13)\" itemprop=\"image\" height=\"553\" width=\"600\" title=\"MicrosoftTeams-image (13)\" onerror=\"this.style.display='none'\"  \/>\n<h2>\n\t\tIl vostro partner di fiducia per la connettivit\u00e0\n\t<\/h2>\n\t<p>Colt \u00e8 il partner ideale per accelerare il percorso di trasformazione digitale e abbracciare il cambiamento in un mondo in continuo cambiamento.<\/p>\n\t<strong>Customer first<\/strong><br \/>\nIn qualit\u00e0 di nostro cliente, la vostra esperienza conta per noi pi\u00f9 di ogni altra cosa. \u00c8 per questo che il nostro cliente Net Promotor Score (NPS) \u00e8 leader del settore\n\t<strong>User experience (UX)<\/strong><br \/>\nI portali per i clienti Colt sono interattivi e danno piena visibilit\u00e0 e controllo sulla rete, permettendo di aumentare o diminuire la larghezza di banda, in pochi minuti\n\t<strong>Innovazione<\/strong><br \/>\nColt \u00e8 un leader riconosciuto nelle soluzioni SDN\/NFV e offre una customer experience senza paragoni grazie alle tecnologie di AI e machine learning.\n<h2>\n\t\tRisolvi le tue esigenze di rete aziendale\n\t<\/h2>\n\t\t\t\t<img loading=\"lazy\" decoding=\"async\" src=\"https:\/\/legacy.colt.net\/wp-content\/uploads\/2021\/01\/Ethernet.png\" alt=\"Ethernet\" itemprop=\"image\" height=\"800\" width=\"800\" title=\"Ethernet\" onerror=\"this.style.display='none'\"  \/>\n\t<p>Collega le sedi metropolitane, nazionali e internazionali della tua azienda in modo facile, sicuro e conveniente<\/p>\n\t\t\t\t<img loading=\"lazy\" decoding=\"async\" src=\"https:\/\/legacy.colt.net\/wp-content\/uploads\/2021\/01\/SD-WAN.png\" alt=\"SD WAN\" itemprop=\"image\" height=\"800\" width=\"800\" title=\"SD WAN\" onerror=\"this.style.display='none'\"  \/>\n\t<p>Aumenta la larghezza di banda reindirizzando in maniera sicura il traffico meno critico verso la rete Internet pubblica, il tutto gestito online<\/p>\n\t\t\t\t<img loading=\"lazy\" decoding=\"async\" src=\"https:\/\/legacy.colt.net\/wp-content\/uploads\/2021\/01\/uCPE.png\" alt=\"uCPE\" itemprop=\"image\" height=\"800\" width=\"800\" title=\"uCPE\" onerror=\"this.style.display='none'\"  \/>\n\t<p>Esegui nuove funzioni di rete virtuale (VNF) in modo semplice e rapido su un CPE universale (uCPE)<\/p>\n\t\t\t\t<img loading=\"lazy\" decoding=\"async\" src=\"https:\/\/legacy.colt.net\/wp-content\/uploads\/2021\/01\/VPN.png\" alt=\"VPN\" itemprop=\"image\" height=\"800\" width=\"800\" title=\"VPN\" onerror=\"this.style.display='none'\"  \/>\n\t<p>Costruisci una rete privata sicura, conveniente e dalle prestazioni elevate, con copertura ovunque ti serva<\/p>\n\t\t\t<a href=\"https:\/\/legacy.colt.net\/it\/product\/ethernet-line\/\" target=\"_self\" role=\"button\" rel=\"noopener\">\n\t\t\t\t\t\t\tScopri di pi\u00f9\n\t\t\t\t\t<\/a>\n\t\t\t<a href=\"https:\/\/legacy.colt.net\/it\/product\/sd-wan\/\" target=\"_self\" role=\"button\" rel=\"noopener\">\n\t\t\t\t\t\t\tScopri di pi\u00f9\n\t\t\t\t\t<\/a>\n\t\t\t<a href=\"https:\/\/legacy.colt.net\/it\/universal-cpe\/\" target=\"_self\" role=\"button\" rel=\"noopener\">\n\t\t\t\t\t\t\tScopri di pi\u00f9\n\t\t\t\t\t<\/a>\n\t\t\t<a href=\"https:\/\/legacy.colt.net\/it\/product\/ip-vpn\/\" target=\"_self\" role=\"button\" rel=\"noopener\">\n\t\t\t\t\t\t\tScopri di pi\u00f9\n\t\t\t\t\t<\/a>\n<h2>\n\t\tColt IQ Network: un backbone affidabile e intelligente\n\t<\/h2>\n\t<p>Le nostre soluzioni di connettivit\u00e0 cloud si basano sulla nostra rete intelligente, la Colt IQ Network: la rete migliore per la migliore cloud experience. Accesso diretto agli edifici aziendali e ai principali data centre in Europa, Asia-Pacifico e Nord America.<\/p>\n\t\t\t<a href=\"https:\/\/legacy.colt.net\/it\/colt-network-map\/\" target=\"_self\" role=\"button\" rel=\"noopener\">\n\t\t\t\t\t\t Controlla la tua connettivit\u00e0\n\t\t\t\t\t<\/a>\n<h2>\n\t\tParla con un esperto di rete\n\t<\/h2>\n\t<p>I nostri pluripremiati servizi di connettivit\u00e0 vi danno la possibilit\u00e0 di interconnettere la vostra azienda senza soluzione di continuit\u00e0, per reagire pi\u00f9 tempestivamente di fronte alle nuove sfide e cogliere qualsiasi opportunit\u00e0.<\/p>\n<p>Qualunque siano le vostre sfide o esigenze, lascia che siano i nostri esperti ad accompagnarvi nel vostro percorso di connettivit\u00e0.<\/p>\n<p>Per altre modalit\u00e0 di contatto, rivolgiti al nostro <a href=\"https:\/\/legacy.colt.net\/it\/contact-us\/\">contact centre<\/a>.<\/p>\n\t[hubspot type=form portal=344164 id=e6dee59e-6810-41dc-b9e5-7f5aa9e33c01]\n<h2>\n\t\tVuoi saperne di pi\u00f9?\n\t<\/h2>\n\t<strong>Clienti<br \/>\n<\/strong>Come l&#8217;infrastruttura di rete di COMPO \u00e8 passata da MPLS a SD WAN. <a href=\"https:\/\/legacy.colt.net\/it\/resources\/compo\/\">Scopri di pi\u00f9&#8230;<\/a>\n\t<strong>Leggi la guida<br \/>\n<\/strong>Perch\u00e9 la SD WAN \u00e8 la scelta giusta per un&#8217;infrastruttura multi-cloud. <a href=\"https:\/\/legacy.colt.net\/it\/resources\/perche-la-sd-wan-e-la-scelta-giusta-per-uninfrastruttura-multi-cloud\/\">Scopri di pi\u00f9&#8230;<\/a>\n\t<strong>Clienti<br \/>\n<\/strong>Farfetch mette la moda di lusso a disposizione dei clienti di tutto il mondo grazie ai servizi di connettivit\u00e0 multi-cloud di Colt. <a href=\"https:\/\/legacy.colt.net\/it\/resources\/farfetch\/\">Scopri di pi\u00f9&#8230;<\/a>\n\t<strong>Scarica il whitepaper<br \/>\n<\/strong>Le difficolt\u00e0 e l&#8217;imprevedibilit\u00e0 del 2020 hanno costretto le aziende di tutto il mondo a rivedere le loro priorit\u00e0 IT e a concentrare gli investimenti su quello che conta davvero <a href=\"https:\/\/legacy.colt.net\/it\/resources\/planning-for-an-sd-wan-future\/\">Scopri di pi\u00f9&#8230;<\/a>\n\t<strong> Blog<br \/>\n<\/strong>Perch\u00e9 la SD WAN \u00e8 la scelta giusta per un&#8217;infrastruttura multi-cloud <a href=\"https:\/\/legacy.colt.net\/it\/resources\/perche-la-sd-wan-e-la-scelta-giusta-per-uninfrastruttura-multi-cloud\/\">Scopri di pi\u00f9&#8230;<\/a>\n\t<strong>Clienti<br \/>\n<\/strong>Hitachi, Ltd. ha scelto Colt IP Access e Colt IP Guardian per creare un ambiente Internet stabile e sicuro. <a href=\"https:\/\/legacy.colt.net\/it\/resources\/hitachi-ltd\/\">Scopri di pi\u00f9&#8230;<\/a>\n\n","protected":false},"excerpt":{"rendered":"<p>Connect to the cloud Dai slancio al percorso di trasformazione digitale della tua azienda Le sfide di oggi La resilienza del business \u00e8 sempre in cima ai pensieri della maggior parte dei CIO. Alla base di ogni business di successo c&#8217;\u00e8 la sua rete aziendale. Ora pi\u00f9 che mai, la rete di un&#8217;azienda deve essere&#8230;<\/p>\n","protected":false},"author":2,"featured_media":0,"parent":91827,"menu_order":0,"comment_status":"closed","ping_status":"closed","template":"","meta":{"_acf_changed":false,"footnotes":""},"colt_type":[],"colt_products":[],"class_list":["post-90150","page","type-page","status-publish","hentry"],"acf":[],"yoast_head":"<!-- This site is optimized with the Yoast SEO plugin v26.8 - https:\/\/yoast.com\/product\/yoast-seo-wordpress\/ -->\n<title>Connetti la tua rete aziendale - Colt Technology Services<\/title>\n<meta name=\"description\" content=\"La resilienza del business \u00e8 sempre in cima ai pensieri della maggior parte dei CIO. Alla base di ogni business di successo c\u2019\u00e8 la sua rete\" \/>\n<meta name=\"robots\" content=\"noindex, follow, max-snippet:-1, max-image-preview:large, max-video-preview:-1\" \/>\n<meta property=\"og:locale\" content=\"it_IT\" \/>\n<meta property=\"og:type\" content=\"article\" \/>\n<meta property=\"og:title\" content=\"Connetti la tua rete aziendale - Colt Technology Services\" \/>\n<meta property=\"og:description\" content=\"La resilienza del business \u00e8 sempre in cima ai pensieri della maggior parte dei CIO. Alla base di ogni business di successo c\u2019\u00e8 la sua rete\" \/>\n<meta property=\"og:url\" content=\"https:\/\/legacy.colt.net\/it\/solutions\/enterprise\/\" \/>\n<meta property=\"og:site_name\" content=\"Colt Technology Services\" \/>\n<meta property=\"article:publisher\" content=\"https:\/\/www.facebook.com\/ColtTechnologyServices\/\" \/>\n<meta property=\"article:modified_time\" content=\"2022-09-02T09:41:08+00:00\" \/>\n<meta property=\"og:image\" content=\"https:\/\/legacy.colt.net\/wp-content\/uploads\/2021\/01\/Brand-2021-Stock-46.jpg\" \/>\n\t<meta property=\"og:image:width\" content=\"1000\" \/>\n\t<meta property=\"og:image:height\" content=\"667\" \/>\n\t<meta property=\"og:image:type\" content=\"image\/jpeg\" \/>\n<meta name=\"twitter:card\" content=\"summary_large_image\" \/>\n<meta name=\"twitter:site\" content=\"@colt_technology\" \/>\n<meta name=\"twitter:label1\" content=\"Est. reading time\" \/>\n\t<meta name=\"twitter:data1\" content=\"4 minutes\" \/>\n<script type=\"application\/ld+json\" class=\"yoast-schema-graph\">{\"@context\":\"https:\/\/schema.org\",\"@graph\":[{\"@type\":\"WebPage\",\"@id\":\"https:\/\/legacy.colt.net\/it\/solutions\/enterprise\/\",\"url\":\"https:\/\/legacy.colt.net\/it\/solutions\/enterprise\/\",\"name\":\"Connetti la tua rete aziendale - Colt Technology Services\",\"isPartOf\":{\"@id\":\"https:\/\/legacy.colt.net\/#website\"},\"primaryImageOfPage\":{\"@id\":\"https:\/\/legacy.colt.net\/it\/solutions\/enterprise\/#primaryimage\"},\"image\":{\"@id\":\"https:\/\/legacy.colt.net\/it\/solutions\/enterprise\/#primaryimage\"},\"thumbnailUrl\":\"https:\/\/legacy.colt.net\/wp-content\/uploads\/2021\/01\/Connecting-your-enterprise-network.png\",\"datePublished\":\"2021-01-09T09:09:53+00:00\",\"dateModified\":\"2022-09-02T09:41:08+00:00\",\"description\":\"La resilienza del business \u00e8 sempre in cima ai pensieri della maggior parte dei CIO. Alla base di ogni business di successo c\u2019\u00e8 la sua rete\",\"breadcrumb\":{\"@id\":\"https:\/\/legacy.colt.net\/it\/solutions\/enterprise\/#breadcrumb\"},\"inLanguage\":\"it-IT\",\"potentialAction\":[{\"@type\":\"ReadAction\",\"target\":[\"https:\/\/legacy.colt.net\/it\/solutions\/enterprise\/\"]}]},{\"@type\":\"ImageObject\",\"inLanguage\":\"it-IT\",\"@id\":\"https:\/\/legacy.colt.net\/it\/solutions\/enterprise\/#primaryimage\",\"url\":\"https:\/\/legacy.colt.net\/wp-content\/uploads\/2021\/01\/Connecting-your-enterprise-network.png\",\"contentUrl\":\"https:\/\/legacy.colt.net\/wp-content\/uploads\/2021\/01\/Connecting-your-enterprise-network.png\"},{\"@type\":\"BreadcrumbList\",\"@id\":\"https:\/\/legacy.colt.net\/it\/solutions\/enterprise\/#breadcrumb\",\"itemListElement\":[{\"@type\":\"ListItem\",\"position\":1,\"name\":\"Home\",\"item\":\"https:\/\/legacy.colt.net\/it\/\"},{\"@type\":\"ListItem\",\"position\":2,\"name\":\"Solutions\",\"item\":\"https:\/\/legacy.colt.net\/it\/solutions\/\"},{\"@type\":\"ListItem\",\"position\":3,\"name\":\"Connetti la tua rete aziendale\"}]},{\"@type\":\"WebSite\",\"@id\":\"https:\/\/legacy.colt.net\/#website\",\"url\":\"https:\/\/legacy.colt.net\/\",\"name\":\"Colt\u30c6\u30af\u30ce\u30ed\u30b8\u30fc\u30b5\u30fc\u30d3\u30b9\u682a\u5f0f\u4f1a\u793e\",\"description\":\"Managed Network &amp; Voice Services Provider\",\"publisher\":{\"@id\":\"https:\/\/legacy.colt.net\/#organization\"},\"potentialAction\":[{\"@type\":\"SearchAction\",\"target\":{\"@type\":\"EntryPoint\",\"urlTemplate\":\"https:\/\/legacy.colt.net\/?s={search_term_string}\"},\"query-input\":{\"@type\":\"PropertyValueSpecification\",\"valueRequired\":true,\"valueName\":\"search_term_string\"}}],\"inLanguage\":\"it-IT\"},{\"@type\":\"Organization\",\"@id\":\"https:\/\/legacy.colt.net\/#organization\",\"name\":\"Colt Technology Services\",\"url\":\"https:\/\/legacy.colt.net\/\",\"logo\":{\"@type\":\"ImageObject\",\"inLanguage\":\"it-IT\",\"@id\":\"https:\/\/legacy.colt.net\/#\/schema\/logo\/image\/\",\"url\":\"https:\/\/legacy.colt.net\/wp-content\/uploads\/2019\/02\/Colt-Logo.png\",\"contentUrl\":\"https:\/\/legacy.colt.net\/wp-content\/uploads\/2019\/02\/Colt-Logo.png\",\"width\":195,\"height\":77,\"caption\":\"Colt Technology Services\"},\"image\":{\"@id\":\"https:\/\/legacy.colt.net\/#\/schema\/logo\/image\/\"},\"sameAs\":[\"https:\/\/www.facebook.com\/ColtTechnologyServices\/\",\"https:\/\/x.com\/colt_technology\",\"https:\/\/www.instagram.com\/colttechnologyservices\/\",\"https:\/\/www.linkedin.com\/company\/colt-technology-services\",\"https:\/\/www.youtube.com\/user\/ColtTechnology\"]}]}<\/script>\n<!-- \/ Yoast SEO plugin. -->","yoast_head_json":{"title":"Connetti la tua rete aziendale - Colt Technology Services","description":"La resilienza del business \u00e8 sempre in cima ai pensieri della maggior parte dei CIO. Alla base di ogni business di successo c\u2019\u00e8 la sua rete","robots":{"index":"noindex","follow":"follow","max-snippet":"max-snippet:-1","max-image-preview":"max-image-preview:large","max-video-preview":"max-video-preview:-1"},"og_locale":"it_IT","og_type":"article","og_title":"Connetti la tua rete aziendale - Colt Technology Services","og_description":"La resilienza del business \u00e8 sempre in cima ai pensieri della maggior parte dei CIO. Alla base di ogni business di successo c\u2019\u00e8 la sua rete","og_url":"https:\/\/legacy.colt.net\/it\/solutions\/enterprise\/","og_site_name":"Colt Technology Services","article_publisher":"https:\/\/www.facebook.com\/ColtTechnologyServices\/","article_modified_time":"2022-09-02T09:41:08+00:00","og_image":[{"width":1000,"height":667,"url":"https:\/\/legacy.colt.net\/wp-content\/uploads\/2021\/01\/Brand-2021-Stock-46.jpg","type":"image\/jpeg"}],"twitter_card":"summary_large_image","twitter_site":"@colt_technology","twitter_misc":{"Est. reading time":"4 minutes"},"schema":{"@context":"https:\/\/schema.org","@graph":[{"@type":"WebPage","@id":"https:\/\/legacy.colt.net\/it\/solutions\/enterprise\/","url":"https:\/\/legacy.colt.net\/it\/solutions\/enterprise\/","name":"Connetti la tua rete aziendale - Colt Technology Services","isPartOf":{"@id":"https:\/\/legacy.colt.net\/#website"},"primaryImageOfPage":{"@id":"https:\/\/legacy.colt.net\/it\/solutions\/enterprise\/#primaryimage"},"image":{"@id":"https:\/\/legacy.colt.net\/it\/solutions\/enterprise\/#primaryimage"},"thumbnailUrl":"https:\/\/legacy.colt.net\/wp-content\/uploads\/2021\/01\/Connecting-your-enterprise-network.png","datePublished":"2021-01-09T09:09:53+00:00","dateModified":"2022-09-02T09:41:08+00:00","description":"La resilienza del business \u00e8 sempre in cima ai pensieri della maggior parte dei CIO. Alla base di ogni business di successo c\u2019\u00e8 la sua rete","breadcrumb":{"@id":"https:\/\/legacy.colt.net\/it\/solutions\/enterprise\/#breadcrumb"},"inLanguage":"it-IT","potentialAction":[{"@type":"ReadAction","target":["https:\/\/legacy.colt.net\/it\/solutions\/enterprise\/"]}]},{"@type":"ImageObject","inLanguage":"it-IT","@id":"https:\/\/legacy.colt.net\/it\/solutions\/enterprise\/#primaryimage","url":"https:\/\/legacy.colt.net\/wp-content\/uploads\/2021\/01\/Connecting-your-enterprise-network.png","contentUrl":"https:\/\/legacy.colt.net\/wp-content\/uploads\/2021\/01\/Connecting-your-enterprise-network.png"},{"@type":"BreadcrumbList","@id":"https:\/\/legacy.colt.net\/it\/solutions\/enterprise\/#breadcrumb","itemListElement":[{"@type":"ListItem","position":1,"name":"Home","item":"https:\/\/legacy.colt.net\/it\/"},{"@type":"ListItem","position":2,"name":"Solutions","item":"https:\/\/legacy.colt.net\/it\/solutions\/"},{"@type":"ListItem","position":3,"name":"Connetti la tua rete aziendale"}]},{"@type":"WebSite","@id":"https:\/\/legacy.colt.net\/#website","url":"https:\/\/legacy.colt.net\/","name":"Colt\u30c6\u30af\u30ce\u30ed\u30b8\u30fc\u30b5\u30fc\u30d3\u30b9\u682a\u5f0f\u4f1a\u793e","description":"Managed Network &amp; Voice Services Provider","publisher":{"@id":"https:\/\/legacy.colt.net\/#organization"},"potentialAction":[{"@type":"SearchAction","target":{"@type":"EntryPoint","urlTemplate":"https:\/\/legacy.colt.net\/?s={search_term_string}"},"query-input":{"@type":"PropertyValueSpecification","valueRequired":true,"valueName":"search_term_string"}}],"inLanguage":"it-IT"},{"@type":"Organization","@id":"https:\/\/legacy.colt.net\/#organization","name":"Colt Technology Services","url":"https:\/\/legacy.colt.net\/","logo":{"@type":"ImageObject","inLanguage":"it-IT","@id":"https:\/\/legacy.colt.net\/#\/schema\/logo\/image\/","url":"https:\/\/legacy.colt.net\/wp-content\/uploads\/2019\/02\/Colt-Logo.png","contentUrl":"https:\/\/legacy.colt.net\/wp-content\/uploads\/2019\/02\/Colt-Logo.png","width":195,"height":77,"caption":"Colt Technology Services"},"image":{"@id":"https:\/\/legacy.colt.net\/#\/schema\/logo\/image\/"},"sameAs":["https:\/\/www.facebook.com\/ColtTechnologyServices\/","https:\/\/x.com\/colt_technology","https:\/\/www.instagram.com\/colttechnologyservices\/","https:\/\/www.linkedin.com\/company\/colt-technology-services","https:\/\/www.youtube.com\/user\/ColtTechnology"]}]}},"_links":{"self":[{"href":"https:\/\/legacy.colt.net\/it\/wp-json\/wp\/v2\/pages\/90150","targetHints":{"allow":["GET"]}}],"collection":[{"href":"https:\/\/legacy.colt.net\/it\/wp-json\/wp\/v2\/pages"}],"about":[{"href":"https:\/\/legacy.colt.net\/it\/wp-json\/wp\/v2\/types\/page"}],"author":[{"embeddable":true,"href":"https:\/\/legacy.colt.net\/it\/wp-json\/wp\/v2\/users\/2"}],"replies":[{"embeddable":true,"href":"https:\/\/legacy.colt.net\/it\/wp-json\/wp\/v2\/comments?post=90150"}],"version-history":[{"count":0,"href":"https:\/\/legacy.colt.net\/it\/wp-json\/wp\/v2\/pages\/90150\/revisions"}],"up":[{"embeddable":true,"href":"https:\/\/legacy.colt.net\/it\/wp-json\/wp\/v2\/pages\/91827"}],"wp:attachment":[{"href":"https:\/\/legacy.colt.net\/it\/wp-json\/wp\/v2\/media?parent=90150"}],"wp:term":[{"taxonomy":"colt_type","embeddable":true,"href":"https:\/\/legacy.colt.net\/it\/wp-json\/wp\/v2\/colt_type?post=90150"},{"taxonomy":"colt_products","embeddable":true,"href":"https:\/\/legacy.colt.net\/it\/wp-json\/wp\/v2\/colt_products?post=90150"}],"curies":[{"name":"wp","href":"https:\/\/api.w.org\/{rel}","templated":true}]}}