{"id":83532,"date":"2020-06-26T09:41:07","date_gmt":"2020-06-26T08:41:07","guid":{"rendered":"https:\/\/www.colt.net\/product\/sd-wan-multi-cloud\/"},"modified":"2021-01-10T12:17:35","modified_gmt":"2021-01-10T12:17:35","slug":"sd-wan-multi-cloud","status":"publish","type":"page","link":"https:\/\/legacy.colt.net\/it\/sd-wan-multi-cloud\/","title":{"rendered":"SD WAN Multi-Cloud"},"content":{"rendered":"\n<h1>\n\t<\/h1>\n<h2>\n\t\tProducts &#038; Services\n\t<\/h2>\n\t<nav class=\"breadcrumb\"><span><span><a href=\"https:\/\/legacy.colt.net\/it\/\">Home<\/a><\/span><\/span><\/nav>\n<h2>\n\t\tAgevolare la riuscita della migrazione al cloud con SD WAN\n\t<\/h2>\n\t<p>La corretta migrazione di applicazioni e carichi di lavoro nel cloud \u00e8 pi\u00f9 importante che mai per le aziende. L&#8217;adozione del cloud \u00e8 cresciuta al punto che oggi il 94% delle aziende a livello globale utilizza servizi cloud e l&#8217;85% delle aziende dispone di oltre la met\u00e0 dei carichi di lavoro in esecuzione sul cloud.<\/p>\n<p>Poich\u00e9 il traffico cloud \u00e8 molto pi\u00f9 difficile da prevedere rispetto alle applicazioni tradizionali ospitate in locale, le aziende si rivolgono sempre pi\u00f9 a soluzioni SD WAN per ottimizzare la propria esperienza cloud e migliorare la produttivit\u00e0.<\/p>\n<h2>\n\t\tColt SD WAN Multi-Cloud\n\t<\/h2>\n\t<p>Ecco <strong>Colt SD WAN Multi-Cloud<\/strong>\u00a0: una funzionalit\u00e0 disponibile sul pluripremiato servizio SD WAN di Colt che consente di connettere in maniera diretta, affidabile e sicura cloud multipli tramite Colt Cloud Gateway.<\/p>\n<p>Colt SD WAN Multi-Cloud utilizza l&#8217;ampia rete Colt IQ Network, ottimizzata per SDN, per fornire connettivit\u00e0 cloud ad alte prestazioni, economica e sicura direttamente verso i provider di servizi cloud (CSP, Cloud Service Provider).<\/p>\n<p>Questa soluzione fornisce una visione coerente e centralizzata della rete aziendale, combinando insieme siti WAN e infrastruttura cloud, il tutto facilmente visualizzato e gestito tramite il portale Colt SD WAN.<\/p>\n<p>Tramite SD WAN Multi-Cloud, i clienti possono combinare la gestione della connettivit\u00e0 delle filiali attraverso la WAN, con la connettivit\u00e0 privata e diretta alle proprie applicazioni IaaS\/SaaS. Possono farlo con pi\u00f9 CSP su un&#8217;unica infrastruttura e usufruire di sicurezza, SLA delle prestazioni e visibilit\u00e0 end-to-end.<\/p>\n<p>Oggi, Colt SD WAN Multi-Cloud supporta AWS, Microsoft Azure e Google Cloud in tutta Europa, fornendo un&#8217;altra opzione per i clienti che desiderano connettersi a questi cloud pubblici.<\/p>\n<h2>\n\t\tConnessione al cloud con Colt\n\t<\/h2>\n\t<p>Colt fornisce anche accesso Ethernet (con l&#8217;opzione aggiuntiva di un router gestito) e \u00a0IP VPN ad AWS, Microsoft Azure, Google Cloud, IBM Cloud e altri cloud provider. Per saperne di pi\u00f9 su questa opzione Cloud Connect, visita la nostra\u00a0<strong><a href=\"https:\/\/legacy.colt.net\/it\/product\/direct-connect\/\">pagina Colt Dedicated Cloud Access\u00a0<\/a><\/strong>.<\/p>\n<p>Per le aziende che utilizzano applicazioni di produttivit\u00e0 in cloud di Microsoft, che sono alla ricerca di una soluzione di comunicazione unificata ottimizzata, Colt offre anche\u00a0<strong><a href=\"https:\/\/legacy.colt.net\/it\/product\/colt-intelligent-communications\/\">Colt Intelligent Communications<\/a><\/strong>.<\/p>\n<p>Per i clienti che si connettono tramite Internet, Colt IP Access con Cloud Prioritisation offre connettivit\u00e0 Internet B2B ottimizzata per le applicazioni Microsoft SaaS. Scopri di pi\u00f9 <a href=\"https:\/\/legacy.colt.net\/it\/product\/cloud-prioritisation\/\">qui<\/a>.<\/p>\n\t\t\t<h3>Live chat con un Sales Rep<\/h3>\t\t\t\n\t\t\t\t\n\n\t\t\t<h3>Contattici<\/h3>\t\t\t\n\t\t\t\t<p>[hubspot type=form portal=344164 id=e6dee59e-6810-41dc-b9e5-7f5aa9e33c01]<\/p>\n\t\t\t<h3>Contatta un esperto<\/h3>\t\t\t\n\t\t\t\t<h3><a href=\"tel:800909319\">800 909 319<\/a><\/h3>\n\n\t<a href=\"https:\/\/legacy.colt.net\/it\/product\/sd-wan\/\" target=\"_self\" rel=\"noopener noreferrer\"><\/a> \n\t\t\t\t<img decoding=\"async\" src=\"https:\/\/legacy.colt.net\/wp-content\/uploads\/2019\/05\/Colt-Fallback-12-1-720x450.jpg\" alt=\"Glowing Fiber Optic Channels Closeup Photo. Fiber Channel Background.\" title=\"Glowing Fiber Channels\" itemprop=\"image\"\/>\n\t\t<h5>SD WAN<\/h5>\t\t\t\n\t\t\t\t<p>Colt sfrutta una piattaforma SD WAN intelligente per gestire in maniera diversa i dati che vanno su Internet rispetto a quelli che restano all&#8217;interno delle reti private. Il risultato finale \u00e8 una rete ibrida, in cui i dati che non sono business critical vengono riversati verso un tunnel internet garantito, liberando cos\u00ec banda MPLS per dati business critical e aumentando efficacemente la larghezza di banda totale a disposizione delle sedi aziendali.<\/p>\n\t<a href=\"https:\/\/legacy.colt.net\/it\/resources\/lepocale-passaggio-al-cloud-e-ben-avviato\/\" target=\"_self\" rel=\"noopener noreferrer\"><\/a> \n\t\t\t\t<img decoding=\"async\" src=\"https:\/\/legacy.colt.net\/wp-content\/uploads\/2019\/05\/AP195278-720x450.jpg\" alt=\"Colt Fallback\" title=\"Colt Fallback\" itemprop=\"image\"\/>\n\t\t<h5>L&#8217;epocale passaggio al cloud \u00e8 ben avviato<\/h5>\t\t\t\n\t\t\t\t<p>L&#8217;epocale passaggio al cloud \u00e8 ben avviato; nonostante il Covid-19 ritardi i progetti in corso Il 2020 \u00e8 destinato ad essere un decennio importante per il cloud networking, poich\u00e9 le aziende si stanno impegnando ad adottare strategie cloud-first &#8211; questo il quadro che emerge da una ricerca commissionata da Colt.\u00a0<\/p>\n\t<a href=\"https:\/\/legacy.colt.net\/it\/resources\/colt-spectrum-brings-cost-effective-dark-fibre-alternative-ultra-high-bandwidth-customers-2\/\" target=\"_self\" rel=\"noopener noreferrer\"><\/a> \n\t\t\t\t<img decoding=\"async\" src=\"https:\/\/legacy.colt.net\/wp-content\/uploads\/2019\/05\/Colt-Fallback-19-1-720x450.jpg\" alt=\"Abstract 3D network in future\" title=\"Abstract 3D network in future\" itemprop=\"image\"\/>\n\t\t<h5>Colt Cloud Prioritisation<\/h5>\t\t\t\n\t\t\t\t<p>Colt Cloud Prioritisation combina i vantaggi del routing ottimizzato e dell&#8217;infrastruttura di peering diretto con la prioritizzazione del traffico tra il router del cliente e il router edge del provider. I clienti possono raggiungere Microsoft Teams, Office 365, Azure, Windows Virtual Desktop o qualsiasi altra applicazione Microsoft SaaS con un&#8217;esperienza utente uniforme e supportata da SLA.<\/p>\n\n","protected":false},"excerpt":{"rendered":"<p>Products &#038; Services Agevolare la riuscita della migrazione al cloud con SD WAN La corretta migrazione di applicazioni e carichi di lavoro nel cloud \u00e8 pi\u00f9 importante che mai per le aziende. L&#8217;adozione del cloud \u00e8 cresciuta al punto che oggi il 94% delle aziende a livello globale utilizza servizi cloud e l&#8217;85% delle aziende&#8230;<\/p>\n","protected":false},"author":2,"featured_media":0,"parent":0,"menu_order":0,"comment_status":"closed","ping_status":"closed","template":"","meta":{"_acf_changed":false,"footnotes":""},"colt_type":[],"colt_products":[1550],"class_list":["post-83532","page","type-page","status-publish","hentry","colt_products-cloud-connect-it"],"acf":[],"yoast_head":"<!-- This site is optimized with the Yoast SEO plugin v26.8 - https:\/\/yoast.com\/product\/yoast-seo-wordpress\/ -->\n<title>SD WAN Multi-Cloud - Colt Technology Services<\/title>\n<meta name=\"description\" content=\"SD WAN Multi-Cloud Colt Technology Services Ecco Colt SD WAN Multi-Cloud : una funzionalit\u00e0 disponibile sul pluripremiato servizio SD WAN di Colt che consente di connettere in maniera diretta, affidabile e sicura cloud multipli tramite Colt Cloud Gateway.\" \/>\n<meta name=\"robots\" content=\"noindex, follow, max-snippet:-1, max-image-preview:large, max-video-preview:-1\" \/>\n<meta property=\"og:locale\" content=\"it_IT\" \/>\n<meta property=\"og:type\" content=\"article\" \/>\n<meta property=\"og:title\" content=\"SD WAN Multi-Cloud - Colt Technology Services\" \/>\n<meta property=\"og:description\" content=\"SD WAN Multi-Cloud Colt Technology Services Ecco Colt SD WAN Multi-Cloud : una funzionalit\u00e0 disponibile sul pluripremiato servizio SD WAN di Colt che consente di connettere in maniera diretta, affidabile e sicura cloud multipli tramite Colt Cloud Gateway.\" \/>\n<meta property=\"og:url\" content=\"https:\/\/legacy.colt.net\/it\/sd-wan-multi-cloud\/\" \/>\n<meta property=\"og:site_name\" content=\"Colt Technology Services\" \/>\n<meta property=\"article:publisher\" content=\"https:\/\/www.facebook.com\/ColtTechnologyServices\/\" \/>\n<meta property=\"article:modified_time\" content=\"2021-01-10T12:17:35+00:00\" \/>\n<meta property=\"og:image\" content=\"https:\/\/legacy.colt.net\/wp-content\/uploads\/2021\/01\/Brand-2021-Stock-4.jpg\" \/>\n\t<meta property=\"og:image:width\" content=\"1000\" \/>\n\t<meta property=\"og:image:height\" content=\"667\" \/>\n\t<meta property=\"og:image:type\" content=\"image\/jpeg\" \/>\n<meta name=\"twitter:card\" content=\"summary_large_image\" \/>\n<meta name=\"twitter:site\" content=\"@colt_technology\" \/>\n<meta name=\"twitter:label1\" content=\"Est. reading time\" \/>\n\t<meta name=\"twitter:data1\" content=\"3 minutes\" \/>\n<script type=\"application\/ld+json\" class=\"yoast-schema-graph\">{\"@context\":\"https:\/\/schema.org\",\"@graph\":[{\"@type\":\"WebPage\",\"@id\":\"https:\/\/legacy.colt.net\/it\/sd-wan-multi-cloud\/\",\"url\":\"https:\/\/legacy.colt.net\/it\/sd-wan-multi-cloud\/\",\"name\":\"SD WAN Multi-Cloud - Colt Technology Services\",\"isPartOf\":{\"@id\":\"https:\/\/legacy.colt.net\/#website\"},\"primaryImageOfPage\":{\"@id\":\"https:\/\/legacy.colt.net\/it\/sd-wan-multi-cloud\/#primaryimage\"},\"image\":{\"@id\":\"https:\/\/legacy.colt.net\/it\/sd-wan-multi-cloud\/#primaryimage\"},\"thumbnailUrl\":\"https:\/\/legacy.colt.net\/wp-content\/uploads\/2019\/05\/Colt-Fallback-12-1-720x450.jpg\",\"datePublished\":\"2020-06-26T08:41:07+00:00\",\"dateModified\":\"2021-01-10T12:17:35+00:00\",\"description\":\"SD WAN Multi-Cloud Colt Technology Services Ecco Colt SD WAN Multi-Cloud : una funzionalit\u00e0 disponibile sul pluripremiato servizio SD WAN di Colt che consente di connettere in maniera diretta, affidabile e sicura cloud multipli tramite Colt Cloud Gateway.\",\"breadcrumb\":{\"@id\":\"https:\/\/legacy.colt.net\/it\/sd-wan-multi-cloud\/#breadcrumb\"},\"inLanguage\":\"it-IT\",\"potentialAction\":[{\"@type\":\"ReadAction\",\"target\":[\"https:\/\/legacy.colt.net\/it\/sd-wan-multi-cloud\/\"]}]},{\"@type\":\"ImageObject\",\"inLanguage\":\"it-IT\",\"@id\":\"https:\/\/legacy.colt.net\/it\/sd-wan-multi-cloud\/#primaryimage\",\"url\":\"https:\/\/legacy.colt.net\/wp-content\/uploads\/2019\/05\/Colt-Fallback-12-1-720x450.jpg\",\"contentUrl\":\"https:\/\/legacy.colt.net\/wp-content\/uploads\/2019\/05\/Colt-Fallback-12-1-720x450.jpg\"},{\"@type\":\"BreadcrumbList\",\"@id\":\"https:\/\/legacy.colt.net\/it\/sd-wan-multi-cloud\/#breadcrumb\",\"itemListElement\":[{\"@type\":\"ListItem\",\"position\":1,\"name\":\"Home\",\"item\":\"https:\/\/legacy.colt.net\/it\/\"},{\"@type\":\"ListItem\",\"position\":2,\"name\":\"SD WAN Multi-Cloud\"}]},{\"@type\":\"WebSite\",\"@id\":\"https:\/\/legacy.colt.net\/#website\",\"url\":\"https:\/\/legacy.colt.net\/\",\"name\":\"Colt\u30c6\u30af\u30ce\u30ed\u30b8\u30fc\u30b5\u30fc\u30d3\u30b9\u682a\u5f0f\u4f1a\u793e\",\"description\":\"Managed Network &amp; Voice Services Provider\",\"publisher\":{\"@id\":\"https:\/\/legacy.colt.net\/#organization\"},\"potentialAction\":[{\"@type\":\"SearchAction\",\"target\":{\"@type\":\"EntryPoint\",\"urlTemplate\":\"https:\/\/legacy.colt.net\/?s={search_term_string}\"},\"query-input\":{\"@type\":\"PropertyValueSpecification\",\"valueRequired\":true,\"valueName\":\"search_term_string\"}}],\"inLanguage\":\"it-IT\"},{\"@type\":\"Organization\",\"@id\":\"https:\/\/legacy.colt.net\/#organization\",\"name\":\"Colt Technology Services\",\"url\":\"https:\/\/legacy.colt.net\/\",\"logo\":{\"@type\":\"ImageObject\",\"inLanguage\":\"it-IT\",\"@id\":\"https:\/\/legacy.colt.net\/#\/schema\/logo\/image\/\",\"url\":\"https:\/\/legacy.colt.net\/wp-content\/uploads\/2019\/02\/Colt-Logo.png\",\"contentUrl\":\"https:\/\/legacy.colt.net\/wp-content\/uploads\/2019\/02\/Colt-Logo.png\",\"width\":195,\"height\":77,\"caption\":\"Colt Technology Services\"},\"image\":{\"@id\":\"https:\/\/legacy.colt.net\/#\/schema\/logo\/image\/\"},\"sameAs\":[\"https:\/\/www.facebook.com\/ColtTechnologyServices\/\",\"https:\/\/x.com\/colt_technology\",\"https:\/\/www.instagram.com\/colttechnologyservices\/\",\"https:\/\/www.linkedin.com\/company\/colt-technology-services\",\"https:\/\/www.youtube.com\/user\/ColtTechnology\"]}]}<\/script>\n<!-- \/ Yoast SEO plugin. -->","yoast_head_json":{"title":"SD WAN Multi-Cloud - Colt Technology Services","description":"SD WAN Multi-Cloud Colt Technology Services Ecco Colt SD WAN Multi-Cloud : una funzionalit\u00e0 disponibile sul pluripremiato servizio SD WAN di Colt che consente di connettere in maniera diretta, affidabile e sicura cloud multipli tramite Colt Cloud Gateway.","robots":{"index":"noindex","follow":"follow","max-snippet":"max-snippet:-1","max-image-preview":"max-image-preview:large","max-video-preview":"max-video-preview:-1"},"og_locale":"it_IT","og_type":"article","og_title":"SD WAN Multi-Cloud - Colt Technology Services","og_description":"SD WAN Multi-Cloud Colt Technology Services Ecco Colt SD WAN Multi-Cloud : una funzionalit\u00e0 disponibile sul pluripremiato servizio SD WAN di Colt che consente di connettere in maniera diretta, affidabile e sicura cloud multipli tramite Colt Cloud Gateway.","og_url":"https:\/\/legacy.colt.net\/it\/sd-wan-multi-cloud\/","og_site_name":"Colt Technology Services","article_publisher":"https:\/\/www.facebook.com\/ColtTechnologyServices\/","article_modified_time":"2021-01-10T12:17:35+00:00","og_image":[{"width":1000,"height":667,"url":"https:\/\/legacy.colt.net\/wp-content\/uploads\/2021\/01\/Brand-2021-Stock-4.jpg","type":"image\/jpeg"}],"twitter_card":"summary_large_image","twitter_site":"@colt_technology","twitter_misc":{"Est. reading time":"3 minutes"},"schema":{"@context":"https:\/\/schema.org","@graph":[{"@type":"WebPage","@id":"https:\/\/legacy.colt.net\/it\/sd-wan-multi-cloud\/","url":"https:\/\/legacy.colt.net\/it\/sd-wan-multi-cloud\/","name":"SD WAN Multi-Cloud - Colt Technology Services","isPartOf":{"@id":"https:\/\/legacy.colt.net\/#website"},"primaryImageOfPage":{"@id":"https:\/\/legacy.colt.net\/it\/sd-wan-multi-cloud\/#primaryimage"},"image":{"@id":"https:\/\/legacy.colt.net\/it\/sd-wan-multi-cloud\/#primaryimage"},"thumbnailUrl":"https:\/\/legacy.colt.net\/wp-content\/uploads\/2019\/05\/Colt-Fallback-12-1-720x450.jpg","datePublished":"2020-06-26T08:41:07+00:00","dateModified":"2021-01-10T12:17:35+00:00","description":"SD WAN Multi-Cloud Colt Technology Services Ecco Colt SD WAN Multi-Cloud : una funzionalit\u00e0 disponibile sul pluripremiato servizio SD WAN di Colt che consente di connettere in maniera diretta, affidabile e sicura cloud multipli tramite Colt Cloud Gateway.","breadcrumb":{"@id":"https:\/\/legacy.colt.net\/it\/sd-wan-multi-cloud\/#breadcrumb"},"inLanguage":"it-IT","potentialAction":[{"@type":"ReadAction","target":["https:\/\/legacy.colt.net\/it\/sd-wan-multi-cloud\/"]}]},{"@type":"ImageObject","inLanguage":"it-IT","@id":"https:\/\/legacy.colt.net\/it\/sd-wan-multi-cloud\/#primaryimage","url":"https:\/\/legacy.colt.net\/wp-content\/uploads\/2019\/05\/Colt-Fallback-12-1-720x450.jpg","contentUrl":"https:\/\/legacy.colt.net\/wp-content\/uploads\/2019\/05\/Colt-Fallback-12-1-720x450.jpg"},{"@type":"BreadcrumbList","@id":"https:\/\/legacy.colt.net\/it\/sd-wan-multi-cloud\/#breadcrumb","itemListElement":[{"@type":"ListItem","position":1,"name":"Home","item":"https:\/\/legacy.colt.net\/it\/"},{"@type":"ListItem","position":2,"name":"SD WAN Multi-Cloud"}]},{"@type":"WebSite","@id":"https:\/\/legacy.colt.net\/#website","url":"https:\/\/legacy.colt.net\/","name":"Colt\u30c6\u30af\u30ce\u30ed\u30b8\u30fc\u30b5\u30fc\u30d3\u30b9\u682a\u5f0f\u4f1a\u793e","description":"Managed Network &amp; Voice Services Provider","publisher":{"@id":"https:\/\/legacy.colt.net\/#organization"},"potentialAction":[{"@type":"SearchAction","target":{"@type":"EntryPoint","urlTemplate":"https:\/\/legacy.colt.net\/?s={search_term_string}"},"query-input":{"@type":"PropertyValueSpecification","valueRequired":true,"valueName":"search_term_string"}}],"inLanguage":"it-IT"},{"@type":"Organization","@id":"https:\/\/legacy.colt.net\/#organization","name":"Colt Technology Services","url":"https:\/\/legacy.colt.net\/","logo":{"@type":"ImageObject","inLanguage":"it-IT","@id":"https:\/\/legacy.colt.net\/#\/schema\/logo\/image\/","url":"https:\/\/legacy.colt.net\/wp-content\/uploads\/2019\/02\/Colt-Logo.png","contentUrl":"https:\/\/legacy.colt.net\/wp-content\/uploads\/2019\/02\/Colt-Logo.png","width":195,"height":77,"caption":"Colt Technology Services"},"image":{"@id":"https:\/\/legacy.colt.net\/#\/schema\/logo\/image\/"},"sameAs":["https:\/\/www.facebook.com\/ColtTechnologyServices\/","https:\/\/x.com\/colt_technology","https:\/\/www.instagram.com\/colttechnologyservices\/","https:\/\/www.linkedin.com\/company\/colt-technology-services","https:\/\/www.youtube.com\/user\/ColtTechnology"]}]}},"_links":{"self":[{"href":"https:\/\/legacy.colt.net\/it\/wp-json\/wp\/v2\/pages\/83532","targetHints":{"allow":["GET"]}}],"collection":[{"href":"https:\/\/legacy.colt.net\/it\/wp-json\/wp\/v2\/pages"}],"about":[{"href":"https:\/\/legacy.colt.net\/it\/wp-json\/wp\/v2\/types\/page"}],"author":[{"embeddable":true,"href":"https:\/\/legacy.colt.net\/it\/wp-json\/wp\/v2\/users\/2"}],"replies":[{"embeddable":true,"href":"https:\/\/legacy.colt.net\/it\/wp-json\/wp\/v2\/comments?post=83532"}],"version-history":[{"count":0,"href":"https:\/\/legacy.colt.net\/it\/wp-json\/wp\/v2\/pages\/83532\/revisions"}],"wp:attachment":[{"href":"https:\/\/legacy.colt.net\/it\/wp-json\/wp\/v2\/media?parent=83532"}],"wp:term":[{"taxonomy":"colt_type","embeddable":true,"href":"https:\/\/legacy.colt.net\/it\/wp-json\/wp\/v2\/colt_type?post=83532"},{"taxonomy":"colt_products","embeddable":true,"href":"https:\/\/legacy.colt.net\/it\/wp-json\/wp\/v2\/colt_products?post=83532"}],"curies":[{"name":"wp","href":"https:\/\/api.w.org\/{rel}","templated":true}]}}