{"id":83458,"date":"2020-02-07T10:59:29","date_gmt":"2020-02-07T10:59:29","guid":{"rendered":"https:\/\/www.colt.net\/product\/secure-network-gateway\/"},"modified":"2024-12-14T14:00:04","modified_gmt":"2024-12-14T14:00:04","slug":"secure-network-gateway","status":"publish","type":"page","link":"https:\/\/legacy.colt.net\/it\/product\/secure-network-gateway\/","title":{"rendered":"Secure Web Gateway"},"content":{"rendered":"<p><iframe loading=\"lazy\" src=\"https:\/\/www.youtube.com\/embed\/KALLVgKrGZc\" width=\"860\" height=\"515\" frameborder=\"0\" allowfullscreen=\"allowfullscreen\"><span data-mce-type=\"bookmark\" style=\"display: inline-block; width: 0px; overflow: hidden; line-height: 0;\" class=\"mce_SELRES_start\">\ufeff<\/span><span data-mce-type=\"bookmark\" style=\"display: inline-block; width: 0px; overflow: hidden; line-height: 0;\" class=\"mce_SELRES_start\">\ufeff<\/span><span data-mce-type=\"bookmark\" style=\"display: inline-block; width: 0px; overflow: hidden; line-height: 0;\" class=\"mce_SELRES_start\">\ufeff<\/span><span data-mce-type=\"bookmark\" style=\"display: inline-block; width: 0px; overflow: hidden; line-height: 0;\" class=\"mce_SELRES_start\">\ufeff<\/span><\/iframe><\/p>\n<h3>Proteggi la tua rete con la soluzione Security-as-a Service di Zscaler, leader di settore<\/h3>\n<p>Con la crescita dell&#8217;adozione del cloud e del decentramento delle reti, i requisiti delle aziende per le soluzioni di sicurezza informatica stanno cambiando.<\/p>\n<p>Per stare al passo con i programmi di trasformazione digitale, le aziende necessitano di una soluzione di sicurezza in grado di fornire un accesso sicuro agli utenti, indipendentemente dalla posizione o dal tipo di accesso.<\/p>\n<p>Sempre pi\u00f9 persone stanno adottando soluzioni di sicurezza di nuova generazione, basate sul cloud, in grado di fornire un accesso sicuro pi\u00f9 vicino all&#8217;utente, ai margini della rete, per ridurre al minimo la latenza e ottimizzare l&#8217;agilit\u00e0.<\/p>\n<h3>Un\u2019unica soluzione per la rete e la sicurezza<\/h3>\n<p>Abbiamo siglato una collaborazione con Zscaler per offrire la soluzione di sicurezza come componente aggiuntivo opzionale dei nostri servizi di rete, tra cui Colt IP Access, IP VPN e la nostra pluripremiata soluzione SD WAN. La nostra rete \u00e8 direttamente interconnessa con il cloud di Zscaler in diverse localit\u00e0 nel mondo, e porta il traffico direttamente a Zscaler, cos\u00ec da offrire una latenza ridotta e un&#8217;esperienza utente uniforme e migliore.<\/p>\n<h3>La migliore sicurezza basata su cloud<\/h3>\n<p>Zscaler \u00e8 un fornitore di servizi di sicurezza leader del mercato, che gestisce la pi\u00f9 grande piattaforma di sicurezza nel cloud del mondo, proteggendo migliaia di imprese e agenzie governative da attacchi informatici e perdita di dati.<\/p>\n<p>Instradando il traffico di rete verso un cloud Zscaler distribuito a livello globale, la piattaforma offre un gateway sicuro per Internet, cloud privato o pubblico. I servizi Zscaler sono completamente forniti in cloud e offrono la semplicit\u00e0, la sicurezza avanzata e l&#8217;esperienza utente migliorata che le appliance tradizionali non sono in grado di eguagliare.<\/p>\n<h3 class=\"p1\"><img loading=\"lazy\" decoding=\"async\" class=\"alignnone wp-image-70066 size-full\" style=\"font-size: 16px;\" src=\"https:\/\/legacy.colt.net\/wp-content\/uploads\/2020\/02\/Zscaler-graphic.png\" alt=\"\" width=\"1049\" height=\"520\" srcset=\"https:\/\/legacy.colt.net\/wp-content\/uploads\/2020\/02\/Zscaler-graphic.png 1049w, https:\/\/legacy.colt.net\/wp-content\/uploads\/2020\/02\/Zscaler-graphic-300x149.png 300w, https:\/\/legacy.colt.net\/wp-content\/uploads\/2020\/02\/Zscaler-graphic-1024x508.png 1024w, https:\/\/legacy.colt.net\/wp-content\/uploads\/2020\/02\/Zscaler-graphic-768x381.png 768w, https:\/\/legacy.colt.net\/wp-content\/uploads\/2020\/02\/Zscaler-graphic-400x198.png 400w, https:\/\/legacy.colt.net\/wp-content\/uploads\/2020\/02\/Zscaler-graphic-500x248.png 500w\" sizes=\"auto, (max-width: 1049px) 100vw, 1049px\" \/><\/h3>\n<p>&nbsp;<\/p>\n","protected":false},"excerpt":{"rendered":"<p>\ufeff\ufeff\ufeff\ufeff Proteggi la tua rete con la soluzione Security-as-a Service di Zscaler, leader di settore Con la crescita dell&#8217;adozione del cloud e del decentramento delle reti, i requisiti delle aziende per le soluzioni di sicurezza informatica stanno cambiando. Per stare al passo con i programmi di trasformazione digitale, le aziende necessitano di una soluzione di&#8230;<\/p>\n","protected":false},"author":2,"featured_media":0,"parent":35900,"menu_order":0,"comment_status":"closed","ping_status":"closed","template":"page-templates\/template-product.php","meta":{"_acf_changed":false,"footnotes":""},"colt_type":[],"colt_products":[1716],"class_list":["post-83458","page","type-page","status-publish","hentry","colt_products-colt-security-it"],"acf":[],"yoast_head":"<!-- This site is optimized with the Yoast SEO plugin v26.8 - https:\/\/yoast.com\/product\/yoast-seo-wordpress\/ -->\n<title>Secure Web Gateway - Colt Technology Services<\/title>\n<meta name=\"description\" content=\"Con la crescita dell&#039;adozione del cloud e del decentramento delle reti, i requisiti delle aziende per le soluzioni di sicurezza informatica stanno cambiando.\" \/>\n<meta name=\"robots\" content=\"noindex, follow, max-snippet:-1, max-image-preview:large, max-video-preview:-1\" \/>\n<meta property=\"og:locale\" content=\"it_IT\" \/>\n<meta property=\"og:type\" content=\"article\" \/>\n<meta property=\"og:title\" content=\"Secure Web Gateway - Colt Technology Services\" \/>\n<meta property=\"og:description\" content=\"Con la crescita dell&#039;adozione del cloud e del decentramento delle reti, i requisiti delle aziende per le soluzioni di sicurezza informatica stanno cambiando.\" \/>\n<meta property=\"og:url\" content=\"https:\/\/legacy.colt.net\/it\/product\/secure-network-gateway\/\" \/>\n<meta property=\"og:site_name\" content=\"Colt Technology Services\" \/>\n<meta property=\"article:publisher\" content=\"https:\/\/www.facebook.com\/ColtTechnologyServices\/\" \/>\n<meta property=\"article:modified_time\" content=\"2024-12-14T14:00:04+00:00\" \/>\n<meta property=\"og:image\" content=\"https:\/\/legacy.colt.net\/wp-content\/uploads\/2020\/02\/Zscaler-graphic.png\" \/>\n<meta name=\"twitter:card\" content=\"summary_large_image\" \/>\n<meta name=\"twitter:site\" content=\"@colt_technology\" \/>\n<script type=\"application\/ld+json\" class=\"yoast-schema-graph\">{\"@context\":\"https:\/\/schema.org\",\"@graph\":[{\"@type\":\"WebPage\",\"@id\":\"https:\/\/legacy.colt.net\/it\/product\/secure-network-gateway\/\",\"url\":\"https:\/\/legacy.colt.net\/it\/product\/secure-network-gateway\/\",\"name\":\"Secure Web Gateway - Colt Technology Services\",\"isPartOf\":{\"@id\":\"https:\/\/legacy.colt.net\/#website\"},\"primaryImageOfPage\":{\"@id\":\"https:\/\/legacy.colt.net\/it\/product\/secure-network-gateway\/#primaryimage\"},\"image\":{\"@id\":\"https:\/\/legacy.colt.net\/it\/product\/secure-network-gateway\/#primaryimage\"},\"thumbnailUrl\":\"https:\/\/legacy.colt.net\/wp-content\/uploads\/2020\/02\/Zscaler-graphic.png\",\"datePublished\":\"2020-02-07T10:59:29+00:00\",\"dateModified\":\"2024-12-14T14:00:04+00:00\",\"description\":\"Con la crescita dell'adozione del cloud e del decentramento delle reti, i requisiti delle aziende per le soluzioni di sicurezza informatica stanno cambiando.\",\"breadcrumb\":{\"@id\":\"https:\/\/legacy.colt.net\/it\/product\/secure-network-gateway\/#breadcrumb\"},\"inLanguage\":\"it-IT\",\"potentialAction\":[{\"@type\":\"ReadAction\",\"target\":[\"https:\/\/legacy.colt.net\/it\/product\/secure-network-gateway\/\"]}]},{\"@type\":\"ImageObject\",\"inLanguage\":\"it-IT\",\"@id\":\"https:\/\/legacy.colt.net\/it\/product\/secure-network-gateway\/#primaryimage\",\"url\":\"https:\/\/legacy.colt.net\/wp-content\/uploads\/2020\/02\/Zscaler-graphic.png\",\"contentUrl\":\"https:\/\/legacy.colt.net\/wp-content\/uploads\/2020\/02\/Zscaler-graphic.png\"},{\"@type\":\"BreadcrumbList\",\"@id\":\"https:\/\/legacy.colt.net\/it\/product\/secure-network-gateway\/#breadcrumb\",\"itemListElement\":[{\"@type\":\"ListItem\",\"position\":1,\"name\":\"Home\",\"item\":\"https:\/\/legacy.colt.net\/it\/\"},{\"@type\":\"ListItem\",\"position\":2,\"name\":\"Prodotti &#038; Servizi\",\"item\":\"https:\/\/legacy.colt.net\/it\/product\/\"},{\"@type\":\"ListItem\",\"position\":3,\"name\":\"Secure Web Gateway\"}]},{\"@type\":\"WebSite\",\"@id\":\"https:\/\/legacy.colt.net\/#website\",\"url\":\"https:\/\/legacy.colt.net\/\",\"name\":\"Colt\u30c6\u30af\u30ce\u30ed\u30b8\u30fc\u30b5\u30fc\u30d3\u30b9\u682a\u5f0f\u4f1a\u793e\",\"description\":\"Managed Network &amp; Voice Services Provider\",\"publisher\":{\"@id\":\"https:\/\/legacy.colt.net\/#organization\"},\"potentialAction\":[{\"@type\":\"SearchAction\",\"target\":{\"@type\":\"EntryPoint\",\"urlTemplate\":\"https:\/\/legacy.colt.net\/?s={search_term_string}\"},\"query-input\":{\"@type\":\"PropertyValueSpecification\",\"valueRequired\":true,\"valueName\":\"search_term_string\"}}],\"inLanguage\":\"it-IT\"},{\"@type\":\"Organization\",\"@id\":\"https:\/\/legacy.colt.net\/#organization\",\"name\":\"Colt Technology Services\",\"url\":\"https:\/\/legacy.colt.net\/\",\"logo\":{\"@type\":\"ImageObject\",\"inLanguage\":\"it-IT\",\"@id\":\"https:\/\/legacy.colt.net\/#\/schema\/logo\/image\/\",\"url\":\"https:\/\/legacy.colt.net\/wp-content\/uploads\/2019\/02\/Colt-Logo.png\",\"contentUrl\":\"https:\/\/legacy.colt.net\/wp-content\/uploads\/2019\/02\/Colt-Logo.png\",\"width\":195,\"height\":77,\"caption\":\"Colt Technology Services\"},\"image\":{\"@id\":\"https:\/\/legacy.colt.net\/#\/schema\/logo\/image\/\"},\"sameAs\":[\"https:\/\/www.facebook.com\/ColtTechnologyServices\/\",\"https:\/\/x.com\/colt_technology\",\"https:\/\/www.instagram.com\/colttechnologyservices\/\",\"https:\/\/www.linkedin.com\/company\/colt-technology-services\",\"https:\/\/www.youtube.com\/user\/ColtTechnology\"]}]}<\/script>\n<!-- \/ Yoast SEO plugin. -->","yoast_head_json":{"title":"Secure Web Gateway - Colt Technology Services","description":"Con la crescita dell'adozione del cloud e del decentramento delle reti, i requisiti delle aziende per le soluzioni di sicurezza informatica stanno cambiando.","robots":{"index":"noindex","follow":"follow","max-snippet":"max-snippet:-1","max-image-preview":"max-image-preview:large","max-video-preview":"max-video-preview:-1"},"og_locale":"it_IT","og_type":"article","og_title":"Secure Web Gateway - Colt Technology Services","og_description":"Con la crescita dell'adozione del cloud e del decentramento delle reti, i requisiti delle aziende per le soluzioni di sicurezza informatica stanno cambiando.","og_url":"https:\/\/legacy.colt.net\/it\/product\/secure-network-gateway\/","og_site_name":"Colt Technology Services","article_publisher":"https:\/\/www.facebook.com\/ColtTechnologyServices\/","article_modified_time":"2024-12-14T14:00:04+00:00","og_image":[{"url":"https:\/\/legacy.colt.net\/wp-content\/uploads\/2020\/02\/Zscaler-graphic.png","type":"","width":"","height":""}],"twitter_card":"summary_large_image","twitter_site":"@colt_technology","schema":{"@context":"https:\/\/schema.org","@graph":[{"@type":"WebPage","@id":"https:\/\/legacy.colt.net\/it\/product\/secure-network-gateway\/","url":"https:\/\/legacy.colt.net\/it\/product\/secure-network-gateway\/","name":"Secure Web Gateway - Colt Technology Services","isPartOf":{"@id":"https:\/\/legacy.colt.net\/#website"},"primaryImageOfPage":{"@id":"https:\/\/legacy.colt.net\/it\/product\/secure-network-gateway\/#primaryimage"},"image":{"@id":"https:\/\/legacy.colt.net\/it\/product\/secure-network-gateway\/#primaryimage"},"thumbnailUrl":"https:\/\/legacy.colt.net\/wp-content\/uploads\/2020\/02\/Zscaler-graphic.png","datePublished":"2020-02-07T10:59:29+00:00","dateModified":"2024-12-14T14:00:04+00:00","description":"Con la crescita dell'adozione del cloud e del decentramento delle reti, i requisiti delle aziende per le soluzioni di sicurezza informatica stanno cambiando.","breadcrumb":{"@id":"https:\/\/legacy.colt.net\/it\/product\/secure-network-gateway\/#breadcrumb"},"inLanguage":"it-IT","potentialAction":[{"@type":"ReadAction","target":["https:\/\/legacy.colt.net\/it\/product\/secure-network-gateway\/"]}]},{"@type":"ImageObject","inLanguage":"it-IT","@id":"https:\/\/legacy.colt.net\/it\/product\/secure-network-gateway\/#primaryimage","url":"https:\/\/legacy.colt.net\/wp-content\/uploads\/2020\/02\/Zscaler-graphic.png","contentUrl":"https:\/\/legacy.colt.net\/wp-content\/uploads\/2020\/02\/Zscaler-graphic.png"},{"@type":"BreadcrumbList","@id":"https:\/\/legacy.colt.net\/it\/product\/secure-network-gateway\/#breadcrumb","itemListElement":[{"@type":"ListItem","position":1,"name":"Home","item":"https:\/\/legacy.colt.net\/it\/"},{"@type":"ListItem","position":2,"name":"Prodotti &#038; Servizi","item":"https:\/\/legacy.colt.net\/it\/product\/"},{"@type":"ListItem","position":3,"name":"Secure Web Gateway"}]},{"@type":"WebSite","@id":"https:\/\/legacy.colt.net\/#website","url":"https:\/\/legacy.colt.net\/","name":"Colt\u30c6\u30af\u30ce\u30ed\u30b8\u30fc\u30b5\u30fc\u30d3\u30b9\u682a\u5f0f\u4f1a\u793e","description":"Managed Network &amp; Voice Services Provider","publisher":{"@id":"https:\/\/legacy.colt.net\/#organization"},"potentialAction":[{"@type":"SearchAction","target":{"@type":"EntryPoint","urlTemplate":"https:\/\/legacy.colt.net\/?s={search_term_string}"},"query-input":{"@type":"PropertyValueSpecification","valueRequired":true,"valueName":"search_term_string"}}],"inLanguage":"it-IT"},{"@type":"Organization","@id":"https:\/\/legacy.colt.net\/#organization","name":"Colt Technology Services","url":"https:\/\/legacy.colt.net\/","logo":{"@type":"ImageObject","inLanguage":"it-IT","@id":"https:\/\/legacy.colt.net\/#\/schema\/logo\/image\/","url":"https:\/\/legacy.colt.net\/wp-content\/uploads\/2019\/02\/Colt-Logo.png","contentUrl":"https:\/\/legacy.colt.net\/wp-content\/uploads\/2019\/02\/Colt-Logo.png","width":195,"height":77,"caption":"Colt Technology Services"},"image":{"@id":"https:\/\/legacy.colt.net\/#\/schema\/logo\/image\/"},"sameAs":["https:\/\/www.facebook.com\/ColtTechnologyServices\/","https:\/\/x.com\/colt_technology","https:\/\/www.instagram.com\/colttechnologyservices\/","https:\/\/www.linkedin.com\/company\/colt-technology-services","https:\/\/www.youtube.com\/user\/ColtTechnology"]}]}},"_links":{"self":[{"href":"https:\/\/legacy.colt.net\/it\/wp-json\/wp\/v2\/pages\/83458","targetHints":{"allow":["GET"]}}],"collection":[{"href":"https:\/\/legacy.colt.net\/it\/wp-json\/wp\/v2\/pages"}],"about":[{"href":"https:\/\/legacy.colt.net\/it\/wp-json\/wp\/v2\/types\/page"}],"author":[{"embeddable":true,"href":"https:\/\/legacy.colt.net\/it\/wp-json\/wp\/v2\/users\/2"}],"replies":[{"embeddable":true,"href":"https:\/\/legacy.colt.net\/it\/wp-json\/wp\/v2\/comments?post=83458"}],"version-history":[{"count":0,"href":"https:\/\/legacy.colt.net\/it\/wp-json\/wp\/v2\/pages\/83458\/revisions"}],"up":[{"embeddable":true,"href":"https:\/\/legacy.colt.net\/it\/wp-json\/wp\/v2\/pages\/35900"}],"wp:attachment":[{"href":"https:\/\/legacy.colt.net\/it\/wp-json\/wp\/v2\/media?parent=83458"}],"wp:term":[{"taxonomy":"colt_type","embeddable":true,"href":"https:\/\/legacy.colt.net\/it\/wp-json\/wp\/v2\/colt_type?post=83458"},{"taxonomy":"colt_products","embeddable":true,"href":"https:\/\/legacy.colt.net\/it\/wp-json\/wp\/v2\/colt_products?post=83458"}],"curies":[{"name":"wp","href":"https:\/\/api.w.org\/{rel}","templated":true}]}}