{"id":76001,"date":"2020-06-16T10:24:19","date_gmt":"2020-06-16T09:24:19","guid":{"rendered":"https:\/\/www.colt.net\/?page_id=76001"},"modified":"2020-06-16T12:07:34","modified_gmt":"2020-06-16T11:07:34","slug":"telco-per-litalia","status":"publish","type":"page","link":"https:\/\/legacy.colt.net\/it\/telco-per-litalia\/","title":{"rendered":"Telco per L&#8217;Italia"},"content":{"rendered":"<h1>\n\t\tTelco per L&#8217;Italia\n\t<\/h1>\n\t<nav class=\"breadcrumb\"><span><span><a href=\"https:\/\/legacy.colt.net\/it\/\">Home<\/a><\/span><\/span><\/nav>\n<h4>\n\t\tColt \u00e8 Platinum sponsor di Telco per l&#8217;Italia\n\t<\/h4>\n\t<p>Colt \u00e8 Platinum sponsor di Telco per l&#8217;Italia: l\u2019annuale evento di CorCom sul mondo delle telecomunicazioni si trasforma in una maratona digitale con quattro appuntamenti \u2013 il 18 e 25 giugno, il 2 e 16 luglio \u2013 ciascuno dedicato ad uno specifico approfondimento per affrontare e approfondire i nodi, gli aspetti e i temi pi\u00f9 strategici e urgenti del settore delle telecomunicazioni, e, pi\u00f9 in generale, del Sistema Paese.<\/p>\n<strong>Perch\u00e9 Colt? Una rete costruita per adattarsi al cambiamento<\/strong><br \/>\nLe aziende hanno sempre dovuto gestire il cambiamento, ma mai cos\u00ec come negli ultimi 12 mesi. Agilit\u00e0 e reattivit\u00e0 sono oggi elementi imprescindibili, nel business come nelle reti, chiamate ad essere affidabili, scalabili e a banda ultra larga per permettere alle aziende di connettersi in modo flessibile e veloce ai data center. Colt per anni ha investito e costruito la sua IQ Network tenendo questi requisiti al centro della sua strategia e supporta le aziende con soluzioni On Demand che sfruttano le potenzialit\u00e0 della virtualizzazione e i vantaggi dell&#8217;AI per prevenire i guasti, offrendo una connettivit\u00e0 in tempo reale tra data center, provider di servizi cloud e le varie sedi aziendali.\n<p><strong>Registrati e partecipa a Telco per l\u2019Italia<\/strong><\/p>\n<h3>\n\t\tEvento online: Next generation network, fra intelligenza artificiale e machine learning\n\t<\/h3>\n<h4>\n\t\tGioved\u00ec 16 luglio 2020 | 17.00 &#8211; 18.30\n\t<\/h4>\n\t\t\t\t<img loading=\"lazy\" decoding=\"async\" src=\"https:\/\/legacy.colt.net\/wp-content\/uploads\/2020\/06\/Mirko_Voltilini039-scaled.jpg\" alt=\"Mirko_Voltilini039\" itemprop=\"image\" height=\"2560\" width=\"2560\" title=\"Mirko_Voltilini039\" onerror=\"this.style.display='none'\"  \/>\n\t<p><strong>Mirko Voltolini,\u00a0Head of Network On Demand<\/strong><\/p>\n\t<p>Le reti sono destinate a evolversi in nome dell\u2019efficienza e delle performance: la \u00abvirtualizzazione\u00bb delle infrastrutture e l\u2019uso di tecnologie quali intelligenza artificiale e machine learning permetteranno un salto di qualit\u00e0 notevole. Anche e soprattutto considerate le operazioni gestibili da remoto e la possibilit\u00e0 di upgrade in real time di funzionalit\u00e0 in grado di rispondere alle rinnovate esigenze degli operatori nell\u2019offerta al consumatore finale. Tagliare i costi e migliorare l\u2019efficienza i due imperativi: a che punto siamo?&#8221;<\/p>\n\t\t\t<a href=\"https:\/\/www.telcoperlitalia360summit.it\/\" target=\"_self\" role=\"button\" rel=\"noopener noreferrer\">\n\t\t\t\t\t\t\tRegistrati qui\n\t\t\t\t\t<\/a>\n\t<p>18 giugno &#8211; 16 luglio 2020<\/p>\n\t<p>17:00 &#8211; 18:30 CEST<\/p>\n\t<p>Eventi online<\/p>\n","protected":false},"excerpt":{"rendered":"<p>Telco per L&#8217;Italia Colt \u00e8 Platinum sponsor di Telco per l&#8217;Italia Colt \u00e8 Platinum sponsor di Telco per l&#8217;Italia: l\u2019annuale evento di CorCom sul mondo delle telecomunicazioni si trasforma in una maratona digitale con quattro appuntamenti \u2013 il 18 e 25 giugno, il 2 e 16 luglio \u2013 ciascuno dedicato ad uno specifico approfondimento per&#8230;<\/p>\n","protected":false},"author":2,"featured_media":0,"parent":0,"menu_order":0,"comment_status":"closed","ping_status":"closed","template":"","meta":{"_acf_changed":false,"footnotes":""},"colt_type":[],"colt_products":[],"class_list":["post-76001","page","type-page","status-publish","hentry"],"acf":[],"yoast_head":"<!-- This site is optimized with the Yoast SEO plugin v26.8 - https:\/\/yoast.com\/product\/yoast-seo-wordpress\/ -->\n<title>Telco per L&#039;Italia - Colt Technology Services<\/title>\n<meta name=\"description\" content=\"Telco per L&#039;Italia Colt Technology Services\" \/>\n<meta name=\"robots\" content=\"noindex, follow, max-snippet:-1, max-image-preview:large, max-video-preview:-1\" \/>\n<meta property=\"og:locale\" content=\"it_IT\" \/>\n<meta property=\"og:type\" content=\"article\" \/>\n<meta property=\"og:title\" content=\"Telco per L&#039;Italia - Colt Technology Services\" \/>\n<meta property=\"og:description\" content=\"Telco per L&#039;Italia Colt Technology Services\" \/>\n<meta property=\"og:url\" content=\"https:\/\/legacy.colt.net\/it\/telco-per-litalia\/\" \/>\n<meta property=\"og:site_name\" content=\"Colt Technology Services\" \/>\n<meta property=\"article:publisher\" content=\"https:\/\/www.facebook.com\/ColtTechnologyServices\/\" \/>\n<meta property=\"article:modified_time\" content=\"2020-06-16T11:07:34+00:00\" \/>\n<meta property=\"og:image\" content=\"https:\/\/legacy.colt.net\/wp-content\/uploads\/2021\/01\/Brand-2021-Stock-43.jpg\" \/>\n\t<meta property=\"og:image:width\" content=\"1000\" \/>\n\t<meta property=\"og:image:height\" content=\"667\" \/>\n\t<meta property=\"og:image:type\" content=\"image\/jpeg\" \/>\n<meta name=\"twitter:card\" content=\"summary_large_image\" \/>\n<meta name=\"twitter:site\" content=\"@colt_technology\" \/>\n<meta name=\"twitter:label1\" content=\"Est. reading time\" \/>\n\t<meta name=\"twitter:data1\" content=\"2 minutes\" \/>\n<script type=\"application\/ld+json\" class=\"yoast-schema-graph\">{\"@context\":\"https:\/\/schema.org\",\"@graph\":[{\"@type\":\"WebPage\",\"@id\":\"https:\/\/legacy.colt.net\/it\/telco-per-litalia\/\",\"url\":\"https:\/\/legacy.colt.net\/it\/telco-per-litalia\/\",\"name\":\"Telco per L'Italia - Colt Technology Services\",\"isPartOf\":{\"@id\":\"https:\/\/legacy.colt.net\/#website\"},\"primaryImageOfPage\":{\"@id\":\"https:\/\/legacy.colt.net\/it\/telco-per-litalia\/#primaryimage\"},\"image\":{\"@id\":\"https:\/\/legacy.colt.net\/it\/telco-per-litalia\/#primaryimage\"},\"thumbnailUrl\":\"https:\/\/legacy.colt.net\/wp-content\/uploads\/2020\/06\/Mirko_Voltilini039-scaled.jpg\",\"datePublished\":\"2020-06-16T09:24:19+00:00\",\"dateModified\":\"2020-06-16T11:07:34+00:00\",\"description\":\"Telco per L'Italia Colt Technology Services\",\"breadcrumb\":{\"@id\":\"https:\/\/legacy.colt.net\/it\/telco-per-litalia\/#breadcrumb\"},\"inLanguage\":\"it-IT\",\"potentialAction\":[{\"@type\":\"ReadAction\",\"target\":[\"https:\/\/legacy.colt.net\/it\/telco-per-litalia\/\"]}]},{\"@type\":\"ImageObject\",\"inLanguage\":\"it-IT\",\"@id\":\"https:\/\/legacy.colt.net\/it\/telco-per-litalia\/#primaryimage\",\"url\":\"https:\/\/legacy.colt.net\/wp-content\/uploads\/2020\/06\/Mirko_Voltilini039-scaled.jpg\",\"contentUrl\":\"https:\/\/legacy.colt.net\/wp-content\/uploads\/2020\/06\/Mirko_Voltilini039-scaled.jpg\"},{\"@type\":\"BreadcrumbList\",\"@id\":\"https:\/\/legacy.colt.net\/it\/telco-per-litalia\/#breadcrumb\",\"itemListElement\":[{\"@type\":\"ListItem\",\"position\":1,\"name\":\"Home\",\"item\":\"https:\/\/legacy.colt.net\/it\/\"},{\"@type\":\"ListItem\",\"position\":2,\"name\":\"Telco per L&#8217;Italia\"}]},{\"@type\":\"WebSite\",\"@id\":\"https:\/\/legacy.colt.net\/#website\",\"url\":\"https:\/\/legacy.colt.net\/\",\"name\":\"Colt\u30c6\u30af\u30ce\u30ed\u30b8\u30fc\u30b5\u30fc\u30d3\u30b9\u682a\u5f0f\u4f1a\u793e\",\"description\":\"Managed Network &amp; Voice Services Provider\",\"publisher\":{\"@id\":\"https:\/\/legacy.colt.net\/#organization\"},\"potentialAction\":[{\"@type\":\"SearchAction\",\"target\":{\"@type\":\"EntryPoint\",\"urlTemplate\":\"https:\/\/legacy.colt.net\/?s={search_term_string}\"},\"query-input\":{\"@type\":\"PropertyValueSpecification\",\"valueRequired\":true,\"valueName\":\"search_term_string\"}}],\"inLanguage\":\"it-IT\"},{\"@type\":\"Organization\",\"@id\":\"https:\/\/legacy.colt.net\/#organization\",\"name\":\"Colt Technology Services\",\"url\":\"https:\/\/legacy.colt.net\/\",\"logo\":{\"@type\":\"ImageObject\",\"inLanguage\":\"it-IT\",\"@id\":\"https:\/\/legacy.colt.net\/#\/schema\/logo\/image\/\",\"url\":\"https:\/\/legacy.colt.net\/wp-content\/uploads\/2019\/02\/Colt-Logo.png\",\"contentUrl\":\"https:\/\/legacy.colt.net\/wp-content\/uploads\/2019\/02\/Colt-Logo.png\",\"width\":195,\"height\":77,\"caption\":\"Colt Technology Services\"},\"image\":{\"@id\":\"https:\/\/legacy.colt.net\/#\/schema\/logo\/image\/\"},\"sameAs\":[\"https:\/\/www.facebook.com\/ColtTechnologyServices\/\",\"https:\/\/x.com\/colt_technology\",\"https:\/\/www.instagram.com\/colttechnologyservices\/\",\"https:\/\/www.linkedin.com\/company\/colt-technology-services\",\"https:\/\/www.youtube.com\/user\/ColtTechnology\"]}]}<\/script>\n<!-- \/ Yoast SEO plugin. -->","yoast_head_json":{"title":"Telco per L'Italia - Colt Technology Services","description":"Telco per L'Italia Colt Technology Services","robots":{"index":"noindex","follow":"follow","max-snippet":"max-snippet:-1","max-image-preview":"max-image-preview:large","max-video-preview":"max-video-preview:-1"},"og_locale":"it_IT","og_type":"article","og_title":"Telco per L'Italia - Colt Technology Services","og_description":"Telco per L'Italia Colt Technology Services","og_url":"https:\/\/legacy.colt.net\/it\/telco-per-litalia\/","og_site_name":"Colt Technology Services","article_publisher":"https:\/\/www.facebook.com\/ColtTechnologyServices\/","article_modified_time":"2020-06-16T11:07:34+00:00","og_image":[{"width":1000,"height":667,"url":"https:\/\/legacy.colt.net\/wp-content\/uploads\/2021\/01\/Brand-2021-Stock-43.jpg","type":"image\/jpeg"}],"twitter_card":"summary_large_image","twitter_site":"@colt_technology","twitter_misc":{"Est. reading time":"2 minutes"},"schema":{"@context":"https:\/\/schema.org","@graph":[{"@type":"WebPage","@id":"https:\/\/legacy.colt.net\/it\/telco-per-litalia\/","url":"https:\/\/legacy.colt.net\/it\/telco-per-litalia\/","name":"Telco per L'Italia - Colt Technology Services","isPartOf":{"@id":"https:\/\/legacy.colt.net\/#website"},"primaryImageOfPage":{"@id":"https:\/\/legacy.colt.net\/it\/telco-per-litalia\/#primaryimage"},"image":{"@id":"https:\/\/legacy.colt.net\/it\/telco-per-litalia\/#primaryimage"},"thumbnailUrl":"https:\/\/legacy.colt.net\/wp-content\/uploads\/2020\/06\/Mirko_Voltilini039-scaled.jpg","datePublished":"2020-06-16T09:24:19+00:00","dateModified":"2020-06-16T11:07:34+00:00","description":"Telco per L'Italia Colt Technology Services","breadcrumb":{"@id":"https:\/\/legacy.colt.net\/it\/telco-per-litalia\/#breadcrumb"},"inLanguage":"it-IT","potentialAction":[{"@type":"ReadAction","target":["https:\/\/legacy.colt.net\/it\/telco-per-litalia\/"]}]},{"@type":"ImageObject","inLanguage":"it-IT","@id":"https:\/\/legacy.colt.net\/it\/telco-per-litalia\/#primaryimage","url":"https:\/\/legacy.colt.net\/wp-content\/uploads\/2020\/06\/Mirko_Voltilini039-scaled.jpg","contentUrl":"https:\/\/legacy.colt.net\/wp-content\/uploads\/2020\/06\/Mirko_Voltilini039-scaled.jpg"},{"@type":"BreadcrumbList","@id":"https:\/\/legacy.colt.net\/it\/telco-per-litalia\/#breadcrumb","itemListElement":[{"@type":"ListItem","position":1,"name":"Home","item":"https:\/\/legacy.colt.net\/it\/"},{"@type":"ListItem","position":2,"name":"Telco per L&#8217;Italia"}]},{"@type":"WebSite","@id":"https:\/\/legacy.colt.net\/#website","url":"https:\/\/legacy.colt.net\/","name":"Colt\u30c6\u30af\u30ce\u30ed\u30b8\u30fc\u30b5\u30fc\u30d3\u30b9\u682a\u5f0f\u4f1a\u793e","description":"Managed Network &amp; Voice Services Provider","publisher":{"@id":"https:\/\/legacy.colt.net\/#organization"},"potentialAction":[{"@type":"SearchAction","target":{"@type":"EntryPoint","urlTemplate":"https:\/\/legacy.colt.net\/?s={search_term_string}"},"query-input":{"@type":"PropertyValueSpecification","valueRequired":true,"valueName":"search_term_string"}}],"inLanguage":"it-IT"},{"@type":"Organization","@id":"https:\/\/legacy.colt.net\/#organization","name":"Colt Technology Services","url":"https:\/\/legacy.colt.net\/","logo":{"@type":"ImageObject","inLanguage":"it-IT","@id":"https:\/\/legacy.colt.net\/#\/schema\/logo\/image\/","url":"https:\/\/legacy.colt.net\/wp-content\/uploads\/2019\/02\/Colt-Logo.png","contentUrl":"https:\/\/legacy.colt.net\/wp-content\/uploads\/2019\/02\/Colt-Logo.png","width":195,"height":77,"caption":"Colt Technology Services"},"image":{"@id":"https:\/\/legacy.colt.net\/#\/schema\/logo\/image\/"},"sameAs":["https:\/\/www.facebook.com\/ColtTechnologyServices\/","https:\/\/x.com\/colt_technology","https:\/\/www.instagram.com\/colttechnologyservices\/","https:\/\/www.linkedin.com\/company\/colt-technology-services","https:\/\/www.youtube.com\/user\/ColtTechnology"]}]}},"_links":{"self":[{"href":"https:\/\/legacy.colt.net\/it\/wp-json\/wp\/v2\/pages\/76001","targetHints":{"allow":["GET"]}}],"collection":[{"href":"https:\/\/legacy.colt.net\/it\/wp-json\/wp\/v2\/pages"}],"about":[{"href":"https:\/\/legacy.colt.net\/it\/wp-json\/wp\/v2\/types\/page"}],"author":[{"embeddable":true,"href":"https:\/\/legacy.colt.net\/it\/wp-json\/wp\/v2\/users\/2"}],"replies":[{"embeddable":true,"href":"https:\/\/legacy.colt.net\/it\/wp-json\/wp\/v2\/comments?post=76001"}],"version-history":[{"count":0,"href":"https:\/\/legacy.colt.net\/it\/wp-json\/wp\/v2\/pages\/76001\/revisions"}],"wp:attachment":[{"href":"https:\/\/legacy.colt.net\/it\/wp-json\/wp\/v2\/media?parent=76001"}],"wp:term":[{"taxonomy":"colt_type","embeddable":true,"href":"https:\/\/legacy.colt.net\/it\/wp-json\/wp\/v2\/colt_type?post=76001"},{"taxonomy":"colt_products","embeddable":true,"href":"https:\/\/legacy.colt.net\/it\/wp-json\/wp\/v2\/colt_products?post=76001"}],"curies":[{"name":"wp","href":"https:\/\/api.w.org\/{rel}","templated":true}]}}