{"id":75057,"date":"2020-05-27T16:47:39","date_gmt":"2020-05-27T15:47:39","guid":{"rendered":"https:\/\/www.colt.net\/?page_id=75057"},"modified":"2020-11-06T09:23:48","modified_gmt":"2020-11-06T09:23:48","slug":"covid-19","status":"publish","type":"page","link":"https:\/\/legacy.colt.net\/it\/covid-19\/","title":{"rendered":"Covid 19"},"content":{"rendered":"<h1>\n\t\tColt &#038; Covid-19:\n\t<\/h1>\n<h3>\n\t\tAggiornamento \n\t<\/h3>\n\t<p>I nostri team di Business Continuity Management (BCM), Health &amp; Safety (H&amp;S) e Security lavorano H24 7X7 monitorando la continua evoluzione della situazione, anche nell\u2019ambito degli obblighi di coordinamento e sorveglianza della salute e della sicurezza dei dipendenti sui luoghi di lavoro.<\/p>\n<p>Abbiamo definito ed implementato laddove necessario, specifici piani operativi che sono stati messi in atto prontamente e nel pieno rispetto di tutti i Decreti ed Ordinanze emessi dalle Autorit\u00e0 Competenti: siamo preparati per qualsiasi potenziale impatto sulla nostra rete ed sulle nostre operation.<\/p>\n<h2>\n\t\tla nostra rete\n\t<\/h2>\n\t<p>Colt opera secondo lo standard UNI ISO 22301: 2019 in cui tutte le funzioni aziendali critiche identificate hanno piani di continuit\u00e0 aziendale comprovati su cui il personale viene formato e i piani vengono rivisti, esercitati e\/o testati ogni anno. Colt gestisce una rete globale e ha pi\u00f9 centri operativi in tutto il mondo con piani di continuit\u00e0 definiti e ben collaudati.<\/p>\nAttualmente, a seguito di screening continui, non abbiamo rilevato alcun impatto sulle nostre persone n\u00e9 sulla nostra catena di fornitori, ma continuiamo a monitorare la situazione.<br \/>\nColt si \u00e8 allineata alle disposizioni dell&#8217;Organizzazione Mondiale della Sanit\u00e0 (OMS), del Center of Disease Control (CDC) e alle direttive del Governo, Ministero della Sanit\u00e0, Autorit\u00e0 Locali.\n<p>In ottemperanza alle misure di contenimento del contagio nelle aree a rischio, emanate con gli ultimi Decreti della PCM, Colt ha ristretto l\u2019accesso ai suoi uffici di Milano, Roma e Torino ed ha implementato il lavoro da remoto in tutte le sue sedi Italiane, consentendo spostamenti ai dipendenti SOLO per motivate e comprovate urgenti esigenze di business, proprie e\/o dei propri clienti, sempre nell\u2019ottica di garantire la continuit\u00e0 operativa e la qualit\u00e0 dei servizi erogati.<\/p>\nColt si riserva il diritto di valutare a propria discrezione l\u2019urgenza delle richieste di accesso ai propri edifici, nodi e Data Centre ed eventualmente di concordare un posticipo dell\u2019intervento.<br \/>\nResta inteso che Colt far\u00e0 quanto ragionevolmente possibile per non compromettere il buon funzionamento delle reti e dei servizi del richiedente.\n\t<p>Per eventuali accessi alle sedi Colt verranno osservate le seguenti precauzioni:<\/p>\n<ul>\n<li>divieto assoluto di accesso ai soggetti con sintomatologia da infezioni respiratorie o sottoposti a quarantena;<\/li>\n<li>ogni richiesta verr\u00e0 valutata caso per caso con i richiedenti, posticipando laddove possibile l\u2019intervento qualora non abbia natura di urgenza o sia comunque posticipabile, in quanto non compromette il buon funzionamento delle reti e dei servizi del richiedente;<\/li>\n<li>in ogni caso gli accessi in simultanea a pi\u00f9 di un richiedente per sala dati, verranno valutati in base alla posizione del rack nella sala al fine di salvaguardare le distanze come da disposizioni governative. Gli ascensori devono essere utilizzati singolarmente;<\/li>\n<li>si prega di presentarsi presso i Data Centre (DC) o presso i nostri Nodi (Centrali Telefoniche) dopo aver concordato preventivamente l\u2019accesso e, per il DC, dopo aver effettuato una richiesta di accesso tramite ticket via Kayako;<\/li>\n<li>per quanto riguarda la pianificazione delle attivit\u00e0 nel Data Centre (DC) o nei Nodi, Colt si adoperer\u00e0 al fine di espletare le richieste nel minor tempo possibile e pianificher\u00e0 le attivit\u00e0 sulla base di quanto sopra descritto, confidando nella collaborazione di tutti;<\/li>\n<li>in tutti i casi possibili, Colt si rende disponibile ad operare in vece del personale esterno tramite il servizio di Remote Hands. Tale modalit\u00e0 \u00e8 fortemente consigliata al fine di limitare contatti diretti;<\/li>\n<li>una volta completati i passaggi di cui sopra, si chieder\u00e0 di confermare all\u2019atto dell\u2019accesso un\u2019autodichiarazione recante i punti salienti riportati sotto.<\/li>\n<\/ul>\n\t<p>Le presenti disposizioni resteranno in vigore almeno sino a nuova comunicazione di adeguamento alle direttive delle autorit\u00e0 competenti. La nostra priorit\u00e0 \u00e8 la sicurezza dei nostri Clienti, Partner e Colleghi !<\/p>\n<p>In caso di dubbi, vi invitiamo a scrivere al referente locale di Health &amp; Safety:\u00a0<a href=\"mailto:Delia.Gavrilescu@colt.net\">Delia.Gavrilescu@colt.net<\/a>, H&amp;S Advisor per Colt Italia. <em>Per informazioni relative ai servizi Colt Data Center, visitare\u00a0<\/em><a href=\"https:\/\/www.coltdatacentres.net\/en-GB\/news\/data-centres\/2020\/02\/corona-virus?__hstc=193661298.498cfffbaae67230abe122ac63217579.1587648607172.1588106146146.1588236961583.6&amp;__hssc=193661298.1.1588236961583&amp;__hsfp=2659978622\"><em>https:\/\/www.coltdatacentres.net\/en-GB\/news\/data-centres\/2020\/02\/corona-virus<\/em><\/a><\/p>\n<h2>\n\t\tFAQs\n\t<\/h2>\n\t\t\t\t\t\t<h4 tabindex=\"0\">Qual \u00e8 la procedura Colt di gestione dei casi positivi?<\/h4>\n\t\t\t<p>La procedura Colt di gestione dei casi Covid-19 include diversi passaggi per identificare e segnalare un caso sospetto o confermato di infezione da Covid-19.<\/p>\n<p>Questa procedura coinvolge diversi team con diverse responsabilit\u00e0:<\/p>\n<ul>\n<li>Site Facilities<\/li>\n<li>Salute e Sicurezza<\/li>\n<li>Risorse Umane<\/li>\n<li>Sicurezza<\/li>\n<\/ul>\n<p>Questa procedura \u00e8 gestita centralmente attraverso il personale Colt deputato a rispondere alle emergenze 24&#215;7 e include disposizioni sia per Colt che per le sedi dei clienti o di terze parti come:<\/p>\n<ul>\n<li>Pulizia profonda<\/li>\n<li>Ricerca e tracciamento<\/li>\n<\/ul>\n<p>Il documento di gestione dei casi Covid-19 contiene dati aziendali e personali sensibili per cui, in conformit\u00e0 a ISO27001, al GDPR e al Codice di condotta, Colt non condivider\u00e0 questo documento pubblicamente.<\/p>\n\t\t\t\t\t\t<h4 tabindex=\"0\">La rete Colt ha abbastanza capacit\u00e0 per far fronte all&#8217;aumento del traffico?<\/h4>\n\t\t\t<p>La Colt IQ Network \u00e8 progettata su una rete backbone MPLS composta da pi\u00f9 collegamenti 100G. La nostra rete collega 38 Internet Exchange Point in tutto il mondo con porte ad alta capacit\u00e0, e dispone di interconnessioni Internet dedicate verso i cloud providers, gli operatori di rete Tier 1 e i fornitori di contenuti globali (GCN). Colt ha processi di gestione della capacit\u00e0 che garantiscono alla Colt IQ Network una capacit\u00e0 sufficiente sia nei punti di interscambio del traffico internet che nella struttura portante.<\/p>\n<p>Dall&#8217;inizio della pandemia di Covid-19, abbiamo osservato un cambiamento significativo del traffico nei punti di rete periferici di interconnessione Internet con PTT, ISP domestici, provider di contenuti e di servizi cloud. Abbiamo la capacit\u00e0 di assorbire questo aumento di traffico e continuare a fornire capacit\u00e0 di rete aggiuntiva a diversi livelli della nostra rete:<\/p>\n<ul>\n<li>Interconnessioni di reti private ad alta capacit\u00e0 e collegamento agli operatori di rete globale Tier 1<\/li>\n<li>Porte da 100G per i principali Internet Exchange Point: LINX, LONAP, FRANCE-IX, DECIX e AMSIX<\/li>\n<li>Upgrade della capacit\u00e0 della rete backbone su pi\u00f9 porte 100G per supportare l&#8217;aumento del traffico sulla rete principale<\/li>\n<li>Aggiornamento e aumento dei router della rete di accesso per fornire ulteriore capacit\u00e0 alle porte perimetrali e cos\u00ec supportare servizi Ethernet e IP in 400 Data Center e uffici in tutto il mondo.<\/li>\n<\/ul>\n<p>For repairs and installations where site access is required, all Colt employees and partners will be closely following advice from the World Health Organisation and the relevant local authorities.<\/p>\n\t\t\t\t\t\t<h4 tabindex=\"0\">Qual \u00e8 l\u2019impatto sulle network operations e sul service delivery?<\/h4>\n\t\t\t<p>Nelle ultime settimane i governi di molti paesi in tutto il mondo, Italia compresa, hanno allentato le misure di contenimento del virus e di conseguenza Colt ha revocato le modifiche temporanee alle proprie attivit\u00e0 di service delivery e service assurance introdotte a marzo.<\/p>\n<p>A partire da oggi, 26 maggio 2020, Colt sar\u00e0 nuovamente in grado di garantire l\u2019attivazione di tutti i nuovi servizi, nonch\u00e9 di supportare la risoluzione dei guasti in tutti i paesi in cui opera, nel rispetto delle diverse misure restrittive e di sicurezza vigenti a livello locale. Potranno quindi essere effettuati anche interventi in caso di degrado del servizio, sempre nel rispetto delle misure restrittive per l\u2019accesso agli uffici imposte dai clienti, dai proprietari degli edifici o dalle autorit\u00e0 locali.<\/p>\n<p>Gli interventi on-site verranno svolti solo laddove i nostri dipendenti o partner siano in grado di seguire le linee guida sulla sicurezza dettate dai vari protocolli Governativi, delle Regioni, e le direttive dell&#8217;Organizzazione mondiale della sanit\u00e0.<\/p>\n<p>Laddove alcuni clienti si siano visti ritardare l\u2019attivazione dei servizi a causa della pandemia in atto, verranno contattati nei prossimi giorni dall\u2019Order Manager per pianificare l\u2019intervento.<\/p>\n\t\t\t\t\t\t<h4 tabindex=\"0\">Autodichiarazione<\/h4>\n\t\t\t<p><strong>Colt richiede a tutte le persone che accedono agli uffici e al data center di prendere visione e confermare all\u2019atto dell\u2019accesso le seguenti autodichiarazioni:<\/strong><\/p>\n<ul>\n<li>Non avere alcuna sintomatologia da infezione respiratoria e febbre maggiore di 37,5\u00b0.<\/li>\n<li>Non essere sottoposto a nessuna misura della quarantena prevista in caso di contagio<\/li>\n<li>Non essere stato o non essere a conoscenza di esserlo stato, in contatto stretto con una persona affetta dal nuovo Coronavirus COVID-19;<\/li>\n<li>Non aver ricevuto comunicazione da parte delle autorit\u00e0 competenti in merito a un contatto ravvicinato con una persona contagiata da nuovo Coronavirus COVID-19.<\/li>\n<li>Non aver soggiornato negli ultimi 30 giorni e di non provenire da o aver recentemente effettuato un viaggio verso uno dei comuni o dei Paesi esteri ad alto rischio individuati dalle autorit\u00e0 competenti.<\/li>\n<li>Non avere conviventi che abbiano effettuato viaggi di cui al punto precedente o non essere a conoscenza di tale circostanza.<\/li>\n<li>Non aver avuto contatti negli ultimi 30 giorni con persone che provengano da comuni italiani o Paesi esteri ad alto rischio individuati dalle autorit\u00e0 competenti e che presentavano sintomi di alterazione come indicato al punto precedente.<\/li>\n<li>\u00a0<\/li>\n<\/ul>\n\t\t\t\t\t\t<h4 tabindex=\"0\">Qual \u00e8 l\u2019impatto sulla filiera dei fornitori ?<\/h4>\n\t\t\t<ul>\n<li>Abbiamo esaminato la resilienza dei nostri fornitori pi\u00f9 importanti e al momento non sono previsti impatti di alcun tipo. I nostri fornitori hanno tutti definito piani di continuit\u00e0 operativa.<\/li>\n<li>Stiamo continuando a monitorare la situazione e revisioniamo costantemente lo stato dei nostri fornitori pi\u00f9 importanti.<\/li>\n<\/ul>\n\t\t\t\t\t\t<h4 tabindex=\"0\">La portabilit\u00e0 dei numeri \u00e8 ancora possibile?<\/h4>\n\t\t\t<p>In Spagna e Portogallo ci sono restrizioni alla number portability e anche in Francia alcuni nostri partner di telecomunicazioni stanno ponendo dei limiti. In Spagna e Portogallo non possiamo elaborare richieste di portability che richiedono opere civili. In altri paesi, attualmente non ci sono restrizioni, ma la situazione \u00e8 soggetta a repentini cambiamenti.<\/p>\n\t\t\t\t\t\t<h4 tabindex=\"0\">Colt \u00e8 in grado di far fronte all&#8217;aumento del traffico voce?<\/h4>\n<p>Colt sta gestendo l\u2019aumento della domanda di traffico voce. Abbiamo una rete dorsale per il traffico voce ad alta capacit\u00e0, che beneficia della nostra rete in fibra interamente di propriet\u00e0: la rete Colt ha una notevole capacit\u00e0 di riserva e la facolt\u00e0 di aumentarla rapidamente. Stiamo registrando un traffico intenso nei punti di interconnessione vocale in Europa e stiamo collaborando con i nostri partner per gestirlo. Siamo stati in grado di reindirizzare il traffico o aumentare la capacit\u00e0 di mitigare nuovi picchi di domanda e stiamo aumentando in modo proattivo la capacit\u00e0 nei paesi in cui riteniamo che ci sia un imminente aumento del traffico.<\/p>\n\u00a0\n\t\t\t\t\t\t<h4 tabindex=\"0\">I dipendenti Colt lavorano da casa?<\/h4>\n<p>Tutti i dipendenti Colt stanno lavorando da remoto (\u201cmandatory WFH\u201d), fatto salvo le comprovate esigenze lavorative. Per la sicurezza di coloro che devono essere sul posto di lavoro, sono stati eseguiti ulteriori controlli e pulizie.<\/p>\n\t\t\t\t\t\t<h4 tabindex=\"0\">Aggiornamenti internazionali:<\/h4>\n\t\t\t<p>Tutti i dipendenti Colt stanno lavorando da remoto (\u201cmandatory WFH\u201d), fatto salvo le comprovate esigenze lavorative e ad eccezione di quelli residenti a Dalian, dove stiamo attuando una politica di &#8220;soft work from home&#8221; in cui gli uffici rimangono aperti per i dipendenti che desiderano lavorare in sede. Per la sicurezza di coloro che devono essere sul posto di lavoro, sono stati eseguiti ulteriori controlli e pulizie.<\/p>\n<p>Alcuni paesi stanno iniziando ad allentare le restrizioni ma questo non cambia il nostro approccio. Valuteremo attentamente caso per caso e sar\u00e0 nostra cura tenervi costantemente informati.<\/p>\n","protected":false},"excerpt":{"rendered":"<p>Colt &#038; Covid-19: Aggiornamento I nostri team di Business Continuity Management (BCM), Health &amp; Safety (H&amp;S) e Security lavorano H24 7X7 monitorando la continua evoluzione della situazione, anche nell\u2019ambito degli obblighi di coordinamento e sorveglianza della salute e della sicurezza dei dipendenti sui luoghi di lavoro. Abbiamo definito ed implementato laddove necessario, specifici piani operativi&#8230;<\/p>\n","protected":false},"author":2,"featured_media":0,"parent":0,"menu_order":0,"comment_status":"closed","ping_status":"closed","template":"","meta":{"_acf_changed":false,"footnotes":""},"colt_type":[],"colt_products":[],"class_list":["post-75057","page","type-page","status-publish","hentry"],"acf":[],"yoast_head":"<!-- This site is optimized with the Yoast SEO plugin v26.8 - https:\/\/yoast.com\/product\/yoast-seo-wordpress\/ -->\n<title>Covid 19 - Colt Technology Services<\/title>\n<meta name=\"description\" content=\"Covid 19 Colt Technology Services\" \/>\n<meta name=\"robots\" content=\"noindex, follow, max-snippet:-1, max-image-preview:large, max-video-preview:-1\" \/>\n<meta property=\"og:locale\" content=\"it_IT\" \/>\n<meta property=\"og:type\" content=\"article\" \/>\n<meta property=\"og:title\" content=\"Covid 19 - Colt Technology Services\" \/>\n<meta property=\"og:description\" content=\"Covid 19 Colt Technology Services\" \/>\n<meta property=\"og:url\" content=\"https:\/\/legacy.colt.net\/it\/covid-19\/\" \/>\n<meta property=\"og:site_name\" content=\"Colt Technology Services\" \/>\n<meta property=\"article:publisher\" content=\"https:\/\/www.facebook.com\/ColtTechnologyServices\/\" \/>\n<meta property=\"article:modified_time\" content=\"2020-11-06T09:23:48+00:00\" \/>\n<meta property=\"og:image\" content=\"https:\/\/legacy.colt.net\/wp-content\/uploads\/2021\/01\/Brand-2021-Stock-41.jpg\" \/>\n\t<meta property=\"og:image:width\" content=\"1000\" \/>\n\t<meta property=\"og:image:height\" content=\"667\" \/>\n\t<meta property=\"og:image:type\" content=\"image\/jpeg\" \/>\n<meta name=\"twitter:card\" content=\"summary_large_image\" \/>\n<meta name=\"twitter:site\" content=\"@colt_technology\" \/>\n<meta name=\"twitter:label1\" content=\"Est. reading time\" \/>\n\t<meta name=\"twitter:data1\" content=\"9 minutes\" \/>\n<script type=\"application\/ld+json\" class=\"yoast-schema-graph\">{\"@context\":\"https:\/\/schema.org\",\"@graph\":[{\"@type\":\"WebPage\",\"@id\":\"https:\/\/legacy.colt.net\/it\/covid-19\/\",\"url\":\"https:\/\/legacy.colt.net\/it\/covid-19\/\",\"name\":\"Covid 19 - Colt Technology Services\",\"isPartOf\":{\"@id\":\"https:\/\/legacy.colt.net\/#website\"},\"datePublished\":\"2020-05-27T15:47:39+00:00\",\"dateModified\":\"2020-11-06T09:23:48+00:00\",\"description\":\"Covid 19 Colt Technology Services\",\"breadcrumb\":{\"@id\":\"https:\/\/legacy.colt.net\/it\/covid-19\/#breadcrumb\"},\"inLanguage\":\"it-IT\",\"potentialAction\":[{\"@type\":\"ReadAction\",\"target\":[\"https:\/\/legacy.colt.net\/it\/covid-19\/\"]}]},{\"@type\":\"BreadcrumbList\",\"@id\":\"https:\/\/legacy.colt.net\/it\/covid-19\/#breadcrumb\",\"itemListElement\":[{\"@type\":\"ListItem\",\"position\":1,\"name\":\"Home\",\"item\":\"https:\/\/legacy.colt.net\/it\/\"},{\"@type\":\"ListItem\",\"position\":2,\"name\":\"Covid 19\"}]},{\"@type\":\"WebSite\",\"@id\":\"https:\/\/legacy.colt.net\/#website\",\"url\":\"https:\/\/legacy.colt.net\/\",\"name\":\"Colt\u30c6\u30af\u30ce\u30ed\u30b8\u30fc\u30b5\u30fc\u30d3\u30b9\u682a\u5f0f\u4f1a\u793e\",\"description\":\"Managed Network &amp; Voice Services Provider\",\"publisher\":{\"@id\":\"https:\/\/legacy.colt.net\/#organization\"},\"potentialAction\":[{\"@type\":\"SearchAction\",\"target\":{\"@type\":\"EntryPoint\",\"urlTemplate\":\"https:\/\/legacy.colt.net\/?s={search_term_string}\"},\"query-input\":{\"@type\":\"PropertyValueSpecification\",\"valueRequired\":true,\"valueName\":\"search_term_string\"}}],\"inLanguage\":\"it-IT\"},{\"@type\":\"Organization\",\"@id\":\"https:\/\/legacy.colt.net\/#organization\",\"name\":\"Colt Technology Services\",\"url\":\"https:\/\/legacy.colt.net\/\",\"logo\":{\"@type\":\"ImageObject\",\"inLanguage\":\"it-IT\",\"@id\":\"https:\/\/legacy.colt.net\/#\/schema\/logo\/image\/\",\"url\":\"https:\/\/legacy.colt.net\/wp-content\/uploads\/2019\/02\/Colt-Logo.png\",\"contentUrl\":\"https:\/\/legacy.colt.net\/wp-content\/uploads\/2019\/02\/Colt-Logo.png\",\"width\":195,\"height\":77,\"caption\":\"Colt Technology Services\"},\"image\":{\"@id\":\"https:\/\/legacy.colt.net\/#\/schema\/logo\/image\/\"},\"sameAs\":[\"https:\/\/www.facebook.com\/ColtTechnologyServices\/\",\"https:\/\/x.com\/colt_technology\",\"https:\/\/www.instagram.com\/colttechnologyservices\/\",\"https:\/\/www.linkedin.com\/company\/colt-technology-services\",\"https:\/\/www.youtube.com\/user\/ColtTechnology\"]}]}<\/script>\n<!-- \/ Yoast SEO plugin. -->","yoast_head_json":{"title":"Covid 19 - Colt Technology Services","description":"Covid 19 Colt Technology Services","robots":{"index":"noindex","follow":"follow","max-snippet":"max-snippet:-1","max-image-preview":"max-image-preview:large","max-video-preview":"max-video-preview:-1"},"og_locale":"it_IT","og_type":"article","og_title":"Covid 19 - Colt Technology Services","og_description":"Covid 19 Colt Technology Services","og_url":"https:\/\/legacy.colt.net\/it\/covid-19\/","og_site_name":"Colt Technology Services","article_publisher":"https:\/\/www.facebook.com\/ColtTechnologyServices\/","article_modified_time":"2020-11-06T09:23:48+00:00","og_image":[{"width":1000,"height":667,"url":"https:\/\/legacy.colt.net\/wp-content\/uploads\/2021\/01\/Brand-2021-Stock-41.jpg","type":"image\/jpeg"}],"twitter_card":"summary_large_image","twitter_site":"@colt_technology","twitter_misc":{"Est. reading time":"9 minutes"},"schema":{"@context":"https:\/\/schema.org","@graph":[{"@type":"WebPage","@id":"https:\/\/legacy.colt.net\/it\/covid-19\/","url":"https:\/\/legacy.colt.net\/it\/covid-19\/","name":"Covid 19 - Colt Technology Services","isPartOf":{"@id":"https:\/\/legacy.colt.net\/#website"},"datePublished":"2020-05-27T15:47:39+00:00","dateModified":"2020-11-06T09:23:48+00:00","description":"Covid 19 Colt Technology Services","breadcrumb":{"@id":"https:\/\/legacy.colt.net\/it\/covid-19\/#breadcrumb"},"inLanguage":"it-IT","potentialAction":[{"@type":"ReadAction","target":["https:\/\/legacy.colt.net\/it\/covid-19\/"]}]},{"@type":"BreadcrumbList","@id":"https:\/\/legacy.colt.net\/it\/covid-19\/#breadcrumb","itemListElement":[{"@type":"ListItem","position":1,"name":"Home","item":"https:\/\/legacy.colt.net\/it\/"},{"@type":"ListItem","position":2,"name":"Covid 19"}]},{"@type":"WebSite","@id":"https:\/\/legacy.colt.net\/#website","url":"https:\/\/legacy.colt.net\/","name":"Colt\u30c6\u30af\u30ce\u30ed\u30b8\u30fc\u30b5\u30fc\u30d3\u30b9\u682a\u5f0f\u4f1a\u793e","description":"Managed Network &amp; Voice Services Provider","publisher":{"@id":"https:\/\/legacy.colt.net\/#organization"},"potentialAction":[{"@type":"SearchAction","target":{"@type":"EntryPoint","urlTemplate":"https:\/\/legacy.colt.net\/?s={search_term_string}"},"query-input":{"@type":"PropertyValueSpecification","valueRequired":true,"valueName":"search_term_string"}}],"inLanguage":"it-IT"},{"@type":"Organization","@id":"https:\/\/legacy.colt.net\/#organization","name":"Colt Technology Services","url":"https:\/\/legacy.colt.net\/","logo":{"@type":"ImageObject","inLanguage":"it-IT","@id":"https:\/\/legacy.colt.net\/#\/schema\/logo\/image\/","url":"https:\/\/legacy.colt.net\/wp-content\/uploads\/2019\/02\/Colt-Logo.png","contentUrl":"https:\/\/legacy.colt.net\/wp-content\/uploads\/2019\/02\/Colt-Logo.png","width":195,"height":77,"caption":"Colt Technology Services"},"image":{"@id":"https:\/\/legacy.colt.net\/#\/schema\/logo\/image\/"},"sameAs":["https:\/\/www.facebook.com\/ColtTechnologyServices\/","https:\/\/x.com\/colt_technology","https:\/\/www.instagram.com\/colttechnologyservices\/","https:\/\/www.linkedin.com\/company\/colt-technology-services","https:\/\/www.youtube.com\/user\/ColtTechnology"]}]}},"_links":{"self":[{"href":"https:\/\/legacy.colt.net\/it\/wp-json\/wp\/v2\/pages\/75057","targetHints":{"allow":["GET"]}}],"collection":[{"href":"https:\/\/legacy.colt.net\/it\/wp-json\/wp\/v2\/pages"}],"about":[{"href":"https:\/\/legacy.colt.net\/it\/wp-json\/wp\/v2\/types\/page"}],"author":[{"embeddable":true,"href":"https:\/\/legacy.colt.net\/it\/wp-json\/wp\/v2\/users\/2"}],"replies":[{"embeddable":true,"href":"https:\/\/legacy.colt.net\/it\/wp-json\/wp\/v2\/comments?post=75057"}],"version-history":[{"count":0,"href":"https:\/\/legacy.colt.net\/it\/wp-json\/wp\/v2\/pages\/75057\/revisions"}],"wp:attachment":[{"href":"https:\/\/legacy.colt.net\/it\/wp-json\/wp\/v2\/media?parent=75057"}],"wp:term":[{"taxonomy":"colt_type","embeddable":true,"href":"https:\/\/legacy.colt.net\/it\/wp-json\/wp\/v2\/colt_type?post=75057"},{"taxonomy":"colt_products","embeddable":true,"href":"https:\/\/legacy.colt.net\/it\/wp-json\/wp\/v2\/colt_products?post=75057"}],"curies":[{"name":"wp","href":"https:\/\/api.w.org\/{rel}","templated":true}]}}