{"id":65604,"date":"2020-01-30T09:46:26","date_gmt":"2020-01-30T09:46:26","guid":{"rendered":"https:\/\/www.colt.net\/?page_id=65604"},"modified":"2024-12-18T10:06:21","modified_gmt":"2024-12-18T10:06:21","slug":"why-colt","status":"publish","type":"page","link":"https:\/\/legacy.colt.net\/it\/why-colt\/","title":{"rendered":"Why Colt?"},"content":{"rendered":"\n\n\t<nav class=\"breadcrumb\"><span><span><a href=\"https:\/\/legacy.colt.net\/it\/\">Home<\/a><\/span><\/span><\/nav>\n<h1>\n\t\tSiamo Colt, il fornitore globale di infrastrutture digitali che offre connessioni straordinarie con attenzione autentica.\n\t<\/h1>\n<h2>\n\t\tGrazie alla nostra rete Colt IQ, ottieni un&#8217;infrastruttura digitale che si adatta alle tue esigenze per fornire i servizi necessari al buon funzionamento della tua azienda.\n\t<\/h2>\n<h2>\n\t\tPerch\u00e9 scegliere Colt?\n\t<\/h2>\n\t<p>In qualit\u00e0 di fornitore di infrastrutture digitali leader del settore, Colt guida i propri clienti sulla strada del successo creando connessioni straordinarie. Sostenuta da persone brillanti, partner impegnati e tecnologia innovativa, Colt ha uno scopo: mettere la potenza del mondo digitale nelle mani dei suoi clienti, dove, quando e come desiderano.<\/p>\n<p>Colt vuole essere l&#8217;azienda di infrastrutture digitali\u200b con cui le aziende leader a livello mondiale scelgono di connettersi. Ecco perch\u00e9 attribuiamo grande importanza all&#8217;innovazione e alla responsabilit\u00e0 nei confronti di clienti, partner, dipendenti e ambiente.<\/p>\n\t\t\t\t<img loading=\"lazy\" decoding=\"async\" src=\"https:\/\/legacy.colt.net\/wp-content\/uploads\/2023\/01\/What-makes-us-different-01.png\" alt=\"What-makes-us-different-01\" itemprop=\"image\" height=\"1280\" width=\"1280\" title=\"What-makes-us-different-01\" onerror=\"this.style.display='none'\"  \/>\n\t\t\t\t<img loading=\"lazy\" decoding=\"async\" src=\"https:\/\/legacy.colt.net\/wp-content\/uploads\/2023\/01\/Our-industry-leading-customer-service-01.png\" alt=\"Our-industry-leading-customer-service-01\" itemprop=\"image\" height=\"1280\" width=\"1280\" title=\"Our-industry-leading-customer-service-01\" onerror=\"this.style.display='none'\"  \/>\n<h2>\n\t\tPersone brillanti\n\t<\/h2>\n\t<p>Le nostre persone si prendono davvero cura del proprio lavoro, il che aiuta Colt a creare esperienze straordinarie e costruire solide relazioni con i nostri clienti. I nostri Colties sono altamente qualificati e forniscono competenze locali e supporto dedicato in tutto il mondo.<\/p>\n<p>Grazie a una profonda conoscenza del settore, i nostri dipendenti soddisfano i nostri clienti oltre le loro aspettative. I Colties non si accontentano dei risultati raggiunti ma si pongono costantemente nuovi obiettivi per migliorare.<\/p>\n<h2>\n\t\tEcosistemi globali\n\t<\/h2>\n\t<p>Sin dai suoi inizi a Londra nel 1992, la nostra attivit\u00e0 \u00e8 cresciuta costantemente e ora ha pi\u00f9 di 60 uffici in 32 paesi. Composto dai pi\u00f9 grandi fornitori di servizi digitali, partner e dipendenti, l&#8217;ecosistema Colt dispone di solide risorse per adattare i nostri servizi alle esigenze di ogni cliente. Inoltre, la stretta collaborazione con le pi\u00f9 grandi aziende high-tech ci consente di connettere i nostri clienti ovunque desiderino.<\/p>\n\t\t\t<a href=\"https:\/\/legacy.colt.net\/it\/about\/our-story\/\" target=\"_blank\" rel=\"noopener\">\n\t\t\t\t\t\t\tLa nostra storia\n\t\t\t<\/a>\n\t\t\t\t<img loading=\"lazy\" decoding=\"async\" src=\"https:\/\/legacy.colt.net\/wp-content\/uploads\/2023\/01\/Our-technology-ecosystem-01.png\" alt=\"Our-technology-ecosystem-01\" itemprop=\"image\" height=\"1280\" width=\"1280\" title=\"Our-technology-ecosystem-01\" onerror=\"this.style.display='none'\"  \/>\n\t\t\t\t<img loading=\"lazy\" decoding=\"async\" src=\"https:\/\/legacy.colt.net\/wp-content\/uploads\/2023\/01\/Our-award-winning-network-01.png\" alt=\"Our-award-winning-network-01\" itemprop=\"image\" height=\"1280\" width=\"1280\" title=\"Our-award-winning-network-01\" onerror=\"this.style.display='none'\"  \/>\n<h2>\n\t\tInfrastrutture intelligenti\n\t<\/h2>\n\t<p>Mettiamo la potenza dell&#8217;universo digitale nelle mani dei nostri clienti attraverso un&#8217;infrastruttura digitale di prima classe e soluzioni ad altissime prestazioni accessibili on demand. Riconosciuti per la nostra capacit\u00e0 di innovazione, forniamo ai nostri clienti una rete che possono facilmente utilizzare per essere pi\u00f9 efficienti, veloci e internazionali.<\/p>\n<h2>\n\t\tPer un futuro condiviso\n\t<\/h2>\n\t<p>Stiamo creando un futuro migliore per noi stessi e per i nostri clienti attraverso lo sviluppo di nuove tecnologie e il forte orientamento ai principi della sostenibilit\u00e0.<\/p>\n\t\t\t\t<img loading=\"lazy\" decoding=\"async\" src=\"https:\/\/legacy.colt.net\/wp-content\/uploads\/2023\/01\/Environmental-Sustainability.png\" alt=\"Environmental Sustainability\" itemprop=\"image\" height=\"1280\" width=\"1280\" title=\"Environmental Sustainability\" onerror=\"this.style.display='none'\"  \/>\n\t\t\t\t<img loading=\"lazy\" decoding=\"async\" src=\"https:\/\/legacy.colt.net\/wp-content\/uploads\/2018\/10\/IMSolutions.jpg\" alt=\"IMSolutions\" itemprop=\"image\" height=\"800\" width=\"800\" title=\"IMSolutions\" onerror=\"this.style.display='none'\"  \/>\n\t<p>&#8220;La valutazione complessiva del servizio ricevuto \u00e8 doppiamente positiva: in primo luogo, grazie alla qualit\u00e0 tecnica del prodotto in termini di solidit\u00e0, coerenza e sicurezza; in secondo luogo, in termini di consulenza e assistenza ricevute durante le fasi di pre e post-vendita&#8221;.<\/p>\n<strong><em>Javier Bartelome<\/em><\/strong><br \/>\n<strong><em>Technology Director, IMSolutions<\/em><\/strong>\n\t\t\t\t<img loading=\"lazy\" decoding=\"async\" src=\"https:\/\/legacy.colt.net\/wp-content\/uploads\/2019\/03\/Euro-CCP.jpg\" alt=\"Euro-CCP\" itemprop=\"image\" height=\"800\" width=\"800\" title=\"Euro-CCP\" onerror=\"this.style.display='none'\"  \/>\n\t<p>&#8220;Colt sa che la velocit\u00e0 \u00e8 essenziale nella nostra attivit\u00e0. Sono sempre stati molto efficienti ed efficaci nella creazione di una soluzione su misura per le nostre esigenze in continua evoluzione e questo \u00e8 stato dimostrato ancora una volta dall&#8217;agilit\u00e0 e dalla flessibilit\u00e0 con cui hanno connesso la sede di Londra.&#8221;<\/p>\n<strong>Erik Nieuwenhuis <\/strong><br \/>\n<strong>IT Manager, EuroCCP<\/strong>\n\n","protected":false},"excerpt":{"rendered":"<p>Siamo Colt, il fornitore globale di infrastrutture digitali che offre connessioni straordinarie con attenzione autentica. Grazie alla nostra rete Colt IQ, ottieni un&#8217;infrastruttura digitale che si adatta alle tue esigenze per fornire i servizi necessari al buon funzionamento della tua azienda. Perch\u00e9 scegliere Colt? In qualit\u00e0 di fornitore di infrastrutture digitali leader del settore, Colt&#8230;<\/p>\n","protected":false},"author":2,"featured_media":0,"parent":0,"menu_order":0,"comment_status":"closed","ping_status":"closed","template":"","meta":{"_acf_changed":false,"footnotes":""},"colt_type":[],"colt_products":[],"class_list":["post-65604","page","type-page","status-publish","hentry"],"acf":[],"yoast_head":"<!-- This site is optimized with the Yoast SEO plugin v26.8 - https:\/\/yoast.com\/product\/yoast-seo-wordpress\/ -->\n<title>Why Colt? - Colt Technology Services<\/title>\n<meta name=\"description\" content=\"Why Colt? Colt Technology Services\" \/>\n<meta name=\"robots\" content=\"noindex, follow, max-snippet:-1, max-image-preview:large, max-video-preview:-1\" \/>\n<meta property=\"og:locale\" content=\"it_IT\" \/>\n<meta property=\"og:type\" content=\"article\" \/>\n<meta property=\"og:title\" content=\"Why Colt? - Colt Technology Services\" \/>\n<meta property=\"og:description\" content=\"Why Colt? Colt Technology Services\" \/>\n<meta property=\"og:url\" content=\"https:\/\/legacy.colt.net\/it\/why-colt\/\" \/>\n<meta property=\"og:site_name\" content=\"Colt Technology Services\" \/>\n<meta property=\"article:publisher\" content=\"https:\/\/www.facebook.com\/ColtTechnologyServices\/\" \/>\n<meta property=\"article:modified_time\" content=\"2024-12-18T10:06:21+00:00\" \/>\n<meta property=\"og:image\" content=\"https:\/\/legacy.colt.net\/wp-content\/uploads\/2021\/01\/Brand-2021-Stock-14.jpg\" \/>\n\t<meta property=\"og:image:width\" content=\"1000\" \/>\n\t<meta property=\"og:image:height\" content=\"667\" \/>\n\t<meta property=\"og:image:type\" content=\"image\/jpeg\" \/>\n<meta name=\"twitter:card\" content=\"summary_large_image\" \/>\n<meta name=\"twitter:site\" content=\"@colt_technology\" \/>\n<meta name=\"twitter:label1\" content=\"Est. reading time\" \/>\n\t<meta name=\"twitter:data1\" content=\"2 minutes\" \/>\n<script type=\"application\/ld+json\" class=\"yoast-schema-graph\">{\"@context\":\"https:\/\/schema.org\",\"@graph\":[{\"@type\":\"WebPage\",\"@id\":\"https:\/\/legacy.colt.net\/it\/why-colt\/\",\"url\":\"https:\/\/legacy.colt.net\/it\/why-colt\/\",\"name\":\"Why Colt? - Colt Technology Services\",\"isPartOf\":{\"@id\":\"https:\/\/legacy.colt.net\/#website\"},\"primaryImageOfPage\":{\"@id\":\"https:\/\/legacy.colt.net\/it\/why-colt\/#primaryimage\"},\"image\":{\"@id\":\"https:\/\/legacy.colt.net\/it\/why-colt\/#primaryimage\"},\"thumbnailUrl\":\"https:\/\/legacy.colt.net\/wp-content\/uploads\/2023\/01\/What-makes-us-different-01.png\",\"datePublished\":\"2020-01-30T09:46:26+00:00\",\"dateModified\":\"2024-12-18T10:06:21+00:00\",\"description\":\"Why Colt? Colt Technology Services\",\"breadcrumb\":{\"@id\":\"https:\/\/legacy.colt.net\/it\/why-colt\/#breadcrumb\"},\"inLanguage\":\"it-IT\",\"potentialAction\":[{\"@type\":\"ReadAction\",\"target\":[\"https:\/\/legacy.colt.net\/it\/why-colt\/\"]}]},{\"@type\":\"ImageObject\",\"inLanguage\":\"it-IT\",\"@id\":\"https:\/\/legacy.colt.net\/it\/why-colt\/#primaryimage\",\"url\":\"https:\/\/legacy.colt.net\/wp-content\/uploads\/2023\/01\/What-makes-us-different-01.png\",\"contentUrl\":\"https:\/\/legacy.colt.net\/wp-content\/uploads\/2023\/01\/What-makes-us-different-01.png\"},{\"@type\":\"BreadcrumbList\",\"@id\":\"https:\/\/legacy.colt.net\/it\/why-colt\/#breadcrumb\",\"itemListElement\":[{\"@type\":\"ListItem\",\"position\":1,\"name\":\"Home\",\"item\":\"https:\/\/legacy.colt.net\/it\/\"},{\"@type\":\"ListItem\",\"position\":2,\"name\":\"Why Colt?\"}]},{\"@type\":\"WebSite\",\"@id\":\"https:\/\/legacy.colt.net\/#website\",\"url\":\"https:\/\/legacy.colt.net\/\",\"name\":\"Colt\u30c6\u30af\u30ce\u30ed\u30b8\u30fc\u30b5\u30fc\u30d3\u30b9\u682a\u5f0f\u4f1a\u793e\",\"description\":\"Managed Network &amp; Voice Services Provider\",\"publisher\":{\"@id\":\"https:\/\/legacy.colt.net\/#organization\"},\"potentialAction\":[{\"@type\":\"SearchAction\",\"target\":{\"@type\":\"EntryPoint\",\"urlTemplate\":\"https:\/\/legacy.colt.net\/?s={search_term_string}\"},\"query-input\":{\"@type\":\"PropertyValueSpecification\",\"valueRequired\":true,\"valueName\":\"search_term_string\"}}],\"inLanguage\":\"it-IT\"},{\"@type\":\"Organization\",\"@id\":\"https:\/\/legacy.colt.net\/#organization\",\"name\":\"Colt Technology Services\",\"url\":\"https:\/\/legacy.colt.net\/\",\"logo\":{\"@type\":\"ImageObject\",\"inLanguage\":\"it-IT\",\"@id\":\"https:\/\/legacy.colt.net\/#\/schema\/logo\/image\/\",\"url\":\"https:\/\/legacy.colt.net\/wp-content\/uploads\/2019\/02\/Colt-Logo.png\",\"contentUrl\":\"https:\/\/legacy.colt.net\/wp-content\/uploads\/2019\/02\/Colt-Logo.png\",\"width\":195,\"height\":77,\"caption\":\"Colt Technology Services\"},\"image\":{\"@id\":\"https:\/\/legacy.colt.net\/#\/schema\/logo\/image\/\"},\"sameAs\":[\"https:\/\/www.facebook.com\/ColtTechnologyServices\/\",\"https:\/\/x.com\/colt_technology\",\"https:\/\/www.instagram.com\/colttechnologyservices\/\",\"https:\/\/www.linkedin.com\/company\/colt-technology-services\",\"https:\/\/www.youtube.com\/user\/ColtTechnology\"]}]}<\/script>\n<!-- \/ Yoast SEO plugin. -->","yoast_head_json":{"title":"Why Colt? - Colt Technology Services","description":"Why Colt? Colt Technology Services","robots":{"index":"noindex","follow":"follow","max-snippet":"max-snippet:-1","max-image-preview":"max-image-preview:large","max-video-preview":"max-video-preview:-1"},"og_locale":"it_IT","og_type":"article","og_title":"Why Colt? - Colt Technology Services","og_description":"Why Colt? Colt Technology Services","og_url":"https:\/\/legacy.colt.net\/it\/why-colt\/","og_site_name":"Colt Technology Services","article_publisher":"https:\/\/www.facebook.com\/ColtTechnologyServices\/","article_modified_time":"2024-12-18T10:06:21+00:00","og_image":[{"width":1000,"height":667,"url":"https:\/\/legacy.colt.net\/wp-content\/uploads\/2021\/01\/Brand-2021-Stock-14.jpg","type":"image\/jpeg"}],"twitter_card":"summary_large_image","twitter_site":"@colt_technology","twitter_misc":{"Est. reading time":"2 minutes"},"schema":{"@context":"https:\/\/schema.org","@graph":[{"@type":"WebPage","@id":"https:\/\/legacy.colt.net\/it\/why-colt\/","url":"https:\/\/legacy.colt.net\/it\/why-colt\/","name":"Why Colt? - Colt Technology Services","isPartOf":{"@id":"https:\/\/legacy.colt.net\/#website"},"primaryImageOfPage":{"@id":"https:\/\/legacy.colt.net\/it\/why-colt\/#primaryimage"},"image":{"@id":"https:\/\/legacy.colt.net\/it\/why-colt\/#primaryimage"},"thumbnailUrl":"https:\/\/legacy.colt.net\/wp-content\/uploads\/2023\/01\/What-makes-us-different-01.png","datePublished":"2020-01-30T09:46:26+00:00","dateModified":"2024-12-18T10:06:21+00:00","description":"Why Colt? Colt Technology Services","breadcrumb":{"@id":"https:\/\/legacy.colt.net\/it\/why-colt\/#breadcrumb"},"inLanguage":"it-IT","potentialAction":[{"@type":"ReadAction","target":["https:\/\/legacy.colt.net\/it\/why-colt\/"]}]},{"@type":"ImageObject","inLanguage":"it-IT","@id":"https:\/\/legacy.colt.net\/it\/why-colt\/#primaryimage","url":"https:\/\/legacy.colt.net\/wp-content\/uploads\/2023\/01\/What-makes-us-different-01.png","contentUrl":"https:\/\/legacy.colt.net\/wp-content\/uploads\/2023\/01\/What-makes-us-different-01.png"},{"@type":"BreadcrumbList","@id":"https:\/\/legacy.colt.net\/it\/why-colt\/#breadcrumb","itemListElement":[{"@type":"ListItem","position":1,"name":"Home","item":"https:\/\/legacy.colt.net\/it\/"},{"@type":"ListItem","position":2,"name":"Why Colt?"}]},{"@type":"WebSite","@id":"https:\/\/legacy.colt.net\/#website","url":"https:\/\/legacy.colt.net\/","name":"Colt\u30c6\u30af\u30ce\u30ed\u30b8\u30fc\u30b5\u30fc\u30d3\u30b9\u682a\u5f0f\u4f1a\u793e","description":"Managed Network &amp; Voice Services Provider","publisher":{"@id":"https:\/\/legacy.colt.net\/#organization"},"potentialAction":[{"@type":"SearchAction","target":{"@type":"EntryPoint","urlTemplate":"https:\/\/legacy.colt.net\/?s={search_term_string}"},"query-input":{"@type":"PropertyValueSpecification","valueRequired":true,"valueName":"search_term_string"}}],"inLanguage":"it-IT"},{"@type":"Organization","@id":"https:\/\/legacy.colt.net\/#organization","name":"Colt Technology Services","url":"https:\/\/legacy.colt.net\/","logo":{"@type":"ImageObject","inLanguage":"it-IT","@id":"https:\/\/legacy.colt.net\/#\/schema\/logo\/image\/","url":"https:\/\/legacy.colt.net\/wp-content\/uploads\/2019\/02\/Colt-Logo.png","contentUrl":"https:\/\/legacy.colt.net\/wp-content\/uploads\/2019\/02\/Colt-Logo.png","width":195,"height":77,"caption":"Colt Technology Services"},"image":{"@id":"https:\/\/legacy.colt.net\/#\/schema\/logo\/image\/"},"sameAs":["https:\/\/www.facebook.com\/ColtTechnologyServices\/","https:\/\/x.com\/colt_technology","https:\/\/www.instagram.com\/colttechnologyservices\/","https:\/\/www.linkedin.com\/company\/colt-technology-services","https:\/\/www.youtube.com\/user\/ColtTechnology"]}]}},"_links":{"self":[{"href":"https:\/\/legacy.colt.net\/it\/wp-json\/wp\/v2\/pages\/65604","targetHints":{"allow":["GET"]}}],"collection":[{"href":"https:\/\/legacy.colt.net\/it\/wp-json\/wp\/v2\/pages"}],"about":[{"href":"https:\/\/legacy.colt.net\/it\/wp-json\/wp\/v2\/types\/page"}],"author":[{"embeddable":true,"href":"https:\/\/legacy.colt.net\/it\/wp-json\/wp\/v2\/users\/2"}],"replies":[{"embeddable":true,"href":"https:\/\/legacy.colt.net\/it\/wp-json\/wp\/v2\/comments?post=65604"}],"version-history":[{"count":0,"href":"https:\/\/legacy.colt.net\/it\/wp-json\/wp\/v2\/pages\/65604\/revisions"}],"wp:attachment":[{"href":"https:\/\/legacy.colt.net\/it\/wp-json\/wp\/v2\/media?parent=65604"}],"wp:term":[{"taxonomy":"colt_type","embeddable":true,"href":"https:\/\/legacy.colt.net\/it\/wp-json\/wp\/v2\/colt_type?post=65604"},{"taxonomy":"colt_products","embeddable":true,"href":"https:\/\/legacy.colt.net\/it\/wp-json\/wp\/v2\/colt_products?post=65604"}],"curies":[{"name":"wp","href":"https:\/\/api.w.org\/{rel}","templated":true}]}}