{"id":65504,"date":"2020-01-30T09:53:17","date_gmt":"2020-01-30T09:53:17","guid":{"rendered":"https:\/\/www.colt.net\/?page_id=65504"},"modified":"2022-03-24T09:02:14","modified_gmt":"2022-03-24T09:02:14","slug":"data-centre-interconnect","status":"publish","type":"page","link":"https:\/\/legacy.colt.net\/it\/product\/data-centre-interconnect\/","title":{"rendered":"Data Centre Interconnect"},"content":{"rendered":"\r\n<h1>Connettivit\u00e0 avanzata per data center a oltre 900 data center in tutto il mondo<\/h1>\r\n<nav class=\"breadcrumb\"><span><span><a href=\"https:\/\/legacy.colt.net\/it\/\">Home<\/a><\/span><\/span><\/nav>\r\n<h3>Contact our sales department<\/h3>\r\n<p>[hubspot type=form portal=344164 id=0014fddb-1610-4e85-9b9a-cc71e397ca30]<\/p>\r\n<p><a href=\"void(0)\" target=\"_self\" rel=\"noopener noreferrer\"> Contattaci <\/a> <a role=\"button\" href=\"#hs-chat-open\" target=\"_self\" rel=\"noopener noreferrer\"> Chat with us <\/a><\/p>\r\n<h3>Contact our sales department<\/h3>\r\n<p>[hubspot type = form portal = 344164 id = 0014fddb-1610-4e85-9b9a-cc71e397ca30]<\/p>\r\n<p><a href=\"void(0)\" target=\"_self\" rel=\"noopener noreferrer\"> Contattaci <\/a> <a role=\"button\" href=\"https:\/\/legacy.colt.net\/wp-content\/uploads\/2019\/07\/Data-Sheet-DC-Net-IT-0719.pdf\" target=\"_blank\" rel=\"noopener noreferrer\"> DC Net Scheda Tecnica <\/a><\/p>\r\n<h2>Per raggiungere un data center basta una connessione incrociata<\/h2>\r\n<p>Data Center Interconnect di Colt semplifica e velocizza l&#8217;interconnessione dei data center che ospitano i tuoi servizi IT, anche se si trovano in citt\u00e0, paesi o continenti diversi. Grazie alla nostra connettivit\u00e0 gi\u00e0 prenotata nei data center chiave, il collegamento dei data center pu\u00f2 richiedere solo cinque giorni, oppure, in alcuni casi, come con il servizio DCNet On-Demand di Colt, pu\u00f2 avvenire immediatamente.<\/p>\r\n<h2>I vantaggi in sintesi<\/h2>\r\n<p>Rafforza la tua strategia IT globale con accesso diretto a oltre 900 data center indipendenti dal fornitore e non, oppure di propriet\u00e0 Colt, in Europa, Asia-Pacifico e Nord America.<\/p>\r\n<h5>Colt offre pi\u00f9 scelta e capacit\u00e0 quanto a ubicazione dei data center rispetto a qualsiasi altro carrier in Europa, Nord America e Asia<\/h5>\r\n<h5>Tra i data center pi\u00f9 importanti, siamo in grado di fornire nuove connessioni in appena cinque giorni e aggiornamenti in due<\/h5>\r\n<h5>Offriamo un&#8217;ampia gamma di servizi per consentire la scelta della larghezza di banda che occorre, da 100 Mbps a 100 Gbps<\/h5>\r\n<h5>Collega senza soluzione di continuit\u00e0 i sistemi IT della tua azienda con una semplice connessione incrociata, anche se i tuoi servizi IT si trovano in citt\u00e0, paesi o continenti diversi<\/h5>\r\n<h5>I servizi on-demand forniscono un controllo immediato sulla rete. Usufruisci del provisioning in tempo reale self-service e con pagamento in base al consumo.<\/h5>\r\n<h5>Un solo semplice contratto: evita la necessit\u00e0 di fornitori multipli e singoli contratti di rete, offriamo condizioni flessibili a prezzi competitivi<\/h5>\r\n<h2>In mani sicure<\/h2>\r\n<p>Colt pu\u00f2 aiutarti ad espandere la copertura della rete, per tenere il passo con la tua strategia IT in evoluzione. Aggiungi semplicemente nuove connessioni a data center aggiuntivi ogni volta che lo desideri. I nostri pluripremiati servizi di connettivit\u00e0 sono veloci da implementare, economici e facili da gestire.<\/p>\r\n<p>I nostri servizi Ethernet e Wave (DWDM) offrono semplicit\u00e0, scalabilit\u00e0 e flessibilit\u00e0: il tutto da un operatore che merita fiducia. Grazie alle opzioni di larghezza di banda, da servizi basati su pacchetti a 100 Mbps a servizi ottici a 100 Gbps, offriamo la pi\u00f9 ampia scelta possibile di tecnologie e soluzioni. Colt \u00e8 in grado di garantire prestazioni e larghezza di banda, assicurando al contempo livelli eccezionali di sicurezza e resilienza.<\/p>\r\n<p><img decoding=\"async\" src=\"https:\/\/i.ytimg.com\/vi\/6j0MEeTNYoM\/maxresdefault.jpg\" \/><\/p>\r\n<h2>Caratteristiche del servizio<\/h2>\r\n<p><a role=\"button\" href=\"https:\/\/legacy.colt.net\/it\/contact-us\/\" target=\"_blank\" rel=\"noopener noreferrer\"> Contattaci <\/a><\/p>\r\n<h2>Perch\u00e9 sceglierci?<\/h2>\r\n<p>Colt offre servizi ad elevata larghezza di banda per imprese e clienti grossisti nei pi\u00f9 grandi hub aziendali in Europa, Asia e Nord America, consentendo la trasformazione digitale delle imprese attraverso la sua rete IQ Network appositamente costruita, di propriet\u00e0 privata e integrata nel cloud.<\/p>\r\n<p>Colt ha costruito la propria reputazione mettendo al primo posto i propri clienti, con particolare attenzione all&#8217;offerta di una vera presenza locale e di agilit\u00e0 alle aziende che sono globali ma necessitano di attenzione a livello locale. Colt annovera tra i suoi clienti il 76% delle principali societ\u00e0 di telecomunicazioni globali e il 72% delle principali aziende mediatiche globali (elenco Forbes 2000, 2016). Di propriet\u00e0 di Fidelity Investments, Colt \u00e8 una delle societ\u00e0 finanziariamente pi\u00f9 solide del settore e pu\u00f2 offrire ai suoi clienti un&#8217;esperienza di massimo livello a un prezzo competitivo.<\/p>\r\n<h1>Copertura fibra ottica<\/h1>\r\n<p><a role=\"button\" href=\"https:\/\/legacy.colt.net\/it\/colt-network-map\/\" target=\"_self\" rel=\"noopener noreferrer\"> Verifica la copertura \u00bb <\/a><\/p>\r\n","protected":false},"excerpt":{"rendered":"<p>Connettivit\u00e0 avanzata per data center a oltre 900 data center in tutto il mondo Contact our sales department [hubspot type=form portal=344164 id=0014fddb-1610-4e85-9b9a-cc71e397ca30] Contattaci Chat with us Contact our sales department [hubspot type = form portal = 344164 id = 0014fddb-1610-4e85-9b9a-cc71e397ca30] Contattaci DC Net Scheda Tecnica Per raggiungere un data center basta una connessione incrociata Data&#8230;<\/p>\n","protected":false},"author":2,"featured_media":0,"parent":35900,"menu_order":0,"comment_status":"closed","ping_status":"closed","template":"","meta":{"_acf_changed":false,"footnotes":""},"colt_type":[],"colt_products":[],"class_list":["post-65504","page","type-page","status-publish","hentry"],"acf":[],"yoast_head":"<!-- This site is optimized with the Yoast SEO plugin v26.8 - https:\/\/yoast.com\/product\/yoast-seo-wordpress\/ -->\n<title>Data Centre Interconnect - Colt Technology Services<\/title>\n<meta name=\"description\" content=\"Data Centre Interconnect Colt Technology Services\" \/>\n<meta name=\"robots\" content=\"noindex, follow, max-snippet:-1, max-image-preview:large, max-video-preview:-1\" \/>\n<meta property=\"og:locale\" content=\"it_IT\" \/>\n<meta property=\"og:type\" content=\"article\" \/>\n<meta property=\"og:title\" content=\"Data Centre Interconnect - Colt Technology Services\" \/>\n<meta property=\"og:description\" content=\"Data Centre Interconnect Colt Technology Services\" \/>\n<meta property=\"og:url\" content=\"https:\/\/legacy.colt.net\/it\/product\/data-centre-interconnect\/\" \/>\n<meta property=\"og:site_name\" content=\"Colt Technology Services\" \/>\n<meta property=\"article:publisher\" content=\"https:\/\/www.facebook.com\/ColtTechnologyServices\/\" \/>\n<meta property=\"article:modified_time\" content=\"2022-03-24T09:02:14+00:00\" \/>\n<meta property=\"og:image\" content=\"https:\/\/i.ytimg.com\/vi\/6j0MEeTNYoM\/maxresdefault.jpg\" \/>\n<meta name=\"twitter:card\" content=\"summary_large_image\" \/>\n<meta name=\"twitter:site\" content=\"@colt_technology\" \/>\n<meta name=\"twitter:label1\" content=\"Est. reading time\" \/>\n\t<meta name=\"twitter:data1\" content=\"3 minutes\" \/>\n<script type=\"application\/ld+json\" class=\"yoast-schema-graph\">{\"@context\":\"https:\/\/schema.org\",\"@graph\":[{\"@type\":\"WebPage\",\"@id\":\"https:\/\/legacy.colt.net\/it\/product\/data-centre-interconnect\/\",\"url\":\"https:\/\/legacy.colt.net\/it\/product\/data-centre-interconnect\/\",\"name\":\"Data Centre Interconnect - Colt Technology Services\",\"isPartOf\":{\"@id\":\"https:\/\/legacy.colt.net\/#website\"},\"primaryImageOfPage\":{\"@id\":\"https:\/\/legacy.colt.net\/it\/product\/data-centre-interconnect\/#primaryimage\"},\"image\":{\"@id\":\"https:\/\/legacy.colt.net\/it\/product\/data-centre-interconnect\/#primaryimage\"},\"thumbnailUrl\":\"https:\/\/i.ytimg.com\/vi\/6j0MEeTNYoM\/maxresdefault.jpg\",\"datePublished\":\"2020-01-30T09:53:17+00:00\",\"dateModified\":\"2022-03-24T09:02:14+00:00\",\"description\":\"Data Centre Interconnect Colt Technology Services\",\"breadcrumb\":{\"@id\":\"https:\/\/legacy.colt.net\/it\/product\/data-centre-interconnect\/#breadcrumb\"},\"inLanguage\":\"it-IT\",\"potentialAction\":[{\"@type\":\"ReadAction\",\"target\":[\"https:\/\/legacy.colt.net\/it\/product\/data-centre-interconnect\/\"]}]},{\"@type\":\"ImageObject\",\"inLanguage\":\"it-IT\",\"@id\":\"https:\/\/legacy.colt.net\/it\/product\/data-centre-interconnect\/#primaryimage\",\"url\":\"https:\/\/i.ytimg.com\/vi\/6j0MEeTNYoM\/maxresdefault.jpg\",\"contentUrl\":\"https:\/\/i.ytimg.com\/vi\/6j0MEeTNYoM\/maxresdefault.jpg\"},{\"@type\":\"BreadcrumbList\",\"@id\":\"https:\/\/legacy.colt.net\/it\/product\/data-centre-interconnect\/#breadcrumb\",\"itemListElement\":[{\"@type\":\"ListItem\",\"position\":1,\"name\":\"Home\",\"item\":\"https:\/\/legacy.colt.net\/it\/\"},{\"@type\":\"ListItem\",\"position\":2,\"name\":\"Prodotti &#038; Servizi\",\"item\":\"https:\/\/legacy.colt.net\/it\/product\/\"},{\"@type\":\"ListItem\",\"position\":3,\"name\":\"Data Centre Interconnect\"}]},{\"@type\":\"WebSite\",\"@id\":\"https:\/\/legacy.colt.net\/#website\",\"url\":\"https:\/\/legacy.colt.net\/\",\"name\":\"Colt\u30c6\u30af\u30ce\u30ed\u30b8\u30fc\u30b5\u30fc\u30d3\u30b9\u682a\u5f0f\u4f1a\u793e\",\"description\":\"Managed Network &amp; Voice Services Provider\",\"publisher\":{\"@id\":\"https:\/\/legacy.colt.net\/#organization\"},\"potentialAction\":[{\"@type\":\"SearchAction\",\"target\":{\"@type\":\"EntryPoint\",\"urlTemplate\":\"https:\/\/legacy.colt.net\/?s={search_term_string}\"},\"query-input\":{\"@type\":\"PropertyValueSpecification\",\"valueRequired\":true,\"valueName\":\"search_term_string\"}}],\"inLanguage\":\"it-IT\"},{\"@type\":\"Organization\",\"@id\":\"https:\/\/legacy.colt.net\/#organization\",\"name\":\"Colt Technology Services\",\"url\":\"https:\/\/legacy.colt.net\/\",\"logo\":{\"@type\":\"ImageObject\",\"inLanguage\":\"it-IT\",\"@id\":\"https:\/\/legacy.colt.net\/#\/schema\/logo\/image\/\",\"url\":\"https:\/\/legacy.colt.net\/wp-content\/uploads\/2019\/02\/Colt-Logo.png\",\"contentUrl\":\"https:\/\/legacy.colt.net\/wp-content\/uploads\/2019\/02\/Colt-Logo.png\",\"width\":195,\"height\":77,\"caption\":\"Colt Technology Services\"},\"image\":{\"@id\":\"https:\/\/legacy.colt.net\/#\/schema\/logo\/image\/\"},\"sameAs\":[\"https:\/\/www.facebook.com\/ColtTechnologyServices\/\",\"https:\/\/x.com\/colt_technology\",\"https:\/\/www.instagram.com\/colttechnologyservices\/\",\"https:\/\/www.linkedin.com\/company\/colt-technology-services\",\"https:\/\/www.youtube.com\/user\/ColtTechnology\"]}]}<\/script>\n<!-- \/ Yoast SEO plugin. -->","yoast_head_json":{"title":"Data Centre Interconnect - Colt Technology Services","description":"Data Centre Interconnect Colt Technology Services","robots":{"index":"noindex","follow":"follow","max-snippet":"max-snippet:-1","max-image-preview":"max-image-preview:large","max-video-preview":"max-video-preview:-1"},"og_locale":"it_IT","og_type":"article","og_title":"Data Centre Interconnect - Colt Technology Services","og_description":"Data Centre Interconnect Colt Technology Services","og_url":"https:\/\/legacy.colt.net\/it\/product\/data-centre-interconnect\/","og_site_name":"Colt Technology Services","article_publisher":"https:\/\/www.facebook.com\/ColtTechnologyServices\/","article_modified_time":"2022-03-24T09:02:14+00:00","og_image":[{"url":"https:\/\/i.ytimg.com\/vi\/6j0MEeTNYoM\/maxresdefault.jpg","type":"","width":"","height":""}],"twitter_card":"summary_large_image","twitter_site":"@colt_technology","twitter_misc":{"Est. reading time":"3 minutes"},"schema":{"@context":"https:\/\/schema.org","@graph":[{"@type":"WebPage","@id":"https:\/\/legacy.colt.net\/it\/product\/data-centre-interconnect\/","url":"https:\/\/legacy.colt.net\/it\/product\/data-centre-interconnect\/","name":"Data Centre Interconnect - Colt Technology Services","isPartOf":{"@id":"https:\/\/legacy.colt.net\/#website"},"primaryImageOfPage":{"@id":"https:\/\/legacy.colt.net\/it\/product\/data-centre-interconnect\/#primaryimage"},"image":{"@id":"https:\/\/legacy.colt.net\/it\/product\/data-centre-interconnect\/#primaryimage"},"thumbnailUrl":"https:\/\/i.ytimg.com\/vi\/6j0MEeTNYoM\/maxresdefault.jpg","datePublished":"2020-01-30T09:53:17+00:00","dateModified":"2022-03-24T09:02:14+00:00","description":"Data Centre Interconnect Colt Technology Services","breadcrumb":{"@id":"https:\/\/legacy.colt.net\/it\/product\/data-centre-interconnect\/#breadcrumb"},"inLanguage":"it-IT","potentialAction":[{"@type":"ReadAction","target":["https:\/\/legacy.colt.net\/it\/product\/data-centre-interconnect\/"]}]},{"@type":"ImageObject","inLanguage":"it-IT","@id":"https:\/\/legacy.colt.net\/it\/product\/data-centre-interconnect\/#primaryimage","url":"https:\/\/i.ytimg.com\/vi\/6j0MEeTNYoM\/maxresdefault.jpg","contentUrl":"https:\/\/i.ytimg.com\/vi\/6j0MEeTNYoM\/maxresdefault.jpg"},{"@type":"BreadcrumbList","@id":"https:\/\/legacy.colt.net\/it\/product\/data-centre-interconnect\/#breadcrumb","itemListElement":[{"@type":"ListItem","position":1,"name":"Home","item":"https:\/\/legacy.colt.net\/it\/"},{"@type":"ListItem","position":2,"name":"Prodotti &#038; Servizi","item":"https:\/\/legacy.colt.net\/it\/product\/"},{"@type":"ListItem","position":3,"name":"Data Centre Interconnect"}]},{"@type":"WebSite","@id":"https:\/\/legacy.colt.net\/#website","url":"https:\/\/legacy.colt.net\/","name":"Colt\u30c6\u30af\u30ce\u30ed\u30b8\u30fc\u30b5\u30fc\u30d3\u30b9\u682a\u5f0f\u4f1a\u793e","description":"Managed Network &amp; Voice Services Provider","publisher":{"@id":"https:\/\/legacy.colt.net\/#organization"},"potentialAction":[{"@type":"SearchAction","target":{"@type":"EntryPoint","urlTemplate":"https:\/\/legacy.colt.net\/?s={search_term_string}"},"query-input":{"@type":"PropertyValueSpecification","valueRequired":true,"valueName":"search_term_string"}}],"inLanguage":"it-IT"},{"@type":"Organization","@id":"https:\/\/legacy.colt.net\/#organization","name":"Colt Technology Services","url":"https:\/\/legacy.colt.net\/","logo":{"@type":"ImageObject","inLanguage":"it-IT","@id":"https:\/\/legacy.colt.net\/#\/schema\/logo\/image\/","url":"https:\/\/legacy.colt.net\/wp-content\/uploads\/2019\/02\/Colt-Logo.png","contentUrl":"https:\/\/legacy.colt.net\/wp-content\/uploads\/2019\/02\/Colt-Logo.png","width":195,"height":77,"caption":"Colt Technology Services"},"image":{"@id":"https:\/\/legacy.colt.net\/#\/schema\/logo\/image\/"},"sameAs":["https:\/\/www.facebook.com\/ColtTechnologyServices\/","https:\/\/x.com\/colt_technology","https:\/\/www.instagram.com\/colttechnologyservices\/","https:\/\/www.linkedin.com\/company\/colt-technology-services","https:\/\/www.youtube.com\/user\/ColtTechnology"]}]}},"_links":{"self":[{"href":"https:\/\/legacy.colt.net\/it\/wp-json\/wp\/v2\/pages\/65504","targetHints":{"allow":["GET"]}}],"collection":[{"href":"https:\/\/legacy.colt.net\/it\/wp-json\/wp\/v2\/pages"}],"about":[{"href":"https:\/\/legacy.colt.net\/it\/wp-json\/wp\/v2\/types\/page"}],"author":[{"embeddable":true,"href":"https:\/\/legacy.colt.net\/it\/wp-json\/wp\/v2\/users\/2"}],"replies":[{"embeddable":true,"href":"https:\/\/legacy.colt.net\/it\/wp-json\/wp\/v2\/comments?post=65504"}],"version-history":[{"count":0,"href":"https:\/\/legacy.colt.net\/it\/wp-json\/wp\/v2\/pages\/65504\/revisions"}],"up":[{"embeddable":true,"href":"https:\/\/legacy.colt.net\/it\/wp-json\/wp\/v2\/pages\/35900"}],"wp:attachment":[{"href":"https:\/\/legacy.colt.net\/it\/wp-json\/wp\/v2\/media?parent=65504"}],"wp:term":[{"taxonomy":"colt_type","embeddable":true,"href":"https:\/\/legacy.colt.net\/it\/wp-json\/wp\/v2\/colt_type?post=65504"},{"taxonomy":"colt_products","embeddable":true,"href":"https:\/\/legacy.colt.net\/it\/wp-json\/wp\/v2\/colt_products?post=65504"}],"curies":[{"name":"wp","href":"https:\/\/api.w.org\/{rel}","templated":true}]}}