{"id":65501,"date":"2020-01-30T09:50:31","date_gmt":"2020-01-30T09:50:31","guid":{"rendered":"https:\/\/www.colt.net\/?page_id=65501"},"modified":"2022-09-02T10:23:48","modified_gmt":"2022-09-02T09:23:48","slug":"on-demand","status":"publish","type":"page","link":"https:\/\/legacy.colt.net\/it\/solutions\/on-demand\/","title":{"rendered":"Connettivit\u00e0 Ethernet in tempo reale definita dal software"},"content":{"rendered":"\n<h1>\n\t\tConnettivit\u00e0 On Demand\n\t<\/h1>\n<h2>\n\t\tProducts &#038; Services\n\t<\/h2>\n\t<nav class=\"breadcrumb\"><span><span><a href=\"https:\/\/legacy.colt.net\/it\/\">Home<\/a><\/span><\/span><\/nav>\n<h2>\n\t\tOttieni un controllo scalabile e in tempo reale della connettivit\u00e0 di rete\n\t<\/h2>\n\t<p>Il cloud computing sta diventando rapidamente una parte significativa della strategia IT globale per ottenere vantaggi ben noti: flessibilit\u00e0, scalabilit\u00e0 ed economicit\u00e0. Tuttavia, l&#8217;IT di un&#8217;azienda \u00e8 efficiente solo quanto la qualit\u00e0 delle sue connessioni e si sa che riprogettare le reti \u00e8 un processo lento, costoso e complesso. Ma Colt ha cambiato questa prospettiva. Con Colt On Demand Services, ti offriamo il controllo della tua rete e ti consentiamo di effettuare il provisioning delle connessioni di cui hai bisogno in tempo reale.<\/p>\n<p>Colt \u00e8 il primo carrier in Europa a ristrutturare completamente i servizi di rete odierni su questa scala. Ora questa innovazione \u00e8 possibile sfruttando le tecnologie SDN (Software Defined Networking) e NFV (Network Function Virtualisation).<\/p>\n<h2>\n\t\tI vantaggi in sintesi\n\t<\/h2>\n\t<p>Colt On Demand Services rappresenta una vera svolta per le aziende che necessitano di soluzioni di connettivit\u00e0 completamente flessibili tra data center, fornitori di servizi cloud ed edifici aziendali.<\/p>\n\t<h5>Prendi il controllo della tua rete con il nostro portale self-service ricco di funzionalit\u00e0<\/h5>\n\t<h5>Usufruisci della fornitura di servizi in tempo reale e dimentica i lunghi tempi di consegna<\/h5>\n\t<h5>Scegli tra contratti fissi a lungo termine o fatturazione oraria senza impegno<\/h5>\n\t<h5>Connettiti al cloud con un&#8217;offerta di rete che riesce ad adattarsi alla realt\u00e0 del cloud<\/h5>\n<h2>\n\t\tConnettivit\u00e0 semplice ma potente\n\t<\/h2>\n\t<p>In qualit\u00e0 di fornitore di rete on-demand, offriamo valore per molti casi d&#8217;uso, tra cui, a titolo esemplificativo: continuit\u00e0 economica del&#8217;attivit\u00e0, connettivit\u00e0 agile per esigenze urgenti e temporanee, gestione della crescita della larghezza di banda e miglioramento dell&#8217;esperienza dell&#8217;utente finale nel cloud.<\/p>\n<p>Scopri come utilizzare il nostro portale nel breve video dimostrativo riportato a destra.<\/p>\n\t\t\t\t\t<img decoding=\"async\" src=\"https:\/\/i.ytimg.com\/vi\/6j0MEeTNYoM\/maxresdefault.jpg\"\/>\n\t\t<h2>\n\t\tSoluzioni Colt\n\t<\/h2>\n\t<p>Colt dispone di diverse soluzioni on-demand per connettere i tuoi servizi IT in modo pi\u00f9 semplice e rapido, anche se si trovano in citt\u00e0 o paesi diversi.<\/p>\n<p>Il nostro servizio offre connessioni Ethernet dedicate, ad alte prestazioni e scalabili tra i diversi siti: data center, edifici aziendali o punti di accesso a provider di cloud pubblici, come Amazon Web Services, Google Cloud o Microsoft Azure.<\/p>\n<p>Di conseguenza, tutti i servizi IT, essenziali per l&#8217;azienda o meno, possono collaborare senza problemi ed essere operativi in pochi minuti.<\/p>\n\t\t\t\t<img decoding=\"async\" src=\"https:\/\/legacy.colt.net\/wp-content\/uploads\/2018\/11\/Colt-On-demand.png\" alt=\"Colt-On-demand.png\" itemprop=\"image\" title=\"Colt-On-demand.png\" onerror=\"this.style.display='none'\"  \/>\n<h2>\n\t\tModifica la rete on-demand in 4 passaggi\n\t<\/h2>\n\t<p>Accedi al nostro portale on-demand con il tuo ID univoco e sicuro<\/p>\n\t<p>Prenota e rilascia le tue porte di rete aggiungendone le posizioni nel nostro database<\/p>\n\t<p>Crea una connessione tra le tue nuove porte tramite Ethernet diretta o Cloud<\/p>\n\t<p>Modifica, pianifica e ridimensiona la larghezza di banda e gli impegni in tempo reale<\/p>\n<h2>\n\t\tCaratteristiche del servizio\n\t<\/h2>\n<h2>\n\t\tScopri le partnership di Colt con i principali fornitori di servizi cloud al mondo:\n\t<\/h2>\n\t\t\t\t<a href=\"https:\/\/legacy.colt.net\/it\/product\/direct-connect\/google\/\" target=\"_blank\" rel=\"noopener\" itemprop=\"url\">\n\t\t\t\t<img loading=\"lazy\" decoding=\"async\" src=\"https:\/\/legacy.colt.net\/wp-content\/uploads\/2019\/03\/Google-Cloud.png\" alt=\"Google Cloud\" itemprop=\"image\" height=\"251\" width=\"540\" title=\"Google Cloud\" onerror=\"this.style.display='none'\"  \/>\n\t\t\t\t<\/a>\n\t\t\t\t<a href=\"https:\/\/legacy.colt.net\/it\/product\/direct-connect\/azure\/\" target=\"_blank\" rel=\"noopener\" itemprop=\"url\">\n\t\t\t\t<img loading=\"lazy\" decoding=\"async\" src=\"https:\/\/legacy.colt.net\/wp-content\/uploads\/2019\/03\/Microsoft-Azure.png\" alt=\"Microsoft Azure\" itemprop=\"image\" height=\"260\" width=\"720\" title=\"Microsoft Azure\" onerror=\"this.style.display='none'\"  \/>\n\t\t\t\t<\/a>\n\t\t\t\t<a href=\"https:\/\/legacy.colt.net\/it\/product\/direct-connect\/aws\/\" target=\"_blank\" rel=\"noopener\" itemprop=\"url\">\n\t\t\t\t<img loading=\"lazy\" decoding=\"async\" src=\"https:\/\/legacy.colt.net\/wp-content\/uploads\/2019\/03\/Amazon-Web-Services.png\" alt=\"Amazon-Web-Services\" itemprop=\"image\" height=\"260\" width=\"720\" title=\"Amazon Web Services\" onerror=\"this.style.display='none'\"  \/>\n\t\t\t\t<\/a>\n\t\t\t\t<a href=\"https:\/\/legacy.colt.net\/it\/product\/direct-connect\/ibm\/\" target=\"_blank\" rel=\"noopener\" itemprop=\"url\">\n\t\t\t\t<img loading=\"lazy\" decoding=\"async\" src=\"https:\/\/legacy.colt.net\/wp-content\/uploads\/2019\/03\/IBM-Cloud.png\" alt=\"IBM Cloud\" itemprop=\"image\" height=\"600\" width=\"1200\" title=\"IBM Cloud\" onerror=\"this.style.display='none'\"  \/>\n\t\t\t\t<\/a>\n\t\t\t\t<a href=\"https:\/\/legacy.colt.net\/it\/product\/direct-connect\/oracle\/\" target=\"_blank\" rel=\"noopener\" itemprop=\"url\">\n\t\t\t\t<img loading=\"lazy\" decoding=\"async\" src=\"https:\/\/legacy.colt.net\/wp-content\/uploads\/2019\/04\/Oracle-Cloud-rgb-400x189.png\" alt=\"Oracle-Cloud-rgb-400x189\" itemprop=\"image\" height=\"189\" width=\"400\" title=\"Oracle-Cloud-rgb-400x189\" onerror=\"this.style.display='none'\"  \/>\n\t\t\t\t<\/a>\n<h1>\n\t\tCopertura fibra ottica\n\t<\/h1>\n\t<p><strong>Controlla la tua connettivit\u00e0 alla Colt IQ Network<\/strong><\/p>\n\t\t\t<a href=\"https:\/\/legacy.colt.net\/it\/colt-network-map\/\" target=\"_self\" role=\"button\" rel=\"noopener\">\n\t\t\t\t\t\t\tVerifica la copertura \u00bb\n\t\t\t\t\t<\/a>\n\n","protected":false},"excerpt":{"rendered":"<p>Connettivit\u00e0 On Demand Products &#038; Services Ottieni un controllo scalabile e in tempo reale della connettivit\u00e0 di rete Il cloud computing sta diventando rapidamente una parte significativa della strategia IT globale per ottenere vantaggi ben noti: flessibilit\u00e0, scalabilit\u00e0 ed economicit\u00e0. Tuttavia, l&#8217;IT di un&#8217;azienda \u00e8 efficiente solo quanto la qualit\u00e0 delle sue connessioni e si&#8230;<\/p>\n","protected":false},"author":2,"featured_media":0,"parent":91827,"menu_order":0,"comment_status":"closed","ping_status":"closed","template":"","meta":{"_acf_changed":false,"footnotes":""},"colt_type":[],"colt_products":[],"class_list":["post-65501","page","type-page","status-publish","hentry"],"acf":[],"yoast_head":"<!-- This site is optimized with the Yoast SEO plugin v26.8 - https:\/\/yoast.com\/product\/yoast-seo-wordpress\/ -->\n<title>Connettivit\u00e0 Ethernet in tempo reale definita dal software - Colt Technology Services<\/title>\n<meta name=\"description\" content=\"In qualit\u00e0 di fornitore di rete on-demand, offriamo valore per molti casi d&#039;uso, tra cui, a titolo esemplificativo: continuit\u00e0 economica\" \/>\n<meta name=\"robots\" content=\"noindex, follow, max-snippet:-1, max-image-preview:large, max-video-preview:-1\" \/>\n<meta property=\"og:locale\" content=\"it_IT\" \/>\n<meta property=\"og:type\" content=\"article\" \/>\n<meta property=\"og:title\" content=\"Connettivit\u00e0 Ethernet in tempo reale definita dal software - Colt Technology Services\" \/>\n<meta property=\"og:description\" content=\"In qualit\u00e0 di fornitore di rete on-demand, offriamo valore per molti casi d&#039;uso, tra cui, a titolo esemplificativo: continuit\u00e0 economica\" \/>\n<meta property=\"og:url\" content=\"https:\/\/legacy.colt.net\/it\/solutions\/on-demand\/\" \/>\n<meta property=\"og:site_name\" content=\"Colt Technology Services\" \/>\n<meta property=\"article:publisher\" content=\"https:\/\/www.facebook.com\/ColtTechnologyServices\/\" \/>\n<meta property=\"article:modified_time\" content=\"2022-09-02T09:23:48+00:00\" \/>\n<meta property=\"og:image\" content=\"https:\/\/legacy.colt.net\/wp-content\/uploads\/2021\/01\/Brand-2021-Stock-19.jpg\" \/>\n\t<meta property=\"og:image:width\" content=\"1000\" \/>\n\t<meta property=\"og:image:height\" content=\"667\" \/>\n\t<meta property=\"og:image:type\" content=\"image\/jpeg\" \/>\n<meta name=\"twitter:card\" content=\"summary_large_image\" \/>\n<meta name=\"twitter:site\" content=\"@colt_technology\" \/>\n<meta name=\"twitter:label1\" content=\"Est. reading time\" \/>\n\t<meta name=\"twitter:data1\" content=\"2 minutes\" \/>\n<script type=\"application\/ld+json\" class=\"yoast-schema-graph\">{\"@context\":\"https:\/\/schema.org\",\"@graph\":[{\"@type\":\"WebPage\",\"@id\":\"https:\/\/legacy.colt.net\/it\/solutions\/on-demand\/\",\"url\":\"https:\/\/legacy.colt.net\/it\/solutions\/on-demand\/\",\"name\":\"Connettivit\u00e0 Ethernet in tempo reale definita dal software - Colt Technology Services\",\"isPartOf\":{\"@id\":\"https:\/\/legacy.colt.net\/#website\"},\"primaryImageOfPage\":{\"@id\":\"https:\/\/legacy.colt.net\/it\/solutions\/on-demand\/#primaryimage\"},\"image\":{\"@id\":\"https:\/\/legacy.colt.net\/it\/solutions\/on-demand\/#primaryimage\"},\"thumbnailUrl\":\"https:\/\/i.ytimg.com\/vi\/6j0MEeTNYoM\/maxresdefault.jpg\",\"datePublished\":\"2020-01-30T09:50:31+00:00\",\"dateModified\":\"2022-09-02T09:23:48+00:00\",\"description\":\"In qualit\u00e0 di fornitore di rete on-demand, offriamo valore per molti casi d'uso, tra cui, a titolo esemplificativo: continuit\u00e0 economica\",\"breadcrumb\":{\"@id\":\"https:\/\/legacy.colt.net\/it\/solutions\/on-demand\/#breadcrumb\"},\"inLanguage\":\"it-IT\",\"potentialAction\":[{\"@type\":\"ReadAction\",\"target\":[\"https:\/\/legacy.colt.net\/it\/solutions\/on-demand\/\"]}]},{\"@type\":\"ImageObject\",\"inLanguage\":\"it-IT\",\"@id\":\"https:\/\/legacy.colt.net\/it\/solutions\/on-demand\/#primaryimage\",\"url\":\"https:\/\/i.ytimg.com\/vi\/6j0MEeTNYoM\/maxresdefault.jpg\",\"contentUrl\":\"https:\/\/i.ytimg.com\/vi\/6j0MEeTNYoM\/maxresdefault.jpg\"},{\"@type\":\"BreadcrumbList\",\"@id\":\"https:\/\/legacy.colt.net\/it\/solutions\/on-demand\/#breadcrumb\",\"itemListElement\":[{\"@type\":\"ListItem\",\"position\":1,\"name\":\"Home\",\"item\":\"https:\/\/legacy.colt.net\/it\/\"},{\"@type\":\"ListItem\",\"position\":2,\"name\":\"Solutions\",\"item\":\"https:\/\/legacy.colt.net\/it\/solutions\/\"},{\"@type\":\"ListItem\",\"position\":3,\"name\":\"Connettivit\u00e0 Ethernet in tempo reale definita dal software\"}]},{\"@type\":\"WebSite\",\"@id\":\"https:\/\/legacy.colt.net\/#website\",\"url\":\"https:\/\/legacy.colt.net\/\",\"name\":\"Colt\u30c6\u30af\u30ce\u30ed\u30b8\u30fc\u30b5\u30fc\u30d3\u30b9\u682a\u5f0f\u4f1a\u793e\",\"description\":\"Managed Network &amp; Voice Services Provider\",\"publisher\":{\"@id\":\"https:\/\/legacy.colt.net\/#organization\"},\"potentialAction\":[{\"@type\":\"SearchAction\",\"target\":{\"@type\":\"EntryPoint\",\"urlTemplate\":\"https:\/\/legacy.colt.net\/?s={search_term_string}\"},\"query-input\":{\"@type\":\"PropertyValueSpecification\",\"valueRequired\":true,\"valueName\":\"search_term_string\"}}],\"inLanguage\":\"it-IT\"},{\"@type\":\"Organization\",\"@id\":\"https:\/\/legacy.colt.net\/#organization\",\"name\":\"Colt Technology Services\",\"url\":\"https:\/\/legacy.colt.net\/\",\"logo\":{\"@type\":\"ImageObject\",\"inLanguage\":\"it-IT\",\"@id\":\"https:\/\/legacy.colt.net\/#\/schema\/logo\/image\/\",\"url\":\"https:\/\/legacy.colt.net\/wp-content\/uploads\/2019\/02\/Colt-Logo.png\",\"contentUrl\":\"https:\/\/legacy.colt.net\/wp-content\/uploads\/2019\/02\/Colt-Logo.png\",\"width\":195,\"height\":77,\"caption\":\"Colt Technology Services\"},\"image\":{\"@id\":\"https:\/\/legacy.colt.net\/#\/schema\/logo\/image\/\"},\"sameAs\":[\"https:\/\/www.facebook.com\/ColtTechnologyServices\/\",\"https:\/\/x.com\/colt_technology\",\"https:\/\/www.instagram.com\/colttechnologyservices\/\",\"https:\/\/www.linkedin.com\/company\/colt-technology-services\",\"https:\/\/www.youtube.com\/user\/ColtTechnology\"]}]}<\/script>\n<!-- \/ Yoast SEO plugin. -->","yoast_head_json":{"title":"Connettivit\u00e0 Ethernet in tempo reale definita dal software - Colt Technology Services","description":"In qualit\u00e0 di fornitore di rete on-demand, offriamo valore per molti casi d'uso, tra cui, a titolo esemplificativo: continuit\u00e0 economica","robots":{"index":"noindex","follow":"follow","max-snippet":"max-snippet:-1","max-image-preview":"max-image-preview:large","max-video-preview":"max-video-preview:-1"},"og_locale":"it_IT","og_type":"article","og_title":"Connettivit\u00e0 Ethernet in tempo reale definita dal software - Colt Technology Services","og_description":"In qualit\u00e0 di fornitore di rete on-demand, offriamo valore per molti casi d'uso, tra cui, a titolo esemplificativo: continuit\u00e0 economica","og_url":"https:\/\/legacy.colt.net\/it\/solutions\/on-demand\/","og_site_name":"Colt Technology Services","article_publisher":"https:\/\/www.facebook.com\/ColtTechnologyServices\/","article_modified_time":"2022-09-02T09:23:48+00:00","og_image":[{"width":1000,"height":667,"url":"https:\/\/legacy.colt.net\/wp-content\/uploads\/2021\/01\/Brand-2021-Stock-19.jpg","type":"image\/jpeg"}],"twitter_card":"summary_large_image","twitter_site":"@colt_technology","twitter_misc":{"Est. reading time":"2 minutes"},"schema":{"@context":"https:\/\/schema.org","@graph":[{"@type":"WebPage","@id":"https:\/\/legacy.colt.net\/it\/solutions\/on-demand\/","url":"https:\/\/legacy.colt.net\/it\/solutions\/on-demand\/","name":"Connettivit\u00e0 Ethernet in tempo reale definita dal software - Colt Technology Services","isPartOf":{"@id":"https:\/\/legacy.colt.net\/#website"},"primaryImageOfPage":{"@id":"https:\/\/legacy.colt.net\/it\/solutions\/on-demand\/#primaryimage"},"image":{"@id":"https:\/\/legacy.colt.net\/it\/solutions\/on-demand\/#primaryimage"},"thumbnailUrl":"https:\/\/i.ytimg.com\/vi\/6j0MEeTNYoM\/maxresdefault.jpg","datePublished":"2020-01-30T09:50:31+00:00","dateModified":"2022-09-02T09:23:48+00:00","description":"In qualit\u00e0 di fornitore di rete on-demand, offriamo valore per molti casi d'uso, tra cui, a titolo esemplificativo: continuit\u00e0 economica","breadcrumb":{"@id":"https:\/\/legacy.colt.net\/it\/solutions\/on-demand\/#breadcrumb"},"inLanguage":"it-IT","potentialAction":[{"@type":"ReadAction","target":["https:\/\/legacy.colt.net\/it\/solutions\/on-demand\/"]}]},{"@type":"ImageObject","inLanguage":"it-IT","@id":"https:\/\/legacy.colt.net\/it\/solutions\/on-demand\/#primaryimage","url":"https:\/\/i.ytimg.com\/vi\/6j0MEeTNYoM\/maxresdefault.jpg","contentUrl":"https:\/\/i.ytimg.com\/vi\/6j0MEeTNYoM\/maxresdefault.jpg"},{"@type":"BreadcrumbList","@id":"https:\/\/legacy.colt.net\/it\/solutions\/on-demand\/#breadcrumb","itemListElement":[{"@type":"ListItem","position":1,"name":"Home","item":"https:\/\/legacy.colt.net\/it\/"},{"@type":"ListItem","position":2,"name":"Solutions","item":"https:\/\/legacy.colt.net\/it\/solutions\/"},{"@type":"ListItem","position":3,"name":"Connettivit\u00e0 Ethernet in tempo reale definita dal software"}]},{"@type":"WebSite","@id":"https:\/\/legacy.colt.net\/#website","url":"https:\/\/legacy.colt.net\/","name":"Colt\u30c6\u30af\u30ce\u30ed\u30b8\u30fc\u30b5\u30fc\u30d3\u30b9\u682a\u5f0f\u4f1a\u793e","description":"Managed Network &amp; Voice Services Provider","publisher":{"@id":"https:\/\/legacy.colt.net\/#organization"},"potentialAction":[{"@type":"SearchAction","target":{"@type":"EntryPoint","urlTemplate":"https:\/\/legacy.colt.net\/?s={search_term_string}"},"query-input":{"@type":"PropertyValueSpecification","valueRequired":true,"valueName":"search_term_string"}}],"inLanguage":"it-IT"},{"@type":"Organization","@id":"https:\/\/legacy.colt.net\/#organization","name":"Colt Technology Services","url":"https:\/\/legacy.colt.net\/","logo":{"@type":"ImageObject","inLanguage":"it-IT","@id":"https:\/\/legacy.colt.net\/#\/schema\/logo\/image\/","url":"https:\/\/legacy.colt.net\/wp-content\/uploads\/2019\/02\/Colt-Logo.png","contentUrl":"https:\/\/legacy.colt.net\/wp-content\/uploads\/2019\/02\/Colt-Logo.png","width":195,"height":77,"caption":"Colt Technology Services"},"image":{"@id":"https:\/\/legacy.colt.net\/#\/schema\/logo\/image\/"},"sameAs":["https:\/\/www.facebook.com\/ColtTechnologyServices\/","https:\/\/x.com\/colt_technology","https:\/\/www.instagram.com\/colttechnologyservices\/","https:\/\/www.linkedin.com\/company\/colt-technology-services","https:\/\/www.youtube.com\/user\/ColtTechnology"]}]}},"_links":{"self":[{"href":"https:\/\/legacy.colt.net\/it\/wp-json\/wp\/v2\/pages\/65501","targetHints":{"allow":["GET"]}}],"collection":[{"href":"https:\/\/legacy.colt.net\/it\/wp-json\/wp\/v2\/pages"}],"about":[{"href":"https:\/\/legacy.colt.net\/it\/wp-json\/wp\/v2\/types\/page"}],"author":[{"embeddable":true,"href":"https:\/\/legacy.colt.net\/it\/wp-json\/wp\/v2\/users\/2"}],"replies":[{"embeddable":true,"href":"https:\/\/legacy.colt.net\/it\/wp-json\/wp\/v2\/comments?post=65501"}],"version-history":[{"count":0,"href":"https:\/\/legacy.colt.net\/it\/wp-json\/wp\/v2\/pages\/65501\/revisions"}],"up":[{"embeddable":true,"href":"https:\/\/legacy.colt.net\/it\/wp-json\/wp\/v2\/pages\/91827"}],"wp:attachment":[{"href":"https:\/\/legacy.colt.net\/it\/wp-json\/wp\/v2\/media?parent=65501"}],"wp:term":[{"taxonomy":"colt_type","embeddable":true,"href":"https:\/\/legacy.colt.net\/it\/wp-json\/wp\/v2\/colt_type?post=65501"},{"taxonomy":"colt_products","embeddable":true,"href":"https:\/\/legacy.colt.net\/it\/wp-json\/wp\/v2\/colt_products?post=65501"}],"curies":[{"name":"wp","href":"https:\/\/api.w.org\/{rel}","templated":true}]}}