{"id":64765,"date":"2019-10-28T13:52:58","date_gmt":"2019-10-28T13:52:58","guid":{"rendered":"https:\/\/www.colt.net\/?page_id=64765"},"modified":"2020-10-14T13:28:27","modified_gmt":"2020-10-14T12:28:27","slug":"connectivity-matters-for-sap-migration","status":"publish","type":"page","link":"https:\/\/legacy.colt.net\/it\/connectivity-matters-for-sap-migration\/","title":{"rendered":"La checklist per la migrazione SAP verso il cloud: non dimenticare la connettivit\u00e0"},"content":{"rendered":"\n\t\t\t\t<img decoding=\"async\" src=\"https:\/\/legacy.colt.net\/wp-content\/uploads\/2019\/10\/Tick.png\" alt=\"Tick\" itemprop=\"image\" title=\"Tick\" onerror=\"this.style.display='none'\"  \/>\n<h1>\n\t\tLa checklist per la migrazione SAP verso il cloud: non dimenticare la connettivit\u00e0 \n\t<\/h1>\n\t<p><strong>Sono sempre pi\u00f9 numerose le aziende che stanno spostando i propri workload sul cloud, ma per gli utenti di SAP c\u2019\u00e8 una scadenza imminente che potrebbe accelerare ulteriormente la decisione di migrare i sistemi ERP (Enterprise Resource Planning) on-premise verso il cloud.<\/strong><\/p>\n<p>Secondo Cisco, entro il 2021, il 94% dei workload e delle istanze di calcolo sar\u00e0 processato da data centre nel cloud. Di fronte alla sospensione del supporto tecnico on-premise annunciato dal provider tedesco per il 2025, gli utenti SAP hanno due opzioni: adottare la versione on-premise di S\/4HANA oppure migrare sul cloud.<\/p>\n<p>Un sondaggio effettuato su oltre 300 clienti SAP ha rilevato che il 54% dei clienti SAP prevede di implementare SAP S\/4HANA nei prossimi tre anni. \u00c8 inoltre emerso che i modelli di distribuzione utilizzati dai clienti SAP sono cambiati, passando da piattaforme on-premise al cloud. In effetti, il 72% degli intervistati si sta gi\u00e0 spostando verso il cloud.<\/p>\n<p>Migrando al cloud, i clienti SAP possono sfruttare la flessibilit\u00e0, la scalabilit\u00e0, la produttivit\u00e0 e le funzionalit\u00e0 avanzate offerte appunto dal cloud, riducendo al contempo la necessit\u00e0 di apparecchiature on-premise relativamente costose. Ma la migrazione verso il cloud non deve essere presa alla leggera e le aziende sono comprensibilmente diffidenti quando si tratta di migrare i sistemi aziendali, che sono alla base della loro attivit\u00e0.<\/p>\n<p>Anzich\u00e9 acquistare una capacit\u00e0 di rete eccessiva o migrare con le impostazioni di rete esistenti, le aziende possono scegliere una connettivit\u00e0 on demand, sicura e a bassa latenza che faciliter\u00e0 tutto il processo e sar\u00e0 il fondamento di qualsiasi migrazione SAP. Con cos\u00ec tanti aspetti da considerare, \u00e8 facile relegare la connettivit\u00e0 in fondo alla lista o immaginare che questo aspetto della migrazione possa essere facilmente trattato come ultima cosa. Un simile approccio rischia di mettere a repentaglio l\u2019intera migrazione. Ecco perch\u00e9 abbiamo stilato questa check list, per fare in modo che la migrazione al cloud del tuo ambiente SAP avvenga nelle migliori condizioni possibili.<\/p>\n\t<p><strong>Scarica la tua check-list della connettivit\u00e0<\/strong><\/p>\n\t<p>[hubspot type=form portal=344164 id=36786913-6534-4144-a514-cae8794be8af]<\/p>\n","protected":false},"excerpt":{"rendered":"<p>La checklist per la migrazione SAP verso il cloud: non dimenticare la connettivit\u00e0 Sono sempre pi\u00f9 numerose le aziende che stanno spostando i propri workload sul cloud, ma per gli utenti di SAP c\u2019\u00e8 una scadenza imminente che potrebbe accelerare ulteriormente la decisione di migrare i sistemi ERP (Enterprise Resource Planning) on-premise verso il cloud.<\/p>\n","protected":false},"author":2,"featured_media":0,"parent":0,"menu_order":0,"comment_status":"closed","ping_status":"closed","template":"","meta":{"_acf_changed":false,"footnotes":""},"colt_type":[],"colt_products":[],"class_list":["post-64765","page","type-page","status-publish","hentry"],"acf":[],"yoast_head":"<!-- This site is optimized with the Yoast SEO plugin v26.8 - https:\/\/yoast.com\/product\/yoast-seo-wordpress\/ -->\n<title>La checklist per la migrazione SAP verso il cloud: non dimenticare la connettivit\u00e0 - Colt Technology Services<\/title>\n<meta name=\"description\" content=\"La checklist per la migrazione SAP verso il cloud: non dimenticare la connettivit\u00e0 Colt Technology Services\" \/>\n<meta name=\"robots\" content=\"noindex, follow, max-snippet:-1, max-image-preview:large, max-video-preview:-1\" \/>\n<meta property=\"og:locale\" content=\"it_IT\" \/>\n<meta property=\"og:type\" content=\"article\" \/>\n<meta property=\"og:title\" content=\"La checklist per la migrazione SAP verso il cloud: non dimenticare la connettivit\u00e0 - Colt Technology Services\" \/>\n<meta property=\"og:description\" content=\"La checklist per la migrazione SAP verso il cloud: non dimenticare la connettivit\u00e0 Colt Technology Services\" \/>\n<meta property=\"og:url\" content=\"https:\/\/legacy.colt.net\/it\/connectivity-matters-for-sap-migration\/\" \/>\n<meta property=\"og:site_name\" content=\"Colt Technology Services\" \/>\n<meta property=\"article:publisher\" content=\"https:\/\/www.facebook.com\/ColtTechnologyServices\/\" \/>\n<meta property=\"article:modified_time\" content=\"2020-10-14T12:28:27+00:00\" \/>\n<meta property=\"og:image\" content=\"https:\/\/legacy.colt.net\/wp-content\/uploads\/2021\/01\/Brand-2021-Stock-29.jpg\" \/>\n\t<meta property=\"og:image:width\" content=\"1000\" \/>\n\t<meta property=\"og:image:height\" content=\"667\" \/>\n\t<meta property=\"og:image:type\" content=\"image\/jpeg\" \/>\n<meta name=\"twitter:card\" content=\"summary_large_image\" \/>\n<meta name=\"twitter:site\" content=\"@colt_technology\" \/>\n<meta name=\"twitter:label1\" content=\"Est. reading time\" \/>\n\t<meta name=\"twitter:data1\" content=\"2 minutes\" \/>\n<script type=\"application\/ld+json\" class=\"yoast-schema-graph\">{\"@context\":\"https:\/\/schema.org\",\"@graph\":[{\"@type\":\"WebPage\",\"@id\":\"https:\/\/legacy.colt.net\/it\/connectivity-matters-for-sap-migration\/\",\"url\":\"https:\/\/legacy.colt.net\/it\/connectivity-matters-for-sap-migration\/\",\"name\":\"La checklist per la migrazione SAP verso il cloud: non dimenticare la connettivit\u00e0 - Colt Technology Services\",\"isPartOf\":{\"@id\":\"https:\/\/legacy.colt.net\/#website\"},\"primaryImageOfPage\":{\"@id\":\"https:\/\/legacy.colt.net\/it\/connectivity-matters-for-sap-migration\/#primaryimage\"},\"image\":{\"@id\":\"https:\/\/legacy.colt.net\/it\/connectivity-matters-for-sap-migration\/#primaryimage\"},\"thumbnailUrl\":\"https:\/\/legacy.colt.net\/wp-content\/uploads\/2019\/10\/Tick.png\",\"datePublished\":\"2019-10-28T13:52:58+00:00\",\"dateModified\":\"2020-10-14T12:28:27+00:00\",\"description\":\"La checklist per la migrazione SAP verso il cloud: non dimenticare la connettivit\u00e0 Colt Technology Services\",\"breadcrumb\":{\"@id\":\"https:\/\/legacy.colt.net\/it\/connectivity-matters-for-sap-migration\/#breadcrumb\"},\"inLanguage\":\"it-IT\",\"potentialAction\":[{\"@type\":\"ReadAction\",\"target\":[\"https:\/\/legacy.colt.net\/it\/connectivity-matters-for-sap-migration\/\"]}]},{\"@type\":\"ImageObject\",\"inLanguage\":\"it-IT\",\"@id\":\"https:\/\/legacy.colt.net\/it\/connectivity-matters-for-sap-migration\/#primaryimage\",\"url\":\"https:\/\/legacy.colt.net\/wp-content\/uploads\/2019\/10\/Tick.png\",\"contentUrl\":\"https:\/\/legacy.colt.net\/wp-content\/uploads\/2019\/10\/Tick.png\"},{\"@type\":\"BreadcrumbList\",\"@id\":\"https:\/\/legacy.colt.net\/it\/connectivity-matters-for-sap-migration\/#breadcrumb\",\"itemListElement\":[{\"@type\":\"ListItem\",\"position\":1,\"name\":\"Home\",\"item\":\"https:\/\/legacy.colt.net\/it\/\"},{\"@type\":\"ListItem\",\"position\":2,\"name\":\"La checklist per la migrazione SAP verso il cloud: non dimenticare la connettivit\u00e0\"}]},{\"@type\":\"WebSite\",\"@id\":\"https:\/\/legacy.colt.net\/#website\",\"url\":\"https:\/\/legacy.colt.net\/\",\"name\":\"Colt\u30c6\u30af\u30ce\u30ed\u30b8\u30fc\u30b5\u30fc\u30d3\u30b9\u682a\u5f0f\u4f1a\u793e\",\"description\":\"Managed Network &amp; Voice Services Provider\",\"publisher\":{\"@id\":\"https:\/\/legacy.colt.net\/#organization\"},\"potentialAction\":[{\"@type\":\"SearchAction\",\"target\":{\"@type\":\"EntryPoint\",\"urlTemplate\":\"https:\/\/legacy.colt.net\/?s={search_term_string}\"},\"query-input\":{\"@type\":\"PropertyValueSpecification\",\"valueRequired\":true,\"valueName\":\"search_term_string\"}}],\"inLanguage\":\"it-IT\"},{\"@type\":\"Organization\",\"@id\":\"https:\/\/legacy.colt.net\/#organization\",\"name\":\"Colt Technology Services\",\"url\":\"https:\/\/legacy.colt.net\/\",\"logo\":{\"@type\":\"ImageObject\",\"inLanguage\":\"it-IT\",\"@id\":\"https:\/\/legacy.colt.net\/#\/schema\/logo\/image\/\",\"url\":\"https:\/\/legacy.colt.net\/wp-content\/uploads\/2019\/02\/Colt-Logo.png\",\"contentUrl\":\"https:\/\/legacy.colt.net\/wp-content\/uploads\/2019\/02\/Colt-Logo.png\",\"width\":195,\"height\":77,\"caption\":\"Colt Technology Services\"},\"image\":{\"@id\":\"https:\/\/legacy.colt.net\/#\/schema\/logo\/image\/\"},\"sameAs\":[\"https:\/\/www.facebook.com\/ColtTechnologyServices\/\",\"https:\/\/x.com\/colt_technology\",\"https:\/\/www.instagram.com\/colttechnologyservices\/\",\"https:\/\/www.linkedin.com\/company\/colt-technology-services\",\"https:\/\/www.youtube.com\/user\/ColtTechnology\"]}]}<\/script>\n<!-- \/ Yoast SEO plugin. -->","yoast_head_json":{"title":"La checklist per la migrazione SAP verso il cloud: non dimenticare la connettivit\u00e0 - Colt Technology Services","description":"La checklist per la migrazione SAP verso il cloud: non dimenticare la connettivit\u00e0 Colt Technology Services","robots":{"index":"noindex","follow":"follow","max-snippet":"max-snippet:-1","max-image-preview":"max-image-preview:large","max-video-preview":"max-video-preview:-1"},"og_locale":"it_IT","og_type":"article","og_title":"La checklist per la migrazione SAP verso il cloud: non dimenticare la connettivit\u00e0 - Colt Technology Services","og_description":"La checklist per la migrazione SAP verso il cloud: non dimenticare la connettivit\u00e0 Colt Technology Services","og_url":"https:\/\/legacy.colt.net\/it\/connectivity-matters-for-sap-migration\/","og_site_name":"Colt Technology Services","article_publisher":"https:\/\/www.facebook.com\/ColtTechnologyServices\/","article_modified_time":"2020-10-14T12:28:27+00:00","og_image":[{"width":1000,"height":667,"url":"https:\/\/legacy.colt.net\/wp-content\/uploads\/2021\/01\/Brand-2021-Stock-29.jpg","type":"image\/jpeg"}],"twitter_card":"summary_large_image","twitter_site":"@colt_technology","twitter_misc":{"Est. reading time":"2 minutes"},"schema":{"@context":"https:\/\/schema.org","@graph":[{"@type":"WebPage","@id":"https:\/\/legacy.colt.net\/it\/connectivity-matters-for-sap-migration\/","url":"https:\/\/legacy.colt.net\/it\/connectivity-matters-for-sap-migration\/","name":"La checklist per la migrazione SAP verso il cloud: non dimenticare la connettivit\u00e0 - Colt Technology Services","isPartOf":{"@id":"https:\/\/legacy.colt.net\/#website"},"primaryImageOfPage":{"@id":"https:\/\/legacy.colt.net\/it\/connectivity-matters-for-sap-migration\/#primaryimage"},"image":{"@id":"https:\/\/legacy.colt.net\/it\/connectivity-matters-for-sap-migration\/#primaryimage"},"thumbnailUrl":"https:\/\/legacy.colt.net\/wp-content\/uploads\/2019\/10\/Tick.png","datePublished":"2019-10-28T13:52:58+00:00","dateModified":"2020-10-14T12:28:27+00:00","description":"La checklist per la migrazione SAP verso il cloud: non dimenticare la connettivit\u00e0 Colt Technology Services","breadcrumb":{"@id":"https:\/\/legacy.colt.net\/it\/connectivity-matters-for-sap-migration\/#breadcrumb"},"inLanguage":"it-IT","potentialAction":[{"@type":"ReadAction","target":["https:\/\/legacy.colt.net\/it\/connectivity-matters-for-sap-migration\/"]}]},{"@type":"ImageObject","inLanguage":"it-IT","@id":"https:\/\/legacy.colt.net\/it\/connectivity-matters-for-sap-migration\/#primaryimage","url":"https:\/\/legacy.colt.net\/wp-content\/uploads\/2019\/10\/Tick.png","contentUrl":"https:\/\/legacy.colt.net\/wp-content\/uploads\/2019\/10\/Tick.png"},{"@type":"BreadcrumbList","@id":"https:\/\/legacy.colt.net\/it\/connectivity-matters-for-sap-migration\/#breadcrumb","itemListElement":[{"@type":"ListItem","position":1,"name":"Home","item":"https:\/\/legacy.colt.net\/it\/"},{"@type":"ListItem","position":2,"name":"La checklist per la migrazione SAP verso il cloud: non dimenticare la connettivit\u00e0"}]},{"@type":"WebSite","@id":"https:\/\/legacy.colt.net\/#website","url":"https:\/\/legacy.colt.net\/","name":"Colt\u30c6\u30af\u30ce\u30ed\u30b8\u30fc\u30b5\u30fc\u30d3\u30b9\u682a\u5f0f\u4f1a\u793e","description":"Managed Network &amp; Voice Services Provider","publisher":{"@id":"https:\/\/legacy.colt.net\/#organization"},"potentialAction":[{"@type":"SearchAction","target":{"@type":"EntryPoint","urlTemplate":"https:\/\/legacy.colt.net\/?s={search_term_string}"},"query-input":{"@type":"PropertyValueSpecification","valueRequired":true,"valueName":"search_term_string"}}],"inLanguage":"it-IT"},{"@type":"Organization","@id":"https:\/\/legacy.colt.net\/#organization","name":"Colt Technology Services","url":"https:\/\/legacy.colt.net\/","logo":{"@type":"ImageObject","inLanguage":"it-IT","@id":"https:\/\/legacy.colt.net\/#\/schema\/logo\/image\/","url":"https:\/\/legacy.colt.net\/wp-content\/uploads\/2019\/02\/Colt-Logo.png","contentUrl":"https:\/\/legacy.colt.net\/wp-content\/uploads\/2019\/02\/Colt-Logo.png","width":195,"height":77,"caption":"Colt Technology Services"},"image":{"@id":"https:\/\/legacy.colt.net\/#\/schema\/logo\/image\/"},"sameAs":["https:\/\/www.facebook.com\/ColtTechnologyServices\/","https:\/\/x.com\/colt_technology","https:\/\/www.instagram.com\/colttechnologyservices\/","https:\/\/www.linkedin.com\/company\/colt-technology-services","https:\/\/www.youtube.com\/user\/ColtTechnology"]}]}},"_links":{"self":[{"href":"https:\/\/legacy.colt.net\/it\/wp-json\/wp\/v2\/pages\/64765","targetHints":{"allow":["GET"]}}],"collection":[{"href":"https:\/\/legacy.colt.net\/it\/wp-json\/wp\/v2\/pages"}],"about":[{"href":"https:\/\/legacy.colt.net\/it\/wp-json\/wp\/v2\/types\/page"}],"author":[{"embeddable":true,"href":"https:\/\/legacy.colt.net\/it\/wp-json\/wp\/v2\/users\/2"}],"replies":[{"embeddable":true,"href":"https:\/\/legacy.colt.net\/it\/wp-json\/wp\/v2\/comments?post=64765"}],"version-history":[{"count":0,"href":"https:\/\/legacy.colt.net\/it\/wp-json\/wp\/v2\/pages\/64765\/revisions"}],"wp:attachment":[{"href":"https:\/\/legacy.colt.net\/it\/wp-json\/wp\/v2\/media?parent=64765"}],"wp:term":[{"taxonomy":"colt_type","embeddable":true,"href":"https:\/\/legacy.colt.net\/it\/wp-json\/wp\/v2\/colt_type?post=64765"},{"taxonomy":"colt_products","embeddable":true,"href":"https:\/\/legacy.colt.net\/it\/wp-json\/wp\/v2\/colt_products?post=64765"}],"curies":[{"name":"wp","href":"https:\/\/api.w.org\/{rel}","templated":true}]}}