{"id":61728,"date":"2020-03-09T16:10:40","date_gmt":"2020-03-09T16:10:40","guid":{"rendered":"https:\/\/www.colt.net\/?page_id=61728"},"modified":"2020-03-09T16:27:33","modified_gmt":"2020-03-09T16:27:33","slug":"sia-colt-verso-esmig","status":"publish","type":"page","link":"https:\/\/legacy.colt.net\/it\/product\/sia-colt-verso-esmig\/","title":{"rendered":"SIA-Colt verso ESMIG"},"content":{"rendered":"<p><strong>SIA-Colt \u00e8 l\u2019unico provider in grado di fornire una soluzione di rete per l\u2019accesso a ESMIG con livelli di servizio end-to-end garantiti.<\/strong><\/p>\n<p>Fin dal 2012, SIA, in collaborazione con Colt, \u00e8 il provider di servizi di accesso alle infrastrutture di Eurosistema e vanta un robusto track record nell\u2019erogazione di servizi mission critical per la comunit\u00e0 finanziaria europea.<span class=\"Apple-converted-space\">\u00a0<\/span><\/p>\n<p>I servizi di connettivit\u00e0 di SIA-Colt permettono a banche centrali e commerciali, CSD, ACH, custodian e altri PSP di collegarsi attraverso l\u2019interfaccia unica di accesso (ESMIG) alle Market Infrastructure di Eurosistema:<\/p>\n<ul>\n<li><b>Target2<\/b> per il regolamento dei pagamenti di importo rilevante<\/li>\n<li><b>Target2<\/b> <b>Securities<\/b> per il regolamento titoli<\/li>\n<li><b>TIPS<\/b> per il regolamento dei pagamenti istantanei<\/li>\n<li><b>Eurosystem<\/b> <b>Collateral<\/b> <b>Management<\/b> <b>System<\/b> (ECMS) per la gestione delle garanzie dell&#8217;Eurosistema<\/li>\n<li><b>servizi<\/b> futuri che Eurosistema vorr\u00e0 implementare.<\/li>\n<\/ul>\n<h3><b>Peace of mind<\/b><\/h3>\n<ul>\n<li>il servizio include tutte le componenti hardware, software, di connettivit\u00e0 e di monitoraggio, interamente installate e gestite da SIA-Colt, minimizzando le attivit\u00e0 in carico al cliente<\/li>\n<li>facilit\u00e0 di integrazione lato cliente<span class=\"Apple-converted-space\">\u00a0<\/span><\/li>\n<li>24ever customer support per la risoluzione proattiva ed unificata degli incidenti<span class=\"Apple-converted-space\">\u00a0<\/span><\/li>\n<li>visibilit\u00e0 per il cliente sul traffico, sullo stato delle attivit\u00e0 e su eventuali alert rilevati dai sistemi SIA-Colt con relativa reportistica, anche a supporto della verifica degli SLA<\/li>\n<li>SLA end-to-end nel pieno rispetto dei requisiti della licenza ESMIG<span class=\"Apple-converted-space\">\u00a0<\/span><\/li>\n<\/ul>\n<h3><b>Security by design<\/b><\/h3>\n<ul>\n<li>cybersecurity indirizzata nel disegno della soluzione e gestita centralmente<span class=\"Apple-converted-space\">\u00a0<\/span><\/li>\n<li>resilienza dei sistemi grazie a soluzioni operanti in configurazioni active-active e fault tolerant<\/li>\n<li>funzioni di sicurezza, incorporate nel gateway di rete, in grado di offrire confidenzialit\u00e0, autenticit\u00e0 ed integrit\u00e0 dei dati senza nessun degrado delle prestazioni<\/li>\n<li>operativit\u00e0 24\/7 e manutenzione dei gateway senza necessit\u00e0 di interruzione del servizio<\/li>\n<\/ul>\n<h3><b>Total cost of ownership trasparente<\/b><\/h3>\n<ul>\n<li>pricing chiaro e trasparente, comprensivo di tutte le componenti necessarie al servizio<span class=\"Apple-converted-space\">\u00a0<\/span><\/li>\n<li>nessuna necessit\u00e0 di risorse da parte del cliente per installazione, monitoraggio e controllo<\/li>\n<li>nessuna necessit\u00e0 di formazione specifica\/aggiornamento del personale del cliente<\/li>\n<\/ul>\n<p>Compila il form per richiedere informazioni e ricevere il listino prezzi.<\/p>\n","protected":false},"excerpt":{"rendered":"<p>SIA-Colt \u00e8 l\u2019unico provider in grado di fornire una soluzione di rete per l\u2019accesso a ESMIG con livelli di servizio end-to-end garantiti. Fin dal 2012, SIA, in collaborazione con Colt, \u00e8 il provider di servizi di accesso alle infrastrutture di Eurosistema e vanta un robusto track record nell\u2019erogazione di servizi mission critical per la comunit\u00e0&#8230;<\/p>\n","protected":false},"author":2,"featured_media":0,"parent":35900,"menu_order":0,"comment_status":"closed","ping_status":"closed","template":"","meta":{"_acf_changed":false,"footnotes":""},"colt_type":[],"colt_products":[],"class_list":["post-61728","page","type-page","status-publish","hentry"],"acf":[],"yoast_head":"<!-- This site is optimized with the Yoast SEO plugin v26.8 - https:\/\/yoast.com\/product\/yoast-seo-wordpress\/ -->\n<title>SIA-Colt verso ESMIG - Colt Technology Services<\/title>\n<meta name=\"description\" content=\"SIA-Colt is\u00a0the only provider able to deliver a network solution for accessing ESMIG with guaranteed end-to-end service levels.\" \/>\n<meta name=\"robots\" content=\"noindex, follow, max-snippet:-1, max-image-preview:large, max-video-preview:-1\" \/>\n<meta property=\"og:locale\" content=\"it_IT\" \/>\n<meta property=\"og:type\" content=\"article\" \/>\n<meta property=\"og:title\" content=\"SIA-Colt verso ESMIG - Colt Technology Services\" \/>\n<meta property=\"og:description\" content=\"SIA-Colt is\u00a0the only provider able to deliver a network solution for accessing ESMIG with guaranteed end-to-end service levels.\" \/>\n<meta property=\"og:url\" content=\"https:\/\/legacy.colt.net\/it\/product\/sia-colt-verso-esmig\/\" \/>\n<meta property=\"og:site_name\" content=\"Colt Technology Services\" \/>\n<meta property=\"article:publisher\" content=\"https:\/\/www.facebook.com\/ColtTechnologyServices\/\" \/>\n<meta property=\"article:modified_time\" content=\"2020-03-09T16:27:33+00:00\" \/>\n<meta property=\"og:image\" content=\"https:\/\/legacy.colt.net\/wp-content\/uploads\/2021\/01\/Brand-2021-Stock-4.jpg\" \/>\n\t<meta property=\"og:image:width\" content=\"1000\" \/>\n\t<meta property=\"og:image:height\" content=\"667\" \/>\n\t<meta property=\"og:image:type\" content=\"image\/jpeg\" \/>\n<meta name=\"twitter:card\" content=\"summary_large_image\" \/>\n<meta name=\"twitter:site\" content=\"@colt_technology\" \/>\n<meta name=\"twitter:label1\" content=\"Est. reading time\" \/>\n\t<meta name=\"twitter:data1\" content=\"2 minutes\" \/>\n<script type=\"application\/ld+json\" class=\"yoast-schema-graph\">{\"@context\":\"https:\/\/schema.org\",\"@graph\":[{\"@type\":\"WebPage\",\"@id\":\"https:\/\/legacy.colt.net\/it\/product\/sia-colt-verso-esmig\/\",\"url\":\"https:\/\/legacy.colt.net\/it\/product\/sia-colt-verso-esmig\/\",\"name\":\"SIA-Colt verso ESMIG - Colt Technology Services\",\"isPartOf\":{\"@id\":\"https:\/\/legacy.colt.net\/#website\"},\"datePublished\":\"2020-03-09T16:10:40+00:00\",\"dateModified\":\"2020-03-09T16:27:33+00:00\",\"description\":\"SIA-Colt is\u00a0the only provider able to deliver a network solution for accessing ESMIG with guaranteed end-to-end service levels.\",\"breadcrumb\":{\"@id\":\"https:\/\/legacy.colt.net\/it\/product\/sia-colt-verso-esmig\/#breadcrumb\"},\"inLanguage\":\"it-IT\",\"potentialAction\":[{\"@type\":\"ReadAction\",\"target\":[\"https:\/\/legacy.colt.net\/it\/product\/sia-colt-verso-esmig\/\"]}]},{\"@type\":\"BreadcrumbList\",\"@id\":\"https:\/\/legacy.colt.net\/it\/product\/sia-colt-verso-esmig\/#breadcrumb\",\"itemListElement\":[{\"@type\":\"ListItem\",\"position\":1,\"name\":\"Home\",\"item\":\"https:\/\/legacy.colt.net\/it\/\"},{\"@type\":\"ListItem\",\"position\":2,\"name\":\"Prodotti &#038; Servizi\",\"item\":\"https:\/\/legacy.colt.net\/it\/product\/\"},{\"@type\":\"ListItem\",\"position\":3,\"name\":\"SIA-Colt verso ESMIG\"}]},{\"@type\":\"WebSite\",\"@id\":\"https:\/\/legacy.colt.net\/#website\",\"url\":\"https:\/\/legacy.colt.net\/\",\"name\":\"Colt\u30c6\u30af\u30ce\u30ed\u30b8\u30fc\u30b5\u30fc\u30d3\u30b9\u682a\u5f0f\u4f1a\u793e\",\"description\":\"Managed Network &amp; Voice Services Provider\",\"publisher\":{\"@id\":\"https:\/\/legacy.colt.net\/#organization\"},\"potentialAction\":[{\"@type\":\"SearchAction\",\"target\":{\"@type\":\"EntryPoint\",\"urlTemplate\":\"https:\/\/legacy.colt.net\/?s={search_term_string}\"},\"query-input\":{\"@type\":\"PropertyValueSpecification\",\"valueRequired\":true,\"valueName\":\"search_term_string\"}}],\"inLanguage\":\"it-IT\"},{\"@type\":\"Organization\",\"@id\":\"https:\/\/legacy.colt.net\/#organization\",\"name\":\"Colt Technology Services\",\"url\":\"https:\/\/legacy.colt.net\/\",\"logo\":{\"@type\":\"ImageObject\",\"inLanguage\":\"it-IT\",\"@id\":\"https:\/\/legacy.colt.net\/#\/schema\/logo\/image\/\",\"url\":\"https:\/\/legacy.colt.net\/wp-content\/uploads\/2019\/02\/Colt-Logo.png\",\"contentUrl\":\"https:\/\/legacy.colt.net\/wp-content\/uploads\/2019\/02\/Colt-Logo.png\",\"width\":195,\"height\":77,\"caption\":\"Colt Technology Services\"},\"image\":{\"@id\":\"https:\/\/legacy.colt.net\/#\/schema\/logo\/image\/\"},\"sameAs\":[\"https:\/\/www.facebook.com\/ColtTechnologyServices\/\",\"https:\/\/x.com\/colt_technology\",\"https:\/\/www.instagram.com\/colttechnologyservices\/\",\"https:\/\/www.linkedin.com\/company\/colt-technology-services\",\"https:\/\/www.youtube.com\/user\/ColtTechnology\"]}]}<\/script>\n<!-- \/ Yoast SEO plugin. -->","yoast_head_json":{"title":"SIA-Colt verso ESMIG - Colt Technology Services","description":"SIA-Colt is\u00a0the only provider able to deliver a network solution for accessing ESMIG with guaranteed end-to-end service levels.","robots":{"index":"noindex","follow":"follow","max-snippet":"max-snippet:-1","max-image-preview":"max-image-preview:large","max-video-preview":"max-video-preview:-1"},"og_locale":"it_IT","og_type":"article","og_title":"SIA-Colt verso ESMIG - Colt Technology Services","og_description":"SIA-Colt is\u00a0the only provider able to deliver a network solution for accessing ESMIG with guaranteed end-to-end service levels.","og_url":"https:\/\/legacy.colt.net\/it\/product\/sia-colt-verso-esmig\/","og_site_name":"Colt Technology Services","article_publisher":"https:\/\/www.facebook.com\/ColtTechnologyServices\/","article_modified_time":"2020-03-09T16:27:33+00:00","og_image":[{"width":1000,"height":667,"url":"https:\/\/legacy.colt.net\/wp-content\/uploads\/2021\/01\/Brand-2021-Stock-4.jpg","type":"image\/jpeg"}],"twitter_card":"summary_large_image","twitter_site":"@colt_technology","twitter_misc":{"Est. reading time":"2 minutes"},"schema":{"@context":"https:\/\/schema.org","@graph":[{"@type":"WebPage","@id":"https:\/\/legacy.colt.net\/it\/product\/sia-colt-verso-esmig\/","url":"https:\/\/legacy.colt.net\/it\/product\/sia-colt-verso-esmig\/","name":"SIA-Colt verso ESMIG - Colt Technology Services","isPartOf":{"@id":"https:\/\/legacy.colt.net\/#website"},"datePublished":"2020-03-09T16:10:40+00:00","dateModified":"2020-03-09T16:27:33+00:00","description":"SIA-Colt is\u00a0the only provider able to deliver a network solution for accessing ESMIG with guaranteed end-to-end service levels.","breadcrumb":{"@id":"https:\/\/legacy.colt.net\/it\/product\/sia-colt-verso-esmig\/#breadcrumb"},"inLanguage":"it-IT","potentialAction":[{"@type":"ReadAction","target":["https:\/\/legacy.colt.net\/it\/product\/sia-colt-verso-esmig\/"]}]},{"@type":"BreadcrumbList","@id":"https:\/\/legacy.colt.net\/it\/product\/sia-colt-verso-esmig\/#breadcrumb","itemListElement":[{"@type":"ListItem","position":1,"name":"Home","item":"https:\/\/legacy.colt.net\/it\/"},{"@type":"ListItem","position":2,"name":"Prodotti &#038; Servizi","item":"https:\/\/legacy.colt.net\/it\/product\/"},{"@type":"ListItem","position":3,"name":"SIA-Colt verso ESMIG"}]},{"@type":"WebSite","@id":"https:\/\/legacy.colt.net\/#website","url":"https:\/\/legacy.colt.net\/","name":"Colt\u30c6\u30af\u30ce\u30ed\u30b8\u30fc\u30b5\u30fc\u30d3\u30b9\u682a\u5f0f\u4f1a\u793e","description":"Managed Network &amp; Voice Services Provider","publisher":{"@id":"https:\/\/legacy.colt.net\/#organization"},"potentialAction":[{"@type":"SearchAction","target":{"@type":"EntryPoint","urlTemplate":"https:\/\/legacy.colt.net\/?s={search_term_string}"},"query-input":{"@type":"PropertyValueSpecification","valueRequired":true,"valueName":"search_term_string"}}],"inLanguage":"it-IT"},{"@type":"Organization","@id":"https:\/\/legacy.colt.net\/#organization","name":"Colt Technology Services","url":"https:\/\/legacy.colt.net\/","logo":{"@type":"ImageObject","inLanguage":"it-IT","@id":"https:\/\/legacy.colt.net\/#\/schema\/logo\/image\/","url":"https:\/\/legacy.colt.net\/wp-content\/uploads\/2019\/02\/Colt-Logo.png","contentUrl":"https:\/\/legacy.colt.net\/wp-content\/uploads\/2019\/02\/Colt-Logo.png","width":195,"height":77,"caption":"Colt Technology Services"},"image":{"@id":"https:\/\/legacy.colt.net\/#\/schema\/logo\/image\/"},"sameAs":["https:\/\/www.facebook.com\/ColtTechnologyServices\/","https:\/\/x.com\/colt_technology","https:\/\/www.instagram.com\/colttechnologyservices\/","https:\/\/www.linkedin.com\/company\/colt-technology-services","https:\/\/www.youtube.com\/user\/ColtTechnology"]}]}},"_links":{"self":[{"href":"https:\/\/legacy.colt.net\/it\/wp-json\/wp\/v2\/pages\/61728","targetHints":{"allow":["GET"]}}],"collection":[{"href":"https:\/\/legacy.colt.net\/it\/wp-json\/wp\/v2\/pages"}],"about":[{"href":"https:\/\/legacy.colt.net\/it\/wp-json\/wp\/v2\/types\/page"}],"author":[{"embeddable":true,"href":"https:\/\/legacy.colt.net\/it\/wp-json\/wp\/v2\/users\/2"}],"replies":[{"embeddable":true,"href":"https:\/\/legacy.colt.net\/it\/wp-json\/wp\/v2\/comments?post=61728"}],"version-history":[{"count":0,"href":"https:\/\/legacy.colt.net\/it\/wp-json\/wp\/v2\/pages\/61728\/revisions"}],"up":[{"embeddable":true,"href":"https:\/\/legacy.colt.net\/it\/wp-json\/wp\/v2\/pages\/35900"}],"wp:attachment":[{"href":"https:\/\/legacy.colt.net\/it\/wp-json\/wp\/v2\/media?parent=61728"}],"wp:term":[{"taxonomy":"colt_type","embeddable":true,"href":"https:\/\/legacy.colt.net\/it\/wp-json\/wp\/v2\/colt_type?post=61728"},{"taxonomy":"colt_products","embeddable":true,"href":"https:\/\/legacy.colt.net\/it\/wp-json\/wp\/v2\/colt_products?post=61728"}],"curies":[{"name":"wp","href":"https:\/\/api.w.org\/{rel}","templated":true}]}}