{"id":60971,"date":"2017-02-06T13:38:08","date_gmt":"2017-02-06T13:38:08","guid":{"rendered":"https:\/\/www.colt.net\/providers\/"},"modified":"2019-12-04T10:26:35","modified_gmt":"2019-12-04T10:26:35","slug":"providers","status":"publish","type":"page","link":"https:\/\/legacy.colt.net\/it\/providers\/","title":{"rendered":"Service Provider Directory"},"content":{"rendered":"<h1>\n\t<\/h1>\n<h3>\n\t<\/h3>\n\t<nav class=\"breadcrumb\"><span><span><a href=\"https:\/\/legacy.colt.net\/it\/\">Home<\/a><\/span><\/span><\/nav>\n\t<p>Entrando in Colt PrizmNet, si accede a una comunit\u00e0 globale di borse, centri finanziari e service provider, tutti riportati nell\u2019elenco presente sul portale PrizmNet.<\/p>\n<p>Se c\u2019\u00e8 un vendor di servizi o dati che vorresti aggiungere, contatta il nostro team di Capital Markets.<\/p>\n<h3>Borse e sedi di trading<\/h3>\n<p>Colt PrizmNet fornisce l\u2019accesso alle piazze borsistiche e alle altre sedi di trading (compresi ATS, ECN, ETF, OTC e PTS) di tutto il mondo. Per iniziare a fare trading rapidamente in una nuova sede o in una nuova asset class, facciamo in modo che il lead time sia ridotto al minimo.<\/p>\n\t<iframe loading=\"lazy\" width=\"500\" height=\"281\" src=\"https:\/\/www.youtube.com\/embed\/xab4LREuJXM?feature=oembed\" frameborder=\"0\" allow=\"accelerometer; autoplay; encrypted-media; gyroscope; picture-in-picture\" allowfullscreen><\/iframe>\n\t<h3>MiFID II e conformit<em>\u00e0 normativa<\/em><\/h3>\n<p>Colt PrizmNet consente di connettersi rapidamente e facilmente ai provider di servizi di reporting e di altri servizi progettati per aiutarvi a rispettare la normativa.<\/p>\n<p>In particolare, svariati provider di PrizmNet offrono report sulle attivit\u00e0 di trading, test algo e altri servizi per aiutarvi a rispettare la normativa MiFID II.<\/p>\n<h3>Market data, analytics &amp; other services Dati di mercato, analytics e altri servizi<\/h3>\n<p>Tramite Colt PrizmNet, \u00e8 possibile ricevere feed di dati di mercato da svariati vendor e accedere a un\u2019ampia gamma di altri servizi, come:<\/p>\n<ul>\n<li>Analytics e data management<\/li>\n<li>Software di trading<\/li>\n<li>OEMS (Order and Execution Management System &#8211; Sistema di gestione ed esecuzione degli ordini)<\/li>\n<li>Dati globali sulle operazioni aziendali<\/li>\n<li>Facility per lo storage di big data<\/li>\n<li>Soluzioni software per le imprese<\/li>\n<\/ul>\n<h4>Scopri di pi<em>\u00f9<\/em><\/h4>\n<p>Vuoi saperne di pi\u00f9 sulla nostra <a href=\"https:\/\/legacy.colt.net\/it\/product\/financial-extranet\/\">extranet finanziaria<\/a>? Guarda tutti gli altri nostri prodotti qui di seguito.<\/p>\n<a href=\"https:\/\/legacy.colt.net\/it\/product\/prizmnet-portal\/\">Portale PrizmNet<\/a><br \/>\nColt PrizmNet, un\u2019extranet finanziaria per essere connessi all\u2019ecosistema globale dei mercati dei capitali.\n<a href=\"https:\/\/legacy.colt.net\/it\/mifid-ii\/\">MiFID II<\/a><br \/>\nSei in grado di soddisfare i complessi requisiti della direttiva MiFID II?\n<h5>\n\t<\/h5>\n\t<a href=\"https:\/\/legacy.colt.net\/it\/resources\/forbes_italia\/\" target=\"_self\"  rel=\"noopener noreferrer\"><\/a>\n\t\t\t\t<img decoding=\"async\" src=\"https:\/\/legacy.colt.net\/wp-content\/uploads\/2019\/03\/FORBES-ITALIA.png\" alt=\"FORBES-ITALIA\" itemprop=\"image\"\/>\n\t\t<h3>FORBES Italia utilizza la rete Colt per le dirette TV<\/h3>\t\t\t\n\t\t\t\t<p>FORBES Italia utilizza la rete Colt per le dirette TV: sicurezza, affidabilit\u00e0 e resilienza per un servizio senza interruzioni<\/p>\n<h5>\n\t<\/h5>\n\t<a href=\"https:\/\/legacy.colt.net\/it\/product\/prizmnet-portal\/\" target=\"_self\"  rel=\"noopener noreferrer\"><\/a>\n\t\t\t\t<img decoding=\"async\" src=\"https:\/\/legacy.colt.net\/wp-content\/uploads\/2019\/05\/Colt-Fallback-14-1-e1566228507882.jpg\" alt=\"blur image of  fiber optics lights abstract background for use as technology internet backdrop\" itemprop=\"image\"\/>\n\t\t<h3>Portale PrizmNet<\/h3>\t\t\t\n\t\t\t\t<p>Colt PrizmNet, un\u2019extranet finanziaria per essere connessi all\u2019ecosistema globale dei mercati dei capitali.<\/p>\n<h5>\n\t<\/h5>\n\t<a href=\"https:\/\/legacy.colt.net\/it\/resources\/borse-asitiche-piu-vicine\/\" target=\"_self\"  rel=\"noopener noreferrer\"><\/a>\n\t\t\t\t<img decoding=\"async\" src=\"https:\/\/legacy.colt.net\/wp-content\/uploads\/2019\/05\/Colt-Fallback-25-1-e1566228628510.jpg\" alt=\"Business project meeting. Marketing team discussing new working plan. Laptop and paperwork in open office\" itemprop=\"image\"\/>\n\t\t<h3>Colt lancia il servizio Dedicated Cloud Access anche per Google Cloud<\/h3>\t\t\t\n\t\t\t\t<p>Grazie a Partner Interconnect, i Clienti possono ora affidarsi a Colt per collegare le loro piattaforme applicative al Google Cloud pi\u00f9 vicino<\/p>\n\t\t\t<h3>Joanne, Senior Account Manager<\/h3>\t\t\t\n\t\t\t\t<p>\u201cLa parte migliore di lavorare in Colt \u00e8 la cultura. Tutti i miei colleghi hanno un atteggiamento positivo e desiderano dare una mano, facendo s\u00ec che si crei un ambiente di lavoro straordinario. Cosa pi\u00f9 importante, mi rende in grado di fornire il pi\u00f9 alto livello di servizio e supporto ai miei clienti.\u201d<\/p>\n\t\t\t<a href=\"https:\/\/legacy.colt.net\/careers\" target=\"_self\"   role=\"button\" rel=\"noopener noreferrer\">\n\t\t\t\t\t\t\tCareers at Colt \u00bb\n\t\t<\/a>\n\t\t\t\t<img decoding=\"async\" src=\"https:\/\/legacy.colt.net\/wp-content\/uploads\/2018\/12\/Joanne-Perkins-e1540203629673-1.jpg\" alt=\"Joanne-Perkins-e1540203629673 (1)\" itemprop=\"image\"\/>\n\t\t\t<p>&#8220;Siamo molto soddisfatti del servizio clienti, delle infrastrutture e della competenza di Colt, e stiamo spostando sul cloud la nostra intera struttura organizzativa. Il Dedicated Cloud Access \u00e8 l&#8217;ultimo pezzo del puzzle e ci ha permesso di effettuare agilmente il trasloco.&#8221;<\/p>\t\t\t\n\t\t\t\t<p><strong>Stefan Truthaen<\/strong><br \/>CEO, hhpberlin<\/p>\n","protected":false},"excerpt":{"rendered":"<p>Entrando in Colt PrizmNet, si accede a una comunit\u00e0 globale di borse, centri finanziari e service provider, tutti riportati nell\u2019elenco presente sul portale PrizmNet. Se c\u2019\u00e8 un vendor di servizi o dati che vorresti aggiungere, contatta il nostro team di Capital Markets. Borse e sedi di trading Colt PrizmNet fornisce l\u2019accesso alle piazze borsistiche e&#8230;<\/p>\n","protected":false},"author":2,"featured_media":0,"parent":0,"menu_order":2,"comment_status":"closed","ping_status":"closed","template":"","meta":{"_acf_changed":false,"footnotes":""},"colt_type":[],"colt_products":[],"class_list":["post-60971","page","type-page","status-publish","hentry"],"acf":[],"yoast_head":"<!-- This site is optimized with the Yoast SEO plugin v26.8 - https:\/\/yoast.com\/product\/yoast-seo-wordpress\/ -->\n<title>Exchanges, Market Venues, Service Provider Directory - Colt<\/title>\n<meta name=\"description\" content=\"With our service provider directory, you can start trading quickly with minimised lead times, and access to service providers worldwide.\" \/>\n<meta name=\"robots\" content=\"noindex, follow, max-snippet:-1, max-image-preview:large, max-video-preview:-1\" \/>\n<meta property=\"og:locale\" content=\"it_IT\" \/>\n<meta property=\"og:type\" content=\"article\" \/>\n<meta property=\"og:title\" content=\"Exchanges, Market Venues, Service Provider Directory - Colt\" \/>\n<meta property=\"og:description\" content=\"With our service provider directory, you can start trading quickly with minimised lead times, and access to service providers worldwide.\" \/>\n<meta property=\"og:url\" content=\"https:\/\/legacy.colt.net\/it\/providers\/\" \/>\n<meta property=\"og:site_name\" content=\"Colt Technology Services\" \/>\n<meta property=\"article:publisher\" content=\"https:\/\/www.facebook.com\/ColtTechnologyServices\/\" \/>\n<meta property=\"article:modified_time\" content=\"2019-12-04T10:26:35+00:00\" \/>\n<meta property=\"og:image\" content=\"https:\/\/legacy.colt.net\/wp-content\/uploads\/2021\/01\/Brand-2021-Stock-1.jpg\" \/>\n\t<meta property=\"og:image:width\" content=\"1000\" \/>\n\t<meta property=\"og:image:height\" content=\"667\" \/>\n\t<meta property=\"og:image:type\" content=\"image\/jpeg\" \/>\n<meta name=\"twitter:card\" content=\"summary_large_image\" \/>\n<meta name=\"twitter:site\" content=\"@colt_technology\" \/>\n<meta name=\"twitter:label1\" content=\"Est. reading time\" \/>\n\t<meta name=\"twitter:data1\" content=\"2 minutes\" \/>\n<script type=\"application\/ld+json\" class=\"yoast-schema-graph\">{\"@context\":\"https:\/\/schema.org\",\"@graph\":[{\"@type\":\"WebPage\",\"@id\":\"https:\/\/legacy.colt.net\/it\/providers\/\",\"url\":\"https:\/\/legacy.colt.net\/it\/providers\/\",\"name\":\"Exchanges, Market Venues, Service Provider Directory - Colt\",\"isPartOf\":{\"@id\":\"https:\/\/legacy.colt.net\/#website\"},\"primaryImageOfPage\":{\"@id\":\"https:\/\/legacy.colt.net\/it\/providers\/#primaryimage\"},\"image\":{\"@id\":\"https:\/\/legacy.colt.net\/it\/providers\/#primaryimage\"},\"thumbnailUrl\":\"https:\/\/legacy.colt.net\/wp-content\/uploads\/2019\/03\/FORBES-ITALIA.png\",\"datePublished\":\"2017-02-06T13:38:08+00:00\",\"dateModified\":\"2019-12-04T10:26:35+00:00\",\"description\":\"With our service provider directory, you can start trading quickly with minimised lead times, and access to service providers worldwide.\",\"breadcrumb\":{\"@id\":\"https:\/\/legacy.colt.net\/it\/providers\/#breadcrumb\"},\"inLanguage\":\"it-IT\",\"potentialAction\":[{\"@type\":\"ReadAction\",\"target\":[\"https:\/\/legacy.colt.net\/it\/providers\/\"]}]},{\"@type\":\"ImageObject\",\"inLanguage\":\"it-IT\",\"@id\":\"https:\/\/legacy.colt.net\/it\/providers\/#primaryimage\",\"url\":\"https:\/\/legacy.colt.net\/wp-content\/uploads\/2019\/03\/FORBES-ITALIA.png\",\"contentUrl\":\"https:\/\/legacy.colt.net\/wp-content\/uploads\/2019\/03\/FORBES-ITALIA.png\"},{\"@type\":\"BreadcrumbList\",\"@id\":\"https:\/\/legacy.colt.net\/it\/providers\/#breadcrumb\",\"itemListElement\":[{\"@type\":\"ListItem\",\"position\":1,\"name\":\"Home\",\"item\":\"https:\/\/legacy.colt.net\/it\/\"},{\"@type\":\"ListItem\",\"position\":2,\"name\":\"Service Provider Directory\"}]},{\"@type\":\"WebSite\",\"@id\":\"https:\/\/legacy.colt.net\/#website\",\"url\":\"https:\/\/legacy.colt.net\/\",\"name\":\"Colt\u30c6\u30af\u30ce\u30ed\u30b8\u30fc\u30b5\u30fc\u30d3\u30b9\u682a\u5f0f\u4f1a\u793e\",\"description\":\"Managed Network &amp; Voice Services Provider\",\"publisher\":{\"@id\":\"https:\/\/legacy.colt.net\/#organization\"},\"potentialAction\":[{\"@type\":\"SearchAction\",\"target\":{\"@type\":\"EntryPoint\",\"urlTemplate\":\"https:\/\/legacy.colt.net\/?s={search_term_string}\"},\"query-input\":{\"@type\":\"PropertyValueSpecification\",\"valueRequired\":true,\"valueName\":\"search_term_string\"}}],\"inLanguage\":\"it-IT\"},{\"@type\":\"Organization\",\"@id\":\"https:\/\/legacy.colt.net\/#organization\",\"name\":\"Colt Technology Services\",\"url\":\"https:\/\/legacy.colt.net\/\",\"logo\":{\"@type\":\"ImageObject\",\"inLanguage\":\"it-IT\",\"@id\":\"https:\/\/legacy.colt.net\/#\/schema\/logo\/image\/\",\"url\":\"https:\/\/legacy.colt.net\/wp-content\/uploads\/2019\/02\/Colt-Logo.png\",\"contentUrl\":\"https:\/\/legacy.colt.net\/wp-content\/uploads\/2019\/02\/Colt-Logo.png\",\"width\":195,\"height\":77,\"caption\":\"Colt Technology Services\"},\"image\":{\"@id\":\"https:\/\/legacy.colt.net\/#\/schema\/logo\/image\/\"},\"sameAs\":[\"https:\/\/www.facebook.com\/ColtTechnologyServices\/\",\"https:\/\/x.com\/colt_technology\",\"https:\/\/www.instagram.com\/colttechnologyservices\/\",\"https:\/\/www.linkedin.com\/company\/colt-technology-services\",\"https:\/\/www.youtube.com\/user\/ColtTechnology\"]}]}<\/script>\n<!-- \/ Yoast SEO plugin. -->","yoast_head_json":{"title":"Exchanges, Market Venues, Service Provider Directory - Colt","description":"With our service provider directory, you can start trading quickly with minimised lead times, and access to service providers worldwide.","robots":{"index":"noindex","follow":"follow","max-snippet":"max-snippet:-1","max-image-preview":"max-image-preview:large","max-video-preview":"max-video-preview:-1"},"og_locale":"it_IT","og_type":"article","og_title":"Exchanges, Market Venues, Service Provider Directory - Colt","og_description":"With our service provider directory, you can start trading quickly with minimised lead times, and access to service providers worldwide.","og_url":"https:\/\/legacy.colt.net\/it\/providers\/","og_site_name":"Colt Technology Services","article_publisher":"https:\/\/www.facebook.com\/ColtTechnologyServices\/","article_modified_time":"2019-12-04T10:26:35+00:00","og_image":[{"width":1000,"height":667,"url":"https:\/\/legacy.colt.net\/wp-content\/uploads\/2021\/01\/Brand-2021-Stock-1.jpg","type":"image\/jpeg"}],"twitter_card":"summary_large_image","twitter_site":"@colt_technology","twitter_misc":{"Est. reading time":"2 minutes"},"schema":{"@context":"https:\/\/schema.org","@graph":[{"@type":"WebPage","@id":"https:\/\/legacy.colt.net\/it\/providers\/","url":"https:\/\/legacy.colt.net\/it\/providers\/","name":"Exchanges, Market Venues, Service Provider Directory - Colt","isPartOf":{"@id":"https:\/\/legacy.colt.net\/#website"},"primaryImageOfPage":{"@id":"https:\/\/legacy.colt.net\/it\/providers\/#primaryimage"},"image":{"@id":"https:\/\/legacy.colt.net\/it\/providers\/#primaryimage"},"thumbnailUrl":"https:\/\/legacy.colt.net\/wp-content\/uploads\/2019\/03\/FORBES-ITALIA.png","datePublished":"2017-02-06T13:38:08+00:00","dateModified":"2019-12-04T10:26:35+00:00","description":"With our service provider directory, you can start trading quickly with minimised lead times, and access to service providers worldwide.","breadcrumb":{"@id":"https:\/\/legacy.colt.net\/it\/providers\/#breadcrumb"},"inLanguage":"it-IT","potentialAction":[{"@type":"ReadAction","target":["https:\/\/legacy.colt.net\/it\/providers\/"]}]},{"@type":"ImageObject","inLanguage":"it-IT","@id":"https:\/\/legacy.colt.net\/it\/providers\/#primaryimage","url":"https:\/\/legacy.colt.net\/wp-content\/uploads\/2019\/03\/FORBES-ITALIA.png","contentUrl":"https:\/\/legacy.colt.net\/wp-content\/uploads\/2019\/03\/FORBES-ITALIA.png"},{"@type":"BreadcrumbList","@id":"https:\/\/legacy.colt.net\/it\/providers\/#breadcrumb","itemListElement":[{"@type":"ListItem","position":1,"name":"Home","item":"https:\/\/legacy.colt.net\/it\/"},{"@type":"ListItem","position":2,"name":"Service Provider Directory"}]},{"@type":"WebSite","@id":"https:\/\/legacy.colt.net\/#website","url":"https:\/\/legacy.colt.net\/","name":"Colt\u30c6\u30af\u30ce\u30ed\u30b8\u30fc\u30b5\u30fc\u30d3\u30b9\u682a\u5f0f\u4f1a\u793e","description":"Managed Network &amp; Voice Services Provider","publisher":{"@id":"https:\/\/legacy.colt.net\/#organization"},"potentialAction":[{"@type":"SearchAction","target":{"@type":"EntryPoint","urlTemplate":"https:\/\/legacy.colt.net\/?s={search_term_string}"},"query-input":{"@type":"PropertyValueSpecification","valueRequired":true,"valueName":"search_term_string"}}],"inLanguage":"it-IT"},{"@type":"Organization","@id":"https:\/\/legacy.colt.net\/#organization","name":"Colt Technology Services","url":"https:\/\/legacy.colt.net\/","logo":{"@type":"ImageObject","inLanguage":"it-IT","@id":"https:\/\/legacy.colt.net\/#\/schema\/logo\/image\/","url":"https:\/\/legacy.colt.net\/wp-content\/uploads\/2019\/02\/Colt-Logo.png","contentUrl":"https:\/\/legacy.colt.net\/wp-content\/uploads\/2019\/02\/Colt-Logo.png","width":195,"height":77,"caption":"Colt Technology Services"},"image":{"@id":"https:\/\/legacy.colt.net\/#\/schema\/logo\/image\/"},"sameAs":["https:\/\/www.facebook.com\/ColtTechnologyServices\/","https:\/\/x.com\/colt_technology","https:\/\/www.instagram.com\/colttechnologyservices\/","https:\/\/www.linkedin.com\/company\/colt-technology-services","https:\/\/www.youtube.com\/user\/ColtTechnology"]}]}},"_links":{"self":[{"href":"https:\/\/legacy.colt.net\/it\/wp-json\/wp\/v2\/pages\/60971","targetHints":{"allow":["GET"]}}],"collection":[{"href":"https:\/\/legacy.colt.net\/it\/wp-json\/wp\/v2\/pages"}],"about":[{"href":"https:\/\/legacy.colt.net\/it\/wp-json\/wp\/v2\/types\/page"}],"author":[{"embeddable":true,"href":"https:\/\/legacy.colt.net\/it\/wp-json\/wp\/v2\/users\/2"}],"replies":[{"embeddable":true,"href":"https:\/\/legacy.colt.net\/it\/wp-json\/wp\/v2\/comments?post=60971"}],"version-history":[{"count":0,"href":"https:\/\/legacy.colt.net\/it\/wp-json\/wp\/v2\/pages\/60971\/revisions"}],"wp:attachment":[{"href":"https:\/\/legacy.colt.net\/it\/wp-json\/wp\/v2\/media?parent=60971"}],"wp:term":[{"taxonomy":"colt_type","embeddable":true,"href":"https:\/\/legacy.colt.net\/it\/wp-json\/wp\/v2\/colt_type?post=60971"},{"taxonomy":"colt_products","embeddable":true,"href":"https:\/\/legacy.colt.net\/it\/wp-json\/wp\/v2\/colt_products?post=60971"}],"curies":[{"name":"wp","href":"https:\/\/api.w.org\/{rel}","templated":true}]}}