{"id":36912,"date":"2018-11-14T09:11:52","date_gmt":"2018-11-14T09:11:52","guid":{"rendered":"https:\/\/www.colt.net\/product\/wireless-backhaul\/"},"modified":"2019-04-01T13:34:56","modified_gmt":"2019-04-01T12:34:56","slug":"wireless-backhaul","status":"publish","type":"page","link":"https:\/\/legacy.colt.net\/it\/product\/wireless-backhaul\/","title":{"rendered":"Wireless Backhaul"},"content":{"rendered":"<p><iframe loading=\"lazy\" src=\"https:\/\/www.youtube.com\/embed\/WAVF7UCi-Zk?rel=0\" width=\"844\" height=\"475\" frameborder=\"0\" allowfullscreen=\"allowfullscreen\"><span data-mce-type=\"bookmark\" style=\"display: inline-block; width: 0px; overflow: hidden; line-height: 0;\" class=\"mce_SELRES_start\">\ufeff<\/span><span data-mce-type=\"bookmark\" style=\"display: inline-block; width: 0px; overflow: hidden; line-height: 0;\" class=\"mce_SELRES_start\">\ufeff<\/span><span data-mce-type=\"bookmark\" style=\"display: inline-block; width: 0px; overflow: hidden; line-height: 0;\" class=\"mce_SELRES_start\">\ufeff<\/span><\/iframe><\/p>\n<h4 class=\"intro\">Grazie alla sua rete in fibra interamente di propriet\u00e0 e gestita internamente, Colt \u00e8 in grado di supportare tutti i provider di servizi wireless, con un\u2019ampia gamma di soluzioni: dagli hot spot (WiFi \/ 4G \/ 4G +) in edifici e luoghi pubblici a soluzioni 5G pi\u00f9 complesse. Se devi fornire servizi wifi ottimizzati e flessibili, il backhaul in wireless di Colt \u00e8 la soluzione giusta che fa per te e per la tua attivit\u00e0.<\/h4>\n<p>Una citt\u00e0 \u00e8 come un essere vivente e il traffico di rete wireless non \u00e8 qualcosa di perfettamente prevedibile; ecco perch\u00e9 Colt sfrutta la propria tecnologia Software Defined Network (SDN) per fornire una connettivit\u00e0 agile e flessibile. La capacit\u00e0 SDN di Colt offre il routing dinamico del traffico, velocit\u00e0 pi\u00f9 elevate e latenza ridotta. Oltre a questo, la nostra tecnologia consente anche un provisioning di rete superveloce, consentendo alle smart city di espandersi rapidamente in nuove aree e di aggiungere sempre ulteriori capacit\u00e0.<\/p>\n<p>Colt lavorer\u00e0 con te per trovare sempre la soluzione pi\u00f9 adatta alle tue esigenze. Noi possiamo aiutarti ad aumentare la tua capacit\u00e0 con il 5G, offrendoti una serie di vantaggi senza precedenti: dalle applicazioni di teleassistenza sanitaria a citt\u00e0 ancora pi\u00f9 smart in grado di fornire servizi pubblici senza soluzione di continuit\u00e0.<\/p>\n<p>Un portafoglio in grado di soddisfare tutte le esigenze.<\/p>\n<p>Colt propone:<\/p>\n<ul>\n<li style=\"list-style-type: none;\">\n<ul>\n<li>Reti in fibra spenta personalizzate<\/li>\n<li><a href=\"https:\/\/legacy.colt.net\/it\/product\/wave\/\">Servizi Wave<\/a><\/li>\n<li><a href=\"https:\/\/legacy.colt.net\/it\/product\/on-demand\/\">Servizi On Demand<\/a><\/li>\n<\/ul>\n<\/li>\n<\/ul>\n","protected":false},"excerpt":{"rendered":"<p>\ufeff\ufeff\ufeff Grazie alla sua rete in fibra interamente di propriet\u00e0 e gestita internamente, Colt \u00e8 in grado di supportare tutti i provider di servizi wireless, con un\u2019ampia gamma di soluzioni: dagli hot spot (WiFi \/ 4G \/ 4G +) in edifici e luoghi pubblici a soluzioni 5G pi\u00f9 complesse. Se devi fornire servizi wifi ottimizzati&#8230;<\/p>\n","protected":false},"author":143,"featured_media":0,"parent":35900,"menu_order":0,"comment_status":"closed","ping_status":"closed","template":"","meta":{"_acf_changed":false,"footnotes":""},"colt_type":[],"colt_products":[],"class_list":["post-36912","page","type-page","status-publish","hentry"],"acf":[],"yoast_head":"<!-- This site is optimized with the Yoast SEO plugin v26.8 - https:\/\/yoast.com\/product\/yoast-seo-wordpress\/ -->\n<title>Wireless Backhaul | Colt Technology Services | IT<\/title>\n<meta name=\"description\" content=\"Wireless Backhaul Colt Technology Services\" \/>\n<meta name=\"robots\" content=\"noindex, follow, max-snippet:-1, max-image-preview:large, max-video-preview:-1\" \/>\n<meta property=\"og:locale\" content=\"it_IT\" \/>\n<meta property=\"og:type\" content=\"article\" \/>\n<meta property=\"og:title\" content=\"Wireless Backhaul | Colt Technology Services | IT\" \/>\n<meta property=\"og:description\" content=\"Wireless Backhaul Colt Technology Services\" \/>\n<meta property=\"og:url\" content=\"https:\/\/legacy.colt.net\/it\/product\/wireless-backhaul\/\" \/>\n<meta property=\"og:site_name\" content=\"Colt Technology Services\" \/>\n<meta property=\"article:publisher\" content=\"https:\/\/www.facebook.com\/ColtTechnologyServices\/\" \/>\n<meta property=\"article:modified_time\" content=\"2019-04-01T12:34:56+00:00\" \/>\n<meta property=\"og:image\" content=\"https:\/\/legacy.colt.net\/wp-content\/uploads\/2021\/01\/Brand-2021-Stock-8-1.jpg\" \/>\n\t<meta property=\"og:image:width\" content=\"1000\" \/>\n\t<meta property=\"og:image:height\" content=\"667\" \/>\n\t<meta property=\"og:image:type\" content=\"image\/jpeg\" \/>\n<meta name=\"twitter:card\" content=\"summary_large_image\" \/>\n<meta name=\"twitter:site\" content=\"@colt_technology\" \/>\n<meta name=\"twitter:label1\" content=\"Est. reading time\" \/>\n\t<meta name=\"twitter:data1\" content=\"1 minute\" \/>\n<script type=\"application\/ld+json\" class=\"yoast-schema-graph\">{\"@context\":\"https:\/\/schema.org\",\"@graph\":[{\"@type\":\"WebPage\",\"@id\":\"https:\/\/legacy.colt.net\/it\/product\/wireless-backhaul\/\",\"url\":\"https:\/\/legacy.colt.net\/it\/product\/wireless-backhaul\/\",\"name\":\"Wireless Backhaul | Colt Technology Services | IT\",\"isPartOf\":{\"@id\":\"https:\/\/legacy.colt.net\/#website\"},\"datePublished\":\"2018-11-14T09:11:52+00:00\",\"dateModified\":\"2019-04-01T12:34:56+00:00\",\"description\":\"Wireless Backhaul Colt Technology Services\",\"breadcrumb\":{\"@id\":\"https:\/\/legacy.colt.net\/it\/product\/wireless-backhaul\/#breadcrumb\"},\"inLanguage\":\"it-IT\",\"potentialAction\":[{\"@type\":\"ReadAction\",\"target\":[\"https:\/\/legacy.colt.net\/it\/product\/wireless-backhaul\/\"]}]},{\"@type\":\"BreadcrumbList\",\"@id\":\"https:\/\/legacy.colt.net\/it\/product\/wireless-backhaul\/#breadcrumb\",\"itemListElement\":[{\"@type\":\"ListItem\",\"position\":1,\"name\":\"Home\",\"item\":\"https:\/\/legacy.colt.net\/it\/\"},{\"@type\":\"ListItem\",\"position\":2,\"name\":\"Prodotti &#038; Servizi\",\"item\":\"https:\/\/legacy.colt.net\/it\/product\/\"},{\"@type\":\"ListItem\",\"position\":3,\"name\":\"Wireless Backhaul\"}]},{\"@type\":\"WebSite\",\"@id\":\"https:\/\/legacy.colt.net\/#website\",\"url\":\"https:\/\/legacy.colt.net\/\",\"name\":\"Colt\u30c6\u30af\u30ce\u30ed\u30b8\u30fc\u30b5\u30fc\u30d3\u30b9\u682a\u5f0f\u4f1a\u793e\",\"description\":\"Managed Network &amp; Voice Services Provider\",\"publisher\":{\"@id\":\"https:\/\/legacy.colt.net\/#organization\"},\"potentialAction\":[{\"@type\":\"SearchAction\",\"target\":{\"@type\":\"EntryPoint\",\"urlTemplate\":\"https:\/\/legacy.colt.net\/?s={search_term_string}\"},\"query-input\":{\"@type\":\"PropertyValueSpecification\",\"valueRequired\":true,\"valueName\":\"search_term_string\"}}],\"inLanguage\":\"it-IT\"},{\"@type\":\"Organization\",\"@id\":\"https:\/\/legacy.colt.net\/#organization\",\"name\":\"Colt Technology Services\",\"url\":\"https:\/\/legacy.colt.net\/\",\"logo\":{\"@type\":\"ImageObject\",\"inLanguage\":\"it-IT\",\"@id\":\"https:\/\/legacy.colt.net\/#\/schema\/logo\/image\/\",\"url\":\"https:\/\/legacy.colt.net\/wp-content\/uploads\/2019\/02\/Colt-Logo.png\",\"contentUrl\":\"https:\/\/legacy.colt.net\/wp-content\/uploads\/2019\/02\/Colt-Logo.png\",\"width\":195,\"height\":77,\"caption\":\"Colt Technology Services\"},\"image\":{\"@id\":\"https:\/\/legacy.colt.net\/#\/schema\/logo\/image\/\"},\"sameAs\":[\"https:\/\/www.facebook.com\/ColtTechnologyServices\/\",\"https:\/\/x.com\/colt_technology\",\"https:\/\/www.instagram.com\/colttechnologyservices\/\",\"https:\/\/www.linkedin.com\/company\/colt-technology-services\",\"https:\/\/www.youtube.com\/user\/ColtTechnology\"]}]}<\/script>\n<!-- \/ Yoast SEO plugin. -->","yoast_head_json":{"title":"Wireless Backhaul | Colt Technology Services | IT","description":"Wireless Backhaul Colt Technology Services","robots":{"index":"noindex","follow":"follow","max-snippet":"max-snippet:-1","max-image-preview":"max-image-preview:large","max-video-preview":"max-video-preview:-1"},"og_locale":"it_IT","og_type":"article","og_title":"Wireless Backhaul | Colt Technology Services | IT","og_description":"Wireless Backhaul Colt Technology Services","og_url":"https:\/\/legacy.colt.net\/it\/product\/wireless-backhaul\/","og_site_name":"Colt Technology Services","article_publisher":"https:\/\/www.facebook.com\/ColtTechnologyServices\/","article_modified_time":"2019-04-01T12:34:56+00:00","og_image":[{"width":1000,"height":667,"url":"https:\/\/legacy.colt.net\/wp-content\/uploads\/2021\/01\/Brand-2021-Stock-8-1.jpg","type":"image\/jpeg"}],"twitter_card":"summary_large_image","twitter_site":"@colt_technology","twitter_misc":{"Est. reading time":"1 minute"},"schema":{"@context":"https:\/\/schema.org","@graph":[{"@type":"WebPage","@id":"https:\/\/legacy.colt.net\/it\/product\/wireless-backhaul\/","url":"https:\/\/legacy.colt.net\/it\/product\/wireless-backhaul\/","name":"Wireless Backhaul | Colt Technology Services | IT","isPartOf":{"@id":"https:\/\/legacy.colt.net\/#website"},"datePublished":"2018-11-14T09:11:52+00:00","dateModified":"2019-04-01T12:34:56+00:00","description":"Wireless Backhaul Colt Technology Services","breadcrumb":{"@id":"https:\/\/legacy.colt.net\/it\/product\/wireless-backhaul\/#breadcrumb"},"inLanguage":"it-IT","potentialAction":[{"@type":"ReadAction","target":["https:\/\/legacy.colt.net\/it\/product\/wireless-backhaul\/"]}]},{"@type":"BreadcrumbList","@id":"https:\/\/legacy.colt.net\/it\/product\/wireless-backhaul\/#breadcrumb","itemListElement":[{"@type":"ListItem","position":1,"name":"Home","item":"https:\/\/legacy.colt.net\/it\/"},{"@type":"ListItem","position":2,"name":"Prodotti &#038; Servizi","item":"https:\/\/legacy.colt.net\/it\/product\/"},{"@type":"ListItem","position":3,"name":"Wireless Backhaul"}]},{"@type":"WebSite","@id":"https:\/\/legacy.colt.net\/#website","url":"https:\/\/legacy.colt.net\/","name":"Colt\u30c6\u30af\u30ce\u30ed\u30b8\u30fc\u30b5\u30fc\u30d3\u30b9\u682a\u5f0f\u4f1a\u793e","description":"Managed Network &amp; Voice Services Provider","publisher":{"@id":"https:\/\/legacy.colt.net\/#organization"},"potentialAction":[{"@type":"SearchAction","target":{"@type":"EntryPoint","urlTemplate":"https:\/\/legacy.colt.net\/?s={search_term_string}"},"query-input":{"@type":"PropertyValueSpecification","valueRequired":true,"valueName":"search_term_string"}}],"inLanguage":"it-IT"},{"@type":"Organization","@id":"https:\/\/legacy.colt.net\/#organization","name":"Colt Technology Services","url":"https:\/\/legacy.colt.net\/","logo":{"@type":"ImageObject","inLanguage":"it-IT","@id":"https:\/\/legacy.colt.net\/#\/schema\/logo\/image\/","url":"https:\/\/legacy.colt.net\/wp-content\/uploads\/2019\/02\/Colt-Logo.png","contentUrl":"https:\/\/legacy.colt.net\/wp-content\/uploads\/2019\/02\/Colt-Logo.png","width":195,"height":77,"caption":"Colt Technology Services"},"image":{"@id":"https:\/\/legacy.colt.net\/#\/schema\/logo\/image\/"},"sameAs":["https:\/\/www.facebook.com\/ColtTechnologyServices\/","https:\/\/x.com\/colt_technology","https:\/\/www.instagram.com\/colttechnologyservices\/","https:\/\/www.linkedin.com\/company\/colt-technology-services","https:\/\/www.youtube.com\/user\/ColtTechnology"]}]}},"_links":{"self":[{"href":"https:\/\/legacy.colt.net\/it\/wp-json\/wp\/v2\/pages\/36912","targetHints":{"allow":["GET"]}}],"collection":[{"href":"https:\/\/legacy.colt.net\/it\/wp-json\/wp\/v2\/pages"}],"about":[{"href":"https:\/\/legacy.colt.net\/it\/wp-json\/wp\/v2\/types\/page"}],"author":[{"embeddable":true,"href":"https:\/\/legacy.colt.net\/it\/wp-json\/wp\/v2\/users\/143"}],"replies":[{"embeddable":true,"href":"https:\/\/legacy.colt.net\/it\/wp-json\/wp\/v2\/comments?post=36912"}],"version-history":[{"count":0,"href":"https:\/\/legacy.colt.net\/it\/wp-json\/wp\/v2\/pages\/36912\/revisions"}],"up":[{"embeddable":true,"href":"https:\/\/legacy.colt.net\/it\/wp-json\/wp\/v2\/pages\/35900"}],"wp:attachment":[{"href":"https:\/\/legacy.colt.net\/it\/wp-json\/wp\/v2\/media?parent=36912"}],"wp:term":[{"taxonomy":"colt_type","embeddable":true,"href":"https:\/\/legacy.colt.net\/it\/wp-json\/wp\/v2\/colt_type?post=36912"},{"taxonomy":"colt_products","embeddable":true,"href":"https:\/\/legacy.colt.net\/it\/wp-json\/wp\/v2\/colt_products?post=36912"}],"curies":[{"name":"wp","href":"https:\/\/api.w.org\/{rel}","templated":true}]}}