{"id":36632,"date":"2019-02-08T16:35:07","date_gmt":"2019-02-08T16:35:07","guid":{"rendered":"https:\/\/www.colt.net\/product\/colt-intelligent-communications\/"},"modified":"2024-12-14T13:50:45","modified_gmt":"2024-12-14T13:50:45","slug":"intelligent-communications","status":"publish","type":"page","link":"https:\/\/legacy.colt.net\/it\/product\/intelligent-communications\/","title":{"rendered":"Colt Intelligent Communications"},"content":{"rendered":"<p><iframe loading=\"lazy\" src=\"https:\/\/www.youtube.com\/embed\/TJquXGnYo2Q?rel=0\" width=\"844\" height=\"475\" frameborder=\"0\" allowfullscreen=\"allowfullscreen\"><span data-mce-type=\"bookmark\" style=\"display: inline-block; width: 0px; overflow: hidden; line-height: 0;\" class=\"mce_SELRES_start\">\ufeff<\/span><span data-mce-type=\"bookmark\" style=\"display: inline-block; width: 0px; overflow: hidden; line-height: 0;\" class=\"mce_SELRES_start\">\ufeff<\/span><span data-mce-type=\"bookmark\" style=\"display: inline-block; width: 0px; overflow: hidden; line-height: 0;\" class=\"mce_SELRES_start\">\ufeff<\/span><span data-mce-type=\"bookmark\" style=\"display: inline-block; width: 0px; overflow: hidden; line-height: 0;\" class=\"mce_SELRES_start\">\ufeff<\/span><\/iframe><\/p>\n<h3><strong>Colt Intelligent Communications<\/strong><br \/>\n<span style=\"color: #000000;\">Basato su Microsoft Office 365<\/span><\/h3>\n<p class=\"intro\">Colt Intelligent Communications unisce la potenza delle applicazioni di produttivit\u00e0 del cloud di Microsoft agli strumenti di comunicazione aziendale, in un\u2019unica soluzione integrata che fornisce tutto quanto necessario per lavorare e collaborare in modo efficiente.<\/p>\n<p>Questa soluzione integra Microsoft Office 365 e la rete convergente di Colt, aggiungendo funzionalit\u00e0 e resilienza a Teams e Skype for Business, con un supporto end-to-end offerto in 13 Paesi con un singolo punto di contatto e contratto.<\/p>\n<p>Questa soluzione quad-play completamente integrata comprende applicazioni di produttivit\u00e0 e collaborazione, connettivit\u00e0 a banda larga sulla rete Colt, servizi voce di livello business supportati da DirectRoute, servizi professionali per la transizione, l\u2019installazione e l\u2019adozione e l\u2019intera offerta di dispositivi certificati Microsoft.<\/p>\n<h3>Semplicit\u00e0 della soluzione<\/h3>\n<p>Sposta l\u2019infrastruttura di comunicazione e produttivit\u00e0 aziendale nel cloud, traendo vantaggio da un provider in grado di offrire una soluzione completa. I professional services di Colt includono l\u2019installazione e l\u2019adozione delle nuove tecnologie per fornire la migliora esperienza possibile.<\/p>\n<h3>Risparmio<\/h3>\n<p>Colt Intelligent Communications integra le applicazioni di produttivit\u00e0 e l\u2019infrastruttura di collaborazione aziendale di Microsoft con Teams e Skype for Business. Con il suo modello \u201cas a service\u201d basato sul cloud \u00e8 possibile incrementare e diminuire il numero degli utenti in modo dinamico.<\/p>\n<p>L\u2019integrazione di Teams o Skype for Business con il traffico voce di Colt, utilizzando l\u2019integrazione del Phone System, consente di personalizzare le condizioni di addebito delle chiamate alle necessit\u00e0 specifiche di ogni singola azienda.<\/p>\n<p>Un singolo fornitore in grado di offrire ExpressRoute, DirectRoute e un supporto end to end consente di ridurre i costi di gestione, spesso trascurati nel scegliere una soluzione.<\/p>\n<h3>Maggiore produttivit\u00e0 ed efficienza<\/h3>\n<p>Colt offre agli utenti un\u2019esperienza uniforme su tutti i dispositivi. Abbinando banda di elevata qualit\u00e0 ad Office 365, Colt Intelligent Communications garantisce la possibilit\u00e0 per gli utenti di lavorare sempre sull\u2019ultima versione dei documenti senza ritardi, consentendo di allocare tempo e risorse in modo efficiente e offrendo un\u2019esperienza produttiva ed immersiva.<\/p>\n<h3>Migliore business continuity<\/h3>\n<p>La rete di Colt offre connettivit\u00e0 affidabile e dalle prestazioni prevedibili, con la resilienza fornita da un servizio di qualit\u00e0. Il supporto end-to-end garantisce la continuit\u00e0 del servizio e l\u2019assistenza di Colt \u00e8 a disposizione per risolvere qualsiasi problema.<\/p>\n","protected":false},"excerpt":{"rendered":"<p>\ufeff\ufeff\ufeff\ufeff Colt Intelligent Communications Basato su Microsoft Office 365 Colt Intelligent Communications unisce la potenza delle applicazioni di produttivit\u00e0 del cloud di Microsoft agli strumenti di comunicazione aziendale, in un\u2019unica soluzione integrata che fornisce tutto quanto necessario per lavorare e collaborare in modo efficiente. Questa soluzione integra Microsoft Office 365 e la rete convergente di&#8230;<\/p>\n","protected":false},"author":2,"featured_media":0,"parent":35900,"menu_order":0,"comment_status":"closed","ping_status":"closed","template":"page-templates\/template-product.php","meta":{"_acf_changed":false,"footnotes":""},"colt_type":[],"colt_products":[1561,1551],"class_list":["post-36632","page","type-page","status-publish","hentry","colt_products-cloud-voice-vas","colt_products-voice"],"acf":[],"yoast_head":"<!-- This site is optimized with the Yoast SEO plugin v26.8 - https:\/\/yoast.com\/product\/yoast-seo-wordpress\/ -->\n<title>Colt Intelligent Communications - Colt Technology Services | IT<\/title>\n<meta name=\"description\" content=\"Colt Intelligent Communications unisce la potenza delle applicazioni di produttivit\u00e0 del cloud di Microsoft agli strumenti di comunicazione aziendale\" \/>\n<meta name=\"robots\" content=\"noindex, follow, max-snippet:-1, max-image-preview:large, max-video-preview:-1\" \/>\n<meta property=\"og:locale\" content=\"it_IT\" \/>\n<meta property=\"og:type\" content=\"article\" \/>\n<meta property=\"og:title\" content=\"Colt Intelligent Communications - Colt Technology Services | IT\" \/>\n<meta property=\"og:description\" content=\"Colt Intelligent Communications unisce la potenza delle applicazioni di produttivit\u00e0 del cloud di Microsoft agli strumenti di comunicazione aziendale\" \/>\n<meta property=\"og:url\" content=\"https:\/\/legacy.colt.net\/it\/product\/intelligent-communications\/\" \/>\n<meta property=\"og:site_name\" content=\"Colt Technology Services\" \/>\n<meta property=\"article:publisher\" content=\"https:\/\/www.facebook.com\/ColtTechnologyServices\/\" \/>\n<meta property=\"article:modified_time\" content=\"2024-12-14T13:50:45+00:00\" \/>\n<meta name=\"twitter:card\" content=\"summary_large_image\" \/>\n<meta name=\"twitter:site\" content=\"@colt_technology\" \/>\n<script type=\"application\/ld+json\" class=\"yoast-schema-graph\">{\"@context\":\"https:\/\/schema.org\",\"@graph\":[{\"@type\":\"WebPage\",\"@id\":\"https:\/\/legacy.colt.net\/it\/product\/intelligent-communications\/\",\"url\":\"https:\/\/legacy.colt.net\/it\/product\/intelligent-communications\/\",\"name\":\"Colt Intelligent Communications - Colt Technology Services | IT\",\"isPartOf\":{\"@id\":\"https:\/\/legacy.colt.net\/#website\"},\"datePublished\":\"2019-02-08T16:35:07+00:00\",\"dateModified\":\"2024-12-14T13:50:45+00:00\",\"description\":\"Colt Intelligent Communications unisce la potenza delle applicazioni di produttivit\u00e0 del cloud di Microsoft agli strumenti di comunicazione aziendale\",\"breadcrumb\":{\"@id\":\"https:\/\/legacy.colt.net\/it\/product\/intelligent-communications\/#breadcrumb\"},\"inLanguage\":\"it-IT\",\"potentialAction\":[{\"@type\":\"ReadAction\",\"target\":[\"https:\/\/legacy.colt.net\/it\/product\/intelligent-communications\/\"]}]},{\"@type\":\"BreadcrumbList\",\"@id\":\"https:\/\/legacy.colt.net\/it\/product\/intelligent-communications\/#breadcrumb\",\"itemListElement\":[{\"@type\":\"ListItem\",\"position\":1,\"name\":\"Home\",\"item\":\"https:\/\/legacy.colt.net\/it\/\"},{\"@type\":\"ListItem\",\"position\":2,\"name\":\"Prodotti &#038; Servizi\",\"item\":\"https:\/\/legacy.colt.net\/it\/product\/\"},{\"@type\":\"ListItem\",\"position\":3,\"name\":\"Colt Intelligent Communications\"}]},{\"@type\":\"WebSite\",\"@id\":\"https:\/\/legacy.colt.net\/#website\",\"url\":\"https:\/\/legacy.colt.net\/\",\"name\":\"Colt\u30c6\u30af\u30ce\u30ed\u30b8\u30fc\u30b5\u30fc\u30d3\u30b9\u682a\u5f0f\u4f1a\u793e\",\"description\":\"Managed Network &amp; Voice Services Provider\",\"publisher\":{\"@id\":\"https:\/\/legacy.colt.net\/#organization\"},\"potentialAction\":[{\"@type\":\"SearchAction\",\"target\":{\"@type\":\"EntryPoint\",\"urlTemplate\":\"https:\/\/legacy.colt.net\/?s={search_term_string}\"},\"query-input\":{\"@type\":\"PropertyValueSpecification\",\"valueRequired\":true,\"valueName\":\"search_term_string\"}}],\"inLanguage\":\"it-IT\"},{\"@type\":\"Organization\",\"@id\":\"https:\/\/legacy.colt.net\/#organization\",\"name\":\"Colt Technology Services\",\"url\":\"https:\/\/legacy.colt.net\/\",\"logo\":{\"@type\":\"ImageObject\",\"inLanguage\":\"it-IT\",\"@id\":\"https:\/\/legacy.colt.net\/#\/schema\/logo\/image\/\",\"url\":\"https:\/\/legacy.colt.net\/wp-content\/uploads\/2019\/02\/Colt-Logo.png\",\"contentUrl\":\"https:\/\/legacy.colt.net\/wp-content\/uploads\/2019\/02\/Colt-Logo.png\",\"width\":195,\"height\":77,\"caption\":\"Colt Technology Services\"},\"image\":{\"@id\":\"https:\/\/legacy.colt.net\/#\/schema\/logo\/image\/\"},\"sameAs\":[\"https:\/\/www.facebook.com\/ColtTechnologyServices\/\",\"https:\/\/x.com\/colt_technology\",\"https:\/\/www.instagram.com\/colttechnologyservices\/\",\"https:\/\/www.linkedin.com\/company\/colt-technology-services\",\"https:\/\/www.youtube.com\/user\/ColtTechnology\"]}]}<\/script>\n<!-- \/ Yoast SEO plugin. -->","yoast_head_json":{"title":"Colt Intelligent Communications - Colt Technology Services | IT","description":"Colt Intelligent Communications unisce la potenza delle applicazioni di produttivit\u00e0 del cloud di Microsoft agli strumenti di comunicazione aziendale","robots":{"index":"noindex","follow":"follow","max-snippet":"max-snippet:-1","max-image-preview":"max-image-preview:large","max-video-preview":"max-video-preview:-1"},"og_locale":"it_IT","og_type":"article","og_title":"Colt Intelligent Communications - Colt Technology Services | IT","og_description":"Colt Intelligent Communications unisce la potenza delle applicazioni di produttivit\u00e0 del cloud di Microsoft agli strumenti di comunicazione aziendale","og_url":"https:\/\/legacy.colt.net\/it\/product\/intelligent-communications\/","og_site_name":"Colt Technology Services","article_publisher":"https:\/\/www.facebook.com\/ColtTechnologyServices\/","article_modified_time":"2024-12-14T13:50:45+00:00","twitter_card":"summary_large_image","twitter_site":"@colt_technology","schema":{"@context":"https:\/\/schema.org","@graph":[{"@type":"WebPage","@id":"https:\/\/legacy.colt.net\/it\/product\/intelligent-communications\/","url":"https:\/\/legacy.colt.net\/it\/product\/intelligent-communications\/","name":"Colt Intelligent Communications - Colt Technology Services | IT","isPartOf":{"@id":"https:\/\/legacy.colt.net\/#website"},"datePublished":"2019-02-08T16:35:07+00:00","dateModified":"2024-12-14T13:50:45+00:00","description":"Colt Intelligent Communications unisce la potenza delle applicazioni di produttivit\u00e0 del cloud di Microsoft agli strumenti di comunicazione aziendale","breadcrumb":{"@id":"https:\/\/legacy.colt.net\/it\/product\/intelligent-communications\/#breadcrumb"},"inLanguage":"it-IT","potentialAction":[{"@type":"ReadAction","target":["https:\/\/legacy.colt.net\/it\/product\/intelligent-communications\/"]}]},{"@type":"BreadcrumbList","@id":"https:\/\/legacy.colt.net\/it\/product\/intelligent-communications\/#breadcrumb","itemListElement":[{"@type":"ListItem","position":1,"name":"Home","item":"https:\/\/legacy.colt.net\/it\/"},{"@type":"ListItem","position":2,"name":"Prodotti &#038; Servizi","item":"https:\/\/legacy.colt.net\/it\/product\/"},{"@type":"ListItem","position":3,"name":"Colt Intelligent Communications"}]},{"@type":"WebSite","@id":"https:\/\/legacy.colt.net\/#website","url":"https:\/\/legacy.colt.net\/","name":"Colt\u30c6\u30af\u30ce\u30ed\u30b8\u30fc\u30b5\u30fc\u30d3\u30b9\u682a\u5f0f\u4f1a\u793e","description":"Managed Network &amp; Voice Services Provider","publisher":{"@id":"https:\/\/legacy.colt.net\/#organization"},"potentialAction":[{"@type":"SearchAction","target":{"@type":"EntryPoint","urlTemplate":"https:\/\/legacy.colt.net\/?s={search_term_string}"},"query-input":{"@type":"PropertyValueSpecification","valueRequired":true,"valueName":"search_term_string"}}],"inLanguage":"it-IT"},{"@type":"Organization","@id":"https:\/\/legacy.colt.net\/#organization","name":"Colt Technology Services","url":"https:\/\/legacy.colt.net\/","logo":{"@type":"ImageObject","inLanguage":"it-IT","@id":"https:\/\/legacy.colt.net\/#\/schema\/logo\/image\/","url":"https:\/\/legacy.colt.net\/wp-content\/uploads\/2019\/02\/Colt-Logo.png","contentUrl":"https:\/\/legacy.colt.net\/wp-content\/uploads\/2019\/02\/Colt-Logo.png","width":195,"height":77,"caption":"Colt Technology Services"},"image":{"@id":"https:\/\/legacy.colt.net\/#\/schema\/logo\/image\/"},"sameAs":["https:\/\/www.facebook.com\/ColtTechnologyServices\/","https:\/\/x.com\/colt_technology","https:\/\/www.instagram.com\/colttechnologyservices\/","https:\/\/www.linkedin.com\/company\/colt-technology-services","https:\/\/www.youtube.com\/user\/ColtTechnology"]}]}},"_links":{"self":[{"href":"https:\/\/legacy.colt.net\/it\/wp-json\/wp\/v2\/pages\/36632","targetHints":{"allow":["GET"]}}],"collection":[{"href":"https:\/\/legacy.colt.net\/it\/wp-json\/wp\/v2\/pages"}],"about":[{"href":"https:\/\/legacy.colt.net\/it\/wp-json\/wp\/v2\/types\/page"}],"author":[{"embeddable":true,"href":"https:\/\/legacy.colt.net\/it\/wp-json\/wp\/v2\/users\/2"}],"replies":[{"embeddable":true,"href":"https:\/\/legacy.colt.net\/it\/wp-json\/wp\/v2\/comments?post=36632"}],"version-history":[{"count":0,"href":"https:\/\/legacy.colt.net\/it\/wp-json\/wp\/v2\/pages\/36632\/revisions"}],"up":[{"embeddable":true,"href":"https:\/\/legacy.colt.net\/it\/wp-json\/wp\/v2\/pages\/35900"}],"wp:attachment":[{"href":"https:\/\/legacy.colt.net\/it\/wp-json\/wp\/v2\/media?parent=36632"}],"wp:term":[{"taxonomy":"colt_type","embeddable":true,"href":"https:\/\/legacy.colt.net\/it\/wp-json\/wp\/v2\/colt_type?post=36632"},{"taxonomy":"colt_products","embeddable":true,"href":"https:\/\/legacy.colt.net\/it\/wp-json\/wp\/v2\/colt_products?post=36632"}],"curies":[{"name":"wp","href":"https:\/\/api.w.org\/{rel}","templated":true}]}}