{"id":36606,"date":"2018-11-12T10:03:18","date_gmt":"2018-11-12T10:03:18","guid":{"rendered":"https:\/\/www.colt.net\/product\/sip-trunking\/"},"modified":"2024-12-14T13:23:15","modified_gmt":"2024-12-14T13:23:15","slug":"sip-trunking","status":"publish","type":"page","link":"https:\/\/legacy.colt.net\/it\/product\/sip-trunking\/","title":{"rendered":"Servizi SIP Trunking"},"content":{"rendered":"\r\n<h1>\u00a0<\/h1>\r\n<h2>Products &amp; Services<\/h2>\r\n<nav class=\"breadcrumb\"><span><span><a href=\"https:\/\/legacy.colt.net\/it\/\">Home<\/a><\/span><\/span><\/nav>\r\n<p>Il SIP Trunking semplifica la telefonia business e ti fa risparmiare. Le aziende multinazionali che vogliono ottimizzare la loro infrastruttura voce e migliorare la gestione dei costi, dovrebbero prendere in considerazione la soluzione SIP Trunking di Colt, che consente di semplificare la propria struttura di telefonia e razionalizzare le connessioni multi-sito dell&#8217;azienda su un&#8217;unica rete IP presente in 26 paesi in 4 continenti.<\/p>\r\n<p>Le funzionalit\u00e0 tradizionali di telefonia, cos\u00ec come gli standard di qualit\u00e0 saranno assolutamente mantenuti, ma i costi mensili saranno ridotti fino al 50%.<\/p>\r\n<h3>Conveniente ed efficiente &amp; Know-how<\/h3>\r\n<p>Riducendo il numero di connessioni a un&#8217;unica rete IP, sar\u00e0 possibile beneficiare di un notevole risparmio. Inoltre, chiamate interne gratuite e la condivisione di infrastrutture voce\/dati porteranno a un&#8217;ulteriore riduzione dei costi.<\/p>\r\n<p>I nostri esperti SIP altamente qualificati saranno sempre al vostro fianco per garantire che tutto venga fatto subito nella maniera corretta. Il servizio sar\u00e0 sempre attivo e in funzione e, in caso di problema, tutto sar\u00e0 ripristinato con un&#8217;interruzione minima per il vostro business.<\/p>\r\n<h3>Facile &amp; Affidabile<\/h3>\r\n<p>Riduzione delle tempistiche amministrative grazie alla nostra rete globale. Noi gestiamo ogni cosa e voi dovrete interfacciarvi con un unico punto di contatto.<\/p>\r\n<p>Affidati ad una rete voce che soddisfi ogni tua esigenza in termini di compliance, disaster recovery e sicurezza, grazie ai nostri protocolli di cifratura SRTP &amp; TLS, ai Performance Reporting e alla sostituzione della rete PSTN.<\/p>\r\n<h3>Copertura &amp;\u00a0Scelta<\/h3>\r\n<p>L&#8217;unico service provider in grado di fornire un pacchetto di servizi e soluzioni davvero omogeneo in tutti i paesi. Colt dispone di capacit\u00e0 locali e sta continuando ad ampliare la propria presenza in altre aree geografiche, essendo attualmente presente in 26 paesi a livello globale.<\/p>\r\n<p>Scegli la QoS pi\u00f9 adatta alle tue esigenze a partire dai nostri MPLS o dalle reti Ethernet interamente di propriet\u00e0. Migrazione e portabilit\u00e0 in continuit\u00e0, compatibilit\u00e0 alla rete PSTN, chiamate di emergenza e gestione della CLI.<\/p>\r\n<p><a role=\"button\" href=\"https:\/\/legacy.colt.net\/wp-content\/uploads\/2020\/08\/SIP-Datasheet-IT.pdf\" target=\"_blank\" rel=\"noopener noreferrer\"> Click Here <\/a><\/p>\r\n<h3>Vuoi saperne di pi\u00f9?<\/h3>\r\n<p>Richiedi di essere messo in contatto con un nostro commerciale<\/p>\r\n<p><a role=\"button\" href=\"https:\/\/app.hubspot.com\/meetings\/carmelo-cabboi\" target=\"_blank\" rel=\"noopener noreferrer\"> Fissa una riunione <\/a><\/p>\r\n<h5>Clienti<\/h5>\r\n<p><img decoding=\"async\" title=\"Dedicated-Cloud-Access-On-Demand-1-300x182\" src=\"https:\/\/legacy.colt.net\/wp-content\/uploads\/2019\/02\/Dedicated-Cloud-Access-On-Demand-1-300x182.jpg\" alt=\"Dedicated-Cloud-Access-On-Demand-1-300x182\" \/><\/p>\r\n<h3>Dedicated Cloud Access<\/h3>\r\n<p>Colt&#8217;s Dedicated Cloud Access (DCA) service gives businesses a superior cloud networking experience when compared to relying on public internet.<\/p>\r\n<h5>Prodotti<\/h5>\r\n<p><img decoding=\"async\" title=\"Dedicated-Cloud-Access-On-Demand-1-300x182\" src=\"https:\/\/legacy.colt.net\/wp-content\/uploads\/2019\/02\/Dedicated-Cloud-Access-On-Demand-1-300x182.jpg\" alt=\"Dedicated-Cloud-Access-On-Demand-1-300x182\" \/><\/p>\r\n<h3>Dedicated Cloud Access<\/h3>\r\n<p>Colt&#8217;s Dedicated Cloud Access (DCA) service gives businesses a superior cloud networking experience when compared to relying on public internet.<\/p>\r\n<h5>Blog<\/h5>\r\n<p><img decoding=\"async\" title=\"DC-Net-On-Demand-iStock-522131988-300x182\" src=\"https:\/\/legacy.colt.net\/wp-content\/uploads\/2019\/02\/DC-Net-On-Demand-iStock-522131988-300x182.jpg\" alt=\"DC-Net-On-Demand-iStock-522131988-300x182\" \/><\/p>\r\n<h3>DC Net<\/h3>\r\n<p>DC Net is Colt&#8217;s advanced data centre interconnection solution offering direct access to over 850 data centres across Europe, Asia and North America.<\/p>\r\n<h3>Meet Noriyuki, Account Executive (Capital Markets)<\/h3>\r\n<p>&#8220;Good thing about Colt is that I am given a wide scope of responsibility and I get involved in many things. As a result, Colt offers a work environment where I can develop myself.&#8221;<\/p>\r\n<p><a role=\"button\" href=\"https:\/\/legacy.colt.net\/it\/carriere\/\" target=\"_self\" rel=\"noopener noreferrer\"> Careers at Colt \u00bb <\/a> <img decoding=\"async\" title=\"noriyuki\" src=\"https:\/\/legacy.colt.net\/wp-content\/uploads\/2019\/02\/noriyuki.jpg\" alt=\"noriyuki\" \/><\/p>\r\n<p>The Colt PrizmNet financial extranet connects a global capital markets ecosystem to AWS. It provides market participants with simplified and quick access to cloud-based content and execution services.<\/p>\r\n","protected":false},"excerpt":{"rendered":"<p>\u00a0 Products &amp; Services Il SIP Trunking semplifica la telefonia business e ti fa risparmiare. Le aziende multinazionali che vogliono ottimizzare la loro infrastruttura voce e migliorare la gestione dei costi, dovrebbero prendere in considerazione la soluzione SIP Trunking di Colt, che consente di semplificare la propria struttura di telefonia e razionalizzare le connessioni multi-sito&#8230;<\/p>\n","protected":false},"author":143,"featured_media":0,"parent":35900,"menu_order":0,"comment_status":"closed","ping_status":"closed","template":"page-templates\/template-product.php","meta":{"_acf_changed":false,"footnotes":""},"colt_type":[],"colt_products":[1551],"class_list":["post-36606","page","type-page","status-publish","hentry","colt_products-voice"],"acf":[],"yoast_head":"<!-- This site is optimized with the Yoast SEO plugin v26.8 - https:\/\/yoast.com\/product\/yoast-seo-wordpress\/ -->\n<title>SIP Trunking Solution | Colt Technology Services | IT<\/title>\n<meta name=\"description\" content=\"l SIP Trunking semplifica la telefonia business e ti fa risparmiare.\" \/>\n<meta name=\"robots\" content=\"noindex, follow, max-snippet:-1, max-image-preview:large, max-video-preview:-1\" \/>\n<meta property=\"og:locale\" content=\"it_IT\" \/>\n<meta property=\"og:type\" content=\"article\" \/>\n<meta property=\"og:title\" content=\"SIP Trunking Solution | Colt Technology Services | IT\" \/>\n<meta property=\"og:description\" content=\"l SIP Trunking semplifica la telefonia business e ti fa risparmiare.\" \/>\n<meta property=\"og:url\" content=\"https:\/\/legacy.colt.net\/it\/product\/sip-trunking\/\" \/>\n<meta property=\"og:site_name\" content=\"Colt Technology Services\" \/>\n<meta property=\"article:publisher\" content=\"https:\/\/www.facebook.com\/ColtTechnologyServices\/\" \/>\n<meta property=\"article:modified_time\" content=\"2024-12-14T13:23:15+00:00\" \/>\n<meta property=\"og:image\" content=\"https:\/\/legacy.colt.net\/wp-content\/uploads\/2019\/02\/Dedicated-Cloud-Access-On-Demand-1-300x182.jpg\" \/>\n<meta name=\"twitter:card\" content=\"summary_large_image\" \/>\n<meta name=\"twitter:site\" content=\"@colt_technology\" \/>\n<script type=\"application\/ld+json\" class=\"yoast-schema-graph\">{\"@context\":\"https:\/\/schema.org\",\"@graph\":[{\"@type\":\"WebPage\",\"@id\":\"https:\/\/legacy.colt.net\/it\/product\/sip-trunking\/\",\"url\":\"https:\/\/legacy.colt.net\/it\/product\/sip-trunking\/\",\"name\":\"SIP Trunking Solution | Colt Technology Services | IT\",\"isPartOf\":{\"@id\":\"https:\/\/legacy.colt.net\/#website\"},\"primaryImageOfPage\":{\"@id\":\"https:\/\/legacy.colt.net\/it\/product\/sip-trunking\/#primaryimage\"},\"image\":{\"@id\":\"https:\/\/legacy.colt.net\/it\/product\/sip-trunking\/#primaryimage\"},\"thumbnailUrl\":\"https:\/\/legacy.colt.net\/wp-content\/uploads\/2019\/02\/Dedicated-Cloud-Access-On-Demand-1-300x182.jpg\",\"datePublished\":\"2018-11-12T10:03:18+00:00\",\"dateModified\":\"2024-12-14T13:23:15+00:00\",\"description\":\"l SIP Trunking semplifica la telefonia business e ti fa risparmiare.\",\"breadcrumb\":{\"@id\":\"https:\/\/legacy.colt.net\/it\/product\/sip-trunking\/#breadcrumb\"},\"inLanguage\":\"it-IT\",\"potentialAction\":[{\"@type\":\"ReadAction\",\"target\":[\"https:\/\/legacy.colt.net\/it\/product\/sip-trunking\/\"]}]},{\"@type\":\"ImageObject\",\"inLanguage\":\"it-IT\",\"@id\":\"https:\/\/legacy.colt.net\/it\/product\/sip-trunking\/#primaryimage\",\"url\":\"https:\/\/legacy.colt.net\/wp-content\/uploads\/2019\/02\/Dedicated-Cloud-Access-On-Demand-1-300x182.jpg\",\"contentUrl\":\"https:\/\/legacy.colt.net\/wp-content\/uploads\/2019\/02\/Dedicated-Cloud-Access-On-Demand-1-300x182.jpg\"},{\"@type\":\"BreadcrumbList\",\"@id\":\"https:\/\/legacy.colt.net\/it\/product\/sip-trunking\/#breadcrumb\",\"itemListElement\":[{\"@type\":\"ListItem\",\"position\":1,\"name\":\"Home\",\"item\":\"https:\/\/legacy.colt.net\/it\/\"},{\"@type\":\"ListItem\",\"position\":2,\"name\":\"Prodotti &#038; Servizi\",\"item\":\"https:\/\/legacy.colt.net\/it\/product\/\"},{\"@type\":\"ListItem\",\"position\":3,\"name\":\"Servizi SIP Trunking\"}]},{\"@type\":\"WebSite\",\"@id\":\"https:\/\/legacy.colt.net\/#website\",\"url\":\"https:\/\/legacy.colt.net\/\",\"name\":\"Colt\u30c6\u30af\u30ce\u30ed\u30b8\u30fc\u30b5\u30fc\u30d3\u30b9\u682a\u5f0f\u4f1a\u793e\",\"description\":\"Managed Network &amp; Voice Services Provider\",\"publisher\":{\"@id\":\"https:\/\/legacy.colt.net\/#organization\"},\"potentialAction\":[{\"@type\":\"SearchAction\",\"target\":{\"@type\":\"EntryPoint\",\"urlTemplate\":\"https:\/\/legacy.colt.net\/?s={search_term_string}\"},\"query-input\":{\"@type\":\"PropertyValueSpecification\",\"valueRequired\":true,\"valueName\":\"search_term_string\"}}],\"inLanguage\":\"it-IT\"},{\"@type\":\"Organization\",\"@id\":\"https:\/\/legacy.colt.net\/#organization\",\"name\":\"Colt Technology Services\",\"url\":\"https:\/\/legacy.colt.net\/\",\"logo\":{\"@type\":\"ImageObject\",\"inLanguage\":\"it-IT\",\"@id\":\"https:\/\/legacy.colt.net\/#\/schema\/logo\/image\/\",\"url\":\"https:\/\/legacy.colt.net\/wp-content\/uploads\/2019\/02\/Colt-Logo.png\",\"contentUrl\":\"https:\/\/legacy.colt.net\/wp-content\/uploads\/2019\/02\/Colt-Logo.png\",\"width\":195,\"height\":77,\"caption\":\"Colt Technology Services\"},\"image\":{\"@id\":\"https:\/\/legacy.colt.net\/#\/schema\/logo\/image\/\"},\"sameAs\":[\"https:\/\/www.facebook.com\/ColtTechnologyServices\/\",\"https:\/\/x.com\/colt_technology\",\"https:\/\/www.instagram.com\/colttechnologyservices\/\",\"https:\/\/www.linkedin.com\/company\/colt-technology-services\",\"https:\/\/www.youtube.com\/user\/ColtTechnology\"]}]}<\/script>\n<!-- \/ Yoast SEO plugin. -->","yoast_head_json":{"title":"SIP Trunking Solution | Colt Technology Services | IT","description":"l SIP Trunking semplifica la telefonia business e ti fa risparmiare.","robots":{"index":"noindex","follow":"follow","max-snippet":"max-snippet:-1","max-image-preview":"max-image-preview:large","max-video-preview":"max-video-preview:-1"},"og_locale":"it_IT","og_type":"article","og_title":"SIP Trunking Solution | Colt Technology Services | IT","og_description":"l SIP Trunking semplifica la telefonia business e ti fa risparmiare.","og_url":"https:\/\/legacy.colt.net\/it\/product\/sip-trunking\/","og_site_name":"Colt Technology Services","article_publisher":"https:\/\/www.facebook.com\/ColtTechnologyServices\/","article_modified_time":"2024-12-14T13:23:15+00:00","og_image":[{"url":"https:\/\/legacy.colt.net\/wp-content\/uploads\/2019\/02\/Dedicated-Cloud-Access-On-Demand-1-300x182.jpg","type":"","width":"","height":""}],"twitter_card":"summary_large_image","twitter_site":"@colt_technology","schema":{"@context":"https:\/\/schema.org","@graph":[{"@type":"WebPage","@id":"https:\/\/legacy.colt.net\/it\/product\/sip-trunking\/","url":"https:\/\/legacy.colt.net\/it\/product\/sip-trunking\/","name":"SIP Trunking Solution | Colt Technology Services | IT","isPartOf":{"@id":"https:\/\/legacy.colt.net\/#website"},"primaryImageOfPage":{"@id":"https:\/\/legacy.colt.net\/it\/product\/sip-trunking\/#primaryimage"},"image":{"@id":"https:\/\/legacy.colt.net\/it\/product\/sip-trunking\/#primaryimage"},"thumbnailUrl":"https:\/\/legacy.colt.net\/wp-content\/uploads\/2019\/02\/Dedicated-Cloud-Access-On-Demand-1-300x182.jpg","datePublished":"2018-11-12T10:03:18+00:00","dateModified":"2024-12-14T13:23:15+00:00","description":"l SIP Trunking semplifica la telefonia business e ti fa risparmiare.","breadcrumb":{"@id":"https:\/\/legacy.colt.net\/it\/product\/sip-trunking\/#breadcrumb"},"inLanguage":"it-IT","potentialAction":[{"@type":"ReadAction","target":["https:\/\/legacy.colt.net\/it\/product\/sip-trunking\/"]}]},{"@type":"ImageObject","inLanguage":"it-IT","@id":"https:\/\/legacy.colt.net\/it\/product\/sip-trunking\/#primaryimage","url":"https:\/\/legacy.colt.net\/wp-content\/uploads\/2019\/02\/Dedicated-Cloud-Access-On-Demand-1-300x182.jpg","contentUrl":"https:\/\/legacy.colt.net\/wp-content\/uploads\/2019\/02\/Dedicated-Cloud-Access-On-Demand-1-300x182.jpg"},{"@type":"BreadcrumbList","@id":"https:\/\/legacy.colt.net\/it\/product\/sip-trunking\/#breadcrumb","itemListElement":[{"@type":"ListItem","position":1,"name":"Home","item":"https:\/\/legacy.colt.net\/it\/"},{"@type":"ListItem","position":2,"name":"Prodotti &#038; Servizi","item":"https:\/\/legacy.colt.net\/it\/product\/"},{"@type":"ListItem","position":3,"name":"Servizi SIP Trunking"}]},{"@type":"WebSite","@id":"https:\/\/legacy.colt.net\/#website","url":"https:\/\/legacy.colt.net\/","name":"Colt\u30c6\u30af\u30ce\u30ed\u30b8\u30fc\u30b5\u30fc\u30d3\u30b9\u682a\u5f0f\u4f1a\u793e","description":"Managed Network &amp; Voice Services Provider","publisher":{"@id":"https:\/\/legacy.colt.net\/#organization"},"potentialAction":[{"@type":"SearchAction","target":{"@type":"EntryPoint","urlTemplate":"https:\/\/legacy.colt.net\/?s={search_term_string}"},"query-input":{"@type":"PropertyValueSpecification","valueRequired":true,"valueName":"search_term_string"}}],"inLanguage":"it-IT"},{"@type":"Organization","@id":"https:\/\/legacy.colt.net\/#organization","name":"Colt Technology Services","url":"https:\/\/legacy.colt.net\/","logo":{"@type":"ImageObject","inLanguage":"it-IT","@id":"https:\/\/legacy.colt.net\/#\/schema\/logo\/image\/","url":"https:\/\/legacy.colt.net\/wp-content\/uploads\/2019\/02\/Colt-Logo.png","contentUrl":"https:\/\/legacy.colt.net\/wp-content\/uploads\/2019\/02\/Colt-Logo.png","width":195,"height":77,"caption":"Colt Technology Services"},"image":{"@id":"https:\/\/legacy.colt.net\/#\/schema\/logo\/image\/"},"sameAs":["https:\/\/www.facebook.com\/ColtTechnologyServices\/","https:\/\/x.com\/colt_technology","https:\/\/www.instagram.com\/colttechnologyservices\/","https:\/\/www.linkedin.com\/company\/colt-technology-services","https:\/\/www.youtube.com\/user\/ColtTechnology"]}]}},"_links":{"self":[{"href":"https:\/\/legacy.colt.net\/it\/wp-json\/wp\/v2\/pages\/36606","targetHints":{"allow":["GET"]}}],"collection":[{"href":"https:\/\/legacy.colt.net\/it\/wp-json\/wp\/v2\/pages"}],"about":[{"href":"https:\/\/legacy.colt.net\/it\/wp-json\/wp\/v2\/types\/page"}],"author":[{"embeddable":true,"href":"https:\/\/legacy.colt.net\/it\/wp-json\/wp\/v2\/users\/143"}],"replies":[{"embeddable":true,"href":"https:\/\/legacy.colt.net\/it\/wp-json\/wp\/v2\/comments?post=36606"}],"version-history":[{"count":0,"href":"https:\/\/legacy.colt.net\/it\/wp-json\/wp\/v2\/pages\/36606\/revisions"}],"up":[{"embeddable":true,"href":"https:\/\/legacy.colt.net\/it\/wp-json\/wp\/v2\/pages\/35900"}],"wp:attachment":[{"href":"https:\/\/legacy.colt.net\/it\/wp-json\/wp\/v2\/media?parent=36606"}],"wp:term":[{"taxonomy":"colt_type","embeddable":true,"href":"https:\/\/legacy.colt.net\/it\/wp-json\/wp\/v2\/colt_type?post=36606"},{"taxonomy":"colt_products","embeddable":true,"href":"https:\/\/legacy.colt.net\/it\/wp-json\/wp\/v2\/colt_products?post=36606"}],"curies":[{"name":"wp","href":"https:\/\/api.w.org\/{rel}","templated":true}]}}