{"id":36503,"date":"2018-11-09T14:03:02","date_gmt":"2018-11-09T14:03:02","guid":{"rendered":"https:\/\/www.colt.net\/product\/private-ethernet\/"},"modified":"2020-08-11T11:44:27","modified_gmt":"2020-08-11T10:44:27","slug":"private-ethernet","status":"publish","type":"page","link":"https:\/\/legacy.colt.net\/it\/product\/private-ethernet\/","title":{"rendered":"Private Ethernet"},"content":{"rendered":"<p class=\"intro\">Il Private Ethernet \u00e8 fornito tramite rete in fibra e un\u2019infrastruttura dedicata a ogni singolo cliente, garantendo cos\u00ec il massimo livello di sicurezza. I clienti possono anche scegliere i circuiti in fibra tramite i quali viene instradato il loro servizio Private Ethernet, per beneficiare della massima flessibilit\u00e0.<\/p>\n<p>Colt Private Ethernet \u00e8 un servizio fornito all\u2019interno di un\u2019area metropolitana che offre una connettivit\u00e0 point-to-point su un\u2019infrastruttura dedicata al cliente, con larghezza di banda compresa tra 1Gbps e 10Gbps. Questo servizio \u00e8 disponibile in qualsiasi citt\u00e0 in cui Colt dispone di una rete metropolitana in fibra ottica ed \u00e8 creato appositamente per quelle aziende che necessitano di una connettivit\u00e0 Ethernet privata, ad elevata capacit\u00e0, sicura e resiliente.<\/p>\n<h3><strong>Attrezzature dedicate al cliente e infrastruttura in fibra metropolitana<\/strong><\/h3>\n<p>Il Private Ethernet massimizza la sicurezza e offre la possibilit\u00e0 di installare le apparecchiature all\u2019interno delle proprie strutture. Questo mette il cliente in una posizione di controllo totale, tramite una soluzione interamente gestita, con una separazione operativa dagli altri clienti.<\/p>\n<h3><strong>Soluzione completamente gestita e personalizzata in base alle specifiche esigenze aziendali<\/strong><\/h3>\n<p>Colt funge da unico punto di responsabilit\u00e0 e pu\u00f2 garantire i necessari livelli di separazione grazie all\u2019utilizzo completo della propria rete. Questo consente ai vostri professionisti IT di concentrarsi sui servizi dell\u2019application layer, determinanti per sviluppare il business dell\u2019azienda. Colt progetta, implementa, gestisce e mantiene il servizio, in modo che il cliente non debba investire le proprie risorse in competenze specialistiche o in hardware.<\/p>\n<p>Colt Ethernet Line \u00e8 in grado di soddisfare anche le pi\u00f9 rigide esigenze di resilienza aziendale. La nostra vasta gamma di opzioni consente ai clienti di scegliere il livello di resilienza pi\u00f9 appropriato in base alle proprie valutazioni in termini di costo, prestazioni e rischio.<\/p>\n","protected":false},"excerpt":{"rendered":"<p>Il Private Ethernet \u00e8 fornito tramite rete in fibra e un\u2019infrastruttura dedicata a ogni singolo cliente, garantendo cos\u00ec il massimo livello di sicurezza. I clienti possono anche scegliere i circuiti in fibra tramite i quali viene instradato il loro servizio Private Ethernet, per beneficiare della massima flessibilit\u00e0. Colt Private Ethernet \u00e8 un servizio fornito all\u2019interno&#8230;<\/p>\n","protected":false},"author":143,"featured_media":0,"parent":35900,"menu_order":0,"comment_status":"closed","ping_status":"closed","template":"","meta":{"_acf_changed":false,"footnotes":""},"colt_type":[],"colt_products":[1562],"class_list":["post-36503","page","type-page","status-publish","hentry","colt_products-ethernet"],"acf":[],"yoast_head":"<!-- This site is optimized with the Yoast SEO plugin v26.8 - https:\/\/yoast.com\/product\/yoast-seo-wordpress\/ -->\n<title>Private Ethernet | Colt Technology Services | IT<\/title>\n<meta name=\"description\" content=\"Private Ethernet Colt Technology Services\" \/>\n<meta name=\"robots\" content=\"noindex, follow, max-snippet:-1, max-image-preview:large, max-video-preview:-1\" \/>\n<meta property=\"og:locale\" content=\"it_IT\" \/>\n<meta property=\"og:type\" content=\"article\" \/>\n<meta property=\"og:title\" content=\"Private Ethernet | Colt Technology Services | IT\" \/>\n<meta property=\"og:description\" content=\"Private Ethernet Colt Technology Services\" \/>\n<meta property=\"og:url\" content=\"https:\/\/legacy.colt.net\/it\/product\/private-ethernet\/\" \/>\n<meta property=\"og:site_name\" content=\"Colt Technology Services\" \/>\n<meta property=\"article:publisher\" content=\"https:\/\/www.facebook.com\/ColtTechnologyServices\/\" \/>\n<meta property=\"article:modified_time\" content=\"2020-08-11T10:44:27+00:00\" \/>\n<meta property=\"og:image\" content=\"https:\/\/legacy.colt.net\/wp-content\/uploads\/2021\/01\/Brand-2021-Stock-6-1.jpg\" \/>\n\t<meta property=\"og:image:width\" content=\"1000\" \/>\n\t<meta property=\"og:image:height\" content=\"667\" \/>\n\t<meta property=\"og:image:type\" content=\"image\/jpeg\" \/>\n<meta name=\"twitter:card\" content=\"summary_large_image\" \/>\n<meta name=\"twitter:site\" content=\"@colt_technology\" \/>\n<meta name=\"twitter:label1\" content=\"Est. reading time\" \/>\n\t<meta name=\"twitter:data1\" content=\"1 minute\" \/>\n<script type=\"application\/ld+json\" class=\"yoast-schema-graph\">{\"@context\":\"https:\/\/schema.org\",\"@graph\":[{\"@type\":\"WebPage\",\"@id\":\"https:\/\/legacy.colt.net\/it\/product\/private-ethernet\/\",\"url\":\"https:\/\/legacy.colt.net\/it\/product\/private-ethernet\/\",\"name\":\"Private Ethernet | Colt Technology Services | IT\",\"isPartOf\":{\"@id\":\"https:\/\/legacy.colt.net\/#website\"},\"datePublished\":\"2018-11-09T14:03:02+00:00\",\"dateModified\":\"2020-08-11T10:44:27+00:00\",\"description\":\"Private Ethernet Colt Technology Services\",\"breadcrumb\":{\"@id\":\"https:\/\/legacy.colt.net\/it\/product\/private-ethernet\/#breadcrumb\"},\"inLanguage\":\"it-IT\",\"potentialAction\":[{\"@type\":\"ReadAction\",\"target\":[\"https:\/\/legacy.colt.net\/it\/product\/private-ethernet\/\"]}]},{\"@type\":\"BreadcrumbList\",\"@id\":\"https:\/\/legacy.colt.net\/it\/product\/private-ethernet\/#breadcrumb\",\"itemListElement\":[{\"@type\":\"ListItem\",\"position\":1,\"name\":\"Home\",\"item\":\"https:\/\/legacy.colt.net\/it\/\"},{\"@type\":\"ListItem\",\"position\":2,\"name\":\"Prodotti &#038; Servizi\",\"item\":\"https:\/\/legacy.colt.net\/it\/product\/\"},{\"@type\":\"ListItem\",\"position\":3,\"name\":\"Private Ethernet\"}]},{\"@type\":\"WebSite\",\"@id\":\"https:\/\/legacy.colt.net\/#website\",\"url\":\"https:\/\/legacy.colt.net\/\",\"name\":\"Colt\u30c6\u30af\u30ce\u30ed\u30b8\u30fc\u30b5\u30fc\u30d3\u30b9\u682a\u5f0f\u4f1a\u793e\",\"description\":\"Managed Network &amp; Voice Services Provider\",\"publisher\":{\"@id\":\"https:\/\/legacy.colt.net\/#organization\"},\"potentialAction\":[{\"@type\":\"SearchAction\",\"target\":{\"@type\":\"EntryPoint\",\"urlTemplate\":\"https:\/\/legacy.colt.net\/?s={search_term_string}\"},\"query-input\":{\"@type\":\"PropertyValueSpecification\",\"valueRequired\":true,\"valueName\":\"search_term_string\"}}],\"inLanguage\":\"it-IT\"},{\"@type\":\"Organization\",\"@id\":\"https:\/\/legacy.colt.net\/#organization\",\"name\":\"Colt Technology Services\",\"url\":\"https:\/\/legacy.colt.net\/\",\"logo\":{\"@type\":\"ImageObject\",\"inLanguage\":\"it-IT\",\"@id\":\"https:\/\/legacy.colt.net\/#\/schema\/logo\/image\/\",\"url\":\"https:\/\/legacy.colt.net\/wp-content\/uploads\/2019\/02\/Colt-Logo.png\",\"contentUrl\":\"https:\/\/legacy.colt.net\/wp-content\/uploads\/2019\/02\/Colt-Logo.png\",\"width\":195,\"height\":77,\"caption\":\"Colt Technology Services\"},\"image\":{\"@id\":\"https:\/\/legacy.colt.net\/#\/schema\/logo\/image\/\"},\"sameAs\":[\"https:\/\/www.facebook.com\/ColtTechnologyServices\/\",\"https:\/\/x.com\/colt_technology\",\"https:\/\/www.instagram.com\/colttechnologyservices\/\",\"https:\/\/www.linkedin.com\/company\/colt-technology-services\",\"https:\/\/www.youtube.com\/user\/ColtTechnology\"]}]}<\/script>\n<!-- \/ Yoast SEO plugin. -->","yoast_head_json":{"title":"Private Ethernet | Colt Technology Services | IT","description":"Private Ethernet Colt Technology Services","robots":{"index":"noindex","follow":"follow","max-snippet":"max-snippet:-1","max-image-preview":"max-image-preview:large","max-video-preview":"max-video-preview:-1"},"og_locale":"it_IT","og_type":"article","og_title":"Private Ethernet | Colt Technology Services | IT","og_description":"Private Ethernet Colt Technology Services","og_url":"https:\/\/legacy.colt.net\/it\/product\/private-ethernet\/","og_site_name":"Colt Technology Services","article_publisher":"https:\/\/www.facebook.com\/ColtTechnologyServices\/","article_modified_time":"2020-08-11T10:44:27+00:00","og_image":[{"width":1000,"height":667,"url":"https:\/\/legacy.colt.net\/wp-content\/uploads\/2021\/01\/Brand-2021-Stock-6-1.jpg","type":"image\/jpeg"}],"twitter_card":"summary_large_image","twitter_site":"@colt_technology","twitter_misc":{"Est. reading time":"1 minute"},"schema":{"@context":"https:\/\/schema.org","@graph":[{"@type":"WebPage","@id":"https:\/\/legacy.colt.net\/it\/product\/private-ethernet\/","url":"https:\/\/legacy.colt.net\/it\/product\/private-ethernet\/","name":"Private Ethernet | Colt Technology Services | IT","isPartOf":{"@id":"https:\/\/legacy.colt.net\/#website"},"datePublished":"2018-11-09T14:03:02+00:00","dateModified":"2020-08-11T10:44:27+00:00","description":"Private Ethernet Colt Technology Services","breadcrumb":{"@id":"https:\/\/legacy.colt.net\/it\/product\/private-ethernet\/#breadcrumb"},"inLanguage":"it-IT","potentialAction":[{"@type":"ReadAction","target":["https:\/\/legacy.colt.net\/it\/product\/private-ethernet\/"]}]},{"@type":"BreadcrumbList","@id":"https:\/\/legacy.colt.net\/it\/product\/private-ethernet\/#breadcrumb","itemListElement":[{"@type":"ListItem","position":1,"name":"Home","item":"https:\/\/legacy.colt.net\/it\/"},{"@type":"ListItem","position":2,"name":"Prodotti &#038; Servizi","item":"https:\/\/legacy.colt.net\/it\/product\/"},{"@type":"ListItem","position":3,"name":"Private Ethernet"}]},{"@type":"WebSite","@id":"https:\/\/legacy.colt.net\/#website","url":"https:\/\/legacy.colt.net\/","name":"Colt\u30c6\u30af\u30ce\u30ed\u30b8\u30fc\u30b5\u30fc\u30d3\u30b9\u682a\u5f0f\u4f1a\u793e","description":"Managed Network &amp; Voice Services Provider","publisher":{"@id":"https:\/\/legacy.colt.net\/#organization"},"potentialAction":[{"@type":"SearchAction","target":{"@type":"EntryPoint","urlTemplate":"https:\/\/legacy.colt.net\/?s={search_term_string}"},"query-input":{"@type":"PropertyValueSpecification","valueRequired":true,"valueName":"search_term_string"}}],"inLanguage":"it-IT"},{"@type":"Organization","@id":"https:\/\/legacy.colt.net\/#organization","name":"Colt Technology Services","url":"https:\/\/legacy.colt.net\/","logo":{"@type":"ImageObject","inLanguage":"it-IT","@id":"https:\/\/legacy.colt.net\/#\/schema\/logo\/image\/","url":"https:\/\/legacy.colt.net\/wp-content\/uploads\/2019\/02\/Colt-Logo.png","contentUrl":"https:\/\/legacy.colt.net\/wp-content\/uploads\/2019\/02\/Colt-Logo.png","width":195,"height":77,"caption":"Colt Technology Services"},"image":{"@id":"https:\/\/legacy.colt.net\/#\/schema\/logo\/image\/"},"sameAs":["https:\/\/www.facebook.com\/ColtTechnologyServices\/","https:\/\/x.com\/colt_technology","https:\/\/www.instagram.com\/colttechnologyservices\/","https:\/\/www.linkedin.com\/company\/colt-technology-services","https:\/\/www.youtube.com\/user\/ColtTechnology"]}]}},"_links":{"self":[{"href":"https:\/\/legacy.colt.net\/it\/wp-json\/wp\/v2\/pages\/36503","targetHints":{"allow":["GET"]}}],"collection":[{"href":"https:\/\/legacy.colt.net\/it\/wp-json\/wp\/v2\/pages"}],"about":[{"href":"https:\/\/legacy.colt.net\/it\/wp-json\/wp\/v2\/types\/page"}],"author":[{"embeddable":true,"href":"https:\/\/legacy.colt.net\/it\/wp-json\/wp\/v2\/users\/143"}],"replies":[{"embeddable":true,"href":"https:\/\/legacy.colt.net\/it\/wp-json\/wp\/v2\/comments?post=36503"}],"version-history":[{"count":0,"href":"https:\/\/legacy.colt.net\/it\/wp-json\/wp\/v2\/pages\/36503\/revisions"}],"up":[{"embeddable":true,"href":"https:\/\/legacy.colt.net\/it\/wp-json\/wp\/v2\/pages\/35900"}],"wp:attachment":[{"href":"https:\/\/legacy.colt.net\/it\/wp-json\/wp\/v2\/media?parent=36503"}],"wp:term":[{"taxonomy":"colt_type","embeddable":true,"href":"https:\/\/legacy.colt.net\/it\/wp-json\/wp\/v2\/colt_type?post=36503"},{"taxonomy":"colt_products","embeddable":true,"href":"https:\/\/legacy.colt.net\/it\/wp-json\/wp\/v2\/colt_products?post=36503"}],"curies":[{"name":"wp","href":"https:\/\/api.w.org\/{rel}","templated":true}]}}