{"id":35180,"date":"2017-04-07T09:25:03","date_gmt":"2017-04-07T09:25:03","guid":{"rendered":"https:\/\/www.colt.net\/leadership\/sally-nelson\/"},"modified":"2019-04-02T15:28:51","modified_gmt":"2019-04-02T14:28:51","slug":"sally-nelson","status":"publish","type":"page","link":"https:\/\/legacy.colt.net\/it\/about\/leadership\/sally-nelson\/","title":{"rendered":"Sally Nelson"},"content":{"rendered":"<h1>\n\t<\/h1>\n\t<nav class=\"breadcrumb\"><span><span><a href=\"https:\/\/legacy.colt.net\/it\/\">Home<\/a><\/span><\/span><\/nav>\n\t<p>Sally Nelson \u00e8 stata nominata membro del Remuneration Committee il 1\u00b0 ottobre 2015. Sally \u00e8 entrata in FIL Limited nel 1999 ed \u00e8 attualmente Chief Administrative Officer di FIL, con responsabilit\u00e0 a livello di gruppo, nell\u2019ambito delle Risorse Umane, Corporate Affairs, Corporate Property Services, FIL Foundations e Service Operations in India e Tunisia. Prima di questo, Sally \u00e8 stata responsabile a livello globale delle Risorse Umane di FIL. Prima di entrate in FIL, ha lavorato per dodici anni in PwC, sempre nell\u2019ambito delle HR. Sally \u00e8 membro del Consiglio Direttivo di FIL Holdings (UK) Limited e anche del Remuneration Committee di FIL.<\/p>\n\t\t\t\t<img loading=\"lazy\" decoding=\"async\" src=\"https:\/\/legacy.colt.net\/wp-content\/uploads\/2019\/02\/Sally-Nelson-450x600.jpg\" alt=\"Sally-Nelson-450x600\" itemprop=\"image\" height=\"600\" width=\"450\" title=\"Sally-Nelson-450x600\" onerror=\"this.style.display='none'\"  \/>\n","protected":false},"excerpt":{"rendered":"<p>Sally Nelson was appointed as Member of the Remuneration Committee on 1 October 2015. Sally joined FIL Limited in 1999 and is currently FIL&#8217;s Chief Administrative Officer.<\/p>\n","protected":false},"author":2,"featured_media":32296,"parent":34292,"menu_order":0,"comment_status":"closed","ping_status":"closed","template":"","meta":{"_acf_changed":false,"footnotes":""},"colt_type":[],"colt_products":[],"class_list":["post-35180","page","type-page","status-publish","has-post-thumbnail","hentry"],"acf":[],"yoast_head":"<!-- This site is optimized with the Yoast SEO plugin v26.8 - https:\/\/yoast.com\/product\/yoast-seo-wordpress\/ -->\n<title>Sally Nelson - Colt Technology Services<\/title>\n<meta name=\"description\" content=\"Sally Nelson was appointed as Member of the Remuneration Committee on 1 October 2015. Sally joined FIL in 1999 and is currently FIL\u2019s Chief People officer\" \/>\n<meta name=\"robots\" content=\"noindex, follow, max-snippet:-1, max-image-preview:large, max-video-preview:-1\" \/>\n<meta property=\"og:locale\" content=\"it_IT\" \/>\n<meta property=\"og:type\" content=\"article\" \/>\n<meta property=\"og:title\" content=\"Sally Nelson - Colt Technology Services\" \/>\n<meta property=\"og:description\" content=\"Sally Nelson was appointed as Member of the Remuneration Committee on 1 October 2015. Sally joined FIL in 1999 and is currently FIL\u2019s Chief People officer\" \/>\n<meta property=\"og:url\" content=\"https:\/\/legacy.colt.net\/it\/about\/leadership\/sally-nelson\/\" \/>\n<meta property=\"og:site_name\" content=\"Colt Technology Services\" \/>\n<meta property=\"article:publisher\" content=\"https:\/\/www.facebook.com\/ColtTechnologyServices\/\" \/>\n<meta property=\"article:modified_time\" content=\"2019-04-02T14:28:51+00:00\" \/>\n<meta property=\"og:image\" content=\"https:\/\/legacy.colt.net\/wp-content\/uploads\/2019\/02\/Sally-Nelson-450x600.jpg\" \/>\n\t<meta property=\"og:image:width\" content=\"450\" \/>\n\t<meta property=\"og:image:height\" content=\"600\" \/>\n\t<meta property=\"og:image:type\" content=\"image\/jpeg\" \/>\n<meta name=\"twitter:card\" content=\"summary_large_image\" \/>\n<meta name=\"twitter:image\" content=\"https:\/\/legacy.colt.net\/wp-content\/uploads\/2019\/02\/Sally-Nelson-450x600.jpg\" \/>\n<meta name=\"twitter:site\" content=\"@colt_technology\" \/>\n<script type=\"application\/ld+json\" class=\"yoast-schema-graph\">{\"@context\":\"https:\/\/schema.org\",\"@graph\":[{\"@type\":\"WebPage\",\"@id\":\"https:\/\/legacy.colt.net\/it\/about\/leadership\/sally-nelson\/\",\"url\":\"https:\/\/legacy.colt.net\/it\/about\/leadership\/sally-nelson\/\",\"name\":\"Sally Nelson - Colt Technology Services\",\"isPartOf\":{\"@id\":\"https:\/\/legacy.colt.net\/#website\"},\"primaryImageOfPage\":{\"@id\":\"https:\/\/legacy.colt.net\/it\/about\/leadership\/sally-nelson\/#primaryimage\"},\"image\":{\"@id\":\"https:\/\/legacy.colt.net\/it\/about\/leadership\/sally-nelson\/#primaryimage\"},\"thumbnailUrl\":\"https:\/\/legacy.colt.net\/wp-content\/uploads\/2019\/02\/Sally-Nelson-450x600.jpg\",\"datePublished\":\"2017-04-07T09:25:03+00:00\",\"dateModified\":\"2019-04-02T14:28:51+00:00\",\"description\":\"Sally Nelson was appointed as Member of the Remuneration Committee on 1 October 2015. Sally joined FIL in 1999 and is currently FIL\u2019s Chief People officer\",\"breadcrumb\":{\"@id\":\"https:\/\/legacy.colt.net\/it\/about\/leadership\/sally-nelson\/#breadcrumb\"},\"inLanguage\":\"it-IT\",\"potentialAction\":[{\"@type\":\"ReadAction\",\"target\":[\"https:\/\/legacy.colt.net\/it\/about\/leadership\/sally-nelson\/\"]}]},{\"@type\":\"ImageObject\",\"inLanguage\":\"it-IT\",\"@id\":\"https:\/\/legacy.colt.net\/it\/about\/leadership\/sally-nelson\/#primaryimage\",\"url\":\"https:\/\/legacy.colt.net\/wp-content\/uploads\/2019\/02\/Sally-Nelson-450x600.jpg\",\"contentUrl\":\"https:\/\/legacy.colt.net\/wp-content\/uploads\/2019\/02\/Sally-Nelson-450x600.jpg\",\"width\":450,\"height\":600},{\"@type\":\"BreadcrumbList\",\"@id\":\"https:\/\/legacy.colt.net\/it\/about\/leadership\/sally-nelson\/#breadcrumb\",\"itemListElement\":[{\"@type\":\"ListItem\",\"position\":1,\"name\":\"Home\",\"item\":\"https:\/\/legacy.colt.net\/it\/\"},{\"@type\":\"ListItem\",\"position\":2,\"name\":\"Su Colt\",\"item\":\"https:\/\/legacy.colt.net\/it\/about\/\"},{\"@type\":\"ListItem\",\"position\":3,\"name\":\"Direzione\",\"item\":\"https:\/\/legacy.colt.net\/it\/about\/leadership\/\"},{\"@type\":\"ListItem\",\"position\":4,\"name\":\"Sally Nelson\"}]},{\"@type\":\"WebSite\",\"@id\":\"https:\/\/legacy.colt.net\/#website\",\"url\":\"https:\/\/legacy.colt.net\/\",\"name\":\"Colt\u30c6\u30af\u30ce\u30ed\u30b8\u30fc\u30b5\u30fc\u30d3\u30b9\u682a\u5f0f\u4f1a\u793e\",\"description\":\"Managed Network &amp; Voice Services Provider\",\"publisher\":{\"@id\":\"https:\/\/legacy.colt.net\/#organization\"},\"potentialAction\":[{\"@type\":\"SearchAction\",\"target\":{\"@type\":\"EntryPoint\",\"urlTemplate\":\"https:\/\/legacy.colt.net\/?s={search_term_string}\"},\"query-input\":{\"@type\":\"PropertyValueSpecification\",\"valueRequired\":true,\"valueName\":\"search_term_string\"}}],\"inLanguage\":\"it-IT\"},{\"@type\":\"Organization\",\"@id\":\"https:\/\/legacy.colt.net\/#organization\",\"name\":\"Colt Technology Services\",\"url\":\"https:\/\/legacy.colt.net\/\",\"logo\":{\"@type\":\"ImageObject\",\"inLanguage\":\"it-IT\",\"@id\":\"https:\/\/legacy.colt.net\/#\/schema\/logo\/image\/\",\"url\":\"https:\/\/legacy.colt.net\/wp-content\/uploads\/2019\/02\/Colt-Logo.png\",\"contentUrl\":\"https:\/\/legacy.colt.net\/wp-content\/uploads\/2019\/02\/Colt-Logo.png\",\"width\":195,\"height\":77,\"caption\":\"Colt Technology Services\"},\"image\":{\"@id\":\"https:\/\/legacy.colt.net\/#\/schema\/logo\/image\/\"},\"sameAs\":[\"https:\/\/www.facebook.com\/ColtTechnologyServices\/\",\"https:\/\/x.com\/colt_technology\",\"https:\/\/www.instagram.com\/colttechnologyservices\/\",\"https:\/\/www.linkedin.com\/company\/colt-technology-services\",\"https:\/\/www.youtube.com\/user\/ColtTechnology\"]}]}<\/script>\n<!-- \/ Yoast SEO plugin. -->","yoast_head_json":{"title":"Sally Nelson - Colt Technology Services","description":"Sally Nelson was appointed as Member of the Remuneration Committee on 1 October 2015. Sally joined FIL in 1999 and is currently FIL\u2019s Chief People officer","robots":{"index":"noindex","follow":"follow","max-snippet":"max-snippet:-1","max-image-preview":"max-image-preview:large","max-video-preview":"max-video-preview:-1"},"og_locale":"it_IT","og_type":"article","og_title":"Sally Nelson - Colt Technology Services","og_description":"Sally Nelson was appointed as Member of the Remuneration Committee on 1 October 2015. Sally joined FIL in 1999 and is currently FIL\u2019s Chief People officer","og_url":"https:\/\/legacy.colt.net\/it\/about\/leadership\/sally-nelson\/","og_site_name":"Colt Technology Services","article_publisher":"https:\/\/www.facebook.com\/ColtTechnologyServices\/","article_modified_time":"2019-04-02T14:28:51+00:00","og_image":[{"width":450,"height":600,"url":"https:\/\/legacy.colt.net\/wp-content\/uploads\/2019\/02\/Sally-Nelson-450x600.jpg","type":"image\/jpeg"}],"twitter_card":"summary_large_image","twitter_image":"https:\/\/legacy.colt.net\/wp-content\/uploads\/2019\/02\/Sally-Nelson-450x600.jpg","twitter_site":"@colt_technology","schema":{"@context":"https:\/\/schema.org","@graph":[{"@type":"WebPage","@id":"https:\/\/legacy.colt.net\/it\/about\/leadership\/sally-nelson\/","url":"https:\/\/legacy.colt.net\/it\/about\/leadership\/sally-nelson\/","name":"Sally Nelson - Colt Technology Services","isPartOf":{"@id":"https:\/\/legacy.colt.net\/#website"},"primaryImageOfPage":{"@id":"https:\/\/legacy.colt.net\/it\/about\/leadership\/sally-nelson\/#primaryimage"},"image":{"@id":"https:\/\/legacy.colt.net\/it\/about\/leadership\/sally-nelson\/#primaryimage"},"thumbnailUrl":"https:\/\/legacy.colt.net\/wp-content\/uploads\/2019\/02\/Sally-Nelson-450x600.jpg","datePublished":"2017-04-07T09:25:03+00:00","dateModified":"2019-04-02T14:28:51+00:00","description":"Sally Nelson was appointed as Member of the Remuneration Committee on 1 October 2015. Sally joined FIL in 1999 and is currently FIL\u2019s Chief People officer","breadcrumb":{"@id":"https:\/\/legacy.colt.net\/it\/about\/leadership\/sally-nelson\/#breadcrumb"},"inLanguage":"it-IT","potentialAction":[{"@type":"ReadAction","target":["https:\/\/legacy.colt.net\/it\/about\/leadership\/sally-nelson\/"]}]},{"@type":"ImageObject","inLanguage":"it-IT","@id":"https:\/\/legacy.colt.net\/it\/about\/leadership\/sally-nelson\/#primaryimage","url":"https:\/\/legacy.colt.net\/wp-content\/uploads\/2019\/02\/Sally-Nelson-450x600.jpg","contentUrl":"https:\/\/legacy.colt.net\/wp-content\/uploads\/2019\/02\/Sally-Nelson-450x600.jpg","width":450,"height":600},{"@type":"BreadcrumbList","@id":"https:\/\/legacy.colt.net\/it\/about\/leadership\/sally-nelson\/#breadcrumb","itemListElement":[{"@type":"ListItem","position":1,"name":"Home","item":"https:\/\/legacy.colt.net\/it\/"},{"@type":"ListItem","position":2,"name":"Su Colt","item":"https:\/\/legacy.colt.net\/it\/about\/"},{"@type":"ListItem","position":3,"name":"Direzione","item":"https:\/\/legacy.colt.net\/it\/about\/leadership\/"},{"@type":"ListItem","position":4,"name":"Sally Nelson"}]},{"@type":"WebSite","@id":"https:\/\/legacy.colt.net\/#website","url":"https:\/\/legacy.colt.net\/","name":"Colt\u30c6\u30af\u30ce\u30ed\u30b8\u30fc\u30b5\u30fc\u30d3\u30b9\u682a\u5f0f\u4f1a\u793e","description":"Managed Network &amp; Voice Services Provider","publisher":{"@id":"https:\/\/legacy.colt.net\/#organization"},"potentialAction":[{"@type":"SearchAction","target":{"@type":"EntryPoint","urlTemplate":"https:\/\/legacy.colt.net\/?s={search_term_string}"},"query-input":{"@type":"PropertyValueSpecification","valueRequired":true,"valueName":"search_term_string"}}],"inLanguage":"it-IT"},{"@type":"Organization","@id":"https:\/\/legacy.colt.net\/#organization","name":"Colt Technology Services","url":"https:\/\/legacy.colt.net\/","logo":{"@type":"ImageObject","inLanguage":"it-IT","@id":"https:\/\/legacy.colt.net\/#\/schema\/logo\/image\/","url":"https:\/\/legacy.colt.net\/wp-content\/uploads\/2019\/02\/Colt-Logo.png","contentUrl":"https:\/\/legacy.colt.net\/wp-content\/uploads\/2019\/02\/Colt-Logo.png","width":195,"height":77,"caption":"Colt Technology Services"},"image":{"@id":"https:\/\/legacy.colt.net\/#\/schema\/logo\/image\/"},"sameAs":["https:\/\/www.facebook.com\/ColtTechnologyServices\/","https:\/\/x.com\/colt_technology","https:\/\/www.instagram.com\/colttechnologyservices\/","https:\/\/www.linkedin.com\/company\/colt-technology-services","https:\/\/www.youtube.com\/user\/ColtTechnology"]}]}},"_links":{"self":[{"href":"https:\/\/legacy.colt.net\/it\/wp-json\/wp\/v2\/pages\/35180","targetHints":{"allow":["GET"]}}],"collection":[{"href":"https:\/\/legacy.colt.net\/it\/wp-json\/wp\/v2\/pages"}],"about":[{"href":"https:\/\/legacy.colt.net\/it\/wp-json\/wp\/v2\/types\/page"}],"author":[{"embeddable":true,"href":"https:\/\/legacy.colt.net\/it\/wp-json\/wp\/v2\/users\/2"}],"replies":[{"embeddable":true,"href":"https:\/\/legacy.colt.net\/it\/wp-json\/wp\/v2\/comments?post=35180"}],"version-history":[{"count":0,"href":"https:\/\/legacy.colt.net\/it\/wp-json\/wp\/v2\/pages\/35180\/revisions"}],"up":[{"embeddable":true,"href":"https:\/\/legacy.colt.net\/it\/wp-json\/wp\/v2\/pages\/34292"}],"wp:featuredmedia":[{"embeddable":true,"href":"https:\/\/legacy.colt.net\/it\/wp-json\/wp\/v2\/media\/32296"}],"wp:attachment":[{"href":"https:\/\/legacy.colt.net\/it\/wp-json\/wp\/v2\/media?parent=35180"}],"wp:term":[{"taxonomy":"colt_type","embeddable":true,"href":"https:\/\/legacy.colt.net\/it\/wp-json\/wp\/v2\/colt_type?post=35180"},{"taxonomy":"colt_products","embeddable":true,"href":"https:\/\/legacy.colt.net\/it\/wp-json\/wp\/v2\/colt_products?post=35180"}],"curies":[{"name":"wp","href":"https:\/\/api.w.org\/{rel}","templated":true}]}}