{"id":35156,"date":"2017-04-07T09:17:20","date_gmt":"2017-04-07T09:17:20","guid":{"rendered":"https:\/\/www.colt.net\/leadership\/jennifer-uhrig\/"},"modified":"2020-10-12T15:43:34","modified_gmt":"2020-10-12T14:43:34","slug":"jennifer-uhrig","status":"publish","type":"page","link":"https:\/\/legacy.colt.net\/it\/about\/leadership\/jennifer-uhrig\/","title":{"rendered":"Jennifer Uhrig"},"content":{"rendered":"<h1>\n\t<\/h1>\n\t<nav class=\"breadcrumb\"><span><span><a href=\"https:\/\/legacy.colt.net\/it\/\">Home<\/a><\/span><\/span><\/nav>\n\t<p>Direttore Non Esecutivo, \u00e8 stata nominata all\u2019interno del Consiglio Direttivo dal 1\u00b0 gennaio 2015.\u00a0Jennifer ha trascorso 22 anni presso Fidelity Investments. Dopo aver lasciato, nel 2009, il suo ruolo di Adisory all\u2019interno di Fidelity, Jennifer ha assunto una responsabilit\u00e0 direttiva nel Consiglio di Forum Pharmaceuticals, una societ\u00e0 collegata a Fidelity e a Geode Capital Management. Jennifer \u00e8 anche membro del Board of Overseers presso Tuck School of Business del Dartmouth College, del Board of Trustees del New England Conservatory e del Board of Trustees del Massachusetts Eye and Ear Infirmary.<\/p>\n\t\t\t\t<img loading=\"lazy\" decoding=\"async\" src=\"https:\/\/legacy.colt.net\/wp-content\/uploads\/2019\/02\/Jennifer-Uhrig-450x600.jpg\" alt=\"Jennifer-Uhrig-450x600\" itemprop=\"image\" height=\"600\" width=\"450\" title=\"Jennifer-Uhrig-450x600\" onerror=\"this.style.display='none'\"  \/>\n<h3>\n\t\tJennifer Uhrig\n\t<\/h3>\n<h4>\n\t\tNon-Executive Director\n\t<\/h4>\n","protected":false},"excerpt":{"rendered":"<p>Jennifer Uhrig was appointed to the Board on 1 January 2015. Jennifer spent 22 years at Fidelity Investments. Since retiring from money management in 2009, she has served in an advisory role at Fidelity.<\/p>\n","protected":false},"author":2,"featured_media":32248,"parent":34292,"menu_order":0,"comment_status":"closed","ping_status":"closed","template":"","meta":{"_acf_changed":false,"footnotes":""},"colt_type":[],"colt_products":[],"class_list":["post-35156","page","type-page","status-publish","has-post-thumbnail","hentry"],"acf":[],"yoast_head":"<!-- This site is optimized with the Yoast SEO plugin v26.8 - https:\/\/yoast.com\/product\/yoast-seo-wordpress\/ -->\n<title>Jennifer Uhrig - Colt Technology Services<\/title>\n<meta name=\"description\" content=\"Jennifer Uhrig Colt Technology Services\" \/>\n<meta name=\"robots\" content=\"noindex, follow, max-snippet:-1, max-image-preview:large, max-video-preview:-1\" \/>\n<meta property=\"og:locale\" content=\"it_IT\" \/>\n<meta property=\"og:type\" content=\"article\" \/>\n<meta property=\"og:title\" content=\"Jennifer Uhrig - Colt Technology Services\" \/>\n<meta property=\"og:description\" content=\"Jennifer Uhrig Colt Technology Services\" \/>\n<meta property=\"og:url\" content=\"https:\/\/legacy.colt.net\/it\/about\/leadership\/jennifer-uhrig\/\" \/>\n<meta property=\"og:site_name\" content=\"Colt Technology Services\" \/>\n<meta property=\"article:publisher\" content=\"https:\/\/www.facebook.com\/ColtTechnologyServices\/\" \/>\n<meta property=\"article:modified_time\" content=\"2020-10-12T14:43:34+00:00\" \/>\n<meta property=\"og:image\" content=\"https:\/\/legacy.colt.net\/wp-content\/uploads\/2019\/02\/Jennifer-Uhrig-450x600.jpg\" \/>\n\t<meta property=\"og:image:width\" content=\"450\" \/>\n\t<meta property=\"og:image:height\" content=\"600\" \/>\n\t<meta property=\"og:image:type\" content=\"image\/jpeg\" \/>\n<meta name=\"twitter:card\" content=\"summary_large_image\" \/>\n<meta name=\"twitter:image\" content=\"https:\/\/legacy.colt.net\/wp-content\/uploads\/2019\/02\/Jennifer-Uhrig-450x600.jpg\" \/>\n<meta name=\"twitter:site\" content=\"@colt_technology\" \/>\n<script type=\"application\/ld+json\" class=\"yoast-schema-graph\">{\"@context\":\"https:\/\/schema.org\",\"@graph\":[{\"@type\":\"WebPage\",\"@id\":\"https:\/\/legacy.colt.net\/it\/about\/leadership\/jennifer-uhrig\/\",\"url\":\"https:\/\/legacy.colt.net\/it\/about\/leadership\/jennifer-uhrig\/\",\"name\":\"Jennifer Uhrig - Colt Technology Services\",\"isPartOf\":{\"@id\":\"https:\/\/legacy.colt.net\/#website\"},\"primaryImageOfPage\":{\"@id\":\"https:\/\/legacy.colt.net\/it\/about\/leadership\/jennifer-uhrig\/#primaryimage\"},\"image\":{\"@id\":\"https:\/\/legacy.colt.net\/it\/about\/leadership\/jennifer-uhrig\/#primaryimage\"},\"thumbnailUrl\":\"https:\/\/legacy.colt.net\/wp-content\/uploads\/2019\/02\/Jennifer-Uhrig-450x600.jpg\",\"datePublished\":\"2017-04-07T09:17:20+00:00\",\"dateModified\":\"2020-10-12T14:43:34+00:00\",\"description\":\"Jennifer Uhrig Colt Technology Services\",\"breadcrumb\":{\"@id\":\"https:\/\/legacy.colt.net\/it\/about\/leadership\/jennifer-uhrig\/#breadcrumb\"},\"inLanguage\":\"it-IT\",\"potentialAction\":[{\"@type\":\"ReadAction\",\"target\":[\"https:\/\/legacy.colt.net\/it\/about\/leadership\/jennifer-uhrig\/\"]}]},{\"@type\":\"ImageObject\",\"inLanguage\":\"it-IT\",\"@id\":\"https:\/\/legacy.colt.net\/it\/about\/leadership\/jennifer-uhrig\/#primaryimage\",\"url\":\"https:\/\/legacy.colt.net\/wp-content\/uploads\/2019\/02\/Jennifer-Uhrig-450x600.jpg\",\"contentUrl\":\"https:\/\/legacy.colt.net\/wp-content\/uploads\/2019\/02\/Jennifer-Uhrig-450x600.jpg\",\"width\":450,\"height\":600},{\"@type\":\"BreadcrumbList\",\"@id\":\"https:\/\/legacy.colt.net\/it\/about\/leadership\/jennifer-uhrig\/#breadcrumb\",\"itemListElement\":[{\"@type\":\"ListItem\",\"position\":1,\"name\":\"Home\",\"item\":\"https:\/\/legacy.colt.net\/it\/\"},{\"@type\":\"ListItem\",\"position\":2,\"name\":\"Su Colt\",\"item\":\"https:\/\/legacy.colt.net\/it\/about\/\"},{\"@type\":\"ListItem\",\"position\":3,\"name\":\"Direzione\",\"item\":\"https:\/\/legacy.colt.net\/it\/about\/leadership\/\"},{\"@type\":\"ListItem\",\"position\":4,\"name\":\"Jennifer Uhrig\"}]},{\"@type\":\"WebSite\",\"@id\":\"https:\/\/legacy.colt.net\/#website\",\"url\":\"https:\/\/legacy.colt.net\/\",\"name\":\"Colt\u30c6\u30af\u30ce\u30ed\u30b8\u30fc\u30b5\u30fc\u30d3\u30b9\u682a\u5f0f\u4f1a\u793e\",\"description\":\"Managed Network &amp; Voice Services Provider\",\"publisher\":{\"@id\":\"https:\/\/legacy.colt.net\/#organization\"},\"potentialAction\":[{\"@type\":\"SearchAction\",\"target\":{\"@type\":\"EntryPoint\",\"urlTemplate\":\"https:\/\/legacy.colt.net\/?s={search_term_string}\"},\"query-input\":{\"@type\":\"PropertyValueSpecification\",\"valueRequired\":true,\"valueName\":\"search_term_string\"}}],\"inLanguage\":\"it-IT\"},{\"@type\":\"Organization\",\"@id\":\"https:\/\/legacy.colt.net\/#organization\",\"name\":\"Colt Technology Services\",\"url\":\"https:\/\/legacy.colt.net\/\",\"logo\":{\"@type\":\"ImageObject\",\"inLanguage\":\"it-IT\",\"@id\":\"https:\/\/legacy.colt.net\/#\/schema\/logo\/image\/\",\"url\":\"https:\/\/legacy.colt.net\/wp-content\/uploads\/2019\/02\/Colt-Logo.png\",\"contentUrl\":\"https:\/\/legacy.colt.net\/wp-content\/uploads\/2019\/02\/Colt-Logo.png\",\"width\":195,\"height\":77,\"caption\":\"Colt Technology Services\"},\"image\":{\"@id\":\"https:\/\/legacy.colt.net\/#\/schema\/logo\/image\/\"},\"sameAs\":[\"https:\/\/www.facebook.com\/ColtTechnologyServices\/\",\"https:\/\/x.com\/colt_technology\",\"https:\/\/www.instagram.com\/colttechnologyservices\/\",\"https:\/\/www.linkedin.com\/company\/colt-technology-services\",\"https:\/\/www.youtube.com\/user\/ColtTechnology\"]}]}<\/script>\n<!-- \/ Yoast SEO plugin. -->","yoast_head_json":{"title":"Jennifer Uhrig - Colt Technology Services","description":"Jennifer Uhrig Colt Technology Services","robots":{"index":"noindex","follow":"follow","max-snippet":"max-snippet:-1","max-image-preview":"max-image-preview:large","max-video-preview":"max-video-preview:-1"},"og_locale":"it_IT","og_type":"article","og_title":"Jennifer Uhrig - Colt Technology Services","og_description":"Jennifer Uhrig Colt Technology Services","og_url":"https:\/\/legacy.colt.net\/it\/about\/leadership\/jennifer-uhrig\/","og_site_name":"Colt Technology Services","article_publisher":"https:\/\/www.facebook.com\/ColtTechnologyServices\/","article_modified_time":"2020-10-12T14:43:34+00:00","og_image":[{"width":450,"height":600,"url":"https:\/\/legacy.colt.net\/wp-content\/uploads\/2019\/02\/Jennifer-Uhrig-450x600.jpg","type":"image\/jpeg"}],"twitter_card":"summary_large_image","twitter_image":"https:\/\/legacy.colt.net\/wp-content\/uploads\/2019\/02\/Jennifer-Uhrig-450x600.jpg","twitter_site":"@colt_technology","schema":{"@context":"https:\/\/schema.org","@graph":[{"@type":"WebPage","@id":"https:\/\/legacy.colt.net\/it\/about\/leadership\/jennifer-uhrig\/","url":"https:\/\/legacy.colt.net\/it\/about\/leadership\/jennifer-uhrig\/","name":"Jennifer Uhrig - Colt Technology Services","isPartOf":{"@id":"https:\/\/legacy.colt.net\/#website"},"primaryImageOfPage":{"@id":"https:\/\/legacy.colt.net\/it\/about\/leadership\/jennifer-uhrig\/#primaryimage"},"image":{"@id":"https:\/\/legacy.colt.net\/it\/about\/leadership\/jennifer-uhrig\/#primaryimage"},"thumbnailUrl":"https:\/\/legacy.colt.net\/wp-content\/uploads\/2019\/02\/Jennifer-Uhrig-450x600.jpg","datePublished":"2017-04-07T09:17:20+00:00","dateModified":"2020-10-12T14:43:34+00:00","description":"Jennifer Uhrig Colt Technology Services","breadcrumb":{"@id":"https:\/\/legacy.colt.net\/it\/about\/leadership\/jennifer-uhrig\/#breadcrumb"},"inLanguage":"it-IT","potentialAction":[{"@type":"ReadAction","target":["https:\/\/legacy.colt.net\/it\/about\/leadership\/jennifer-uhrig\/"]}]},{"@type":"ImageObject","inLanguage":"it-IT","@id":"https:\/\/legacy.colt.net\/it\/about\/leadership\/jennifer-uhrig\/#primaryimage","url":"https:\/\/legacy.colt.net\/wp-content\/uploads\/2019\/02\/Jennifer-Uhrig-450x600.jpg","contentUrl":"https:\/\/legacy.colt.net\/wp-content\/uploads\/2019\/02\/Jennifer-Uhrig-450x600.jpg","width":450,"height":600},{"@type":"BreadcrumbList","@id":"https:\/\/legacy.colt.net\/it\/about\/leadership\/jennifer-uhrig\/#breadcrumb","itemListElement":[{"@type":"ListItem","position":1,"name":"Home","item":"https:\/\/legacy.colt.net\/it\/"},{"@type":"ListItem","position":2,"name":"Su Colt","item":"https:\/\/legacy.colt.net\/it\/about\/"},{"@type":"ListItem","position":3,"name":"Direzione","item":"https:\/\/legacy.colt.net\/it\/about\/leadership\/"},{"@type":"ListItem","position":4,"name":"Jennifer Uhrig"}]},{"@type":"WebSite","@id":"https:\/\/legacy.colt.net\/#website","url":"https:\/\/legacy.colt.net\/","name":"Colt\u30c6\u30af\u30ce\u30ed\u30b8\u30fc\u30b5\u30fc\u30d3\u30b9\u682a\u5f0f\u4f1a\u793e","description":"Managed Network &amp; Voice Services Provider","publisher":{"@id":"https:\/\/legacy.colt.net\/#organization"},"potentialAction":[{"@type":"SearchAction","target":{"@type":"EntryPoint","urlTemplate":"https:\/\/legacy.colt.net\/?s={search_term_string}"},"query-input":{"@type":"PropertyValueSpecification","valueRequired":true,"valueName":"search_term_string"}}],"inLanguage":"it-IT"},{"@type":"Organization","@id":"https:\/\/legacy.colt.net\/#organization","name":"Colt Technology Services","url":"https:\/\/legacy.colt.net\/","logo":{"@type":"ImageObject","inLanguage":"it-IT","@id":"https:\/\/legacy.colt.net\/#\/schema\/logo\/image\/","url":"https:\/\/legacy.colt.net\/wp-content\/uploads\/2019\/02\/Colt-Logo.png","contentUrl":"https:\/\/legacy.colt.net\/wp-content\/uploads\/2019\/02\/Colt-Logo.png","width":195,"height":77,"caption":"Colt Technology Services"},"image":{"@id":"https:\/\/legacy.colt.net\/#\/schema\/logo\/image\/"},"sameAs":["https:\/\/www.facebook.com\/ColtTechnologyServices\/","https:\/\/x.com\/colt_technology","https:\/\/www.instagram.com\/colttechnologyservices\/","https:\/\/www.linkedin.com\/company\/colt-technology-services","https:\/\/www.youtube.com\/user\/ColtTechnology"]}]}},"_links":{"self":[{"href":"https:\/\/legacy.colt.net\/it\/wp-json\/wp\/v2\/pages\/35156","targetHints":{"allow":["GET"]}}],"collection":[{"href":"https:\/\/legacy.colt.net\/it\/wp-json\/wp\/v2\/pages"}],"about":[{"href":"https:\/\/legacy.colt.net\/it\/wp-json\/wp\/v2\/types\/page"}],"author":[{"embeddable":true,"href":"https:\/\/legacy.colt.net\/it\/wp-json\/wp\/v2\/users\/2"}],"replies":[{"embeddable":true,"href":"https:\/\/legacy.colt.net\/it\/wp-json\/wp\/v2\/comments?post=35156"}],"version-history":[{"count":0,"href":"https:\/\/legacy.colt.net\/it\/wp-json\/wp\/v2\/pages\/35156\/revisions"}],"up":[{"embeddable":true,"href":"https:\/\/legacy.colt.net\/it\/wp-json\/wp\/v2\/pages\/34292"}],"wp:featuredmedia":[{"embeddable":true,"href":"https:\/\/legacy.colt.net\/it\/wp-json\/wp\/v2\/media\/32248"}],"wp:attachment":[{"href":"https:\/\/legacy.colt.net\/it\/wp-json\/wp\/v2\/media?parent=35156"}],"wp:term":[{"taxonomy":"colt_type","embeddable":true,"href":"https:\/\/legacy.colt.net\/it\/wp-json\/wp\/v2\/colt_type?post=35156"},{"taxonomy":"colt_products","embeddable":true,"href":"https:\/\/legacy.colt.net\/it\/wp-json\/wp\/v2\/colt_products?post=35156"}],"curies":[{"name":"wp","href":"https:\/\/api.w.org\/{rel}","templated":true}]}}