{"id":35148,"date":"2017-04-07T09:11:05","date_gmt":"2017-04-07T09:11:05","guid":{"rendered":"https:\/\/www.colt.net\/leadership\/hugo-eales\/"},"modified":"2021-01-05T15:17:30","modified_gmt":"2021-01-05T15:17:30","slug":"gary-carr","status":"publish","type":"page","link":"https:\/\/legacy.colt.net\/it\/about\/leadership\/gary-carr\/","title":{"rendered":"Gary Carr"},"content":{"rendered":"\n<h1>\n\t<\/h1>\n\t<nav class=\"breadcrumb\"><span><span><a href=\"https:\/\/legacy.colt.net\/it\/\">Home<\/a><\/span><\/span><\/nav>\n\t<p>Gary Carr \u00e8 stato nominato Chief Financial Officer (CFO) di Colt nel luglio 2019.<\/p>\n<p>Gi\u00e0 Group Financial Controller e Deputy CFO, Gary pu\u00f2 vantare oltre 23 anni di esperienza in ruoli primari nel settore delle telecomunicazioni, dell&#8217;IT e dei servizi finanziari.<\/p>\n<p>Durante il suo incarico presso Colt, Gary \u00e8 stato responsabile di varie operazioni finanziarie tra cui: budget, pianificazione e rendicontazione, capex, tasse e tesoreria, real estate, facilities e gestione del Financial Shared Service Centre in India.<\/p>\n<p>Nella sua nuova posizione, guider\u00e0 Colt durante un periodo di trasformazione finanziaria, assicurando che tutte le funzioni all&#8217;interno dell&#8217;organizzazione lavorino insieme per il beneficio complessivo dell&#8217;azienda.<\/p>\n<p>Prima di entrare in Colt, Gary ha ricoperto diversi ruoli in BT Global Services, dove il suo ultimo incarico \u00e8 stato quello di Vice President, Finance Control. Ha anche ricoperto diversi ruoli dirigenziali presso Siemens, dove al termine \u00e8 stato nominato Finance Director e Acting Managing Director.<\/p>\n<p>Gary lavora presso il quartier generale di Colt a Londra, Colt House.<\/p>\n\t\t\t\t<img loading=\"lazy\" decoding=\"async\" src=\"https:\/\/legacy.colt.net\/wp-content\/uploads\/2019\/11\/Photo-of-Gary_Carr.jpg\" alt=\"Photo of Gary_Carr\" itemprop=\"image\" height=\"800\" width=\"800\" title=\"Photo of Gary_Carr\" onerror=\"this.style.display='none'\"  \/>\n<h3>\n\t\tGary Carr\n\t<\/h3>\n<h4>\n\t\tChief Financial Officer\n\t<\/h4>\n\n","protected":false},"excerpt":{"rendered":"<p>Hugo Eales was appointed Chief Financial Officer in November 2014, and is responsible for driving Colt\u2019s financial and commercial agenda forward across the Group.<\/p>\n","protected":false},"author":2,"featured_media":61114,"parent":34292,"menu_order":0,"comment_status":"closed","ping_status":"closed","template":"","meta":{"_acf_changed":false,"footnotes":""},"colt_type":[],"colt_products":[],"class_list":["post-35148","page","type-page","status-publish","has-post-thumbnail","hentry"],"acf":[],"yoast_head":"<!-- This site is optimized with the Yoast SEO plugin v26.8 - https:\/\/yoast.com\/product\/yoast-seo-wordpress\/ -->\n<title>Gary Carr - Colt Technology Services<\/title>\n<meta name=\"description\" content=\"Gary Carr \u00e8 stato nominato Interim Chief Financial Officer (CFO) di Colt nel luglio 2019.Gi\u00e0 Group Financial Controller e Deputy CFO, Gary pu\u00f2 vantare\" \/>\n<meta name=\"robots\" content=\"noindex, follow, max-snippet:-1, max-image-preview:large, max-video-preview:-1\" \/>\n<meta property=\"og:locale\" content=\"it_IT\" \/>\n<meta property=\"og:type\" content=\"article\" \/>\n<meta property=\"og:title\" content=\"Gary Carr - Colt Technology Services\" \/>\n<meta property=\"og:description\" content=\"Gary Carr \u00e8 stato nominato Interim Chief Financial Officer (CFO) di Colt nel luglio 2019.Gi\u00e0 Group Financial Controller e Deputy CFO, Gary pu\u00f2 vantare\" \/>\n<meta property=\"og:url\" content=\"https:\/\/legacy.colt.net\/it\/about\/leadership\/gary-carr\/\" \/>\n<meta property=\"og:site_name\" content=\"Colt Technology Services\" \/>\n<meta property=\"article:publisher\" content=\"https:\/\/www.facebook.com\/ColtTechnologyServices\/\" \/>\n<meta property=\"article:modified_time\" content=\"2021-01-05T15:17:30+00:00\" \/>\n<meta property=\"og:image\" content=\"https:\/\/legacy.colt.net\/wp-content\/uploads\/2019\/08\/Gary-Carr.png\" \/>\n\t<meta property=\"og:image:width\" content=\"1\" \/>\n\t<meta property=\"og:image:height\" content=\"1\" \/>\n\t<meta property=\"og:image:type\" content=\"image\/png\" \/>\n<meta name=\"twitter:card\" content=\"summary_large_image\" \/>\n<meta name=\"twitter:image\" content=\"https:\/\/legacy.colt.net\/wp-content\/uploads\/2019\/08\/Gary-Carr.png\" \/>\n<meta name=\"twitter:site\" content=\"@colt_technology\" \/>\n<meta name=\"twitter:label1\" content=\"Est. reading time\" \/>\n\t<meta name=\"twitter:data1\" content=\"1 minute\" \/>\n<script type=\"application\/ld+json\" class=\"yoast-schema-graph\">{\"@context\":\"https:\/\/schema.org\",\"@graph\":[{\"@type\":\"WebPage\",\"@id\":\"https:\/\/legacy.colt.net\/it\/about\/leadership\/gary-carr\/\",\"url\":\"https:\/\/legacy.colt.net\/it\/about\/leadership\/gary-carr\/\",\"name\":\"Gary Carr - Colt Technology Services\",\"isPartOf\":{\"@id\":\"https:\/\/legacy.colt.net\/#website\"},\"primaryImageOfPage\":{\"@id\":\"https:\/\/legacy.colt.net\/it\/about\/leadership\/gary-carr\/#primaryimage\"},\"image\":{\"@id\":\"https:\/\/legacy.colt.net\/it\/about\/leadership\/gary-carr\/#primaryimage\"},\"thumbnailUrl\":\"https:\/\/legacy.colt.net\/wp-content\/uploads\/2019\/08\/Gary-Carr.png\",\"datePublished\":\"2017-04-07T09:11:05+00:00\",\"dateModified\":\"2021-01-05T15:17:30+00:00\",\"description\":\"Gary Carr \u00e8 stato nominato Interim Chief Financial Officer (CFO) di Colt nel luglio 2019.Gi\u00e0 Group Financial Controller e Deputy CFO, Gary pu\u00f2 vantare\",\"breadcrumb\":{\"@id\":\"https:\/\/legacy.colt.net\/it\/about\/leadership\/gary-carr\/#breadcrumb\"},\"inLanguage\":\"it-IT\",\"potentialAction\":[{\"@type\":\"ReadAction\",\"target\":[\"https:\/\/legacy.colt.net\/it\/about\/leadership\/gary-carr\/\"]}]},{\"@type\":\"ImageObject\",\"inLanguage\":\"it-IT\",\"@id\":\"https:\/\/legacy.colt.net\/it\/about\/leadership\/gary-carr\/#primaryimage\",\"url\":\"https:\/\/legacy.colt.net\/wp-content\/uploads\/2019\/08\/Gary-Carr.png\",\"contentUrl\":\"https:\/\/legacy.colt.net\/wp-content\/uploads\/2019\/08\/Gary-Carr.png\"},{\"@type\":\"BreadcrumbList\",\"@id\":\"https:\/\/legacy.colt.net\/it\/about\/leadership\/gary-carr\/#breadcrumb\",\"itemListElement\":[{\"@type\":\"ListItem\",\"position\":1,\"name\":\"Home\",\"item\":\"https:\/\/legacy.colt.net\/it\/\"},{\"@type\":\"ListItem\",\"position\":2,\"name\":\"Su Colt\",\"item\":\"https:\/\/legacy.colt.net\/it\/about\/\"},{\"@type\":\"ListItem\",\"position\":3,\"name\":\"Direzione\",\"item\":\"https:\/\/legacy.colt.net\/it\/about\/leadership\/\"},{\"@type\":\"ListItem\",\"position\":4,\"name\":\"Gary Carr\"}]},{\"@type\":\"WebSite\",\"@id\":\"https:\/\/legacy.colt.net\/#website\",\"url\":\"https:\/\/legacy.colt.net\/\",\"name\":\"Colt\u30c6\u30af\u30ce\u30ed\u30b8\u30fc\u30b5\u30fc\u30d3\u30b9\u682a\u5f0f\u4f1a\u793e\",\"description\":\"Managed Network &amp; Voice Services Provider\",\"publisher\":{\"@id\":\"https:\/\/legacy.colt.net\/#organization\"},\"potentialAction\":[{\"@type\":\"SearchAction\",\"target\":{\"@type\":\"EntryPoint\",\"urlTemplate\":\"https:\/\/legacy.colt.net\/?s={search_term_string}\"},\"query-input\":{\"@type\":\"PropertyValueSpecification\",\"valueRequired\":true,\"valueName\":\"search_term_string\"}}],\"inLanguage\":\"it-IT\"},{\"@type\":\"Organization\",\"@id\":\"https:\/\/legacy.colt.net\/#organization\",\"name\":\"Colt Technology Services\",\"url\":\"https:\/\/legacy.colt.net\/\",\"logo\":{\"@type\":\"ImageObject\",\"inLanguage\":\"it-IT\",\"@id\":\"https:\/\/legacy.colt.net\/#\/schema\/logo\/image\/\",\"url\":\"https:\/\/legacy.colt.net\/wp-content\/uploads\/2019\/02\/Colt-Logo.png\",\"contentUrl\":\"https:\/\/legacy.colt.net\/wp-content\/uploads\/2019\/02\/Colt-Logo.png\",\"width\":195,\"height\":77,\"caption\":\"Colt Technology Services\"},\"image\":{\"@id\":\"https:\/\/legacy.colt.net\/#\/schema\/logo\/image\/\"},\"sameAs\":[\"https:\/\/www.facebook.com\/ColtTechnologyServices\/\",\"https:\/\/x.com\/colt_technology\",\"https:\/\/www.instagram.com\/colttechnologyservices\/\",\"https:\/\/www.linkedin.com\/company\/colt-technology-services\",\"https:\/\/www.youtube.com\/user\/ColtTechnology\"]}]}<\/script>\n<!-- \/ Yoast SEO plugin. -->","yoast_head_json":{"title":"Gary Carr - Colt Technology Services","description":"Gary Carr \u00e8 stato nominato Interim Chief Financial Officer (CFO) di Colt nel luglio 2019.Gi\u00e0 Group Financial Controller e Deputy CFO, Gary pu\u00f2 vantare","robots":{"index":"noindex","follow":"follow","max-snippet":"max-snippet:-1","max-image-preview":"max-image-preview:large","max-video-preview":"max-video-preview:-1"},"og_locale":"it_IT","og_type":"article","og_title":"Gary Carr - Colt Technology Services","og_description":"Gary Carr \u00e8 stato nominato Interim Chief Financial Officer (CFO) di Colt nel luglio 2019.Gi\u00e0 Group Financial Controller e Deputy CFO, Gary pu\u00f2 vantare","og_url":"https:\/\/legacy.colt.net\/it\/about\/leadership\/gary-carr\/","og_site_name":"Colt Technology Services","article_publisher":"https:\/\/www.facebook.com\/ColtTechnologyServices\/","article_modified_time":"2021-01-05T15:17:30+00:00","og_image":[{"url":"https:\/\/legacy.colt.net\/wp-content\/uploads\/2019\/08\/Gary-Carr.png","width":1,"height":1,"type":"image\/png"}],"twitter_card":"summary_large_image","twitter_image":"https:\/\/legacy.colt.net\/wp-content\/uploads\/2019\/08\/Gary-Carr.png","twitter_site":"@colt_technology","twitter_misc":{"Est. reading time":"1 minute"},"schema":{"@context":"https:\/\/schema.org","@graph":[{"@type":"WebPage","@id":"https:\/\/legacy.colt.net\/it\/about\/leadership\/gary-carr\/","url":"https:\/\/legacy.colt.net\/it\/about\/leadership\/gary-carr\/","name":"Gary Carr - Colt Technology Services","isPartOf":{"@id":"https:\/\/legacy.colt.net\/#website"},"primaryImageOfPage":{"@id":"https:\/\/legacy.colt.net\/it\/about\/leadership\/gary-carr\/#primaryimage"},"image":{"@id":"https:\/\/legacy.colt.net\/it\/about\/leadership\/gary-carr\/#primaryimage"},"thumbnailUrl":"https:\/\/legacy.colt.net\/wp-content\/uploads\/2019\/08\/Gary-Carr.png","datePublished":"2017-04-07T09:11:05+00:00","dateModified":"2021-01-05T15:17:30+00:00","description":"Gary Carr \u00e8 stato nominato Interim Chief Financial Officer (CFO) di Colt nel luglio 2019.Gi\u00e0 Group Financial Controller e Deputy CFO, Gary pu\u00f2 vantare","breadcrumb":{"@id":"https:\/\/legacy.colt.net\/it\/about\/leadership\/gary-carr\/#breadcrumb"},"inLanguage":"it-IT","potentialAction":[{"@type":"ReadAction","target":["https:\/\/legacy.colt.net\/it\/about\/leadership\/gary-carr\/"]}]},{"@type":"ImageObject","inLanguage":"it-IT","@id":"https:\/\/legacy.colt.net\/it\/about\/leadership\/gary-carr\/#primaryimage","url":"https:\/\/legacy.colt.net\/wp-content\/uploads\/2019\/08\/Gary-Carr.png","contentUrl":"https:\/\/legacy.colt.net\/wp-content\/uploads\/2019\/08\/Gary-Carr.png"},{"@type":"BreadcrumbList","@id":"https:\/\/legacy.colt.net\/it\/about\/leadership\/gary-carr\/#breadcrumb","itemListElement":[{"@type":"ListItem","position":1,"name":"Home","item":"https:\/\/legacy.colt.net\/it\/"},{"@type":"ListItem","position":2,"name":"Su Colt","item":"https:\/\/legacy.colt.net\/it\/about\/"},{"@type":"ListItem","position":3,"name":"Direzione","item":"https:\/\/legacy.colt.net\/it\/about\/leadership\/"},{"@type":"ListItem","position":4,"name":"Gary Carr"}]},{"@type":"WebSite","@id":"https:\/\/legacy.colt.net\/#website","url":"https:\/\/legacy.colt.net\/","name":"Colt\u30c6\u30af\u30ce\u30ed\u30b8\u30fc\u30b5\u30fc\u30d3\u30b9\u682a\u5f0f\u4f1a\u793e","description":"Managed Network &amp; Voice Services Provider","publisher":{"@id":"https:\/\/legacy.colt.net\/#organization"},"potentialAction":[{"@type":"SearchAction","target":{"@type":"EntryPoint","urlTemplate":"https:\/\/legacy.colt.net\/?s={search_term_string}"},"query-input":{"@type":"PropertyValueSpecification","valueRequired":true,"valueName":"search_term_string"}}],"inLanguage":"it-IT"},{"@type":"Organization","@id":"https:\/\/legacy.colt.net\/#organization","name":"Colt Technology Services","url":"https:\/\/legacy.colt.net\/","logo":{"@type":"ImageObject","inLanguage":"it-IT","@id":"https:\/\/legacy.colt.net\/#\/schema\/logo\/image\/","url":"https:\/\/legacy.colt.net\/wp-content\/uploads\/2019\/02\/Colt-Logo.png","contentUrl":"https:\/\/legacy.colt.net\/wp-content\/uploads\/2019\/02\/Colt-Logo.png","width":195,"height":77,"caption":"Colt Technology Services"},"image":{"@id":"https:\/\/legacy.colt.net\/#\/schema\/logo\/image\/"},"sameAs":["https:\/\/www.facebook.com\/ColtTechnologyServices\/","https:\/\/x.com\/colt_technology","https:\/\/www.instagram.com\/colttechnologyservices\/","https:\/\/www.linkedin.com\/company\/colt-technology-services","https:\/\/www.youtube.com\/user\/ColtTechnology"]}]}},"_links":{"self":[{"href":"https:\/\/legacy.colt.net\/it\/wp-json\/wp\/v2\/pages\/35148","targetHints":{"allow":["GET"]}}],"collection":[{"href":"https:\/\/legacy.colt.net\/it\/wp-json\/wp\/v2\/pages"}],"about":[{"href":"https:\/\/legacy.colt.net\/it\/wp-json\/wp\/v2\/types\/page"}],"author":[{"embeddable":true,"href":"https:\/\/legacy.colt.net\/it\/wp-json\/wp\/v2\/users\/2"}],"replies":[{"embeddable":true,"href":"https:\/\/legacy.colt.net\/it\/wp-json\/wp\/v2\/comments?post=35148"}],"version-history":[{"count":0,"href":"https:\/\/legacy.colt.net\/it\/wp-json\/wp\/v2\/pages\/35148\/revisions"}],"up":[{"embeddable":true,"href":"https:\/\/legacy.colt.net\/it\/wp-json\/wp\/v2\/pages\/34292"}],"wp:featuredmedia":[{"embeddable":true,"href":"https:\/\/legacy.colt.net\/it\/wp-json\/wp\/v2\/media\/61114"}],"wp:attachment":[{"href":"https:\/\/legacy.colt.net\/it\/wp-json\/wp\/v2\/media?parent=35148"}],"wp:term":[{"taxonomy":"colt_type","embeddable":true,"href":"https:\/\/legacy.colt.net\/it\/wp-json\/wp\/v2\/colt_type?post=35148"},{"taxonomy":"colt_products","embeddable":true,"href":"https:\/\/legacy.colt.net\/it\/wp-json\/wp\/v2\/colt_products?post=35148"}],"curies":[{"name":"wp","href":"https:\/\/api.w.org\/{rel}","templated":true}]}}