{"id":35079,"date":"2019-03-06T14:50:37","date_gmt":"2019-03-06T14:50:37","guid":{"rendered":"https:\/\/www.colt.net\/terms-and-conditions\/colt-website-terms-and-conditions\/"},"modified":"2019-12-04T09:30:49","modified_gmt":"2019-12-04T09:30:49","slug":"colt-website-terms-and-conditions","status":"publish","type":"page","link":"https:\/\/legacy.colt.net\/it\/legal\/terms-and-conditions\/colt-website-terms-and-conditions\/","title":{"rendered":"Sito web Termini e condizioni"},"content":{"rendered":"<h1>\n\t<\/h1>\n<h3>\n\t<\/h3>\n\t<nav class=\"breadcrumb\"><span><span><a href=\"https:\/\/legacy.colt.net\/it\/\">Home<\/a><\/span><\/span><\/nav>\n\t<ul>\n<li>I siti\u00a0 web di Colt (i \u201cSiti web\u201d) sono gestiti da Colt Technology Services Group Limited (numero di registrazione 03232904) la cui sede legale \u00e8 Colt House, 20 Great Eastern Street, London EC2A 3EH (\u201cColt\u201d \u201cnoi\u201d, \u201cci\u201d, \u201cnostro\/a\/i\/e\u201d).<\/li>\n<li>Le presenti condizioni regolano l\u2019utilizzo dei Siti web. Le condizioni applicabili ai Servizi offerti attraverso i Siti possono essere diverse e si invitano gli utenti a prendere visione delle specifiche condizioni applicabili ai Servizi che intendono utilizzare.<\/li>\n<li>Ci riserviamo il diritto di modificare o interrompere, temporaneamente o permanentemente, senza necessit\u00e0 di preavviso, qualsivoglia parte dei Siti, ivi compresi i contenuti, le funzionalit\u00e0 e il numero di ore di disponibilit\u00e0 nonch\u00e9 le presenti condizioni di utilizzo. Continuando ad utilizzare i Siti web dopo l\u2019apporto di tali modifiche l\u2019utente accetta tacitamente i cambiamenti effettuati.<\/li>\n<li>I diritti di autore sul materiale contenuto nei Siti appartengono a Colt Technology Services Group Limited, le sue controllate o i suoi concessori di licenza. Tutti i diritti non espressamente concessi sono riservati.<\/li>\n<li>Colt concede all\u2019utente una licenza gratuita di fare una singola copia delle informazioni qui contenute esclusivamente per uso personale e non commerciale. Di conseguenza, salvo espressamente indicato diversamente,\u00a0 nessuna parte dei Siti web pu\u00f2 essere copiata, utilizzata in pubblico, teletrasmessa o adattata senza la previa autorizzazione scritta di Colt. \u00c8 strettamente vietato utilizzare il materiale dei Siti web per altri fini senza la nostra previa autorizzazione scritta.<\/li>\n<li>Il nome Colt ,il logo Colt e tutti i marchi e i prodotti descritti o menzionati nei Siti web sono marchi di Colt Technology Services Group Limited o delle sue controllate. Non viene concesso alcun diritto sui suddetti marchi. Per chiarire se un determinate elemento \u00e8 un marchio di Colt Technology Services Group Limited o di una delle sue controllate o meno, si prega di contattarci.<\/li>\n<li>Sebbene Colt si sia fortemente adoperata per assicurare che le informazioni pubblicate sui Siti web siano corrette e aggiornate, l\u2019utente deve essere consapevole che non possiamo garantire che tutte le informazioni siano sempre complete, corrette o aggiornate. Colt non rilascia alcuna garanzia ne dichiarazione in merito alla qualit\u00e0, la correttezza o la completezza dei contenuti dei Siti web n\u00e9 viene data alcuna garanzia che i Siti saranno sempre disponibili e decliniamo ogni responsabilit\u00e0 per eventuali perdite o danni risultanti da tale indisponibilit\u00e0 dei Siti.<\/li>\n<li>Fermo restando il paragrafo successivo, Colt declina ogni responsabilit\u00e0 per perdite o danni di qualsiasi natura eventualmente incorsi dall\u2019utente o da parti terze \u2013 ivi compresi, a titolo indicativo e non esaustivo, la perdita di reddito, profitto, avviamento, dati, contratti e il mancato usufrutto di capitale, indipendentemente dall\u2019ambito extracontrattuale (ivi compresa, a titolo indicativo e non esaustivo, la violazione dell\u2019obbligo di diligenza), contrattuale o di altra natura \u2013 quale conseguenza dell\u2019utilizzo o dell\u2019impossibilit\u00e0 di utilizzo dei Siti web o comunque risultanti dall\u2019utilizzo o il mancato utilizzo degli stessi.<\/li>\n<li>Nulla nelle presenti condizioni di utilizzo o nei Siti stessi limiter\u00e0 la nostra responsabilit\u00e0 in caso di frode, morte o danno alla persona risultante da una nostra inottemperanza agli obblighi di diligenza che ci competono o qualsivoglia altra responsabilit\u00e0 che ai sensi della normativa applicabile non pu\u00f2 essere esclusa n\u00e9 limitata.<\/li>\n<li>I rischi connessi all\u2019utilizzo di siti web di terze parti sono interamente a carico dell\u2019utente. I collegamenti interni ai Siti consentono l\u2019accesso a siti web che non sono soggetti al nostro controllo e decliniamo pertanto ogni responsabilit\u00e0 in relazione al loro contenuto, o agli eventuali collegamenti ivi disponibili, non essendo stati da noi approvati. Di conseguenza si invita l\u2019utente a leggere i termini e condizioni di tali siti e di indirizzare eventuali domande o commenti sul contenuto del sito collegato al responsabile dello stesso.<\/li>\n<li>L\u2019utente non ha diritto di creare (personalmente o con l\u2019aiuto di terzi) collegamenti di alcun genere (ipertestuali o ipertestuali profondi, utilizzando elementi frame o toggle o altro) senza la nostra previa autorizzazione scritta, che avremo la facolt\u00e0 di rilasciare o meno a nostra assoluta discrezione.<\/li>\n<li>\u00c8 nostro impegno proteggere la privacy dell\u2019utente in conformit\u00e0 all\u2019Informativa sulla Privacy pubblicata da Colt la quale va letta unitamente ai presenti termini e condizioni ed \u00e8 parte integrante degli stessi.<\/li>\n<li>La trasmissione di materiale diffamatorio ai Siti web da parte dell\u2019utente pu\u00f2 dare luogo all\u2019apertura di procedimenti penali e\/o civili nei confronti dello stesso e in ogni caso l\u2019utente \u00e8 tenuto a indennizzare Colt di tutte le perdite, spese, danni, costi (ivi comprese le ragionevoli spese legali) sostenuti o incorsi da Colt in relazione a tale infrazione.<\/li>\n<li>Nulla nelle presenti condizioni di utilizzo conferisce alcun beneficio a terze parti ai sensi della normativa britannica in materia di contratti (Contracts Act 1999 \u2013 Rights of Third Parties) o normativa equivalente in altri paesi senza pertanto inficiare alcun diritto sussistente o rimedio disponibile che possano essere fatti valere indipendentemente dal suddetto Act o normativa equivalente in altri paesi.<\/li>\n<li>Qualora una parte delle presenti condizioni di utilizzo dovesse rivelarsi invalida o non tutelabile in giudizio tale parte\u00a0\u00a0 verr\u00e0 rimossa e le restanti condizioni rimarranno invariate.<\/li>\n<li>L\u2019accesso ai Siti web comporta l\u2019implicita accettazione delle presenti condizioni di utilizzo e dell\u2019applicazione del diritto inglese nonch\u00e9 dell\u2019esclusiva competenza dei tribunali inglesi per risolvere eventuali contenziosi insorti in relazione ai Siti ferme restando le disposizioni inderogabili dettate dalla normativa applicabile. L\u2019utente accetta inoltre di tenere Colt indenne e manlevata da ogni responsabilit\u00e0 qualora una sua azione od omissione, intrapresa facendo affidamento sul materiale ivi contenuto, abbia portato a risultati non voluti (fosse l\u2019esito prevedibile o meno)<\/li>\n<\/ul>\n","protected":false},"excerpt":{"rendered":"<p>I siti\u00a0 web di Colt (i \u201cSiti web\u201d) sono gestiti da Colt Technology Services Group Limited (numero di registrazione 03232904) la cui sede legale \u00e8 Colt House, 20 Great Eastern Street, London EC2A 3EH (\u201cColt\u201d \u201cnoi\u201d, \u201cci\u201d, \u201cnostro\/a\/i\/e\u201d). Le presenti condizioni regolano l\u2019utilizzo dei Siti web. Le condizioni applicabili ai Servizi offerti attraverso i Siti&#8230;<\/p>\n","protected":false},"author":143,"featured_media":0,"parent":35072,"menu_order":0,"comment_status":"closed","ping_status":"closed","template":"","meta":{"_acf_changed":false,"footnotes":""},"colt_type":[],"colt_products":[],"class_list":["post-35079","page","type-page","status-publish","hentry"],"acf":[],"yoast_head":"<!-- This site is optimized with the Yoast SEO plugin v26.8 - https:\/\/yoast.com\/product\/yoast-seo-wordpress\/ -->\n<title>Sito web Termini e condizioni - Colt Technology Services<\/title>\n<meta name=\"description\" content=\"Sito web Termini e condizioni Colt Technology Services\" \/>\n<meta name=\"robots\" content=\"noindex, follow, max-snippet:-1, max-image-preview:large, max-video-preview:-1\" \/>\n<meta property=\"og:locale\" content=\"it_IT\" \/>\n<meta property=\"og:type\" content=\"article\" \/>\n<meta property=\"og:title\" content=\"Sito web Termini e condizioni - Colt Technology Services\" \/>\n<meta property=\"og:description\" content=\"Sito web Termini e condizioni Colt Technology Services\" \/>\n<meta property=\"og:url\" content=\"https:\/\/legacy.colt.net\/it\/legal\/terms-and-conditions\/colt-website-terms-and-conditions\/\" \/>\n<meta property=\"og:site_name\" content=\"Colt Technology Services\" \/>\n<meta property=\"article:publisher\" content=\"https:\/\/www.facebook.com\/ColtTechnologyServices\/\" \/>\n<meta property=\"article:modified_time\" content=\"2019-12-04T09:30:49+00:00\" \/>\n<meta property=\"og:image\" content=\"https:\/\/legacy.colt.net\/wp-content\/uploads\/2021\/01\/Brand-2021-Stock-11-1.jpg\" \/>\n\t<meta property=\"og:image:width\" content=\"1000\" \/>\n\t<meta property=\"og:image:height\" content=\"667\" \/>\n\t<meta property=\"og:image:type\" content=\"image\/jpeg\" \/>\n<meta name=\"twitter:card\" content=\"summary_large_image\" \/>\n<meta name=\"twitter:site\" content=\"@colt_technology\" \/>\n<meta name=\"twitter:label1\" content=\"Est. reading time\" \/>\n\t<meta name=\"twitter:data1\" content=\"5 minutes\" \/>\n<script type=\"application\/ld+json\" class=\"yoast-schema-graph\">{\"@context\":\"https:\/\/schema.org\",\"@graph\":[{\"@type\":\"WebPage\",\"@id\":\"https:\/\/legacy.colt.net\/it\/legal\/terms-and-conditions\/colt-website-terms-and-conditions\/\",\"url\":\"https:\/\/legacy.colt.net\/it\/legal\/terms-and-conditions\/colt-website-terms-and-conditions\/\",\"name\":\"Sito web Termini e condizioni - Colt Technology Services\",\"isPartOf\":{\"@id\":\"https:\/\/legacy.colt.net\/#website\"},\"datePublished\":\"2019-03-06T14:50:37+00:00\",\"dateModified\":\"2019-12-04T09:30:49+00:00\",\"description\":\"Sito web Termini e condizioni Colt Technology Services\",\"breadcrumb\":{\"@id\":\"https:\/\/legacy.colt.net\/it\/legal\/terms-and-conditions\/colt-website-terms-and-conditions\/#breadcrumb\"},\"inLanguage\":\"it-IT\",\"potentialAction\":[{\"@type\":\"ReadAction\",\"target\":[\"https:\/\/legacy.colt.net\/it\/legal\/terms-and-conditions\/colt-website-terms-and-conditions\/\"]}]},{\"@type\":\"BreadcrumbList\",\"@id\":\"https:\/\/legacy.colt.net\/it\/legal\/terms-and-conditions\/colt-website-terms-and-conditions\/#breadcrumb\",\"itemListElement\":[{\"@type\":\"ListItem\",\"position\":1,\"name\":\"Home\",\"item\":\"https:\/\/legacy.colt.net\/it\/\"},{\"@type\":\"ListItem\",\"position\":2,\"name\":\"Legal\",\"item\":\"https:\/\/legacy.colt.net\/it\/legal\/\"},{\"@type\":\"ListItem\",\"position\":3,\"name\":\"Condizioni di Utilizzo\",\"item\":\"https:\/\/legacy.colt.net\/it\/legal\/terms-and-conditions\/\"},{\"@type\":\"ListItem\",\"position\":4,\"name\":\"Sito web Termini e condizioni\"}]},{\"@type\":\"WebSite\",\"@id\":\"https:\/\/legacy.colt.net\/#website\",\"url\":\"https:\/\/legacy.colt.net\/\",\"name\":\"Colt\u30c6\u30af\u30ce\u30ed\u30b8\u30fc\u30b5\u30fc\u30d3\u30b9\u682a\u5f0f\u4f1a\u793e\",\"description\":\"Managed Network &amp; Voice Services Provider\",\"publisher\":{\"@id\":\"https:\/\/legacy.colt.net\/#organization\"},\"potentialAction\":[{\"@type\":\"SearchAction\",\"target\":{\"@type\":\"EntryPoint\",\"urlTemplate\":\"https:\/\/legacy.colt.net\/?s={search_term_string}\"},\"query-input\":{\"@type\":\"PropertyValueSpecification\",\"valueRequired\":true,\"valueName\":\"search_term_string\"}}],\"inLanguage\":\"it-IT\"},{\"@type\":\"Organization\",\"@id\":\"https:\/\/legacy.colt.net\/#organization\",\"name\":\"Colt Technology Services\",\"url\":\"https:\/\/legacy.colt.net\/\",\"logo\":{\"@type\":\"ImageObject\",\"inLanguage\":\"it-IT\",\"@id\":\"https:\/\/legacy.colt.net\/#\/schema\/logo\/image\/\",\"url\":\"https:\/\/legacy.colt.net\/wp-content\/uploads\/2019\/02\/Colt-Logo.png\",\"contentUrl\":\"https:\/\/legacy.colt.net\/wp-content\/uploads\/2019\/02\/Colt-Logo.png\",\"width\":195,\"height\":77,\"caption\":\"Colt Technology Services\"},\"image\":{\"@id\":\"https:\/\/legacy.colt.net\/#\/schema\/logo\/image\/\"},\"sameAs\":[\"https:\/\/www.facebook.com\/ColtTechnologyServices\/\",\"https:\/\/x.com\/colt_technology\",\"https:\/\/www.instagram.com\/colttechnologyservices\/\",\"https:\/\/www.linkedin.com\/company\/colt-technology-services\",\"https:\/\/www.youtube.com\/user\/ColtTechnology\"]}]}<\/script>\n<!-- \/ Yoast SEO plugin. -->","yoast_head_json":{"title":"Sito web Termini e condizioni - Colt Technology Services","description":"Sito web Termini e condizioni Colt Technology Services","robots":{"index":"noindex","follow":"follow","max-snippet":"max-snippet:-1","max-image-preview":"max-image-preview:large","max-video-preview":"max-video-preview:-1"},"og_locale":"it_IT","og_type":"article","og_title":"Sito web Termini e condizioni - Colt Technology Services","og_description":"Sito web Termini e condizioni Colt Technology Services","og_url":"https:\/\/legacy.colt.net\/it\/legal\/terms-and-conditions\/colt-website-terms-and-conditions\/","og_site_name":"Colt Technology Services","article_publisher":"https:\/\/www.facebook.com\/ColtTechnologyServices\/","article_modified_time":"2019-12-04T09:30:49+00:00","og_image":[{"width":1000,"height":667,"url":"https:\/\/legacy.colt.net\/wp-content\/uploads\/2021\/01\/Brand-2021-Stock-11-1.jpg","type":"image\/jpeg"}],"twitter_card":"summary_large_image","twitter_site":"@colt_technology","twitter_misc":{"Est. reading time":"5 minutes"},"schema":{"@context":"https:\/\/schema.org","@graph":[{"@type":"WebPage","@id":"https:\/\/legacy.colt.net\/it\/legal\/terms-and-conditions\/colt-website-terms-and-conditions\/","url":"https:\/\/legacy.colt.net\/it\/legal\/terms-and-conditions\/colt-website-terms-and-conditions\/","name":"Sito web Termini e condizioni - Colt Technology Services","isPartOf":{"@id":"https:\/\/legacy.colt.net\/#website"},"datePublished":"2019-03-06T14:50:37+00:00","dateModified":"2019-12-04T09:30:49+00:00","description":"Sito web Termini e condizioni Colt Technology Services","breadcrumb":{"@id":"https:\/\/legacy.colt.net\/it\/legal\/terms-and-conditions\/colt-website-terms-and-conditions\/#breadcrumb"},"inLanguage":"it-IT","potentialAction":[{"@type":"ReadAction","target":["https:\/\/legacy.colt.net\/it\/legal\/terms-and-conditions\/colt-website-terms-and-conditions\/"]}]},{"@type":"BreadcrumbList","@id":"https:\/\/legacy.colt.net\/it\/legal\/terms-and-conditions\/colt-website-terms-and-conditions\/#breadcrumb","itemListElement":[{"@type":"ListItem","position":1,"name":"Home","item":"https:\/\/legacy.colt.net\/it\/"},{"@type":"ListItem","position":2,"name":"Legal","item":"https:\/\/legacy.colt.net\/it\/legal\/"},{"@type":"ListItem","position":3,"name":"Condizioni di Utilizzo","item":"https:\/\/legacy.colt.net\/it\/legal\/terms-and-conditions\/"},{"@type":"ListItem","position":4,"name":"Sito web Termini e condizioni"}]},{"@type":"WebSite","@id":"https:\/\/legacy.colt.net\/#website","url":"https:\/\/legacy.colt.net\/","name":"Colt\u30c6\u30af\u30ce\u30ed\u30b8\u30fc\u30b5\u30fc\u30d3\u30b9\u682a\u5f0f\u4f1a\u793e","description":"Managed Network &amp; Voice Services Provider","publisher":{"@id":"https:\/\/legacy.colt.net\/#organization"},"potentialAction":[{"@type":"SearchAction","target":{"@type":"EntryPoint","urlTemplate":"https:\/\/legacy.colt.net\/?s={search_term_string}"},"query-input":{"@type":"PropertyValueSpecification","valueRequired":true,"valueName":"search_term_string"}}],"inLanguage":"it-IT"},{"@type":"Organization","@id":"https:\/\/legacy.colt.net\/#organization","name":"Colt Technology Services","url":"https:\/\/legacy.colt.net\/","logo":{"@type":"ImageObject","inLanguage":"it-IT","@id":"https:\/\/legacy.colt.net\/#\/schema\/logo\/image\/","url":"https:\/\/legacy.colt.net\/wp-content\/uploads\/2019\/02\/Colt-Logo.png","contentUrl":"https:\/\/legacy.colt.net\/wp-content\/uploads\/2019\/02\/Colt-Logo.png","width":195,"height":77,"caption":"Colt Technology Services"},"image":{"@id":"https:\/\/legacy.colt.net\/#\/schema\/logo\/image\/"},"sameAs":["https:\/\/www.facebook.com\/ColtTechnologyServices\/","https:\/\/x.com\/colt_technology","https:\/\/www.instagram.com\/colttechnologyservices\/","https:\/\/www.linkedin.com\/company\/colt-technology-services","https:\/\/www.youtube.com\/user\/ColtTechnology"]}]}},"_links":{"self":[{"href":"https:\/\/legacy.colt.net\/it\/wp-json\/wp\/v2\/pages\/35079","targetHints":{"allow":["GET"]}}],"collection":[{"href":"https:\/\/legacy.colt.net\/it\/wp-json\/wp\/v2\/pages"}],"about":[{"href":"https:\/\/legacy.colt.net\/it\/wp-json\/wp\/v2\/types\/page"}],"author":[{"embeddable":true,"href":"https:\/\/legacy.colt.net\/it\/wp-json\/wp\/v2\/users\/143"}],"replies":[{"embeddable":true,"href":"https:\/\/legacy.colt.net\/it\/wp-json\/wp\/v2\/comments?post=35079"}],"version-history":[{"count":0,"href":"https:\/\/legacy.colt.net\/it\/wp-json\/wp\/v2\/pages\/35079\/revisions"}],"up":[{"embeddable":true,"href":"https:\/\/legacy.colt.net\/it\/wp-json\/wp\/v2\/pages\/35072"}],"wp:attachment":[{"href":"https:\/\/legacy.colt.net\/it\/wp-json\/wp\/v2\/media?parent=35079"}],"wp:term":[{"taxonomy":"colt_type","embeddable":true,"href":"https:\/\/legacy.colt.net\/it\/wp-json\/wp\/v2\/colt_type?post=35079"},{"taxonomy":"colt_products","embeddable":true,"href":"https:\/\/legacy.colt.net\/it\/wp-json\/wp\/v2\/colt_products?post=35079"}],"curies":[{"name":"wp","href":"https:\/\/api.w.org\/{rel}","templated":true}]}}