{"id":35057,"date":"2017-03-31T14:34:24","date_gmt":"2017-03-31T14:34:24","guid":{"rendered":"https:\/\/www.colt.net\/support\/"},"modified":"2024-11-14T13:57:32","modified_gmt":"2024-11-14T13:57:32","slug":"support","status":"publish","type":"page","link":"https:\/\/legacy.colt.net\/it\/support\/","title":{"rendered":"Supporto"},"content":{"rendered":"\n<h2>\n\t\tModi per contattarci:\n\t<\/h2>\n\t\t\t\t<img loading=\"lazy\" decoding=\"async\" src=\"https:\/\/legacy.colt.net\/wp-content\/uploads\/2020\/12\/Transforming-your-digital-workplace.png\" alt=\"Transforming-your-digital-workplace\" itemprop=\"image\" height=\"500\" width=\"500\" title=\"Transforming-your-digital-workplace\" onerror=\"this.style.display='none'\"  \/>\n<h2>\n\t\t1. Colt Online\n\t<\/h2>\n\t<p>Usa Colt Online per ottenere supporto nel modo pi\u00f9 rapido e semplice, semplificando la raccolta dei ticket di supporto per tutti i canali di assistenza<\/p>\n\t\t\t<a href=\"#coltonline\" target=\"_self\" rel=\"noopener\">\n\t\t\t\t\t\t\tPortami a Colt Online\n\t\t\t\t\t<\/a>\n\t\t\t\t<img loading=\"lazy\" decoding=\"async\" src=\"https:\/\/legacy.colt.net\/wp-content\/uploads\/2021\/01\/Business-Phone-Numbers.png\" alt=\"Business Phone Numbers\" itemprop=\"image\" height=\"800\" width=\"800\" title=\"Business Phone Numbers\" onerror=\"this.style.display='none'\"  \/>\n<h2>\n\t\t2. Chiamaci\n\t<\/h2>\n\t<p>Chiama una delle nostre linee di assistenza dedicate. I nostri team sono disponibili 24 ore su 24 per darti il supporto di cui hai bisogno, quando ne hai bisogno.<\/p>\n\t\t\t<a href=\"#numbers\" target=\"_self\" rel=\"noopener\">\n\t\t\t\t\t\t\tVisualizza i nostri numeri\n\t\t\t\t\t<\/a>\n\t\t\t\t<img loading=\"lazy\" decoding=\"async\" src=\"https:\/\/legacy.colt.net\/wp-content\/uploads\/2021\/01\/Connected-voice-services-1-e1748876774245.png\" alt=\"Connected-voice-services 1\" itemprop=\"image\" height=\"500\" width=\"500\" title=\"Connected-voice-services 1\" onerror=\"this.style.display='none'\"  \/>\n<h2>\n\t\t3. Trova assistenza specifica\n\t<\/h2>\n\t<p>Utilizza il nostro strumento di supporto interattivo per trovare il team di assistenza giusto per aiutarti. Inserisci semplicemente il tuo problema e il paese di origine e ti indirizzeremo al miglior team possibile per risolverlo.<\/p>\n\t\t\t<a href=\"#traditional\" target=\"_self\" rel=\"noopener\">\n\t\t\t\t\t\t\tUsa il nostro strumento\n\t\t\t\t\t<\/a>\n<h2>\n\t\tLo sapevi?\n\t<\/h2>\n<h2>\n\t\tPuoi utilizzare Colt Online per ottenere assistenza nel modo pi\u00f9 rapido.\n\t<\/h2>\n\t<ul>\n<li>Ottenere informazioni sul servizio e avviare ticket per il supporto tecnico;<\/li>\n<li>Aggiornare i dettagli di fatturazione e inviare richieste di informazioni sull&#8217;account;<\/li>\n<li>Tracciare e gestire gli ordini.<\/li>\n<li><strong>Novit\u00e0:<\/strong> i servizi appaltati in Giappone, Singapore, Hong Kong e Corea del Sud ora possono essere gestiti con Colt online. Le caratteristiche includono: verifica dei lavori pianificati, avvio dei ticket e visualizzazione degli ordini.<\/li>\n<\/ul>\n\t<p>Vuoi sapere di pi\u00f9 su Colt Online o hai difficolt\u00e0 a trovare ci\u00f2 di cui hai bisogno?<\/p>\n<p>Prova il nostro sito di assistenza Colt Online, dove rispondiamo a molte domande frequenti, forniamo tutorial per aiutarti a gestire i tuoi servizi, avviare ticket, vedere i lavori pianificati e gestire le fatture, con video di supporto.<\/p>\n\t\t\t<a href=\"https:\/\/online.colt.net\/?utm_source=colt_net&#038;utm_medium=Web&#038;utm_campaign=colt_net_site\" target=\"_self\" rel=\"noopener\">\n\t\t\t\t\t\t\tAccedi a Colt Online\n\t\t\t<\/a>\n\t\t\t<a href=\"https:\/\/dcp.colt.net\/onlineweb\/?utm_source=colt_net&#038;utm_medium=Web&#038;utm_campaign=colt_net_site#\/registration\" target=\"_self\" rel=\"noopener\">\n\t\t\t\t\t\t\tRegistrati a Colt Online\n\t\t\t<\/a>\n\t\t\t<a href=\"https:\/\/legacy.colt.net\/colt-online\/faqs\/\" target=\"_self\" rel=\"noopener\">\n\t\t\t\t\t\t\tDOMANDE FREQUENTI\n\t\t\t<\/a>\n\t\t\t<a href=\"https:\/\/coltonlinehelp.colt.net\/\" target=\"_self\" rel=\"noopener\">\n\t\t\t\t\t\t\tVisita il nostro sito di assistenza\n\t\t\t<\/a>\n<h2>\n\t\tOttieni assistenza telefonica\n\t<\/h2>\n<h2>\n\t\tChiama i nostri team di assistenza tecnica dedicati\n\t<\/h2>\n\t<p>Trova il numero giusto da chiamare selezionando il tuo paese qui sotto.<\/p>\n<h2>\n\t\tEurope\n\t<\/h2>\n\t\t\t\t\t\t<h4>Italia<\/h4>\n\t\t\t<p><strong>Assistenza tecnica<\/strong><\/p>\n<p><a href=\"tel:192 090 \">+192 090<\/a><br \/><a href=\"tel:+39 0289634895\">+39 0289634895<\/a> (From abroad only)<\/p>\n<strong><a href=\"https:\/\/legacy.colt.net\/solutions\/capital-markets\/\">MarketPrizm e PrizmNet<\/a>\u00a0only<\/strong><br \/>\n<p><a href=\"tel:+4420 3481 9900\">+44(0)20 3481 9900<\/a><br \/><a href=\"tel:+44 800 358 1879\">+44(0)800 358 1879<\/a>\u00a0(Toll-free)<\/p>\n\t\t\t\t\t\t<h4>Austria<\/h4>\n\t\t\t<p><strong>Assistenza tecnica<\/strong><\/p>\n<p><a href=\"tel:0800 880 990\">+0800 880 990<\/a> (Toll free)<br \/><a href=\"tel:+ 43 1 253 07 02\">+ 43 1 253 07 02<\/a>\u00a0(Direct)<\/p>\n\t\t\t\t\t\t<h4>Belgio<\/h4>\n\t\t\t<p><strong>Assistenza tecnica<\/strong><\/p>\n<p><a href=\"tel:0800 507 01\">+0800 507 01<\/a> (Toll free)<br \/><a href=\"tel:+32 2 790 16 29\">+32 2 790 16 29<\/a>\u00a0(Direct)<\/p>\n\t\t\t\t\t\t<h4>Danimarca<\/h4>\n\t\t\t<p><strong>Assistenza tecnica<\/strong><\/p>\n<p><a href=\"tel:+45 70 71 25 99\">+ 45 70 71 25 99<\/a>\u00a0(Toll free)<\/p>\n\t\t\t\t\t\t<h4>Francia<\/h4>\n\t\t\t<p><strong>Assistenza tecnica<\/strong><\/p>\n<p><a href=\"tel:0800 948 888\">+ 0800 948 888<\/a><br \/><a href=\"tel:+33 1 709 95 600\">+33 1 709 95 600<\/a><\/p>\n\t\t\t\t\t\t<h4>Germania<\/h4>\n\t\t\t<p><strong>Assistenza tecnica<\/strong><\/p>\n<p><a href=\"tel:0800 182 2233 \">+0800 182 2233<\/a><br \/><a href=\"tel:+49 69 56606 9000\">+49 69 56606 9000<\/a><\/p>\n\t\t\t\t\t\t<h4>Irlanda<\/h4>\n\t\t\t<p><strong>Assistenza tecnica<\/strong><\/p>\n<p><a href=\"tel:1800 944 040 \">+1800 944 040<\/a><br \/><a href=\"tel:+353 1 536 9312\">+353 1 536 9312<\/a><\/p>\n\t\t\t\t\t\t<h4>Paesi Bassi<\/h4>\n\t\t\t<p><strong>Assistenza tecnica<\/strong><\/p>\n<p><a href=\"tel:0800 265 8023\">0800 265 8023<\/a><br \/><a href=\"tel:+31 20 798 0000\">+31 20 798 0000<\/a><\/p>\n\t\t\t\t\t\t<h4>Portogallo<\/h4>\n\t\t\t<p><strong>Assistenza tecnica<\/strong><\/p>\n<p><a href=\"tel:808 780 222\">808 780 222<\/a><br \/><a href=\"tel:+35 1 211 202 795\">+35 1 211 202 795<\/a><\/p>\n\t\t\t\t\t\t<h4>Regno Unito<\/h4>\n\t\t\t<p><strong>Assistenza tecnica<\/strong><\/p>\n<p><a href=\"tel:+0800 358 3999\">+0800 358 3999 <\/a>\u00a0(Toll-free) \/<br \/><a href=\"tel:+44 207 862 6087\"> +44 207 862 6087<\/a> (Direct)<\/p>\n<p><strong>Capital Market<\/strong><\/p>\n<p><a href=\"tel:+4420 3481 9900\">+44(0)20 3481 9900<\/a><br \/><a href=\"tel:+44 800 358 1879\">+44(0)800 358 1879<\/a> (Toll-free)<\/p>\n<p><strong>Asia Service Desk<\/strong><\/p>\n<p><a href=\"tel:0800-068-8915\">0800-068-8915<\/a>\u200b (Toll-free)<\/p>\n\t\t\t\t\t\t<h4>Spagna<\/h4>\n\t\t\t<p><strong>Assistenza tecnica<\/strong><\/p>\n<p><a href=\"tel:901 888400\">901 888400<\/a><br \/>\/ <a href=\"tel:+34 91 7887520\">+34 91 7887520<\/a><\/p>\n\t\t\t\t\t\t<h4>Svezia<\/h4>\n\t\t\t<p><strong>Assistenza tecnica<\/strong><\/p>\n<p><a href=\"tel: +46 (0) 8781 8383\">+46 (0) 8781 8383<\/a><\/p>\n\t\t\t\t\t\t<h4>Svizzera<\/h4>\n\t\t\t<p><strong>Assistenza tecnica<\/strong><\/p>\n<p><a href=\"tel:+0800 560 560\">+0800 560 560<\/a> \/ <br \/><a href=\"tel:+41 58 560 1720\">+41 58 560 1720<\/a><\/p>\n<h2>\n\t\tRest of the World\n\t<\/h2>\n\t\t\t\t\t\t<h4>Australia<\/h4>\n\t\t\t<p><strong>Asia Service Desk<\/strong><\/p>\n<p><a href=\"tel:+81-3-5617-2342\">+81-3-5617-2362<\/a> (International Dial-in Number)<br \/><a href=\"tel:1-800-0640854\">1-800-0640854<\/a> (Toll-free)<\/p>\n<strong><a href=\"https:\/\/legacy.colt.net\/solutions\/capital-markets\/\">MarketPrizm e PrizmNet<\/a>\u00a0only<\/strong><br \/>\n<p><a href=\"tel:+4420 3481 9900\">+44(0)20 3481 9900<\/a><br \/><a href=\"tel:+44 800 358 1879\">+44(0)800 358 1879<\/a>\u00a0(Toll-free)<\/p>\n\t\t\t\t\t\t<h4>Cina (Nord)<\/h4>\n\t\t\t<p><strong>Colt Asia Service Desk<\/strong><\/p>\n<p><a href=\"tel:+81-3-5617-2342\">+81-3-5617-2362<\/a> (International Dial-in Number)<br \/><a href=\"tel:10-800-852-1053\">10-800-852-1053<\/a> (Toll-free)<\/p>\n<strong><a href=\"https:\/\/legacy.colt.net\/solutions\/capital-markets\/\">MarketPrizm e PrizmNet<\/a>\u00a0only<\/strong><br \/>\n<p><a href=\"tel:108007142926\">108007142926<\/a><\/p>\n\t\t\t\t\t\t<h4>Cina (Sud)<\/h4>\n\t\t\t<p><strong>Colt Asia Service Desk<\/strong><\/p>\n<p><a href=\"tel:+81-3-5617-2342\">+81-3-5617-2362<\/a> (International Dial-in Number)<br \/><a href=\"tel:10-800-152-1053\">10-800-152-1053<\/a> (Toll-free)<\/p>\n<strong><a href=\"https:\/\/legacy.colt.net\/solutions\/capital-markets\/\">MarketPrizm e PrizmNet<\/a>\u00a0only<\/strong><br \/>\n<p><a href=\"tel:108001402937\">108001402937<\/a><\/p>\n\t\t\t\t\t\t<h4>Corea del Sud<\/h4>\n\t\t\t<p><strong>Colt Asia Service Desk<\/strong><\/p>\n<p><a href=\"tel:+81-3-5617-2342\">+81-3-5617-2362<\/a> (International Dial-in Number)<br \/><a href=\"tel:00798-8521-9360\u200b\">00798-8521-9360\u200b<\/a> (Toll-free)<\/p>\n<strong><a href=\"https:\/\/legacy.colt.net\/solutions\/capital-markets\/\">MarketPrizm e PrizmNet<\/a>\u00a0only<\/strong><br \/>\n<p><a href=\"tel:+4420 3481 9900\">+44(0)20 3481 9900<\/a><br \/><a href=\"tel:+44 800 358 1879\">+44(0)800 358 1879<\/a>\u00a0(Toll-free)<\/p>\n\t\t\t\t\t\t<h4>Giappone<\/h4>\n\t\t\t<p><strong>Colt Asia Service Desk<\/strong><\/p>\n<p><a href=\"tel:+81-3-5617-2342\">+81-3-5617-2362<\/a> (International Dial-in Number)<br \/><a href=\"tel:0120-525-135\">0120-525-135<\/a> (Toll-free)<\/p>\n<strong><a href=\"https:\/\/legacy.colt.net\/solutions\/capital-markets\/\">MarketPrizm e PrizmNet<\/a>\u00a0only<\/strong><br \/>\n<p><a href=\"tel:+85 230186682\">+81 345604630<\/a><\/p>\n\t\t\t\t\t\t<h4>Hong Kong<\/h4>\n\t\t\t<p><strong>Colt Asia Service Desk<\/strong><\/p>\n<p><a href=\"tel:+81-3-5617-2342\">+81-3-5617-2362<\/a> (International Dial-in Number)<br \/><a href=\"tel:800-903-246\">800-903-246<\/a> (Toll-free)<\/p>\n<strong><a href=\"https:\/\/legacy.colt.net\/solutions\/capital-markets\/\">MarketPrizm e PrizmNet<\/a>\u00a0only<\/strong><br \/>\n<p><a href=\"tel:+85 230186682\">+85 230186682<\/a><\/p>\n\t\t\t\t\t\t<h4>Indonesia<\/h4>\n\t\t\t<p><strong>Colt Asia Service Desk<\/strong><\/p>\n<p><a href=\"tel:+81-3-5617-2342\">+81-3-5617-2362<\/a> (International Dial-in Number)<br \/><a href=\"tel:001-803-852-9359\u200b\">001-803-852-9359\u200b<\/a> (Toll-free)<\/p>\n<strong><a href=\"https:\/\/legacy.colt.net\/solutions\/capital-markets\/\">MarketPrizm e PrizmNet<\/a>\u00a0only<\/strong><br \/>\n<p><a href=\"tel:+4420 3481 9900\">+44(0)20 3481 9900<\/a><br \/><a href=\"tel:+44 800 358 1879\">+44(0)800 358 1879<\/a>\u00a0(Toll-free)<\/p>\n\t\t\t\t\t\t<h4>Malaysia<\/h4>\n\t\t\t<p><strong>Colt Asia Service Desk<\/strong><\/p>\n<p><a href=\"tel:+81-3-5617-2342\">+81-3-5617-2362<\/a> (International Dial-in Number)<br \/><a href=\"tel:1-800-805-988\u200b\">1-800-805-988\u200b\u200b\u200b<\/a> (Toll-free)<\/p>\n<strong><a href=\"https:\/\/legacy.colt.net\/solutions\/capital-markets\/\">MarketPrizm e PrizmNet<\/a>\u00a0only<\/strong><br \/>\n<p><a href=\"tel:+4420 3481 9900\">+44(0)20 3481 9900<\/a><br \/><a href=\"tel:+44 800 358 1879\">+44(0)800 358 1879<\/a>\u00a0(Toll-free)<\/p>\n\t\t\t\t\t\t<h4>Nuova Zelanda<\/h4>\n\t\t\t<p><strong>Colt Asia Service Desk<\/strong><\/p>\n<p><a href=\"tel:+81-3-5617-2342\">+81-3-5617-2362<\/a> (International Dial-in Number)<br \/><a href=\"tel:0800-77-0037\u200b\">0800-77-0037\u200b\u200b<\/a> (Toll-free)<\/p>\n<strong><a href=\"https:\/\/legacy.colt.net\/solutions\/capital-markets\/\">MarketPrizm e PrizmNet<\/a>\u00a0only<\/strong><br \/>\n<p><a href=\"tel:+4420 3481 9900\">+44(0)20 3481 9900<\/a><br \/><a href=\"tel:+44 800 358 1879\">+44(0)800 358 1879<\/a>\u00a0(Toll-free)<\/p>\n\t\t\t\t\t\t<h4>Singapore<\/h4>\n\t\t\t<p><strong>Colt Asia Service Desk<\/strong><\/p>\n<p><a href=\"tel:+81-3-5617-2342\">+81-3-5617-2362<\/a> (International Dial-in Number)<br \/><a href=\"tel:800-852-3528\u200b\">800-852-3528\u200b\u200b<\/a> (Toll-free)<\/p>\n<strong><a href=\"https:\/\/legacy.colt.net\/solutions\/capital-markets\/\">MarketPrizm e PrizmNet<\/a>\u00a0only<\/strong><br \/>\n<p><a href=\"tel:+658008526865\">+65 8008526865<\/a>\u00a0(Toll-free)<\/p>\n\t\t\t\t\t\t<h4>Taiwan\u200b<\/h4>\n\t\t\t<p><strong>Colt Asia Service Desk<\/strong><\/p>\n<p><a href=\"tel:+81-3-5617-2342\">+81-3-5617-2362<\/a> (International Dial-in Number)<br \/><a href=\"tel:00801-855-942\">00801-855-942<\/a> (Toll-free)<\/p>\n<strong><a href=\"https:\/\/legacy.colt.net\/solutions\/capital-markets\/\">MarketPrizm e PrizmNet<\/a>\u00a0only<\/strong><br \/>\n<p><a href=\"tel:+4420 3481 9900\">+44(0)20 3481 9900<\/a><br \/><a href=\"tel:+44 800 358 1879\">+44(0)800 358 1879<\/a>\u00a0(Toll-free)<\/p>\n\t\t\t\t\t\t<h4>USA<\/h4>\n\t\t\t<p><strong>Colt Service Desk<\/strong><\/p>\n<p><a href=\"tel:+81-3-5617-2342\">+81-3-5617-2362<\/a> (International Dial-in Number)<br \/><a href=\"tel:1-866-486-4540\u200b\">1-866-486-4540\u200b\u200b\u200b<\/a> (Toll-free: Mainland)<br \/><a href=\"tel:1-888-346-9110\u200b\">1-888-346-9110\u200b<\/a> (Toll-free: Hawaii)<\/p>\n<strong><a href=\"https:\/\/legacy.colt.net\/solutions\/capital-markets\/\">MarketPrizm e PrizmNet<\/a>\u00a0only<\/strong><br \/>\n<p><a href=\"tel:+1 31 5483 7388\">+1 31 5483 7388<\/a><br \/><a href=\"tel:+1 800 216 0048\">+1 800 216 0048<\/a>\u00a0(Toll-free)<\/p>\n<h2>\n\t\tAiutaci a trovare l&#8217;assistenza giusta per te\n\t<\/h2>\n\t<p>I nostri team sono disponibili 24 ore su 24 in tutto il mondo per aiutarti a ottenere l&#8217;assistenza di cui hai bisogno, quando ne hai bisogno.<\/p>\n<p>Per aiutarti a trovare l&#8217;assistenza di cui hai bisogno, utilizza il nostro strumento di supporto interattivo qui accanto. Inserisci semplicemente ci\u00f2 che cerchi e il paese per cui richiedi informazioni: ti condurremo alla destinazione giusta.<\/p>\n\t<p>Quando effettui il contatto senza accedere a Colt Online, assicurati di avere a disposizione le seguenti informazioni.<\/p>\n<ul>\n<li>Per incidenti esistenti: il numero dell&#8217;incidente (ticket)<\/li>\n<li>Per richieste tecniche: numero di riferimento del circuito, numero d&#8217;ordine o ID servizio<\/li>\n<li>Per richieste su fatture o ordini: il tuo numero OCN (cliente)<\/li>\n<\/ul>\n<h3>\n\t\tNon hai Colt Online?\n\t<\/h3>\n\t<p>Trova il canale di supporto giusto per te con il nostro strumento di assistenza clienti interattivo:<\/p>\n\n","protected":false},"excerpt":{"rendered":"<p>Modi per contattarci: 1. Colt Online Usa Colt Online per ottenere supporto nel modo pi\u00f9 rapido e semplice, semplificando la raccolta dei ticket di supporto per tutti i canali di assistenza Portami a Colt Online 2. Chiamaci Chiama una delle nostre linee di assistenza dedicate. I nostri team sono disponibili 24 ore su 24 per&#8230;<\/p>\n","protected":false},"author":2,"featured_media":0,"parent":0,"menu_order":0,"comment_status":"closed","ping_status":"closed","template":"","meta":{"_acf_changed":false,"footnotes":""},"colt_type":[],"colt_products":[],"class_list":["post-35057","page","type-page","status-publish","hentry"],"acf":[],"yoast_head":"<!-- This site is optimized with the Yoast SEO plugin v26.8 - https:\/\/yoast.com\/product\/yoast-seo-wordpress\/ -->\n<title>Supporto | Colt Technology Services | IT<\/title>\n<meta name=\"description\" content=\"Supporto Colt Technology Services\" \/>\n<meta name=\"robots\" content=\"noindex, follow, max-snippet:-1, max-image-preview:large, max-video-preview:-1\" \/>\n<meta property=\"og:locale\" content=\"it_IT\" \/>\n<meta property=\"og:type\" content=\"article\" \/>\n<meta property=\"og:title\" content=\"Supporto | Colt Technology Services | IT\" \/>\n<meta property=\"og:description\" content=\"Supporto Colt Technology Services\" \/>\n<meta property=\"og:url\" content=\"https:\/\/legacy.colt.net\/it\/support\/\" \/>\n<meta property=\"og:site_name\" content=\"Colt Technology Services\" \/>\n<meta property=\"article:publisher\" content=\"https:\/\/www.facebook.com\/ColtTechnologyServices\/\" \/>\n<meta property=\"article:modified_time\" content=\"2024-11-14T13:57:32+00:00\" \/>\n<meta property=\"og:image\" content=\"https:\/\/legacy.colt.net\/wp-content\/uploads\/2021\/01\/Brand-2021-Stock-22.jpg\" \/>\n\t<meta property=\"og:image:width\" content=\"1000\" \/>\n\t<meta property=\"og:image:height\" content=\"667\" \/>\n\t<meta property=\"og:image:type\" content=\"image\/jpeg\" \/>\n<meta name=\"twitter:card\" content=\"summary_large_image\" \/>\n<meta name=\"twitter:site\" content=\"@colt_technology\" \/>\n<meta name=\"twitter:label1\" content=\"Est. reading time\" \/>\n\t<meta name=\"twitter:data1\" content=\"9 minutes\" \/>\n<script type=\"application\/ld+json\" class=\"yoast-schema-graph\">{\"@context\":\"https:\/\/schema.org\",\"@graph\":[{\"@type\":\"WebPage\",\"@id\":\"https:\/\/legacy.colt.net\/it\/support\/\",\"url\":\"https:\/\/legacy.colt.net\/it\/support\/\",\"name\":\"Supporto | Colt Technology Services | IT\",\"isPartOf\":{\"@id\":\"https:\/\/legacy.colt.net\/#website\"},\"primaryImageOfPage\":{\"@id\":\"https:\/\/legacy.colt.net\/it\/support\/#primaryimage\"},\"image\":{\"@id\":\"https:\/\/legacy.colt.net\/it\/support\/#primaryimage\"},\"thumbnailUrl\":\"https:\/\/legacy.colt.net\/wp-content\/uploads\/2020\/12\/Transforming-your-digital-workplace.png\",\"datePublished\":\"2017-03-31T14:34:24+00:00\",\"dateModified\":\"2024-11-14T13:57:32+00:00\",\"description\":\"Supporto Colt Technology Services\",\"breadcrumb\":{\"@id\":\"https:\/\/legacy.colt.net\/it\/support\/#breadcrumb\"},\"inLanguage\":\"it-IT\",\"potentialAction\":[{\"@type\":\"ReadAction\",\"target\":[\"https:\/\/legacy.colt.net\/it\/support\/\"]}]},{\"@type\":\"ImageObject\",\"inLanguage\":\"it-IT\",\"@id\":\"https:\/\/legacy.colt.net\/it\/support\/#primaryimage\",\"url\":\"https:\/\/legacy.colt.net\/wp-content\/uploads\/2020\/12\/Transforming-your-digital-workplace.png\",\"contentUrl\":\"https:\/\/legacy.colt.net\/wp-content\/uploads\/2020\/12\/Transforming-your-digital-workplace.png\"},{\"@type\":\"BreadcrumbList\",\"@id\":\"https:\/\/legacy.colt.net\/it\/support\/#breadcrumb\",\"itemListElement\":[{\"@type\":\"ListItem\",\"position\":1,\"name\":\"Home\",\"item\":\"https:\/\/legacy.colt.net\/it\/\"},{\"@type\":\"ListItem\",\"position\":2,\"name\":\"Supporto\"}]},{\"@type\":\"WebSite\",\"@id\":\"https:\/\/legacy.colt.net\/#website\",\"url\":\"https:\/\/legacy.colt.net\/\",\"name\":\"Colt\u30c6\u30af\u30ce\u30ed\u30b8\u30fc\u30b5\u30fc\u30d3\u30b9\u682a\u5f0f\u4f1a\u793e\",\"description\":\"Managed Network &amp; Voice Services Provider\",\"publisher\":{\"@id\":\"https:\/\/legacy.colt.net\/#organization\"},\"potentialAction\":[{\"@type\":\"SearchAction\",\"target\":{\"@type\":\"EntryPoint\",\"urlTemplate\":\"https:\/\/legacy.colt.net\/?s={search_term_string}\"},\"query-input\":{\"@type\":\"PropertyValueSpecification\",\"valueRequired\":true,\"valueName\":\"search_term_string\"}}],\"inLanguage\":\"it-IT\"},{\"@type\":\"Organization\",\"@id\":\"https:\/\/legacy.colt.net\/#organization\",\"name\":\"Colt Technology Services\",\"url\":\"https:\/\/legacy.colt.net\/\",\"logo\":{\"@type\":\"ImageObject\",\"inLanguage\":\"it-IT\",\"@id\":\"https:\/\/legacy.colt.net\/#\/schema\/logo\/image\/\",\"url\":\"https:\/\/legacy.colt.net\/wp-content\/uploads\/2019\/02\/Colt-Logo.png\",\"contentUrl\":\"https:\/\/legacy.colt.net\/wp-content\/uploads\/2019\/02\/Colt-Logo.png\",\"width\":195,\"height\":77,\"caption\":\"Colt Technology Services\"},\"image\":{\"@id\":\"https:\/\/legacy.colt.net\/#\/schema\/logo\/image\/\"},\"sameAs\":[\"https:\/\/www.facebook.com\/ColtTechnologyServices\/\",\"https:\/\/x.com\/colt_technology\",\"https:\/\/www.instagram.com\/colttechnologyservices\/\",\"https:\/\/www.linkedin.com\/company\/colt-technology-services\",\"https:\/\/www.youtube.com\/user\/ColtTechnology\"]}]}<\/script>\n<!-- \/ Yoast SEO plugin. -->","yoast_head_json":{"title":"Supporto | Colt Technology Services | IT","description":"Supporto Colt Technology Services","robots":{"index":"noindex","follow":"follow","max-snippet":"max-snippet:-1","max-image-preview":"max-image-preview:large","max-video-preview":"max-video-preview:-1"},"og_locale":"it_IT","og_type":"article","og_title":"Supporto | Colt Technology Services | IT","og_description":"Supporto Colt Technology Services","og_url":"https:\/\/legacy.colt.net\/it\/support\/","og_site_name":"Colt Technology Services","article_publisher":"https:\/\/www.facebook.com\/ColtTechnologyServices\/","article_modified_time":"2024-11-14T13:57:32+00:00","og_image":[{"width":1000,"height":667,"url":"https:\/\/legacy.colt.net\/wp-content\/uploads\/2021\/01\/Brand-2021-Stock-22.jpg","type":"image\/jpeg"}],"twitter_card":"summary_large_image","twitter_site":"@colt_technology","twitter_misc":{"Est. reading time":"9 minutes"},"schema":{"@context":"https:\/\/schema.org","@graph":[{"@type":"WebPage","@id":"https:\/\/legacy.colt.net\/it\/support\/","url":"https:\/\/legacy.colt.net\/it\/support\/","name":"Supporto | Colt Technology Services | IT","isPartOf":{"@id":"https:\/\/legacy.colt.net\/#website"},"primaryImageOfPage":{"@id":"https:\/\/legacy.colt.net\/it\/support\/#primaryimage"},"image":{"@id":"https:\/\/legacy.colt.net\/it\/support\/#primaryimage"},"thumbnailUrl":"https:\/\/legacy.colt.net\/wp-content\/uploads\/2020\/12\/Transforming-your-digital-workplace.png","datePublished":"2017-03-31T14:34:24+00:00","dateModified":"2024-11-14T13:57:32+00:00","description":"Supporto Colt Technology Services","breadcrumb":{"@id":"https:\/\/legacy.colt.net\/it\/support\/#breadcrumb"},"inLanguage":"it-IT","potentialAction":[{"@type":"ReadAction","target":["https:\/\/legacy.colt.net\/it\/support\/"]}]},{"@type":"ImageObject","inLanguage":"it-IT","@id":"https:\/\/legacy.colt.net\/it\/support\/#primaryimage","url":"https:\/\/legacy.colt.net\/wp-content\/uploads\/2020\/12\/Transforming-your-digital-workplace.png","contentUrl":"https:\/\/legacy.colt.net\/wp-content\/uploads\/2020\/12\/Transforming-your-digital-workplace.png"},{"@type":"BreadcrumbList","@id":"https:\/\/legacy.colt.net\/it\/support\/#breadcrumb","itemListElement":[{"@type":"ListItem","position":1,"name":"Home","item":"https:\/\/legacy.colt.net\/it\/"},{"@type":"ListItem","position":2,"name":"Supporto"}]},{"@type":"WebSite","@id":"https:\/\/legacy.colt.net\/#website","url":"https:\/\/legacy.colt.net\/","name":"Colt\u30c6\u30af\u30ce\u30ed\u30b8\u30fc\u30b5\u30fc\u30d3\u30b9\u682a\u5f0f\u4f1a\u793e","description":"Managed Network &amp; Voice Services Provider","publisher":{"@id":"https:\/\/legacy.colt.net\/#organization"},"potentialAction":[{"@type":"SearchAction","target":{"@type":"EntryPoint","urlTemplate":"https:\/\/legacy.colt.net\/?s={search_term_string}"},"query-input":{"@type":"PropertyValueSpecification","valueRequired":true,"valueName":"search_term_string"}}],"inLanguage":"it-IT"},{"@type":"Organization","@id":"https:\/\/legacy.colt.net\/#organization","name":"Colt Technology Services","url":"https:\/\/legacy.colt.net\/","logo":{"@type":"ImageObject","inLanguage":"it-IT","@id":"https:\/\/legacy.colt.net\/#\/schema\/logo\/image\/","url":"https:\/\/legacy.colt.net\/wp-content\/uploads\/2019\/02\/Colt-Logo.png","contentUrl":"https:\/\/legacy.colt.net\/wp-content\/uploads\/2019\/02\/Colt-Logo.png","width":195,"height":77,"caption":"Colt Technology Services"},"image":{"@id":"https:\/\/legacy.colt.net\/#\/schema\/logo\/image\/"},"sameAs":["https:\/\/www.facebook.com\/ColtTechnologyServices\/","https:\/\/x.com\/colt_technology","https:\/\/www.instagram.com\/colttechnologyservices\/","https:\/\/www.linkedin.com\/company\/colt-technology-services","https:\/\/www.youtube.com\/user\/ColtTechnology"]}]}},"_links":{"self":[{"href":"https:\/\/legacy.colt.net\/it\/wp-json\/wp\/v2\/pages\/35057","targetHints":{"allow":["GET"]}}],"collection":[{"href":"https:\/\/legacy.colt.net\/it\/wp-json\/wp\/v2\/pages"}],"about":[{"href":"https:\/\/legacy.colt.net\/it\/wp-json\/wp\/v2\/types\/page"}],"author":[{"embeddable":true,"href":"https:\/\/legacy.colt.net\/it\/wp-json\/wp\/v2\/users\/2"}],"replies":[{"embeddable":true,"href":"https:\/\/legacy.colt.net\/it\/wp-json\/wp\/v2\/comments?post=35057"}],"version-history":[{"count":0,"href":"https:\/\/legacy.colt.net\/it\/wp-json\/wp\/v2\/pages\/35057\/revisions"}],"wp:attachment":[{"href":"https:\/\/legacy.colt.net\/it\/wp-json\/wp\/v2\/media?parent=35057"}],"wp:term":[{"taxonomy":"colt_type","embeddable":true,"href":"https:\/\/legacy.colt.net\/it\/wp-json\/wp\/v2\/colt_type?post=35057"},{"taxonomy":"colt_products","embeddable":true,"href":"https:\/\/legacy.colt.net\/it\/wp-json\/wp\/v2\/colt_products?post=35057"}],"curies":[{"name":"wp","href":"https:\/\/api.w.org\/{rel}","templated":true}]}}