{"id":35053,"date":"2017-03-13T16:46:07","date_gmt":"2017-03-13T16:46:07","guid":{"rendered":"https:\/\/www.colt.net\/strategic-alliances\/"},"modified":"2021-07-19T14:50:55","modified_gmt":"2021-07-19T13:50:55","slug":"partner-hub","status":"publish","type":"page","link":"https:\/\/legacy.colt.net\/it\/why-colt\/partner-hub\/","title":{"rendered":"Partner Hub"},"content":{"rendered":"\n\n\t\t\t\t<img loading=\"lazy\" decoding=\"async\" src=\"https:\/\/legacy.colt.net\/wp-content\/uploads\/2021\/03\/Colt-Partner-Hub.png\" alt=\"Colt Partner Hub\" itemprop=\"image\" height=\"174\" width=\"726\" title=\"Colt Partner Hub\" onerror=\"this.style.display='none'\"  \/>\n\t<nav class=\"breadcrumb\"><span><span><a href=\"https:\/\/legacy.colt.net\/it\/\">Home<\/a><\/span><\/span><\/nav>\n<h2>\n\t\tPartnership per intenzione, non per caso\n\t<\/h2>\n\t<p>Aiutare i clienti a raggiungere i loro obiettivi ora richiede un oceano di competenze derivanti dall&#8217;intero ambiente digitale. Scopri come Colt offre valore a clienti e partner.<\/p>\n\t\t\t<a href=\"https:\/\/legacy.colt.net\/it\/why-colt\/partner-hub\/partners\/\" target=\"_self\" role=\"button\" rel=\"noopener\">\n\t\t\t\t\t\tDai un&#8217;occhiata al nostro ecosistema\n\t\t\t\t\t<\/a>\n\tIl potere delle partnership<br \/>\n\n\t\n\t<p>Costruire un team vincente richiede collaborazione e impegno fianco a fianco per raggiungere obiettivi condivisi, sia che si tratti di sostenere atleti affinch\u00e9 diano il meglio di s\u00e9, sia che si tratti di aiutare aziende a navigare in sicurezza in un mercato digitale in costante evoluzione.<\/p>\n\t\t\t\t\t<img decoding=\"async\" src=\"https:\/\/i.ytimg.com\/vi\/KksZHJizUbs\/maxresdefault.jpg\"\/>\n\t\t\t\t\t<img decoding=\"async\" src=\"https:\/\/i.ytimg.com\/vi\/OLaTVodShZQ\/maxresdefault.jpg\"\/>\n\tPresentiamo il Colt Partner Hub<br \/>\n\n\t<p>Il nostro obiettivo \u00e8 semplice: pi\u00f9 fluida \u00e8 l&#8217;esperienza per i nostri partner, maggiore \u00e8 la ricompensa per i nostri clienti. Benvenuto nel Colt Partner Hub.<\/p>\n\tI vantaggi per i partner Colt<br \/>\n\n\t<p>Che cosa rappresenta il Colt Partner Hub per i nostri partner? Il Colt Partner Hub permette di semplificare il processo di onboarding, migliora le opportunit\u00e0 di qualificazione e promuove la collaborazione per espandersi in nuovi mercati. Lo spiega in dettaglio Thomas Gredinger, il nostro Director of Partner Excellence.<\/p>\n\t\t\t\t\t<img decoding=\"async\" src=\"https:\/\/i.ytimg.com\/vi\/oCEqJqCIaXU\/maxresdefault.jpg\"\/>\n\t\t\t\t<img loading=\"lazy\" decoding=\"async\" src=\"https:\/\/legacy.colt.net\/wp-content\/uploads\/2021\/03\/Partner-Hub-Diagram.png\" alt=\"Partner Hub Diagram\" itemprop=\"image\" height=\"956\" width=\"1000\" title=\"Partner Hub Diagram\" onerror=\"this.style.display='none'\"  \/>\n<h2>\n\t\tLa nostra visione\n\t<\/h2>\n\t<p>Il Colt Partner Hub offre un processo strutturato per lo sviluppo dei partner, dalla selezione e l&#8217;onboarding alla gestione completa del ciclo di vita. Garantiamo uno sviluppo costante, basato sul nostro obiettivo per il miglioramento continuo cos\u00ec da massimizzare gli impegni congiunti volti alla creazione di valore aziendale per tutte le parti coinvolte.<\/p>\n<h3>\n\t\tChe cosa dicono gli altri del Colt Partner Hub\n\t<\/h3>\n\t\t\t\t<img loading=\"lazy\" decoding=\"async\" src=\"https:\/\/legacy.colt.net\/wp-content\/uploads\/2019\/03\/ES-Partners-Ciena.jpg\" alt=\"ES-Partners-Ciena\" itemprop=\"image\" height=\"400\" width=\"400\" title=\"ES-Partners-Ciena\" onerror=\"this.style.display='none'\"  \/>\n\t\n\t<strong>Jim Crum<\/strong><br \/>\nGeneral Manager, Colt Strategic Alliance, Ciena\n\t\t\t\t<img loading=\"lazy\" decoding=\"async\" src=\"https:\/\/legacy.colt.net\/wp-content\/uploads\/2020\/10\/microsoft-azure-logo-1x1-1.png\" alt=\"microsoft-azure-logo\" itemprop=\"image\" height=\"1000\" width=\"1000\" title=\"microsoft-azure-logo-1x1-cloud\" onerror=\"this.style.display='none'\"  \/>\n\t\n\t<strong>Mikkel Riis<\/strong><br \/>\nSenior Product Marketing Manager, Microsoft Azure\n<h3>\n\t\tVorrei&#8230;\n\t<\/h3>\n\t\t<nav>\n\t\t\t<ul>\n\t\t\t\t\t\t\t\t<li data-index=\"0\">\n\t\t\t\t\t<h4>\n\t\t\t\t\t\t<a href=\"javascript:void(0);\">&#8230;trova un partner<\/a>\n\t\t\t\t\t<\/h4>\n\t\t\t\t<\/li>\n\t\t\t\t\t\t\t\t<li data-index=\"1\">\n\t\t\t\t\t<h4>\n\t\t\t\t\t\t<a href=\"javascript:void(0);\">&#8230;diventa un partner<\/a>\n\t\t\t\t\t<\/h4>\n\t\t\t\t<\/li>\n\t\t\t\t\t\t\t<\/ul>\n\t\t<\/nav>\n\t\t\t\t\t<h4>\n\t\t\t\t\t\t\t\t\t\t\t\t&#8230;trova un partner\n\t\t\t\t\t\t\t\t\t\t\t<\/h4>\n\t\t\t\t\t<p>Con le informazioni che comunichi su di te, sul tipo di supporto che cerchi e sui tuoi obiettivi, noi ci occuperemo di trovare il partner perfetto per la tua azienda.<\/p>\n<p>Saremo lieti di un tuo contatto<\/p>\n<p>[hubspot type=form portal=344164 id=5dfc0c21-fe4b-42d7-b662-24f10c793126]<\/p>\n\t\t\t\t\t<h4>\n\t\t\t\t\t\t\t\t\t\t\t\t&#8230;diventa un partner\n\t\t\t\t\t\t\t\t\t\t\t<\/h4>\n\t\t\t\t\t<p>Colt comprende l&#8217;importanza di collaborare con i partner per offrire il miglior servizio tecnologico e il miglior supporto ai clienti.<\/p>\n<p>Insieme possiamo far crescere la tua attivit\u00e0, qualunque sia il modello di vendita del tuo partner preferito.<\/p>\n<p>[hubspot type=form portal=344164 id=5dfc0c21-fe4b-42d7-b662-24f10c793126]<\/p>\n\t\t\t\t\t<!-- \/content -->\n\t<!-- \/tabs -->\n\n","protected":false},"excerpt":{"rendered":"<p>Partnership per intenzione, non per caso Aiutare i clienti a raggiungere i loro obiettivi ora richiede un oceano di competenze derivanti dall&#8217;intero ambiente digitale. Scopri come Colt offre valore a clienti e partner. Dai un&#8217;occhiata al nostro ecosistema Il potere delle partnership Costruire un team vincente richiede collaborazione e impegno fianco a fianco per raggiungere&#8230;<\/p>\n","protected":false},"author":2,"featured_media":0,"parent":65604,"menu_order":0,"comment_status":"closed","ping_status":"closed","template":"","meta":{"_acf_changed":false,"footnotes":""},"colt_type":[],"colt_products":[],"class_list":["post-35053","page","type-page","status-publish","hentry"],"acf":[],"yoast_head":"<!-- This site is optimized with the Yoast SEO plugin v26.8 - https:\/\/yoast.com\/product\/yoast-seo-wordpress\/ -->\n<title>Partner Hub | Colt Technology Services | IT<\/title>\n<meta name=\"description\" content=\"Partner Hub Colt Technology Services\" \/>\n<meta name=\"robots\" content=\"noindex, follow, max-snippet:-1, max-image-preview:large, max-video-preview:-1\" \/>\n<meta property=\"og:locale\" content=\"it_IT\" \/>\n<meta property=\"og:type\" content=\"article\" \/>\n<meta property=\"og:title\" content=\"Partner Hub | Colt Technology Services | IT\" \/>\n<meta property=\"og:description\" content=\"Partner Hub Colt Technology Services\" \/>\n<meta property=\"og:url\" content=\"https:\/\/legacy.colt.net\/it\/why-colt\/partner-hub\/\" \/>\n<meta property=\"og:site_name\" content=\"Colt Technology Services\" \/>\n<meta property=\"article:publisher\" content=\"https:\/\/www.facebook.com\/ColtTechnologyServices\/\" \/>\n<meta property=\"article:modified_time\" content=\"2021-07-19T13:50:55+00:00\" \/>\n<meta property=\"og:image\" content=\"https:\/\/legacy.colt.net\/wp-content\/uploads\/2021\/01\/Brand-2021-Stock-12.jpg\" \/>\n\t<meta property=\"og:image:width\" content=\"1000\" \/>\n\t<meta property=\"og:image:height\" content=\"667\" \/>\n\t<meta property=\"og:image:type\" content=\"image\/jpeg\" \/>\n<meta name=\"twitter:card\" content=\"summary_large_image\" \/>\n<meta name=\"twitter:site\" content=\"@colt_technology\" \/>\n<meta name=\"twitter:label1\" content=\"Est. reading time\" \/>\n\t<meta name=\"twitter:data1\" content=\"2 minutes\" \/>\n<script type=\"application\/ld+json\" class=\"yoast-schema-graph\">{\"@context\":\"https:\/\/schema.org\",\"@graph\":[{\"@type\":\"WebPage\",\"@id\":\"https:\/\/legacy.colt.net\/it\/why-colt\/partner-hub\/\",\"url\":\"https:\/\/legacy.colt.net\/it\/why-colt\/partner-hub\/\",\"name\":\"Partner Hub | Colt Technology Services | IT\",\"isPartOf\":{\"@id\":\"https:\/\/legacy.colt.net\/#website\"},\"primaryImageOfPage\":{\"@id\":\"https:\/\/legacy.colt.net\/it\/why-colt\/partner-hub\/#primaryimage\"},\"image\":{\"@id\":\"https:\/\/legacy.colt.net\/it\/why-colt\/partner-hub\/#primaryimage\"},\"thumbnailUrl\":\"https:\/\/legacy.colt.net\/wp-content\/uploads\/2021\/03\/Colt-Partner-Hub.png\",\"datePublished\":\"2017-03-13T16:46:07+00:00\",\"dateModified\":\"2021-07-19T13:50:55+00:00\",\"description\":\"Partner Hub Colt Technology Services\",\"breadcrumb\":{\"@id\":\"https:\/\/legacy.colt.net\/it\/why-colt\/partner-hub\/#breadcrumb\"},\"inLanguage\":\"it-IT\",\"potentialAction\":[{\"@type\":\"ReadAction\",\"target\":[\"https:\/\/legacy.colt.net\/it\/why-colt\/partner-hub\/\"]}]},{\"@type\":\"ImageObject\",\"inLanguage\":\"it-IT\",\"@id\":\"https:\/\/legacy.colt.net\/it\/why-colt\/partner-hub\/#primaryimage\",\"url\":\"https:\/\/legacy.colt.net\/wp-content\/uploads\/2021\/03\/Colt-Partner-Hub.png\",\"contentUrl\":\"https:\/\/legacy.colt.net\/wp-content\/uploads\/2021\/03\/Colt-Partner-Hub.png\"},{\"@type\":\"BreadcrumbList\",\"@id\":\"https:\/\/legacy.colt.net\/it\/why-colt\/partner-hub\/#breadcrumb\",\"itemListElement\":[{\"@type\":\"ListItem\",\"position\":1,\"name\":\"Home\",\"item\":\"https:\/\/legacy.colt.net\/it\/\"},{\"@type\":\"ListItem\",\"position\":2,\"name\":\"Why Colt?\",\"item\":\"https:\/\/legacy.colt.net\/it\/why-colt\/\"},{\"@type\":\"ListItem\",\"position\":3,\"name\":\"Partner Hub\"}]},{\"@type\":\"WebSite\",\"@id\":\"https:\/\/legacy.colt.net\/#website\",\"url\":\"https:\/\/legacy.colt.net\/\",\"name\":\"Colt\u30c6\u30af\u30ce\u30ed\u30b8\u30fc\u30b5\u30fc\u30d3\u30b9\u682a\u5f0f\u4f1a\u793e\",\"description\":\"Managed Network &amp; Voice Services Provider\",\"publisher\":{\"@id\":\"https:\/\/legacy.colt.net\/#organization\"},\"potentialAction\":[{\"@type\":\"SearchAction\",\"target\":{\"@type\":\"EntryPoint\",\"urlTemplate\":\"https:\/\/legacy.colt.net\/?s={search_term_string}\"},\"query-input\":{\"@type\":\"PropertyValueSpecification\",\"valueRequired\":true,\"valueName\":\"search_term_string\"}}],\"inLanguage\":\"it-IT\"},{\"@type\":\"Organization\",\"@id\":\"https:\/\/legacy.colt.net\/#organization\",\"name\":\"Colt Technology Services\",\"url\":\"https:\/\/legacy.colt.net\/\",\"logo\":{\"@type\":\"ImageObject\",\"inLanguage\":\"it-IT\",\"@id\":\"https:\/\/legacy.colt.net\/#\/schema\/logo\/image\/\",\"url\":\"https:\/\/legacy.colt.net\/wp-content\/uploads\/2019\/02\/Colt-Logo.png\",\"contentUrl\":\"https:\/\/legacy.colt.net\/wp-content\/uploads\/2019\/02\/Colt-Logo.png\",\"width\":195,\"height\":77,\"caption\":\"Colt Technology Services\"},\"image\":{\"@id\":\"https:\/\/legacy.colt.net\/#\/schema\/logo\/image\/\"},\"sameAs\":[\"https:\/\/www.facebook.com\/ColtTechnologyServices\/\",\"https:\/\/x.com\/colt_technology\",\"https:\/\/www.instagram.com\/colttechnologyservices\/\",\"https:\/\/www.linkedin.com\/company\/colt-technology-services\",\"https:\/\/www.youtube.com\/user\/ColtTechnology\"]}]}<\/script>\n<!-- \/ Yoast SEO plugin. -->","yoast_head_json":{"title":"Partner Hub | Colt Technology Services | IT","description":"Partner Hub Colt Technology Services","robots":{"index":"noindex","follow":"follow","max-snippet":"max-snippet:-1","max-image-preview":"max-image-preview:large","max-video-preview":"max-video-preview:-1"},"og_locale":"it_IT","og_type":"article","og_title":"Partner Hub | Colt Technology Services | IT","og_description":"Partner Hub Colt Technology Services","og_url":"https:\/\/legacy.colt.net\/it\/why-colt\/partner-hub\/","og_site_name":"Colt Technology Services","article_publisher":"https:\/\/www.facebook.com\/ColtTechnologyServices\/","article_modified_time":"2021-07-19T13:50:55+00:00","og_image":[{"width":1000,"height":667,"url":"https:\/\/legacy.colt.net\/wp-content\/uploads\/2021\/01\/Brand-2021-Stock-12.jpg","type":"image\/jpeg"}],"twitter_card":"summary_large_image","twitter_site":"@colt_technology","twitter_misc":{"Est. reading time":"2 minutes"},"schema":{"@context":"https:\/\/schema.org","@graph":[{"@type":"WebPage","@id":"https:\/\/legacy.colt.net\/it\/why-colt\/partner-hub\/","url":"https:\/\/legacy.colt.net\/it\/why-colt\/partner-hub\/","name":"Partner Hub | Colt Technology Services | IT","isPartOf":{"@id":"https:\/\/legacy.colt.net\/#website"},"primaryImageOfPage":{"@id":"https:\/\/legacy.colt.net\/it\/why-colt\/partner-hub\/#primaryimage"},"image":{"@id":"https:\/\/legacy.colt.net\/it\/why-colt\/partner-hub\/#primaryimage"},"thumbnailUrl":"https:\/\/legacy.colt.net\/wp-content\/uploads\/2021\/03\/Colt-Partner-Hub.png","datePublished":"2017-03-13T16:46:07+00:00","dateModified":"2021-07-19T13:50:55+00:00","description":"Partner Hub Colt Technology Services","breadcrumb":{"@id":"https:\/\/legacy.colt.net\/it\/why-colt\/partner-hub\/#breadcrumb"},"inLanguage":"it-IT","potentialAction":[{"@type":"ReadAction","target":["https:\/\/legacy.colt.net\/it\/why-colt\/partner-hub\/"]}]},{"@type":"ImageObject","inLanguage":"it-IT","@id":"https:\/\/legacy.colt.net\/it\/why-colt\/partner-hub\/#primaryimage","url":"https:\/\/legacy.colt.net\/wp-content\/uploads\/2021\/03\/Colt-Partner-Hub.png","contentUrl":"https:\/\/legacy.colt.net\/wp-content\/uploads\/2021\/03\/Colt-Partner-Hub.png"},{"@type":"BreadcrumbList","@id":"https:\/\/legacy.colt.net\/it\/why-colt\/partner-hub\/#breadcrumb","itemListElement":[{"@type":"ListItem","position":1,"name":"Home","item":"https:\/\/legacy.colt.net\/it\/"},{"@type":"ListItem","position":2,"name":"Why Colt?","item":"https:\/\/legacy.colt.net\/it\/why-colt\/"},{"@type":"ListItem","position":3,"name":"Partner Hub"}]},{"@type":"WebSite","@id":"https:\/\/legacy.colt.net\/#website","url":"https:\/\/legacy.colt.net\/","name":"Colt\u30c6\u30af\u30ce\u30ed\u30b8\u30fc\u30b5\u30fc\u30d3\u30b9\u682a\u5f0f\u4f1a\u793e","description":"Managed Network &amp; Voice Services Provider","publisher":{"@id":"https:\/\/legacy.colt.net\/#organization"},"potentialAction":[{"@type":"SearchAction","target":{"@type":"EntryPoint","urlTemplate":"https:\/\/legacy.colt.net\/?s={search_term_string}"},"query-input":{"@type":"PropertyValueSpecification","valueRequired":true,"valueName":"search_term_string"}}],"inLanguage":"it-IT"},{"@type":"Organization","@id":"https:\/\/legacy.colt.net\/#organization","name":"Colt Technology Services","url":"https:\/\/legacy.colt.net\/","logo":{"@type":"ImageObject","inLanguage":"it-IT","@id":"https:\/\/legacy.colt.net\/#\/schema\/logo\/image\/","url":"https:\/\/legacy.colt.net\/wp-content\/uploads\/2019\/02\/Colt-Logo.png","contentUrl":"https:\/\/legacy.colt.net\/wp-content\/uploads\/2019\/02\/Colt-Logo.png","width":195,"height":77,"caption":"Colt Technology Services"},"image":{"@id":"https:\/\/legacy.colt.net\/#\/schema\/logo\/image\/"},"sameAs":["https:\/\/www.facebook.com\/ColtTechnologyServices\/","https:\/\/x.com\/colt_technology","https:\/\/www.instagram.com\/colttechnologyservices\/","https:\/\/www.linkedin.com\/company\/colt-technology-services","https:\/\/www.youtube.com\/user\/ColtTechnology"]}]}},"_links":{"self":[{"href":"https:\/\/legacy.colt.net\/it\/wp-json\/wp\/v2\/pages\/35053","targetHints":{"allow":["GET"]}}],"collection":[{"href":"https:\/\/legacy.colt.net\/it\/wp-json\/wp\/v2\/pages"}],"about":[{"href":"https:\/\/legacy.colt.net\/it\/wp-json\/wp\/v2\/types\/page"}],"author":[{"embeddable":true,"href":"https:\/\/legacy.colt.net\/it\/wp-json\/wp\/v2\/users\/2"}],"replies":[{"embeddable":true,"href":"https:\/\/legacy.colt.net\/it\/wp-json\/wp\/v2\/comments?post=35053"}],"version-history":[{"count":0,"href":"https:\/\/legacy.colt.net\/it\/wp-json\/wp\/v2\/pages\/35053\/revisions"}],"up":[{"embeddable":true,"href":"https:\/\/legacy.colt.net\/it\/wp-json\/wp\/v2\/pages\/65604"}],"wp:attachment":[{"href":"https:\/\/legacy.colt.net\/it\/wp-json\/wp\/v2\/media?parent=35053"}],"wp:term":[{"taxonomy":"colt_type","embeddable":true,"href":"https:\/\/legacy.colt.net\/it\/wp-json\/wp\/v2\/colt_type?post=35053"},{"taxonomy":"colt_products","embeddable":true,"href":"https:\/\/legacy.colt.net\/it\/wp-json\/wp\/v2\/colt_products?post=35053"}],"curies":[{"name":"wp","href":"https:\/\/api.w.org\/{rel}","templated":true}]}}