{"id":34360,"date":"2015-02-10T10:44:04","date_gmt":"2015-02-10T10:44:04","guid":{"rendered":"https:\/\/www.colt.net\/our-values\/"},"modified":"2024-08-06T11:27:48","modified_gmt":"2024-08-06T10:27:48","slug":"our-values","status":"publish","type":"page","link":"https:\/\/legacy.colt.net\/it\/about\/our-values\/","title":{"rendered":"I nostri Valori"},"content":{"rendered":"\r\n<nav class=\"breadcrumb\"><span><span><a href=\"https:\/\/legacy.colt.net\/it\/\">Home<\/a><\/span><\/span><\/nav>\r\n<p>Abbiamo un insieme comune di valori al centro del nostro modo di fare affari. Questi valori identificano non solo ci\u00f2 che facciamo, ma anche come lo facciamo. Non sono 10 comandamenti o regole scritte in un manuale. Sono l&#8217;essenza della nostra identit\u00e0 e raccontano una storia di chi siamo e di come stiamo realizzando il nostro scopo e la nostra visione: cambiare il modo in cui il mondo funziona attraverso il potere della connettivit\u00e0 e diventare l&#8217;azienda pi\u00f9 orientata al cliente nel nostro industria.<\/p>\r\n<p><img loading=\"lazy\" decoding=\"async\" title=\"We-know-people-matter-Icon-landscape\" src=\"https:\/\/legacy.colt.net\/wp-content\/uploads\/2021\/07\/We-know-people-matter-Icon-landscape.png\" alt=\"We-know-people-matter-Icon-landscape\" width=\"600\" height=\"420\" \/><\/p>\r\n<h2>Sappiamo che le persone contano<\/h2>\r\n<p>Che si tratti di un cliente, di un partner o di un dipendente, costruiamo relazioni basate su fiducia, onest\u00e0, rispetto e integrit\u00e0. Apprezziamo la diversit\u00e0 e ci sforziamo di essere pi\u00f9 inclusivi in \u200b\u200bmodo che tutti abbiano la libert\u00e0 di parlare, essere ascoltati e prosperare.<\/p>\r\n<p><img loading=\"lazy\" decoding=\"async\" title=\"We-always-find-a-better-way-Icon-landscape\" src=\"https:\/\/legacy.colt.net\/wp-content\/uploads\/2021\/07\/We-always-find-a-better-way-Icon-landscape.png\" alt=\"We-always-find-a-better-way-Icon-landscape\" width=\"600\" height=\"420\" \/><\/p>\r\n<h2>Troviamo sempre una soluzione migliore<\/h2>\r\n<p>Rimanendo un passo avanti, consentiamo ai nostri clienti di avere successo grazie alla potenza della connettivit\u00e0. Siamo rapidi nell&#8217;adattarci e assumerci la responsabilit\u00e0 delle promesse che facciamo.<\/p>\r\n<p><img loading=\"lazy\" decoding=\"async\" title=\"We-win-together-Icon-landscape\" src=\"https:\/\/legacy.colt.net\/wp-content\/uploads\/2021\/07\/We-win-together-Icon-landscape.png\" alt=\"We-win-together-Icon-landscape\" width=\"600\" height=\"420\" \/><\/p>\r\n<h2>Vinciamo insieme<\/h2>\r\n<p>Crediamo nel potere di molti e stiamo fianco a fianco con clienti, partner e colleghi collaborando su idee, condividendo rischi e riconoscimenti tra tutti. Quando prendiamo una decisione, ne capiamo l&#8217;impatto e ci uniamo alla decisione di renderla un successo.<\/p>\r\n<p><img loading=\"lazy\" decoding=\"async\" title=\"We-can-change-the-world-Port-Icon-landscape\" src=\"https:\/\/legacy.colt.net\/wp-content\/uploads\/2021\/07\/We-can-change-the-world-Port-Icon-landscape.png\" alt=\"We-can-change-the-world-Port-Icon-landscape\" width=\"600\" height=\"420\" \/><\/p>\r\n<h2>Possiamo cambiare il mondo<\/h2>\r\n<p>Vogliamo rendere il mondo un posto migliore. Pi\u00f9 connesso, pi\u00f9 sostenibile, pi\u00f9 equo per tutti. Usiamo ci\u00f2 che abbiamo &#8211; passione, tecnologia e connettivit\u00e0 &#8211; per creare del bene.<\/p>\r\n<h2>Messaggi recenti<\/h2>\r\n<p><a title=\"Colt annuncia l\u2019espansione della rete IQ a Genova\" href=\"https:\/\/legacy.colt.net\/it\/resources\/colt-annuncia-lespansione-della-rete-iq-a-genova\/\" target=\"_self\" rel=\"noopener\"> <img decoding=\"async\" src=\"https:\/\/legacy.colt.net\/wp-content\/uploads\/2022\/12\/Genova-720x450.jpg\" alt=\"\" \/> <\/a><\/p>\r\n<h3><a tabindex=\"0\" title=\"Colt annuncia l\u2019espansione della rete IQ a Genova\" href=\"https:\/\/legacy.colt.net\/it\/resources\/colt-annuncia-lespansione-della-rete-iq-a-genova\/\">Colt annuncia l\u2019espansione della rete IQ a Genova<\/a><\/h3>\r\n<p>La potente infrastruttura digitale a bassa latenza di Colt si estende da Roma a Genova per creare nuove &#8230; <a href=\"https:\/\/legacy.colt.net\/it\/resources\/colt-annuncia-lespansione-della-rete-iq-a-genova\/\" target=\"_self\" rel=\"noopener\">Continue Reading \u2192<\/a> <a title=\"Agilit\u00e0 con la SD WAN: scopri la storia del retailer statunitense\" href=\"https:\/\/legacy.colt.net\/it\/resources\/agilita-con-la-sd-wan-scopri-la-storia-del-retailer-statunitense\/\" target=\"_self\" rel=\"noopener\"> <img decoding=\"async\" src=\"https:\/\/legacy.colt.net\/wp-content\/uploads\/2021\/01\/Brand-2021-Stock-2-720x450.jpg\" alt=\"\" \/> <\/a><\/p>\r\n<h3><a tabindex=\"0\" title=\"Agilit\u00e0 con la SD WAN: scopri la storia del retailer statunitense\" href=\"https:\/\/legacy.colt.net\/it\/resources\/agilita-con-la-sd-wan-scopri-la-storia-del-retailer-statunitense\/\">Agilit\u00e0 con la SD WAN: scopri la storia del retailer statunitense<\/a><\/h3>\r\n<p>Nel nostro studio sulla mentalit\u00e0 dei CIO &#8220;Uncover the CIO Mindset&#8221;, abbiamo chiesto ai CIO di tutto il &#8230; <a href=\"https:\/\/legacy.colt.net\/it\/resources\/agilita-con-la-sd-wan-scopri-la-storia-del-retailer-statunitense\/\" target=\"_self\" rel=\"noopener\">Continue Reading \u2192<\/a> <a title=\"SD WAN 2.0 \u2013 prepara la tua rete al futuro\" href=\"https:\/\/legacy.colt.net\/it\/resources\/sd-wan-2-0-prepara-la-tua-rete-al-futuro\/\" target=\"_self\" rel=\"noopener\"> <img decoding=\"async\" src=\"https:\/\/legacy.colt.net\/wp-content\/uploads\/2021\/01\/Brand-2021-Stock-16-720x450.jpg\" alt=\"\" \/> <\/a><\/p>\r\n<h3><a tabindex=\"0\" title=\"SD WAN 2.0 \u2013 prepara la tua rete al futuro\" href=\"https:\/\/legacy.colt.net\/it\/resources\/sd-wan-2-0-prepara-la-tua-rete-al-futuro\/\">SD WAN 2.0 \u2013 prepara la tua rete al futuro<\/a><\/h3>\r\n<p>Le difficolt\u00e0 e l&#8217;imprevedibilit\u00e0 degli ultimi anni hanno costretto le aziende di tutto il mondo a rivedere le &#8230; <a href=\"https:\/\/legacy.colt.net\/it\/resources\/sd-wan-2-0-prepara-la-tua-rete-al-futuro\/\" target=\"_self\" rel=\"noopener\">Continue Reading \u2192<\/a><\/p>\r\n","protected":false},"excerpt":{"rendered":"<p>Abbiamo un insieme comune di valori al centro del nostro modo di fare affari. Questi valori identificano non solo ci\u00f2 che facciamo, ma anche come lo facciamo. Non sono 10 comandamenti o regole scritte in un manuale. Sono l&#8217;essenza della nostra identit\u00e0 e raccontano una storia di chi siamo e di come stiamo realizzando il&#8230;<\/p>\n","protected":false},"author":2,"featured_media":0,"parent":34013,"menu_order":2,"comment_status":"closed","ping_status":"closed","template":"","meta":{"_acf_changed":false,"footnotes":""},"colt_type":[],"colt_products":[],"class_list":["post-34360","page","type-page","status-publish","hentry"],"acf":[],"yoast_head":"<!-- This site is optimized with the Yoast SEO plugin v26.8 - https:\/\/yoast.com\/product\/yoast-seo-wordpress\/ -->\n<title>I nostri Valori - Colt Technology Services | IT<\/title>\n<meta name=\"description\" content=\"I nostri Valori Colt Technology Services\" \/>\n<meta name=\"robots\" content=\"noindex, follow, max-snippet:-1, max-image-preview:large, max-video-preview:-1\" \/>\n<meta property=\"og:locale\" content=\"it_IT\" \/>\n<meta property=\"og:type\" content=\"article\" \/>\n<meta property=\"og:title\" content=\"I nostri Valori - Colt Technology Services | IT\" \/>\n<meta property=\"og:description\" content=\"I nostri Valori Colt Technology Services\" \/>\n<meta property=\"og:url\" content=\"https:\/\/legacy.colt.net\/it\/our-values\/\" \/>\n<meta property=\"og:site_name\" content=\"Colt Technology Services\" \/>\n<meta property=\"article:publisher\" content=\"https:\/\/www.facebook.com\/ColtTechnologyServices\/\" \/>\n<meta property=\"article:modified_time\" content=\"2024-08-06T10:27:48+00:00\" \/>\n<meta property=\"og:image\" content=\"https:\/\/legacy.colt.net\/wp-content\/uploads\/2021\/07\/We-know-people-matter-Icon-landscape.png\" \/>\n<meta name=\"twitter:card\" content=\"summary_large_image\" \/>\n<meta name=\"twitter:site\" content=\"@colt_technology\" \/>\n<meta name=\"twitter:label1\" content=\"Est. reading time\" \/>\n\t<meta name=\"twitter:data1\" content=\"3 minutes\" \/>\n<script type=\"application\/ld+json\" class=\"yoast-schema-graph\">{\"@context\":\"https:\/\/schema.org\",\"@graph\":[{\"@type\":\"WebPage\",\"@id\":\"https:\/\/legacy.colt.net\/it\/our-values\/\",\"url\":\"https:\/\/legacy.colt.net\/it\/our-values\/\",\"name\":\"I nostri Valori - Colt Technology Services | IT\",\"isPartOf\":{\"@id\":\"https:\/\/legacy.colt.net\/#website\"},\"primaryImageOfPage\":{\"@id\":\"https:\/\/legacy.colt.net\/it\/our-values\/#primaryimage\"},\"image\":{\"@id\":\"https:\/\/legacy.colt.net\/it\/our-values\/#primaryimage\"},\"thumbnailUrl\":\"https:\/\/legacy.colt.net\/wp-content\/uploads\/2021\/07\/We-know-people-matter-Icon-landscape.png\",\"datePublished\":\"2015-02-10T10:44:04+00:00\",\"dateModified\":\"2024-08-06T10:27:48+00:00\",\"description\":\"I nostri Valori Colt Technology Services\",\"breadcrumb\":{\"@id\":\"https:\/\/legacy.colt.net\/it\/our-values\/#breadcrumb\"},\"inLanguage\":\"it-IT\",\"potentialAction\":[{\"@type\":\"ReadAction\",\"target\":[\"https:\/\/legacy.colt.net\/it\/our-values\/\"]}]},{\"@type\":\"ImageObject\",\"inLanguage\":\"it-IT\",\"@id\":\"https:\/\/legacy.colt.net\/it\/our-values\/#primaryimage\",\"url\":\"https:\/\/legacy.colt.net\/wp-content\/uploads\/2021\/07\/We-know-people-matter-Icon-landscape.png\",\"contentUrl\":\"https:\/\/legacy.colt.net\/wp-content\/uploads\/2021\/07\/We-know-people-matter-Icon-landscape.png\"},{\"@type\":\"BreadcrumbList\",\"@id\":\"https:\/\/legacy.colt.net\/it\/our-values\/#breadcrumb\",\"itemListElement\":[{\"@type\":\"ListItem\",\"position\":1,\"name\":\"Home\",\"item\":\"https:\/\/legacy.colt.net\/it\/\"},{\"@type\":\"ListItem\",\"position\":2,\"name\":\"I nostri Valori\"}]},{\"@type\":\"WebSite\",\"@id\":\"https:\/\/legacy.colt.net\/#website\",\"url\":\"https:\/\/legacy.colt.net\/\",\"name\":\"Colt\u30c6\u30af\u30ce\u30ed\u30b8\u30fc\u30b5\u30fc\u30d3\u30b9\u682a\u5f0f\u4f1a\u793e\",\"description\":\"Managed Network &amp; Voice Services Provider\",\"publisher\":{\"@id\":\"https:\/\/legacy.colt.net\/#organization\"},\"potentialAction\":[{\"@type\":\"SearchAction\",\"target\":{\"@type\":\"EntryPoint\",\"urlTemplate\":\"https:\/\/legacy.colt.net\/?s={search_term_string}\"},\"query-input\":{\"@type\":\"PropertyValueSpecification\",\"valueRequired\":true,\"valueName\":\"search_term_string\"}}],\"inLanguage\":\"it-IT\"},{\"@type\":\"Organization\",\"@id\":\"https:\/\/legacy.colt.net\/#organization\",\"name\":\"Colt Technology Services\",\"url\":\"https:\/\/legacy.colt.net\/\",\"logo\":{\"@type\":\"ImageObject\",\"inLanguage\":\"it-IT\",\"@id\":\"https:\/\/legacy.colt.net\/#\/schema\/logo\/image\/\",\"url\":\"https:\/\/legacy.colt.net\/wp-content\/uploads\/2019\/02\/Colt-Logo.png\",\"contentUrl\":\"https:\/\/legacy.colt.net\/wp-content\/uploads\/2019\/02\/Colt-Logo.png\",\"width\":195,\"height\":77,\"caption\":\"Colt Technology Services\"},\"image\":{\"@id\":\"https:\/\/legacy.colt.net\/#\/schema\/logo\/image\/\"},\"sameAs\":[\"https:\/\/www.facebook.com\/ColtTechnologyServices\/\",\"https:\/\/x.com\/colt_technology\",\"https:\/\/www.instagram.com\/colttechnologyservices\/\",\"https:\/\/www.linkedin.com\/company\/colt-technology-services\",\"https:\/\/www.youtube.com\/user\/ColtTechnology\"]}]}<\/script>\n<!-- \/ Yoast SEO plugin. -->","yoast_head_json":{"title":"I nostri Valori - Colt Technology Services | IT","description":"I nostri Valori Colt Technology Services","robots":{"index":"noindex","follow":"follow","max-snippet":"max-snippet:-1","max-image-preview":"max-image-preview:large","max-video-preview":"max-video-preview:-1"},"og_locale":"it_IT","og_type":"article","og_title":"I nostri Valori - Colt Technology Services | IT","og_description":"I nostri Valori Colt Technology Services","og_url":"https:\/\/legacy.colt.net\/it\/our-values\/","og_site_name":"Colt Technology Services","article_publisher":"https:\/\/www.facebook.com\/ColtTechnologyServices\/","article_modified_time":"2024-08-06T10:27:48+00:00","og_image":[{"url":"https:\/\/legacy.colt.net\/wp-content\/uploads\/2021\/07\/We-know-people-matter-Icon-landscape.png","type":"","width":"","height":""}],"twitter_card":"summary_large_image","twitter_site":"@colt_technology","twitter_misc":{"Est. reading time":"3 minutes"},"schema":{"@context":"https:\/\/schema.org","@graph":[{"@type":"WebPage","@id":"https:\/\/legacy.colt.net\/it\/our-values\/","url":"https:\/\/legacy.colt.net\/it\/our-values\/","name":"I nostri Valori - Colt Technology Services | IT","isPartOf":{"@id":"https:\/\/legacy.colt.net\/#website"},"primaryImageOfPage":{"@id":"https:\/\/legacy.colt.net\/it\/our-values\/#primaryimage"},"image":{"@id":"https:\/\/legacy.colt.net\/it\/our-values\/#primaryimage"},"thumbnailUrl":"https:\/\/legacy.colt.net\/wp-content\/uploads\/2021\/07\/We-know-people-matter-Icon-landscape.png","datePublished":"2015-02-10T10:44:04+00:00","dateModified":"2024-08-06T10:27:48+00:00","description":"I nostri Valori Colt Technology Services","breadcrumb":{"@id":"https:\/\/legacy.colt.net\/it\/our-values\/#breadcrumb"},"inLanguage":"it-IT","potentialAction":[{"@type":"ReadAction","target":["https:\/\/legacy.colt.net\/it\/our-values\/"]}]},{"@type":"ImageObject","inLanguage":"it-IT","@id":"https:\/\/legacy.colt.net\/it\/our-values\/#primaryimage","url":"https:\/\/legacy.colt.net\/wp-content\/uploads\/2021\/07\/We-know-people-matter-Icon-landscape.png","contentUrl":"https:\/\/legacy.colt.net\/wp-content\/uploads\/2021\/07\/We-know-people-matter-Icon-landscape.png"},{"@type":"BreadcrumbList","@id":"https:\/\/legacy.colt.net\/it\/our-values\/#breadcrumb","itemListElement":[{"@type":"ListItem","position":1,"name":"Home","item":"https:\/\/legacy.colt.net\/it\/"},{"@type":"ListItem","position":2,"name":"I nostri Valori"}]},{"@type":"WebSite","@id":"https:\/\/legacy.colt.net\/#website","url":"https:\/\/legacy.colt.net\/","name":"Colt\u30c6\u30af\u30ce\u30ed\u30b8\u30fc\u30b5\u30fc\u30d3\u30b9\u682a\u5f0f\u4f1a\u793e","description":"Managed Network &amp; Voice Services Provider","publisher":{"@id":"https:\/\/legacy.colt.net\/#organization"},"potentialAction":[{"@type":"SearchAction","target":{"@type":"EntryPoint","urlTemplate":"https:\/\/legacy.colt.net\/?s={search_term_string}"},"query-input":{"@type":"PropertyValueSpecification","valueRequired":true,"valueName":"search_term_string"}}],"inLanguage":"it-IT"},{"@type":"Organization","@id":"https:\/\/legacy.colt.net\/#organization","name":"Colt Technology Services","url":"https:\/\/legacy.colt.net\/","logo":{"@type":"ImageObject","inLanguage":"it-IT","@id":"https:\/\/legacy.colt.net\/#\/schema\/logo\/image\/","url":"https:\/\/legacy.colt.net\/wp-content\/uploads\/2019\/02\/Colt-Logo.png","contentUrl":"https:\/\/legacy.colt.net\/wp-content\/uploads\/2019\/02\/Colt-Logo.png","width":195,"height":77,"caption":"Colt Technology Services"},"image":{"@id":"https:\/\/legacy.colt.net\/#\/schema\/logo\/image\/"},"sameAs":["https:\/\/www.facebook.com\/ColtTechnologyServices\/","https:\/\/x.com\/colt_technology","https:\/\/www.instagram.com\/colttechnologyservices\/","https:\/\/www.linkedin.com\/company\/colt-technology-services","https:\/\/www.youtube.com\/user\/ColtTechnology"]}]}},"_links":{"self":[{"href":"https:\/\/legacy.colt.net\/it\/wp-json\/wp\/v2\/pages\/34360","targetHints":{"allow":["GET"]}}],"collection":[{"href":"https:\/\/legacy.colt.net\/it\/wp-json\/wp\/v2\/pages"}],"about":[{"href":"https:\/\/legacy.colt.net\/it\/wp-json\/wp\/v2\/types\/page"}],"author":[{"embeddable":true,"href":"https:\/\/legacy.colt.net\/it\/wp-json\/wp\/v2\/users\/2"}],"replies":[{"embeddable":true,"href":"https:\/\/legacy.colt.net\/it\/wp-json\/wp\/v2\/comments?post=34360"}],"version-history":[{"count":0,"href":"https:\/\/legacy.colt.net\/it\/wp-json\/wp\/v2\/pages\/34360\/revisions"}],"up":[{"embeddable":true,"href":"https:\/\/legacy.colt.net\/it\/wp-json\/wp\/v2\/pages\/34013"}],"wp:attachment":[{"href":"https:\/\/legacy.colt.net\/it\/wp-json\/wp\/v2\/media?parent=34360"}],"wp:term":[{"taxonomy":"colt_type","embeddable":true,"href":"https:\/\/legacy.colt.net\/it\/wp-json\/wp\/v2\/colt_type?post=34360"},{"taxonomy":"colt_products","embeddable":true,"href":"https:\/\/legacy.colt.net\/it\/wp-json\/wp\/v2\/colt_products?post=34360"}],"curies":[{"name":"wp","href":"https:\/\/api.w.org\/{rel}","templated":true}]}}