{"id":34292,"date":"2017-03-13T16:41:52","date_gmt":"2017-03-13T16:41:52","guid":{"rendered":"https:\/\/www.colt.net\/leadership\/"},"modified":"2024-04-19T16:38:09","modified_gmt":"2024-04-19T15:38:09","slug":"leadership","status":"publish","type":"page","link":"https:\/\/legacy.colt.net\/it\/about\/leadership\/","title":{"rendered":"Direzione"},"content":{"rendered":"\n\n\t<nav class=\"breadcrumb\"><span><span><a href=\"https:\/\/legacy.colt.net\/it\/\">Home<\/a><\/span><\/span><\/nav>\n<h1>\n\t\tIl nostro gruppo dirigente\n\t<\/h1>\n<h3>\n\t\tSu Colt\n\t<\/h3>\n\t\t\t<a href=\"https:\/\/legacy.colt.net\/it\/about\/\" target=\"_self\" rel=\"noopener\">\n\t\t\t\t\t\tIndietro\n\t\t\t\t\t<\/a>\n\t\t\t<a href=\"https:\/\/legacy.colt.net\/it\/global-network\/\" target=\"_blank\" rel=\"noopener\">\n\t\t\t\t\t\t\tLa nostra rete\n\t\t\t<\/a>\n\t\t\t\t<img loading=\"lazy\" decoding=\"async\" src=\"https:\/\/legacy.colt.net\/wp-content\/uploads\/2023\/12\/Colt-Image-1.png\" alt=\"Colt-Image-1\" itemprop=\"image\" height=\"922\" width=\"1060\" title=\"Colt-Image-1\" onerror=\"this.style.display='none'\"  \/>\n\t\t\t\t<img decoding=\"async\" src=\"https:\/\/legacy.colt.net\/wp-content\/plugins\/bb-plugin\/img\/pixel.png\" alt=\"\" itemprop=\"image\" onerror=\"this.style.display='none'\"  \/>\n\t<a href=\"https:\/\/legacy.colt.net\/it\/about\/leadership\/keri-gilder\/\" target=\"_self\" aria-label=\"Go to https:\/\/legacy.colt.net\/it\/about\/leadership\/keri-gilder\/\" rel=\"noopener\"><\/a>\n\t\t\t\t<img decoding=\"async\" src=\"https:\/\/legacy.colt.net\/wp-content\/uploads\/bb-plugin\/cache\/Keri-Gilder-scaled-circle.jpg\" alt=\"Keri Gilder\" title=\"Keri Gilder\" itemprop=\"image\"\/>\n\t\t<h3>Keri Gilder<\/h3><h4>Chief Executive Officer<\/h4>\n\t\t\t\t<p>Designata al ruolo nel maggio 2020, Keri \u00e8 responsabile dell&#8217;esecuzione della strategia di Colt che si incentra sul mettere il potere dell&#8217;universo digitale nelle mani dei propri clienti, dove, quando e come ne hanno bisogno.<\/p>\n\t<a href=\"https:\/\/legacy.colt.net\/it\/about\/leadership\/buddy-bayer\/\" target=\"_self\" aria-label=\"Go to https:\/\/legacy.colt.net\/it\/about\/leadership\/buddy-bayer\/\" rel=\"noopener\"><\/a>\n\t\t\t\t<img decoding=\"async\" src=\"https:\/\/legacy.colt.net\/wp-content\/uploads\/bb-plugin\/cache\/Buddy-Circle-1-circle.png\" alt=\"Buddy-Circle 1\" title=\"Buddy-Circle 1\" itemprop=\"image\"\/>\n\t\t<h3>Buddy Bayer<\/h3><h4>Direttore Operativo<\/h4>\n\t\t\t\t<p>Ron &#8220;Buddy&#8221; Bayer \u00e8 Direttore operativo di Colt. Bayer \u00e8 responsabile della gestione delle operazioni globali e delle funzioni di ingegneria di Colt. Buddy sar\u00e0 responsabile dell&#8217;ulteriore sviluppo dell&#8217;infrastruttura e della strategia di rete di Colt, continuando a garantire un&#8217;eccezionale Customer experience.<\/p>\n\t<a href=\"https:\/\/legacy.colt.net\/it\/about\/leadership\/annette-murphy\/\" target=\"_self\" aria-label=\"Go to https:\/\/legacy.colt.net\/it\/about\/leadership\/annette-murphy\/\" rel=\"noopener\"><\/a>\n\t\t\t\t<img decoding=\"async\" src=\"https:\/\/legacy.colt.net\/wp-content\/uploads\/bb-plugin\/cache\/Annette-Murphy-2-circle.png\" alt=\"Annette-Murphy\" title=\"Annette-Murphy\" itemprop=\"image\"\/>\n\t\t<h3>Annette Murphy<\/h3><h4>Chief Commercial Officer<\/h4>\n<p>Annette Murphy \u00e8 Chief Commercial Officer di Colt, alle dirette dipendenze di Keri Gilder, Chief Executive Officer di Colt. In questo ruolo, Annette \u00e8 responsabile della gestione di tutte le attivit\u00e0 di lancio sul mercato di Colt per favorire una crescita redditizia dei ricavi e una forte presenza sul mercato, guidando i team globali di vendita, marketing, successo dei clienti, prodotto, commerciale e partnership strategiche.<\/p>\n\t<a href=\"https:\/\/legacy.colt.net\/it\/about\/leadership\/dan-harris\/\" target=\"_self\" aria-label=\"Go to https:\/\/legacy.colt.net\/it\/about\/leadership\/dan-harris\/\" rel=\"noopener\"><\/a>\n\t\t\t\t<img decoding=\"async\" src=\"https:\/\/legacy.colt.net\/wp-content\/uploads\/bb-plugin\/cache\/Dan_Harris-circle.jpeg\" alt=\"Dan_Harris\" title=\"Dan_Harris\" itemprop=\"image\"\/>\n\t\t<h3>Dan Harris<\/h3><h4>Chief Financial Officer<\/h4>\n\t\t\t\t<p>Dan Harris \u00e8 Chief Financial Officer di Colt Technology Services e guida la realizzazione delle metriche finanziarie globali di Colt e l&#8217;integrazione di Lumen EMEA, guidando al contempo le ambizioni di crescita di Colt.<\/p>\n\t<a href=\"https:\/\/legacy.colt.net\/it\/about\/leadership\/catherine-leaver\/\" target=\"_self\" aria-label=\"Go to https:\/\/legacy.colt.net\/it\/about\/leadership\/catherine-leaver\/\" rel=\"noopener\"><\/a>\n\t\t\t\t<img decoding=\"async\" src=\"https:\/\/legacy.colt.net\/wp-content\/uploads\/bb-plugin\/cache\/Catherine-circle.png\" alt=\"Catherine\" title=\"Catherine\" itemprop=\"image\"\/>\n\t\t<h3>Catherine Leaver<\/h3><h4>Chief People Officer<\/h4>\n<p>Londra, Regno Unito, 22 febbraio 2022 &#8211; Colt Technology Services ha nominato Catherine Leaver nuovo Chief People Officer, con effetto immediato. Esperta di risorse umane nel settore delle telecomunicazioni, Leaver arriva in Colt da Telef\u00f3nica Group, dove ha trascorso gli ultimi 16 anni in ruoli di leadership come senior HR, e in ultimo come HR Director e membro del team esecutivo di Telef\u00f3nica UK &#8211; O2.<\/p>\n\t<a href=\"https:\/\/legacy.colt.net\/it\/about\/leadership\/ashish-surti\/\" target=\"_self\" aria-label=\"Go to https:\/\/legacy.colt.net\/it\/about\/leadership\/ashish-surti\/\" rel=\"noopener\"><\/a>\n\t\t\t\t<img decoding=\"async\" src=\"https:\/\/legacy.colt.net\/wp-content\/uploads\/bb-plugin\/cache\/Ashish-Surti-Square-circle.png\" alt=\"Ashish-Surti-Square\" title=\"Ashish-Surti-Square\" itemprop=\"image\"\/>\n\t\t<h3>Ashish Surti<\/h3><h4>Chief Digital &#038; Information Officer<\/h4>\n<p>Ashish Surti is Colt&#8217;s Chief Digital &amp; Information Officer, reporting to Chief Executive Officer, Keri Gilder.He is responsible for Colt&#8217;s overall technology and security strategy and execution; ensuring Colt streamlines its systems and processes while industrialising the organisation&#8217;s digital ambitions, enhancing security and improving its data quality across the business.<\/p>\n\t<a href=\"https:\/\/legacy.colt.net\/it\/about\/leadership\/caroline-griffin-pain\/\" target=\"_self\" aria-label=\"Go to https:\/\/legacy.colt.net\/it\/about\/leadership\/caroline-griffin-pain\/\" rel=\"noopener\"><\/a>\n\t\t\t\t<img decoding=\"async\" src=\"https:\/\/legacy.colt.net\/wp-content\/uploads\/bb-plugin\/cache\/Caroline-Griffin-Pain-Photo-circle.jpg\" alt=\"Caroline Griffin Pain Photo\" title=\"Caroline Griffin Pain Photo\" itemprop=\"image\"\/>\n\t\t<h3>Caroline Griffin Pain<\/h3><h4>Chief Legal Officer<\/h4>\n<p>Caroline Griffin Pain \u00e8 stata eletta Company Secretary &amp; Legal Counsel nell&#8217;aprile 2005. Caroline \u00e8 anche responsabile della strategia ESG di Colt, compresa la sostenibilit\u00e0, la diversit\u00e0 e l&#8217;inclusione. Caroline \u00e8 entrata in Colt in seguito a una joint venture di Reuters, Radianz, dove era Segretario della Societ\u00e0 dopo aver precedentemente ricoperto posizioni di alta direzione presso Antfactory and Rea Brothers Group dove era Responsabile Affari Legali e Segretario.<\/p>\n<h2>\n\t\tOur Board of Directors\n\t<\/h2>\n\t\t\t\t<img decoding=\"async\" src=\"https:\/\/legacy.colt.net\/wp-content\/uploads\/bb-plugin\/cache\/Mike-Wilens-circle.jpg\" alt=\"Mike Wilens\" title=\"Mike Wilens\" itemprop=\"image\"\/>\n\t\t<h3>Michael Wilens<\/h3><h4>Chairman<\/h4>\t\t\t\n\t\t\t\t<a href=\"https:\/\/legacy.colt.net\/it\/about\/leadership\/michael-wilens\/\" target=\"_self\" rel=\"noopener\">Continua a leggere&#8230;<\/a>\t\t\t\n\t\t\t\t<img decoding=\"async\" src=\"https:\/\/legacy.colt.net\/wp-content\/uploads\/bb-plugin\/cache\/Keri-Gilder-scaled-circle.jpg\" alt=\"Keri Gilder\" title=\"Keri Gilder\" itemprop=\"image\"\/>\n\t\t<h3>Keri Gilder<\/h3><h4>Chief Executive Officer<\/h4>\t\t\t\n\t\t\t\t<a href=\"https:\/\/legacy.colt.net\/it\/about\/leadership\/keri-gilder\/\" target=\"_self\" rel=\"noopener\">Continua a leggere&#8230;<\/a>\t\t\t\n\t\t\t\t<img decoding=\"async\" src=\"https:\/\/legacy.colt.net\/wp-content\/uploads\/bb-plugin\/cache\/Caroline-Griffin-Pain-Photo-circle.jpg\" alt=\"Caroline Griffin Pain Photo\" title=\"Caroline Griffin Pain Photo\" itemprop=\"image\"\/>\n\t\t<h3>Caroline Griffin Pain<\/h3><h4>Chief Legal Officer<\/h4>\t\t\t\n\t\t\t\t<a href=\"https:\/\/legacy.colt.net\/it\/about\/leadership\/caroline-griffin-pain\/\" target=\"_self\" rel=\"noopener\">Continua a leggere&#8230;<\/a>\t\t\t\n\t\t\t\t<img decoding=\"async\" src=\"https:\/\/legacy.colt.net\/wp-content\/uploads\/bb-plugin\/cache\/Abby-Johnson-450x600-circle.jpg\" alt=\"Abby-Johnson-450x600\" title=\"Abby-Johnson-450x600\" itemprop=\"image\"\/>\n\t\t<h3>Abby Johnson<\/h3><h4>Non-executive Director<\/h4>\t\t\t\n\t\t\t\t<a href=\"https:\/\/legacy.colt.net\/it\/about\/leadership\/abby-johnson\/\" target=\"_self\" rel=\"noopener\">Continua a leggere&#8230;<\/a>\t\t\t\n\t\t\t\t<img decoding=\"async\" src=\"https:\/\/legacy.colt.net\/wp-content\/uploads\/bb-plugin\/cache\/Jennifer-Uhrig-450x600-circle.jpg\" alt=\"Jennifer-Uhrig-450x600\" title=\"Jennifer-Uhrig-450x600\" itemprop=\"image\"\/>\n\t\t<h3>Jennifer Uhrig<\/h3><h4>Non-executive Director<\/h4>\t\t\t\n\t\t\t\t<a href=\"https:\/\/legacy.colt.net\/it\/about\/leadership\/jennifer-uhrig\/\" target=\"_self\" rel=\"noopener\">Continua a leggere&#8230;<\/a>\t\t\t\n\t\t\t\t<img decoding=\"async\" src=\"https:\/\/legacy.colt.net\/wp-content\/uploads\/bb-plugin\/cache\/Suzanne-circle.jpg\" alt=\"Suzanne\" title=\"Suzanne\" itemprop=\"image\"\/>\n\t\t<h3>Suzanne Streeter<\/h3><h4>Non-executive Director<\/h4>\t\t\t\n\t\t\t\t<a href=\"https:\/\/legacy.colt.net\/it\/about\/leadership\/suzanne-streeter\/\" target=\"_self\" rel=\"noopener\">Continua a leggere&#8230;<\/a>\t\t\t\n\t\t\t\t<img decoding=\"async\" src=\"https:\/\/legacy.colt.net\/wp-content\/uploads\/bb-plugin\/cache\/Stevee_Neff-circle.jpg\" alt=\"Stevee_Neff\" title=\"Stevee_Neff\" itemprop=\"image\"\/>\n\t\t<h3>Steve Neff<\/h3><h4>Non-executive Director<\/h4>\t\t\t\n\t\t\t\t<a href=\"https:\/\/legacy.colt.net\/it\/about\/leadership\/steve-neff\/\" target=\"_self\" rel=\"noopener\">Continua a leggere&#8230;<\/a>\t\t\t\n\t\t\t\t<img decoding=\"async\" src=\"https:\/\/legacy.colt.net\/wp-content\/uploads\/bb-plugin\/cache\/John-Avery-circle.png\" alt=\"John Avery\" title=\"John Avery\" itemprop=\"image\"\/>\n\t\t<h3>John Avery<\/h3><h4>Non-executive Director<\/h4>\t\t\t\n\t\t\t\t<a href=\"https:\/\/legacy.colt.net\/it\/about\/leadership\/john-avery\/\" target=\"_self\" rel=\"noopener\">Continua a leggere&#8230;<\/a>\t\t\t\n<h2>\n\t\tAudit Committee\n\t<\/h2>\n\t\t\t\t<img decoding=\"async\" src=\"https:\/\/legacy.colt.net\/wp-content\/uploads\/bb-plugin\/cache\/Jennifer-Uhrig-450x600-circle.jpg\" alt=\"Jennifer-Uhrig-450x600\" title=\"Jennifer-Uhrig-450x600\" itemprop=\"image\"\/>\n\t\t<h3>Jennifer Uhrig<\/h3><h4>Member of the Audit Committee<\/h4>\t\t\t\n\t\t\t\t<a href=\"https:\/\/legacy.colt.net\/it\/about\/leadership\/jennifer-uhrig\/\" target=\"_self\" rel=\"noopener\">Continua a leggere&#8230;<\/a>\t\t\t\n\t\t\t\t<img decoding=\"async\" src=\"https:\/\/legacy.colt.net\/wp-content\/uploads\/bb-plugin\/cache\/John-Avery-circle.png\" alt=\"John Avery\" title=\"John Avery\" itemprop=\"image\"\/>\n\t\t<h3>John Avery<\/h3><h4>Member of the Audit Committee<\/h4>\t\t\t\n\t\t\t\t<a href=\"https:\/\/legacy.colt.net\/it\/about\/leadership\/john-avery\/\" target=\"_self\" rel=\"noopener\">Continua a leggere&#8230;<\/a>\t\t\t\n\t\t\t\t<img decoding=\"async\" src=\"https:\/\/legacy.colt.net\/wp-content\/uploads\/bb-plugin\/cache\/Suzanne-circle.jpg\" alt=\"Suzanne\" title=\"Suzanne\" itemprop=\"image\"\/>\n\t\t<h3>Suzanne Streeter<\/h3><h4>Member of the Audit Committee<\/h4>\t\t\t\n\t\t\t\t<a href=\"https:\/\/legacy.colt.net\/it\/about\/leadership\/suzanne-streeter\/\" target=\"_self\" rel=\"noopener\">Continua a leggere&#8230;<\/a>\t\t\t\n<h2>\n\t\tRemuneration Committee\n\t<\/h2>\n\t\t\t\t<img decoding=\"async\" src=\"https:\/\/legacy.colt.net\/wp-content\/uploads\/bb-plugin\/cache\/Murphy_Pat-1-circle.jpg\" alt=\"Murphy_Pat\" title=\"Murphy_Pat\" itemprop=\"image\"\/>\n\t\t<h3>Pat Murphy<\/h3><h4>Member of the Remuneration Committee<\/h4>\t\t\t\n\t\t\t\t<a href=\"https:\/\/legacy.colt.net\/it\/about\/leadership\/pat-murphy\/\" target=\"_self\" rel=\"noopener\">Continua a leggere&#8230;<\/a>\t\t\t\n\t\t\t\t<img decoding=\"async\" src=\"https:\/\/legacy.colt.net\/wp-content\/uploads\/bb-plugin\/cache\/Stevee_Neff-circle.jpg\" alt=\"Stevee_Neff\" title=\"Stevee_Neff\" itemprop=\"image\"\/>\n\t\t<h3>Steve Neff<\/h3><h4>Member of the Remuneration Committee<\/h4>\t\t\t\n\t\t\t\t<a href=\"https:\/\/legacy.colt.net\/it\/about\/leadership\/steve-neff\/\" target=\"_self\" rel=\"noopener\">Continua a leggere&#8230;<\/a>\t\t\t\n\t\t\t\t<img decoding=\"async\" src=\"https:\/\/legacy.colt.net\/wp-content\/uploads\/bb-plugin\/cache\/Jason-Hamilton-Photo-circle.jpg\" alt=\"Jason Hamilton Photo\" title=\"Jason Hamilton Photo\" itemprop=\"image\"\/>\n\t\t<h3>Jason Hamilton<\/h3><h4>Member of the Remuneration Committee<\/h4>\t\t\t\n\t\t\t\t<a href=\"https:\/\/legacy.colt.net\/about\/leadership\/jason-hamilton\/\" target=\"_self\" rel=\"noopener\">Continua a leggere&#8230;<\/a>\t\t\t\n\n","protected":false},"excerpt":{"rendered":"<p>Il nostro gruppo dirigente Su Colt Indietro La nostra rete Keri Gilder Chief Executive Officer Designata al ruolo nel maggio 2020, Keri \u00e8 responsabile dell&#8217;esecuzione della strategia di Colt che si incentra sul mettere il potere dell&#8217;universo digitale nelle mani dei propri clienti, dove, quando e come ne hanno bisogno. Buddy Bayer Direttore Operativo Ron&#8230;<\/p>\n","protected":false},"author":2,"featured_media":0,"parent":34013,"menu_order":0,"comment_status":"closed","ping_status":"closed","template":"","meta":{"_acf_changed":false,"footnotes":""},"colt_type":[],"colt_products":[],"class_list":["post-34292","page","type-page","status-publish","hentry"],"acf":[],"yoast_head":"<!-- This site is optimized with the Yoast SEO plugin v26.8 - https:\/\/yoast.com\/product\/yoast-seo-wordpress\/ -->\n<title>Direzione | Colt Technology Services | IT<\/title>\n<meta name=\"description\" content=\"Direzione Colt Technology Services\" \/>\n<meta name=\"robots\" content=\"noindex, follow, max-snippet:-1, max-image-preview:large, max-video-preview:-1\" \/>\n<meta property=\"og:locale\" content=\"it_IT\" \/>\n<meta property=\"og:type\" content=\"article\" \/>\n<meta property=\"og:title\" content=\"Direzione | Colt Technology Services | IT\" \/>\n<meta property=\"og:description\" content=\"Direzione Colt Technology Services\" \/>\n<meta property=\"og:url\" content=\"https:\/\/legacy.colt.net\/it\/about\/leadership\/\" \/>\n<meta property=\"og:site_name\" content=\"Colt Technology Services\" \/>\n<meta property=\"article:publisher\" content=\"https:\/\/www.facebook.com\/ColtTechnologyServices\/\" \/>\n<meta property=\"article:modified_time\" content=\"2024-04-19T15:38:09+00:00\" \/>\n<meta property=\"og:image\" content=\"https:\/\/legacy.colt.net\/wp-content\/uploads\/2021\/01\/Brand-2021-Stock-10-1.jpg\" \/>\n\t<meta property=\"og:image:width\" content=\"1000\" \/>\n\t<meta property=\"og:image:height\" content=\"668\" \/>\n\t<meta property=\"og:image:type\" content=\"image\/jpeg\" \/>\n<meta name=\"twitter:card\" content=\"summary_large_image\" \/>\n<meta name=\"twitter:site\" content=\"@colt_technology\" \/>\n<meta name=\"twitter:label1\" content=\"Est. reading time\" \/>\n\t<meta name=\"twitter:data1\" content=\"3 minutes\" \/>\n<script type=\"application\/ld+json\" class=\"yoast-schema-graph\">{\"@context\":\"https:\/\/schema.org\",\"@graph\":[{\"@type\":\"WebPage\",\"@id\":\"https:\/\/legacy.colt.net\/it\/about\/leadership\/\",\"url\":\"https:\/\/legacy.colt.net\/it\/about\/leadership\/\",\"name\":\"Direzione | Colt Technology Services | IT\",\"isPartOf\":{\"@id\":\"https:\/\/legacy.colt.net\/#website\"},\"primaryImageOfPage\":{\"@id\":\"https:\/\/legacy.colt.net\/it\/about\/leadership\/#primaryimage\"},\"image\":{\"@id\":\"https:\/\/legacy.colt.net\/it\/about\/leadership\/#primaryimage\"},\"thumbnailUrl\":\"https:\/\/legacy.colt.net\/wp-content\/uploads\/2023\/12\/Colt-Image-1.png\",\"datePublished\":\"2017-03-13T16:41:52+00:00\",\"dateModified\":\"2024-04-19T15:38:09+00:00\",\"description\":\"Direzione Colt Technology Services\",\"breadcrumb\":{\"@id\":\"https:\/\/legacy.colt.net\/it\/about\/leadership\/#breadcrumb\"},\"inLanguage\":\"it-IT\",\"potentialAction\":[{\"@type\":\"ReadAction\",\"target\":[\"https:\/\/legacy.colt.net\/it\/about\/leadership\/\"]}]},{\"@type\":\"ImageObject\",\"inLanguage\":\"it-IT\",\"@id\":\"https:\/\/legacy.colt.net\/it\/about\/leadership\/#primaryimage\",\"url\":\"https:\/\/legacy.colt.net\/wp-content\/uploads\/2023\/12\/Colt-Image-1.png\",\"contentUrl\":\"https:\/\/legacy.colt.net\/wp-content\/uploads\/2023\/12\/Colt-Image-1.png\"},{\"@type\":\"BreadcrumbList\",\"@id\":\"https:\/\/legacy.colt.net\/it\/about\/leadership\/#breadcrumb\",\"itemListElement\":[{\"@type\":\"ListItem\",\"position\":1,\"name\":\"Home\",\"item\":\"https:\/\/legacy.colt.net\/it\/\"},{\"@type\":\"ListItem\",\"position\":2,\"name\":\"Su Colt\",\"item\":\"https:\/\/legacy.colt.net\/it\/about\/\"},{\"@type\":\"ListItem\",\"position\":3,\"name\":\"Direzione\"}]},{\"@type\":\"WebSite\",\"@id\":\"https:\/\/legacy.colt.net\/#website\",\"url\":\"https:\/\/legacy.colt.net\/\",\"name\":\"Colt\u30c6\u30af\u30ce\u30ed\u30b8\u30fc\u30b5\u30fc\u30d3\u30b9\u682a\u5f0f\u4f1a\u793e\",\"description\":\"Managed Network &amp; Voice Services Provider\",\"publisher\":{\"@id\":\"https:\/\/legacy.colt.net\/#organization\"},\"potentialAction\":[{\"@type\":\"SearchAction\",\"target\":{\"@type\":\"EntryPoint\",\"urlTemplate\":\"https:\/\/legacy.colt.net\/?s={search_term_string}\"},\"query-input\":{\"@type\":\"PropertyValueSpecification\",\"valueRequired\":true,\"valueName\":\"search_term_string\"}}],\"inLanguage\":\"it-IT\"},{\"@type\":\"Organization\",\"@id\":\"https:\/\/legacy.colt.net\/#organization\",\"name\":\"Colt Technology Services\",\"url\":\"https:\/\/legacy.colt.net\/\",\"logo\":{\"@type\":\"ImageObject\",\"inLanguage\":\"it-IT\",\"@id\":\"https:\/\/legacy.colt.net\/#\/schema\/logo\/image\/\",\"url\":\"https:\/\/legacy.colt.net\/wp-content\/uploads\/2019\/02\/Colt-Logo.png\",\"contentUrl\":\"https:\/\/legacy.colt.net\/wp-content\/uploads\/2019\/02\/Colt-Logo.png\",\"width\":195,\"height\":77,\"caption\":\"Colt Technology Services\"},\"image\":{\"@id\":\"https:\/\/legacy.colt.net\/#\/schema\/logo\/image\/\"},\"sameAs\":[\"https:\/\/www.facebook.com\/ColtTechnologyServices\/\",\"https:\/\/x.com\/colt_technology\",\"https:\/\/www.instagram.com\/colttechnologyservices\/\",\"https:\/\/www.linkedin.com\/company\/colt-technology-services\",\"https:\/\/www.youtube.com\/user\/ColtTechnology\"]}]}<\/script>\n<!-- \/ Yoast SEO plugin. -->","yoast_head_json":{"title":"Direzione | Colt Technology Services | IT","description":"Direzione Colt Technology Services","robots":{"index":"noindex","follow":"follow","max-snippet":"max-snippet:-1","max-image-preview":"max-image-preview:large","max-video-preview":"max-video-preview:-1"},"og_locale":"it_IT","og_type":"article","og_title":"Direzione | Colt Technology Services | IT","og_description":"Direzione Colt Technology Services","og_url":"https:\/\/legacy.colt.net\/it\/about\/leadership\/","og_site_name":"Colt Technology Services","article_publisher":"https:\/\/www.facebook.com\/ColtTechnologyServices\/","article_modified_time":"2024-04-19T15:38:09+00:00","og_image":[{"width":1000,"height":668,"url":"https:\/\/legacy.colt.net\/wp-content\/uploads\/2021\/01\/Brand-2021-Stock-10-1.jpg","type":"image\/jpeg"}],"twitter_card":"summary_large_image","twitter_site":"@colt_technology","twitter_misc":{"Est. reading time":"3 minutes"},"schema":{"@context":"https:\/\/schema.org","@graph":[{"@type":"WebPage","@id":"https:\/\/legacy.colt.net\/it\/about\/leadership\/","url":"https:\/\/legacy.colt.net\/it\/about\/leadership\/","name":"Direzione | Colt Technology Services | IT","isPartOf":{"@id":"https:\/\/legacy.colt.net\/#website"},"primaryImageOfPage":{"@id":"https:\/\/legacy.colt.net\/it\/about\/leadership\/#primaryimage"},"image":{"@id":"https:\/\/legacy.colt.net\/it\/about\/leadership\/#primaryimage"},"thumbnailUrl":"https:\/\/legacy.colt.net\/wp-content\/uploads\/2023\/12\/Colt-Image-1.png","datePublished":"2017-03-13T16:41:52+00:00","dateModified":"2024-04-19T15:38:09+00:00","description":"Direzione Colt Technology Services","breadcrumb":{"@id":"https:\/\/legacy.colt.net\/it\/about\/leadership\/#breadcrumb"},"inLanguage":"it-IT","potentialAction":[{"@type":"ReadAction","target":["https:\/\/legacy.colt.net\/it\/about\/leadership\/"]}]},{"@type":"ImageObject","inLanguage":"it-IT","@id":"https:\/\/legacy.colt.net\/it\/about\/leadership\/#primaryimage","url":"https:\/\/legacy.colt.net\/wp-content\/uploads\/2023\/12\/Colt-Image-1.png","contentUrl":"https:\/\/legacy.colt.net\/wp-content\/uploads\/2023\/12\/Colt-Image-1.png"},{"@type":"BreadcrumbList","@id":"https:\/\/legacy.colt.net\/it\/about\/leadership\/#breadcrumb","itemListElement":[{"@type":"ListItem","position":1,"name":"Home","item":"https:\/\/legacy.colt.net\/it\/"},{"@type":"ListItem","position":2,"name":"Su Colt","item":"https:\/\/legacy.colt.net\/it\/about\/"},{"@type":"ListItem","position":3,"name":"Direzione"}]},{"@type":"WebSite","@id":"https:\/\/legacy.colt.net\/#website","url":"https:\/\/legacy.colt.net\/","name":"Colt\u30c6\u30af\u30ce\u30ed\u30b8\u30fc\u30b5\u30fc\u30d3\u30b9\u682a\u5f0f\u4f1a\u793e","description":"Managed Network &amp; Voice Services Provider","publisher":{"@id":"https:\/\/legacy.colt.net\/#organization"},"potentialAction":[{"@type":"SearchAction","target":{"@type":"EntryPoint","urlTemplate":"https:\/\/legacy.colt.net\/?s={search_term_string}"},"query-input":{"@type":"PropertyValueSpecification","valueRequired":true,"valueName":"search_term_string"}}],"inLanguage":"it-IT"},{"@type":"Organization","@id":"https:\/\/legacy.colt.net\/#organization","name":"Colt Technology Services","url":"https:\/\/legacy.colt.net\/","logo":{"@type":"ImageObject","inLanguage":"it-IT","@id":"https:\/\/legacy.colt.net\/#\/schema\/logo\/image\/","url":"https:\/\/legacy.colt.net\/wp-content\/uploads\/2019\/02\/Colt-Logo.png","contentUrl":"https:\/\/legacy.colt.net\/wp-content\/uploads\/2019\/02\/Colt-Logo.png","width":195,"height":77,"caption":"Colt Technology Services"},"image":{"@id":"https:\/\/legacy.colt.net\/#\/schema\/logo\/image\/"},"sameAs":["https:\/\/www.facebook.com\/ColtTechnologyServices\/","https:\/\/x.com\/colt_technology","https:\/\/www.instagram.com\/colttechnologyservices\/","https:\/\/www.linkedin.com\/company\/colt-technology-services","https:\/\/www.youtube.com\/user\/ColtTechnology"]}]}},"_links":{"self":[{"href":"https:\/\/legacy.colt.net\/it\/wp-json\/wp\/v2\/pages\/34292","targetHints":{"allow":["GET"]}}],"collection":[{"href":"https:\/\/legacy.colt.net\/it\/wp-json\/wp\/v2\/pages"}],"about":[{"href":"https:\/\/legacy.colt.net\/it\/wp-json\/wp\/v2\/types\/page"}],"author":[{"embeddable":true,"href":"https:\/\/legacy.colt.net\/it\/wp-json\/wp\/v2\/users\/2"}],"replies":[{"embeddable":true,"href":"https:\/\/legacy.colt.net\/it\/wp-json\/wp\/v2\/comments?post=34292"}],"version-history":[{"count":0,"href":"https:\/\/legacy.colt.net\/it\/wp-json\/wp\/v2\/pages\/34292\/revisions"}],"up":[{"embeddable":true,"href":"https:\/\/legacy.colt.net\/it\/wp-json\/wp\/v2\/pages\/34013"}],"wp:attachment":[{"href":"https:\/\/legacy.colt.net\/it\/wp-json\/wp\/v2\/media?parent=34292"}],"wp:term":[{"taxonomy":"colt_type","embeddable":true,"href":"https:\/\/legacy.colt.net\/it\/wp-json\/wp\/v2\/colt_type?post=34292"},{"taxonomy":"colt_products","embeddable":true,"href":"https:\/\/legacy.colt.net\/it\/wp-json\/wp\/v2\/colt_products?post=34292"}],"curies":[{"name":"wp","href":"https:\/\/api.w.org\/{rel}","templated":true}]}}