{"id":34220,"date":"2017-03-13T16:15:26","date_gmt":"2017-03-13T16:15:26","guid":{"rendered":"https:\/\/www.colt.net\/coverage-maps\/"},"modified":"2023-11-02T08:16:58","modified_gmt":"2023-11-02T08:16:58","slug":"coverage-maps","status":"publish","type":"page","link":"https:\/\/legacy.colt.net\/it\/global-network\/coverage-maps\/","title":{"rendered":"Coverage Maps"},"content":{"rendered":"\n\n\t<nav class=\"breadcrumb\"><span><span><a href=\"https:\/\/legacy.colt.net\/it\/\">Home<\/a><\/span><\/span><\/nav>\n\t<p>La mappa relativa alla copertura della rete in fibra ottica illustra la nostra rete in espansione e all&#8217;avanguardia che collega perfettamente pi\u00f9 di 32.000 edifici e pi\u00f9 di 1.100 data center in 38 paesi.<\/p>\n<p>I clienti, di tutte le dimensioni, che operano nei vari settori possono trarre beneficio dai servizi dati, voce che il network di Colt supporta con gli standard industriali pi\u00f9 elevati a livello di performance, latenza e sicurezza.<\/p>\n<p>La rete di Colt \u00e8 in costante crescita ed evoluzione. La scalabilit\u00e0, la copertura e la capacit\u00e0 della rete di un fornitore sono dei fattori chiave quando si vuole consolidare la propria quota di mercato oppure accedere a nuovi mercati. La rete di Colt offre ai propri clienti una singola visuale sul servizio e sulle performance e una user experience uniforme in tutto il mondo, con una gestione operativa 24 ore su 24, 7 giorni su 7. L&#8217;infrastruttura avanzata di Colt si traduce in numerosi benefici per i clienti che, giorno dopo giorno, dispongono di servizi flessibili, dinamici e affidabili. I rigorosi Service Level Agreement (SLA) di Colt siglati con i clienti on-net sono tra i pi\u00f9 severi del settore. Colt continua a sviluppare la propria rete, proponendo anche un&#8217;offerta Off-Net volta a migliorare la propria copertura e i servizi.<\/p>\n\t\t\t\t<img decoding=\"async\" src=\"https:\/\/legacy.colt.net\/wp-content\/uploads\/2022\/07\/Colt-IQ-network-Logo_Social-2-copy-1.png\" alt=\"Colt-IQ-network-Logo_Social 2 copy\" title=\"Colt-IQ-network-Logo_Social 2 copy\" itemprop=\"image\"  \/>\n\t\t\t\t<img loading=\"lazy\" decoding=\"async\" src=\"https:\/\/legacy.colt.net\/wp-content\/uploads\/2023\/10\/Map-Colt-Connected-Cities-23-Nov-1.png\" alt=\"Map---Colt-Connected-Cities-23-Nov-1\" itemprop=\"image\" height=\"1555\" width=\"2634\" title=\"Map---Colt-Connected-Cities-23-Nov-1\" onerror=\"this.style.display='none'\"  \/>\n<h2>\n\t\tDomande? Siamo qui per aiutarti.\n\t<\/h2>\n<p>Parla adesso con uno dei nostri specialisti. Siamo qui per offrire consigli, fornire ulteriori informazioni e rispondere a qualsiasi domanda tu abbia.<\/p>\n\t\t\t<a href=\"https:\/\/legacy.colt.net\/it\/connect\/\" target=\"_self\" role=\"button\" rel=\"noopener\">\n\t\t\t\t\t\t\tVerifica la tua connettivit\u00e0\n\t\t\t\t\t<\/a>\n\t\t\t\t<img loading=\"lazy\" decoding=\"async\" src=\"https:\/\/legacy.colt.net\/wp-content\/uploads\/2023\/10\/Untitled-4.png\" alt=\"Untitled-4\" itemprop=\"image\" height=\"568\" width=\"907\" title=\"Untitled-4\" onerror=\"this.style.display='none'\"  \/>\n\n","protected":false},"excerpt":{"rendered":"<p>La mappa relativa alla copertura della rete in fibra ottica illustra la nostra rete in espansione e all&#8217;avanguardia che collega perfettamente pi\u00f9 di 32.000 edifici e pi\u00f9 di 1.100 data center in 38 paesi. I clienti, di tutte le dimensioni, che operano nei vari settori possono trarre beneficio dai servizi dati, voce che il network&#8230;<\/p>\n","protected":false},"author":2,"featured_media":0,"parent":34280,"menu_order":0,"comment_status":"closed","ping_status":"closed","template":"","meta":{"_acf_changed":false,"footnotes":""},"colt_type":[],"colt_products":[],"class_list":["post-34220","page","type-page","status-publish","hentry"],"acf":[],"yoast_head":"<!-- This site is optimized with the Yoast SEO plugin v26.8 - https:\/\/yoast.com\/product\/yoast-seo-wordpress\/ -->\n<title>Coverage Maps | Colt Technology Services | IT<\/title>\n<meta name=\"description\" content=\"Coverage Maps Colt Technology Services\" \/>\n<meta name=\"robots\" content=\"noindex, follow, max-snippet:-1, max-image-preview:large, max-video-preview:-1\" \/>\n<meta property=\"og:locale\" content=\"it_IT\" \/>\n<meta property=\"og:type\" content=\"article\" \/>\n<meta property=\"og:title\" content=\"Coverage Maps | Colt Technology Services | IT\" \/>\n<meta property=\"og:description\" content=\"Coverage Maps Colt Technology Services\" \/>\n<meta property=\"og:url\" content=\"https:\/\/legacy.colt.net\/it\/global-network\/coverage-maps\/\" \/>\n<meta property=\"og:site_name\" content=\"Colt Technology Services\" \/>\n<meta property=\"article:publisher\" content=\"https:\/\/www.facebook.com\/ColtTechnologyServices\/\" \/>\n<meta property=\"article:modified_time\" content=\"2023-11-02T08:16:58+00:00\" \/>\n<meta property=\"og:image\" content=\"https:\/\/legacy.colt.net\/wp-content\/uploads\/2021\/01\/Brand-2021-Stock-16.jpg\" \/>\n\t<meta property=\"og:image:width\" content=\"1000\" \/>\n\t<meta property=\"og:image:height\" content=\"667\" \/>\n\t<meta property=\"og:image:type\" content=\"image\/jpeg\" \/>\n<meta name=\"twitter:card\" content=\"summary_large_image\" \/>\n<meta name=\"twitter:site\" content=\"@colt_technology\" \/>\n<meta name=\"twitter:label1\" content=\"Est. reading time\" \/>\n\t<meta name=\"twitter:data1\" content=\"1 minute\" \/>\n<script type=\"application\/ld+json\" class=\"yoast-schema-graph\">{\"@context\":\"https:\/\/schema.org\",\"@graph\":[{\"@type\":\"WebPage\",\"@id\":\"https:\/\/legacy.colt.net\/it\/global-network\/coverage-maps\/\",\"url\":\"https:\/\/legacy.colt.net\/it\/global-network\/coverage-maps\/\",\"name\":\"Coverage Maps | Colt Technology Services | IT\",\"isPartOf\":{\"@id\":\"https:\/\/legacy.colt.net\/#website\"},\"primaryImageOfPage\":{\"@id\":\"https:\/\/legacy.colt.net\/it\/global-network\/coverage-maps\/#primaryimage\"},\"image\":{\"@id\":\"https:\/\/legacy.colt.net\/it\/global-network\/coverage-maps\/#primaryimage\"},\"thumbnailUrl\":\"https:\/\/legacy.colt.net\/wp-content\/uploads\/2022\/07\/Colt-IQ-network-Logo_Social-2-copy-1.png\",\"datePublished\":\"2017-03-13T16:15:26+00:00\",\"dateModified\":\"2023-11-02T08:16:58+00:00\",\"description\":\"Coverage Maps Colt Technology Services\",\"breadcrumb\":{\"@id\":\"https:\/\/legacy.colt.net\/it\/global-network\/coverage-maps\/#breadcrumb\"},\"inLanguage\":\"it-IT\",\"potentialAction\":[{\"@type\":\"ReadAction\",\"target\":[\"https:\/\/legacy.colt.net\/it\/global-network\/coverage-maps\/\"]}]},{\"@type\":\"ImageObject\",\"inLanguage\":\"it-IT\",\"@id\":\"https:\/\/legacy.colt.net\/it\/global-network\/coverage-maps\/#primaryimage\",\"url\":\"https:\/\/legacy.colt.net\/wp-content\/uploads\/2022\/07\/Colt-IQ-network-Logo_Social-2-copy-1.png\",\"contentUrl\":\"https:\/\/legacy.colt.net\/wp-content\/uploads\/2022\/07\/Colt-IQ-network-Logo_Social-2-copy-1.png\"},{\"@type\":\"BreadcrumbList\",\"@id\":\"https:\/\/legacy.colt.net\/it\/global-network\/coverage-maps\/#breadcrumb\",\"itemListElement\":[{\"@type\":\"ListItem\",\"position\":1,\"name\":\"Home\",\"item\":\"https:\/\/legacy.colt.net\/it\/\"},{\"@type\":\"ListItem\",\"position\":2,\"name\":\"Colt IQ Network\",\"item\":\"https:\/\/legacy.colt.net\/it\/global-network\/\"},{\"@type\":\"ListItem\",\"position\":3,\"name\":\"Coverage Maps\"}]},{\"@type\":\"WebSite\",\"@id\":\"https:\/\/legacy.colt.net\/#website\",\"url\":\"https:\/\/legacy.colt.net\/\",\"name\":\"Colt\u30c6\u30af\u30ce\u30ed\u30b8\u30fc\u30b5\u30fc\u30d3\u30b9\u682a\u5f0f\u4f1a\u793e\",\"description\":\"Managed Network &amp; Voice Services Provider\",\"publisher\":{\"@id\":\"https:\/\/legacy.colt.net\/#organization\"},\"potentialAction\":[{\"@type\":\"SearchAction\",\"target\":{\"@type\":\"EntryPoint\",\"urlTemplate\":\"https:\/\/legacy.colt.net\/?s={search_term_string}\"},\"query-input\":{\"@type\":\"PropertyValueSpecification\",\"valueRequired\":true,\"valueName\":\"search_term_string\"}}],\"inLanguage\":\"it-IT\"},{\"@type\":\"Organization\",\"@id\":\"https:\/\/legacy.colt.net\/#organization\",\"name\":\"Colt Technology Services\",\"url\":\"https:\/\/legacy.colt.net\/\",\"logo\":{\"@type\":\"ImageObject\",\"inLanguage\":\"it-IT\",\"@id\":\"https:\/\/legacy.colt.net\/#\/schema\/logo\/image\/\",\"url\":\"https:\/\/legacy.colt.net\/wp-content\/uploads\/2019\/02\/Colt-Logo.png\",\"contentUrl\":\"https:\/\/legacy.colt.net\/wp-content\/uploads\/2019\/02\/Colt-Logo.png\",\"width\":195,\"height\":77,\"caption\":\"Colt Technology Services\"},\"image\":{\"@id\":\"https:\/\/legacy.colt.net\/#\/schema\/logo\/image\/\"},\"sameAs\":[\"https:\/\/www.facebook.com\/ColtTechnologyServices\/\",\"https:\/\/x.com\/colt_technology\",\"https:\/\/www.instagram.com\/colttechnologyservices\/\",\"https:\/\/www.linkedin.com\/company\/colt-technology-services\",\"https:\/\/www.youtube.com\/user\/ColtTechnology\"]}]}<\/script>\n<!-- \/ Yoast SEO plugin. -->","yoast_head_json":{"title":"Coverage Maps | Colt Technology Services | IT","description":"Coverage Maps Colt Technology Services","robots":{"index":"noindex","follow":"follow","max-snippet":"max-snippet:-1","max-image-preview":"max-image-preview:large","max-video-preview":"max-video-preview:-1"},"og_locale":"it_IT","og_type":"article","og_title":"Coverage Maps | Colt Technology Services | IT","og_description":"Coverage Maps Colt Technology Services","og_url":"https:\/\/legacy.colt.net\/it\/global-network\/coverage-maps\/","og_site_name":"Colt Technology Services","article_publisher":"https:\/\/www.facebook.com\/ColtTechnologyServices\/","article_modified_time":"2023-11-02T08:16:58+00:00","og_image":[{"width":1000,"height":667,"url":"https:\/\/legacy.colt.net\/wp-content\/uploads\/2021\/01\/Brand-2021-Stock-16.jpg","type":"image\/jpeg"}],"twitter_card":"summary_large_image","twitter_site":"@colt_technology","twitter_misc":{"Est. reading time":"1 minute"},"schema":{"@context":"https:\/\/schema.org","@graph":[{"@type":"WebPage","@id":"https:\/\/legacy.colt.net\/it\/global-network\/coverage-maps\/","url":"https:\/\/legacy.colt.net\/it\/global-network\/coverage-maps\/","name":"Coverage Maps | Colt Technology Services | IT","isPartOf":{"@id":"https:\/\/legacy.colt.net\/#website"},"primaryImageOfPage":{"@id":"https:\/\/legacy.colt.net\/it\/global-network\/coverage-maps\/#primaryimage"},"image":{"@id":"https:\/\/legacy.colt.net\/it\/global-network\/coverage-maps\/#primaryimage"},"thumbnailUrl":"https:\/\/legacy.colt.net\/wp-content\/uploads\/2022\/07\/Colt-IQ-network-Logo_Social-2-copy-1.png","datePublished":"2017-03-13T16:15:26+00:00","dateModified":"2023-11-02T08:16:58+00:00","description":"Coverage Maps Colt Technology Services","breadcrumb":{"@id":"https:\/\/legacy.colt.net\/it\/global-network\/coverage-maps\/#breadcrumb"},"inLanguage":"it-IT","potentialAction":[{"@type":"ReadAction","target":["https:\/\/legacy.colt.net\/it\/global-network\/coverage-maps\/"]}]},{"@type":"ImageObject","inLanguage":"it-IT","@id":"https:\/\/legacy.colt.net\/it\/global-network\/coverage-maps\/#primaryimage","url":"https:\/\/legacy.colt.net\/wp-content\/uploads\/2022\/07\/Colt-IQ-network-Logo_Social-2-copy-1.png","contentUrl":"https:\/\/legacy.colt.net\/wp-content\/uploads\/2022\/07\/Colt-IQ-network-Logo_Social-2-copy-1.png"},{"@type":"BreadcrumbList","@id":"https:\/\/legacy.colt.net\/it\/global-network\/coverage-maps\/#breadcrumb","itemListElement":[{"@type":"ListItem","position":1,"name":"Home","item":"https:\/\/legacy.colt.net\/it\/"},{"@type":"ListItem","position":2,"name":"Colt IQ Network","item":"https:\/\/legacy.colt.net\/it\/global-network\/"},{"@type":"ListItem","position":3,"name":"Coverage Maps"}]},{"@type":"WebSite","@id":"https:\/\/legacy.colt.net\/#website","url":"https:\/\/legacy.colt.net\/","name":"Colt\u30c6\u30af\u30ce\u30ed\u30b8\u30fc\u30b5\u30fc\u30d3\u30b9\u682a\u5f0f\u4f1a\u793e","description":"Managed Network &amp; Voice Services Provider","publisher":{"@id":"https:\/\/legacy.colt.net\/#organization"},"potentialAction":[{"@type":"SearchAction","target":{"@type":"EntryPoint","urlTemplate":"https:\/\/legacy.colt.net\/?s={search_term_string}"},"query-input":{"@type":"PropertyValueSpecification","valueRequired":true,"valueName":"search_term_string"}}],"inLanguage":"it-IT"},{"@type":"Organization","@id":"https:\/\/legacy.colt.net\/#organization","name":"Colt Technology Services","url":"https:\/\/legacy.colt.net\/","logo":{"@type":"ImageObject","inLanguage":"it-IT","@id":"https:\/\/legacy.colt.net\/#\/schema\/logo\/image\/","url":"https:\/\/legacy.colt.net\/wp-content\/uploads\/2019\/02\/Colt-Logo.png","contentUrl":"https:\/\/legacy.colt.net\/wp-content\/uploads\/2019\/02\/Colt-Logo.png","width":195,"height":77,"caption":"Colt Technology Services"},"image":{"@id":"https:\/\/legacy.colt.net\/#\/schema\/logo\/image\/"},"sameAs":["https:\/\/www.facebook.com\/ColtTechnologyServices\/","https:\/\/x.com\/colt_technology","https:\/\/www.instagram.com\/colttechnologyservices\/","https:\/\/www.linkedin.com\/company\/colt-technology-services","https:\/\/www.youtube.com\/user\/ColtTechnology"]}]}},"_links":{"self":[{"href":"https:\/\/legacy.colt.net\/it\/wp-json\/wp\/v2\/pages\/34220","targetHints":{"allow":["GET"]}}],"collection":[{"href":"https:\/\/legacy.colt.net\/it\/wp-json\/wp\/v2\/pages"}],"about":[{"href":"https:\/\/legacy.colt.net\/it\/wp-json\/wp\/v2\/types\/page"}],"author":[{"embeddable":true,"href":"https:\/\/legacy.colt.net\/it\/wp-json\/wp\/v2\/users\/2"}],"replies":[{"embeddable":true,"href":"https:\/\/legacy.colt.net\/it\/wp-json\/wp\/v2\/comments?post=34220"}],"version-history":[{"count":0,"href":"https:\/\/legacy.colt.net\/it\/wp-json\/wp\/v2\/pages\/34220\/revisions"}],"up":[{"embeddable":true,"href":"https:\/\/legacy.colt.net\/it\/wp-json\/wp\/v2\/pages\/34280"}],"wp:attachment":[{"href":"https:\/\/legacy.colt.net\/it\/wp-json\/wp\/v2\/media?parent=34220"}],"wp:term":[{"taxonomy":"colt_type","embeddable":true,"href":"https:\/\/legacy.colt.net\/it\/wp-json\/wp\/v2\/colt_type?post=34220"},{"taxonomy":"colt_products","embeddable":true,"href":"https:\/\/legacy.colt.net\/it\/wp-json\/wp\/v2\/colt_products?post=34220"}],"curies":[{"name":"wp","href":"https:\/\/api.w.org\/{rel}","templated":true}]}}