{"id":34203,"date":"2017-03-13T16:47:54","date_gmt":"2017-03-13T16:47:54","guid":{"rendered":"https:\/\/www.colt.net\/contact-us\/"},"modified":"2025-11-04T11:33:47","modified_gmt":"2025-11-04T11:33:47","slug":"contact-us","status":"publish","type":"page","link":"https:\/\/legacy.colt.net\/it\/contact-us\/","title":{"rendered":"Contattaci"},"content":{"rendered":"\n<h2>\n\t\t\tFare una richiesta di vendita\t<\/h2>\n\t\t\t\t<img decoding=\"async\" src=\"https:\/\/legacy.colt.net\/wp-content\/uploads\/2020\/12\/Transforming-your-digital-workplace.png\" alt=\"Transforming-your-digital-workplace\" itemprop=\"image\" height=\"500\" width=\"500\" title=\"Transforming-your-digital-workplace\" onerror=\"this.style.display='none'\" loading=\"lazy\" \/>\n<h2>\n\t\t\t1. Collegati con noi online\t<\/h2>\n\t<p>Richiedi informazioni su un prodotto o servizio, aggiorna il tuo servizio esistente o comunicaci le tue specifiche esigenze aziendali.<\/p>\n\t\t\t<a href=\"https:\/\/legacy.colt.net\/it\/connect\/\" target=\"_blank\" rel=\"noopener\">\n\t\t\t\t\t\t\tContattaci\n\t\t\t<\/a>\n\t\t\t\t<img decoding=\"async\" src=\"https:\/\/legacy.colt.net\/wp-content\/uploads\/2021\/01\/Business-Phone-Numbers.png\" alt=\"Business Phone Numbers\" itemprop=\"image\" height=\"800\" width=\"800\" title=\"Business Phone Numbers\" onerror=\"this.style.display='none'\" loading=\"lazy\" \/>\n<h2>\n\t\t\t2. Chiama uno specialista\t<\/h2>\n\t<p>Chiamaci per richiedere informazioni su nuovi servizi, modificare servizi esistenti o per altre richieste aziendali.<\/p>\n\t\t\t<a href=\"#call\" target=\"_self\">\n\t\t\t\t\t\t\tChiama Colt\n\t\t\t<\/a>\n\t\t\t\t<img decoding=\"async\" src=\"https:\/\/legacy.colt.net\/wp-content\/uploads\/2021\/01\/Connected-voice-services-1-e1748876774245.png\" alt=\"Connected-voice-services 1\" itemprop=\"image\" title=\"Connected-voice-services 1\" onerror=\"this.style.display='none'\" loading=\"lazy\" \/>\n<h2>\n\t\t\t3. Chatta con noi in tempo reale\t<\/h2>\n\t<p>Il nostro servizio di chat dal vivo per le vendite \u00e8 attivo durante l&#8217;orario di lavoro, dal luned\u00ec al venerd\u00ec, dalle 9:00 alle 17:00.<\/p>\n\t\t    <button  onclick=\"launchChat(event)\">\n\t\t\t<a href=\"#\" target=\"_self\">\n\t\t\t\t\t\t\tChatta con noi\n\t\t\t<\/a>\n\t\t\t<\/button>\n<h2>\n\t\t\tContatta il reparto vendite\t<\/h2>\n<h2>\n\t\t\tRisposta rapida con il nostro strumento Connect\t<\/h2>\n\t<p>Che tu abbia domande relative alle vendite sui nostri prodotti, necessiti di aggiornare il tuo servizio attuale o abbia un&#8217;altra richiesta legata al business, il nostro team dedicato \u00e8 pronto ad aiutarti.<\/p>\n\t\t\t<a href=\"https:\/\/legacy.colt.net\/it\/connect\/\" target=\"_blank\" rel=\"noopener\">\n\t\t\t\t\t\t\tContattaci\n\t\t\t<\/a>\n\t<p>Nota: utilizziamo solo le informazioni che ci fornisci qui per rispondere alla tua email, a meno che tu non ci dica diversamente. Se vuoi saperne di pi\u00f9 su come proteggiamo le tue informazioni personali, dai un&#8217;occhiata alla\u00a0<a href=\"https:\/\/legacy.colt.net\/it\/legal\/data-privacy\/\">nostra politica sulla privacy.<\/a><\/p>\n<h2>\n\t\t\tContatta il reparto vendite\t<\/h2>\n<h2>\n\t\t\tContatta un esperto\t<\/h2>\n\t<p>Chiama uno specialista locale oggi:<\/p>\n\t<p><strong><a href=\"tel:800909319\">+800 909 319<\/a><\/strong><\/p>\n\t<p>Operiamo con uffici in tutto il mondo, per assicurarci di offrire sempre un&#8217;esperienza locale.<\/p>\n\t\t\t<a href=\"https:\/\/legacy.colt.net\/it\/contact-us\/offices\/\" target=\"_blank\" rel=\"noopener\">\n\t\t\t\t\t\t\tUffici locali\n\t\t\t<\/a>\n<h2>\n\t\t\tContatta il reparto vendite\t<\/h2>\n<h2>\n\t\t\tChatta con noi in tempo reale\t<\/h2>\n\t<p><em>Nota: il nostro team del reparto vendite \u00e8 a disposizione per rispondere a richieste di nuovi servizi. Se riscontri problemi con un servizio di cui gi\u00e0 disponi, contatta i team\u00a0<a href=\"https:\/\/legacy.colt.net\/it\/support\/\">di assistenza dedicati per assicurarti<\/a>\u00a0di ricevere una risposta nel minor tempo possibile.<\/em><\/p>\n<p>Dal luned\u00ec al venerd\u00ec dalle 9:00 alle 17:00<\/p>\n\t\t    <button  onclick=\"launchChat(event)\">\n\t\t\t<a href=\"#\" target=\"_self\">\n\t\t\t\t\t\t\tChatta con noi\n\t\t\t<\/a>\n\t\t\t<\/button>\n\n","protected":false},"excerpt":{"rendered":"<p>Fare una richiesta di vendita 1. Collegati con noi online Richiedi informazioni su un prodotto o servizio, aggiorna il tuo servizio esistente o comunicaci le tue specifiche esigenze aziendali. Contattaci 2. Chiama uno specialista Chiamaci per richiedere informazioni su nuovi servizi, modificare servizi esistenti o per altre richieste aziendali. Chiama Colt 3. Chatta con noi&#8230;<\/p>\n","protected":false},"author":2,"featured_media":0,"parent":0,"menu_order":0,"comment_status":"closed","ping_status":"closed","template":"","meta":{"_acf_changed":false,"footnotes":""},"colt_type":[],"colt_products":[],"class_list":["post-34203","page","type-page","status-publish","hentry"],"acf":[],"yoast_head":"<!-- This site is optimized with the Yoast SEO plugin v26.8 - https:\/\/yoast.com\/product\/yoast-seo-wordpress\/ -->\n<title>Contattaci | Colt Technology Services | IT<\/title>\n<meta name=\"description\" content=\"Contattaci Colt Technology Services\" \/>\n<meta name=\"robots\" content=\"noindex, follow, max-snippet:-1, max-image-preview:large, max-video-preview:-1\" \/>\n<meta property=\"og:locale\" content=\"it_IT\" \/>\n<meta property=\"og:type\" content=\"article\" \/>\n<meta property=\"og:title\" content=\"Contattaci | Colt Technology Services | IT\" \/>\n<meta property=\"og:description\" content=\"Contattaci Colt Technology Services\" \/>\n<meta property=\"og:url\" content=\"https:\/\/legacy.colt.net\/it\/contact-us\/\" \/>\n<meta property=\"og:site_name\" content=\"Colt Technology Services\" \/>\n<meta property=\"article:publisher\" content=\"https:\/\/www.facebook.com\/ColtTechnologyServices\/\" \/>\n<meta property=\"article:modified_time\" content=\"2025-11-04T11:33:47+00:00\" \/>\n<meta property=\"og:image\" content=\"https:\/\/legacy.colt.net\/wp-content\/uploads\/2021\/01\/Brand-2021-Stock-29.jpg\" \/>\n\t<meta property=\"og:image:width\" content=\"1000\" \/>\n\t<meta property=\"og:image:height\" content=\"667\" \/>\n\t<meta property=\"og:image:type\" content=\"image\/jpeg\" \/>\n<meta name=\"twitter:card\" content=\"summary_large_image\" \/>\n<meta name=\"twitter:site\" content=\"@colt_technology\" \/>\n<meta name=\"twitter:label1\" content=\"Est. reading time\" \/>\n\t<meta name=\"twitter:data1\" content=\"1 minute\" \/>\n<script type=\"application\/ld+json\" class=\"yoast-schema-graph\">{\"@context\":\"https:\/\/schema.org\",\"@graph\":[{\"@type\":\"WebPage\",\"@id\":\"https:\/\/legacy.colt.net\/it\/contact-us\/\",\"url\":\"https:\/\/legacy.colt.net\/it\/contact-us\/\",\"name\":\"Contattaci | Colt Technology Services | IT\",\"isPartOf\":{\"@id\":\"https:\/\/legacy.colt.net\/#website\"},\"primaryImageOfPage\":{\"@id\":\"https:\/\/legacy.colt.net\/it\/contact-us\/#primaryimage\"},\"image\":{\"@id\":\"https:\/\/legacy.colt.net\/it\/contact-us\/#primaryimage\"},\"thumbnailUrl\":\"https:\/\/legacy.colt.net\/wp-content\/uploads\/2020\/12\/Transforming-your-digital-workplace.png\",\"datePublished\":\"2017-03-13T16:47:54+00:00\",\"dateModified\":\"2025-11-04T11:33:47+00:00\",\"description\":\"Contattaci Colt Technology Services\",\"breadcrumb\":{\"@id\":\"https:\/\/legacy.colt.net\/it\/contact-us\/#breadcrumb\"},\"inLanguage\":\"it-IT\",\"potentialAction\":[{\"@type\":\"ReadAction\",\"target\":[\"https:\/\/legacy.colt.net\/it\/contact-us\/\"]}]},{\"@type\":\"ImageObject\",\"inLanguage\":\"it-IT\",\"@id\":\"https:\/\/legacy.colt.net\/it\/contact-us\/#primaryimage\",\"url\":\"https:\/\/legacy.colt.net\/wp-content\/uploads\/2020\/12\/Transforming-your-digital-workplace.png\",\"contentUrl\":\"https:\/\/legacy.colt.net\/wp-content\/uploads\/2020\/12\/Transforming-your-digital-workplace.png\"},{\"@type\":\"BreadcrumbList\",\"@id\":\"https:\/\/legacy.colt.net\/it\/contact-us\/#breadcrumb\",\"itemListElement\":[{\"@type\":\"ListItem\",\"position\":1,\"name\":\"Home\",\"item\":\"https:\/\/legacy.colt.net\/it\/\"},{\"@type\":\"ListItem\",\"position\":2,\"name\":\"Contattaci\"}]},{\"@type\":\"WebSite\",\"@id\":\"https:\/\/legacy.colt.net\/#website\",\"url\":\"https:\/\/legacy.colt.net\/\",\"name\":\"Colt\u30c6\u30af\u30ce\u30ed\u30b8\u30fc\u30b5\u30fc\u30d3\u30b9\u682a\u5f0f\u4f1a\u793e\",\"description\":\"Managed Network &amp; Voice Services Provider\",\"publisher\":{\"@id\":\"https:\/\/legacy.colt.net\/#organization\"},\"potentialAction\":[{\"@type\":\"SearchAction\",\"target\":{\"@type\":\"EntryPoint\",\"urlTemplate\":\"https:\/\/legacy.colt.net\/?s={search_term_string}\"},\"query-input\":{\"@type\":\"PropertyValueSpecification\",\"valueRequired\":true,\"valueName\":\"search_term_string\"}}],\"inLanguage\":\"it-IT\"},{\"@type\":\"Organization\",\"@id\":\"https:\/\/legacy.colt.net\/#organization\",\"name\":\"Colt Technology Services\",\"url\":\"https:\/\/legacy.colt.net\/\",\"logo\":{\"@type\":\"ImageObject\",\"inLanguage\":\"it-IT\",\"@id\":\"https:\/\/legacy.colt.net\/#\/schema\/logo\/image\/\",\"url\":\"https:\/\/legacy.colt.net\/wp-content\/uploads\/2019\/02\/Colt-Logo.png\",\"contentUrl\":\"https:\/\/legacy.colt.net\/wp-content\/uploads\/2019\/02\/Colt-Logo.png\",\"width\":195,\"height\":77,\"caption\":\"Colt Technology Services\"},\"image\":{\"@id\":\"https:\/\/legacy.colt.net\/#\/schema\/logo\/image\/\"},\"sameAs\":[\"https:\/\/www.facebook.com\/ColtTechnologyServices\/\",\"https:\/\/x.com\/colt_technology\",\"https:\/\/www.instagram.com\/colttechnologyservices\/\",\"https:\/\/www.linkedin.com\/company\/colt-technology-services\",\"https:\/\/www.youtube.com\/user\/ColtTechnology\"]}]}<\/script>\n<!-- \/ Yoast SEO plugin. -->","yoast_head_json":{"title":"Contattaci | Colt Technology Services | IT","description":"Contattaci Colt Technology Services","robots":{"index":"noindex","follow":"follow","max-snippet":"max-snippet:-1","max-image-preview":"max-image-preview:large","max-video-preview":"max-video-preview:-1"},"og_locale":"it_IT","og_type":"article","og_title":"Contattaci | Colt Technology Services | IT","og_description":"Contattaci Colt Technology Services","og_url":"https:\/\/legacy.colt.net\/it\/contact-us\/","og_site_name":"Colt Technology Services","article_publisher":"https:\/\/www.facebook.com\/ColtTechnologyServices\/","article_modified_time":"2025-11-04T11:33:47+00:00","og_image":[{"width":1000,"height":667,"url":"https:\/\/legacy.colt.net\/wp-content\/uploads\/2021\/01\/Brand-2021-Stock-29.jpg","type":"image\/jpeg"}],"twitter_card":"summary_large_image","twitter_site":"@colt_technology","twitter_misc":{"Est. reading time":"1 minute"},"schema":{"@context":"https:\/\/schema.org","@graph":[{"@type":"WebPage","@id":"https:\/\/legacy.colt.net\/it\/contact-us\/","url":"https:\/\/legacy.colt.net\/it\/contact-us\/","name":"Contattaci | Colt Technology Services | IT","isPartOf":{"@id":"https:\/\/legacy.colt.net\/#website"},"primaryImageOfPage":{"@id":"https:\/\/legacy.colt.net\/it\/contact-us\/#primaryimage"},"image":{"@id":"https:\/\/legacy.colt.net\/it\/contact-us\/#primaryimage"},"thumbnailUrl":"https:\/\/legacy.colt.net\/wp-content\/uploads\/2020\/12\/Transforming-your-digital-workplace.png","datePublished":"2017-03-13T16:47:54+00:00","dateModified":"2025-11-04T11:33:47+00:00","description":"Contattaci Colt Technology Services","breadcrumb":{"@id":"https:\/\/legacy.colt.net\/it\/contact-us\/#breadcrumb"},"inLanguage":"it-IT","potentialAction":[{"@type":"ReadAction","target":["https:\/\/legacy.colt.net\/it\/contact-us\/"]}]},{"@type":"ImageObject","inLanguage":"it-IT","@id":"https:\/\/legacy.colt.net\/it\/contact-us\/#primaryimage","url":"https:\/\/legacy.colt.net\/wp-content\/uploads\/2020\/12\/Transforming-your-digital-workplace.png","contentUrl":"https:\/\/legacy.colt.net\/wp-content\/uploads\/2020\/12\/Transforming-your-digital-workplace.png"},{"@type":"BreadcrumbList","@id":"https:\/\/legacy.colt.net\/it\/contact-us\/#breadcrumb","itemListElement":[{"@type":"ListItem","position":1,"name":"Home","item":"https:\/\/legacy.colt.net\/it\/"},{"@type":"ListItem","position":2,"name":"Contattaci"}]},{"@type":"WebSite","@id":"https:\/\/legacy.colt.net\/#website","url":"https:\/\/legacy.colt.net\/","name":"Colt\u30c6\u30af\u30ce\u30ed\u30b8\u30fc\u30b5\u30fc\u30d3\u30b9\u682a\u5f0f\u4f1a\u793e","description":"Managed Network &amp; Voice Services Provider","publisher":{"@id":"https:\/\/legacy.colt.net\/#organization"},"potentialAction":[{"@type":"SearchAction","target":{"@type":"EntryPoint","urlTemplate":"https:\/\/legacy.colt.net\/?s={search_term_string}"},"query-input":{"@type":"PropertyValueSpecification","valueRequired":true,"valueName":"search_term_string"}}],"inLanguage":"it-IT"},{"@type":"Organization","@id":"https:\/\/legacy.colt.net\/#organization","name":"Colt Technology Services","url":"https:\/\/legacy.colt.net\/","logo":{"@type":"ImageObject","inLanguage":"it-IT","@id":"https:\/\/legacy.colt.net\/#\/schema\/logo\/image\/","url":"https:\/\/legacy.colt.net\/wp-content\/uploads\/2019\/02\/Colt-Logo.png","contentUrl":"https:\/\/legacy.colt.net\/wp-content\/uploads\/2019\/02\/Colt-Logo.png","width":195,"height":77,"caption":"Colt Technology Services"},"image":{"@id":"https:\/\/legacy.colt.net\/#\/schema\/logo\/image\/"},"sameAs":["https:\/\/www.facebook.com\/ColtTechnologyServices\/","https:\/\/x.com\/colt_technology","https:\/\/www.instagram.com\/colttechnologyservices\/","https:\/\/www.linkedin.com\/company\/colt-technology-services","https:\/\/www.youtube.com\/user\/ColtTechnology"]}]}},"_links":{"self":[{"href":"https:\/\/legacy.colt.net\/it\/wp-json\/wp\/v2\/pages\/34203","targetHints":{"allow":["GET"]}}],"collection":[{"href":"https:\/\/legacy.colt.net\/it\/wp-json\/wp\/v2\/pages"}],"about":[{"href":"https:\/\/legacy.colt.net\/it\/wp-json\/wp\/v2\/types\/page"}],"author":[{"embeddable":true,"href":"https:\/\/legacy.colt.net\/it\/wp-json\/wp\/v2\/users\/2"}],"replies":[{"embeddable":true,"href":"https:\/\/legacy.colt.net\/it\/wp-json\/wp\/v2\/comments?post=34203"}],"version-history":[{"count":0,"href":"https:\/\/legacy.colt.net\/it\/wp-json\/wp\/v2\/pages\/34203\/revisions"}],"wp:attachment":[{"href":"https:\/\/legacy.colt.net\/it\/wp-json\/wp\/v2\/media?parent=34203"}],"wp:term":[{"taxonomy":"colt_type","embeddable":true,"href":"https:\/\/legacy.colt.net\/it\/wp-json\/wp\/v2\/colt_type?post=34203"},{"taxonomy":"colt_products","embeddable":true,"href":"https:\/\/legacy.colt.net\/it\/wp-json\/wp\/v2\/colt_products?post=34203"}],"curies":[{"name":"wp","href":"https:\/\/api.w.org\/{rel}","templated":true}]}}