{"id":34013,"date":"2017-03-27T15:50:31","date_gmt":"2017-03-27T15:50:31","guid":{"rendered":"https:\/\/www.colt.net\/about-colt\/"},"modified":"2025-07-15T14:14:01","modified_gmt":"2025-07-15T13:14:01","slug":"about","status":"publish","type":"page","link":"https:\/\/legacy.colt.net\/it\/about\/","title":{"rendered":"Su Colt"},"content":{"rendered":"\n<h2>\n\t\t\tColt \u00e8 l&#8217;azienda globale di infrastrutture digitali che offre connessioni straordinarie con un&#8217;attenzione autentica.\t<\/h2>\n<h2>\n\t\t\tColt riunisce persone straordinarie, reti intelligenti su scala globale e partner con cui condivide la stessa mentalit\u00e0, per creare soluzioni che mettono il potere dell&#8217;universo digitale nelle mani dei clienti.\t<\/h2>\n\t<nav class=\"breadcrumb\"><span><span><a href=\"https:\/\/legacy.colt.net\/it\/\">Home<\/a><\/span><\/span><\/nav>\n<h3>\n\t\t\tSu Colt\t<\/h3>\nLa nostra rete, <a href=\"https:\/\/legacy.colt.net\/it\/global-network\/\">la Colt IQ Network<\/a>, offre un&#8217;infrastruttura digitale su misura e garantisce la continuit\u00e0 delle attivit\u00e0 aziendali.\nVogliamo che le aziende leader a livello mondiale scelgano di connettersi con noi e per questo offriamo una customer experience eccezionale. Siamo gi\u00e0 leader nel settore, ma vogliamo puntare sempre pi\u00f9 in alto.\n\u00c8 cos\u00ec che creiamo connessioni straordinarie, con i nostri clienti, i nostri partner, le nostre persone e il nostro pianeta.\n\t\t\t\t<img decoding=\"async\" src=\"https:\/\/legacy.colt.net\/wp-content\/uploads\/2022\/07\/Colt-IQ-network-Logo_Social-2-copy.png\" alt=\"Colt-IQ-network-Logo_Social 2 copy\" itemprop=\"image\" height=\"632\" width=\"559\" title=\"Colt-IQ-network-Logo_Social 2 copy\" onerror=\"this.style.display='none'\" loading='lazy' \/>\n<h3>\n\t\t\tPerch\u00e8 Colt \u00e8 diversa?\t<\/h3>\n\t\t\t\t<img decoding=\"async\" src=\"https:\/\/legacy.colt.net\/wp-content\/uploads\/2023\/01\/Tech-and-Sustainability-icon-1.png\" alt=\"Tech-and-Sustainability-icon-1\" itemprop=\"image\" height=\"500\" width=\"500\" title=\"Tech-and-Sustainability-icon-1\" onerror=\"this.style.display='none'\" loading='lazy' \/>\n<h2>\n\t\t\tStandard elevati in termini di tecnologia e sostenibilit\u00e0\t<\/h2>\n\t\t\t\t<img decoding=\"async\" src=\"https:\/\/legacy.colt.net\/wp-content\/uploads\/2023\/01\/Billiant-People-icon-1.png\" alt=\"Billiant-People-icon-1\" itemprop=\"image\" height=\"500\" width=\"500\" title=\"Billiant-People-icon-1\" onerror=\"this.style.display='none'\" loading='lazy' \/>\n<h2>\n\t\t\tPersone brillanti che offrono ai clienti il miglior servizio del settore\t<\/h2>\n\t\t\t\t<img decoding=\"async\" src=\"https:\/\/legacy.colt.net\/wp-content\/uploads\/2023\/01\/Partner-icon-1.png\" alt=\"Partner-icon-1\" itemprop=\"image\" height=\"500\" width=\"500\" title=\"Partner-icon-1\" onerror=\"this.style.display='none'\" loading='lazy' \/>\n<h2>\n\t\t\tLa co-creazione \u00e8 al centro del nostro approccio grazie a incredibili ecosistemi di partner\t<\/h2>\n\t\t\t\t<img decoding=\"async\" src=\"https:\/\/legacy.colt.net\/wp-content\/uploads\/2023\/01\/World-Class-Network-icon-1.png\" alt=\"World-Class-Network-icon-1\" itemprop=\"image\" height=\"500\" width=\"500\" title=\"World-Class-Network-icon-1\" onerror=\"this.style.display='none'\" loading='lazy' \/>\n<h2>\n\t\t\tUna rete di portata mondiale che supporta la tua evoluzione futura\t<\/h2>\n\t\t\t\t<img decoding=\"async\" src=\"https:\/\/legacy.colt.net\/wp-content\/uploads\/2023\/01\/Impact-Our-World-icon-1.png\" alt=\"Impact-Our-World-icon-1\" itemprop=\"image\" height=\"500\" width=\"500\" title=\"Impact-Our-World-icon-1\" onerror=\"this.style.display='none'\" loading='lazy' \/>\n<h2>\n\t\t\tUn impatto rivoluzionario per i nostri clienti e per il mondo\t<\/h2>\n<h3>\n\t\t\tIn cosa crediamo\t<\/h3>\n\tAbbiamo un insieme comune di valori al centro del nostro modo di fare affari. Questi valori identificano non solo ci\u00f2 che facciamo, ma anche come lo facciamo. Scopri di pi\u00f9 sui nostri valori <a href=\"https:\/\/legacy.colt.net\/it\/about\/values\/\">qui<\/a>.\n\t\t\t\t<img decoding=\"async\" src=\"https:\/\/legacy.colt.net\/wp-content\/uploads\/2021\/07\/We-know-people-matter-Icon-landscape.png\" alt=\"We-know-people-matter-Icon-landscape\" itemprop=\"image\" height=\"420\" width=\"600\" title=\"We-know-people-matter-Icon-landscape\" onerror=\"this.style.display='none'\" loading='lazy' \/>\n<h2>\n\t\t\tSappiamo che le persone contano\t<\/h2>\n\t<p>Che si tratti di un cliente, di un partner o di un dipendente, costruiamo relazioni basate su fiducia, onest\u00e0, rispetto e integrit\u00e0.<\/p>\n\t\t\t\t<img decoding=\"async\" src=\"https:\/\/legacy.colt.net\/wp-content\/uploads\/2021\/07\/We-always-find-a-better-way-Icon-landscape.png\" alt=\"We-always-find-a-better-way-Icon-landscape\" itemprop=\"image\" height=\"420\" width=\"600\" title=\"We-always-find-a-better-way-Icon-landscape\" onerror=\"this.style.display='none'\" loading='lazy' \/>\n<h2>\n\t\t\tTroviamo sempre una soluzione migliore\t<\/h2>\n\t<p>Rimanendo un passo avanti, consentiamo ai nostri clienti di avere successo grazie alla potenza della connettivit\u00e0. Siamo rapidi nell&#8217;adattarci e assumerci la responsabilit\u00e0 delle promesse che facciamo.<\/p>\n\t\t\t\t<img decoding=\"async\" src=\"https:\/\/legacy.colt.net\/wp-content\/uploads\/2021\/07\/We-win-together-Icon-landscape.png\" alt=\"We-win-together-Icon-landscape\" itemprop=\"image\" height=\"420\" width=\"600\" title=\"We-win-together-Icon-landscape\" onerror=\"this.style.display='none'\" loading='lazy' \/>\n<h2>\n\t\t\tVinciamo insieme\t<\/h2>\n\t<p>Crediamo nel potere di molti e stiamo fianco a fianco con clienti, partner e colleghi collaborando su idee, condividendo rischi e riconoscimenti tra tutti.<\/p>\n\t\t\t\t<img decoding=\"async\" src=\"https:\/\/legacy.colt.net\/wp-content\/uploads\/2021\/07\/We-can-change-the-world-Port-Icon-landscape.png\" alt=\"We-can-change-the-world-Port-Icon-landscape\" itemprop=\"image\" height=\"420\" width=\"600\" title=\"We-can-change-the-world-Port-Icon-landscape\" onerror=\"this.style.display='none'\" loading='lazy' \/>\n<h2>\n\t\t\tPossiamo cambiare il mondo\t<\/h2>\n\t<p>Nous voulons rendre le monde meilleur. Mieux connect\u00e9, plus durable, plus juste pour tous. Nous utilisons ce que nous avons &#8211; passion, technologie et connectivit\u00e9 &#8211; pour cr\u00e9er du bien.<\/p>\n<h3>\n\t\t\tCosa facciamo\t<\/h3>\n\t<p>Il nostro\u00a0portafoglio di servizi offre un&#8217;esperienza uniforme in Europa, Asia e Nord America, su una piattaforma e una tecnologia comune, consentendo alle aziende di affrontare le sfide legate alla digitalizzazione, concentrandosi al contempo sulle loro priorit\u00e0 di business e accedere a mercati nuovi ed emergenti.<\/p>\n\t\t\t\t<img decoding=\"async\" src=\"https:\/\/legacy.colt.net\/wp-content\/uploads\/2023\/01\/What-makes-us-different-01.png\" alt=\"What-makes-us-different-01\" itemprop=\"image\" height=\"1280\" width=\"1280\" title=\"What-makes-us-different-01\" onerror=\"this.style.display='none'\" loading='lazy' \/>\n\n","protected":false},"excerpt":{"rendered":"<p>Colt \u00e8 l&#8217;azienda globale di infrastrutture digitali che offre connessioni straordinarie con un&#8217;attenzione autentica. Colt riunisce persone straordinarie, reti intelligenti su scala globale e partner con cui condivide la stessa mentalit\u00e0, per creare soluzioni che mettono il potere dell&#8217;universo digitale nelle mani dei clienti. Su Colt La nostra rete, la Colt IQ Network, offre un&#8217;infrastruttura&#8230;<\/p>\n","protected":false},"author":2,"featured_media":0,"parent":0,"menu_order":0,"comment_status":"closed","ping_status":"closed","template":"","meta":{"_acf_changed":false,"footnotes":""},"colt_type":[],"colt_products":[],"class_list":["post-34013","page","type-page","status-publish","hentry"],"acf":[],"yoast_head":"<!-- This site is optimized with the Yoast SEO plugin v26.8 - https:\/\/yoast.com\/product\/yoast-seo-wordpress\/ -->\n<title>Su Colt | Colt Technology Services | IT<\/title>\n<meta name=\"description\" content=\"Su Colt Colt Technology Services\" \/>\n<meta name=\"robots\" content=\"noindex, follow, max-snippet:-1, max-image-preview:large, max-video-preview:-1\" \/>\n<meta property=\"og:locale\" content=\"it_IT\" \/>\n<meta property=\"og:type\" content=\"article\" \/>\n<meta property=\"og:title\" content=\"Su Colt | Colt Technology Services | IT\" \/>\n<meta property=\"og:description\" content=\"Su Colt Colt Technology Services\" \/>\n<meta property=\"og:url\" content=\"https:\/\/legacy.colt.net\/it\/about\/\" \/>\n<meta property=\"og:site_name\" content=\"Colt Technology Services\" \/>\n<meta property=\"article:publisher\" content=\"https:\/\/www.facebook.com\/ColtTechnologyServices\/\" \/>\n<meta property=\"article:modified_time\" content=\"2025-07-15T13:14:01+00:00\" \/>\n<meta property=\"og:image\" content=\"https:\/\/legacy.colt.net\/wp-content\/uploads\/2021\/01\/Brand-2021-Stock-29.jpg\" \/>\n\t<meta property=\"og:image:width\" content=\"1000\" \/>\n\t<meta property=\"og:image:height\" content=\"667\" \/>\n\t<meta property=\"og:image:type\" content=\"image\/jpeg\" \/>\n<meta name=\"twitter:card\" content=\"summary_large_image\" \/>\n<meta name=\"twitter:site\" content=\"@colt_technology\" \/>\n<meta name=\"twitter:label1\" content=\"Est. reading time\" \/>\n\t<meta name=\"twitter:data1\" content=\"2 minutes\" \/>\n<script type=\"application\/ld+json\" class=\"yoast-schema-graph\">{\"@context\":\"https:\/\/schema.org\",\"@graph\":[{\"@type\":\"WebPage\",\"@id\":\"https:\/\/legacy.colt.net\/it\/about\/\",\"url\":\"https:\/\/legacy.colt.net\/it\/about\/\",\"name\":\"Su Colt | Colt Technology Services | IT\",\"isPartOf\":{\"@id\":\"https:\/\/legacy.colt.net\/#website\"},\"primaryImageOfPage\":{\"@id\":\"https:\/\/legacy.colt.net\/it\/about\/#primaryimage\"},\"image\":{\"@id\":\"https:\/\/legacy.colt.net\/it\/about\/#primaryimage\"},\"thumbnailUrl\":\"https:\/\/legacy.colt.net\/wp-content\/uploads\/2022\/07\/Colt-IQ-network-Logo_Social-2-copy.png\",\"datePublished\":\"2017-03-27T15:50:31+00:00\",\"dateModified\":\"2025-07-15T13:14:01+00:00\",\"description\":\"Su Colt Colt Technology Services\",\"breadcrumb\":{\"@id\":\"https:\/\/legacy.colt.net\/it\/about\/#breadcrumb\"},\"inLanguage\":\"it-IT\",\"potentialAction\":[{\"@type\":\"ReadAction\",\"target\":[\"https:\/\/legacy.colt.net\/it\/about\/\"]}]},{\"@type\":\"ImageObject\",\"inLanguage\":\"it-IT\",\"@id\":\"https:\/\/legacy.colt.net\/it\/about\/#primaryimage\",\"url\":\"https:\/\/legacy.colt.net\/wp-content\/uploads\/2022\/07\/Colt-IQ-network-Logo_Social-2-copy.png\",\"contentUrl\":\"https:\/\/legacy.colt.net\/wp-content\/uploads\/2022\/07\/Colt-IQ-network-Logo_Social-2-copy.png\"},{\"@type\":\"BreadcrumbList\",\"@id\":\"https:\/\/legacy.colt.net\/it\/about\/#breadcrumb\",\"itemListElement\":[{\"@type\":\"ListItem\",\"position\":1,\"name\":\"Home\",\"item\":\"https:\/\/legacy.colt.net\/it\/\"},{\"@type\":\"ListItem\",\"position\":2,\"name\":\"Su Colt\"}]},{\"@type\":\"WebSite\",\"@id\":\"https:\/\/legacy.colt.net\/#website\",\"url\":\"https:\/\/legacy.colt.net\/\",\"name\":\"Colt\u30c6\u30af\u30ce\u30ed\u30b8\u30fc\u30b5\u30fc\u30d3\u30b9\u682a\u5f0f\u4f1a\u793e\",\"description\":\"Managed Network &amp; Voice Services Provider\",\"publisher\":{\"@id\":\"https:\/\/legacy.colt.net\/#organization\"},\"potentialAction\":[{\"@type\":\"SearchAction\",\"target\":{\"@type\":\"EntryPoint\",\"urlTemplate\":\"https:\/\/legacy.colt.net\/?s={search_term_string}\"},\"query-input\":{\"@type\":\"PropertyValueSpecification\",\"valueRequired\":true,\"valueName\":\"search_term_string\"}}],\"inLanguage\":\"it-IT\"},{\"@type\":\"Organization\",\"@id\":\"https:\/\/legacy.colt.net\/#organization\",\"name\":\"Colt Technology Services\",\"url\":\"https:\/\/legacy.colt.net\/\",\"logo\":{\"@type\":\"ImageObject\",\"inLanguage\":\"it-IT\",\"@id\":\"https:\/\/legacy.colt.net\/#\/schema\/logo\/image\/\",\"url\":\"https:\/\/legacy.colt.net\/wp-content\/uploads\/2019\/02\/Colt-Logo.png\",\"contentUrl\":\"https:\/\/legacy.colt.net\/wp-content\/uploads\/2019\/02\/Colt-Logo.png\",\"width\":195,\"height\":77,\"caption\":\"Colt Technology Services\"},\"image\":{\"@id\":\"https:\/\/legacy.colt.net\/#\/schema\/logo\/image\/\"},\"sameAs\":[\"https:\/\/www.facebook.com\/ColtTechnologyServices\/\",\"https:\/\/x.com\/colt_technology\",\"https:\/\/www.instagram.com\/colttechnologyservices\/\",\"https:\/\/www.linkedin.com\/company\/colt-technology-services\",\"https:\/\/www.youtube.com\/user\/ColtTechnology\"]}]}<\/script>\n<!-- \/ Yoast SEO plugin. -->","yoast_head_json":{"title":"Su Colt | Colt Technology Services | IT","description":"Su Colt Colt Technology Services","robots":{"index":"noindex","follow":"follow","max-snippet":"max-snippet:-1","max-image-preview":"max-image-preview:large","max-video-preview":"max-video-preview:-1"},"og_locale":"it_IT","og_type":"article","og_title":"Su Colt | Colt Technology Services | IT","og_description":"Su Colt Colt Technology Services","og_url":"https:\/\/legacy.colt.net\/it\/about\/","og_site_name":"Colt Technology Services","article_publisher":"https:\/\/www.facebook.com\/ColtTechnologyServices\/","article_modified_time":"2025-07-15T13:14:01+00:00","og_image":[{"width":1000,"height":667,"url":"https:\/\/legacy.colt.net\/wp-content\/uploads\/2021\/01\/Brand-2021-Stock-29.jpg","type":"image\/jpeg"}],"twitter_card":"summary_large_image","twitter_site":"@colt_technology","twitter_misc":{"Est. reading time":"2 minutes"},"schema":{"@context":"https:\/\/schema.org","@graph":[{"@type":"WebPage","@id":"https:\/\/legacy.colt.net\/it\/about\/","url":"https:\/\/legacy.colt.net\/it\/about\/","name":"Su Colt | Colt Technology Services | IT","isPartOf":{"@id":"https:\/\/legacy.colt.net\/#website"},"primaryImageOfPage":{"@id":"https:\/\/legacy.colt.net\/it\/about\/#primaryimage"},"image":{"@id":"https:\/\/legacy.colt.net\/it\/about\/#primaryimage"},"thumbnailUrl":"https:\/\/legacy.colt.net\/wp-content\/uploads\/2022\/07\/Colt-IQ-network-Logo_Social-2-copy.png","datePublished":"2017-03-27T15:50:31+00:00","dateModified":"2025-07-15T13:14:01+00:00","description":"Su Colt Colt Technology Services","breadcrumb":{"@id":"https:\/\/legacy.colt.net\/it\/about\/#breadcrumb"},"inLanguage":"it-IT","potentialAction":[{"@type":"ReadAction","target":["https:\/\/legacy.colt.net\/it\/about\/"]}]},{"@type":"ImageObject","inLanguage":"it-IT","@id":"https:\/\/legacy.colt.net\/it\/about\/#primaryimage","url":"https:\/\/legacy.colt.net\/wp-content\/uploads\/2022\/07\/Colt-IQ-network-Logo_Social-2-copy.png","contentUrl":"https:\/\/legacy.colt.net\/wp-content\/uploads\/2022\/07\/Colt-IQ-network-Logo_Social-2-copy.png"},{"@type":"BreadcrumbList","@id":"https:\/\/legacy.colt.net\/it\/about\/#breadcrumb","itemListElement":[{"@type":"ListItem","position":1,"name":"Home","item":"https:\/\/legacy.colt.net\/it\/"},{"@type":"ListItem","position":2,"name":"Su Colt"}]},{"@type":"WebSite","@id":"https:\/\/legacy.colt.net\/#website","url":"https:\/\/legacy.colt.net\/","name":"Colt\u30c6\u30af\u30ce\u30ed\u30b8\u30fc\u30b5\u30fc\u30d3\u30b9\u682a\u5f0f\u4f1a\u793e","description":"Managed Network &amp; Voice Services Provider","publisher":{"@id":"https:\/\/legacy.colt.net\/#organization"},"potentialAction":[{"@type":"SearchAction","target":{"@type":"EntryPoint","urlTemplate":"https:\/\/legacy.colt.net\/?s={search_term_string}"},"query-input":{"@type":"PropertyValueSpecification","valueRequired":true,"valueName":"search_term_string"}}],"inLanguage":"it-IT"},{"@type":"Organization","@id":"https:\/\/legacy.colt.net\/#organization","name":"Colt Technology Services","url":"https:\/\/legacy.colt.net\/","logo":{"@type":"ImageObject","inLanguage":"it-IT","@id":"https:\/\/legacy.colt.net\/#\/schema\/logo\/image\/","url":"https:\/\/legacy.colt.net\/wp-content\/uploads\/2019\/02\/Colt-Logo.png","contentUrl":"https:\/\/legacy.colt.net\/wp-content\/uploads\/2019\/02\/Colt-Logo.png","width":195,"height":77,"caption":"Colt Technology Services"},"image":{"@id":"https:\/\/legacy.colt.net\/#\/schema\/logo\/image\/"},"sameAs":["https:\/\/www.facebook.com\/ColtTechnologyServices\/","https:\/\/x.com\/colt_technology","https:\/\/www.instagram.com\/colttechnologyservices\/","https:\/\/www.linkedin.com\/company\/colt-technology-services","https:\/\/www.youtube.com\/user\/ColtTechnology"]}]}},"_links":{"self":[{"href":"https:\/\/legacy.colt.net\/it\/wp-json\/wp\/v2\/pages\/34013","targetHints":{"allow":["GET"]}}],"collection":[{"href":"https:\/\/legacy.colt.net\/it\/wp-json\/wp\/v2\/pages"}],"about":[{"href":"https:\/\/legacy.colt.net\/it\/wp-json\/wp\/v2\/types\/page"}],"author":[{"embeddable":true,"href":"https:\/\/legacy.colt.net\/it\/wp-json\/wp\/v2\/users\/2"}],"replies":[{"embeddable":true,"href":"https:\/\/legacy.colt.net\/it\/wp-json\/wp\/v2\/comments?post=34013"}],"version-history":[{"count":0,"href":"https:\/\/legacy.colt.net\/it\/wp-json\/wp\/v2\/pages\/34013\/revisions"}],"wp:attachment":[{"href":"https:\/\/legacy.colt.net\/it\/wp-json\/wp\/v2\/media?parent=34013"}],"wp:term":[{"taxonomy":"colt_type","embeddable":true,"href":"https:\/\/legacy.colt.net\/it\/wp-json\/wp\/v2\/colt_type?post=34013"},{"taxonomy":"colt_products","embeddable":true,"href":"https:\/\/legacy.colt.net\/it\/wp-json\/wp\/v2\/colt_products?post=34013"}],"curies":[{"name":"wp","href":"https:\/\/api.w.org\/{rel}","templated":true}]}}