{"id":33910,"date":"2019-03-05T11:25:49","date_gmt":"2019-03-05T11:25:49","guid":{"rendered":"https:\/\/www.colt.net\/?page_id=33910"},"modified":"2025-08-13T09:25:14","modified_gmt":"2025-08-13T08:25:14","slug":"home","status":"publish","type":"page","link":"https:\/\/legacy.colt.net\/it\/","title":{"rendered":"Home IT"},"content":{"rendered":"\n<h2>\n\t\t\tDigital Infrastructure Report 2024\t<\/h2>\n<h2>\n\t\t\tIl percorso del CIO verso un futuro migliore\t<\/h2>\n\t<p>Nel frenetico mondo digitale di oggi, i CIO sono in prima linea per trovare il giusto equilibrio tra crescita tecnologica e responsabilit\u00e0 ambientale. Il Digital Infrastructure Report 2024 di Colt ha provato a capire come si sta evolvendo la relazione tra infrastruttura digitale, impatto ambientale e governance.<\/p>\n\t\t\t<a href=\"https:\/\/legacy.colt.net\/it\/go\/digital-infrastructure-report-2024\/\" target=\"_blank\" rel=\"noopener\">\n\t\t\t\t\t\t\tOttieni il report\n\t\t\t\t\t<\/a>\n\t\t\t\t<img decoding=\"async\" src=\"https:\/\/legacy.colt.net\/wp-content\/uploads\/2024\/11\/GC3-IT-Cover-Image.png\" alt=\"GC3-IT-Cover-Image\" itemprop=\"image\" height=\"946\" width=\"997\" title=\"GC3-IT-Cover-Image\" onerror=\"this.style.display='none'\" loading='lazy' \/>\n<h2>\n\t\t\tConnettivit\u00e0 straordinaria\t<\/h2>\n\t<p>Siamo Colt, la societ\u00e0 globale di infrastrutture digitali che offre connessioni straordinarie con cura genuina.<\/p>\n<p>Ora puoi connetterti di pi\u00f9 con Colt. Siamo in grado di offrirti pi\u00f9 soluzioni di infrastruttura digitale per contribuire alla crescita della tua azienda, il tutto con la stessa straordinaria customer experience.<\/p>\n\t\t\t<h3>32k+<\/h3>\t\t\t\n\t\t\t\t<p>Edifici aziendali direttamente connessi in fibra tramite la fibra propria di Colt in Europa, Asia e Stati Uniti.<\/p>\n\t\t\t<h3>1100+<\/h3>\t\t\t\n\t\t\t\t<p>Centri dati, nuvole e hotel per carrier connessi, pi\u00f9 di qualsiasi altro fornitore in Europa, Asia e Stati Uniti.<\/p>\n\t\t\t<h3>230+<\/h3>\t\t\t\n\t\t\t\t<p>Citt\u00e0 connesse alla nostra rete, con 50 reti metropolitane profonde a livello globale.<\/p>\n\t\t\t<h3>27k+<\/h3>\t\t\t\n\t\t\t\t<p>I clienti ricevono l&#8217;esperienza leader del settore Colt in 40 paesi in tutto il mondo.<\/p>\n\t\t\t<h3>900+<\/h3>\t\t\t\n\t\t\t\t<p>Interfacce da rete a rete con altri operatori, garantendo coerenza nel nostro ecosistema.<\/p>\n\t\t\t<h3>250+<\/h3>\t\t\t\n\t\t\t\t<p>Punti di presenza (PoP) cloud connessi in tutto il mondo con connettivit\u00e0 ai fornitori di cloud globali.<\/p>\n<h2>\n\t\t\tSoluzioni che alimentano la trasformazione digitale\t<\/h2>\n\t\t\t\t<img decoding=\"async\" src=\"https:\/\/legacy.colt.net\/wp-content\/uploads\/2021\/01\/Connecting-to-the-cloud-1.png\" alt=\"Connecting-to-the-cloud-1\" title=\"Connecting-to-the-cloud-1\" itemprop=\"image\"\/>\n\t\t<h3>Connessione al cloud alle tue condizioni.<\/h3>\t\t\t\n\t\t\t\t<p>Abilita una connettivit\u00e0 intelligente e scalabile al cloud, in pochi minuti.<\/p>\n\t\t\t\t<img decoding=\"async\" src=\"https:\/\/legacy.colt.net\/wp-content\/uploads\/2020\/12\/Connecting-your-enterprise-network-2.png\" alt=\"Connecting-your-enterprise-network-2\" title=\"Connecting-your-enterprise-network-2\" itemprop=\"image\"\/>\n\t\t<h3>Connetti la tua rete aziendale<\/h3>\t\t\t\n\t\t\t\t<p>Potenzia il tuo viaggio di trasformazione digitale attraverso il cambiamento.<\/p>\n\t\t\t\t<img decoding=\"async\" src=\"https:\/\/legacy.colt.net\/wp-content\/uploads\/2021\/11\/Hybrid-Workforce.png\" alt=\"Hybrid Workforce\" title=\"Hybrid Workforce\" itemprop=\"image\"\/>\n\t\t<h3>Per connettere la forza lavoro ibrida<\/h3>\t\t\t\n\t\t\t\t<p>Connettivit\u00e0 intelligente, sicura e scalabile ovunque siano i lavoratori.<\/p>\n\t\t\t\t<img decoding=\"async\" src=\"https:\/\/legacy.colt.net\/wp-content\/uploads\/2021\/01\/IP-Access-On-Demand.png\" alt=\"IP Access On Demand\" title=\"IP Access On Demand\" itemprop=\"image\"\/>\n\t\t<h3>Connettivit\u00e0 On Demand<\/h3>\t\t\t\n\t\t\t\t<p>Ottieni un controllo scalabile e in tempo reale della connettivit\u00e0 di rete.<\/p>\n\t\t\t\t<img decoding=\"async\" src=\"https:\/\/legacy.colt.net\/wp-content\/uploads\/2020\/12\/Building-your-network-1.png\" alt=\"Building-your-network-1\" title=\"Building-your-network-1\" itemprop=\"image\"\/>\n\t\t<h3>Costruisci il tuo backbone<\/h3>\t\t\t\n\t\t\t\t<p>Prova una connettivit\u00e0 sicura, dalle prestazioni elevate e a banda larga.<\/p>\n\t\t\t\t<img decoding=\"async\" src=\"https:\/\/legacy.colt.net\/wp-content\/uploads\/2021\/01\/Managed-Firewall.png\" alt=\"Managed Firewall\" title=\"Managed Firewall\" itemprop=\"image\"\/>\n\t\t<h3>Proteggi la tua azienda dalle minacce informatiche<\/h3>\t\t\t\n\t\t\t\t<p>Proteggi la tua azienda dalle minacce informatiche.<\/p>\n\t\t\t\t<img decoding=\"async\" src=\"https:\/\/legacy.colt.net\/wp-content\/uploads\/2021\/01\/Connected-voice-services-1-e1748876774245.png\" alt=\"Connected-voice-services 1\" title=\"Connected-voice-services 1\" itemprop=\"image\"\/>\n\t\t<h3>Connect your voice services<\/h3>\t\t\t\n\t\t\t\t<p>Evolve &amp; scale your voice and UC (unified communications) infrastructure.<\/p>\n\t\t\t\t<img decoding=\"async\" src=\"https:\/\/legacy.colt.net\/wp-content\/uploads\/2021\/01\/Connecting-to-financial-markets-1.png\" alt=\"Connecting-to-financial-markets-1\" title=\"Connecting-to-financial-markets-1\" itemprop=\"image\"\/>\n\t\t<h3>Connect to financial markets<\/h3>\t\t\t\n\t\t\t\t<p>Enable trading success with secure, low-latency networking and exchange.<\/p>\n\t\t\t\t<img decoding=\"async\" src=\"https:\/\/legacy.colt.net\/wp-content\/uploads\/2023\/10\/Service-Operations-01.png\" alt=\"Service-Operations-01\" title=\"Service-Operations-01\" itemprop=\"image\"\/>\n\t\t<h3>Explore our managed &#038; professional services<\/h3>\t\t\t\n\t\t\t\t<p>Let Colt design, integrate maintain your networking functions.<\/p>\n\t\t\t\t<img decoding=\"async\" src=\"https:\/\/legacy.colt.net\/wp-content\/uploads\/2024\/09\/CH-Image-01-1.png\" alt=\"CH-Image-01 (1)\" itemprop=\"image\" height=\"986\" width=\"944\" title=\"CH-Image-01 (1)\" onerror=\"this.style.display='none'\" loading='lazy' \/>\n<h3>\n\t\t\tChe cosa ci contraddistingue?\t<\/h3>\n\t<p>Colt \u00e8 un provider di servizi di rete e voce e offre un portafoglio di servizi personalizzati per soddisfare le esigenze della tua azienda.<\/p>\n\t\t\t<a href=\"https:\/\/legacy.colt.net\/it\/why-colt\/\" target=\"_self\">\n\t\t\t\t\t\t\tPerch\u00e9 scegliere Colt?\n\t\t\t\t\t<\/a>\n\t\t\t\t\t\t\t<p>Lavorare con Colt durante l&#8217;edizione romana del RIPE87 \u00e8 stata un&#8217;esperienza assolutamente positiva. La connessione affidabile e il lavoro impeccabile di Colt hanno dimostrato il loro impegno nella fornitura di servizi di alta qualit\u00e0. La loro professionalit\u00e0 ha contribuito in modo significativo al successo dell&#8217;evento, confermando la nostra fiducia in Colt come partner affidabile nel campo delle reti e delle connessioni.<\/p>\t\t\t\t\t\t\n\t\t\t\t\t\t\t\tMaurizio Goretti\t\t\t\t\t\t\t\t\n\t\t\t\t\t\t\t\t\tCEO di Namex\t\t\t\t\t\t\t\t\n\t\t\t\t\t\t\t<p>&#8220;L&#8217;infrastruttura Colt \u00e8 solida, Colt la controlla nella sua totalit\u00e0 e riceviamo un&#8217;eccellente assistenza dai nostri referenti, che comprendono veramente la nostra attivit\u00e0&#8221;.<\/p>\t\t\t\t\t\t\n\t\t\t\t\t\t\t\tAmanda Thomas\t\t\t\t\t\t\t\t\n\t\t\t\t\t\t\t\t\tVP Telecoms EMEA, Intercall\t\t\t\t\t\t\t\t\n\t\t\t\t\t\t\t<p>&#8220;La valutazione complessiva del servizio ricevuto \u00e8 doppiamente positiva: in primo luogo, grazie alla qualit\u00e0 tecnica del prodotto in termini di solidit\u00e0, coerenza e sicurezza; in secondo luogo, in termini di consulenza e assistenza ricevute durante le fasi di pre e post-vendita&#8221;.<\/p>\t\t\t\t\t\t\n\t\t\t\t\t\t\t\tJavier Bartolome\t\t\t\t\t\t\t\t\n\t\t\t\t\t\t\t\t\tTechnology Director, IMSolutions\t\t\t\t\t\t\t\t\n\t\t\t\t\t\t\t<p>&#8220;Colt si \u00e8 dimostrato un vero partner negli anni in cui abbiamo collaborato, garantendo sempre che i servizi tenessero il passo con la crescita della nostra attivit\u00e0. Le persone con cui ho a che fare direttamente presso Colt comprendono le mie esigenze. La nostra relazione \u00e8 serena ed efficiente&#8221;.<\/p>\t\t\t\t\t\t\n\t\t\t\t\t\t\t\tMarc Conte\t\t\t\t\t\t\t\t\n\t\t\t\t\t\t\t\t\tSVP of IT, Louvre Hotels\t\t\t\t\t\t\t\t\n\t\t\t\t\t\t\t<p>&#8220;Sappiamo che Colt si impegna affinch\u00e9 i suoi clienti raggiungano gli obiettivi stabiliti e non si occupa solo degli aspetti puramente tecnologici di un progetto. Questa filosofia si adatta in modo eccellente alla comprensione del servizio del festival [internazionale del cinema di Berlino]&#8221;<\/p>\t\t\t\t\t\t\n\t\t\t\t\t\t\t\tDieter Kosslick\t\t\t\t\t\t\t\t\n\t\t\t\t\t\t\t\t\tDirector, Berlinale\t\t\t\t\t\t\t\t\n\t\t\t<a href=\"https:\/\/legacy.colt.net\/it\/resources\/type\/case-studies-it\/\" target=\"_blank\" rel=\"noopener\">\n\t\t\t\t\t\t\tLeggi i nostri case studies\n\t\t\t<\/a>\n<h2>\n\t\t\tSu di noi&#8230;\t<\/h2>\n\t\t\t\t\t\t\t\t\t\t\t\t\t\t<a href=\"https:\/\/legacy.colt.net\/it\/resources\/il-nuovo-report-di-sostenibilita-di-colt\/\" target=\"_self\" title=\"Il nuovo Report di Sostenibilit\u00e0 di Colt\">\n\t\t\t\t<img decoding=\"async\" src=\"https:\/\/legacy.colt.net\/wp-content\/uploads\/2021\/01\/Brand-2021-Stock-24-720x450.jpg\" alt=\"\" \/>\n\t\t\t\t<\/a>\n\t\t\t\t\t\t<h3>\n\t\t\t\t<a href=https:\/\/legacy.colt.net\/it\/resources\/il-nuovo-report-di-sostenibilita-di-colt\/ title=\"Il nuovo Report di Sostenibilit\u00e0 di Colt\" tabindex=\"0\">Il nuovo Report di Sostenibilit\u00e0 di Colt<\/a>\t\t\t<\/h3>\n\t\t\t\t\t\t\t\tIl nuovo Report di Sostenibilit\u00e0 di Colt: riduzione delle emissioni di CO2e del 10% rispetto al 2023 e del 35% rispetto al 2019 Con il programma di Corporate Social Responsibility &#8230;\n\t\t\t\t\t<a href=\"https:\/\/legacy.colt.net\/it\/resources\/il-nuovo-report-di-sostenibilita-di-colt\/\" title=\"Read More\" target=\"_self\">Continua a leggere &#8594;<\/a>\t\t\n\t\t\t\t\t\t\t\t\t\t\t\t\t\t<a href=\"https:\/\/legacy.colt.net\/it\/resources\/mondo-e-colt-comunicazioni-intelligenti\/\" target=\"_self\" title=\"Comunicazioni intelligenti per un gruppo globale: Mondo SpA\">\n\t\t\t\t<img decoding=\"async\" src=\"https:\/\/legacy.colt.net\/wp-content\/uploads\/2025\/06\/MondoCorporateR_logo_852x560-720x450.jpg\" alt=\"Mondo Logo\" \/>\n\t\t\t\t<\/a>\n\t\t\t\t\t\t<h3>\n\t\t\t\t<a href=https:\/\/legacy.colt.net\/it\/resources\/mondo-e-colt-comunicazioni-intelligenti\/ title=\"Comunicazioni intelligenti per un gruppo globale: Mondo SpA\" tabindex=\"0\">Comunicazioni intelligenti per un gruppo globale: Mondo SpA<\/a>\t\t\t<\/h3>\n\t\t\t\t\t\t\t\tNel mondo dell&#8217;industria, l&#8217;efficienza delle comunicazioni \u00e8 tanto strategica quanto la qualit\u00e0 dei prodotti. \u00c8 questo uno dei pilastri su cui Mondo S.p.A., realt\u00e0 multinazionale attiva nei settori delle pavimentazioni &#8230;\n\t\t\t\t\t<a href=\"https:\/\/legacy.colt.net\/it\/resources\/mondo-e-colt-comunicazioni-intelligenti\/\" title=\"Read More\" target=\"_self\">Continua a leggere &#8594;<\/a>\t\t\n\t\t\t\t\t\t\t\t\t\t\t\t\t\t<a href=\"https:\/\/legacy.colt.net\/it\/resources\/i-risultati-dellultima-it-priorities-research-di-colt\/\" target=\"_self\" title=\"I risultati dell'ultima IT Priorities Research di Colt\">\n\t\t\t\t<img decoding=\"async\" src=\"https:\/\/legacy.colt.net\/wp-content\/uploads\/2021\/01\/Brand-2021-Stock-28-720x450.jpg\" alt=\"\" \/>\n\t\t\t\t<\/a>\n\t\t\t\t\t\t<h3>\n\t\t\t\t<a href=https:\/\/legacy.colt.net\/it\/resources\/i-risultati-dellultima-it-priorities-research-di-colt\/ title=\"I risultati dell'ultima IT Priorities Research di Colt\" tabindex=\"0\">I risultati dell&#8217;ultima IT Priorities Research di Colt<\/a>\t\t\t<\/h3>\n\t\t\t\t\t\t\t\tSecondo una nuova ricerca di Colt, un&#8217;azienda italiana su quattro spende 750.000 dollari o pi\u00f9 all&#8217;anno in AI I risultati dell&#8217;ultima IT Priorities Research di Colt, condotta su oltre 1.200 &#8230;\n\t\t\t\t\t<a href=\"https:\/\/legacy.colt.net\/it\/resources\/i-risultati-dellultima-it-priorities-research-di-colt\/\" title=\"Read More\" target=\"_self\">Continua a leggere &#8594;<\/a>\t\t\n\n","protected":false},"excerpt":{"rendered":"<p>Digital Infrastructure Report 2024 Il percorso del CIO verso un futuro migliore Nel frenetico mondo digitale di oggi, i CIO sono in prima linea per trovare il giusto equilibrio tra crescita tecnologica e responsabilit\u00e0 ambientale. Il Digital Infrastructure Report 2024 di Colt ha provato a capire come si sta evolvendo la relazione tra infrastruttura digitale,&#8230;<\/p>\n","protected":false},"author":143,"featured_media":0,"parent":0,"menu_order":0,"comment_status":"closed","ping_status":"closed","template":"","meta":{"_acf_changed":false,"footnotes":""},"colt_type":[],"colt_products":[],"class_list":["post-33910","page","type-page","status-publish","hentry"],"acf":[],"yoast_head":"<!-- This site is optimized with the Yoast SEO plugin v26.8 - https:\/\/yoast.com\/product\/yoast-seo-wordpress\/ -->\n<title>Network services - Servizi di rete a banda larga e telefonia per aziende<\/title>\n<meta name=\"description\" content=\"Per una maggiore competitivit\u00e0 nell&#039;era della trasformazione digitale affidati ai servizi di rete e telefonia di Colt per le aziende.\" \/>\n<meta name=\"robots\" content=\"noindex, follow, max-snippet:-1, max-image-preview:large, max-video-preview:-1\" \/>\n<meta property=\"og:locale\" content=\"it_IT\" \/>\n<meta property=\"og:type\" content=\"article\" \/>\n<meta property=\"og:title\" content=\"Network services - Servizi di rete a banda larga e telefonia per aziende\" \/>\n<meta property=\"og:description\" content=\"Per una maggiore competitivit\u00e0 nell&#039;era della trasformazione digitale affidati ai servizi di rete e telefonia di Colt per le aziende.\" \/>\n<meta property=\"og:url\" content=\"https:\/\/legacy.colt.net\/it\/\" \/>\n<meta property=\"og:site_name\" content=\"Colt Technology Services\" \/>\n<meta property=\"article:publisher\" content=\"https:\/\/www.facebook.com\/ColtTechnologyServices\/\" \/>\n<meta property=\"article:modified_time\" content=\"2025-08-13T08:25:14+00:00\" \/>\n<meta property=\"og:image\" content=\"https:\/\/legacy.colt.net\/wp-content\/uploads\/2021\/01\/Brand-2021-Stock-43.jpg\" \/>\n\t<meta property=\"og:image:width\" content=\"1000\" \/>\n\t<meta property=\"og:image:height\" content=\"667\" \/>\n\t<meta property=\"og:image:type\" content=\"image\/jpeg\" \/>\n<meta name=\"twitter:card\" content=\"summary_large_image\" \/>\n<meta name=\"twitter:site\" content=\"@colt_technology\" \/>\n<meta name=\"twitter:label1\" content=\"Est. reading time\" \/>\n\t<meta name=\"twitter:data1\" content=\"4 minutes\" \/>\n<script type=\"application\/ld+json\" class=\"yoast-schema-graph\">{\"@context\":\"https:\/\/schema.org\",\"@graph\":[{\"@type\":\"WebPage\",\"@id\":\"https:\/\/legacy.colt.net\/it\/\",\"url\":\"https:\/\/legacy.colt.net\/it\/\",\"name\":\"Network services - Servizi di rete a banda larga e telefonia per aziende\",\"isPartOf\":{\"@id\":\"https:\/\/legacy.colt.net\/#website\"},\"primaryImageOfPage\":{\"@id\":\"https:\/\/legacy.colt.net\/it\/#primaryimage\"},\"image\":{\"@id\":\"https:\/\/legacy.colt.net\/it\/#primaryimage\"},\"thumbnailUrl\":\"https:\/\/legacy.colt.net\/wp-content\/uploads\/2024\/11\/GC3-IT-Cover-Image.png\",\"datePublished\":\"2019-03-05T11:25:49+00:00\",\"dateModified\":\"2025-08-13T08:25:14+00:00\",\"description\":\"Per una maggiore competitivit\u00e0 nell'era della trasformazione digitale affidati ai servizi di rete e telefonia di Colt per le aziende.\",\"breadcrumb\":{\"@id\":\"https:\/\/legacy.colt.net\/it\/#breadcrumb\"},\"inLanguage\":\"it-IT\",\"potentialAction\":[{\"@type\":\"ReadAction\",\"target\":[\"https:\/\/legacy.colt.net\/it\/\"]}]},{\"@type\":\"ImageObject\",\"inLanguage\":\"it-IT\",\"@id\":\"https:\/\/legacy.colt.net\/it\/#primaryimage\",\"url\":\"https:\/\/legacy.colt.net\/wp-content\/uploads\/2024\/11\/GC3-IT-Cover-Image.png\",\"contentUrl\":\"https:\/\/legacy.colt.net\/wp-content\/uploads\/2024\/11\/GC3-IT-Cover-Image.png\"},{\"@type\":\"BreadcrumbList\",\"@id\":\"https:\/\/legacy.colt.net\/it\/#breadcrumb\",\"itemListElement\":[{\"@type\":\"ListItem\",\"position\":1,\"name\":\"Home\",\"item\":\"https:\/\/legacy.colt.net\/it\/\"},{\"@type\":\"ListItem\",\"position\":2,\"name\":\"Home IT\"}]},{\"@type\":\"WebSite\",\"@id\":\"https:\/\/legacy.colt.net\/#website\",\"url\":\"https:\/\/legacy.colt.net\/\",\"name\":\"Colt\u30c6\u30af\u30ce\u30ed\u30b8\u30fc\u30b5\u30fc\u30d3\u30b9\u682a\u5f0f\u4f1a\u793e\",\"description\":\"Managed Network &amp; Voice Services Provider\",\"publisher\":{\"@id\":\"https:\/\/legacy.colt.net\/#organization\"},\"potentialAction\":[{\"@type\":\"SearchAction\",\"target\":{\"@type\":\"EntryPoint\",\"urlTemplate\":\"https:\/\/legacy.colt.net\/?s={search_term_string}\"},\"query-input\":{\"@type\":\"PropertyValueSpecification\",\"valueRequired\":true,\"valueName\":\"search_term_string\"}}],\"inLanguage\":\"it-IT\"},{\"@type\":\"Organization\",\"@id\":\"https:\/\/legacy.colt.net\/#organization\",\"name\":\"Colt Technology Services\",\"url\":\"https:\/\/legacy.colt.net\/\",\"logo\":{\"@type\":\"ImageObject\",\"inLanguage\":\"it-IT\",\"@id\":\"https:\/\/legacy.colt.net\/#\/schema\/logo\/image\/\",\"url\":\"https:\/\/legacy.colt.net\/wp-content\/uploads\/2019\/02\/Colt-Logo.png\",\"contentUrl\":\"https:\/\/legacy.colt.net\/wp-content\/uploads\/2019\/02\/Colt-Logo.png\",\"width\":195,\"height\":77,\"caption\":\"Colt Technology Services\"},\"image\":{\"@id\":\"https:\/\/legacy.colt.net\/#\/schema\/logo\/image\/\"},\"sameAs\":[\"https:\/\/www.facebook.com\/ColtTechnologyServices\/\",\"https:\/\/x.com\/colt_technology\",\"https:\/\/www.instagram.com\/colttechnologyservices\/\",\"https:\/\/www.linkedin.com\/company\/colt-technology-services\",\"https:\/\/www.youtube.com\/user\/ColtTechnology\"]}]}<\/script>\n<!-- \/ Yoast SEO plugin. -->","yoast_head_json":{"title":"Network services - Servizi di rete a banda larga e telefonia per aziende","description":"Per una maggiore competitivit\u00e0 nell'era della trasformazione digitale affidati ai servizi di rete e telefonia di Colt per le aziende.","robots":{"index":"noindex","follow":"follow","max-snippet":"max-snippet:-1","max-image-preview":"max-image-preview:large","max-video-preview":"max-video-preview:-1"},"og_locale":"it_IT","og_type":"article","og_title":"Network services - Servizi di rete a banda larga e telefonia per aziende","og_description":"Per una maggiore competitivit\u00e0 nell'era della trasformazione digitale affidati ai servizi di rete e telefonia di Colt per le aziende.","og_url":"https:\/\/legacy.colt.net\/it\/","og_site_name":"Colt Technology Services","article_publisher":"https:\/\/www.facebook.com\/ColtTechnologyServices\/","article_modified_time":"2025-08-13T08:25:14+00:00","og_image":[{"width":1000,"height":667,"url":"https:\/\/legacy.colt.net\/wp-content\/uploads\/2021\/01\/Brand-2021-Stock-43.jpg","type":"image\/jpeg"}],"twitter_card":"summary_large_image","twitter_site":"@colt_technology","twitter_misc":{"Est. reading time":"4 minutes"},"schema":{"@context":"https:\/\/schema.org","@graph":[{"@type":"WebPage","@id":"https:\/\/legacy.colt.net\/it\/","url":"https:\/\/legacy.colt.net\/it\/","name":"Network services - Servizi di rete a banda larga e telefonia per aziende","isPartOf":{"@id":"https:\/\/legacy.colt.net\/#website"},"primaryImageOfPage":{"@id":"https:\/\/legacy.colt.net\/it\/#primaryimage"},"image":{"@id":"https:\/\/legacy.colt.net\/it\/#primaryimage"},"thumbnailUrl":"https:\/\/legacy.colt.net\/wp-content\/uploads\/2024\/11\/GC3-IT-Cover-Image.png","datePublished":"2019-03-05T11:25:49+00:00","dateModified":"2025-08-13T08:25:14+00:00","description":"Per una maggiore competitivit\u00e0 nell'era della trasformazione digitale affidati ai servizi di rete e telefonia di Colt per le aziende.","breadcrumb":{"@id":"https:\/\/legacy.colt.net\/it\/#breadcrumb"},"inLanguage":"it-IT","potentialAction":[{"@type":"ReadAction","target":["https:\/\/legacy.colt.net\/it\/"]}]},{"@type":"ImageObject","inLanguage":"it-IT","@id":"https:\/\/legacy.colt.net\/it\/#primaryimage","url":"https:\/\/legacy.colt.net\/wp-content\/uploads\/2024\/11\/GC3-IT-Cover-Image.png","contentUrl":"https:\/\/legacy.colt.net\/wp-content\/uploads\/2024\/11\/GC3-IT-Cover-Image.png"},{"@type":"BreadcrumbList","@id":"https:\/\/legacy.colt.net\/it\/#breadcrumb","itemListElement":[{"@type":"ListItem","position":1,"name":"Home","item":"https:\/\/legacy.colt.net\/it\/"},{"@type":"ListItem","position":2,"name":"Home IT"}]},{"@type":"WebSite","@id":"https:\/\/legacy.colt.net\/#website","url":"https:\/\/legacy.colt.net\/","name":"Colt\u30c6\u30af\u30ce\u30ed\u30b8\u30fc\u30b5\u30fc\u30d3\u30b9\u682a\u5f0f\u4f1a\u793e","description":"Managed Network &amp; Voice Services Provider","publisher":{"@id":"https:\/\/legacy.colt.net\/#organization"},"potentialAction":[{"@type":"SearchAction","target":{"@type":"EntryPoint","urlTemplate":"https:\/\/legacy.colt.net\/?s={search_term_string}"},"query-input":{"@type":"PropertyValueSpecification","valueRequired":true,"valueName":"search_term_string"}}],"inLanguage":"it-IT"},{"@type":"Organization","@id":"https:\/\/legacy.colt.net\/#organization","name":"Colt Technology Services","url":"https:\/\/legacy.colt.net\/","logo":{"@type":"ImageObject","inLanguage":"it-IT","@id":"https:\/\/legacy.colt.net\/#\/schema\/logo\/image\/","url":"https:\/\/legacy.colt.net\/wp-content\/uploads\/2019\/02\/Colt-Logo.png","contentUrl":"https:\/\/legacy.colt.net\/wp-content\/uploads\/2019\/02\/Colt-Logo.png","width":195,"height":77,"caption":"Colt Technology Services"},"image":{"@id":"https:\/\/legacy.colt.net\/#\/schema\/logo\/image\/"},"sameAs":["https:\/\/www.facebook.com\/ColtTechnologyServices\/","https:\/\/x.com\/colt_technology","https:\/\/www.instagram.com\/colttechnologyservices\/","https:\/\/www.linkedin.com\/company\/colt-technology-services","https:\/\/www.youtube.com\/user\/ColtTechnology"]}]}},"_links":{"self":[{"href":"https:\/\/legacy.colt.net\/it\/wp-json\/wp\/v2\/pages\/33910","targetHints":{"allow":["GET"]}}],"collection":[{"href":"https:\/\/legacy.colt.net\/it\/wp-json\/wp\/v2\/pages"}],"about":[{"href":"https:\/\/legacy.colt.net\/it\/wp-json\/wp\/v2\/types\/page"}],"author":[{"embeddable":true,"href":"https:\/\/legacy.colt.net\/it\/wp-json\/wp\/v2\/users\/143"}],"replies":[{"embeddable":true,"href":"https:\/\/legacy.colt.net\/it\/wp-json\/wp\/v2\/comments?post=33910"}],"version-history":[{"count":0,"href":"https:\/\/legacy.colt.net\/it\/wp-json\/wp\/v2\/pages\/33910\/revisions"}],"wp:attachment":[{"href":"https:\/\/legacy.colt.net\/it\/wp-json\/wp\/v2\/media?parent=33910"}],"wp:term":[{"taxonomy":"colt_type","embeddable":true,"href":"https:\/\/legacy.colt.net\/it\/wp-json\/wp\/v2\/colt_type?post=33910"},{"taxonomy":"colt_products","embeddable":true,"href":"https:\/\/legacy.colt.net\/it\/wp-json\/wp\/v2\/colt_products?post=33910"}],"curies":[{"name":"wp","href":"https:\/\/api.w.org\/{rel}","templated":true}]}}