{"id":129676,"date":"2024-03-01T15:47:08","date_gmt":"2024-03-01T15:47:08","guid":{"rendered":"https:\/\/www.colt.net\/?page_id=129676"},"modified":"2024-03-01T15:47:08","modified_gmt":"2024-03-01T15:47:08","slug":"steve-neff","status":"publish","type":"page","link":"https:\/\/legacy.colt.net\/it\/about\/leadership\/steve-neff\/","title":{"rendered":"Steve Neff"},"content":{"rendered":"\n\n\t<nav class=\"breadcrumb\"><span><span><a href=\"https:\/\/legacy.colt.net\/it\/\">Home<\/a><\/span><\/span><\/nav>\n\t\t\t\t<img loading=\"lazy\" decoding=\"async\" src=\"https:\/\/legacy.colt.net\/wp-content\/uploads\/2024\/02\/Stevee_Neff.jpg\" alt=\"Stevee_Neff\" itemprop=\"image\" height=\"200\" width=\"200\" title=\"Stevee_Neff\" onerror=\"this.style.display='none'\"  \/>\n<h3>\n\t\tSteve Neff\n\t<\/h3>\n<h4>\n\t\tNon Executive Director\n\t<\/h4>\n\t<p>Steve Neff \u00e8 un dirigente di servizi finanziari in pensione che ora \u00e8 attivo in diversi consigli di amministrazione e profondamente impegnato nelle sue comunit\u00e0 di interesse.<\/p>\n<p>Nel 2020, dopo 23 anni di servizio, il sig. Neff \u00e8 andato in pensione come Head of Asset Management di Fidelity Investments, azienda leader nei settori di gestione degli investimenti, pianificazione pensionistica, orientamento del portafoglio, intermediazione, outsourcing dei benefit e altri prodotti e servizi finanziari per privati, istituzioni e intermediari finanziari. Il signor Neff \u00e8 stato anche membro del comitato operativo esecutivo della societ\u00e0. Entrato in Fidelity nel 1996, ha ricoperto diversi ruoli tecnologici di alto livello, tra cui Head of Technology &amp; Global Services, Enterprise Chief Technology Officer e Head of Asset Management Technology.<\/p>\n<p>Prima di entrare in Fidelity, il sig. Neff ha lavorato presso Salomon Brothers a New York e Londra. Ha ricoperto diversi ruoli di leadership nel settore tecnologico, tra cui quello di Director of Applications Development per Salomon Brothers International Limited a Londra e di Senior Operations Officer responsabile delle operazioni infrastrutturali e tecnologiche a New York. Il sig. Neff ha iniziato la sua carriera con IBM Corporation a New York nel 1974. Ha ricoperto diverse posizioni di ingegneria dei sistemi e gestione della tecnologia fino al 1987, supportando il settore dei servizi finanziari e le divisioni di marketing e servizi IBM.<\/p>\n<p>Da quando si \u00e8 congedato dal servizio a tempo pieno presso Fidelity nel 2020, il sig. Neff ha fatto parte di diversi consigli di amministrazione di Fidelity in qualit\u00e0 di amministratore indipendente. Tra questi, il ruolo di Amministratore di Fidelity Digital Asset Services, LLC e di Amministratore e Presidente del Comitato di revisione di Fidelity Personal Trust Company FSB. Nel maggio 2023, il sig. Neff \u00e8 entrato a far parte del consiglio di amministrazione principale di Fidelity, FMR LLC, in qualit\u00e0 di amministratore e membro del comitato di revisione.<\/p>\n<p>Il sig. Neff \u00e8 un appassionato sostenitore della diversit\u00e0 e dell&#8217;inclusione e ritiene che l&#8217;innovazione necessaria per fornire soluzioni che superino le esigenze dei clienti si ottenga al meglio accogliendo le differenze, i talenti e le vedute uniche di ciascun dipendente. Per mettere in pratica questa convinzione, il sig. Neff \u00e8 particolarmente orgoglioso del suo ruolo passato di sponsor esecutivo del gruppo di risorse per i dipendenti PRIDE di Fidelity, un team a livello aziendale che sostiene la comunit\u00e0 LGBTA.<\/p>\n<p>Il sig. Neff \u00e8 membro emerito del Consiglio di amministrazione di Common Impact, un&#8217;organizzazione senza scopo di lucro che mette in contatto professionisti con organizzazioni non profit locali ad alto potenziale, e membro emerito del Consiglio di amministrazione di St. Francis House, che fornisce servizi completi per individui e famiglie senza fissa dimora a Boston. Il sig. Neff partecipa ogni anno con il Team Fidelity anche alla Pan-Mass Challenge\u00ae per raccogliere fondi per la cura e la ricerca sul cancro presso Dana-Farber.<\/p>\n<p>Ha conseguito una laurea in matematica presso il Rutgers College nel 1974. Lui e la moglie Mary hanno cinque figli e vivono a Sudbury, MA.<\/p>\n\t\t\t\t\t\t<h4>\n\t\t\t\t<a href=https:\/\/legacy.colt.net\/it\/resources\/digital-infrastructure-report-2023\/ title=\"Report 2023 sulle infrastrutture digitali\" tabindex=\"0\">Report 2023 sulle infrastrutture digitali<\/a>\t\t\t<\/h4>\n\t\t\t<a href=\"https:\/\/legacy.colt.net\/it\/resources\/digital-infrastructure-report-2023\/\" target=\"_self\" rel=\"noopener\">Read More &#8594;<\/a>\t\t\n\t\t\t\t\t\t<h4>\n\t\t\t\t<a href=https:\/\/legacy.colt.net\/it\/resources\/colt-lumen-emea\/ title=\"Colt completa l&#8217;acquisizione di Lumen EMEA per 1,8 miliardi di dollari\" tabindex=\"0\">Colt completa l&#8217;acquisizione di Lumen EMEA per 1,8 miliardi di dollari<\/a>\t\t\t<\/h4>\n\t\t\t<a href=\"https:\/\/legacy.colt.net\/it\/resources\/colt-lumen-emea\/\" target=\"_self\" rel=\"noopener\">Read More &#8594;<\/a>\t\t\n\t\t\t\t\t\t<h4>\n\t\t\t\t<a href=https:\/\/legacy.colt.net\/it\/resources\/zscaler-interview-with-ash-surti\/ title=\"Un&#8217;ottima esperienza utente parte dall&#8217;ambiente di\u202fcasa\u00a0\" tabindex=\"0\">Un&#8217;ottima esperienza utente parte dall&#8217;ambiente di\u202fcasa\u00a0<\/a>\t\t\t<\/h4>\n\t\t\t<a href=\"https:\/\/legacy.colt.net\/it\/resources\/zscaler-interview-with-ash-surti\/\" target=\"_self\" rel=\"noopener\">Read More &#8594;<\/a>\t\t\n\t\t\t\t\t\t<h4>\n\t\t\t\t<a href=https:\/\/legacy.colt.net\/it\/resources\/intelligenza-artificiale-una-svolta-per-i-servizi-di-rete\/ title=\"Intelligenza artificiale, una svolta per i servizi di rete\" tabindex=\"0\">Intelligenza artificiale, una svolta per i servizi di rete<\/a>\t\t\t<\/h4>\n\t\t\t<a href=\"https:\/\/legacy.colt.net\/it\/resources\/intelligenza-artificiale-una-svolta-per-i-servizi-di-rete\/\" target=\"_self\" rel=\"noopener\">Read More &#8594;<\/a>\t\t\n\n","protected":false},"excerpt":{"rendered":"<p>Steve Neff Non Executive Director Steve Neff \u00e8 un dirigente di servizi finanziari in pensione che ora \u00e8 attivo in diversi consigli di amministrazione e profondamente impegnato nelle sue comunit\u00e0 di interesse. Nel 2020, dopo 23 anni di servizio, il sig. Neff \u00e8 andato in pensione come Head of Asset Management di Fidelity Investments, azienda&#8230;<\/p>\n","protected":false},"author":164,"featured_media":0,"parent":34292,"menu_order":0,"comment_status":"closed","ping_status":"closed","template":"","meta":{"_acf_changed":false,"footnotes":""},"colt_type":[],"colt_products":[],"class_list":["post-129676","page","type-page","status-publish","hentry"],"acf":[],"yoast_head":"<!-- This site is optimized with the Yoast SEO plugin v26.8 - https:\/\/yoast.com\/product\/yoast-seo-wordpress\/ -->\n<title>Steve Neff - Colt Technology Services<\/title>\n<meta name=\"description\" content=\"Steve Neff Colt Technology Services\" \/>\n<meta name=\"robots\" content=\"noindex, follow, max-snippet:-1, max-image-preview:large, max-video-preview:-1\" \/>\n<meta property=\"og:locale\" content=\"it_IT\" \/>\n<meta property=\"og:type\" content=\"article\" \/>\n<meta property=\"og:title\" content=\"Steve Neff - Colt Technology Services\" \/>\n<meta property=\"og:description\" content=\"Steve Neff Colt Technology Services\" \/>\n<meta property=\"og:url\" content=\"https:\/\/legacy.colt.net\/it\/about\/leadership\/steve-neff\/\" \/>\n<meta property=\"og:site_name\" content=\"Colt Technology Services\" \/>\n<meta property=\"article:publisher\" content=\"https:\/\/www.facebook.com\/ColtTechnologyServices\/\" \/>\n<meta property=\"og:image\" content=\"https:\/\/legacy.colt.net\/wp-content\/uploads\/2021\/01\/Brand-2021-Stock-29.jpg\" \/>\n\t<meta property=\"og:image:width\" content=\"1000\" \/>\n\t<meta property=\"og:image:height\" content=\"667\" \/>\n\t<meta property=\"og:image:type\" content=\"image\/jpeg\" \/>\n<meta name=\"twitter:card\" content=\"summary_large_image\" \/>\n<meta name=\"twitter:site\" content=\"@colt_technology\" \/>\n<script type=\"application\/ld+json\" class=\"yoast-schema-graph\">{\"@context\":\"https:\/\/schema.org\",\"@graph\":[{\"@type\":\"WebPage\",\"@id\":\"https:\/\/legacy.colt.net\/it\/about\/leadership\/steve-neff\/\",\"url\":\"https:\/\/legacy.colt.net\/it\/about\/leadership\/steve-neff\/\",\"name\":\"Steve Neff - Colt Technology Services\",\"isPartOf\":{\"@id\":\"https:\/\/legacy.colt.net\/#website\"},\"primaryImageOfPage\":{\"@id\":\"https:\/\/legacy.colt.net\/it\/about\/leadership\/steve-neff\/#primaryimage\"},\"image\":{\"@id\":\"https:\/\/legacy.colt.net\/it\/about\/leadership\/steve-neff\/#primaryimage\"},\"thumbnailUrl\":\"https:\/\/legacy.colt.net\/wp-content\/uploads\/2024\/02\/Stevee_Neff.jpg\",\"datePublished\":\"2024-03-01T15:47:08+00:00\",\"description\":\"Steve Neff Colt Technology Services\",\"breadcrumb\":{\"@id\":\"https:\/\/legacy.colt.net\/it\/about\/leadership\/steve-neff\/#breadcrumb\"},\"inLanguage\":\"it-IT\",\"potentialAction\":[{\"@type\":\"ReadAction\",\"target\":[\"https:\/\/legacy.colt.net\/it\/about\/leadership\/steve-neff\/\"]}]},{\"@type\":\"ImageObject\",\"inLanguage\":\"it-IT\",\"@id\":\"https:\/\/legacy.colt.net\/it\/about\/leadership\/steve-neff\/#primaryimage\",\"url\":\"https:\/\/legacy.colt.net\/wp-content\/uploads\/2024\/02\/Stevee_Neff.jpg\",\"contentUrl\":\"https:\/\/legacy.colt.net\/wp-content\/uploads\/2024\/02\/Stevee_Neff.jpg\"},{\"@type\":\"BreadcrumbList\",\"@id\":\"https:\/\/legacy.colt.net\/it\/about\/leadership\/steve-neff\/#breadcrumb\",\"itemListElement\":[{\"@type\":\"ListItem\",\"position\":1,\"name\":\"Home\",\"item\":\"https:\/\/legacy.colt.net\/it\/\"},{\"@type\":\"ListItem\",\"position\":2,\"name\":\"Su Colt\",\"item\":\"https:\/\/legacy.colt.net\/it\/about\/\"},{\"@type\":\"ListItem\",\"position\":3,\"name\":\"Direzione\",\"item\":\"https:\/\/legacy.colt.net\/it\/about\/leadership\/\"},{\"@type\":\"ListItem\",\"position\":4,\"name\":\"Steve Neff\"}]},{\"@type\":\"WebSite\",\"@id\":\"https:\/\/legacy.colt.net\/#website\",\"url\":\"https:\/\/legacy.colt.net\/\",\"name\":\"Colt\u30c6\u30af\u30ce\u30ed\u30b8\u30fc\u30b5\u30fc\u30d3\u30b9\u682a\u5f0f\u4f1a\u793e\",\"description\":\"Managed Network &amp; Voice Services Provider\",\"publisher\":{\"@id\":\"https:\/\/legacy.colt.net\/#organization\"},\"potentialAction\":[{\"@type\":\"SearchAction\",\"target\":{\"@type\":\"EntryPoint\",\"urlTemplate\":\"https:\/\/legacy.colt.net\/?s={search_term_string}\"},\"query-input\":{\"@type\":\"PropertyValueSpecification\",\"valueRequired\":true,\"valueName\":\"search_term_string\"}}],\"inLanguage\":\"it-IT\"},{\"@type\":\"Organization\",\"@id\":\"https:\/\/legacy.colt.net\/#organization\",\"name\":\"Colt Technology Services\",\"url\":\"https:\/\/legacy.colt.net\/\",\"logo\":{\"@type\":\"ImageObject\",\"inLanguage\":\"it-IT\",\"@id\":\"https:\/\/legacy.colt.net\/#\/schema\/logo\/image\/\",\"url\":\"https:\/\/legacy.colt.net\/wp-content\/uploads\/2019\/02\/Colt-Logo.png\",\"contentUrl\":\"https:\/\/legacy.colt.net\/wp-content\/uploads\/2019\/02\/Colt-Logo.png\",\"width\":195,\"height\":77,\"caption\":\"Colt Technology Services\"},\"image\":{\"@id\":\"https:\/\/legacy.colt.net\/#\/schema\/logo\/image\/\"},\"sameAs\":[\"https:\/\/www.facebook.com\/ColtTechnologyServices\/\",\"https:\/\/x.com\/colt_technology\",\"https:\/\/www.instagram.com\/colttechnologyservices\/\",\"https:\/\/www.linkedin.com\/company\/colt-technology-services\",\"https:\/\/www.youtube.com\/user\/ColtTechnology\"]}]}<\/script>\n<!-- \/ Yoast SEO plugin. -->","yoast_head_json":{"title":"Steve Neff - Colt Technology Services","description":"Steve Neff Colt Technology Services","robots":{"index":"noindex","follow":"follow","max-snippet":"max-snippet:-1","max-image-preview":"max-image-preview:large","max-video-preview":"max-video-preview:-1"},"og_locale":"it_IT","og_type":"article","og_title":"Steve Neff - Colt Technology Services","og_description":"Steve Neff Colt Technology Services","og_url":"https:\/\/legacy.colt.net\/it\/about\/leadership\/steve-neff\/","og_site_name":"Colt Technology Services","article_publisher":"https:\/\/www.facebook.com\/ColtTechnologyServices\/","og_image":[{"width":1000,"height":667,"url":"https:\/\/legacy.colt.net\/wp-content\/uploads\/2021\/01\/Brand-2021-Stock-29.jpg","type":"image\/jpeg"}],"twitter_card":"summary_large_image","twitter_site":"@colt_technology","schema":{"@context":"https:\/\/schema.org","@graph":[{"@type":"WebPage","@id":"https:\/\/legacy.colt.net\/it\/about\/leadership\/steve-neff\/","url":"https:\/\/legacy.colt.net\/it\/about\/leadership\/steve-neff\/","name":"Steve Neff - Colt Technology Services","isPartOf":{"@id":"https:\/\/legacy.colt.net\/#website"},"primaryImageOfPage":{"@id":"https:\/\/legacy.colt.net\/it\/about\/leadership\/steve-neff\/#primaryimage"},"image":{"@id":"https:\/\/legacy.colt.net\/it\/about\/leadership\/steve-neff\/#primaryimage"},"thumbnailUrl":"https:\/\/legacy.colt.net\/wp-content\/uploads\/2024\/02\/Stevee_Neff.jpg","datePublished":"2024-03-01T15:47:08+00:00","description":"Steve Neff Colt Technology Services","breadcrumb":{"@id":"https:\/\/legacy.colt.net\/it\/about\/leadership\/steve-neff\/#breadcrumb"},"inLanguage":"it-IT","potentialAction":[{"@type":"ReadAction","target":["https:\/\/legacy.colt.net\/it\/about\/leadership\/steve-neff\/"]}]},{"@type":"ImageObject","inLanguage":"it-IT","@id":"https:\/\/legacy.colt.net\/it\/about\/leadership\/steve-neff\/#primaryimage","url":"https:\/\/legacy.colt.net\/wp-content\/uploads\/2024\/02\/Stevee_Neff.jpg","contentUrl":"https:\/\/legacy.colt.net\/wp-content\/uploads\/2024\/02\/Stevee_Neff.jpg"},{"@type":"BreadcrumbList","@id":"https:\/\/legacy.colt.net\/it\/about\/leadership\/steve-neff\/#breadcrumb","itemListElement":[{"@type":"ListItem","position":1,"name":"Home","item":"https:\/\/legacy.colt.net\/it\/"},{"@type":"ListItem","position":2,"name":"Su Colt","item":"https:\/\/legacy.colt.net\/it\/about\/"},{"@type":"ListItem","position":3,"name":"Direzione","item":"https:\/\/legacy.colt.net\/it\/about\/leadership\/"},{"@type":"ListItem","position":4,"name":"Steve Neff"}]},{"@type":"WebSite","@id":"https:\/\/legacy.colt.net\/#website","url":"https:\/\/legacy.colt.net\/","name":"Colt\u30c6\u30af\u30ce\u30ed\u30b8\u30fc\u30b5\u30fc\u30d3\u30b9\u682a\u5f0f\u4f1a\u793e","description":"Managed Network &amp; Voice Services Provider","publisher":{"@id":"https:\/\/legacy.colt.net\/#organization"},"potentialAction":[{"@type":"SearchAction","target":{"@type":"EntryPoint","urlTemplate":"https:\/\/legacy.colt.net\/?s={search_term_string}"},"query-input":{"@type":"PropertyValueSpecification","valueRequired":true,"valueName":"search_term_string"}}],"inLanguage":"it-IT"},{"@type":"Organization","@id":"https:\/\/legacy.colt.net\/#organization","name":"Colt Technology Services","url":"https:\/\/legacy.colt.net\/","logo":{"@type":"ImageObject","inLanguage":"it-IT","@id":"https:\/\/legacy.colt.net\/#\/schema\/logo\/image\/","url":"https:\/\/legacy.colt.net\/wp-content\/uploads\/2019\/02\/Colt-Logo.png","contentUrl":"https:\/\/legacy.colt.net\/wp-content\/uploads\/2019\/02\/Colt-Logo.png","width":195,"height":77,"caption":"Colt Technology Services"},"image":{"@id":"https:\/\/legacy.colt.net\/#\/schema\/logo\/image\/"},"sameAs":["https:\/\/www.facebook.com\/ColtTechnologyServices\/","https:\/\/x.com\/colt_technology","https:\/\/www.instagram.com\/colttechnologyservices\/","https:\/\/www.linkedin.com\/company\/colt-technology-services","https:\/\/www.youtube.com\/user\/ColtTechnology"]}]}},"_links":{"self":[{"href":"https:\/\/legacy.colt.net\/it\/wp-json\/wp\/v2\/pages\/129676","targetHints":{"allow":["GET"]}}],"collection":[{"href":"https:\/\/legacy.colt.net\/it\/wp-json\/wp\/v2\/pages"}],"about":[{"href":"https:\/\/legacy.colt.net\/it\/wp-json\/wp\/v2\/types\/page"}],"author":[{"embeddable":true,"href":"https:\/\/legacy.colt.net\/it\/wp-json\/wp\/v2\/users\/164"}],"replies":[{"embeddable":true,"href":"https:\/\/legacy.colt.net\/it\/wp-json\/wp\/v2\/comments?post=129676"}],"version-history":[{"count":0,"href":"https:\/\/legacy.colt.net\/it\/wp-json\/wp\/v2\/pages\/129676\/revisions"}],"up":[{"embeddable":true,"href":"https:\/\/legacy.colt.net\/it\/wp-json\/wp\/v2\/pages\/34292"}],"wp:attachment":[{"href":"https:\/\/legacy.colt.net\/it\/wp-json\/wp\/v2\/media?parent=129676"}],"wp:term":[{"taxonomy":"colt_type","embeddable":true,"href":"https:\/\/legacy.colt.net\/it\/wp-json\/wp\/v2\/colt_type?post=129676"},{"taxonomy":"colt_products","embeddable":true,"href":"https:\/\/legacy.colt.net\/it\/wp-json\/wp\/v2\/colt_products?post=129676"}],"curies":[{"name":"wp","href":"https:\/\/api.w.org\/{rel}","templated":true}]}}