{"id":124458,"date":"2023-10-13T14:36:43","date_gmt":"2023-10-13T13:36:43","guid":{"rendered":"https:\/\/www.colt.net\/?page_id=124458"},"modified":"2024-11-25T11:10:01","modified_gmt":"2024-11-25T11:10:01","slug":"connect-more","status":"publish","type":"page","link":"https:\/\/legacy.colt.net\/it\/connect-more\/","title":{"rendered":"Pi\u00f9 connessioni. Pi\u00f9 risultati"},"content":{"rendered":"\r\n<p><img loading=\"lazy\" decoding=\"async\" title=\"Colt_G1-Social posts_1200x630px_IT_Clear0\" src=\"https:\/\/legacy.colt.net\/wp-content\/uploads\/2023\/10\/Colt_G1-Social-posts_1200x630px_IT_Clear0.png\" alt=\"Colt_G1-Social posts_1200x630px_IT_Clear0\" width=\"1200\" height=\"630\" \/> <a role=\"button\" href=\"#network\" target=\"_self\" rel=\"noopener\"> Continua a leggere <\/a><\/p>\r\n<h2>Colt ha acquisito altri<\/h2>\r\n<!-- Comment to fix spacing issue\r\n\t-->\r\n<h2>0km<\/h2>\r\n<p>di fibra e<\/p>\r\n<!-- Comment to fix spacing issue\r\n\t--><!-- Comment to fix spacing issue\r\n\t-->\r\n<h2>0<\/h2>\r\n<p>cavi sottomarini<\/p>\r\n<!-- Comment to fix spacing issue\r\n\t-->\r\n<p>\u00a0Pi\u00f9 connessioni. Pi\u00f9 risultati.<br \/>Con la rete Colt.<\/p>\r\n<h2>Colt \u00e8 pi\u00f9 vicina a te e pi\u00f9 flessibile che mai. Il risultato: servizi ancora pi\u00f9 performanti per i tuoi clienti.<\/h2>\r\n<p>Pi\u00f9 connessioni. Pi\u00f9 risultati. Con l&#8217;efficienza di Colt.<\/p>\r\n<h2>Colt sta potenziando la propria offerta in tema di sicurezza per proteggere meglio la tua rete dalle minacce informatiche.<\/h2>\r\n<p>Pi\u00f9 connessioni. Pi\u00f9 risultati. Con la sicurezza informatica di Colt.<\/p>\r\n<h2>Colt offre pi\u00f9 soluzioni cloud, nonch\u00e9 connettivit\u00e0 di rete superiore e servizi gestiti migliorati. La nostra presenza globale \u00e8 cresciuta.<\/h2>\r\n<p>Pi\u00f9 connessioni. Pi\u00f9 risultati. Con le soluzioni Colt oggi.<\/p>\r\n<h2>Ti forniamo un supporto avanzato e ti mettiamo in contatto con esperti del settore. Insieme svilupperemo soluzioni proattive che sosterranno il tuo business nel futuro.<\/h2>\r\n<p>Pi\u00f9 connessioni. Pi\u00f9 risultati. Con gli esperti Colt.<\/p>\r\n<h2>Vuoi sapere come connetterti ancora di pi\u00f9?<\/h2>\r\n<p><a role=\"button\" href=\"https:\/\/legacy.colt.net\/connect\/\" target=\"_blank\" rel=\"noopener\"> Continua a leggere <\/a> <img loading=\"lazy\" decoding=\"async\" title=\"Untitled-4\" src=\"https:\/\/legacy.colt.net\/wp-content\/uploads\/2023\/10\/Untitled-4.png\" alt=\"Untitled-4\" width=\"907\" height=\"568\" \/><\/p>\r\n","protected":false},"excerpt":{"rendered":"<p>Continua a leggere Colt ha acquisito altri 0km di fibra e 0 cavi sottomarini \u00a0Pi\u00f9 connessioni. Pi\u00f9 risultati.Con la rete Colt. Colt \u00e8 pi\u00f9 vicina a te e pi\u00f9 flessibile che mai. Il risultato: servizi ancora pi\u00f9 performanti per i tuoi clienti. Pi\u00f9 connessioni. Pi\u00f9 risultati. Con l&#8217;efficienza di Colt. Colt sta potenziando la propria&#8230;<\/p>\n","protected":false},"author":2,"featured_media":0,"parent":0,"menu_order":0,"comment_status":"closed","ping_status":"closed","template":"","meta":{"_acf_changed":false,"footnotes":""},"colt_type":[],"colt_products":[],"class_list":["post-124458","page","type-page","status-publish","hentry"],"acf":[],"yoast_head":"<!-- This site is optimized with the Yoast SEO plugin v26.8 - https:\/\/yoast.com\/product\/yoast-seo-wordpress\/ -->\n<title>Pi\u00f9 connessioni. Pi\u00f9 risultati - Colt Technology Services<\/title>\n<meta name=\"description\" content=\"Pi\u00f9 connessioni. Pi\u00f9 risultati Colt Technology Services\" \/>\n<meta name=\"robots\" content=\"noindex, follow, max-snippet:-1, max-image-preview:large, max-video-preview:-1\" \/>\n<meta property=\"og:locale\" content=\"it_IT\" \/>\n<meta property=\"og:type\" content=\"article\" \/>\n<meta property=\"og:title\" content=\"Pi\u00f9 connessioni. Pi\u00f9 risultati - Colt Technology Services\" \/>\n<meta property=\"og:description\" content=\"Pi\u00f9 connessioni. Pi\u00f9 risultati Colt Technology Services\" \/>\n<meta property=\"og:url\" content=\"https:\/\/legacy.colt.net\/it\/connect-more\/\" \/>\n<meta property=\"og:site_name\" content=\"Colt Technology Services\" \/>\n<meta property=\"article:publisher\" content=\"https:\/\/www.facebook.com\/ColtTechnologyServices\/\" \/>\n<meta property=\"article:modified_time\" content=\"2024-11-25T11:10:01+00:00\" \/>\n<meta property=\"og:image\" content=\"https:\/\/legacy.colt.net\/wp-content\/uploads\/2023\/10\/Colt_G1-Social-posts_1200x630px_IT_Clear0.png\" \/>\n<meta name=\"twitter:card\" content=\"summary_large_image\" \/>\n<meta name=\"twitter:site\" content=\"@colt_technology\" \/>\n<meta name=\"twitter:label1\" content=\"Est. reading time\" \/>\n\t<meta name=\"twitter:data1\" content=\"2 minutes\" \/>\n<script type=\"application\/ld+json\" class=\"yoast-schema-graph\">{\"@context\":\"https:\/\/schema.org\",\"@graph\":[{\"@type\":\"WebPage\",\"@id\":\"https:\/\/legacy.colt.net\/it\/connect-more\/\",\"url\":\"https:\/\/legacy.colt.net\/it\/connect-more\/\",\"name\":\"Pi\u00f9 connessioni. Pi\u00f9 risultati - Colt Technology Services\",\"isPartOf\":{\"@id\":\"https:\/\/legacy.colt.net\/#website\"},\"primaryImageOfPage\":{\"@id\":\"https:\/\/legacy.colt.net\/it\/connect-more\/#primaryimage\"},\"image\":{\"@id\":\"https:\/\/legacy.colt.net\/it\/connect-more\/#primaryimage\"},\"thumbnailUrl\":\"https:\/\/legacy.colt.net\/wp-content\/uploads\/2023\/10\/Colt_G1-Social-posts_1200x630px_IT_Clear0.png\",\"datePublished\":\"2023-10-13T13:36:43+00:00\",\"dateModified\":\"2024-11-25T11:10:01+00:00\",\"description\":\"Pi\u00f9 connessioni. Pi\u00f9 risultati Colt Technology Services\",\"breadcrumb\":{\"@id\":\"https:\/\/legacy.colt.net\/it\/connect-more\/#breadcrumb\"},\"inLanguage\":\"it-IT\",\"potentialAction\":[{\"@type\":\"ReadAction\",\"target\":[\"https:\/\/legacy.colt.net\/it\/connect-more\/\"]}]},{\"@type\":\"ImageObject\",\"inLanguage\":\"it-IT\",\"@id\":\"https:\/\/legacy.colt.net\/it\/connect-more\/#primaryimage\",\"url\":\"https:\/\/legacy.colt.net\/wp-content\/uploads\/2023\/10\/Colt_G1-Social-posts_1200x630px_IT_Clear0.png\",\"contentUrl\":\"https:\/\/legacy.colt.net\/wp-content\/uploads\/2023\/10\/Colt_G1-Social-posts_1200x630px_IT_Clear0.png\"},{\"@type\":\"BreadcrumbList\",\"@id\":\"https:\/\/legacy.colt.net\/it\/connect-more\/#breadcrumb\",\"itemListElement\":[{\"@type\":\"ListItem\",\"position\":1,\"name\":\"Home\",\"item\":\"https:\/\/legacy.colt.net\/it\/\"},{\"@type\":\"ListItem\",\"position\":2,\"name\":\"Pi\u00f9 connessioni. Pi\u00f9 risultati\"}]},{\"@type\":\"WebSite\",\"@id\":\"https:\/\/legacy.colt.net\/#website\",\"url\":\"https:\/\/legacy.colt.net\/\",\"name\":\"Colt\u30c6\u30af\u30ce\u30ed\u30b8\u30fc\u30b5\u30fc\u30d3\u30b9\u682a\u5f0f\u4f1a\u793e\",\"description\":\"Managed Network &amp; Voice Services Provider\",\"publisher\":{\"@id\":\"https:\/\/legacy.colt.net\/#organization\"},\"potentialAction\":[{\"@type\":\"SearchAction\",\"target\":{\"@type\":\"EntryPoint\",\"urlTemplate\":\"https:\/\/legacy.colt.net\/?s={search_term_string}\"},\"query-input\":{\"@type\":\"PropertyValueSpecification\",\"valueRequired\":true,\"valueName\":\"search_term_string\"}}],\"inLanguage\":\"it-IT\"},{\"@type\":\"Organization\",\"@id\":\"https:\/\/legacy.colt.net\/#organization\",\"name\":\"Colt Technology Services\",\"url\":\"https:\/\/legacy.colt.net\/\",\"logo\":{\"@type\":\"ImageObject\",\"inLanguage\":\"it-IT\",\"@id\":\"https:\/\/legacy.colt.net\/#\/schema\/logo\/image\/\",\"url\":\"https:\/\/legacy.colt.net\/wp-content\/uploads\/2019\/02\/Colt-Logo.png\",\"contentUrl\":\"https:\/\/legacy.colt.net\/wp-content\/uploads\/2019\/02\/Colt-Logo.png\",\"width\":195,\"height\":77,\"caption\":\"Colt Technology Services\"},\"image\":{\"@id\":\"https:\/\/legacy.colt.net\/#\/schema\/logo\/image\/\"},\"sameAs\":[\"https:\/\/www.facebook.com\/ColtTechnologyServices\/\",\"https:\/\/x.com\/colt_technology\",\"https:\/\/www.instagram.com\/colttechnologyservices\/\",\"https:\/\/www.linkedin.com\/company\/colt-technology-services\",\"https:\/\/www.youtube.com\/user\/ColtTechnology\"]}]}<\/script>\n<!-- \/ Yoast SEO plugin. -->","yoast_head_json":{"title":"Pi\u00f9 connessioni. Pi\u00f9 risultati - Colt Technology Services","description":"Pi\u00f9 connessioni. Pi\u00f9 risultati Colt Technology Services","robots":{"index":"noindex","follow":"follow","max-snippet":"max-snippet:-1","max-image-preview":"max-image-preview:large","max-video-preview":"max-video-preview:-1"},"og_locale":"it_IT","og_type":"article","og_title":"Pi\u00f9 connessioni. Pi\u00f9 risultati - Colt Technology Services","og_description":"Pi\u00f9 connessioni. Pi\u00f9 risultati Colt Technology Services","og_url":"https:\/\/legacy.colt.net\/it\/connect-more\/","og_site_name":"Colt Technology Services","article_publisher":"https:\/\/www.facebook.com\/ColtTechnologyServices\/","article_modified_time":"2024-11-25T11:10:01+00:00","og_image":[{"url":"https:\/\/legacy.colt.net\/wp-content\/uploads\/2023\/10\/Colt_G1-Social-posts_1200x630px_IT_Clear0.png","type":"","width":"","height":""}],"twitter_card":"summary_large_image","twitter_site":"@colt_technology","twitter_misc":{"Est. reading time":"2 minutes"},"schema":{"@context":"https:\/\/schema.org","@graph":[{"@type":"WebPage","@id":"https:\/\/legacy.colt.net\/it\/connect-more\/","url":"https:\/\/legacy.colt.net\/it\/connect-more\/","name":"Pi\u00f9 connessioni. Pi\u00f9 risultati - Colt Technology Services","isPartOf":{"@id":"https:\/\/legacy.colt.net\/#website"},"primaryImageOfPage":{"@id":"https:\/\/legacy.colt.net\/it\/connect-more\/#primaryimage"},"image":{"@id":"https:\/\/legacy.colt.net\/it\/connect-more\/#primaryimage"},"thumbnailUrl":"https:\/\/legacy.colt.net\/wp-content\/uploads\/2023\/10\/Colt_G1-Social-posts_1200x630px_IT_Clear0.png","datePublished":"2023-10-13T13:36:43+00:00","dateModified":"2024-11-25T11:10:01+00:00","description":"Pi\u00f9 connessioni. Pi\u00f9 risultati Colt Technology Services","breadcrumb":{"@id":"https:\/\/legacy.colt.net\/it\/connect-more\/#breadcrumb"},"inLanguage":"it-IT","potentialAction":[{"@type":"ReadAction","target":["https:\/\/legacy.colt.net\/it\/connect-more\/"]}]},{"@type":"ImageObject","inLanguage":"it-IT","@id":"https:\/\/legacy.colt.net\/it\/connect-more\/#primaryimage","url":"https:\/\/legacy.colt.net\/wp-content\/uploads\/2023\/10\/Colt_G1-Social-posts_1200x630px_IT_Clear0.png","contentUrl":"https:\/\/legacy.colt.net\/wp-content\/uploads\/2023\/10\/Colt_G1-Social-posts_1200x630px_IT_Clear0.png"},{"@type":"BreadcrumbList","@id":"https:\/\/legacy.colt.net\/it\/connect-more\/#breadcrumb","itemListElement":[{"@type":"ListItem","position":1,"name":"Home","item":"https:\/\/legacy.colt.net\/it\/"},{"@type":"ListItem","position":2,"name":"Pi\u00f9 connessioni. Pi\u00f9 risultati"}]},{"@type":"WebSite","@id":"https:\/\/legacy.colt.net\/#website","url":"https:\/\/legacy.colt.net\/","name":"Colt\u30c6\u30af\u30ce\u30ed\u30b8\u30fc\u30b5\u30fc\u30d3\u30b9\u682a\u5f0f\u4f1a\u793e","description":"Managed Network &amp; Voice Services Provider","publisher":{"@id":"https:\/\/legacy.colt.net\/#organization"},"potentialAction":[{"@type":"SearchAction","target":{"@type":"EntryPoint","urlTemplate":"https:\/\/legacy.colt.net\/?s={search_term_string}"},"query-input":{"@type":"PropertyValueSpecification","valueRequired":true,"valueName":"search_term_string"}}],"inLanguage":"it-IT"},{"@type":"Organization","@id":"https:\/\/legacy.colt.net\/#organization","name":"Colt Technology Services","url":"https:\/\/legacy.colt.net\/","logo":{"@type":"ImageObject","inLanguage":"it-IT","@id":"https:\/\/legacy.colt.net\/#\/schema\/logo\/image\/","url":"https:\/\/legacy.colt.net\/wp-content\/uploads\/2019\/02\/Colt-Logo.png","contentUrl":"https:\/\/legacy.colt.net\/wp-content\/uploads\/2019\/02\/Colt-Logo.png","width":195,"height":77,"caption":"Colt Technology Services"},"image":{"@id":"https:\/\/legacy.colt.net\/#\/schema\/logo\/image\/"},"sameAs":["https:\/\/www.facebook.com\/ColtTechnologyServices\/","https:\/\/x.com\/colt_technology","https:\/\/www.instagram.com\/colttechnologyservices\/","https:\/\/www.linkedin.com\/company\/colt-technology-services","https:\/\/www.youtube.com\/user\/ColtTechnology"]}]}},"_links":{"self":[{"href":"https:\/\/legacy.colt.net\/it\/wp-json\/wp\/v2\/pages\/124458","targetHints":{"allow":["GET"]}}],"collection":[{"href":"https:\/\/legacy.colt.net\/it\/wp-json\/wp\/v2\/pages"}],"about":[{"href":"https:\/\/legacy.colt.net\/it\/wp-json\/wp\/v2\/types\/page"}],"author":[{"embeddable":true,"href":"https:\/\/legacy.colt.net\/it\/wp-json\/wp\/v2\/users\/2"}],"replies":[{"embeddable":true,"href":"https:\/\/legacy.colt.net\/it\/wp-json\/wp\/v2\/comments?post=124458"}],"version-history":[{"count":0,"href":"https:\/\/legacy.colt.net\/it\/wp-json\/wp\/v2\/pages\/124458\/revisions"}],"wp:attachment":[{"href":"https:\/\/legacy.colt.net\/it\/wp-json\/wp\/v2\/media?parent=124458"}],"wp:term":[{"taxonomy":"colt_type","embeddable":true,"href":"https:\/\/legacy.colt.net\/it\/wp-json\/wp\/v2\/colt_type?post=124458"},{"taxonomy":"colt_products","embeddable":true,"href":"https:\/\/legacy.colt.net\/it\/wp-json\/wp\/v2\/colt_products?post=124458"}],"curies":[{"name":"wp","href":"https:\/\/api.w.org\/{rel}","templated":true}]}}