{"id":123999,"date":"2019-07-16T13:51:47","date_gmt":"2019-07-16T12:51:47","guid":{"rendered":"https:\/\/www.colt.net\/why-colt\/our-partners\/equinix\/"},"modified":"2023-10-03T14:05:01","modified_gmt":"2023-10-03T13:05:01","slug":"equinix","status":"publish","type":"page","link":"https:\/\/legacy.colt.net\/it\/why-colt\/our-partners\/equinix\/","title":{"rendered":"Colt\u2019s partnership with Equinix"},"content":{"rendered":"\n<h1>\n\t\tLa partnership di Colt con Equinix\u00a0\n\t<\/h1>\n<h3>\n\t\tSblocca il tuo ecosistema di partner, fornitori e clienti con un controllo software-driven per una maggiore flessibilit\u00e0 commerciale.\u00a0\n\t<\/h3>\n\t<nav class=\"breadcrumb\"><span><span><a href=\"https:\/\/legacy.colt.net\/it\/\">Home<\/a><\/span><\/span><\/nav>\n<h1>\n\t\tTrasformiamo la tua azienda insieme\u00a0\n\t<\/h1>\n\t<p>Stai cercando di potenziare la tua azienda con agilit\u00e0? Qui ti raccontiamo come la collaborazione tra Colt ed Equinix pu\u00f2 trasformare il tuo percorso verso l&#8217;innovazione.\u00a0<\/p>\n<p>Oggi essere agili e adattarsi rapidamente a nuovi mercati e opportunit\u00e0 \u00e8 essenziale per il successo. Ma ottimizzare semplicemente le infrastrutture non \u00e8 pi\u00f9 sufficiente. La trasformazione digitale richiede una connettivit\u00e0 adeguata e flessibile che risponda alle crescenti richieste di un mondo sempre pi\u00f9 digitale. Ed \u00e8 qui che entrano in gioco Colt ed Equinix.\u00a0<\/p>\n\t\t\t\t<img loading=\"lazy\" decoding=\"async\" src=\"https:\/\/legacy.colt.net\/wp-content\/uploads\/2022\/09\/Colt-Cloud-Equinix-External.png\" alt=\"Colt-Cloud-Equinix-External\" itemprop=\"image\" height=\"909\" width=\"1384\" title=\"Colt-Cloud-Equinix-External\" onerror=\"this.style.display='none'\"  \/>\n<h2>\n\t\tColt On Demand Interconnect estende la connettivit\u00e0 flessibile oltre i data centre Equinix\n\t<\/h2>\n\t<p>On Demand Interconnect (ODI) per Equinix consente ai clienti di connettersi dalle sedi Equinix Fabric direttamente ai siti della piattaforma Colt On Demand, tramite un&#8217;interconnessione SDN in tempo reale completamente automatizzata.\u00a0<\/p>\n<p>Colt ODI per Equinix consente ai clienti che fanno parte di Equinix Fabric di estendere la propria presenza, consumando connettivit\u00e0 dell&#8217;ultimo miglio on demand al di fuori della copertura di Equinix, attraverso la piattaforma Colt On Demand. In questo modo i clienti posso espandere la propria presenza agli oltre 29.000 edifici aziendali e agli oltre 1.000 data centre direttamente connessi alla rete in fibra di Colt con un&#8217;esperienza di rete pi\u00f9 semplice end-to-end.<\/p>\n\t\t\t<a href=\"https:\/\/legacy.colt.net\/solutions\/on-demand\/contact\/\" target=\"_self\" role=\"button\" rel=\"noopener\">\n\t\t\t\t\t\t\tRichiedi una demo\n\t\t\t\t\t<\/a>\n\t\t\t<a href=\"https:\/\/legacy.colt.net\/solutions\/on-demand\/resources\/interconnect\/\" target=\"_self\" role=\"button\" rel=\"noopener\">\n\t\t\t\t\t\t\tVisualizza il Knowledge Centre\n\t\t\t\t\t<\/a>\n\t\t\t\t\t<img decoding=\"async\" src=\"https:\/\/i.ytimg.com\/vi\/MFRWqf91-cA\/maxresdefault.jpg\" alt=\"youtube-video-thumbnail\"\/>\n\t\t<h3>\n\t\tUna partnership potente\u00a0\n\t<\/h3>\n\t<p>La combinazione della rete globale di Colt e della presenza globale dei data center Equinix crea un ecosistema che soddisfa tutte le vostre esigenze, dall&#8217;architettura di rete all&#8217;esperienza quotidiana dei vostri utenti.<\/p>\n\t\t\t\t<img loading=\"lazy\" decoding=\"async\" src=\"https:\/\/legacy.colt.net\/wp-content\/uploads\/2022\/08\/Colt-Equinix.png\" alt=\"Colt + Equinix\" itemprop=\"image\" height=\"814\" width=\"1772\" title=\"Colt + Equinix\" onerror=\"this.style.display='none'\"  \/>\n\t<ol>\n<li>Connettivit\u00e0 ubiqua dell&#8217;ultimo miglio<\/li>\n<li>Connettivit\u00e0 software-defined<\/li>\n<li>Ampie ramificazioni della rete cloud pubblica<\/li>\n<li>Piattaforma On Demand sulla scala di Equinix<\/li>\n<\/ol>\n<p>&nbsp;<\/p>\n<ol>\n<li>Servizi di infrastruttura privata<\/li>\n<li>Connettivit\u00e0 software-defined<\/li>\n<li>Ampie ramificazioni del cloud pubblico<\/li>\n<li>Piattaforma globale di servizi digitali<\/li>\n<\/ol>\n\t<p>Multipiattaforma di Intelligent Networking + servizi digitali | ecosistemi abilitati dal software<\/p>\n\t<p>&#8220;La combinazione della rete globale di Colt con la presenza digitale globale di Equinix offre alle aziende soluzioni digitali dinamiche e complete, in grado di soddisfare i requisiti end-to-end, dall&#8217;architettura di una backbone di rete globale all&#8217;ottimizzazione dell&#8217;esperienza &#8220;last mile&#8221; degli utenti ogni giorno. L&#8217;ulteriore espansione e automazione di questa soluzione non pu\u00f2 che essere un bene e una grande opportunit\u00e0 per i clienti che possono cos\u00ec portare la loro connessione ai partner aziendali strategici a un livello superiore&#8221;.\u00a0<\/p>\n<strong>Mark Anderson<br \/>\nVice President, Global Technical Sales at Equinix<\/strong>\n<h3>\n\t\tChi siamo\n\t<\/h3>\n\t<p>La nostra esperienza combinata nella realizzazione di architetture ibride, agili, iperconnesse e ad alte prestazioni offre alle aziende soluzioni sicure, facili da gestire, flessibili e scalabili per soddisfare le crescenti esigenze del loro business.\u00a0<\/p>\n\t\t\t\t<img loading=\"lazy\" decoding=\"async\" src=\"https:\/\/legacy.colt.net\/wp-content\/uploads\/2019\/07\/Equinix-Tagline-Outlined_300.png\" alt=\"Equinix Tagline Outlined_300\" itemprop=\"image\" height=\"867\" width=\"1625\" title=\"Equinix Tagline Outlined_300\" onerror=\"this.style.display='none'\"  \/>\n\t\t\t\t<img loading=\"lazy\" decoding=\"async\" src=\"https:\/\/legacy.colt.net\/wp-content\/uploads\/2020\/12\/Colt_logo_Teal_RGB-300x118-1.png\" alt=\"Colt_logo_Teal_RGB-300x118\" itemprop=\"image\" height=\"118\" width=\"300\" title=\"Colt_logo_Teal_RGB-300x118\" onerror=\"this.style.display='none'\"  \/>\n\t<p>Equinix \u00e8 l&#8217;azienda globale di infrastrutture digitali, che consente ai leader digitali di sfruttare una piattaforma affidabile per riunire e interconnettere l&#8217;infrastruttura fondamentale che alimenta il loro successo. Con Equinix, possono scalare con agilit\u00e0, accelerare il lancio dei servizi digitali, offrire esperienze di livello mondiale e moltiplicare il loro valore. A livello globale, la piattaforma Equinix comprende 240 data centre in 66 metropoli, 27 paesi e 6 continenti, che forniscono servizi di data centre e interconnessione a oltre 10.000 aziende, tra cui pi\u00f9 del 50% delle aziende Fortune 500.\u00a0<\/p>\n\t<p>Siamo Colt, l&#8217;azienda globale di infrastrutture digitali che offre connessioni straordinarie con autentica cura. Uniamo persone straordinarie, reti intelligenti e partner affini a livello globale per creare soluzioni che mettano il potere dell&#8217;universo digitale nelle mani dei nostri clienti. La nostra rete, la Colt IQ Network, fornisce infrastrutture digitali su misura e servizi che garantiscono il successo della vostra attivit\u00e0. Vogliamo che le principali aziende del mondo scelgano di connettersi con noi e lo facciamo fornendo un&#8217;esperienza straordinaria per il cliente. Colt \u00e8 gi\u00e0 leader del settore e miriamo ancora pi\u00f9 in alto. Ecco come creiamo connessioni straordinarie, con i nostri clienti, i nostri partner, le nostre persone e il nostro pianeta.\u00a0<\/p>\n\n","protected":false},"excerpt":{"rendered":"<p>La partnership di Colt con Equinix\u00a0 Sblocca il tuo ecosistema di partner, fornitori e clienti con un controllo software-driven per una maggiore flessibilit\u00e0 commerciale.\u00a0 Trasformiamo la tua azienda insieme\u00a0 Stai cercando di potenziare la tua azienda con agilit\u00e0? Qui ti raccontiamo come la collaborazione tra Colt ed Equinix pu\u00f2 trasformare il tuo percorso verso l&#8217;innovazione.\u00a0&#8230;<\/p>\n","protected":false},"author":2,"featured_media":0,"parent":100205,"menu_order":0,"comment_status":"closed","ping_status":"closed","template":"","meta":{"_acf_changed":false,"footnotes":""},"colt_type":[],"colt_products":[],"class_list":["post-123999","page","type-page","status-publish","hentry"],"acf":[],"yoast_head":"<!-- This site is optimized with the Yoast SEO plugin v26.8 - https:\/\/yoast.com\/product\/yoast-seo-wordpress\/ -->\n<title>Colt\u2019s partnership with Equinix - Colt Technology Services<\/title>\n<meta name=\"description\" content=\"In today\u2019s interconnected era, success in business depends on rapid innovation and the ability to be agile enough to swiftly establish links to new markets\" \/>\n<meta name=\"robots\" content=\"noindex, follow, max-snippet:-1, max-image-preview:large, max-video-preview:-1\" \/>\n<meta property=\"og:locale\" content=\"it_IT\" \/>\n<meta property=\"og:type\" content=\"article\" \/>\n<meta property=\"og:title\" content=\"Colt\u2019s partnership with Equinix - Colt Technology Services\" \/>\n<meta property=\"og:description\" content=\"In today\u2019s interconnected era, success in business depends on rapid innovation and the ability to be agile enough to swiftly establish links to new markets\" \/>\n<meta property=\"og:url\" content=\"https:\/\/legacy.colt.net\/it\/why-colt\/our-partners\/equinix\/\" \/>\n<meta property=\"og:site_name\" content=\"Colt Technology Services\" \/>\n<meta property=\"article:publisher\" content=\"https:\/\/www.facebook.com\/ColtTechnologyServices\/\" \/>\n<meta property=\"article:modified_time\" content=\"2023-10-03T13:05:01+00:00\" \/>\n<meta property=\"og:image\" content=\"https:\/\/legacy.colt.net\/wp-content\/uploads\/2021\/01\/Brand-2021-Stock-39.jpg\" \/>\n\t<meta property=\"og:image:width\" content=\"1000\" \/>\n\t<meta property=\"og:image:height\" content=\"667\" \/>\n\t<meta property=\"og:image:type\" content=\"image\/jpeg\" \/>\n<meta name=\"twitter:card\" content=\"summary_large_image\" \/>\n<meta name=\"twitter:site\" content=\"@colt_technology\" \/>\n<meta name=\"twitter:label1\" content=\"Est. reading time\" \/>\n\t<meta name=\"twitter:data1\" content=\"4 minutes\" \/>\n<script type=\"application\/ld+json\" class=\"yoast-schema-graph\">{\"@context\":\"https:\/\/schema.org\",\"@graph\":[{\"@type\":\"WebPage\",\"@id\":\"https:\/\/legacy.colt.net\/it\/why-colt\/our-partners\/equinix\/\",\"url\":\"https:\/\/legacy.colt.net\/it\/why-colt\/our-partners\/equinix\/\",\"name\":\"Colt\u2019s partnership with Equinix - Colt Technology Services\",\"isPartOf\":{\"@id\":\"https:\/\/legacy.colt.net\/#website\"},\"primaryImageOfPage\":{\"@id\":\"https:\/\/legacy.colt.net\/it\/why-colt\/our-partners\/equinix\/#primaryimage\"},\"image\":{\"@id\":\"https:\/\/legacy.colt.net\/it\/why-colt\/our-partners\/equinix\/#primaryimage\"},\"thumbnailUrl\":\"https:\/\/legacy.colt.net\/wp-content\/uploads\/2022\/09\/Colt-Cloud-Equinix-External.png\",\"datePublished\":\"2019-07-16T12:51:47+00:00\",\"dateModified\":\"2023-10-03T13:05:01+00:00\",\"description\":\"In today\u2019s interconnected era, success in business depends on rapid innovation and the ability to be agile enough to swiftly establish links to new markets\",\"breadcrumb\":{\"@id\":\"https:\/\/legacy.colt.net\/it\/why-colt\/our-partners\/equinix\/#breadcrumb\"},\"inLanguage\":\"it-IT\",\"potentialAction\":[{\"@type\":\"ReadAction\",\"target\":[\"https:\/\/legacy.colt.net\/it\/why-colt\/our-partners\/equinix\/\"]}]},{\"@type\":\"ImageObject\",\"inLanguage\":\"it-IT\",\"@id\":\"https:\/\/legacy.colt.net\/it\/why-colt\/our-partners\/equinix\/#primaryimage\",\"url\":\"https:\/\/legacy.colt.net\/wp-content\/uploads\/2022\/09\/Colt-Cloud-Equinix-External.png\",\"contentUrl\":\"https:\/\/legacy.colt.net\/wp-content\/uploads\/2022\/09\/Colt-Cloud-Equinix-External.png\"},{\"@type\":\"BreadcrumbList\",\"@id\":\"https:\/\/legacy.colt.net\/it\/why-colt\/our-partners\/equinix\/#breadcrumb\",\"itemListElement\":[{\"@type\":\"ListItem\",\"position\":1,\"name\":\"Home\",\"item\":\"https:\/\/legacy.colt.net\/it\/\"},{\"@type\":\"ListItem\",\"position\":2,\"name\":\"Why Colt?\",\"item\":\"https:\/\/legacy.colt.net\/it\/why-colt\/\"},{\"@type\":\"ListItem\",\"position\":3,\"name\":\"Our Partners\",\"item\":\"https:\/\/legacy.colt.net\/it\/why-colt\/our-partners\/\"},{\"@type\":\"ListItem\",\"position\":4,\"name\":\"Colt\u2019s partnership with Equinix\"}]},{\"@type\":\"WebSite\",\"@id\":\"https:\/\/legacy.colt.net\/#website\",\"url\":\"https:\/\/legacy.colt.net\/\",\"name\":\"Colt\u30c6\u30af\u30ce\u30ed\u30b8\u30fc\u30b5\u30fc\u30d3\u30b9\u682a\u5f0f\u4f1a\u793e\",\"description\":\"Managed Network &amp; Voice Services Provider\",\"publisher\":{\"@id\":\"https:\/\/legacy.colt.net\/#organization\"},\"potentialAction\":[{\"@type\":\"SearchAction\",\"target\":{\"@type\":\"EntryPoint\",\"urlTemplate\":\"https:\/\/legacy.colt.net\/?s={search_term_string}\"},\"query-input\":{\"@type\":\"PropertyValueSpecification\",\"valueRequired\":true,\"valueName\":\"search_term_string\"}}],\"inLanguage\":\"it-IT\"},{\"@type\":\"Organization\",\"@id\":\"https:\/\/legacy.colt.net\/#organization\",\"name\":\"Colt Technology Services\",\"url\":\"https:\/\/legacy.colt.net\/\",\"logo\":{\"@type\":\"ImageObject\",\"inLanguage\":\"it-IT\",\"@id\":\"https:\/\/legacy.colt.net\/#\/schema\/logo\/image\/\",\"url\":\"https:\/\/legacy.colt.net\/wp-content\/uploads\/2019\/02\/Colt-Logo.png\",\"contentUrl\":\"https:\/\/legacy.colt.net\/wp-content\/uploads\/2019\/02\/Colt-Logo.png\",\"width\":195,\"height\":77,\"caption\":\"Colt Technology Services\"},\"image\":{\"@id\":\"https:\/\/legacy.colt.net\/#\/schema\/logo\/image\/\"},\"sameAs\":[\"https:\/\/www.facebook.com\/ColtTechnologyServices\/\",\"https:\/\/x.com\/colt_technology\",\"https:\/\/www.instagram.com\/colttechnologyservices\/\",\"https:\/\/www.linkedin.com\/company\/colt-technology-services\",\"https:\/\/www.youtube.com\/user\/ColtTechnology\"]}]}<\/script>\n<!-- \/ Yoast SEO plugin. -->","yoast_head_json":{"title":"Colt\u2019s partnership with Equinix - Colt Technology Services","description":"In today\u2019s interconnected era, success in business depends on rapid innovation and the ability to be agile enough to swiftly establish links to new markets","robots":{"index":"noindex","follow":"follow","max-snippet":"max-snippet:-1","max-image-preview":"max-image-preview:large","max-video-preview":"max-video-preview:-1"},"og_locale":"it_IT","og_type":"article","og_title":"Colt\u2019s partnership with Equinix - Colt Technology Services","og_description":"In today\u2019s interconnected era, success in business depends on rapid innovation and the ability to be agile enough to swiftly establish links to new markets","og_url":"https:\/\/legacy.colt.net\/it\/why-colt\/our-partners\/equinix\/","og_site_name":"Colt Technology Services","article_publisher":"https:\/\/www.facebook.com\/ColtTechnologyServices\/","article_modified_time":"2023-10-03T13:05:01+00:00","og_image":[{"width":1000,"height":667,"url":"https:\/\/legacy.colt.net\/wp-content\/uploads\/2021\/01\/Brand-2021-Stock-39.jpg","type":"image\/jpeg"}],"twitter_card":"summary_large_image","twitter_site":"@colt_technology","twitter_misc":{"Est. reading time":"4 minutes"},"schema":{"@context":"https:\/\/schema.org","@graph":[{"@type":"WebPage","@id":"https:\/\/legacy.colt.net\/it\/why-colt\/our-partners\/equinix\/","url":"https:\/\/legacy.colt.net\/it\/why-colt\/our-partners\/equinix\/","name":"Colt\u2019s partnership with Equinix - Colt Technology Services","isPartOf":{"@id":"https:\/\/legacy.colt.net\/#website"},"primaryImageOfPage":{"@id":"https:\/\/legacy.colt.net\/it\/why-colt\/our-partners\/equinix\/#primaryimage"},"image":{"@id":"https:\/\/legacy.colt.net\/it\/why-colt\/our-partners\/equinix\/#primaryimage"},"thumbnailUrl":"https:\/\/legacy.colt.net\/wp-content\/uploads\/2022\/09\/Colt-Cloud-Equinix-External.png","datePublished":"2019-07-16T12:51:47+00:00","dateModified":"2023-10-03T13:05:01+00:00","description":"In today\u2019s interconnected era, success in business depends on rapid innovation and the ability to be agile enough to swiftly establish links to new markets","breadcrumb":{"@id":"https:\/\/legacy.colt.net\/it\/why-colt\/our-partners\/equinix\/#breadcrumb"},"inLanguage":"it-IT","potentialAction":[{"@type":"ReadAction","target":["https:\/\/legacy.colt.net\/it\/why-colt\/our-partners\/equinix\/"]}]},{"@type":"ImageObject","inLanguage":"it-IT","@id":"https:\/\/legacy.colt.net\/it\/why-colt\/our-partners\/equinix\/#primaryimage","url":"https:\/\/legacy.colt.net\/wp-content\/uploads\/2022\/09\/Colt-Cloud-Equinix-External.png","contentUrl":"https:\/\/legacy.colt.net\/wp-content\/uploads\/2022\/09\/Colt-Cloud-Equinix-External.png"},{"@type":"BreadcrumbList","@id":"https:\/\/legacy.colt.net\/it\/why-colt\/our-partners\/equinix\/#breadcrumb","itemListElement":[{"@type":"ListItem","position":1,"name":"Home","item":"https:\/\/legacy.colt.net\/it\/"},{"@type":"ListItem","position":2,"name":"Why Colt?","item":"https:\/\/legacy.colt.net\/it\/why-colt\/"},{"@type":"ListItem","position":3,"name":"Our Partners","item":"https:\/\/legacy.colt.net\/it\/why-colt\/our-partners\/"},{"@type":"ListItem","position":4,"name":"Colt\u2019s partnership with Equinix"}]},{"@type":"WebSite","@id":"https:\/\/legacy.colt.net\/#website","url":"https:\/\/legacy.colt.net\/","name":"Colt\u30c6\u30af\u30ce\u30ed\u30b8\u30fc\u30b5\u30fc\u30d3\u30b9\u682a\u5f0f\u4f1a\u793e","description":"Managed Network &amp; Voice Services Provider","publisher":{"@id":"https:\/\/legacy.colt.net\/#organization"},"potentialAction":[{"@type":"SearchAction","target":{"@type":"EntryPoint","urlTemplate":"https:\/\/legacy.colt.net\/?s={search_term_string}"},"query-input":{"@type":"PropertyValueSpecification","valueRequired":true,"valueName":"search_term_string"}}],"inLanguage":"it-IT"},{"@type":"Organization","@id":"https:\/\/legacy.colt.net\/#organization","name":"Colt Technology Services","url":"https:\/\/legacy.colt.net\/","logo":{"@type":"ImageObject","inLanguage":"it-IT","@id":"https:\/\/legacy.colt.net\/#\/schema\/logo\/image\/","url":"https:\/\/legacy.colt.net\/wp-content\/uploads\/2019\/02\/Colt-Logo.png","contentUrl":"https:\/\/legacy.colt.net\/wp-content\/uploads\/2019\/02\/Colt-Logo.png","width":195,"height":77,"caption":"Colt Technology Services"},"image":{"@id":"https:\/\/legacy.colt.net\/#\/schema\/logo\/image\/"},"sameAs":["https:\/\/www.facebook.com\/ColtTechnologyServices\/","https:\/\/x.com\/colt_technology","https:\/\/www.instagram.com\/colttechnologyservices\/","https:\/\/www.linkedin.com\/company\/colt-technology-services","https:\/\/www.youtube.com\/user\/ColtTechnology"]}]}},"_links":{"self":[{"href":"https:\/\/legacy.colt.net\/it\/wp-json\/wp\/v2\/pages\/123999","targetHints":{"allow":["GET"]}}],"collection":[{"href":"https:\/\/legacy.colt.net\/it\/wp-json\/wp\/v2\/pages"}],"about":[{"href":"https:\/\/legacy.colt.net\/it\/wp-json\/wp\/v2\/types\/page"}],"author":[{"embeddable":true,"href":"https:\/\/legacy.colt.net\/it\/wp-json\/wp\/v2\/users\/2"}],"replies":[{"embeddable":true,"href":"https:\/\/legacy.colt.net\/it\/wp-json\/wp\/v2\/comments?post=123999"}],"version-history":[{"count":0,"href":"https:\/\/legacy.colt.net\/it\/wp-json\/wp\/v2\/pages\/123999\/revisions"}],"up":[{"embeddable":true,"href":"https:\/\/legacy.colt.net\/it\/wp-json\/wp\/v2\/pages\/100205"}],"wp:attachment":[{"href":"https:\/\/legacy.colt.net\/it\/wp-json\/wp\/v2\/media?parent=123999"}],"wp:term":[{"taxonomy":"colt_type","embeddable":true,"href":"https:\/\/legacy.colt.net\/it\/wp-json\/wp\/v2\/colt_type?post=123999"},{"taxonomy":"colt_products","embeddable":true,"href":"https:\/\/legacy.colt.net\/it\/wp-json\/wp\/v2\/colt_products?post=123999"}],"curies":[{"name":"wp","href":"https:\/\/api.w.org\/{rel}","templated":true}]}}