{"id":118272,"date":"2023-01-23T15:03:59","date_gmt":"2023-01-23T15:03:59","guid":{"rendered":"https:\/\/www.colt.net\/?page_id=118272"},"modified":"2023-01-23T15:03:59","modified_gmt":"2023-01-23T15:03:59","slug":"catherine-leaver","status":"publish","type":"page","link":"https:\/\/legacy.colt.net\/it\/about\/leadership\/catherine-leaver\/","title":{"rendered":"Catherine Leaver"},"content":{"rendered":"\n\n\t<nav class=\"breadcrumb\"><span><span><a href=\"https:\/\/legacy.colt.net\/it\/\">Home<\/a><\/span><\/span><\/nav>\n\t<p><strong>Londra, Regno Unito, 22 febbraio 2022<\/strong> &#8211; Colt Technology Services ha nominato Catherine Leaver nuovo Chief People Officer, con effetto immediato.<\/p>\n<p>Esperta di risorse umane nel settore delle telecomunicazioni, Leaver arriva in Colt da Telef\u00f3nica Group, dove ha trascorso gli ultimi 16 anni in ruoli di leadership come senior HR, e in ultimo come HR Director e membro del team esecutivo di Telef\u00f3nica UK &#8211; O2.<\/p>\n<p>Entrando a far parte dell&#8217;Executive Leadership Team di Colt, Catherine porta con s\u00e9 una grande esperienza nella collaborazione con dipendenti a livello internazionale e nella creazione di team forti, nella realizzazione di cambiamenti e nell&#8217;ottenimento di risultati, facendo in modo che il benessere dell&#8217;organizzazione rimanga una priorit\u00e0 assoluta. Nella sede centrale di Colt a Londra, Leaver riferir\u00e0 al CEO Keri Gilder e lavorer\u00e0 a stretto contatto con gli altri membri dell&#8217;Executive Leadership Team dell&#8217;azienda. Presieder\u00e0 inoltre il Consiglio per l&#8217;Inclusione e la Diversit\u00e0 di Colt.<\/p>\n<p>Nel tempo libero, Catherine Leaver \u00e8 appassionata di ambiente e del mondo naturale. \u00c8 una grande sostenitrice del rewilding e del ripristino della natura oltre che dell&#8217;impatto che i progetti di ripristino degli ecosistemi su larga scala e a lungo termine possono avere su come le persone vivono a contatto con l&#8217;ambiente naturale.<\/p>\n<p>Keri Gilder, CEO di Colt, ha commentato: &#8220;Le nostre persone sono fondamentali per il nostro business e nel nostro modo di supportare i clienti, quindi questa \u00e8 una nomina fondamentale per Colt. Catherine entra in Colt in un momento importante per l&#8217;azienda e porta con s\u00e9 una grande esperienza nel settore delle telecomunicazioni, in particolare nella guida della divisione HR a livello internazionale e nel supporto di iniziative strategiche, quindi \u00e8 la persona ideale per Colt&#8221;.<\/p>\n<p>Catherine Leaver, nuovo Chief People Officer di Colt, ha dichiarato: &#8220;Questo \u00e8 un momento davvero importante per Colt e ritengo che la mia esperienza mi aiuter\u00e0 a svolgere un ruolo fondamentale nella realizzazione della strategia e nel raggiungimento degli obiettivi di Colt. Sono rimasta colpita dall&#8217;approccio dell&#8217;azienda orientato al cliente e alle persone, in particolare per l&#8217;attenzione alla diversity, e non vedo l&#8217;ora di iniziare la mia esperienza di presidente dell&#8217;Inclusion and Diversity Council, oltre a supportare i team Colt in tutto il mondo e garantire che Colt continui a essere un datore di lavoro di prima scelta in tutti i mercati in cui opera&#8221;.<\/p>\n<p>Riconosciuta come Visionaria nel Magic Quadrant 2021 di Gartner per i servizi di rete, Colt ha anche ricevuto il premio European Customer Value Leadership Award 2021 di Frost &amp; Sullivan. L&#8217;azienda vanta un Net Promotor Scores (NPS) ai vertici del settore, che riflette l&#8217;elevata motivazione dei dipendenti Colt.<\/p>\n\t\t\t\t<img loading=\"lazy\" decoding=\"async\" src=\"https:\/\/legacy.colt.net\/wp-content\/uploads\/2021\/01\/Catherine-Leaver.jpg\" alt=\"Catherine Leaver\" itemprop=\"image\" height=\"803\" width=\"643\" title=\"Catherine Leaver\" onerror=\"this.style.display='none'\"  \/>\n<h3>\n\t\tCatherine Leaver\n\t<\/h3>\n<h4>\n\t\tChief People Officer\n\t<\/h4>\n\n","protected":false},"excerpt":{"rendered":"<p>Londra, Regno Unito, 22 febbraio 2022 &#8211; Colt Technology Services ha nominato Catherine Leaver nuovo Chief People Officer, con effetto immediato. Esperta di risorse umane nel settore delle telecomunicazioni, Leaver arriva in Colt da Telef\u00f3nica Group, dove ha trascorso gli ultimi 16 anni in ruoli di leadership come senior HR, e in ultimo come HR&#8230;<\/p>\n","protected":false},"author":2,"featured_media":0,"parent":34292,"menu_order":0,"comment_status":"closed","ping_status":"closed","template":"","meta":{"_acf_changed":false,"footnotes":""},"colt_type":[],"colt_products":[],"class_list":["post-118272","page","type-page","status-publish","hentry"],"acf":[],"yoast_head":"<!-- This site is optimized with the Yoast SEO plugin v26.8 - https:\/\/yoast.com\/product\/yoast-seo-wordpress\/ -->\n<title>Catherine Leaver - Colt Technology Services<\/title>\n<meta name=\"description\" content=\"Catherine Leaver Colt Technology Services\" \/>\n<meta name=\"robots\" content=\"noindex, follow, max-snippet:-1, max-image-preview:large, max-video-preview:-1\" \/>\n<meta property=\"og:locale\" content=\"it_IT\" \/>\n<meta property=\"og:type\" content=\"article\" \/>\n<meta property=\"og:title\" content=\"Catherine Leaver - Colt Technology Services\" \/>\n<meta property=\"og:description\" content=\"Catherine Leaver Colt Technology Services\" \/>\n<meta property=\"og:url\" content=\"https:\/\/legacy.colt.net\/it\/about\/leadership\/catherine-leaver\/\" \/>\n<meta property=\"og:site_name\" content=\"Colt Technology Services\" \/>\n<meta property=\"article:publisher\" content=\"https:\/\/www.facebook.com\/ColtTechnologyServices\/\" \/>\n<meta property=\"og:image\" content=\"https:\/\/legacy.colt.net\/wp-content\/uploads\/2021\/01\/Brand-2021-Stock-14.jpg\" \/>\n\t<meta property=\"og:image:width\" content=\"1000\" \/>\n\t<meta property=\"og:image:height\" content=\"667\" \/>\n\t<meta property=\"og:image:type\" content=\"image\/jpeg\" \/>\n<meta name=\"twitter:card\" content=\"summary_large_image\" \/>\n<meta name=\"twitter:site\" content=\"@colt_technology\" \/>\n<script type=\"application\/ld+json\" class=\"yoast-schema-graph\">{\"@context\":\"https:\/\/schema.org\",\"@graph\":[{\"@type\":\"WebPage\",\"@id\":\"https:\/\/legacy.colt.net\/it\/about\/leadership\/catherine-leaver\/\",\"url\":\"https:\/\/legacy.colt.net\/it\/about\/leadership\/catherine-leaver\/\",\"name\":\"Catherine Leaver - Colt Technology Services\",\"isPartOf\":{\"@id\":\"https:\/\/legacy.colt.net\/#website\"},\"primaryImageOfPage\":{\"@id\":\"https:\/\/legacy.colt.net\/it\/about\/leadership\/catherine-leaver\/#primaryimage\"},\"image\":{\"@id\":\"https:\/\/legacy.colt.net\/it\/about\/leadership\/catherine-leaver\/#primaryimage\"},\"thumbnailUrl\":\"https:\/\/legacy.colt.net\/wp-content\/uploads\/2021\/01\/Catherine-Leaver.jpg\",\"datePublished\":\"2023-01-23T15:03:59+00:00\",\"description\":\"Catherine Leaver Colt Technology Services\",\"breadcrumb\":{\"@id\":\"https:\/\/legacy.colt.net\/it\/about\/leadership\/catherine-leaver\/#breadcrumb\"},\"inLanguage\":\"it-IT\",\"potentialAction\":[{\"@type\":\"ReadAction\",\"target\":[\"https:\/\/legacy.colt.net\/it\/about\/leadership\/catherine-leaver\/\"]}]},{\"@type\":\"ImageObject\",\"inLanguage\":\"it-IT\",\"@id\":\"https:\/\/legacy.colt.net\/it\/about\/leadership\/catherine-leaver\/#primaryimage\",\"url\":\"https:\/\/legacy.colt.net\/wp-content\/uploads\/2021\/01\/Catherine-Leaver.jpg\",\"contentUrl\":\"https:\/\/legacy.colt.net\/wp-content\/uploads\/2021\/01\/Catherine-Leaver.jpg\"},{\"@type\":\"BreadcrumbList\",\"@id\":\"https:\/\/legacy.colt.net\/it\/about\/leadership\/catherine-leaver\/#breadcrumb\",\"itemListElement\":[{\"@type\":\"ListItem\",\"position\":1,\"name\":\"Home\",\"item\":\"https:\/\/legacy.colt.net\/it\/\"},{\"@type\":\"ListItem\",\"position\":2,\"name\":\"Su Colt\",\"item\":\"https:\/\/legacy.colt.net\/it\/about\/\"},{\"@type\":\"ListItem\",\"position\":3,\"name\":\"Direzione\",\"item\":\"https:\/\/legacy.colt.net\/it\/about\/leadership\/\"},{\"@type\":\"ListItem\",\"position\":4,\"name\":\"Catherine Leaver\"}]},{\"@type\":\"WebSite\",\"@id\":\"https:\/\/legacy.colt.net\/#website\",\"url\":\"https:\/\/legacy.colt.net\/\",\"name\":\"Colt\u30c6\u30af\u30ce\u30ed\u30b8\u30fc\u30b5\u30fc\u30d3\u30b9\u682a\u5f0f\u4f1a\u793e\",\"description\":\"Managed Network &amp; Voice Services Provider\",\"publisher\":{\"@id\":\"https:\/\/legacy.colt.net\/#organization\"},\"potentialAction\":[{\"@type\":\"SearchAction\",\"target\":{\"@type\":\"EntryPoint\",\"urlTemplate\":\"https:\/\/legacy.colt.net\/?s={search_term_string}\"},\"query-input\":{\"@type\":\"PropertyValueSpecification\",\"valueRequired\":true,\"valueName\":\"search_term_string\"}}],\"inLanguage\":\"it-IT\"},{\"@type\":\"Organization\",\"@id\":\"https:\/\/legacy.colt.net\/#organization\",\"name\":\"Colt Technology Services\",\"url\":\"https:\/\/legacy.colt.net\/\",\"logo\":{\"@type\":\"ImageObject\",\"inLanguage\":\"it-IT\",\"@id\":\"https:\/\/legacy.colt.net\/#\/schema\/logo\/image\/\",\"url\":\"https:\/\/legacy.colt.net\/wp-content\/uploads\/2019\/02\/Colt-Logo.png\",\"contentUrl\":\"https:\/\/legacy.colt.net\/wp-content\/uploads\/2019\/02\/Colt-Logo.png\",\"width\":195,\"height\":77,\"caption\":\"Colt Technology Services\"},\"image\":{\"@id\":\"https:\/\/legacy.colt.net\/#\/schema\/logo\/image\/\"},\"sameAs\":[\"https:\/\/www.facebook.com\/ColtTechnologyServices\/\",\"https:\/\/x.com\/colt_technology\",\"https:\/\/www.instagram.com\/colttechnologyservices\/\",\"https:\/\/www.linkedin.com\/company\/colt-technology-services\",\"https:\/\/www.youtube.com\/user\/ColtTechnology\"]}]}<\/script>\n<!-- \/ Yoast SEO plugin. -->","yoast_head_json":{"title":"Catherine Leaver - Colt Technology Services","description":"Catherine Leaver Colt Technology Services","robots":{"index":"noindex","follow":"follow","max-snippet":"max-snippet:-1","max-image-preview":"max-image-preview:large","max-video-preview":"max-video-preview:-1"},"og_locale":"it_IT","og_type":"article","og_title":"Catherine Leaver - Colt Technology Services","og_description":"Catherine Leaver Colt Technology Services","og_url":"https:\/\/legacy.colt.net\/it\/about\/leadership\/catherine-leaver\/","og_site_name":"Colt Technology Services","article_publisher":"https:\/\/www.facebook.com\/ColtTechnologyServices\/","og_image":[{"width":1000,"height":667,"url":"https:\/\/legacy.colt.net\/wp-content\/uploads\/2021\/01\/Brand-2021-Stock-14.jpg","type":"image\/jpeg"}],"twitter_card":"summary_large_image","twitter_site":"@colt_technology","schema":{"@context":"https:\/\/schema.org","@graph":[{"@type":"WebPage","@id":"https:\/\/legacy.colt.net\/it\/about\/leadership\/catherine-leaver\/","url":"https:\/\/legacy.colt.net\/it\/about\/leadership\/catherine-leaver\/","name":"Catherine Leaver - Colt Technology Services","isPartOf":{"@id":"https:\/\/legacy.colt.net\/#website"},"primaryImageOfPage":{"@id":"https:\/\/legacy.colt.net\/it\/about\/leadership\/catherine-leaver\/#primaryimage"},"image":{"@id":"https:\/\/legacy.colt.net\/it\/about\/leadership\/catherine-leaver\/#primaryimage"},"thumbnailUrl":"https:\/\/legacy.colt.net\/wp-content\/uploads\/2021\/01\/Catherine-Leaver.jpg","datePublished":"2023-01-23T15:03:59+00:00","description":"Catherine Leaver Colt Technology Services","breadcrumb":{"@id":"https:\/\/legacy.colt.net\/it\/about\/leadership\/catherine-leaver\/#breadcrumb"},"inLanguage":"it-IT","potentialAction":[{"@type":"ReadAction","target":["https:\/\/legacy.colt.net\/it\/about\/leadership\/catherine-leaver\/"]}]},{"@type":"ImageObject","inLanguage":"it-IT","@id":"https:\/\/legacy.colt.net\/it\/about\/leadership\/catherine-leaver\/#primaryimage","url":"https:\/\/legacy.colt.net\/wp-content\/uploads\/2021\/01\/Catherine-Leaver.jpg","contentUrl":"https:\/\/legacy.colt.net\/wp-content\/uploads\/2021\/01\/Catherine-Leaver.jpg"},{"@type":"BreadcrumbList","@id":"https:\/\/legacy.colt.net\/it\/about\/leadership\/catherine-leaver\/#breadcrumb","itemListElement":[{"@type":"ListItem","position":1,"name":"Home","item":"https:\/\/legacy.colt.net\/it\/"},{"@type":"ListItem","position":2,"name":"Su Colt","item":"https:\/\/legacy.colt.net\/it\/about\/"},{"@type":"ListItem","position":3,"name":"Direzione","item":"https:\/\/legacy.colt.net\/it\/about\/leadership\/"},{"@type":"ListItem","position":4,"name":"Catherine Leaver"}]},{"@type":"WebSite","@id":"https:\/\/legacy.colt.net\/#website","url":"https:\/\/legacy.colt.net\/","name":"Colt\u30c6\u30af\u30ce\u30ed\u30b8\u30fc\u30b5\u30fc\u30d3\u30b9\u682a\u5f0f\u4f1a\u793e","description":"Managed Network &amp; Voice Services Provider","publisher":{"@id":"https:\/\/legacy.colt.net\/#organization"},"potentialAction":[{"@type":"SearchAction","target":{"@type":"EntryPoint","urlTemplate":"https:\/\/legacy.colt.net\/?s={search_term_string}"},"query-input":{"@type":"PropertyValueSpecification","valueRequired":true,"valueName":"search_term_string"}}],"inLanguage":"it-IT"},{"@type":"Organization","@id":"https:\/\/legacy.colt.net\/#organization","name":"Colt Technology Services","url":"https:\/\/legacy.colt.net\/","logo":{"@type":"ImageObject","inLanguage":"it-IT","@id":"https:\/\/legacy.colt.net\/#\/schema\/logo\/image\/","url":"https:\/\/legacy.colt.net\/wp-content\/uploads\/2019\/02\/Colt-Logo.png","contentUrl":"https:\/\/legacy.colt.net\/wp-content\/uploads\/2019\/02\/Colt-Logo.png","width":195,"height":77,"caption":"Colt Technology Services"},"image":{"@id":"https:\/\/legacy.colt.net\/#\/schema\/logo\/image\/"},"sameAs":["https:\/\/www.facebook.com\/ColtTechnologyServices\/","https:\/\/x.com\/colt_technology","https:\/\/www.instagram.com\/colttechnologyservices\/","https:\/\/www.linkedin.com\/company\/colt-technology-services","https:\/\/www.youtube.com\/user\/ColtTechnology"]}]}},"_links":{"self":[{"href":"https:\/\/legacy.colt.net\/it\/wp-json\/wp\/v2\/pages\/118272","targetHints":{"allow":["GET"]}}],"collection":[{"href":"https:\/\/legacy.colt.net\/it\/wp-json\/wp\/v2\/pages"}],"about":[{"href":"https:\/\/legacy.colt.net\/it\/wp-json\/wp\/v2\/types\/page"}],"author":[{"embeddable":true,"href":"https:\/\/legacy.colt.net\/it\/wp-json\/wp\/v2\/users\/2"}],"replies":[{"embeddable":true,"href":"https:\/\/legacy.colt.net\/it\/wp-json\/wp\/v2\/comments?post=118272"}],"version-history":[{"count":0,"href":"https:\/\/legacy.colt.net\/it\/wp-json\/wp\/v2\/pages\/118272\/revisions"}],"up":[{"embeddable":true,"href":"https:\/\/legacy.colt.net\/it\/wp-json\/wp\/v2\/pages\/34292"}],"wp:attachment":[{"href":"https:\/\/legacy.colt.net\/it\/wp-json\/wp\/v2\/media?parent=118272"}],"wp:term":[{"taxonomy":"colt_type","embeddable":true,"href":"https:\/\/legacy.colt.net\/it\/wp-json\/wp\/v2\/colt_type?post=118272"},{"taxonomy":"colt_products","embeddable":true,"href":"https:\/\/legacy.colt.net\/it\/wp-json\/wp\/v2\/colt_products?post=118272"}],"curies":[{"name":"wp","href":"https:\/\/api.w.org\/{rel}","templated":true}]}}