{"id":110494,"date":"2022-03-02T14:24:51","date_gmt":"2022-03-02T14:24:51","guid":{"rendered":"https:\/\/www.colt.net\/?page_id=110494"},"modified":"2022-03-02T14:24:51","modified_gmt":"2022-03-02T14:24:51","slug":"wholesale-services","status":"publish","type":"page","link":"https:\/\/legacy.colt.net\/it\/wholesale-services\/","title":{"rendered":"Wholesale Services"},"content":{"rendered":"\n<h1>\n\t\tSoluzioni per fornitori di servizi\n\t<\/h1>\n<h2>\n\t\tProdotti &#038; Servizi\n\t<\/h2>\n\t<nav class=\"breadcrumb\"><span><span><a href=\"https:\/\/legacy.colt.net\/it\/\">Home<\/a><\/span><\/span><\/nav>\n<h2>\n\t\tWholesale voice services\n\t<\/h2>\n\t<p>Con Colt puoi far crescere la tua attivit\u00e0 offrendo pi\u00f9 prodotti, pi\u00f9 rapidamente, con un investimento limitato. Siamo leader nei servizi voce, VoIP e IN per i rivenditori che vogliono entrare facilmente nel mercato europeo.<\/p>\n\t<a href=\"https:\/\/legacy.colt.net\/it\/product\/white-label-solutions\/\" target=\"_self\" rel=\"noopener\"><\/a> \n\t\t\t\t<img decoding=\"async\" src=\"https:\/\/legacy.colt.net\/wp-content\/uploads\/2021\/01\/White-label-solutions.png\" alt=\"White label solutions\" title=\"White label solutions\" itemprop=\"image\"\/>\n\t\t<h3>Soluzioni White Label VoIP Services e Voice Reseller<\/h3>\t\t\t\n\t\t\t\t<p>Le soluzioni Colt White Label VoIP Services e Voice Reseller sono un portafoglio completo di servizi voce di alta qualit\u00e0, completi e conformi alle normative.<\/p>\n\t<a href=\"https:\/\/legacy.colt.net\/it\/product\/number-hosting\/\" target=\"_self\" rel=\"noopener\"><\/a> \n\t\t\t\t<img decoding=\"async\" src=\"https:\/\/legacy.colt.net\/wp-content\/uploads\/2021\/01\/Number-hosting-1.png\" alt=\"Number hosting\" title=\"Number hosting\" itemprop=\"image\"\/>\n\t\t<h3>Number Hosting<\/h3>\t\t\t\n\t\t\t\t<p>Colt Number Hosting \u00e8 il tuo sportello unico per entrare nei mercati voce all&#8217;ingrosso: \u00e8 veloce, conveniente, semplice, coerente, conforme alle normative e completamente automatizzato grazie alle nostre API.<\/p>\n\t<a href=\"https:\/\/legacy.colt.net\/it\/product\/in-over-carrier-voip\/\" target=\"_self\" rel=\"noopener\"><\/a> \n\t\t\t\t<img decoding=\"async\" src=\"https:\/\/legacy.colt.net\/wp-content\/uploads\/2021\/06\/SD-WAN-WL.png\" alt=\"SD-WAN-WL\" title=\"SD-WAN-WL\" itemprop=\"image\"\/>\n\t\t<h3>IN over Carrier VoIP<\/h3>\t\t\t\n\t\t\t\t<p>Le aziende affrontano attualmente nuove sfide: i clienti e i dipendenti sono distribuiti in pi\u00f9 paesi, il che crea la richiesta di una migliore collaborazione per risolvere i problemi in tempo reale.<\/p>\n<h2>\n\t\tWholesale data services\n\t<\/h2>\n\t<p>Colt&#8217;s business internet + VPN services provide you with high speed internet and network connectivity so you don&#8217;t have to compromise.<\/p>\n\t<a href=\"https:\/\/legacy.colt.net\/product\/sd-wan-white-label\/\" target=\"_self\" rel=\"noopener\"><\/a> \n\t\t\t\t<img decoding=\"async\" src=\"https:\/\/legacy.colt.net\/wp-content\/uploads\/2021\/06\/SD-WAN-WL.png\" alt=\"SD-WAN-WL\" title=\"SD-WAN-WL\" itemprop=\"image\"\/>\n\t\t<h3>SD WAN White Label<\/h3>\t\t\t\n\t\t\t\t<p>Go-to-market with an industry-leading SD WAN service quickly with low capex and minimal development<\/p>\n\n","protected":false},"excerpt":{"rendered":"<p>Soluzioni per fornitori di servizi Prodotti &#038; Servizi Wholesale voice services Con Colt puoi far crescere la tua attivit\u00e0 offrendo pi\u00f9 prodotti, pi\u00f9 rapidamente, con un investimento limitato. Siamo leader nei servizi voce, VoIP e IN per i rivenditori che vogliono entrare facilmente nel mercato europeo. Soluzioni White Label VoIP Services e Voice Reseller Le&#8230;<\/p>\n","protected":false},"author":2,"featured_media":0,"parent":0,"menu_order":0,"comment_status":"closed","ping_status":"closed","template":"","meta":{"_acf_changed":false,"footnotes":""},"colt_type":[],"colt_products":[],"class_list":["post-110494","page","type-page","status-publish","hentry"],"acf":[],"yoast_head":"<!-- This site is optimized with the Yoast SEO plugin v26.8 - https:\/\/yoast.com\/product\/yoast-seo-wordpress\/ -->\n<title>Wholesale Services - Colt Technology Services<\/title>\n<meta name=\"description\" content=\"Wholesale Services Colt Technology Services\" \/>\n<meta name=\"robots\" content=\"noindex, follow, max-snippet:-1, max-image-preview:large, max-video-preview:-1\" \/>\n<meta property=\"og:locale\" content=\"it_IT\" \/>\n<meta property=\"og:type\" content=\"article\" \/>\n<meta property=\"og:title\" content=\"Wholesale Services - Colt Technology Services\" \/>\n<meta property=\"og:description\" content=\"Wholesale Services Colt Technology Services\" \/>\n<meta property=\"og:url\" content=\"https:\/\/legacy.colt.net\/it\/wholesale-services\/\" \/>\n<meta property=\"og:site_name\" content=\"Colt Technology Services\" \/>\n<meta property=\"article:publisher\" content=\"https:\/\/www.facebook.com\/ColtTechnologyServices\/\" \/>\n<meta property=\"og:image\" content=\"https:\/\/legacy.colt.net\/wp-content\/uploads\/2021\/01\/Brand-2021-Stock-45.jpg\" \/>\n\t<meta property=\"og:image:width\" content=\"1000\" \/>\n\t<meta property=\"og:image:height\" content=\"667\" \/>\n\t<meta property=\"og:image:type\" content=\"image\/jpeg\" \/>\n<meta name=\"twitter:card\" content=\"summary_large_image\" \/>\n<meta name=\"twitter:site\" content=\"@colt_technology\" \/>\n<meta name=\"twitter:label1\" content=\"Est. reading time\" \/>\n\t<meta name=\"twitter:data1\" content=\"1 minute\" \/>\n<script type=\"application\/ld+json\" class=\"yoast-schema-graph\">{\"@context\":\"https:\/\/schema.org\",\"@graph\":[{\"@type\":\"WebPage\",\"@id\":\"https:\/\/legacy.colt.net\/it\/wholesale-services\/\",\"url\":\"https:\/\/legacy.colt.net\/it\/wholesale-services\/\",\"name\":\"Wholesale Services - Colt Technology Services\",\"isPartOf\":{\"@id\":\"https:\/\/legacy.colt.net\/#website\"},\"primaryImageOfPage\":{\"@id\":\"https:\/\/legacy.colt.net\/it\/wholesale-services\/#primaryimage\"},\"image\":{\"@id\":\"https:\/\/legacy.colt.net\/it\/wholesale-services\/#primaryimage\"},\"thumbnailUrl\":\"https:\/\/legacy.colt.net\/wp-content\/uploads\/2021\/01\/White-label-solutions.png\",\"datePublished\":\"2022-03-02T14:24:51+00:00\",\"description\":\"Wholesale Services Colt Technology Services\",\"breadcrumb\":{\"@id\":\"https:\/\/legacy.colt.net\/it\/wholesale-services\/#breadcrumb\"},\"inLanguage\":\"it-IT\",\"potentialAction\":[{\"@type\":\"ReadAction\",\"target\":[\"https:\/\/legacy.colt.net\/it\/wholesale-services\/\"]}]},{\"@type\":\"ImageObject\",\"inLanguage\":\"it-IT\",\"@id\":\"https:\/\/legacy.colt.net\/it\/wholesale-services\/#primaryimage\",\"url\":\"https:\/\/legacy.colt.net\/wp-content\/uploads\/2021\/01\/White-label-solutions.png\",\"contentUrl\":\"https:\/\/legacy.colt.net\/wp-content\/uploads\/2021\/01\/White-label-solutions.png\"},{\"@type\":\"BreadcrumbList\",\"@id\":\"https:\/\/legacy.colt.net\/it\/wholesale-services\/#breadcrumb\",\"itemListElement\":[{\"@type\":\"ListItem\",\"position\":1,\"name\":\"Home\",\"item\":\"https:\/\/legacy.colt.net\/it\/\"},{\"@type\":\"ListItem\",\"position\":2,\"name\":\"Wholesale Services\"}]},{\"@type\":\"WebSite\",\"@id\":\"https:\/\/legacy.colt.net\/#website\",\"url\":\"https:\/\/legacy.colt.net\/\",\"name\":\"Colt\u30c6\u30af\u30ce\u30ed\u30b8\u30fc\u30b5\u30fc\u30d3\u30b9\u682a\u5f0f\u4f1a\u793e\",\"description\":\"Managed Network &amp; Voice Services Provider\",\"publisher\":{\"@id\":\"https:\/\/legacy.colt.net\/#organization\"},\"potentialAction\":[{\"@type\":\"SearchAction\",\"target\":{\"@type\":\"EntryPoint\",\"urlTemplate\":\"https:\/\/legacy.colt.net\/?s={search_term_string}\"},\"query-input\":{\"@type\":\"PropertyValueSpecification\",\"valueRequired\":true,\"valueName\":\"search_term_string\"}}],\"inLanguage\":\"it-IT\"},{\"@type\":\"Organization\",\"@id\":\"https:\/\/legacy.colt.net\/#organization\",\"name\":\"Colt Technology Services\",\"url\":\"https:\/\/legacy.colt.net\/\",\"logo\":{\"@type\":\"ImageObject\",\"inLanguage\":\"it-IT\",\"@id\":\"https:\/\/legacy.colt.net\/#\/schema\/logo\/image\/\",\"url\":\"https:\/\/legacy.colt.net\/wp-content\/uploads\/2019\/02\/Colt-Logo.png\",\"contentUrl\":\"https:\/\/legacy.colt.net\/wp-content\/uploads\/2019\/02\/Colt-Logo.png\",\"width\":195,\"height\":77,\"caption\":\"Colt Technology Services\"},\"image\":{\"@id\":\"https:\/\/legacy.colt.net\/#\/schema\/logo\/image\/\"},\"sameAs\":[\"https:\/\/www.facebook.com\/ColtTechnologyServices\/\",\"https:\/\/x.com\/colt_technology\",\"https:\/\/www.instagram.com\/colttechnologyservices\/\",\"https:\/\/www.linkedin.com\/company\/colt-technology-services\",\"https:\/\/www.youtube.com\/user\/ColtTechnology\"]}]}<\/script>\n<!-- \/ Yoast SEO plugin. -->","yoast_head_json":{"title":"Wholesale Services - Colt Technology Services","description":"Wholesale Services Colt Technology Services","robots":{"index":"noindex","follow":"follow","max-snippet":"max-snippet:-1","max-image-preview":"max-image-preview:large","max-video-preview":"max-video-preview:-1"},"og_locale":"it_IT","og_type":"article","og_title":"Wholesale Services - Colt Technology Services","og_description":"Wholesale Services Colt Technology Services","og_url":"https:\/\/legacy.colt.net\/it\/wholesale-services\/","og_site_name":"Colt Technology Services","article_publisher":"https:\/\/www.facebook.com\/ColtTechnologyServices\/","og_image":[{"width":1000,"height":667,"url":"https:\/\/legacy.colt.net\/wp-content\/uploads\/2021\/01\/Brand-2021-Stock-45.jpg","type":"image\/jpeg"}],"twitter_card":"summary_large_image","twitter_site":"@colt_technology","twitter_misc":{"Est. reading time":"1 minute"},"schema":{"@context":"https:\/\/schema.org","@graph":[{"@type":"WebPage","@id":"https:\/\/legacy.colt.net\/it\/wholesale-services\/","url":"https:\/\/legacy.colt.net\/it\/wholesale-services\/","name":"Wholesale Services - Colt Technology Services","isPartOf":{"@id":"https:\/\/legacy.colt.net\/#website"},"primaryImageOfPage":{"@id":"https:\/\/legacy.colt.net\/it\/wholesale-services\/#primaryimage"},"image":{"@id":"https:\/\/legacy.colt.net\/it\/wholesale-services\/#primaryimage"},"thumbnailUrl":"https:\/\/legacy.colt.net\/wp-content\/uploads\/2021\/01\/White-label-solutions.png","datePublished":"2022-03-02T14:24:51+00:00","description":"Wholesale Services Colt Technology Services","breadcrumb":{"@id":"https:\/\/legacy.colt.net\/it\/wholesale-services\/#breadcrumb"},"inLanguage":"it-IT","potentialAction":[{"@type":"ReadAction","target":["https:\/\/legacy.colt.net\/it\/wholesale-services\/"]}]},{"@type":"ImageObject","inLanguage":"it-IT","@id":"https:\/\/legacy.colt.net\/it\/wholesale-services\/#primaryimage","url":"https:\/\/legacy.colt.net\/wp-content\/uploads\/2021\/01\/White-label-solutions.png","contentUrl":"https:\/\/legacy.colt.net\/wp-content\/uploads\/2021\/01\/White-label-solutions.png"},{"@type":"BreadcrumbList","@id":"https:\/\/legacy.colt.net\/it\/wholesale-services\/#breadcrumb","itemListElement":[{"@type":"ListItem","position":1,"name":"Home","item":"https:\/\/legacy.colt.net\/it\/"},{"@type":"ListItem","position":2,"name":"Wholesale Services"}]},{"@type":"WebSite","@id":"https:\/\/legacy.colt.net\/#website","url":"https:\/\/legacy.colt.net\/","name":"Colt\u30c6\u30af\u30ce\u30ed\u30b8\u30fc\u30b5\u30fc\u30d3\u30b9\u682a\u5f0f\u4f1a\u793e","description":"Managed Network &amp; Voice Services Provider","publisher":{"@id":"https:\/\/legacy.colt.net\/#organization"},"potentialAction":[{"@type":"SearchAction","target":{"@type":"EntryPoint","urlTemplate":"https:\/\/legacy.colt.net\/?s={search_term_string}"},"query-input":{"@type":"PropertyValueSpecification","valueRequired":true,"valueName":"search_term_string"}}],"inLanguage":"it-IT"},{"@type":"Organization","@id":"https:\/\/legacy.colt.net\/#organization","name":"Colt Technology Services","url":"https:\/\/legacy.colt.net\/","logo":{"@type":"ImageObject","inLanguage":"it-IT","@id":"https:\/\/legacy.colt.net\/#\/schema\/logo\/image\/","url":"https:\/\/legacy.colt.net\/wp-content\/uploads\/2019\/02\/Colt-Logo.png","contentUrl":"https:\/\/legacy.colt.net\/wp-content\/uploads\/2019\/02\/Colt-Logo.png","width":195,"height":77,"caption":"Colt Technology Services"},"image":{"@id":"https:\/\/legacy.colt.net\/#\/schema\/logo\/image\/"},"sameAs":["https:\/\/www.facebook.com\/ColtTechnologyServices\/","https:\/\/x.com\/colt_technology","https:\/\/www.instagram.com\/colttechnologyservices\/","https:\/\/www.linkedin.com\/company\/colt-technology-services","https:\/\/www.youtube.com\/user\/ColtTechnology"]}]}},"_links":{"self":[{"href":"https:\/\/legacy.colt.net\/it\/wp-json\/wp\/v2\/pages\/110494","targetHints":{"allow":["GET"]}}],"collection":[{"href":"https:\/\/legacy.colt.net\/it\/wp-json\/wp\/v2\/pages"}],"about":[{"href":"https:\/\/legacy.colt.net\/it\/wp-json\/wp\/v2\/types\/page"}],"author":[{"embeddable":true,"href":"https:\/\/legacy.colt.net\/it\/wp-json\/wp\/v2\/users\/2"}],"replies":[{"embeddable":true,"href":"https:\/\/legacy.colt.net\/it\/wp-json\/wp\/v2\/comments?post=110494"}],"version-history":[{"count":0,"href":"https:\/\/legacy.colt.net\/it\/wp-json\/wp\/v2\/pages\/110494\/revisions"}],"wp:attachment":[{"href":"https:\/\/legacy.colt.net\/it\/wp-json\/wp\/v2\/media?parent=110494"}],"wp:term":[{"taxonomy":"colt_type","embeddable":true,"href":"https:\/\/legacy.colt.net\/it\/wp-json\/wp\/v2\/colt_type?post=110494"},{"taxonomy":"colt_products","embeddable":true,"href":"https:\/\/legacy.colt.net\/it\/wp-json\/wp\/v2\/colt_products?post=110494"}],"curies":[{"name":"wp","href":"https:\/\/api.w.org\/{rel}","templated":true}]}}