{"id":110370,"date":"2022-03-01T09:41:37","date_gmt":"2022-03-01T09:41:37","guid":{"rendered":"https:\/\/www.colt.net\/?page_id=110370"},"modified":"2022-11-23T10:15:09","modified_gmt":"2022-11-23T10:15:09","slug":"certifications","status":"publish","type":"page","link":"https:\/\/legacy.colt.net\/it\/why-colt\/certifications\/","title":{"rendered":"Certifications"},"content":{"rendered":"\n\n\t<nav class=\"breadcrumb\"><span><span><a href=\"https:\/\/legacy.colt.net\/it\/\">Home<\/a><\/span><\/span><\/nav>\n<h2>\n\t\tLe nostre certificazioni e standard di settore\n\t<\/h2>\n\t<p>In Colt, rispettiamo sempre i massimi standard di responsabilit\u00e0. Seguiamo una serie di sistemi di gestione riconosciuti a livello mondiale, che dimostrano che la nostra organizzazione soddisfa le norme internazionali in materia di fornitura di servizi. Questi certificati sono valutati in modo indipendente. Abbiamo raggiunto i seguenti standard internazionali:<\/p>\n\t<p><strong>Jump to:<\/strong><\/p>\n\t<a href=\"#2015\">Quality Management Stystem<\/a><br \/>\n<a href=\"#2018\">Service Management<\/a><br \/>\n<a href=\"#2013\">Information Security Management<\/a><br \/>\n<a href=\"#Environment\">Environmental Management<\/a><br \/>\n<a href=\"#2012\">Business Continuity Management<\/a><br \/>\n<a href=\"#CyberEssentials\">Cyber\u00a0Essentials\u00a0<\/a>\u00a0\n\t\t\t\t<img loading=\"lazy\" decoding=\"async\" src=\"https:\/\/legacy.colt.net\/wp-content\/uploads\/2020\/05\/mark-of-trust-ISO-9001-UKAS-black-1024x658.jpg\" alt=\"mark-of-trust-ISO-9001-UKAS-black\" itemprop=\"image\" height=\"658\" width=\"1024\" title=\"mark-of-trust-ISO-9001-UKAS-black\" onerror=\"this.style.display='none'\"  \/>\n<h3>\n\t\tISO9001:2015 | International Quality Management System\n\t<\/h3>\n\t<p>Questo \u00e8 lo standard internazionale per il sistema di gestione della qualit\u00e0 (QMS), che indica la nostra capacit\u00e0 di fornire prodotti e servizi con una qualit\u00e0 elevata e costante. Mira a migliorare la soddisfazione del cliente attraverso il miglioramento continuo.<\/p>\n\t\t\t<a href=\"https:\/\/legacy.colt.net\/wp-content\/uploads\/2022\/11\/FS-602990-1-Colt-ISO9001-Certificate-Valid-2025.pdf\" target=\"_self\" role=\"button\" rel=\"noopener\">\n\t\t\t\t\t\t\tIl nostro ultimo certificato ISO9001 \u00e8 disponibile qui.\n\t\t\t\t\t<\/a>\n\t\t\t\t<img loading=\"lazy\" decoding=\"async\" src=\"https:\/\/legacy.colt.net\/wp-content\/uploads\/2020\/05\/mark-of-trust-ISO-IEC-20000-1-UKAS-black.jpg\" alt=\"mark-of-trust-ISO-IEC-20000-1-UKAS-black\" itemprop=\"image\" height=\"958\" width=\"1492\" title=\"mark-of-trust-ISO-IEC-20000-1-UKAS-black\" onerror=\"this.style.display='none'\"  \/>\n<h3>\n\t\tISO\/IEC 20000-1:2018 | Service Management\n\t<\/h3>\n\t<p>Questo \u00e8 lo standard internazionale per il sistema di gestione dei servizi (SMS), che dimostra la nostra capacit\u00e0 di rispondere al mutevole ambiente di fornitura dei servizi e di garantire che i processi corretti siano in atto in ogni fase e applicati in modo coerente durante il ciclo di vita del servizio del cliente.<\/p>\n\t\t\t<a href=\"https:\/\/legacy.colt.net\/wp-content\/uploads\/2022\/11\/ITMS-703633-1-Colt-ISO2000-1-Certificate-Valid-2025.pdf\" target=\"_self\" role=\"button\" rel=\"noopener\">\n\t\t\t\t\t\t\tIl nostro ultimo certificato ISO\/IEC 20000 \u00e8 disponibile qui.\n\t\t\t\t\t<\/a>\n\t\t\t\t<img loading=\"lazy\" decoding=\"async\" src=\"https:\/\/legacy.colt.net\/wp-content\/uploads\/2020\/05\/mark-of-trust-ISO-IEC-27001-UKAS-black.jpg\" alt=\"mark-of-trust-ISO-IEC-27001-UKAS-black\" itemprop=\"image\" height=\"958\" width=\"1492\" title=\"mark-of-trust-ISO-IEC-27001-UKAS-black\" onerror=\"this.style.display='none'\"  \/>\n<h3>\n\t\tISO\/IEC 27001:2013 | Information Security Management\n\t<\/h3>\n\t<p>Questo \u00e8 lo standard internazionale che conferma che abbiamo messo in atto processi di sicurezza delle informazioni basati sulle migliori pratiche. Questa certificazione garantisce che disponiamo di un sistema di gestione della sicurezza delle informazioni (ISMS) ben definito, un insieme di politiche, procedure, processi e sistemi che gestiscono i rischi relativi alle informazioni, come attacchi informatici, hack, fughe di dati o furto.<\/p>\n\t\t\t\t\t<a href=\"#\" id=\"fl-accordion--label-0\" tabindex=\"0\" aria-controls=\"fl-accordion--panel-0\">Documenti Domande frequenti<\/a>\n\t\t\t\t\t\t\t\t\t\t\t<a href=\"#\" id=\"fl-accordion--icon-0\" tabindex=\"0\" aria-controls=\"fl-accordion--panel-0\"><i>Expand<\/i><\/a>\n\t\t\t\t\t<p>[wpmedia_list folder=&#8221;ISO223012012 FAQs All Languages&#8221;]<\/p>\n\t\t\t<a href=\"https:\/\/legacy.colt.net\/wp-content\/uploads\/2020\/08\/IS-78946.pdf\" target=\"_self\" role=\"button\" rel=\"noopener\">\n\t\t\t\t\t\t\tIl nostro ultimo certificato ISO27001 \u00e8 disponibile qui.\n\t\t\t\t\t<\/a>\n\t\t\t\t<img loading=\"lazy\" decoding=\"async\" src=\"https:\/\/legacy.colt.net\/wp-content\/uploads\/2020\/05\/mark-of-trust-ISO-14001-UKAS-black.jpg\" alt=\"mark-of-trust-ISO-14001-UKAS-black\" itemprop=\"image\" height=\"973\" width=\"1492\" title=\"mark-of-trust-ISO-14001-UKAS-black\" onerror=\"this.style.display='none'\"  \/>\n<h3>\n\t\tISO14001:2015 | Environmental Management\n\t<\/h3>\n\t<p>Questo \u00e8 lo standard internazionale che costituisce la base del nostro sistema di gestione ambientale (EMS), che include il nostro impegno a proteggere l&#8217;ambiente naturale attraverso obiettivi e politiche prefissati, conformi alla legislazione ambientale pertinente. Mantenere un&#8217;impronta sostenibile fa parte della nostra responsabilit\u00e0 sociale d&#8217;impresa nei confronti dei nostri clienti e del nostro settore.<\/p>\n\t\t\t<a href=\"https:\/\/f.hubspotusercontent10.net\/hubfs\/344164\/BSI%20Certificates\/BSI-Certificate_ISO14001.pdf\" target=\"_self\" role=\"button\" rel=\"noopener\">\n\t\t\t\t\t\t\tIl nostro ultimo certificato ISO14001 \u00e8 disponibile qui.\n\t\t\t\t\t<\/a>\n\t\t\t\t<img loading=\"lazy\" decoding=\"async\" src=\"https:\/\/legacy.colt.net\/wp-content\/uploads\/2020\/05\/mark-of-trust-ISO-22301-UKAS-black.jpg\" alt=\"mark-of-trust-ISO-22301-UKAS-black\" itemprop=\"image\" height=\"958\" width=\"1492\" title=\"mark-of-trust-ISO-22301-UKAS-black\" onerror=\"this.style.display='none'\"  \/>\n<h3>\n\t\tISO22301:2012 | Business Continuity Management\n\t<\/h3>\n\t<p>Questo \u00e8 lo standard internazionale del sistema di gestione della continuit\u00e0 operativa (BCMS) che garantisce un approccio basato sulle migliori pratiche alla resilienza organizzativa. Rispettare lo standard significa poter dimostrare che la nostra organizzazione \u00e8 altamente resiliente e segue le migliori pratiche internazionali. Questo ci consente di ridurre al minimo l&#8217;impatto sui servizi ai clienti a seguito di interruzioni dell&#8217;attivit\u00e0 o eventi di crisi.<\/p>\n\t\t\t<a href=\"https:\/\/legacy.colt.net\/wp-content\/uploads\/2020\/08\/ISO-22301-Certification-2022-2025.pdf\" target=\"_self\" role=\"button\" rel=\"noopener\">\n\t\t\t\t\t\t\tIl nostro ultimo certificato ISO22301 \u00e8 disponibile qui.\n\t\t\t\t\t<\/a>\n\t\t\t\t<img loading=\"lazy\" decoding=\"async\" src=\"https:\/\/legacy.colt.net\/wp-content\/uploads\/2020\/05\/cyber-essentials-badge-high-res.png\" alt=\"cyber-essentials-badge-high-res\" itemprop=\"image\" height=\"717\" width=\"990\" title=\"cyber-essentials-badge-high-res\" onerror=\"this.style.display='none'\"  \/>\n<h3>\n\t\tCyber Essentials\n\t<\/h3>\n\t<p>Cyber Essentials \u00e8 un programma sostenuto dal governo e dal settore per aiutare le organizzazioni a proteggersi dalle comuni minacce online. Il nostro accreditamento significa che dimostriamo un impegno per la sicurezza informatica, inclusa la prevenzione di attacchi come hacking e phishing.<\/p>\n\t\t\t<a href=\"https:\/\/legacy.colt.net\/wp-content\/uploads\/2022\/11\/Cyber-Essentials-Certificate-2023-2024.pdf\" target=\"_self\" role=\"button\" rel=\"noopener\">\n\t\t\t\t\t\t\tIl nostro ultimo certificato Cyber Essentials \u00e8 disponibile qui.\n\t\t\t\t\t<\/a>\n\n","protected":false},"excerpt":{"rendered":"<p>Le nostre certificazioni e standard di settore In Colt, rispettiamo sempre i massimi standard di responsabilit\u00e0. Seguiamo una serie di sistemi di gestione riconosciuti a livello mondiale, che dimostrano che la nostra organizzazione soddisfa le norme internazionali in materia di fornitura di servizi. Questi certificati sono valutati in modo indipendente. Abbiamo raggiunto i seguenti standard&#8230;<\/p>\n","protected":false},"author":2,"featured_media":0,"parent":65604,"menu_order":0,"comment_status":"closed","ping_status":"closed","template":"","meta":{"_acf_changed":false,"footnotes":""},"colt_type":[],"colt_products":[],"class_list":["post-110370","page","type-page","status-publish","hentry"],"acf":[],"yoast_head":"<!-- This site is optimized with the Yoast SEO plugin v26.8 - https:\/\/yoast.com\/product\/yoast-seo-wordpress\/ -->\n<title>Certifications - Colt Technology Services<\/title>\n<meta name=\"description\" content=\"Certifications Colt Technology Services\" \/>\n<meta name=\"robots\" content=\"noindex, follow, max-snippet:-1, max-image-preview:large, max-video-preview:-1\" \/>\n<meta property=\"og:locale\" content=\"it_IT\" \/>\n<meta property=\"og:type\" content=\"article\" \/>\n<meta property=\"og:title\" content=\"Certifications - Colt Technology Services\" \/>\n<meta property=\"og:description\" content=\"Certifications Colt Technology Services\" \/>\n<meta property=\"og:url\" content=\"https:\/\/legacy.colt.net\/it\/why-colt\/certifications\/\" \/>\n<meta property=\"og:site_name\" content=\"Colt Technology Services\" \/>\n<meta property=\"article:publisher\" content=\"https:\/\/www.facebook.com\/ColtTechnologyServices\/\" \/>\n<meta property=\"article:modified_time\" content=\"2022-11-23T10:15:09+00:00\" \/>\n<meta property=\"og:image\" content=\"https:\/\/legacy.colt.net\/wp-content\/uploads\/2021\/01\/Brand-2021-Stock-25.jpg\" \/>\n\t<meta property=\"og:image:width\" content=\"1000\" \/>\n\t<meta property=\"og:image:height\" content=\"667\" \/>\n\t<meta property=\"og:image:type\" content=\"image\/jpeg\" \/>\n<meta name=\"twitter:card\" content=\"summary_large_image\" \/>\n<meta name=\"twitter:site\" content=\"@colt_technology\" \/>\n<meta name=\"twitter:label1\" content=\"Est. reading time\" \/>\n\t<meta name=\"twitter:data1\" content=\"2 minutes\" \/>\n<script type=\"application\/ld+json\" class=\"yoast-schema-graph\">{\"@context\":\"https:\/\/schema.org\",\"@graph\":[{\"@type\":\"WebPage\",\"@id\":\"https:\/\/legacy.colt.net\/it\/why-colt\/certifications\/\",\"url\":\"https:\/\/legacy.colt.net\/it\/why-colt\/certifications\/\",\"name\":\"Certifications - Colt Technology Services\",\"isPartOf\":{\"@id\":\"https:\/\/legacy.colt.net\/#website\"},\"primaryImageOfPage\":{\"@id\":\"https:\/\/legacy.colt.net\/it\/why-colt\/certifications\/#primaryimage\"},\"image\":{\"@id\":\"https:\/\/legacy.colt.net\/it\/why-colt\/certifications\/#primaryimage\"},\"thumbnailUrl\":\"https:\/\/legacy.colt.net\/wp-content\/uploads\/2020\/05\/mark-of-trust-ISO-9001-UKAS-black-1024x658.jpg\",\"datePublished\":\"2022-03-01T09:41:37+00:00\",\"dateModified\":\"2022-11-23T10:15:09+00:00\",\"description\":\"Certifications Colt Technology Services\",\"breadcrumb\":{\"@id\":\"https:\/\/legacy.colt.net\/it\/why-colt\/certifications\/#breadcrumb\"},\"inLanguage\":\"it-IT\",\"potentialAction\":[{\"@type\":\"ReadAction\",\"target\":[\"https:\/\/legacy.colt.net\/it\/why-colt\/certifications\/\"]}]},{\"@type\":\"ImageObject\",\"inLanguage\":\"it-IT\",\"@id\":\"https:\/\/legacy.colt.net\/it\/why-colt\/certifications\/#primaryimage\",\"url\":\"https:\/\/legacy.colt.net\/wp-content\/uploads\/2020\/05\/mark-of-trust-ISO-9001-UKAS-black-1024x658.jpg\",\"contentUrl\":\"https:\/\/legacy.colt.net\/wp-content\/uploads\/2020\/05\/mark-of-trust-ISO-9001-UKAS-black-1024x658.jpg\"},{\"@type\":\"BreadcrumbList\",\"@id\":\"https:\/\/legacy.colt.net\/it\/why-colt\/certifications\/#breadcrumb\",\"itemListElement\":[{\"@type\":\"ListItem\",\"position\":1,\"name\":\"Home\",\"item\":\"https:\/\/legacy.colt.net\/it\/\"},{\"@type\":\"ListItem\",\"position\":2,\"name\":\"Why Colt?\",\"item\":\"https:\/\/legacy.colt.net\/it\/why-colt\/\"},{\"@type\":\"ListItem\",\"position\":3,\"name\":\"Certifications\"}]},{\"@type\":\"WebSite\",\"@id\":\"https:\/\/legacy.colt.net\/#website\",\"url\":\"https:\/\/legacy.colt.net\/\",\"name\":\"Colt\u30c6\u30af\u30ce\u30ed\u30b8\u30fc\u30b5\u30fc\u30d3\u30b9\u682a\u5f0f\u4f1a\u793e\",\"description\":\"Managed Network &amp; Voice Services Provider\",\"publisher\":{\"@id\":\"https:\/\/legacy.colt.net\/#organization\"},\"potentialAction\":[{\"@type\":\"SearchAction\",\"target\":{\"@type\":\"EntryPoint\",\"urlTemplate\":\"https:\/\/legacy.colt.net\/?s={search_term_string}\"},\"query-input\":{\"@type\":\"PropertyValueSpecification\",\"valueRequired\":true,\"valueName\":\"search_term_string\"}}],\"inLanguage\":\"it-IT\"},{\"@type\":\"Organization\",\"@id\":\"https:\/\/legacy.colt.net\/#organization\",\"name\":\"Colt Technology Services\",\"url\":\"https:\/\/legacy.colt.net\/\",\"logo\":{\"@type\":\"ImageObject\",\"inLanguage\":\"it-IT\",\"@id\":\"https:\/\/legacy.colt.net\/#\/schema\/logo\/image\/\",\"url\":\"https:\/\/legacy.colt.net\/wp-content\/uploads\/2019\/02\/Colt-Logo.png\",\"contentUrl\":\"https:\/\/legacy.colt.net\/wp-content\/uploads\/2019\/02\/Colt-Logo.png\",\"width\":195,\"height\":77,\"caption\":\"Colt Technology Services\"},\"image\":{\"@id\":\"https:\/\/legacy.colt.net\/#\/schema\/logo\/image\/\"},\"sameAs\":[\"https:\/\/www.facebook.com\/ColtTechnologyServices\/\",\"https:\/\/x.com\/colt_technology\",\"https:\/\/www.instagram.com\/colttechnologyservices\/\",\"https:\/\/www.linkedin.com\/company\/colt-technology-services\",\"https:\/\/www.youtube.com\/user\/ColtTechnology\"]}]}<\/script>\n<!-- \/ Yoast SEO plugin. -->","yoast_head_json":{"title":"Certifications - Colt Technology Services","description":"Certifications Colt Technology Services","robots":{"index":"noindex","follow":"follow","max-snippet":"max-snippet:-1","max-image-preview":"max-image-preview:large","max-video-preview":"max-video-preview:-1"},"og_locale":"it_IT","og_type":"article","og_title":"Certifications - Colt Technology Services","og_description":"Certifications Colt Technology Services","og_url":"https:\/\/legacy.colt.net\/it\/why-colt\/certifications\/","og_site_name":"Colt Technology Services","article_publisher":"https:\/\/www.facebook.com\/ColtTechnologyServices\/","article_modified_time":"2022-11-23T10:15:09+00:00","og_image":[{"width":1000,"height":667,"url":"https:\/\/legacy.colt.net\/wp-content\/uploads\/2021\/01\/Brand-2021-Stock-25.jpg","type":"image\/jpeg"}],"twitter_card":"summary_large_image","twitter_site":"@colt_technology","twitter_misc":{"Est. reading time":"2 minutes"},"schema":{"@context":"https:\/\/schema.org","@graph":[{"@type":"WebPage","@id":"https:\/\/legacy.colt.net\/it\/why-colt\/certifications\/","url":"https:\/\/legacy.colt.net\/it\/why-colt\/certifications\/","name":"Certifications - Colt Technology Services","isPartOf":{"@id":"https:\/\/legacy.colt.net\/#website"},"primaryImageOfPage":{"@id":"https:\/\/legacy.colt.net\/it\/why-colt\/certifications\/#primaryimage"},"image":{"@id":"https:\/\/legacy.colt.net\/it\/why-colt\/certifications\/#primaryimage"},"thumbnailUrl":"https:\/\/legacy.colt.net\/wp-content\/uploads\/2020\/05\/mark-of-trust-ISO-9001-UKAS-black-1024x658.jpg","datePublished":"2022-03-01T09:41:37+00:00","dateModified":"2022-11-23T10:15:09+00:00","description":"Certifications Colt Technology Services","breadcrumb":{"@id":"https:\/\/legacy.colt.net\/it\/why-colt\/certifications\/#breadcrumb"},"inLanguage":"it-IT","potentialAction":[{"@type":"ReadAction","target":["https:\/\/legacy.colt.net\/it\/why-colt\/certifications\/"]}]},{"@type":"ImageObject","inLanguage":"it-IT","@id":"https:\/\/legacy.colt.net\/it\/why-colt\/certifications\/#primaryimage","url":"https:\/\/legacy.colt.net\/wp-content\/uploads\/2020\/05\/mark-of-trust-ISO-9001-UKAS-black-1024x658.jpg","contentUrl":"https:\/\/legacy.colt.net\/wp-content\/uploads\/2020\/05\/mark-of-trust-ISO-9001-UKAS-black-1024x658.jpg"},{"@type":"BreadcrumbList","@id":"https:\/\/legacy.colt.net\/it\/why-colt\/certifications\/#breadcrumb","itemListElement":[{"@type":"ListItem","position":1,"name":"Home","item":"https:\/\/legacy.colt.net\/it\/"},{"@type":"ListItem","position":2,"name":"Why Colt?","item":"https:\/\/legacy.colt.net\/it\/why-colt\/"},{"@type":"ListItem","position":3,"name":"Certifications"}]},{"@type":"WebSite","@id":"https:\/\/legacy.colt.net\/#website","url":"https:\/\/legacy.colt.net\/","name":"Colt\u30c6\u30af\u30ce\u30ed\u30b8\u30fc\u30b5\u30fc\u30d3\u30b9\u682a\u5f0f\u4f1a\u793e","description":"Managed Network &amp; Voice Services Provider","publisher":{"@id":"https:\/\/legacy.colt.net\/#organization"},"potentialAction":[{"@type":"SearchAction","target":{"@type":"EntryPoint","urlTemplate":"https:\/\/legacy.colt.net\/?s={search_term_string}"},"query-input":{"@type":"PropertyValueSpecification","valueRequired":true,"valueName":"search_term_string"}}],"inLanguage":"it-IT"},{"@type":"Organization","@id":"https:\/\/legacy.colt.net\/#organization","name":"Colt Technology Services","url":"https:\/\/legacy.colt.net\/","logo":{"@type":"ImageObject","inLanguage":"it-IT","@id":"https:\/\/legacy.colt.net\/#\/schema\/logo\/image\/","url":"https:\/\/legacy.colt.net\/wp-content\/uploads\/2019\/02\/Colt-Logo.png","contentUrl":"https:\/\/legacy.colt.net\/wp-content\/uploads\/2019\/02\/Colt-Logo.png","width":195,"height":77,"caption":"Colt Technology Services"},"image":{"@id":"https:\/\/legacy.colt.net\/#\/schema\/logo\/image\/"},"sameAs":["https:\/\/www.facebook.com\/ColtTechnologyServices\/","https:\/\/x.com\/colt_technology","https:\/\/www.instagram.com\/colttechnologyservices\/","https:\/\/www.linkedin.com\/company\/colt-technology-services","https:\/\/www.youtube.com\/user\/ColtTechnology"]}]}},"_links":{"self":[{"href":"https:\/\/legacy.colt.net\/it\/wp-json\/wp\/v2\/pages\/110370","targetHints":{"allow":["GET"]}}],"collection":[{"href":"https:\/\/legacy.colt.net\/it\/wp-json\/wp\/v2\/pages"}],"about":[{"href":"https:\/\/legacy.colt.net\/it\/wp-json\/wp\/v2\/types\/page"}],"author":[{"embeddable":true,"href":"https:\/\/legacy.colt.net\/it\/wp-json\/wp\/v2\/users\/2"}],"replies":[{"embeddable":true,"href":"https:\/\/legacy.colt.net\/it\/wp-json\/wp\/v2\/comments?post=110370"}],"version-history":[{"count":0,"href":"https:\/\/legacy.colt.net\/it\/wp-json\/wp\/v2\/pages\/110370\/revisions"}],"up":[{"embeddable":true,"href":"https:\/\/legacy.colt.net\/it\/wp-json\/wp\/v2\/pages\/65604"}],"wp:attachment":[{"href":"https:\/\/legacy.colt.net\/it\/wp-json\/wp\/v2\/media?parent=110370"}],"wp:term":[{"taxonomy":"colt_type","embeddable":true,"href":"https:\/\/legacy.colt.net\/it\/wp-json\/wp\/v2\/colt_type?post=110370"},{"taxonomy":"colt_products","embeddable":true,"href":"https:\/\/legacy.colt.net\/it\/wp-json\/wp\/v2\/colt_products?post=110370"}],"curies":[{"name":"wp","href":"https:\/\/api.w.org\/{rel}","templated":true}]}}