{"id":103177,"date":"2021-10-06T13:10:42","date_gmt":"2021-10-06T12:10:42","guid":{"rendered":"https:\/\/www.colt.net\/?page_id=103177"},"modified":"2024-09-24T14:45:50","modified_gmt":"2024-09-24T13:45:50","slug":"colt-customer-reference-programme","status":"publish","type":"page","link":"https:\/\/legacy.colt.net\/it\/colt-customer-reference-programme\/","title":{"rendered":"Colt customer reference programme"},"content":{"rendered":"\n\n\t<nav class=\"breadcrumb\"><span><span><a href=\"https:\/\/legacy.colt.net\/it\/\">Home<\/a><\/span><\/span><\/nav>\n<h1>\n\t\tRaccontaci la tua storia di successo\n\t<\/h1>\n\t<p><strong>Ti aiuteremo a creare un mondo pi\u00f9 verde.<\/strong><\/p>\n<p><strong>Riduci le emissioni atmosferiche con il Programma di referenze dei clienti Colt.<\/strong><\/p>\n<p>Dopo aver condiviso la tua esperienza con Colt, riceverai un premio di sostenibilit\u00e0 sotto forma di rimozione di tonnellate di CO2.<\/p>\n\t<blockquote>&#8220;Siamo regolarmente in contatto con i nostri partner per rendere l&#8217;acquisto dei nostri prodotti e delle nostre soluzioni il pi\u00f9 sostenibile possibile, sia nella produzione che nell&#8217;IT. Colt \u00e8 un&#8217;azienda che persegue direttamente ambiziosi obiettivi ESG e implementa le misure corrispondenti. Questo ci aiuta nei nostri sforzi di sostenibilit\u00e0.&#8221;<br \/>\n<strong>Marcus Lapp, Direttore delle Operazioni dell&#8217;infrastruttura IT di ESPRIT Europe<\/strong><\/blockquote>\n\t\t\t\t<img loading=\"lazy\" decoding=\"async\" src=\"https:\/\/legacy.colt.net\/wp-content\/uploads\/2023\/09\/Bio-1.png\" alt=\"Bio-1\" itemprop=\"image\" height=\"700\" width=\"700\" title=\"Bio-1\" onerror=\"this.style.display='none'\"  \/>\n\t<blockquote>&#8220;Temi di grande attualit\u00e0 come connettivit\u00e0 IT e sostenibilit\u00e0 hanno una cosa in comune: sono questioni strategiche che devono essere affrontate, in particolare, da quelle aziende che operano a livello globale. Colt \u00e8 un partner le cui soluzioni ci aiutano a comunicare e a connetterci in modo migliore e che, con la propria filosofia aziendale, supporta i nostri sforzi di sostenibilit\u00e0.&#8221;<br \/>\n<strong>Sebastian Michel-Wildner, Direttore senior delle comunicazioni di categoria di Bertelsmann SE &amp; Co. KGaAe<\/strong><\/blockquote>\n<h2>\n\t\tPerch\u00e9 partecipare?\n\t<\/h2>\n\t<p>Con il Programma di referenze dei clienti Colt puoi accelerare i progressi in materia di sostenibilit\u00e0, mostrare i i successi tecnologici e migliorare la reputazione aziendale.<\/p>\n<p><strong>Colt si occuper\u00e0 della maggior parte del lavoro: scriveremo la vostra storia e trasformeremo le tappe di crescita della vostra azienda in passi avanti verso un futuro pi\u00f9 verde.<\/strong><\/p>\n<p>Il processo \u00e8 semplice: mandaci la tua referenza, in qualit\u00e0 di cliente, e noi ti ricompenseremo con una certa quantit\u00e0 di biochar per ridurre l&#8217;impronta di carbonio, accompagnata da una certificazione ufficiale.<\/p>\n\t\t\t\t<img loading=\"lazy\" decoding=\"async\" src=\"https:\/\/legacy.colt.net\/wp-content\/uploads\/2023\/09\/Supercritical_offset-diagram-removal-demoimage_draft.png\" alt=\"Supercritical_offset-diagram-removal-demoimage_draft\" itemprop=\"image\" height=\"491\" width=\"701\" title=\"Supercritical_offset-diagram-removal-demoimage_draft\" onerror=\"this.style.display='none'\"  \/>\n\t\t\t\t<img loading=\"lazy\" decoding=\"async\" src=\"https:\/\/legacy.colt.net\/wp-content\/uploads\/2023\/09\/Supercrtical_VettedProject_draft_references_page.png\" alt=\"Supercrtical_VettedProject_draft_references_page\" itemprop=\"image\" height=\"174\" width=\"500\" title=\"Supercrtical_VettedProject_draft_references_page\" onerror=\"this.style.display='none'\"  \/>\n<h2>\n\t\tSCOPRI TUTTI I VANTAGGI\n\t<\/h2>\n\t\t<nav>\n\t\t\t<ul>\n\t\t\t\t\t\t\t\t<li data-index=\"0\" tabindex=\"0\">\n\t\t\t\t\t<h4>\n\t\t\t\t\t\t<a href=\"javascript:void(0);\" tabindex=\"-1\">Migliora la reputazione\n\t\t\t\t\t\t\t\t\t\t\t\t<\/a>\n\t\t\t\t\t<\/h4>\n\t\t\t\t<\/li>\n\t\t\t\t\t\t\t\t<li data-index=\"1\" tabindex=\"0\">\n\t\t\t\t\t<h4>\n\t\t\t\t\t\t<a href=\"javascript:void(0);\" tabindex=\"-1\">Rimuovi CO2\n\t\t\t\t\t\t\t\t\t\t\t\t<\/a>\n\t\t\t\t\t<\/h4>\n\t\t\t\t<\/li>\n\t\t\t\t\t\t\t<\/ul>\n\t\t<\/nav>\n\t\t\t\t\t<h4>\n\t\t\t\t\t\t\t\t\t\t\t\tMigliora la reputazione\n\t\t\t\t\t\t\t\t\t\t\t<\/h4>\n\t\t\t\t\t<p><img loading=\"lazy\" decoding=\"async\" src=\"https:\/\/legacy.colt.net\/wp-content\/uploads\/2023\/01\/Partner-icon-1-400x400.png\" alt=\"\" width=\"150\" height=\"150\" \/><\/p>\n<p>Con il Programma di referenze per i clienti di Colt, le tue storie non passeranno inosservate. Condivideremo la tua storia sui nostri social media, che contano oltre 240.000 follower e su colt.net, che ha oltre 1 milione di visualizzazioni l&#8217;anno.<\/p>\n<p>Questo \u00e8 un ottimo modo per mettere in mostra i risultati del tuo team e aumentare il profilo del tuo brand.<\/p>\n\t\t\t\t\t<h4>\n\t\t\t\t\t\t\t\t\t\t\t\tRimuovi CO2\n\t\t\t\t\t\t\t\t\t\t\t<\/h4>\n\t\t\t\t\t<p><img loading=\"lazy\" decoding=\"async\" src=\"https:\/\/legacy.colt.net\/wp-content\/uploads\/2023\/01\/Impact-Our-World-icon-1-400x400.png\" alt=\"\" width=\"150\" height=\"150\" \/><br \/>Partecipando al nostro Programma di referenze, puoi avere un impatto positivo sul pianeta.<br \/>Condividi la tua storia e riceverai una ricompensa unica: investiremo in biochar, una soluzione di rimozione permanente del carbonio, e ti forniremo un certificato che attesta la quantit\u00e0 di carbonio rimossa in modo permanente dall&#8217;atmosfera a nome della tua azienda.<br \/>La rimozione permanente di carbonio \u00e8 un modo semplice per identificare e misurare il tuo contributo alla riduzione dei livelli di CO2 e al miglioramento del benessere del pianeta.<\/p>\n<p><strong>Compensa le emissioni della tua azienda<\/strong><\/p>\n<p>Ricevendo un certificato di rimozione permanente di carbonio mediante biochar, la tua azienda potr\u00e0 mitigare una parte del proprio impatto ambientale e promuovere il proprio percorso verso gli obiettivi di sostenibilit\u00e0.<\/p>\n<p>Il biochar \u00e8 una sostanza simile al carbone di legna e viene ricavato da materiali organici come trucioli di legno, residui vegetali o altre sostanze organiche. Sempre pi\u00f9 spesso, \u00e8 riconosciuto come un prodotto versatile che favorisce ila tutela dell&#8217; ambiente e il sostegno all&#8217;agricoltura.<\/p>\n\t\t\t\t\t<!-- \/content -->\n\t<!-- \/tabs -->\n\t<p><strong>Partecipa oggi stesso, compila il modulo <a href=\"https:\/\/legacy.colt.net\/it\/colt-customer-reference-programme\/#storia\">qui sotto<\/a><\/strong><\/p>\n\t<iframe loading=\"lazy\" width=\"560\" height=\"315\" src=\"https:\/\/www.youtube.com\/embed\/AXbY4EmIhQM\" title=\"YouTube video player\" frameborder=\"0\" allow=\"accelerometer; autoplay; clipboard-write; encrypted-media; gyroscope; picture-in-picture; web-share\" allowfullscreen><\/iframe>\n<h2>\n\t\tLo sapevi?\n\t<\/h2>\n\t\n<h4><strong>1 tonnellata di emissioni di CO2 equivale a:<\/strong><\/h4>\n<ul>\n<li>51 pasti di bistecca di manzo (considerando una bistecca da 150 g per ogni pasto) (equivalente alla produzione di 7,75 kg di carne di manzo)<\/li>\n<li>Viaggio di sola andata da Parigi a New York (per 1 passeggero in classe economica, distanza: circa 5.800 km)<\/li>\n<li>Emissioni di CO2 che una persona media nell&#8217;Unione Europea emette in meno di 2 mesi.<\/li>\n<\/ul>\n<h2>\n\t\tCos&#8217;\u00e8 il biochar?\n\t<\/h2>\n\t<p>Piantare alberi o utilizzare energie rinnovabili pu\u00f2 sicuramente aiutare, ma potrebbe non essere sufficiente per raggiungere integralmente i propri obiettivi di sostenibilit\u00e0. Per riuscirci al 100%, le aziende devono adottare tecniche di riduzione delle emissioni efficienti e complementari.<\/p>\n<p>Il biochar rappresenta un&#8217;ulteriore possibilit\u00e0, in quanto rimuove il carbonio dall&#8217;atmosfera e, se aggiunto ai terreni agricoli, migliora la salute e la fertilit\u00e0 del suolo.<\/p>\n\t\t\t<a href=\"https:\/\/legacy.colt.net\/it\/cose-il-biochar\/\" target=\"_blank\" rel=\"noopener\">\n\t\t\t\t\t\t\tScopri di pi\u00f9 sul biochar\n\t\t\t<\/a>\n<h2>\n\t\tRacconta la tua storia\n\t<\/h2>\n\t<p>Condividere la tua storia \u00e8 semplice. Ecco come fare:<\/p>\n\t<ul>\n\t\t\t\t<li>\n                        <h4>Inizia il racconto della tua storia<\/h4>0%\n\t\t<\/li>\n\t\t\t\t\t\t\t<\/ul>\n\t<p>Comunica il tuo interesse al tuo account executive di riferimento oppure candidati <u>qui<\/u> e condividi il tipo di storia che vorresti creare. Ci sono tre possibilit\u00e0<\/p>\n<ul>\n<li>Fornire una breve citazione insieme al logo della tua azienda.<\/li>\n<li>Creare un case study come in questo <a href=\"https:\/\/legacy.colt.net\/resources\/tailor-made-communication\/\">esempio<\/a>.<\/li>\n<li>Produrre un case study e un video come mostrato <a href=\"https:\/\/legacy.colt.net\/resources\/bertelsmann-2\/\">qui<\/a>.<\/li>\n<\/ul>\n<p>Il numero di crediti che riceverai dipende dal tuo livello di partecipazione.<\/p>\n\t<p>Condividi la tua storia in una breve intervista con noi.<\/p>\n\t<p>Da qui in poi ci pensiamo noi.<\/p>\n\t<p>Rivediamo insieme i contenuti, apportiamo eventuali modifiche e approviamo il tutto. Ti garantiamo che nulla sar\u00e0 pubblicato finch\u00e9 tutti non saranno soddisfatti.<\/p>\n\tLa tua storia sar\u00e0 pubblicata su colt.net e condivisa sui social media.<br \/>\nInfine, ci occuperemo della gestione dei tuoi crediti per la riduzione delle emissioni mediante biochar.\n\t<p>Sei pronto per iniziare? Basta selezionare la storia che vuoi condividere e noi ci occuperemo di tutto il resto.<\/p>\n\t<strong>Racconta la tua storia<\/strong><br \/>\n[hubspot type=&#8221;form&#8221; portal=&#8221;344164&#8243; id=&#8221;d2b3cf41-fe87-4cd9-b243-5c1ac531dddb&#8221;]\n<h2>\n\t\tI nostri clienti\n\t<\/h2>\n\t\t\t\t<a href=\"https:\/\/legacy.colt.net\/it\/resources\/colt-provides-sd-wan-and-secure-network-gateway-to-huisman-in-partnership-with-zscaler\/\" target=\"_blank\" rel=\"noopener\" itemprop=\"url\">\n\t\t\t\t<img loading=\"lazy\" decoding=\"async\" src=\"https:\/\/legacy.colt.net\/wp-content\/uploads\/2023\/02\/Huisman_200x200.jpg\" alt=\"Huisman_200x200\" itemprop=\"image\" height=\"418\" width=\"671\" title=\"Huisman_200x200\" onerror=\"this.style.display='none'\"  \/>\n\t\t\t\t<\/a>\n\t\t\t\t<a href=\"https:\/\/legacy.colt.net\/it\/resources\/colt-provides-sd-wan-and-secure-network-gateway-to-huisman-in-partnership-with-zscaler\/\" target=\"_blank\" rel=\"noopener\" itemprop=\"url\">\n\t\t\t\t<img loading=\"lazy\" decoding=\"async\" src=\"https:\/\/legacy.colt.net\/wp-content\/uploads\/2021\/12\/LOGO_Circutor.jpg\" alt=\"LOGO_Circutor\" itemprop=\"image\" height=\"419\" width=\"690\" title=\"LOGO_Circutor\" onerror=\"this.style.display='none'\"  \/>\n\t\t\t\t<\/a>\n\t\t\t\t<a href=\"https:\/\/legacy.colt.net\/it\/resources\/farfetch\/\" target=\"_blank\" rel=\"noopener\" itemprop=\"url\">\n\t\t\t\t<img loading=\"lazy\" decoding=\"async\" src=\"https:\/\/legacy.colt.net\/wp-content\/uploads\/2020\/11\/720x440_Farfetch_logo_casestudy.png\" alt=\"720x440_Farfetch_logo_casestudy\" itemprop=\"image\" height=\"440\" width=\"720\" title=\"720x440_Farfetch_logo_casestudy\" onerror=\"this.style.display='none'\"  \/>\n\t\t\t\t<\/a>\n\t\t\t\t<a href=\"https:\/\/legacy.colt.net\/it\/resources\/rcs-mediagroup\/\" target=\"_blank\" rel=\"noopener\" itemprop=\"url\">\n\t\t\t\t<img loading=\"lazy\" decoding=\"async\" src=\"https:\/\/legacy.colt.net\/wp-content\/uploads\/2021\/10\/rcs-mediagroup-s-p-a-logo-vector.png\" alt=\"rcs-mediagroup-s-p-a-logo-vector\" itemprop=\"image\" height=\"500\" width=\"900\" title=\"rcs-mediagroup-s-p-a-logo-vector\" onerror=\"this.style.display='none'\"  \/>\n\t\t\t\t<\/a>\n\t\t\t\t<a href=\"https:\/\/legacy.colt.net\/it\/resources\/lm-group-lastminute-com\/\" target=\"_blank\" rel=\"noopener\" itemprop=\"url\">\n\t\t\t\t<img loading=\"lazy\" decoding=\"async\" src=\"https:\/\/legacy.colt.net\/wp-content\/uploads\/2022\/03\/LM-Group.png\" alt=\"LM Group\" itemprop=\"image\" height=\"609\" width=\"776\" title=\"LM Group\" onerror=\"this.style.display='none'\"  \/>\n\t\t\t\t<\/a>\n\t\t\t\t<a href=\"https:\/\/legacy.colt.net\/it\/resources\/fintyre\/\" target=\"_blank\" rel=\"noopener\" itemprop=\"url\">\n\t\t\t\t<img loading=\"lazy\" decoding=\"async\" src=\"https:\/\/legacy.colt.net\/wp-content\/uploads\/2021\/11\/Fintyre-circular-logo.png\" alt=\"Fintyre circular logo\" itemprop=\"image\" height=\"1181\" width=\"1181\" title=\"Fintyre circular logo\" onerror=\"this.style.display='none'\"  \/>\n\t\t\t\t<\/a>\n\t\t\t<a href=\"https:\/\/legacy.colt.net\/it\/resources\/type\/case-studies-it\/\" target=\"_blank\" rel=\"noopener\">\n\t\t\t\t\t\t\tScopri di pi\u00f9 \u00bb\n\t\t\t\t\t<\/a>\n\t\t\t\t<img loading=\"lazy\" decoding=\"async\" src=\"https:\/\/legacy.colt.net\/wp-content\/uploads\/2022\/01\/Berlinale_Logo_720x450.png\" alt=\"Berlinale - clear background\" itemprop=\"image\" height=\"190\" width=\"500\" title=\"Berlinale - clear background\" onerror=\"this.style.display='none'\"  \/>\n\t<p>&#8220;Digital cinema has already revolutionised our industry. So having a resilient network in place to reliably transfer films to our cinemas is essential. We want to provide our audiences with the best possible viewing experience. In Colt, we have found ourselves a partner who will help us master the constant flood of new challenges we face with technological innovations,&#8221;<\/p>\n<em><strong>Mariette Rissenbeek,<\/strong><\/em><br \/>\n<strong><em>Executive Director, Berlin International Film Festival\u00a0<\/em><\/strong>\n\t\t\t\t<img loading=\"lazy\" decoding=\"async\" src=\"https:\/\/legacy.colt.net\/wp-content\/uploads\/2023\/09\/ESPRIT-720x450_customerreferences_page.png\" alt=\"ESPRIT-720x450_customerreferences_page\" itemprop=\"image\" height=\"450\" width=\"720\" title=\"ESPRIT-720x450_customerreferences_page\" onerror=\"this.style.display='none'\"  \/>\n\t<p>&#8220;Colt has consistently thought through our requirements to the end and, thanks to its wide-ranging solution portfolio, has added services that offer us more than just a technically harmonised telephony infrastructure. With the contact centre solution fully integrated in Microsoft Teams, we benefit from a central communication platform across almost all of our European locations. We hope to expand to all of them in the near future.&#8221;<\/p>\n<strong><em>Marcus Lapp,<\/em><\/strong><br \/>\n<strong><em>Director of IT Infrastructure Operations, ESPRIT Europe GmbH<\/em><\/strong>\n\n","protected":false},"excerpt":{"rendered":"<p>Raccontaci la tua storia di successo Ti aiuteremo a creare un mondo pi\u00f9 verde. Riduci le emissioni atmosferiche con il Programma di referenze dei clienti Colt. Dopo aver condiviso la tua esperienza con Colt, riceverai un premio di sostenibilit\u00e0 sotto forma di rimozione di tonnellate di CO2. &#8220;Siamo regolarmente in contatto con i nostri partner&#8230;<\/p>\n","protected":false},"author":2,"featured_media":0,"parent":0,"menu_order":0,"comment_status":"closed","ping_status":"closed","template":"","meta":{"_acf_changed":false,"footnotes":""},"colt_type":[],"colt_products":[],"class_list":["post-103177","page","type-page","status-publish","hentry"],"acf":[],"yoast_head":"<!-- This site is optimized with the Yoast SEO plugin v26.8 - https:\/\/yoast.com\/product\/yoast-seo-wordpress\/ -->\n<title>Colt customer reference programme - Colt Technology Services<\/title>\n<meta name=\"description\" content=\"Colt customer reference programme Colt Technology Services\" \/>\n<meta name=\"robots\" content=\"noindex, nofollow\" \/>\n<meta property=\"og:locale\" content=\"it_IT\" \/>\n<meta property=\"og:type\" content=\"article\" \/>\n<meta property=\"og:title\" content=\"Colt customer reference programme - Colt Technology Services\" \/>\n<meta property=\"og:description\" content=\"Colt customer reference programme Colt Technology Services\" \/>\n<meta property=\"og:url\" content=\"https:\/\/legacy.colt.net\/it\/colt-customer-reference-programme\/\" \/>\n<meta property=\"og:site_name\" content=\"Colt Technology Services\" \/>\n<meta property=\"article:publisher\" content=\"https:\/\/www.facebook.com\/ColtTechnologyServices\/\" \/>\n<meta property=\"article:modified_time\" content=\"2024-09-24T13:45:50+00:00\" \/>\n<meta property=\"og:image\" content=\"https:\/\/legacy.colt.net\/wp-content\/uploads\/2021\/01\/Brand-2021-Stock-45.jpg\" \/>\n\t<meta property=\"og:image:width\" content=\"1000\" \/>\n\t<meta property=\"og:image:height\" content=\"667\" \/>\n\t<meta property=\"og:image:type\" content=\"image\/jpeg\" \/>\n<meta name=\"twitter:card\" content=\"summary_large_image\" \/>\n<meta name=\"twitter:site\" content=\"@colt_technology\" \/>\n<meta name=\"twitter:label1\" content=\"Est. reading time\" \/>\n\t<meta name=\"twitter:data1\" content=\"7 minutes\" \/>\n<script type=\"application\/ld+json\" class=\"yoast-schema-graph\">{\"@context\":\"https:\/\/schema.org\",\"@graph\":[{\"@type\":\"WebPage\",\"@id\":\"https:\/\/legacy.colt.net\/it\/colt-customer-reference-programme\/\",\"url\":\"https:\/\/legacy.colt.net\/it\/colt-customer-reference-programme\/\",\"name\":\"Colt customer reference programme - Colt Technology Services\",\"isPartOf\":{\"@id\":\"https:\/\/legacy.colt.net\/#website\"},\"primaryImageOfPage\":{\"@id\":\"https:\/\/legacy.colt.net\/it\/colt-customer-reference-programme\/#primaryimage\"},\"image\":{\"@id\":\"https:\/\/legacy.colt.net\/it\/colt-customer-reference-programme\/#primaryimage\"},\"thumbnailUrl\":\"https:\/\/legacy.colt.net\/wp-content\/uploads\/2023\/09\/Bio-1.png\",\"datePublished\":\"2021-10-06T12:10:42+00:00\",\"dateModified\":\"2024-09-24T13:45:50+00:00\",\"description\":\"Colt customer reference programme Colt Technology Services\",\"breadcrumb\":{\"@id\":\"https:\/\/legacy.colt.net\/it\/colt-customer-reference-programme\/#breadcrumb\"},\"inLanguage\":\"it-IT\",\"potentialAction\":[{\"@type\":\"ReadAction\",\"target\":[\"https:\/\/legacy.colt.net\/it\/colt-customer-reference-programme\/\"]}]},{\"@type\":\"ImageObject\",\"inLanguage\":\"it-IT\",\"@id\":\"https:\/\/legacy.colt.net\/it\/colt-customer-reference-programme\/#primaryimage\",\"url\":\"https:\/\/legacy.colt.net\/wp-content\/uploads\/2023\/09\/Bio-1.png\",\"contentUrl\":\"https:\/\/legacy.colt.net\/wp-content\/uploads\/2023\/09\/Bio-1.png\"},{\"@type\":\"BreadcrumbList\",\"@id\":\"https:\/\/legacy.colt.net\/it\/colt-customer-reference-programme\/#breadcrumb\",\"itemListElement\":[{\"@type\":\"ListItem\",\"position\":1,\"name\":\"Home\",\"item\":\"https:\/\/legacy.colt.net\/it\/\"},{\"@type\":\"ListItem\",\"position\":2,\"name\":\"Colt customer reference programme\"}]},{\"@type\":\"WebSite\",\"@id\":\"https:\/\/legacy.colt.net\/#website\",\"url\":\"https:\/\/legacy.colt.net\/\",\"name\":\"Colt\u30c6\u30af\u30ce\u30ed\u30b8\u30fc\u30b5\u30fc\u30d3\u30b9\u682a\u5f0f\u4f1a\u793e\",\"description\":\"Managed Network &amp; Voice Services Provider\",\"publisher\":{\"@id\":\"https:\/\/legacy.colt.net\/#organization\"},\"potentialAction\":[{\"@type\":\"SearchAction\",\"target\":{\"@type\":\"EntryPoint\",\"urlTemplate\":\"https:\/\/legacy.colt.net\/?s={search_term_string}\"},\"query-input\":{\"@type\":\"PropertyValueSpecification\",\"valueRequired\":true,\"valueName\":\"search_term_string\"}}],\"inLanguage\":\"it-IT\"},{\"@type\":\"Organization\",\"@id\":\"https:\/\/legacy.colt.net\/#organization\",\"name\":\"Colt Technology Services\",\"url\":\"https:\/\/legacy.colt.net\/\",\"logo\":{\"@type\":\"ImageObject\",\"inLanguage\":\"it-IT\",\"@id\":\"https:\/\/legacy.colt.net\/#\/schema\/logo\/image\/\",\"url\":\"https:\/\/legacy.colt.net\/wp-content\/uploads\/2019\/02\/Colt-Logo.png\",\"contentUrl\":\"https:\/\/legacy.colt.net\/wp-content\/uploads\/2019\/02\/Colt-Logo.png\",\"width\":195,\"height\":77,\"caption\":\"Colt Technology Services\"},\"image\":{\"@id\":\"https:\/\/legacy.colt.net\/#\/schema\/logo\/image\/\"},\"sameAs\":[\"https:\/\/www.facebook.com\/ColtTechnologyServices\/\",\"https:\/\/x.com\/colt_technology\",\"https:\/\/www.instagram.com\/colttechnologyservices\/\",\"https:\/\/www.linkedin.com\/company\/colt-technology-services\",\"https:\/\/www.youtube.com\/user\/ColtTechnology\"]}]}<\/script>\n<!-- \/ Yoast SEO plugin. -->","yoast_head_json":{"title":"Colt customer reference programme - Colt Technology Services","description":"Colt customer reference programme Colt Technology Services","robots":{"index":"noindex","follow":"nofollow"},"og_locale":"it_IT","og_type":"article","og_title":"Colt customer reference programme - Colt Technology Services","og_description":"Colt customer reference programme Colt Technology Services","og_url":"https:\/\/legacy.colt.net\/it\/colt-customer-reference-programme\/","og_site_name":"Colt Technology Services","article_publisher":"https:\/\/www.facebook.com\/ColtTechnologyServices\/","article_modified_time":"2024-09-24T13:45:50+00:00","og_image":[{"width":1000,"height":667,"url":"https:\/\/legacy.colt.net\/wp-content\/uploads\/2021\/01\/Brand-2021-Stock-45.jpg","type":"image\/jpeg"}],"twitter_card":"summary_large_image","twitter_site":"@colt_technology","twitter_misc":{"Est. reading time":"7 minutes"},"schema":{"@context":"https:\/\/schema.org","@graph":[{"@type":"WebPage","@id":"https:\/\/legacy.colt.net\/it\/colt-customer-reference-programme\/","url":"https:\/\/legacy.colt.net\/it\/colt-customer-reference-programme\/","name":"Colt customer reference programme - Colt Technology Services","isPartOf":{"@id":"https:\/\/legacy.colt.net\/#website"},"primaryImageOfPage":{"@id":"https:\/\/legacy.colt.net\/it\/colt-customer-reference-programme\/#primaryimage"},"image":{"@id":"https:\/\/legacy.colt.net\/it\/colt-customer-reference-programme\/#primaryimage"},"thumbnailUrl":"https:\/\/legacy.colt.net\/wp-content\/uploads\/2023\/09\/Bio-1.png","datePublished":"2021-10-06T12:10:42+00:00","dateModified":"2024-09-24T13:45:50+00:00","description":"Colt customer reference programme Colt Technology Services","breadcrumb":{"@id":"https:\/\/legacy.colt.net\/it\/colt-customer-reference-programme\/#breadcrumb"},"inLanguage":"it-IT","potentialAction":[{"@type":"ReadAction","target":["https:\/\/legacy.colt.net\/it\/colt-customer-reference-programme\/"]}]},{"@type":"ImageObject","inLanguage":"it-IT","@id":"https:\/\/legacy.colt.net\/it\/colt-customer-reference-programme\/#primaryimage","url":"https:\/\/legacy.colt.net\/wp-content\/uploads\/2023\/09\/Bio-1.png","contentUrl":"https:\/\/legacy.colt.net\/wp-content\/uploads\/2023\/09\/Bio-1.png"},{"@type":"BreadcrumbList","@id":"https:\/\/legacy.colt.net\/it\/colt-customer-reference-programme\/#breadcrumb","itemListElement":[{"@type":"ListItem","position":1,"name":"Home","item":"https:\/\/legacy.colt.net\/it\/"},{"@type":"ListItem","position":2,"name":"Colt customer reference programme"}]},{"@type":"WebSite","@id":"https:\/\/legacy.colt.net\/#website","url":"https:\/\/legacy.colt.net\/","name":"Colt\u30c6\u30af\u30ce\u30ed\u30b8\u30fc\u30b5\u30fc\u30d3\u30b9\u682a\u5f0f\u4f1a\u793e","description":"Managed Network &amp; Voice Services Provider","publisher":{"@id":"https:\/\/legacy.colt.net\/#organization"},"potentialAction":[{"@type":"SearchAction","target":{"@type":"EntryPoint","urlTemplate":"https:\/\/legacy.colt.net\/?s={search_term_string}"},"query-input":{"@type":"PropertyValueSpecification","valueRequired":true,"valueName":"search_term_string"}}],"inLanguage":"it-IT"},{"@type":"Organization","@id":"https:\/\/legacy.colt.net\/#organization","name":"Colt Technology Services","url":"https:\/\/legacy.colt.net\/","logo":{"@type":"ImageObject","inLanguage":"it-IT","@id":"https:\/\/legacy.colt.net\/#\/schema\/logo\/image\/","url":"https:\/\/legacy.colt.net\/wp-content\/uploads\/2019\/02\/Colt-Logo.png","contentUrl":"https:\/\/legacy.colt.net\/wp-content\/uploads\/2019\/02\/Colt-Logo.png","width":195,"height":77,"caption":"Colt Technology Services"},"image":{"@id":"https:\/\/legacy.colt.net\/#\/schema\/logo\/image\/"},"sameAs":["https:\/\/www.facebook.com\/ColtTechnologyServices\/","https:\/\/x.com\/colt_technology","https:\/\/www.instagram.com\/colttechnologyservices\/","https:\/\/www.linkedin.com\/company\/colt-technology-services","https:\/\/www.youtube.com\/user\/ColtTechnology"]}]}},"_links":{"self":[{"href":"https:\/\/legacy.colt.net\/it\/wp-json\/wp\/v2\/pages\/103177","targetHints":{"allow":["GET"]}}],"collection":[{"href":"https:\/\/legacy.colt.net\/it\/wp-json\/wp\/v2\/pages"}],"about":[{"href":"https:\/\/legacy.colt.net\/it\/wp-json\/wp\/v2\/types\/page"}],"author":[{"embeddable":true,"href":"https:\/\/legacy.colt.net\/it\/wp-json\/wp\/v2\/users\/2"}],"replies":[{"embeddable":true,"href":"https:\/\/legacy.colt.net\/it\/wp-json\/wp\/v2\/comments?post=103177"}],"version-history":[{"count":0,"href":"https:\/\/legacy.colt.net\/it\/wp-json\/wp\/v2\/pages\/103177\/revisions"}],"wp:attachment":[{"href":"https:\/\/legacy.colt.net\/it\/wp-json\/wp\/v2\/media?parent=103177"}],"wp:term":[{"taxonomy":"colt_type","embeddable":true,"href":"https:\/\/legacy.colt.net\/it\/wp-json\/wp\/v2\/colt_type?post=103177"},{"taxonomy":"colt_products","embeddable":true,"href":"https:\/\/legacy.colt.net\/it\/wp-json\/wp\/v2\/colt_products?post=103177"}],"curies":[{"name":"wp","href":"https:\/\/api.w.org\/{rel}","templated":true}]}}