{"id":99858,"date":"2021-07-09T09:49:03","date_gmt":"2021-07-09T08:49:03","guid":{"rendered":"https:\/\/www.colt.net\/?page_id=99858"},"modified":"2021-09-24T09:31:15","modified_gmt":"2021-09-24T08:31:15","slug":"andrew-edison","status":"publish","type":"page","link":"https:\/\/legacy.colt.net\/fr\/about\/leadership\/andrew-edison\/","title":{"rendered":"Andrew Edison"},"content":{"rendered":"\n<h1>\n\t<\/h1>\n\t<nav class=\"breadcrumb\"><span><span><a href=\"https:\/\/legacy.colt.net\/fr\/\">Home<\/a><\/span><\/span><\/nav>\n\t<p>Andrew Edison est Executive Vice President (EVP) &#8211; des ventes, du marketing et de la relation client. \u00c0 ce poste, Andrew est charg\u00e9 de piloter la strat\u00e9gie commerciale de Colt, de diriger les \u00e9quipes internationales charg\u00e9es des ventes, de l&#8217;avant-vente, du marketing et de la gestion de la relation client. Il travaille \u00e9galement en \u00e9troite collaboration avec l&#8217;ensemble de l&#8217;\u00e9quipe dirigeante afin de s&#8217;assurer que Colt concr\u00e9tise sa vision : transformer la fa\u00e7on dont le monde fonctionne gr\u00e2ce \u00e0 la puissance de la connectivit\u00e9.<\/p>\n<p>Avant d&#8217;occuper ce poste, Andrew \u00e9tait Vice-pr\u00e9sident &#8211; Global Enterprise, charg\u00e9 de piloter la strat\u00e9gie d&#8217;entreprise de Colt. Il a dirig\u00e9 son \u00e9quipe afin de d\u00e9velopper davantage les partenariats et les solutions de mise en r\u00e9seau mondiales pour les entreprises, les march\u00e9s financiers et les canaux indirects de Colt. Il a rejoint Colt en janvier 2018, apr\u00e8s avoir occup\u00e9 le poste de vice-pr\u00e9sident senior des ventes pour l&#8217;Europe, le Moyen-Orient et l&#8217;Afrique (EMEA) au sein de Level 3\/CenturyLink communications .<\/p>\n<p>Au cours de sa carri\u00e8re, Andrew a acquis une vaste exp\u00e9rience de leadership dans le domaine des ventes, des op\u00e9rations commerciales, des strat\u00e9gies globales et de mise sur le march\u00e9. Avant de rejoindre Level 3\/CenturyLink, Andrew a occup\u00e9 plusieurs postes de direction chez AT&amp;T, dont celui de vice-pr\u00e9sident r\u00e9gional &#8211; Europe, Moyen-Orient et Afrique (EMEA), et auparavant en tant que vice-pr\u00e9sident &#8211; Op\u00e9rations et strat\u00e9gie mondiales bas\u00e9 aux \u00c9tats-Unis.<\/p>\n<p>Originaire du Royaume-Uni, Andrew est un d\u00e9fenseur respect\u00e9 de l&#8217;industrie technologique, qui a contribu\u00e9 au Prince&#8217;s Trust en tant que membre du Technology Leadership Group.<\/p>\n\t\t\t\t<img loading=\"lazy\" decoding=\"async\" src=\"https:\/\/legacy.colt.net\/wp-content\/uploads\/2021\/09\/Andrew-Edison_092021.png\" alt=\"Andrew Edison_092021\" itemprop=\"image\" height=\"458\" width=\"622\" title=\"Andrew Edison_092021\" onerror=\"this.style.display='none'\"  \/>\n<h3>\n\t\tAndrew Edison\n\t<\/h3>\n<h4>\n\t\tAndrew Edison Executive Vice President &#8211; Sales, Marketing &#038; Customer Relationship Management\n\t<\/h4>\n\n","protected":false},"excerpt":{"rendered":"<p>Andrew Edison est Executive Vice President (EVP) &#8211; des ventes, du marketing et de la relation client. \u00c0 ce poste, Andrew est charg\u00e9 de piloter la strat\u00e9gie commerciale de Colt, de diriger les \u00e9quipes internationales charg\u00e9es des ventes, de l&#8217;avant-vente, du marketing et de la gestion de la relation client. Il travaille \u00e9galement en \u00e9troite&#8230;<\/p>\n","protected":false},"author":2,"featured_media":0,"parent":34336,"menu_order":0,"comment_status":"closed","ping_status":"closed","template":"","meta":{"_acf_changed":false,"footnotes":""},"colt_type":[],"colt_products":[],"class_list":["post-99858","page","type-page","status-publish","hentry"],"acf":[],"yoast_head":"<!-- This site is optimized with the Yoast SEO plugin v26.8 - https:\/\/yoast.com\/product\/yoast-seo-wordpress\/ -->\n<title>Andrew Edison - Colt Technology Services<\/title>\n<meta name=\"description\" content=\"Andrew Edison Colt Technology Services\" \/>\n<meta name=\"robots\" content=\"noindex, follow, max-snippet:-1, max-image-preview:large, max-video-preview:-1\" \/>\n<meta property=\"og:locale\" content=\"fr_FR\" \/>\n<meta property=\"og:type\" content=\"article\" \/>\n<meta property=\"og:title\" content=\"Andrew Edison - Colt Technology Services\" \/>\n<meta property=\"og:description\" content=\"Andrew Edison Colt Technology Services\" \/>\n<meta property=\"og:url\" content=\"https:\/\/legacy.colt.net\/fr\/about\/leadership\/andrew-edison\/\" \/>\n<meta property=\"og:site_name\" content=\"Colt Technology Services\" \/>\n<meta property=\"article:publisher\" content=\"https:\/\/www.facebook.com\/ColtTechnologyServices\/\" \/>\n<meta property=\"article:modified_time\" content=\"2021-09-24T08:31:15+00:00\" \/>\n<meta property=\"og:image\" content=\"https:\/\/legacy.colt.net\/wp-content\/uploads\/2021\/01\/Brand-2021-Stock-18.jpg\" \/>\n\t<meta property=\"og:image:width\" content=\"1000\" \/>\n\t<meta property=\"og:image:height\" content=\"750\" \/>\n\t<meta property=\"og:image:type\" content=\"image\/jpeg\" \/>\n<meta name=\"twitter:card\" content=\"summary_large_image\" \/>\n<meta name=\"twitter:site\" content=\"@colt_technology\" \/>\n<meta name=\"twitter:label1\" content=\"Est. reading time\" \/>\n\t<meta name=\"twitter:data1\" content=\"1 minute\" \/>\n<script type=\"application\/ld+json\" class=\"yoast-schema-graph\">{\"@context\":\"https:\/\/schema.org\",\"@graph\":[{\"@type\":\"WebPage\",\"@id\":\"https:\/\/legacy.colt.net\/fr\/about\/leadership\/andrew-edison\/\",\"url\":\"https:\/\/legacy.colt.net\/fr\/about\/leadership\/andrew-edison\/\",\"name\":\"Andrew Edison - Colt Technology Services\",\"isPartOf\":{\"@id\":\"https:\/\/legacy.colt.net\/#website\"},\"primaryImageOfPage\":{\"@id\":\"https:\/\/legacy.colt.net\/fr\/about\/leadership\/andrew-edison\/#primaryimage\"},\"image\":{\"@id\":\"https:\/\/legacy.colt.net\/fr\/about\/leadership\/andrew-edison\/#primaryimage\"},\"thumbnailUrl\":\"https:\/\/legacy.colt.net\/wp-content\/uploads\/2021\/09\/Andrew-Edison_092021.png\",\"datePublished\":\"2021-07-09T08:49:03+00:00\",\"dateModified\":\"2021-09-24T08:31:15+00:00\",\"description\":\"Andrew Edison Colt Technology Services\",\"breadcrumb\":{\"@id\":\"https:\/\/legacy.colt.net\/fr\/about\/leadership\/andrew-edison\/#breadcrumb\"},\"inLanguage\":\"fr-FR\",\"potentialAction\":[{\"@type\":\"ReadAction\",\"target\":[\"https:\/\/legacy.colt.net\/fr\/about\/leadership\/andrew-edison\/\"]}]},{\"@type\":\"ImageObject\",\"inLanguage\":\"fr-FR\",\"@id\":\"https:\/\/legacy.colt.net\/fr\/about\/leadership\/andrew-edison\/#primaryimage\",\"url\":\"https:\/\/legacy.colt.net\/wp-content\/uploads\/2021\/09\/Andrew-Edison_092021.png\",\"contentUrl\":\"https:\/\/legacy.colt.net\/wp-content\/uploads\/2021\/09\/Andrew-Edison_092021.png\"},{\"@type\":\"BreadcrumbList\",\"@id\":\"https:\/\/legacy.colt.net\/fr\/about\/leadership\/andrew-edison\/#breadcrumb\",\"itemListElement\":[{\"@type\":\"ListItem\",\"position\":1,\"name\":\"Home\",\"item\":\"https:\/\/legacy.colt.net\/fr\/\"},{\"@type\":\"ListItem\",\"position\":2,\"name\":\"A propos de colt\",\"item\":\"https:\/\/legacy.colt.net\/fr\/about\/\"},{\"@type\":\"ListItem\",\"position\":3,\"name\":\"Comit\u00e9 Ex\u00e9cutif\",\"item\":\"https:\/\/legacy.colt.net\/fr\/about\/leadership\/\"},{\"@type\":\"ListItem\",\"position\":4,\"name\":\"Andrew Edison\"}]},{\"@type\":\"WebSite\",\"@id\":\"https:\/\/legacy.colt.net\/#website\",\"url\":\"https:\/\/legacy.colt.net\/\",\"name\":\"Colt\u30c6\u30af\u30ce\u30ed\u30b8\u30fc\u30b5\u30fc\u30d3\u30b9\u682a\u5f0f\u4f1a\u793e\",\"description\":\"Managed Network &amp; Voice Services Provider\",\"publisher\":{\"@id\":\"https:\/\/legacy.colt.net\/#organization\"},\"potentialAction\":[{\"@type\":\"SearchAction\",\"target\":{\"@type\":\"EntryPoint\",\"urlTemplate\":\"https:\/\/legacy.colt.net\/?s={search_term_string}\"},\"query-input\":{\"@type\":\"PropertyValueSpecification\",\"valueRequired\":true,\"valueName\":\"search_term_string\"}}],\"inLanguage\":\"fr-FR\"},{\"@type\":\"Organization\",\"@id\":\"https:\/\/legacy.colt.net\/#organization\",\"name\":\"Colt Technology Services\",\"url\":\"https:\/\/legacy.colt.net\/\",\"logo\":{\"@type\":\"ImageObject\",\"inLanguage\":\"fr-FR\",\"@id\":\"https:\/\/legacy.colt.net\/#\/schema\/logo\/image\/\",\"url\":\"https:\/\/legacy.colt.net\/wp-content\/uploads\/2019\/02\/Colt-Logo.png\",\"contentUrl\":\"https:\/\/legacy.colt.net\/wp-content\/uploads\/2019\/02\/Colt-Logo.png\",\"width\":195,\"height\":77,\"caption\":\"Colt Technology Services\"},\"image\":{\"@id\":\"https:\/\/legacy.colt.net\/#\/schema\/logo\/image\/\"},\"sameAs\":[\"https:\/\/www.facebook.com\/ColtTechnologyServices\/\",\"https:\/\/x.com\/colt_technology\",\"https:\/\/www.instagram.com\/colttechnologyservices\/\",\"https:\/\/www.linkedin.com\/company\/colt-technology-services\",\"https:\/\/www.youtube.com\/user\/ColtTechnology\"]}]}<\/script>\n<!-- \/ Yoast SEO plugin. -->","yoast_head_json":{"title":"Andrew Edison - Colt Technology Services","description":"Andrew Edison Colt Technology Services","robots":{"index":"noindex","follow":"follow","max-snippet":"max-snippet:-1","max-image-preview":"max-image-preview:large","max-video-preview":"max-video-preview:-1"},"og_locale":"fr_FR","og_type":"article","og_title":"Andrew Edison - Colt Technology Services","og_description":"Andrew Edison Colt Technology Services","og_url":"https:\/\/legacy.colt.net\/fr\/about\/leadership\/andrew-edison\/","og_site_name":"Colt Technology Services","article_publisher":"https:\/\/www.facebook.com\/ColtTechnologyServices\/","article_modified_time":"2021-09-24T08:31:15+00:00","og_image":[{"width":1000,"height":750,"url":"https:\/\/legacy.colt.net\/wp-content\/uploads\/2021\/01\/Brand-2021-Stock-18.jpg","type":"image\/jpeg"}],"twitter_card":"summary_large_image","twitter_site":"@colt_technology","twitter_misc":{"Est. reading time":"1 minute"},"schema":{"@context":"https:\/\/schema.org","@graph":[{"@type":"WebPage","@id":"https:\/\/legacy.colt.net\/fr\/about\/leadership\/andrew-edison\/","url":"https:\/\/legacy.colt.net\/fr\/about\/leadership\/andrew-edison\/","name":"Andrew Edison - Colt Technology Services","isPartOf":{"@id":"https:\/\/legacy.colt.net\/#website"},"primaryImageOfPage":{"@id":"https:\/\/legacy.colt.net\/fr\/about\/leadership\/andrew-edison\/#primaryimage"},"image":{"@id":"https:\/\/legacy.colt.net\/fr\/about\/leadership\/andrew-edison\/#primaryimage"},"thumbnailUrl":"https:\/\/legacy.colt.net\/wp-content\/uploads\/2021\/09\/Andrew-Edison_092021.png","datePublished":"2021-07-09T08:49:03+00:00","dateModified":"2021-09-24T08:31:15+00:00","description":"Andrew Edison Colt Technology Services","breadcrumb":{"@id":"https:\/\/legacy.colt.net\/fr\/about\/leadership\/andrew-edison\/#breadcrumb"},"inLanguage":"fr-FR","potentialAction":[{"@type":"ReadAction","target":["https:\/\/legacy.colt.net\/fr\/about\/leadership\/andrew-edison\/"]}]},{"@type":"ImageObject","inLanguage":"fr-FR","@id":"https:\/\/legacy.colt.net\/fr\/about\/leadership\/andrew-edison\/#primaryimage","url":"https:\/\/legacy.colt.net\/wp-content\/uploads\/2021\/09\/Andrew-Edison_092021.png","contentUrl":"https:\/\/legacy.colt.net\/wp-content\/uploads\/2021\/09\/Andrew-Edison_092021.png"},{"@type":"BreadcrumbList","@id":"https:\/\/legacy.colt.net\/fr\/about\/leadership\/andrew-edison\/#breadcrumb","itemListElement":[{"@type":"ListItem","position":1,"name":"Home","item":"https:\/\/legacy.colt.net\/fr\/"},{"@type":"ListItem","position":2,"name":"A propos de colt","item":"https:\/\/legacy.colt.net\/fr\/about\/"},{"@type":"ListItem","position":3,"name":"Comit\u00e9 Ex\u00e9cutif","item":"https:\/\/legacy.colt.net\/fr\/about\/leadership\/"},{"@type":"ListItem","position":4,"name":"Andrew Edison"}]},{"@type":"WebSite","@id":"https:\/\/legacy.colt.net\/#website","url":"https:\/\/legacy.colt.net\/","name":"Colt\u30c6\u30af\u30ce\u30ed\u30b8\u30fc\u30b5\u30fc\u30d3\u30b9\u682a\u5f0f\u4f1a\u793e","description":"Managed Network &amp; Voice Services Provider","publisher":{"@id":"https:\/\/legacy.colt.net\/#organization"},"potentialAction":[{"@type":"SearchAction","target":{"@type":"EntryPoint","urlTemplate":"https:\/\/legacy.colt.net\/?s={search_term_string}"},"query-input":{"@type":"PropertyValueSpecification","valueRequired":true,"valueName":"search_term_string"}}],"inLanguage":"fr-FR"},{"@type":"Organization","@id":"https:\/\/legacy.colt.net\/#organization","name":"Colt Technology Services","url":"https:\/\/legacy.colt.net\/","logo":{"@type":"ImageObject","inLanguage":"fr-FR","@id":"https:\/\/legacy.colt.net\/#\/schema\/logo\/image\/","url":"https:\/\/legacy.colt.net\/wp-content\/uploads\/2019\/02\/Colt-Logo.png","contentUrl":"https:\/\/legacy.colt.net\/wp-content\/uploads\/2019\/02\/Colt-Logo.png","width":195,"height":77,"caption":"Colt Technology Services"},"image":{"@id":"https:\/\/legacy.colt.net\/#\/schema\/logo\/image\/"},"sameAs":["https:\/\/www.facebook.com\/ColtTechnologyServices\/","https:\/\/x.com\/colt_technology","https:\/\/www.instagram.com\/colttechnologyservices\/","https:\/\/www.linkedin.com\/company\/colt-technology-services","https:\/\/www.youtube.com\/user\/ColtTechnology"]}]}},"_links":{"self":[{"href":"https:\/\/legacy.colt.net\/fr\/wp-json\/wp\/v2\/pages\/99858","targetHints":{"allow":["GET"]}}],"collection":[{"href":"https:\/\/legacy.colt.net\/fr\/wp-json\/wp\/v2\/pages"}],"about":[{"href":"https:\/\/legacy.colt.net\/fr\/wp-json\/wp\/v2\/types\/page"}],"author":[{"embeddable":true,"href":"https:\/\/legacy.colt.net\/fr\/wp-json\/wp\/v2\/users\/2"}],"replies":[{"embeddable":true,"href":"https:\/\/legacy.colt.net\/fr\/wp-json\/wp\/v2\/comments?post=99858"}],"version-history":[{"count":0,"href":"https:\/\/legacy.colt.net\/fr\/wp-json\/wp\/v2\/pages\/99858\/revisions"}],"up":[{"embeddable":true,"href":"https:\/\/legacy.colt.net\/fr\/wp-json\/wp\/v2\/pages\/34336"}],"wp:attachment":[{"href":"https:\/\/legacy.colt.net\/fr\/wp-json\/wp\/v2\/media?parent=99858"}],"wp:term":[{"taxonomy":"colt_type","embeddable":true,"href":"https:\/\/legacy.colt.net\/fr\/wp-json\/wp\/v2\/colt_type?post=99858"},{"taxonomy":"colt_products","embeddable":true,"href":"https:\/\/legacy.colt.net\/fr\/wp-json\/wp\/v2\/colt_products?post=99858"}],"curies":[{"name":"wp","href":"https:\/\/api.w.org\/{rel}","templated":true}]}}