{"id":92599,"date":"2021-03-11T11:44:23","date_gmt":"2021-03-11T11:44:23","guid":{"rendered":"https:\/\/www.colt.net\/?page_id=92599"},"modified":"2022-11-02T13:34:25","modified_gmt":"2022-11-02T13:34:25","slug":"other","status":"publish","type":"page","link":"https:\/\/legacy.colt.net\/fr\/contact-us\/other\/","title":{"rendered":"Autres Contacts"},"content":{"rendered":"\n\n\t<nav class=\"breadcrumb\"><span><span><a href=\"https:\/\/legacy.colt.net\/fr\/\">Home<\/a><\/span><\/span><\/nav>\n\t\t\t<a href=\"https:\/\/legacy.colt.net\/contact-us\/\" target=\"_self\" role=\"button\" rel=\"noopener\">\n\t\t\t\t\t\t\tService commercial\n\t\t\t\t\t<\/a>\n\t\t\t<a href=\"https:\/\/legacy.colt.net\/support\/\" target=\"_self\" role=\"button\" rel=\"noopener\">\n\t\t\t\t\t\t\tAssistance\n\t\t\t\t\t<\/a>\n\t\t\t<a href=\"https:\/\/legacy.colt.net\/fr\/contact-us\/local-offices\/\" target=\"_self\" role=\"button\" rel=\"noopener\">\n\t\t\t\t\t\t\tTrouvez un bureau local\n\t\t\t\t\t<\/a>\n\t\t\t<a href=\"#\" target=\"_self\" role=\"button\" rel=\"noopener\">\n\t\t\t\t\t\t\tAutres\n\t\t\t\t\t<\/a>\n<h2>\n\t\tAutres contacts\n\t<\/h2>\n\t\t\t\t\t\t<h4 tabindex=\"0\">Travailler chez Colt<\/h4>\n<p>Consultez notre site sur les carri\u00e8res personnalis\u00e9es pour en savoir plus sur les carri\u00e8res dans la vente, les programmes d&#8217;\u00e9tudes sup\u00e9rieures et l&#8217;apprentissage.<\/p>\n<p><strong><a href=\"https:\/\/careers.colt.net\/\">Visitez notre portail carri\u00e8re<\/a><\/strong><\/p>\n\t\t\t\t\t\t<h4 tabindex=\"0\">Carri\u00e8res<\/h4>\n\t\t\t<p>See our custom careers site to find out about careers in sales, graduate programmes &amp; apprenticeships.<\/p>\n<p><a href=\"https:\/\/careers.colt.net\/\">Visit our careers portal<\/a><\/p>\n\t\t\t\t\t\t<h4 tabindex=\"0\">Les march\u00e9s de capitaux<\/h4>\n\t\t\t<p><strong>Global\/ EMEA<\/strong> &#8211; Matthew Reinholds <a href=\"tel: +442078635409\">+442078635409<\/a><\/p>\n<p><strong>US<\/strong>\u00a0&#8211; John Sullivan:\u00a0<a href=\"tel: +1 2017880966\">+1 2017880966<\/a><\/p>\n<p><strong>Asia<\/strong>\u00a0&#8211; James Hardcastle:\u00a0<a href=\"tel: +852-6131-3723\">+852-6131-3723<\/a><\/p>\n<p><strong>Email:<\/strong>\u00a0<a href=\"mailto:CapitalMarkets@colt.net\">CapitalMarkets@colt.net<\/a><\/p>\n\t\t\t\t\t\t<h4 tabindex=\"0\">Colt Online<\/h4>\n\t\t\t<p>Avec Colt Online, g\u00e9rez sans stress vos services Colt, commandes, factures, et tickets, via un portail unique<\/p>\n<p><a href=\"https:\/\/prodidm.colt.net\/nidp\/idff\/sso?id=156&amp;sid=1&amp;option=credential&amp;sid=1&amp;target=https:\/\/online.colt.net\/\">Visit Colt Online<\/a><\/p>\n\t\t\t\t\t\t<h4 tabindex=\"0\">Relations avec la presse et les analystes<\/h4>\n\t\t\t<p>Pour toute demande presse ou analyste merci de contacter:<\/p>\n<p><strong>Robert Ba,<\/strong>\u00a0Sp\u00e9cialiste RP<br \/>T\u00e9l\u00e9phoner: +33 (0)1 70 99 58 02 \/ +33 (0)6 61 36 91 10<br \/><a href=\"mailto:robert.ba@colt.net\">Envoyer un email: robert.ba@colt.net<\/a><\/p>\n<p><strong>Anne Amlot<br \/><\/strong>+447899 950730<br \/><a href=\"mailto:Anne.amlot@colt.net\" target=\"_blank\" rel=\"noopener noreferrer\" data-auth=\"NotApplicable\" data-safelink=\"true\" data-linkindex=\"1\">Anne.amlot@colt.net<\/a><\/p>\n\t\t\t\t\t\t<h4 tabindex=\"0\">R\u00e8glement g\u00e9n\u00e9ral sur la protection des donn\u00e9es (RGPD)<\/h4>\n\t\t\tNous prenons la confidentialit\u00e9 de vos donn\u00e9es au s\u00e9rieux et ne collectons que les informations que vous avez consenti \u00e0 nous fournir et qui sont pertinentes pour votre communication avec nous. Dans cette section, d\u00e9couvrez comment nous collectons vos donn\u00e9es, ce que nous faisons avec les cookies et comment vous pouvez modifier vos pr\u00e9f\u00e9rences.<br \/><a href=\"https:\/\/legacy.colt.net\/fr\/legal\/data-privacy\/\">En savoir plus&#8230;<\/a>\n\t\t\t\t\t\t<h4 tabindex=\"0\">R\u00e9clamations<\/h4>\n\t\t\t<p>Si vous avez \u00e0 vous plaindre quant \u00e0 un aspect quelconque de votre service, vous pouvez contacter Colt par l&#8217;une des m\u00e9thodes suivantes :<\/p>\n<p>Veuillez indiquer les informations suivantes :<\/p>\n<ul>\n<li>Les motifs principaux de votre plainte<\/li>\n<li>Votre num\u00e9ro de compte ou de circuit Colt (clients Colt existants uniquement) ; et<\/li>\n<li>Votre nom et votre num\u00e9ro de t\u00e9l\u00e9phone.<\/li>\n<\/ul>\n<p><a href=\"https:\/\/legacy.colt.net\/fr\/complaints\/\">Comment nous contacter<\/a><\/p>\n\t\t\t\t\t\t<h4 tabindex=\"0\">Plaintes concernant les services voix<\/h4>\n\t\t\t<p>Si vous avez re\u00e7u des appels ind\u00e9sirables ou si votre num\u00e9ro est usurp\u00e9, bloqu\u00e9 ou \u00e9tiquet\u00e9 comme potentiel spam, veuillez nous contacter \u00e0 l&#8217;adresse\u00a0<b><a id=\"LPlnk578990\" href=\"mailto:consumer@colt.net\" target=\"_blank\" rel=\"noopener noreferrer\" data-auth=\"NotApplicable\" data-linkindex=\"0\">consumer@colt.net<\/a><\/b>. Pour une collaboration rapide et efficace, n&#8217;oubliez pas de nous fournir vos coordonn\u00e9es compl\u00e8tes et une description d\u00e9taill\u00e9e du probl\u00e8me que vous avez rencontr\u00e9.<\/p>\n\n","protected":false},"excerpt":{"rendered":"<p>Service commercial Assistance Trouvez un bureau local Autres Autres contacts Travailler chez Colt Consultez notre site sur les carri\u00e8res personnalis\u00e9es pour en savoir plus sur les carri\u00e8res dans la vente, les programmes d&#8217;\u00e9tudes sup\u00e9rieures et l&#8217;apprentissage. Visitez notre portail carri\u00e8re Carri\u00e8res See our custom careers site to find out about careers in sales, graduate programmes&#8230;<\/p>\n","protected":false},"author":2,"featured_media":0,"parent":34502,"menu_order":0,"comment_status":"closed","ping_status":"closed","template":"","meta":{"_acf_changed":false,"footnotes":""},"colt_type":[],"colt_products":[],"class_list":["post-92599","page","type-page","status-publish","hentry"],"acf":[],"yoast_head":"<!-- This site is optimized with the Yoast SEO plugin v26.8 - https:\/\/yoast.com\/product\/yoast-seo-wordpress\/ -->\n<title>Autres Contacts - Colt Technology Services<\/title>\n<meta name=\"description\" content=\"Autres Contacts Colt Technology Services\" \/>\n<meta name=\"robots\" content=\"noindex, follow, max-snippet:-1, max-image-preview:large, max-video-preview:-1\" \/>\n<meta property=\"og:locale\" content=\"fr_FR\" \/>\n<meta property=\"og:type\" content=\"article\" \/>\n<meta property=\"og:title\" content=\"Autres Contacts - Colt Technology Services\" \/>\n<meta property=\"og:description\" content=\"Autres Contacts Colt Technology Services\" \/>\n<meta property=\"og:url\" content=\"https:\/\/legacy.colt.net\/fr\/contact-us\/other\/\" \/>\n<meta property=\"og:site_name\" content=\"Colt Technology Services\" \/>\n<meta property=\"article:publisher\" content=\"https:\/\/www.facebook.com\/ColtTechnologyServices\/\" \/>\n<meta property=\"article:modified_time\" content=\"2022-11-02T13:34:25+00:00\" \/>\n<meta property=\"og:image\" content=\"https:\/\/legacy.colt.net\/wp-content\/uploads\/2021\/01\/Brand-2021-Stock-28.jpg\" \/>\n\t<meta property=\"og:image:width\" content=\"1000\" \/>\n\t<meta property=\"og:image:height\" content=\"667\" \/>\n\t<meta property=\"og:image:type\" content=\"image\/jpeg\" \/>\n<meta name=\"twitter:card\" content=\"summary_large_image\" \/>\n<meta name=\"twitter:site\" content=\"@colt_technology\" \/>\n<meta name=\"twitter:label1\" content=\"Est. reading time\" \/>\n\t<meta name=\"twitter:data1\" content=\"2 minutes\" \/>\n<script type=\"application\/ld+json\" class=\"yoast-schema-graph\">{\"@context\":\"https:\/\/schema.org\",\"@graph\":[{\"@type\":\"WebPage\",\"@id\":\"https:\/\/legacy.colt.net\/fr\/contact-us\/other\/\",\"url\":\"https:\/\/legacy.colt.net\/fr\/contact-us\/other\/\",\"name\":\"Autres Contacts - Colt Technology Services\",\"isPartOf\":{\"@id\":\"https:\/\/legacy.colt.net\/#website\"},\"datePublished\":\"2021-03-11T11:44:23+00:00\",\"dateModified\":\"2022-11-02T13:34:25+00:00\",\"description\":\"Autres Contacts Colt Technology Services\",\"breadcrumb\":{\"@id\":\"https:\/\/legacy.colt.net\/fr\/contact-us\/other\/#breadcrumb\"},\"inLanguage\":\"fr-FR\",\"potentialAction\":[{\"@type\":\"ReadAction\",\"target\":[\"https:\/\/legacy.colt.net\/fr\/contact-us\/other\/\"]}]},{\"@type\":\"BreadcrumbList\",\"@id\":\"https:\/\/legacy.colt.net\/fr\/contact-us\/other\/#breadcrumb\",\"itemListElement\":[{\"@type\":\"ListItem\",\"position\":1,\"name\":\"Home\",\"item\":\"https:\/\/legacy.colt.net\/fr\/\"},{\"@type\":\"ListItem\",\"position\":2,\"name\":\"Contactez-nous\",\"item\":\"https:\/\/legacy.colt.net\/fr\/contact-us\/\"},{\"@type\":\"ListItem\",\"position\":3,\"name\":\"Autres Contacts\"}]},{\"@type\":\"WebSite\",\"@id\":\"https:\/\/legacy.colt.net\/#website\",\"url\":\"https:\/\/legacy.colt.net\/\",\"name\":\"Colt\u30c6\u30af\u30ce\u30ed\u30b8\u30fc\u30b5\u30fc\u30d3\u30b9\u682a\u5f0f\u4f1a\u793e\",\"description\":\"Managed Network &amp; Voice Services Provider\",\"publisher\":{\"@id\":\"https:\/\/legacy.colt.net\/#organization\"},\"potentialAction\":[{\"@type\":\"SearchAction\",\"target\":{\"@type\":\"EntryPoint\",\"urlTemplate\":\"https:\/\/legacy.colt.net\/?s={search_term_string}\"},\"query-input\":{\"@type\":\"PropertyValueSpecification\",\"valueRequired\":true,\"valueName\":\"search_term_string\"}}],\"inLanguage\":\"fr-FR\"},{\"@type\":\"Organization\",\"@id\":\"https:\/\/legacy.colt.net\/#organization\",\"name\":\"Colt Technology Services\",\"url\":\"https:\/\/legacy.colt.net\/\",\"logo\":{\"@type\":\"ImageObject\",\"inLanguage\":\"fr-FR\",\"@id\":\"https:\/\/legacy.colt.net\/#\/schema\/logo\/image\/\",\"url\":\"https:\/\/legacy.colt.net\/wp-content\/uploads\/2019\/02\/Colt-Logo.png\",\"contentUrl\":\"https:\/\/legacy.colt.net\/wp-content\/uploads\/2019\/02\/Colt-Logo.png\",\"width\":195,\"height\":77,\"caption\":\"Colt Technology Services\"},\"image\":{\"@id\":\"https:\/\/legacy.colt.net\/#\/schema\/logo\/image\/\"},\"sameAs\":[\"https:\/\/www.facebook.com\/ColtTechnologyServices\/\",\"https:\/\/x.com\/colt_technology\",\"https:\/\/www.instagram.com\/colttechnologyservices\/\",\"https:\/\/www.linkedin.com\/company\/colt-technology-services\",\"https:\/\/www.youtube.com\/user\/ColtTechnology\"]}]}<\/script>\n<!-- \/ Yoast SEO plugin. -->","yoast_head_json":{"title":"Autres Contacts - Colt Technology Services","description":"Autres Contacts Colt Technology Services","robots":{"index":"noindex","follow":"follow","max-snippet":"max-snippet:-1","max-image-preview":"max-image-preview:large","max-video-preview":"max-video-preview:-1"},"og_locale":"fr_FR","og_type":"article","og_title":"Autres Contacts - Colt Technology Services","og_description":"Autres Contacts Colt Technology Services","og_url":"https:\/\/legacy.colt.net\/fr\/contact-us\/other\/","og_site_name":"Colt Technology Services","article_publisher":"https:\/\/www.facebook.com\/ColtTechnologyServices\/","article_modified_time":"2022-11-02T13:34:25+00:00","og_image":[{"width":1000,"height":667,"url":"https:\/\/legacy.colt.net\/wp-content\/uploads\/2021\/01\/Brand-2021-Stock-28.jpg","type":"image\/jpeg"}],"twitter_card":"summary_large_image","twitter_site":"@colt_technology","twitter_misc":{"Est. reading time":"2 minutes"},"schema":{"@context":"https:\/\/schema.org","@graph":[{"@type":"WebPage","@id":"https:\/\/legacy.colt.net\/fr\/contact-us\/other\/","url":"https:\/\/legacy.colt.net\/fr\/contact-us\/other\/","name":"Autres Contacts - Colt Technology Services","isPartOf":{"@id":"https:\/\/legacy.colt.net\/#website"},"datePublished":"2021-03-11T11:44:23+00:00","dateModified":"2022-11-02T13:34:25+00:00","description":"Autres Contacts Colt Technology Services","breadcrumb":{"@id":"https:\/\/legacy.colt.net\/fr\/contact-us\/other\/#breadcrumb"},"inLanguage":"fr-FR","potentialAction":[{"@type":"ReadAction","target":["https:\/\/legacy.colt.net\/fr\/contact-us\/other\/"]}]},{"@type":"BreadcrumbList","@id":"https:\/\/legacy.colt.net\/fr\/contact-us\/other\/#breadcrumb","itemListElement":[{"@type":"ListItem","position":1,"name":"Home","item":"https:\/\/legacy.colt.net\/fr\/"},{"@type":"ListItem","position":2,"name":"Contactez-nous","item":"https:\/\/legacy.colt.net\/fr\/contact-us\/"},{"@type":"ListItem","position":3,"name":"Autres Contacts"}]},{"@type":"WebSite","@id":"https:\/\/legacy.colt.net\/#website","url":"https:\/\/legacy.colt.net\/","name":"Colt\u30c6\u30af\u30ce\u30ed\u30b8\u30fc\u30b5\u30fc\u30d3\u30b9\u682a\u5f0f\u4f1a\u793e","description":"Managed Network &amp; Voice Services Provider","publisher":{"@id":"https:\/\/legacy.colt.net\/#organization"},"potentialAction":[{"@type":"SearchAction","target":{"@type":"EntryPoint","urlTemplate":"https:\/\/legacy.colt.net\/?s={search_term_string}"},"query-input":{"@type":"PropertyValueSpecification","valueRequired":true,"valueName":"search_term_string"}}],"inLanguage":"fr-FR"},{"@type":"Organization","@id":"https:\/\/legacy.colt.net\/#organization","name":"Colt Technology Services","url":"https:\/\/legacy.colt.net\/","logo":{"@type":"ImageObject","inLanguage":"fr-FR","@id":"https:\/\/legacy.colt.net\/#\/schema\/logo\/image\/","url":"https:\/\/legacy.colt.net\/wp-content\/uploads\/2019\/02\/Colt-Logo.png","contentUrl":"https:\/\/legacy.colt.net\/wp-content\/uploads\/2019\/02\/Colt-Logo.png","width":195,"height":77,"caption":"Colt Technology Services"},"image":{"@id":"https:\/\/legacy.colt.net\/#\/schema\/logo\/image\/"},"sameAs":["https:\/\/www.facebook.com\/ColtTechnologyServices\/","https:\/\/x.com\/colt_technology","https:\/\/www.instagram.com\/colttechnologyservices\/","https:\/\/www.linkedin.com\/company\/colt-technology-services","https:\/\/www.youtube.com\/user\/ColtTechnology"]}]}},"_links":{"self":[{"href":"https:\/\/legacy.colt.net\/fr\/wp-json\/wp\/v2\/pages\/92599","targetHints":{"allow":["GET"]}}],"collection":[{"href":"https:\/\/legacy.colt.net\/fr\/wp-json\/wp\/v2\/pages"}],"about":[{"href":"https:\/\/legacy.colt.net\/fr\/wp-json\/wp\/v2\/types\/page"}],"author":[{"embeddable":true,"href":"https:\/\/legacy.colt.net\/fr\/wp-json\/wp\/v2\/users\/2"}],"replies":[{"embeddable":true,"href":"https:\/\/legacy.colt.net\/fr\/wp-json\/wp\/v2\/comments?post=92599"}],"version-history":[{"count":0,"href":"https:\/\/legacy.colt.net\/fr\/wp-json\/wp\/v2\/pages\/92599\/revisions"}],"up":[{"embeddable":true,"href":"https:\/\/legacy.colt.net\/fr\/wp-json\/wp\/v2\/pages\/34502"}],"wp:attachment":[{"href":"https:\/\/legacy.colt.net\/fr\/wp-json\/wp\/v2\/media?parent=92599"}],"wp:term":[{"taxonomy":"colt_type","embeddable":true,"href":"https:\/\/legacy.colt.net\/fr\/wp-json\/wp\/v2\/colt_type?post=92599"},{"taxonomy":"colt_products","embeddable":true,"href":"https:\/\/legacy.colt.net\/fr\/wp-json\/wp\/v2\/colt_products?post=92599"}],"curies":[{"name":"wp","href":"https:\/\/api.w.org\/{rel}","templated":true}]}}