{"id":91300,"date":"2020-06-16T12:00:14","date_gmt":"2020-06-16T11:00:14","guid":{"rendered":"https:\/\/www.colt.net\/capital-markets\/our-expertise\/"},"modified":"2021-02-18T18:03:06","modified_gmt":"2021-02-18T18:03:06","slug":"our-expertise","status":"publish","type":"page","link":"https:\/\/legacy.colt.net\/fr\/solutions\/capital-markets\/our-expertise\/","title":{"rendered":"Notre expertise"},"content":{"rendered":"\n<h1>\n\t<\/h1>\n<h2>\n\t\tServices pour le march\u00e9 des capitaux\n\t<\/h2>\n\t<nav class=\"breadcrumb\"><span><span><a href=\"https:\/\/legacy.colt.net\/fr\/\">Home<\/a><\/span><\/span><\/nav>\n\t\t\t<a href=\"#hs-chat-open\" target=\"_self\" role=\"button\" rel=\"noopener noreferrer\">\n\t\t\t\t\t\tChat with us\n\t\t\t\t\t<\/a>\n\t\t\t<p>[hubspot type=form portal=344164 id=95cdc295-a909-4b43-8e3d-6c03d6bf042e]<\/p>\n\t\t\t<a href=\"void(0)\" target=\"_self\" rel=\"noopener noreferrer\">\n\t\t\t\t\t\t\t\t\t\t\tContactez nous\n\t\t<\/a>\n\t\t\t<a href=\"https:\/\/legacy.colt.net\/product\/prizmnet-portal\/\" target=\"_self\" role=\"button\" rel=\"noopener noreferrer\">\n\t\t\t\t\t\tPrizmNet demo\n\t\t\t\t\t<\/a>\n<h3>\n\t\tLorsque chaque milliseconde compte, les banques du monde entier, les fonds de couverture et les soci\u00e9t\u00e9s de n\u00e9goce font confiance \u00e0 Colt pour b\u00e9n\u00e9ficier de temps de latence minimes.\n\t<\/h3>\n\t<p>Le r\u00e9seau Colt IQ d\u00e9di\u00e9 aux march\u00e9s de capitaux assure une connectivit\u00e9 rapide et s\u00e9curis\u00e9e entre les principales places boursi\u00e8res et salles de march\u00e9 de la plan\u00e8te. Notre r\u00e9seau compte plus de 50 routes uniques \u00e0 faible latence, parmi lesquelles nos liaisons \u00e0 latence ultra-faible entre l&#8217;Europe et l&#8217;Asie. Nous connectons plus de 50 places boursi\u00e8res sur quatre continents et vous accompagnons partout o\u00f9 vous faites des affaires.<\/p>\n<h3>\n\t\tUne assistance d\u00e9di\u00e9e\n\t<\/h3>\n\t<p>Sur les march\u00e9s de capitaux, nos clients souhaitent b\u00e9n\u00e9ficier d&#8217;un service exceptionnel avec un acc\u00e8s garanti aux march\u00e9s internationaux. Notre \u00e9quipe d\u00e9di\u00e9e au d\u00e9veloppement de logiciels pour les march\u00e9s de capitaux (CMSD &#8211; Capital Market Software Development) propose un haut niveau d&#8217;assistance technique pour nos produits de connectivit\u00e9, data centres et solutions, l&#8217;essentiel du support \u00e9tant d\u00e9di\u00e9 aux services r\u00e9seau.<\/p>\n<p>L&#8217;\u00e9quipe CMSD d\u00e9tient et contr\u00f4le l&#8217;infrastructure sous-jacente, de la fibre souterraine aux technologies optiques superpos\u00e9es, offrant aux entreprises des accords d&#8217;engagement de service (SLA) de bout en bout d\u00e9di\u00e9s.<\/p>\n\t\t\t\t<img loading=\"lazy\" decoding=\"async\" src=\"https:\/\/legacy.colt.net\/wp-content\/uploads\/2021\/01\/Brand-2021-Stock-20.jpg\" alt=\"Programmers working cooperating at IT company developing apps\" itemprop=\"image\" height=\"652\" width=\"1000\" title=\"Programmers cooperating at IT company developing apps\" onerror=\"this.style.display='none'\"  \/>\n\t\t\t\t<img loading=\"lazy\" decoding=\"async\" src=\"https:\/\/legacy.colt.net\/wp-content\/uploads\/2021\/01\/Brand-2021-Stock-3.jpg\" alt=\"Business Meeting in a Conference Room\" itemprop=\"image\" height=\"667\" width=\"1000\" title=\"Business Meeting in a Conference Room\" onerror=\"this.style.display='none'\"  \/>\n<h3>\n\t\t\u00c9quipe de d\u00e9veloppement de logiciels\n\t<\/h3>\n\t<p>L&#8217;\u00e9quipe en charge du d\u00e9veloppement de logiciels pour les march\u00e9s de capitaux (CSMD) d\u00e9veloppe des outils et des services centr\u00e9s sur les donn\u00e9es financi\u00e8res (normalis\u00e9es). Les capacit\u00e9s de cette \u00e9quipe sont les suivantes : service logiciel h\u00e9berg\u00e9 MPP pour la normalisation des flux au format MPP ; normalisation et distribution par Colo ; distribution multicast ; donn\u00e9es normalis\u00e9es MPP obtenues via une interface API unique ; aide au d\u00e9veloppement local en Asie ; donn\u00e9es sans perte ; normalisation ; contr\u00f4le qualit\u00e9 des donn\u00e9es ; et service manag\u00e9 tout-en-un.<\/p>\n<h3>\n\t\tGestion du service\n\t<\/h3>\n\t<p>Avec Colt, vous disposez d&#8217;un unique interlocuteur pour superviser de mani\u00e8re proactive le cycle de vie de vos services et contrats, ce qui vous permet de consacrer tous vos efforts \u00e0 votre c\u0153ur de m\u00e9tier et non \u00e0 des t\u00e2ches administratives.<\/p>\n<p>Colt met tout en \u0153uvre pour bien comprendre les activit\u00e9s de ses clients dans l&#8217;optique d&#8217;anticiper et r\u00e9pondre de mani\u00e8re proactive \u00e0 leurs nouveaux besoins &#8211; notamment sur les march\u00e9s financiers &#8211; en augmentant la fiabilit\u00e9 de ses services, en minimisant les risques, en \u00e9vitant les pannes et en contr\u00f4lant les r\u00e9sultats.<\/p>\n\t\t\t\t<img loading=\"lazy\" decoding=\"async\" src=\"https:\/\/legacy.colt.net\/wp-content\/uploads\/2021\/01\/Brand-2021-Stock-2.jpg\" alt=\"Female IT Engineer Working in Server Room\" itemprop=\"image\" height=\"676\" width=\"1000\" title=\"server room\" onerror=\"this.style.display='none'\"  \/>\n\t\t\t\t<img loading=\"lazy\" decoding=\"async\" src=\"https:\/\/legacy.colt.net\/wp-content\/uploads\/2021\/01\/Brand-2021-Stock-41.jpg\" alt=\"Multi-ethnic business people discussing at desk in office\" itemprop=\"image\" height=\"667\" width=\"1000\" title=\"Business people discussing in office\" onerror=\"this.style.display='none'\"  \/>\n<h3>\n\t\tVente de solutions\n\t<\/h3>\n\t<p>Collectivement, notre \u00e9quipe affiche une solide exp\u00e9rience dans des domaines aussi vari\u00e9s que les solutions concernant les donn\u00e9es de march\u00e9, les transactions sur titres \u00e0 revenu fixe, les syst\u00e8mes de n\u00e9gociation multi-actifs ou le suivi des transactions et des ex\u00e9cutions, toujours dans le cadre d&#8217;\u00e9cosyst\u00e8mes de n\u00e9gociation avanc\u00e9s.<\/p>\n<p>L&#8217;\u00e9quipe totalise plusieurs d\u00e9cennies d&#8217;exp\u00e9rience et fournit aux clients de Colt une connaissance approfondie de leurs exigences dans le cadre du processus de n\u00e9gociations, ainsi que des solutions con\u00e7ues pour r\u00e9pondre \u00e0 des exigences sp\u00e9cifiques, que ce soit au sein d&#8217;un site de colocation h\u00e9berg\u00e9 dans une place boursi\u00e8re ou aux diff\u00e9rents niveaux d&#8217;une infrastructure mondiale distribu\u00e9e.<\/p>\n<h1>\n\t\tV\u00e9rificateur de disponibilit\u00e9 de la fibre\n\t<\/h1>\n\t<strong>V\u00e9rifiez votre connectivit\u00e9 au r\u00e9seau Colt IQ<br \/>\n<\/strong>\n\t\t\t<a href=\"https:\/\/legacy.colt.net\/fr\/colt-network-map\/\" target=\"_self\" role=\"button\" rel=\"noopener noreferrer\">\n\t\t\t\t\t\t\tV\u00e9rifier ma connectivit\u00e9\n\t\t\t\t\t<\/a>\n\n","protected":false},"excerpt":{"rendered":"<p>Services pour le march\u00e9 des capitaux Chat with us [hubspot type=form portal=344164 id=95cdc295-a909-4b43-8e3d-6c03d6bf042e] Contactez nous PrizmNet demo Lorsque chaque milliseconde compte, les banques du monde entier, les fonds de couverture et les soci\u00e9t\u00e9s de n\u00e9goce font confiance \u00e0 Colt pour b\u00e9n\u00e9ficier de temps de latence minimes. Le r\u00e9seau Colt IQ d\u00e9di\u00e9 aux march\u00e9s de capitaux&#8230;<\/p>\n","protected":false},"author":2,"featured_media":0,"parent":34302,"menu_order":0,"comment_status":"closed","ping_status":"closed","template":"","meta":{"_acf_changed":false,"footnotes":""},"colt_type":[],"colt_products":[],"class_list":["post-91300","page","type-page","status-publish","hentry"],"acf":[],"yoast_head":"<!-- This site is optimized with the Yoast SEO plugin v26.8 - https:\/\/yoast.com\/product\/yoast-seo-wordpress\/ -->\n<title>Notre expertise - Colt Technology Services<\/title>\n<meta name=\"description\" content=\"Notre expertise Colt Technology Services\" \/>\n<meta name=\"robots\" content=\"noindex, follow, max-snippet:-1, max-image-preview:large, max-video-preview:-1\" \/>\n<meta property=\"og:locale\" content=\"fr_FR\" \/>\n<meta property=\"og:type\" content=\"article\" \/>\n<meta property=\"og:title\" content=\"Notre expertise - Colt Technology Services\" \/>\n<meta property=\"og:description\" content=\"Notre expertise Colt Technology Services\" \/>\n<meta property=\"og:url\" content=\"https:\/\/legacy.colt.net\/fr\/solutions\/capital-markets\/our-expertise\/\" \/>\n<meta property=\"og:site_name\" content=\"Colt Technology Services\" \/>\n<meta property=\"article:publisher\" content=\"https:\/\/www.facebook.com\/ColtTechnologyServices\/\" \/>\n<meta property=\"article:modified_time\" content=\"2021-02-18T18:03:06+00:00\" \/>\n<meta property=\"og:image\" content=\"https:\/\/legacy.colt.net\/wp-content\/uploads\/2021\/01\/Brand-2021-Stock-9-1.jpg\" \/>\n\t<meta property=\"og:image:width\" content=\"1000\" \/>\n\t<meta property=\"og:image:height\" content=\"667\" \/>\n\t<meta property=\"og:image:type\" content=\"image\/jpeg\" \/>\n<meta name=\"twitter:card\" content=\"summary_large_image\" \/>\n<meta name=\"twitter:site\" content=\"@colt_technology\" \/>\n<meta name=\"twitter:label1\" content=\"Est. reading time\" \/>\n\t<meta name=\"twitter:data1\" content=\"3 minutes\" \/>\n<script type=\"application\/ld+json\" class=\"yoast-schema-graph\">{\"@context\":\"https:\/\/schema.org\",\"@graph\":[{\"@type\":\"WebPage\",\"@id\":\"https:\/\/legacy.colt.net\/fr\/solutions\/capital-markets\/our-expertise\/\",\"url\":\"https:\/\/legacy.colt.net\/fr\/solutions\/capital-markets\/our-expertise\/\",\"name\":\"Notre expertise - Colt Technology Services\",\"isPartOf\":{\"@id\":\"https:\/\/legacy.colt.net\/#website\"},\"primaryImageOfPage\":{\"@id\":\"https:\/\/legacy.colt.net\/fr\/solutions\/capital-markets\/our-expertise\/#primaryimage\"},\"image\":{\"@id\":\"https:\/\/legacy.colt.net\/fr\/solutions\/capital-markets\/our-expertise\/#primaryimage\"},\"thumbnailUrl\":\"https:\/\/legacy.colt.net\/wp-content\/uploads\/2021\/01\/Brand-2021-Stock-20.jpg\",\"datePublished\":\"2020-06-16T11:00:14+00:00\",\"dateModified\":\"2021-02-18T18:03:06+00:00\",\"description\":\"Notre expertise Colt Technology Services\",\"breadcrumb\":{\"@id\":\"https:\/\/legacy.colt.net\/fr\/solutions\/capital-markets\/our-expertise\/#breadcrumb\"},\"inLanguage\":\"fr-FR\",\"potentialAction\":[{\"@type\":\"ReadAction\",\"target\":[\"https:\/\/legacy.colt.net\/fr\/solutions\/capital-markets\/our-expertise\/\"]}]},{\"@type\":\"ImageObject\",\"inLanguage\":\"fr-FR\",\"@id\":\"https:\/\/legacy.colt.net\/fr\/solutions\/capital-markets\/our-expertise\/#primaryimage\",\"url\":\"https:\/\/legacy.colt.net\/wp-content\/uploads\/2021\/01\/Brand-2021-Stock-20.jpg\",\"contentUrl\":\"https:\/\/legacy.colt.net\/wp-content\/uploads\/2021\/01\/Brand-2021-Stock-20.jpg\"},{\"@type\":\"BreadcrumbList\",\"@id\":\"https:\/\/legacy.colt.net\/fr\/solutions\/capital-markets\/our-expertise\/#breadcrumb\",\"itemListElement\":[{\"@type\":\"ListItem\",\"position\":1,\"name\":\"Home\",\"item\":\"https:\/\/legacy.colt.net\/fr\/\"},{\"@type\":\"ListItem\",\"position\":2,\"name\":\"Solutions\",\"item\":\"https:\/\/legacy.colt.net\/fr\/solutions\/\"},{\"@type\":\"ListItem\",\"position\":3,\"name\":\"March\u00e9s de capitaux\",\"item\":\"https:\/\/legacy.colt.net\/fr\/solutions\/capital-markets\/\"},{\"@type\":\"ListItem\",\"position\":4,\"name\":\"Notre expertise\"}]},{\"@type\":\"WebSite\",\"@id\":\"https:\/\/legacy.colt.net\/#website\",\"url\":\"https:\/\/legacy.colt.net\/\",\"name\":\"Colt\u30c6\u30af\u30ce\u30ed\u30b8\u30fc\u30b5\u30fc\u30d3\u30b9\u682a\u5f0f\u4f1a\u793e\",\"description\":\"Managed Network &amp; Voice Services Provider\",\"publisher\":{\"@id\":\"https:\/\/legacy.colt.net\/#organization\"},\"potentialAction\":[{\"@type\":\"SearchAction\",\"target\":{\"@type\":\"EntryPoint\",\"urlTemplate\":\"https:\/\/legacy.colt.net\/?s={search_term_string}\"},\"query-input\":{\"@type\":\"PropertyValueSpecification\",\"valueRequired\":true,\"valueName\":\"search_term_string\"}}],\"inLanguage\":\"fr-FR\"},{\"@type\":\"Organization\",\"@id\":\"https:\/\/legacy.colt.net\/#organization\",\"name\":\"Colt Technology Services\",\"url\":\"https:\/\/legacy.colt.net\/\",\"logo\":{\"@type\":\"ImageObject\",\"inLanguage\":\"fr-FR\",\"@id\":\"https:\/\/legacy.colt.net\/#\/schema\/logo\/image\/\",\"url\":\"https:\/\/legacy.colt.net\/wp-content\/uploads\/2019\/02\/Colt-Logo.png\",\"contentUrl\":\"https:\/\/legacy.colt.net\/wp-content\/uploads\/2019\/02\/Colt-Logo.png\",\"width\":195,\"height\":77,\"caption\":\"Colt Technology Services\"},\"image\":{\"@id\":\"https:\/\/legacy.colt.net\/#\/schema\/logo\/image\/\"},\"sameAs\":[\"https:\/\/www.facebook.com\/ColtTechnologyServices\/\",\"https:\/\/x.com\/colt_technology\",\"https:\/\/www.instagram.com\/colttechnologyservices\/\",\"https:\/\/www.linkedin.com\/company\/colt-technology-services\",\"https:\/\/www.youtube.com\/user\/ColtTechnology\"]}]}<\/script>\n<!-- \/ Yoast SEO plugin. -->","yoast_head_json":{"title":"Notre expertise - Colt Technology Services","description":"Notre expertise Colt Technology Services","robots":{"index":"noindex","follow":"follow","max-snippet":"max-snippet:-1","max-image-preview":"max-image-preview:large","max-video-preview":"max-video-preview:-1"},"og_locale":"fr_FR","og_type":"article","og_title":"Notre expertise - Colt Technology Services","og_description":"Notre expertise Colt Technology Services","og_url":"https:\/\/legacy.colt.net\/fr\/solutions\/capital-markets\/our-expertise\/","og_site_name":"Colt Technology Services","article_publisher":"https:\/\/www.facebook.com\/ColtTechnologyServices\/","article_modified_time":"2021-02-18T18:03:06+00:00","og_image":[{"width":1000,"height":667,"url":"https:\/\/legacy.colt.net\/wp-content\/uploads\/2021\/01\/Brand-2021-Stock-9-1.jpg","type":"image\/jpeg"}],"twitter_card":"summary_large_image","twitter_site":"@colt_technology","twitter_misc":{"Est. reading time":"3 minutes"},"schema":{"@context":"https:\/\/schema.org","@graph":[{"@type":"WebPage","@id":"https:\/\/legacy.colt.net\/fr\/solutions\/capital-markets\/our-expertise\/","url":"https:\/\/legacy.colt.net\/fr\/solutions\/capital-markets\/our-expertise\/","name":"Notre expertise - Colt Technology Services","isPartOf":{"@id":"https:\/\/legacy.colt.net\/#website"},"primaryImageOfPage":{"@id":"https:\/\/legacy.colt.net\/fr\/solutions\/capital-markets\/our-expertise\/#primaryimage"},"image":{"@id":"https:\/\/legacy.colt.net\/fr\/solutions\/capital-markets\/our-expertise\/#primaryimage"},"thumbnailUrl":"https:\/\/legacy.colt.net\/wp-content\/uploads\/2021\/01\/Brand-2021-Stock-20.jpg","datePublished":"2020-06-16T11:00:14+00:00","dateModified":"2021-02-18T18:03:06+00:00","description":"Notre expertise Colt Technology Services","breadcrumb":{"@id":"https:\/\/legacy.colt.net\/fr\/solutions\/capital-markets\/our-expertise\/#breadcrumb"},"inLanguage":"fr-FR","potentialAction":[{"@type":"ReadAction","target":["https:\/\/legacy.colt.net\/fr\/solutions\/capital-markets\/our-expertise\/"]}]},{"@type":"ImageObject","inLanguage":"fr-FR","@id":"https:\/\/legacy.colt.net\/fr\/solutions\/capital-markets\/our-expertise\/#primaryimage","url":"https:\/\/legacy.colt.net\/wp-content\/uploads\/2021\/01\/Brand-2021-Stock-20.jpg","contentUrl":"https:\/\/legacy.colt.net\/wp-content\/uploads\/2021\/01\/Brand-2021-Stock-20.jpg"},{"@type":"BreadcrumbList","@id":"https:\/\/legacy.colt.net\/fr\/solutions\/capital-markets\/our-expertise\/#breadcrumb","itemListElement":[{"@type":"ListItem","position":1,"name":"Home","item":"https:\/\/legacy.colt.net\/fr\/"},{"@type":"ListItem","position":2,"name":"Solutions","item":"https:\/\/legacy.colt.net\/fr\/solutions\/"},{"@type":"ListItem","position":3,"name":"March\u00e9s de capitaux","item":"https:\/\/legacy.colt.net\/fr\/solutions\/capital-markets\/"},{"@type":"ListItem","position":4,"name":"Notre expertise"}]},{"@type":"WebSite","@id":"https:\/\/legacy.colt.net\/#website","url":"https:\/\/legacy.colt.net\/","name":"Colt\u30c6\u30af\u30ce\u30ed\u30b8\u30fc\u30b5\u30fc\u30d3\u30b9\u682a\u5f0f\u4f1a\u793e","description":"Managed Network &amp; Voice Services Provider","publisher":{"@id":"https:\/\/legacy.colt.net\/#organization"},"potentialAction":[{"@type":"SearchAction","target":{"@type":"EntryPoint","urlTemplate":"https:\/\/legacy.colt.net\/?s={search_term_string}"},"query-input":{"@type":"PropertyValueSpecification","valueRequired":true,"valueName":"search_term_string"}}],"inLanguage":"fr-FR"},{"@type":"Organization","@id":"https:\/\/legacy.colt.net\/#organization","name":"Colt Technology Services","url":"https:\/\/legacy.colt.net\/","logo":{"@type":"ImageObject","inLanguage":"fr-FR","@id":"https:\/\/legacy.colt.net\/#\/schema\/logo\/image\/","url":"https:\/\/legacy.colt.net\/wp-content\/uploads\/2019\/02\/Colt-Logo.png","contentUrl":"https:\/\/legacy.colt.net\/wp-content\/uploads\/2019\/02\/Colt-Logo.png","width":195,"height":77,"caption":"Colt Technology Services"},"image":{"@id":"https:\/\/legacy.colt.net\/#\/schema\/logo\/image\/"},"sameAs":["https:\/\/www.facebook.com\/ColtTechnologyServices\/","https:\/\/x.com\/colt_technology","https:\/\/www.instagram.com\/colttechnologyservices\/","https:\/\/www.linkedin.com\/company\/colt-technology-services","https:\/\/www.youtube.com\/user\/ColtTechnology"]}]}},"_links":{"self":[{"href":"https:\/\/legacy.colt.net\/fr\/wp-json\/wp\/v2\/pages\/91300","targetHints":{"allow":["GET"]}}],"collection":[{"href":"https:\/\/legacy.colt.net\/fr\/wp-json\/wp\/v2\/pages"}],"about":[{"href":"https:\/\/legacy.colt.net\/fr\/wp-json\/wp\/v2\/types\/page"}],"author":[{"embeddable":true,"href":"https:\/\/legacy.colt.net\/fr\/wp-json\/wp\/v2\/users\/2"}],"replies":[{"embeddable":true,"href":"https:\/\/legacy.colt.net\/fr\/wp-json\/wp\/v2\/comments?post=91300"}],"version-history":[{"count":0,"href":"https:\/\/legacy.colt.net\/fr\/wp-json\/wp\/v2\/pages\/91300\/revisions"}],"up":[{"embeddable":true,"href":"https:\/\/legacy.colt.net\/fr\/wp-json\/wp\/v2\/pages\/34302"}],"wp:attachment":[{"href":"https:\/\/legacy.colt.net\/fr\/wp-json\/wp\/v2\/media?parent=91300"}],"wp:term":[{"taxonomy":"colt_type","embeddable":true,"href":"https:\/\/legacy.colt.net\/fr\/wp-json\/wp\/v2\/colt_type?post=91300"},{"taxonomy":"colt_products","embeddable":true,"href":"https:\/\/legacy.colt.net\/fr\/wp-json\/wp\/v2\/colt_products?post=91300"}],"curies":[{"name":"wp","href":"https:\/\/api.w.org\/{rel}","templated":true}]}}