{"id":90411,"date":"2021-01-09T09:12:30","date_gmt":"2021-01-09T09:12:30","guid":{"rendered":"https:\/\/www.colt.net\/transform\/"},"modified":"2023-06-06T10:05:57","modified_gmt":"2023-06-06T09:05:57","slug":"transform","status":"publish","type":"page","link":"https:\/\/legacy.colt.net\/fr\/solutions\/transform\/","title":{"rendered":"Transformez votre lieu de travail num\u00e9rique"},"content":{"rendered":"\n<h1>\n\t\tConnect to the cloud\n\t<\/h1>\n<h2>\n\t\tVeillez \u00e0 la connectivit\u00e9 et \u00e0 la productivit\u00e9 de votre \u00e9quipe, \u00e0 tout moment et en tous lieux\n\t<\/h2>\n\t<nav class=\"breadcrumb\"><span><span><a href=\"https:\/\/legacy.colt.net\/fr\/\">Home<\/a><\/span><\/span><\/nav>\n<h2>\n\t\tQuels d\u00e9fis pour les entreprises modernes ?\n\t<\/h2>\n\t<p>La fa\u00e7on dont nous travaillons, ainsi que le lieu o\u00f9 nous exer\u00e7ons notre activit\u00e9, ont \u00e9volu\u00e9, quittant le classique bureau au profit du t\u00e9l\u00e9travail. Or, le d\u00e9veloppement de ce nouvel environnement professionnel n&#8217;est pas sans soulever certains d\u00e9fis pour les entreprises\u00a0:<\/p>\n<p><strong>1. Rendre possible le travail \u00e0 domicile<\/strong><\/p>\n<p>Alors que les employ\u00e9s sont contraints de travailler \u00e0 distance dans des conditions proches de celles dont ils disposent \u00ab\u00a0au bureau\u00a0\u00bb, de nombreuses entreprises peinent \u00e0 trouver une solution \u00e0 la fois durable rapidement d\u00e9ployable.<\/p>\n<strong> 2. Offrir des performances garanties<\/strong>\n<p>C&#8217;est un d\u00e9fi majeur du travail \u00e0 distance\u00a0: les entreprises ne ma\u00eetrisent plus la mani\u00e8re dont leurs employ\u00e9s se connectent en ligne, ce qui entra\u00eene de nombreux probl\u00e8mes de connectivit\u00e9 et de performances.<\/p>\n<strong> 3. Une solution adapt\u00e9e \u00e0 long terme<\/strong>\n<p>De nombreuses entreprises ont mis les bouch\u00e9es double pour trouver une solution permettant \u00e0 leurs salari\u00e9s de travailler \u00e0 domicile &#8211; une d\u00e9marche qui ne r\u00e9pond pas n\u00e9cessairement \u00e0 leurs v\u00e9ritables besoins et qui risque d&#8217;entra\u00eener des probl\u00e8mes \u00e0 longue \u00e9ch\u00e9ance.<\/p>\n\t\t\t\t<img loading=\"lazy\" decoding=\"async\" src=\"https:\/\/legacy.colt.net\/wp-content\/uploads\/2021\/01\/Transforming-your-digital-workplace.png\" alt=\"Transforming your digital workplace\" itemprop=\"image\" height=\"1125\" width=\"1000\" title=\"Transforming your digital workplace\" onerror=\"this.style.display='none'\"  \/>\n<h2>\n\t\tVotre partenaire de confiance pour la transformation num\u00e9rique\n\t<\/h2>\n\t<p>Colt est le partenaire id\u00e9al dont votre entreprise a besoin pour acc\u00e9l\u00e9rer la mise en place d&#8217;un environnement de travail num\u00e9rique et ma\u00eetriser le changement. Depuis pr\u00e8s de 30 ans, nous sommes convaincus qu&#8217;il est possible des transformer la fa\u00e7on dont le monde fonctionne gr\u00e2ce \u00e0 la puissance de la connectivit\u00e9\u00a0&#8211; une approche incontournable dans une soci\u00e9t\u00e9 num\u00e9rique.<\/p>\n\t<strong>Une offre compl\u00e8te<br \/>\n<\/strong>Il est parfois difficile de trouver un partenaire sur lequel votre entreprise peut compter pour prendre en charge ses services voix et r\u00e9seau. C&#8217;est pourquoi Colt propose une solution compl\u00e8te de A \u00e0 Z.\n\t<strong>Notre r\u00e9seau<br \/>\n<\/strong>Le r\u00e9seau Colt IQ est un r\u00e9seau intelligent optimis\u00e9 qui fonctionne au d\u00e9bit de 100\u00a0Gbits\/s et assure le bon fonctionnement de nos solutions vocales en s&#8217;appuyant sur l&#8217;infrastructure d\u00e9ploy\u00e9e dans plus de 30 pays.\n\t<strong>Innovation<br \/>\n<\/strong>Notre position de leader est solidement \u00e9tabli sur le march\u00e9 des solutions de virtualisation des fonctions r\u00e9seau (NFV) et des r\u00e9seaux d\u00e9finis par logiciel (SDN). En outre, l&#8217;exp\u00e9rience client b\u00e9n\u00e9ficie dans une large mesure de l&#8217;utilisation de technologies bas\u00e9es sur l&#8217;intelligence artificielle et l&#8217;apprentissage automatique.\n<h2>\n\t\tVotre lieu de travail num\u00e9rique\n\t<\/h2>\n\t<p>Nous mesurons l&#8217;importance de l&#8217;\u00e9volution vers un nouvel environnement de travail, et comprenons que votre solution doit \u00eatre personnalis\u00e9e pour r\u00e9pondre aux besoins sp\u00e9cifiques \u00e0 votre entreprise. C&#8217;est la condition <em>sine qua non<\/em> au succ\u00e8s de la transformation num\u00e9rique et de l&#8217;acc\u00e8s \u00e0 un environnement de travail moderne.<\/p>\n\t\t\t\t<a href=\"https:\/\/legacy.colt.net\/product\/intelligent-communications\/\" target=\"_self\" itemprop=\"url\" rel=\"noopener\">\n\t\t\t\t<img loading=\"lazy\" decoding=\"async\" src=\"https:\/\/legacy.colt.net\/wp-content\/uploads\/2021\/01\/Intelligent-Communications.png\" alt=\"cost\" itemprop=\"image\" height=\"800\" width=\"800\" title=\"Intelligent Communications\" onerror=\"this.style.display='none'\"  \/>\n\t\t\t\t<\/a>\n\t<p>Gr\u00e2ce aux outils de communications unifi\u00e9es de la suite Microsoft Office 365, vous pouvez utiliser les applications les plus r\u00e9centes dans le cloud pour am\u00e9liorer la productivit\u00e9 et faciliter la collaboration.<\/p>\n\t\t\t\t<a href=\"https:\/\/legacy.colt.net\/product\/intelligent-communications\/\" target=\"_self\" itemprop=\"url\" rel=\"noopener\">\n\t\t\t\t<img loading=\"lazy\" decoding=\"async\" src=\"https:\/\/legacy.colt.net\/wp-content\/uploads\/2021\/01\/Cloud-SBC.png\" alt=\"Cloud SBC\" itemprop=\"image\" height=\"800\" width=\"800\" title=\"Cloud SBC\" onerror=\"this.style.display='none'\"  \/>\n\t\t\t\t<\/a>\n\t<p>En activant la technologie vocale dans Microsoft Teams \u00e0 l&#8217;aide de nos services cloud, vous acc\u00e9derez rapidement et ais\u00e9ment \u00e0 l&#8217;ensemble des fonctionnalit\u00e9s disponibles, sans aucune intervention sur site.<\/p>\n\t\t\t\t<a href=\"https:\/\/legacy.colt.net\/product\/intelligent-communications\/\" target=\"_self\" itemprop=\"url\" rel=\"noopener\">\n\t\t\t\t<img loading=\"lazy\" decoding=\"async\" src=\"https:\/\/legacy.colt.net\/wp-content\/uploads\/2021\/01\/SD-WAN.png\" alt=\"SD WAN\" itemprop=\"image\" height=\"800\" width=\"800\" title=\"SD WAN\" onerror=\"this.style.display='none'\"  \/>\n\t\t\t\t<\/a>\n\t<p>Offrez la meilleure exp\u00e9rience applicative, appels vocaux et vid\u00e9o inclus. Si votre entreprise dispose d&#8217;un syst\u00e8me t\u00e9l\u00e9phonique traditionnel, vous pouvez accorder la priorit\u00e9 au trafic voix\/vid\u00e9o sur votre r\u00e9seau WAN.<\/p>\n\t\t\t\t<a href=\"https:\/\/legacy.colt.net\/product\/intelligent-communications\/\" target=\"_self\" itemprop=\"url\" rel=\"noopener\">\n\t\t\t\t<img loading=\"lazy\" decoding=\"async\" src=\"https:\/\/legacy.colt.net\/wp-content\/uploads\/2021\/01\/IP-Access-with-Cloud-prioritisation.png\" alt=\"IP Access with Cloud prioritisation\" itemprop=\"image\" height=\"800\" width=\"800\" title=\"IP Access with Cloud prioritisation\" onerror=\"this.style.display='none'\"  \/>\n\t\t\t\t<\/a>\n\t<p>Garantissez le plus haut niveau de performances en accordant la priorit\u00e9 au trafic Microsoft\u00a0Teams pour assurer \u00e0 vos employ\u00e9s une exp\u00e9rience de qualit\u00e9 optimale.<\/p>\n\t\t\t<a href=\"https:\/\/legacy.colt.net\/fr\/product\/colt-intelligent-communications\/\" target=\"_self\" role=\"button\" rel=\"noopener\">\n\t\t\t\t\t\t\tEn savoir plus\n\t\t\t\t\t<\/a>\n\t\t\t<a href=\"https:\/\/legacy.colt.net\/fr\/resources\/colt-lance-une-solution-de-telephonie-basee-sur-le-cloud-pour-microsoft-teams\/\" target=\"_self\" role=\"button\" rel=\"noopener\">\n\t\t\t\t\t\t\tEn savoir plus\n\t\t\t\t\t<\/a>\n\t\t\t<a href=\"https:\/\/legacy.colt.net\/fr\/product\/sd-wan\/\" target=\"_self\" role=\"button\" rel=\"noopener\">\n\t\t\t\t\t\t\tEn savoir plus\n\t\t\t\t\t<\/a>\n\t\t\t<a href=\"https:\/\/legacy.colt.net\/fr\/product\/cloud-prioritisation\/\" target=\"_self\" role=\"button\" rel=\"noopener\">\n\t\t\t\t\t\t\tEn savoir plus\n\t\t\t\t\t<\/a>\n<h2>\n\t\tContacter un expert\n\t<\/h2>\n\t<p>Prim\u00e9s \u00e0 de nombreuses reprises, nos services de connectivit\u00e9 vous permettent de transformer votre lieu de travail num\u00e9rique en toute transparence et ainsi de vous adapter \u00e0 un environnement en constante \u00e9volution.<\/p>\n<p>Quels que soient vos d\u00e9fis, quelles que soient vos interrogations, nos experts vous accompagnent tout au long de votre transformation num\u00e9rique.<\/p>\n<p>Vous pouvez \u00e9galement nous joindre \u00e0 partir de notre <a href=\"https:\/\/legacy.colt.net\/fr\/contact-us\/\">centre de contact<\/a>.<\/p>\n\t[hubspot type=form portal=344164 id=efe9b5f7-7d48-4f0a-a125-cc234efbf1df]\n<h2>\n\t\tEnvie d&#8217;en savoir plus ?\n\t<\/h2>\n\t<strong>Guide \u00e0 t\u00e9l\u00e9charger<br \/>\n<\/strong>Notre guide pour migrer sans difficult\u00e9 de Skype Entreprise vers Microsoft Teams. <a href=\"https:\/\/legacy.colt.net\/fr\/resources\/a-guide-to-migrating-from-skype-for-business-to-microsoft-teams\/\">Lire la suite<\/a>\n\t<strong>Article de Blog<br \/>\n<\/strong>R\u00e9seaux SD WAN, un choix judicieux pour les infrastructures. <a href=\"https:\/\/legacy.colt.net\/fr\/resources\/reseaux-sd-wan-un-choix-judicieux-pour-les-infrastructures\/\">Lire la suite<\/a>\n\t<strong>Service client<br \/>\n<\/strong>Nous souhaitons \u00eatre l&#8217;entreprise la plus orient\u00e9e client de notre domaine. Avec l&#8217;un des meilleurs scores de satisfaction client (NPS) de notre secteur obtenu en 2020, nous sommes sur la bonne voie. <a href=\"https:\/\/legacy.colt.net\/fr\/why-colt\/customer-service\/\">Lire la suite<\/a>\n\t<strong>Produits et Services<br \/>\n<\/strong>Notre portefeuille de services assure une exp\u00e9rience homog\u00e8ne gr\u00e2ce \u00e0 une plateforme et une technologie communes qui aident les entreprises \u00e0 relever les d\u00e9fis soulev\u00e9s par la transformation num\u00e9rique. <a href=\"https:\/\/legacy.colt.net\/fr\/products-services\/\">Lire la suite<\/a>\n\t<strong>Article de Blog<br \/>\n<\/strong>Mise \u00e0 jour de votre exp\u00e9rience Colt Online. <a href=\"https:\/\/legacy.colt.net\/fr\/resources\/mise-a-jour-de-votre-experience-colt-online\/\">En savoir plus<\/a>\n\t<strong>A propos de Colt<br \/>\n<\/strong>D\u00e9couvrez qui nous sommes et ce que nous faisons. <a href=\"https:\/\/legacy.colt.net\/fr\/about\/\">En savoir plus<\/a>\n\n","protected":false},"excerpt":{"rendered":"<p>Connect to the cloud Veillez \u00e0 la connectivit\u00e9 et \u00e0 la productivit\u00e9 de votre \u00e9quipe, \u00e0 tout moment et en tous lieux Quels d\u00e9fis pour les entreprises modernes ? La fa\u00e7on dont nous travaillons, ainsi que le lieu o\u00f9 nous exer\u00e7ons notre activit\u00e9, ont \u00e9volu\u00e9, quittant le classique bureau au profit du t\u00e9l\u00e9travail. Or, le&#8230;<\/p>\n","protected":false},"author":2,"featured_media":0,"parent":91322,"menu_order":0,"comment_status":"closed","ping_status":"closed","template":"","meta":{"_acf_changed":false,"footnotes":""},"colt_type":[],"colt_products":[],"class_list":["post-90411","page","type-page","status-publish","hentry"],"acf":[],"yoast_head":"<!-- This site is optimized with the Yoast SEO plugin v26.8 - https:\/\/yoast.com\/product\/yoast-seo-wordpress\/ -->\n<title>Transformez votre lieu de travail num\u00e9rique - Colt Technology Services<\/title>\n<meta name=\"description\" content=\"T\u00e9l\u00e9travail : Veillez \u00e0 la connectivit\u00e9 et \u00e0 la productivit\u00e9 de votre \u00e9quipe, \u00e0 tout moment et en tous lieux\" \/>\n<meta name=\"robots\" content=\"noindex, follow, max-snippet:-1, max-image-preview:large, max-video-preview:-1\" \/>\n<meta property=\"og:locale\" content=\"fr_FR\" \/>\n<meta property=\"og:type\" content=\"article\" \/>\n<meta property=\"og:title\" content=\"Transformez votre lieu de travail num\u00e9rique - Colt Technology Services\" \/>\n<meta property=\"og:description\" content=\"T\u00e9l\u00e9travail : Veillez \u00e0 la connectivit\u00e9 et \u00e0 la productivit\u00e9 de votre \u00e9quipe, \u00e0 tout moment et en tous lieux\" \/>\n<meta property=\"og:url\" content=\"https:\/\/legacy.colt.net\/fr\/solutions\/transform\/\" \/>\n<meta property=\"og:site_name\" content=\"Colt Technology Services\" \/>\n<meta property=\"article:publisher\" content=\"https:\/\/www.facebook.com\/ColtTechnologyServices\/\" \/>\n<meta property=\"article:modified_time\" content=\"2023-06-06T09:05:57+00:00\" \/>\n<meta property=\"og:image\" content=\"https:\/\/legacy.colt.net\/wp-content\/uploads\/2021\/01\/Brand-2021-Stock-43.jpg\" \/>\n\t<meta property=\"og:image:width\" content=\"1000\" \/>\n\t<meta property=\"og:image:height\" content=\"667\" \/>\n\t<meta property=\"og:image:type\" content=\"image\/jpeg\" \/>\n<meta name=\"twitter:card\" content=\"summary_large_image\" \/>\n<meta name=\"twitter:site\" content=\"@colt_technology\" \/>\n<meta name=\"twitter:label1\" content=\"Est. reading time\" \/>\n\t<meta name=\"twitter:data1\" content=\"4 minutes\" \/>\n<script type=\"application\/ld+json\" class=\"yoast-schema-graph\">{\"@context\":\"https:\/\/schema.org\",\"@graph\":[{\"@type\":\"WebPage\",\"@id\":\"https:\/\/legacy.colt.net\/fr\/solutions\/transform\/\",\"url\":\"https:\/\/legacy.colt.net\/fr\/solutions\/transform\/\",\"name\":\"Transformez votre lieu de travail num\u00e9rique - Colt Technology Services\",\"isPartOf\":{\"@id\":\"https:\/\/legacy.colt.net\/#website\"},\"primaryImageOfPage\":{\"@id\":\"https:\/\/legacy.colt.net\/fr\/solutions\/transform\/#primaryimage\"},\"image\":{\"@id\":\"https:\/\/legacy.colt.net\/fr\/solutions\/transform\/#primaryimage\"},\"thumbnailUrl\":\"https:\/\/legacy.colt.net\/wp-content\/uploads\/2021\/01\/Transforming-your-digital-workplace.png\",\"datePublished\":\"2021-01-09T09:12:30+00:00\",\"dateModified\":\"2023-06-06T09:05:57+00:00\",\"description\":\"T\u00e9l\u00e9travail : Veillez \u00e0 la connectivit\u00e9 et \u00e0 la productivit\u00e9 de votre \u00e9quipe, \u00e0 tout moment et en tous lieux\",\"breadcrumb\":{\"@id\":\"https:\/\/legacy.colt.net\/fr\/solutions\/transform\/#breadcrumb\"},\"inLanguage\":\"fr-FR\",\"potentialAction\":[{\"@type\":\"ReadAction\",\"target\":[\"https:\/\/legacy.colt.net\/fr\/solutions\/transform\/\"]}]},{\"@type\":\"ImageObject\",\"inLanguage\":\"fr-FR\",\"@id\":\"https:\/\/legacy.colt.net\/fr\/solutions\/transform\/#primaryimage\",\"url\":\"https:\/\/legacy.colt.net\/wp-content\/uploads\/2021\/01\/Transforming-your-digital-workplace.png\",\"contentUrl\":\"https:\/\/legacy.colt.net\/wp-content\/uploads\/2021\/01\/Transforming-your-digital-workplace.png\"},{\"@type\":\"BreadcrumbList\",\"@id\":\"https:\/\/legacy.colt.net\/fr\/solutions\/transform\/#breadcrumb\",\"itemListElement\":[{\"@type\":\"ListItem\",\"position\":1,\"name\":\"Home\",\"item\":\"https:\/\/legacy.colt.net\/fr\/\"},{\"@type\":\"ListItem\",\"position\":2,\"name\":\"Solutions\",\"item\":\"https:\/\/legacy.colt.net\/fr\/solutions\/\"},{\"@type\":\"ListItem\",\"position\":3,\"name\":\"Transformez votre lieu de travail num\u00e9rique\"}]},{\"@type\":\"WebSite\",\"@id\":\"https:\/\/legacy.colt.net\/#website\",\"url\":\"https:\/\/legacy.colt.net\/\",\"name\":\"Colt\u30c6\u30af\u30ce\u30ed\u30b8\u30fc\u30b5\u30fc\u30d3\u30b9\u682a\u5f0f\u4f1a\u793e\",\"description\":\"Managed Network &amp; Voice Services Provider\",\"publisher\":{\"@id\":\"https:\/\/legacy.colt.net\/#organization\"},\"potentialAction\":[{\"@type\":\"SearchAction\",\"target\":{\"@type\":\"EntryPoint\",\"urlTemplate\":\"https:\/\/legacy.colt.net\/?s={search_term_string}\"},\"query-input\":{\"@type\":\"PropertyValueSpecification\",\"valueRequired\":true,\"valueName\":\"search_term_string\"}}],\"inLanguage\":\"fr-FR\"},{\"@type\":\"Organization\",\"@id\":\"https:\/\/legacy.colt.net\/#organization\",\"name\":\"Colt Technology Services\",\"url\":\"https:\/\/legacy.colt.net\/\",\"logo\":{\"@type\":\"ImageObject\",\"inLanguage\":\"fr-FR\",\"@id\":\"https:\/\/legacy.colt.net\/#\/schema\/logo\/image\/\",\"url\":\"https:\/\/legacy.colt.net\/wp-content\/uploads\/2019\/02\/Colt-Logo.png\",\"contentUrl\":\"https:\/\/legacy.colt.net\/wp-content\/uploads\/2019\/02\/Colt-Logo.png\",\"width\":195,\"height\":77,\"caption\":\"Colt Technology Services\"},\"image\":{\"@id\":\"https:\/\/legacy.colt.net\/#\/schema\/logo\/image\/\"},\"sameAs\":[\"https:\/\/www.facebook.com\/ColtTechnologyServices\/\",\"https:\/\/x.com\/colt_technology\",\"https:\/\/www.instagram.com\/colttechnologyservices\/\",\"https:\/\/www.linkedin.com\/company\/colt-technology-services\",\"https:\/\/www.youtube.com\/user\/ColtTechnology\"]}]}<\/script>\n<!-- \/ Yoast SEO plugin. -->","yoast_head_json":{"title":"Transformez votre lieu de travail num\u00e9rique - Colt Technology Services","description":"T\u00e9l\u00e9travail : Veillez \u00e0 la connectivit\u00e9 et \u00e0 la productivit\u00e9 de votre \u00e9quipe, \u00e0 tout moment et en tous lieux","robots":{"index":"noindex","follow":"follow","max-snippet":"max-snippet:-1","max-image-preview":"max-image-preview:large","max-video-preview":"max-video-preview:-1"},"og_locale":"fr_FR","og_type":"article","og_title":"Transformez votre lieu de travail num\u00e9rique - Colt Technology Services","og_description":"T\u00e9l\u00e9travail : Veillez \u00e0 la connectivit\u00e9 et \u00e0 la productivit\u00e9 de votre \u00e9quipe, \u00e0 tout moment et en tous lieux","og_url":"https:\/\/legacy.colt.net\/fr\/solutions\/transform\/","og_site_name":"Colt Technology Services","article_publisher":"https:\/\/www.facebook.com\/ColtTechnologyServices\/","article_modified_time":"2023-06-06T09:05:57+00:00","og_image":[{"width":1000,"height":667,"url":"https:\/\/legacy.colt.net\/wp-content\/uploads\/2021\/01\/Brand-2021-Stock-43.jpg","type":"image\/jpeg"}],"twitter_card":"summary_large_image","twitter_site":"@colt_technology","twitter_misc":{"Est. reading time":"4 minutes"},"schema":{"@context":"https:\/\/schema.org","@graph":[{"@type":"WebPage","@id":"https:\/\/legacy.colt.net\/fr\/solutions\/transform\/","url":"https:\/\/legacy.colt.net\/fr\/solutions\/transform\/","name":"Transformez votre lieu de travail num\u00e9rique - Colt Technology Services","isPartOf":{"@id":"https:\/\/legacy.colt.net\/#website"},"primaryImageOfPage":{"@id":"https:\/\/legacy.colt.net\/fr\/solutions\/transform\/#primaryimage"},"image":{"@id":"https:\/\/legacy.colt.net\/fr\/solutions\/transform\/#primaryimage"},"thumbnailUrl":"https:\/\/legacy.colt.net\/wp-content\/uploads\/2021\/01\/Transforming-your-digital-workplace.png","datePublished":"2021-01-09T09:12:30+00:00","dateModified":"2023-06-06T09:05:57+00:00","description":"T\u00e9l\u00e9travail : Veillez \u00e0 la connectivit\u00e9 et \u00e0 la productivit\u00e9 de votre \u00e9quipe, \u00e0 tout moment et en tous lieux","breadcrumb":{"@id":"https:\/\/legacy.colt.net\/fr\/solutions\/transform\/#breadcrumb"},"inLanguage":"fr-FR","potentialAction":[{"@type":"ReadAction","target":["https:\/\/legacy.colt.net\/fr\/solutions\/transform\/"]}]},{"@type":"ImageObject","inLanguage":"fr-FR","@id":"https:\/\/legacy.colt.net\/fr\/solutions\/transform\/#primaryimage","url":"https:\/\/legacy.colt.net\/wp-content\/uploads\/2021\/01\/Transforming-your-digital-workplace.png","contentUrl":"https:\/\/legacy.colt.net\/wp-content\/uploads\/2021\/01\/Transforming-your-digital-workplace.png"},{"@type":"BreadcrumbList","@id":"https:\/\/legacy.colt.net\/fr\/solutions\/transform\/#breadcrumb","itemListElement":[{"@type":"ListItem","position":1,"name":"Home","item":"https:\/\/legacy.colt.net\/fr\/"},{"@type":"ListItem","position":2,"name":"Solutions","item":"https:\/\/legacy.colt.net\/fr\/solutions\/"},{"@type":"ListItem","position":3,"name":"Transformez votre lieu de travail num\u00e9rique"}]},{"@type":"WebSite","@id":"https:\/\/legacy.colt.net\/#website","url":"https:\/\/legacy.colt.net\/","name":"Colt\u30c6\u30af\u30ce\u30ed\u30b8\u30fc\u30b5\u30fc\u30d3\u30b9\u682a\u5f0f\u4f1a\u793e","description":"Managed Network &amp; Voice Services Provider","publisher":{"@id":"https:\/\/legacy.colt.net\/#organization"},"potentialAction":[{"@type":"SearchAction","target":{"@type":"EntryPoint","urlTemplate":"https:\/\/legacy.colt.net\/?s={search_term_string}"},"query-input":{"@type":"PropertyValueSpecification","valueRequired":true,"valueName":"search_term_string"}}],"inLanguage":"fr-FR"},{"@type":"Organization","@id":"https:\/\/legacy.colt.net\/#organization","name":"Colt Technology Services","url":"https:\/\/legacy.colt.net\/","logo":{"@type":"ImageObject","inLanguage":"fr-FR","@id":"https:\/\/legacy.colt.net\/#\/schema\/logo\/image\/","url":"https:\/\/legacy.colt.net\/wp-content\/uploads\/2019\/02\/Colt-Logo.png","contentUrl":"https:\/\/legacy.colt.net\/wp-content\/uploads\/2019\/02\/Colt-Logo.png","width":195,"height":77,"caption":"Colt Technology Services"},"image":{"@id":"https:\/\/legacy.colt.net\/#\/schema\/logo\/image\/"},"sameAs":["https:\/\/www.facebook.com\/ColtTechnologyServices\/","https:\/\/x.com\/colt_technology","https:\/\/www.instagram.com\/colttechnologyservices\/","https:\/\/www.linkedin.com\/company\/colt-technology-services","https:\/\/www.youtube.com\/user\/ColtTechnology"]}]}},"_links":{"self":[{"href":"https:\/\/legacy.colt.net\/fr\/wp-json\/wp\/v2\/pages\/90411","targetHints":{"allow":["GET"]}}],"collection":[{"href":"https:\/\/legacy.colt.net\/fr\/wp-json\/wp\/v2\/pages"}],"about":[{"href":"https:\/\/legacy.colt.net\/fr\/wp-json\/wp\/v2\/types\/page"}],"author":[{"embeddable":true,"href":"https:\/\/legacy.colt.net\/fr\/wp-json\/wp\/v2\/users\/2"}],"replies":[{"embeddable":true,"href":"https:\/\/legacy.colt.net\/fr\/wp-json\/wp\/v2\/comments?post=90411"}],"version-history":[{"count":0,"href":"https:\/\/legacy.colt.net\/fr\/wp-json\/wp\/v2\/pages\/90411\/revisions"}],"up":[{"embeddable":true,"href":"https:\/\/legacy.colt.net\/fr\/wp-json\/wp\/v2\/pages\/91322"}],"wp:attachment":[{"href":"https:\/\/legacy.colt.net\/fr\/wp-json\/wp\/v2\/media?parent=90411"}],"wp:term":[{"taxonomy":"colt_type","embeddable":true,"href":"https:\/\/legacy.colt.net\/fr\/wp-json\/wp\/v2\/colt_type?post=90411"},{"taxonomy":"colt_products","embeddable":true,"href":"https:\/\/legacy.colt.net\/fr\/wp-json\/wp\/v2\/colt_products?post=90411"}],"curies":[{"name":"wp","href":"https:\/\/api.w.org\/{rel}","templated":true}]}}