{"id":90402,"date":"2021-01-09T09:11:58","date_gmt":"2021-01-09T09:11:58","guid":{"rendered":"https:\/\/www.colt.net\/voice-2\/"},"modified":"2021-02-19T09:29:01","modified_gmt":"2021-02-19T09:29:01","slug":"voice","status":"publish","type":"page","link":"https:\/\/legacy.colt.net\/fr\/solutions\/voice\/","title":{"rendered":"Un outil de communication efficace pour les entreprises"},"content":{"rendered":"\r\n<h1>Connect to the cloud<\/h1>\r\n<h2>La clart\u00e9 des communications vocales est un atout pr\u00e9cieux pour votre entreprise<\/h2>\r\n<nav class=\"breadcrumb\"><span><span><a href=\"https:\/\/legacy.colt.net\/fr\/\">Home<\/a><\/span><\/span><\/nav>\r\n<p><img decoding=\"async\" title=\"How to create a flexible, efficient network using Colt On Demand 2\" src=\"https:\/\/legacy.colt.net\/wp-content\/uploads\/2021\/01\/Impactful-customer-communication.png\" alt=\"How to create a flexible, efficient network using Colt On Demand 2\" \/><\/p>\r\n<h2>Quels d\u00e9fis pour les entreprises modernes ?<\/h2>\r\n<p>Votre entreprise doit s&#8217;appuyer sur des outils de communications d&#8217;une qualit\u00e9 irr\u00e9prochable pour que vos collaborateurs acc\u00e8dent aux informations dont ils ont besoin. Mais il n&#8217;est pas toujours facile d&#8217;acqu\u00e9rir la bonne solution\u00a0:<\/p>\r\n<p>Une entreprise qui \u00e9l\u00e8ve l&#8217;exp\u00e9rience client au rang de priorit\u00e9 des priorit\u00e9s ne peut accepter l&#8217;interruption de conversations t\u00e9l\u00e9phoniques ou la pi\u00e8tre qualit\u00e9 de ses connexions. Pour communiquer efficacement, votre entreprise doit pouvoir compter sur un service vocal professionnel qui combine une fiabilit\u00e9 \u00e0 toute \u00e9preuve et une qualit\u00e9 d&#8217;appels irr\u00e9prochable.<\/p>\r\n<p>Pour offrir un service d&#8217;envergure r\u00e9ellement plan\u00e9taire, il est souvent n\u00e9cessaire de faire appel \u00e0 plusieurs op\u00e9rateurs qui se succ\u00e8dent d&#8217;une r\u00e9gion \u00e0 l&#8217;autre, ce qui ne simplifie pas la gestion des services vocaux.<\/p>\r\n<p>Compte tenu des progr\u00e8s enregistr\u00e9s en permanence par la technologie vocale, les entreprises ne b\u00e9n\u00e9ficient pas toujours des d\u00e9veloppements les plus r\u00e9cents. Or, si vous ne disposez pas de la bonne solution pour accompagner votre transformation, vous risquez de passer \u00e0 c\u00f4t\u00e9 de nombreux avantages.<\/p>\r\n<h2>Votre partenaire de confiance pour les solutions de communications<\/h2>\r\n<p>En optant pour Colt, vous acc\u00e9dez \u00e0 un r\u00e9seau vocal international conforme aux r\u00e9glementations en vigueur et qui affiche le plus haut niveau de performances. \u00c0 la fois contact et interlocuteur unique, Colt r\u00e9pond aux exigences de communications vocales de l&#8217;ensemble de votre infrastructure, ce qui vous \u00e9vite de collaborer avec des prestataires locaux et \u00e9limine les complexit\u00e9s qui en d\u00e9coulent.<\/p>\r\n<p><strong>Un r\u00e9seau vocal plan\u00e9taire<br \/><\/strong>Pleinement conforme aux r\u00e9glementations en vigueur, notre r\u00e9seau couvre pas moins de 26 pays et quatre continents. <strong>Une offre compl\u00e8te<br \/><\/strong>Collaborer avec plusieurs op\u00e9rateurs diss\u00e9min\u00e9s dans plusieurs pays n&#8217;est jamais simple. En optant pour Colt, vous passez par un interlocuteur unique qui g\u00e9rera vos besoins de communications vocales au-del\u00e0 des fronti\u00e8res. <strong>Des d\u00e9lais de lancement r\u00e9duits<br \/><\/strong>R\u00e9pondez facilement \u00e0 de nouvelles demandes &#8211; trois jours suffisent pour ajouter de nouveaux num\u00e9ros \u00e0 votre service de t\u00e9l\u00e9phonie.<\/p>\r\n<h2>Des services vocaux adapt\u00e9s \u00e0 vos besoins<\/h2>\r\n<p><a href=\"https:\/\/legacy.colt.net\/product\/isdn-voice-services\/\" target=\"_self\" rel=\"noopener noreferrer\"> <img decoding=\"async\" title=\"Young business woman working at the computer in cafe on the rock. Young girl downshifter working at a laptop at sunset or sunrise on the top of the mountain to the sea, working day.\" src=\"https:\/\/legacy.colt.net\/wp-content\/uploads\/2020\/12\/ISDN-Voice.png\" alt=\"Young business woman working at the computer in cafe on the rock. Young girl downshifter working at a laptop at sunset or sunrise on the top of the mountain to the sea, working day.\" \/> <\/a><\/p>\r\n<p>Notre solution RNIS assure des communications vocales de haute qualit\u00e9 dans 13 pays, ce qui permet d&#8217;\u00e9voluer sans difficult\u00e9 vers le service SIP\u00a0Trunking d\u00e8s que votre entreprise est pr\u00eate.<\/p>\r\n<p><a role=\"button\" href=\"https:\/\/legacy.colt.net\/fr\/product\/services-isdn-voice\/\" target=\"_self\" rel=\"noopener noreferrer\"> En savoir plus <\/a> <a href=\"https:\/\/legacy.colt.net\/product\/sip-trunking\/\" target=\"_self\" rel=\"noopener noreferrer\"> <img loading=\"lazy\" decoding=\"async\" title=\"Voice\" src=\"https:\/\/legacy.colt.net\/wp-content\/uploads\/2020\/12\/Voice.png\" alt=\"Voice\" width=\"800\" height=\"800\" \/> <\/a><\/p>\r\n<p>Proc\u00e9dez en toute transparence \u00e0 la convergence voix\/donn\u00e9es dans l&#8217;ensemble de votre infrastructure en migrant vers la VoIP et b\u00e9n\u00e9ficiez d&#8217;un service hautement fiable \u00e0 un co\u00fbt r\u00e9duit.<\/p>\r\n<p><a role=\"button\" href=\"https:\/\/legacy.colt.net\/fr\/product\/sip-trunking\/\" target=\"_self\" rel=\"noopener noreferrer\"> En savoir plus <\/a> <a href=\"https:\/\/legacy.colt.net\/product\/intelligent-communications\/\" target=\"_self\" rel=\"noopener noreferrer\"> <img loading=\"lazy\" decoding=\"async\" title=\"Intelligent Communications\" src=\"https:\/\/legacy.colt.net\/wp-content\/uploads\/2020\/12\/Intelligent-Communications.png\" alt=\"Intelligent Communications\" width=\"800\" height=\"800\" \/> <\/a><\/p>\r\n<p>Am\u00e9liorez la collaboration en associant les applications de productivit\u00e9 Microsoft Office 365 et des services de t\u00e9l\u00e9phonie d&#8217;entreprise dans le cloud.<\/p>\r\n<p><a role=\"button\" href=\"https:\/\/legacy.colt.net\/fr\/product\/colt-intelligent-communications\/\" target=\"_self\" rel=\"noopener noreferrer\"> En savoir plus <\/a><\/p>\r\n<h2>Contacter un expert en communications vocales<\/h2>\r\n<p>Notre r\u00e9seau mondial apporte la souplesse n\u00e9cessaire pour connecter vos services vocaux de mani\u00e8re transparente.<\/p>\r\n<p>Faites le point sur vos besoins en contactant d\u00e8s aujourd&#8217;hui notre \u00e9quipe d&#8217;experts en communications vocales en vue de cr\u00e9er une solution adapt\u00e9e \u00e0 vos attentes.<\/p>\r\n<p>Vous pouvez \u00e9galement nous joindre \u00e0 partir de notre <a href=\"https:\/\/legacy.colt.net\/fr\/contact-us\/\">centre de contact<\/a>.<\/p>\r\n<p>[hubspot type=form portal=344164 id=efe9b5f7-7d48-4f0a-a125-cc234efbf1df]<\/p>\r\n<h2>Envie d&#8217;en savoir plus ?<\/h2>\r\n<p><strong>Etude de cas<br \/><\/strong>Arthur D. Little Japan a choisi le service Colt SIP Trunking pour ses services vocaux. <a href=\"https:\/\/legacy.colt.net\/fr\/resources\/arthur-d-little-japan\/\">Lire la suite<\/a> <strong>March\u00e9s de Capitaux<br \/><\/strong>Nous proposons au secteur des services financiers un ensemble de solutions enti\u00e8rement manag\u00e9es et r\u00e9silientes bas\u00e9es sur le r\u00e9seau international\u00a0Colt IQ Network. <a href=\"https:\/\/legacy.colt.net\/fr\/capital-markets\/\">Lire la suite<\/a> <strong>Article de Blog<br \/><\/strong>Nous avons le plaisir de vous annoncer que l&#8217;interface des rubriques Tickets d&#8217;incidents, Services, Facturation et Travaux planifi\u00e9s a \u00e9t\u00e9 optimis\u00e9e. <a href=\"https:\/\/legacy.colt.net\/fr\/resources\/mise-a-jour-de-votre-experience-colt-online\/\">Lire la suite<\/a> <strong>Services voix<br \/><\/strong> <strong>Etude de cas<br \/><\/strong>La soci\u00e9t\u00e9 COMPO s&#8217;est associ\u00e9e \u00e0 Colt, afin de basculer son infrastructure r\u00e9seau \u00e0 un r\u00e9seau \u00e9tendu \u00e0 d\u00e9finition logicielle (SD WAN). <a href=\"https:\/\/legacy.colt.net\/fr\/resources\/compo\/\">Lire la suite<\/a> <strong>Restez connect\u00e9 avec Colt<br \/><\/strong>Chez Colt, nous mettons tout en \u0153uvre pour que vous disposiez des outils et des informations dont vous avez besoin pour accro\u00eetre la productivit\u00e9 et optimiser la croissance de votre entreprise. <a href=\"https:\/\/legacy.colt.net\/fr\/restez-connecte-avec-colt\/\">En savoir plus<\/a><\/p>\r\n","protected":false},"excerpt":{"rendered":"<p>Connect to the cloud La clart\u00e9 des communications vocales est un atout pr\u00e9cieux pour votre entreprise Quels d\u00e9fis pour les entreprises modernes ? Votre entreprise doit s&#8217;appuyer sur des outils de communications d&#8217;une qualit\u00e9 irr\u00e9prochable pour que vos collaborateurs acc\u00e8dent aux informations dont ils ont besoin. Mais il n&#8217;est pas toujours facile d&#8217;acqu\u00e9rir la bonne&#8230;<\/p>\n","protected":false},"author":2,"featured_media":0,"parent":91322,"menu_order":0,"comment_status":"closed","ping_status":"closed","template":"","meta":{"_acf_changed":false,"footnotes":""},"colt_type":[],"colt_products":[],"class_list":["post-90402","page","type-page","status-publish","hentry"],"acf":[],"yoast_head":"<!-- This site is optimized with the Yoast SEO plugin v26.8 - https:\/\/yoast.com\/product\/yoast-seo-wordpress\/ -->\n<title>Un outil de communication efficace pour les entreprises - Colt<\/title>\n<meta name=\"description\" content=\"Votre entreprise doit s&#039;appuyer sur des outils de communications d\u2019une qualit\u00e9 irr\u00e9prochable pour que vos collaborateurs acc\u00e8dent aux informations dont ils ont besoin.\" \/>\n<meta name=\"robots\" content=\"noindex, follow, max-snippet:-1, max-image-preview:large, max-video-preview:-1\" \/>\n<meta property=\"og:locale\" content=\"fr_FR\" \/>\n<meta property=\"og:type\" content=\"article\" \/>\n<meta property=\"og:title\" content=\"Un outil de communication efficace pour les entreprises - Colt\" \/>\n<meta property=\"og:description\" content=\"Votre entreprise doit s&#039;appuyer sur des outils de communications d\u2019une qualit\u00e9 irr\u00e9prochable pour que vos collaborateurs acc\u00e8dent aux informations dont ils ont besoin.\" \/>\n<meta property=\"og:url\" content=\"https:\/\/legacy.colt.net\/fr\/solutions\/voice\/\" \/>\n<meta property=\"og:site_name\" content=\"Colt Technology Services\" \/>\n<meta property=\"article:publisher\" content=\"https:\/\/www.facebook.com\/ColtTechnologyServices\/\" \/>\n<meta property=\"article:modified_time\" content=\"2021-02-19T09:29:01+00:00\" \/>\n<meta property=\"og:image\" content=\"https:\/\/legacy.colt.net\/wp-content\/uploads\/2021\/01\/Brand-2021-Stock-33.jpg\" \/>\n\t<meta property=\"og:image:width\" content=\"1000\" \/>\n\t<meta property=\"og:image:height\" content=\"667\" \/>\n\t<meta property=\"og:image:type\" content=\"image\/jpeg\" \/>\n<meta name=\"twitter:card\" content=\"summary_large_image\" \/>\n<meta name=\"twitter:site\" content=\"@colt_technology\" \/>\n<meta name=\"twitter:label1\" content=\"Est. reading time\" \/>\n\t<meta name=\"twitter:data1\" content=\"4 minutes\" \/>\n<script type=\"application\/ld+json\" class=\"yoast-schema-graph\">{\"@context\":\"https:\/\/schema.org\",\"@graph\":[{\"@type\":\"WebPage\",\"@id\":\"https:\/\/legacy.colt.net\/fr\/solutions\/voice\/\",\"url\":\"https:\/\/legacy.colt.net\/fr\/solutions\/voice\/\",\"name\":\"Un outil de communication efficace pour les entreprises - Colt\",\"isPartOf\":{\"@id\":\"https:\/\/legacy.colt.net\/#website\"},\"primaryImageOfPage\":{\"@id\":\"https:\/\/legacy.colt.net\/fr\/solutions\/voice\/#primaryimage\"},\"image\":{\"@id\":\"https:\/\/legacy.colt.net\/fr\/solutions\/voice\/#primaryimage\"},\"thumbnailUrl\":\"https:\/\/legacy.colt.net\/wp-content\/uploads\/2021\/01\/Impactful-customer-communication.png\",\"datePublished\":\"2021-01-09T09:11:58+00:00\",\"dateModified\":\"2021-02-19T09:29:01+00:00\",\"description\":\"Votre entreprise doit s'appuyer sur des outils de communications d\u2019une qualit\u00e9 irr\u00e9prochable pour que vos collaborateurs acc\u00e8dent aux informations dont ils ont besoin.\",\"breadcrumb\":{\"@id\":\"https:\/\/legacy.colt.net\/fr\/solutions\/voice\/#breadcrumb\"},\"inLanguage\":\"fr-FR\",\"potentialAction\":[{\"@type\":\"ReadAction\",\"target\":[\"https:\/\/legacy.colt.net\/fr\/solutions\/voice\/\"]}]},{\"@type\":\"ImageObject\",\"inLanguage\":\"fr-FR\",\"@id\":\"https:\/\/legacy.colt.net\/fr\/solutions\/voice\/#primaryimage\",\"url\":\"https:\/\/legacy.colt.net\/wp-content\/uploads\/2021\/01\/Impactful-customer-communication.png\",\"contentUrl\":\"https:\/\/legacy.colt.net\/wp-content\/uploads\/2021\/01\/Impactful-customer-communication.png\"},{\"@type\":\"BreadcrumbList\",\"@id\":\"https:\/\/legacy.colt.net\/fr\/solutions\/voice\/#breadcrumb\",\"itemListElement\":[{\"@type\":\"ListItem\",\"position\":1,\"name\":\"Home\",\"item\":\"https:\/\/legacy.colt.net\/fr\/\"},{\"@type\":\"ListItem\",\"position\":2,\"name\":\"Solutions\",\"item\":\"https:\/\/legacy.colt.net\/fr\/solutions\/\"},{\"@type\":\"ListItem\",\"position\":3,\"name\":\"Un outil de communication efficace pour les entreprises\"}]},{\"@type\":\"WebSite\",\"@id\":\"https:\/\/legacy.colt.net\/#website\",\"url\":\"https:\/\/legacy.colt.net\/\",\"name\":\"Colt\u30c6\u30af\u30ce\u30ed\u30b8\u30fc\u30b5\u30fc\u30d3\u30b9\u682a\u5f0f\u4f1a\u793e\",\"description\":\"Managed Network &amp; Voice Services Provider\",\"publisher\":{\"@id\":\"https:\/\/legacy.colt.net\/#organization\"},\"potentialAction\":[{\"@type\":\"SearchAction\",\"target\":{\"@type\":\"EntryPoint\",\"urlTemplate\":\"https:\/\/legacy.colt.net\/?s={search_term_string}\"},\"query-input\":{\"@type\":\"PropertyValueSpecification\",\"valueRequired\":true,\"valueName\":\"search_term_string\"}}],\"inLanguage\":\"fr-FR\"},{\"@type\":\"Organization\",\"@id\":\"https:\/\/legacy.colt.net\/#organization\",\"name\":\"Colt Technology Services\",\"url\":\"https:\/\/legacy.colt.net\/\",\"logo\":{\"@type\":\"ImageObject\",\"inLanguage\":\"fr-FR\",\"@id\":\"https:\/\/legacy.colt.net\/#\/schema\/logo\/image\/\",\"url\":\"https:\/\/legacy.colt.net\/wp-content\/uploads\/2019\/02\/Colt-Logo.png\",\"contentUrl\":\"https:\/\/legacy.colt.net\/wp-content\/uploads\/2019\/02\/Colt-Logo.png\",\"width\":195,\"height\":77,\"caption\":\"Colt Technology Services\"},\"image\":{\"@id\":\"https:\/\/legacy.colt.net\/#\/schema\/logo\/image\/\"},\"sameAs\":[\"https:\/\/www.facebook.com\/ColtTechnologyServices\/\",\"https:\/\/x.com\/colt_technology\",\"https:\/\/www.instagram.com\/colttechnologyservices\/\",\"https:\/\/www.linkedin.com\/company\/colt-technology-services\",\"https:\/\/www.youtube.com\/user\/ColtTechnology\"]}]}<\/script>\n<!-- \/ Yoast SEO plugin. -->","yoast_head_json":{"title":"Un outil de communication efficace pour les entreprises - Colt","description":"Votre entreprise doit s'appuyer sur des outils de communications d\u2019une qualit\u00e9 irr\u00e9prochable pour que vos collaborateurs acc\u00e8dent aux informations dont ils ont besoin.","robots":{"index":"noindex","follow":"follow","max-snippet":"max-snippet:-1","max-image-preview":"max-image-preview:large","max-video-preview":"max-video-preview:-1"},"og_locale":"fr_FR","og_type":"article","og_title":"Un outil de communication efficace pour les entreprises - Colt","og_description":"Votre entreprise doit s'appuyer sur des outils de communications d\u2019une qualit\u00e9 irr\u00e9prochable pour que vos collaborateurs acc\u00e8dent aux informations dont ils ont besoin.","og_url":"https:\/\/legacy.colt.net\/fr\/solutions\/voice\/","og_site_name":"Colt Technology Services","article_publisher":"https:\/\/www.facebook.com\/ColtTechnologyServices\/","article_modified_time":"2021-02-19T09:29:01+00:00","og_image":[{"width":1000,"height":667,"url":"https:\/\/legacy.colt.net\/wp-content\/uploads\/2021\/01\/Brand-2021-Stock-33.jpg","type":"image\/jpeg"}],"twitter_card":"summary_large_image","twitter_site":"@colt_technology","twitter_misc":{"Est. reading time":"4 minutes"},"schema":{"@context":"https:\/\/schema.org","@graph":[{"@type":"WebPage","@id":"https:\/\/legacy.colt.net\/fr\/solutions\/voice\/","url":"https:\/\/legacy.colt.net\/fr\/solutions\/voice\/","name":"Un outil de communication efficace pour les entreprises - Colt","isPartOf":{"@id":"https:\/\/legacy.colt.net\/#website"},"primaryImageOfPage":{"@id":"https:\/\/legacy.colt.net\/fr\/solutions\/voice\/#primaryimage"},"image":{"@id":"https:\/\/legacy.colt.net\/fr\/solutions\/voice\/#primaryimage"},"thumbnailUrl":"https:\/\/legacy.colt.net\/wp-content\/uploads\/2021\/01\/Impactful-customer-communication.png","datePublished":"2021-01-09T09:11:58+00:00","dateModified":"2021-02-19T09:29:01+00:00","description":"Votre entreprise doit s'appuyer sur des outils de communications d\u2019une qualit\u00e9 irr\u00e9prochable pour que vos collaborateurs acc\u00e8dent aux informations dont ils ont besoin.","breadcrumb":{"@id":"https:\/\/legacy.colt.net\/fr\/solutions\/voice\/#breadcrumb"},"inLanguage":"fr-FR","potentialAction":[{"@type":"ReadAction","target":["https:\/\/legacy.colt.net\/fr\/solutions\/voice\/"]}]},{"@type":"ImageObject","inLanguage":"fr-FR","@id":"https:\/\/legacy.colt.net\/fr\/solutions\/voice\/#primaryimage","url":"https:\/\/legacy.colt.net\/wp-content\/uploads\/2021\/01\/Impactful-customer-communication.png","contentUrl":"https:\/\/legacy.colt.net\/wp-content\/uploads\/2021\/01\/Impactful-customer-communication.png"},{"@type":"BreadcrumbList","@id":"https:\/\/legacy.colt.net\/fr\/solutions\/voice\/#breadcrumb","itemListElement":[{"@type":"ListItem","position":1,"name":"Home","item":"https:\/\/legacy.colt.net\/fr\/"},{"@type":"ListItem","position":2,"name":"Solutions","item":"https:\/\/legacy.colt.net\/fr\/solutions\/"},{"@type":"ListItem","position":3,"name":"Un outil de communication efficace pour les entreprises"}]},{"@type":"WebSite","@id":"https:\/\/legacy.colt.net\/#website","url":"https:\/\/legacy.colt.net\/","name":"Colt\u30c6\u30af\u30ce\u30ed\u30b8\u30fc\u30b5\u30fc\u30d3\u30b9\u682a\u5f0f\u4f1a\u793e","description":"Managed Network &amp; Voice Services Provider","publisher":{"@id":"https:\/\/legacy.colt.net\/#organization"},"potentialAction":[{"@type":"SearchAction","target":{"@type":"EntryPoint","urlTemplate":"https:\/\/legacy.colt.net\/?s={search_term_string}"},"query-input":{"@type":"PropertyValueSpecification","valueRequired":true,"valueName":"search_term_string"}}],"inLanguage":"fr-FR"},{"@type":"Organization","@id":"https:\/\/legacy.colt.net\/#organization","name":"Colt Technology Services","url":"https:\/\/legacy.colt.net\/","logo":{"@type":"ImageObject","inLanguage":"fr-FR","@id":"https:\/\/legacy.colt.net\/#\/schema\/logo\/image\/","url":"https:\/\/legacy.colt.net\/wp-content\/uploads\/2019\/02\/Colt-Logo.png","contentUrl":"https:\/\/legacy.colt.net\/wp-content\/uploads\/2019\/02\/Colt-Logo.png","width":195,"height":77,"caption":"Colt Technology Services"},"image":{"@id":"https:\/\/legacy.colt.net\/#\/schema\/logo\/image\/"},"sameAs":["https:\/\/www.facebook.com\/ColtTechnologyServices\/","https:\/\/x.com\/colt_technology","https:\/\/www.instagram.com\/colttechnologyservices\/","https:\/\/www.linkedin.com\/company\/colt-technology-services","https:\/\/www.youtube.com\/user\/ColtTechnology"]}]}},"_links":{"self":[{"href":"https:\/\/legacy.colt.net\/fr\/wp-json\/wp\/v2\/pages\/90402","targetHints":{"allow":["GET"]}}],"collection":[{"href":"https:\/\/legacy.colt.net\/fr\/wp-json\/wp\/v2\/pages"}],"about":[{"href":"https:\/\/legacy.colt.net\/fr\/wp-json\/wp\/v2\/types\/page"}],"author":[{"embeddable":true,"href":"https:\/\/legacy.colt.net\/fr\/wp-json\/wp\/v2\/users\/2"}],"replies":[{"embeddable":true,"href":"https:\/\/legacy.colt.net\/fr\/wp-json\/wp\/v2\/comments?post=90402"}],"version-history":[{"count":0,"href":"https:\/\/legacy.colt.net\/fr\/wp-json\/wp\/v2\/pages\/90402\/revisions"}],"up":[{"embeddable":true,"href":"https:\/\/legacy.colt.net\/fr\/wp-json\/wp\/v2\/pages\/91322"}],"wp:attachment":[{"href":"https:\/\/legacy.colt.net\/fr\/wp-json\/wp\/v2\/media?parent=90402"}],"wp:term":[{"taxonomy":"colt_type","embeddable":true,"href":"https:\/\/legacy.colt.net\/fr\/wp-json\/wp\/v2\/colt_type?post=90402"},{"taxonomy":"colt_products","embeddable":true,"href":"https:\/\/legacy.colt.net\/fr\/wp-json\/wp\/v2\/colt_products?post=90402"}],"curies":[{"name":"wp","href":"https:\/\/api.w.org\/{rel}","templated":true}]}}