{"id":90310,"date":"2021-01-09T09:11:10","date_gmt":"2021-01-09T09:11:10","guid":{"rendered":"https:\/\/www.colt.net\/core-network\/"},"modified":"2021-02-19T09:27:41","modified_gmt":"2021-02-19T09:27:41","slug":"core-network","status":"publish","type":"page","link":"https:\/\/legacy.colt.net\/fr\/solutions\/core-network\/","title":{"rendered":"Exigez une connectivit\u00e9 large bande performante et s\u00e9curis\u00e9e"},"content":{"rendered":"\r\n<h1>Cr\u00e9ez votre r\u00e9seau central<\/h1>\r\n<h2>Exigez une connectivit\u00e9 large bande performante et s\u00e9curis\u00e9e<\/h2>\r\n<nav class=\"breadcrumb\"><span><span><a href=\"https:\/\/legacy.colt.net\/fr\/\">Home<\/a><\/span><\/span><\/nav>\r\n<p><img loading=\"lazy\" decoding=\"async\" title=\"Building your core network\" src=\"https:\/\/legacy.colt.net\/wp-content\/uploads\/2021\/01\/Building-your-core-network.png\" alt=\"Building your core network\" width=\"1000\" height=\"1125\" \/><\/p>\r\n<h2>Quels d\u00e9fis pour les entreprises modernes ?<\/h2>\r\n<p>En raison de l&#8217;essor du cloud et de volumes de donn\u00e9es qui augmentent chaque jour de fa\u00e7on exponentielle, la qualit\u00e9 et la couverture de votre dorsale de haute capacit\u00e9 sont plus importantes que jamais, pour votre entreprise comme pour ses clients. Voici pourquoi\u00a0:<\/p>\r\n<h4>1. La demande de bande passante continue d&#8217;augmenter rapidement dans toutes les r\u00e9gions.<\/h4>\r\n<p>Selon <a href=\"https:\/\/www.equinix.co.uk\/gxi-report\/\">une r\u00e9cente \u00e9tude d&#8217;Equinix<\/a>, la bande passante d&#8217;interconnexion devrait augmenter au rythme annuel (TCAC) de 45\u00a0% \u00e0 travers le monde pour atteindre 16\u00a0307 Tbits\/s d&#8217;ici \u00e0 2023.<\/p>\r\n<h4>2. L&#8217;acc\u00e8s \u00e0 un r\u00e9seau central de grande capacit\u00e9 et s\u00e9curis\u00e9 est indispensable pour satisfaire les exigences des clients.<\/h4>\r\n<p>Les entreprises devraient faire g\u00e9n\u00e9rer une augmentation annuelle de la bande passante d&#8217;interconnexion de <a href=\"https:\/\/www.equinix.co.uk\/gxi-report\/\">50\u00a0% d&#8217;ici \u00e0 2023<\/a>\u00a0; dans cette optique, les revendeurs \u00ab\u00a0wholesale\u00a0\u00bb doivent imm\u00e9diatement prendre les mesures n\u00e9cessaires pour r\u00e9pondre \u00e0 cette demande.<\/p>\r\n<h2>Une connectivit\u00e9 performante<\/h2>\r\n<p>Vous devez pouvoir vous appuyer sur un partenaire dont les services de connectivit\u00e9 sont disponibles partout o\u00f9 vous en avez besoin, et qui vous assurera une visibilit\u00e9 et un engagement de service de bout en bout au c\u0153ur d&#8217;une infrastructure pleinement s\u00e9curis\u00e9e.<\/p>\r\n<p>Que vous souhaitiez transporter d&#8217;importants volumes de donn\u00e9es entre vos principaux data centres, ou vous doter d&#8217;une connectivit\u00e9 d\u00e9di\u00e9e \u00e0 haut d\u00e9bit, vous devez faire confiance \u00e0 un partenaire hors pair.<\/p>\r\n<p>Nous partageons les m\u00eames d\u00e9fis. Avec pr\u00e8s de 30 ans d&#8217;exp\u00e9rience, nous investissons non seulement dans notre r\u00e9seau, mais \u00e9galement dans les services et l&#8217;assistance dont il a besoin pour \u00eatre en permanence \u00e0 la hauteur de vos exigences.<\/p>\r\n<p><img loading=\"lazy\" decoding=\"async\" title=\"On-Demand-1 (1)\" src=\"https:\/\/legacy.colt.net\/wp-content\/uploads\/2021\/01\/On-Demand-1-1.png\" alt=\"On-Demand-1 (1)\" width=\"891\" height=\"1002\" \/><\/p>\r\n<h2>Votre partenaire de confiance pour b\u00e2tir votre r\u00e9seau<\/h2>\r\n<p>Colt est le partenaire id\u00e9al pour aider votre entreprise \u00e0 construire sa dorsale haute capacit\u00e9 avec la meilleure exp\u00e9rience possible, pour vous comme pour vos clients.<\/p>\r\n<p><strong>Priorit\u00e9 au client<br \/><\/strong>Notre score NPS (<em>Net Promoter Score<\/em>), l&#8217;un des plus \u00e9lev\u00e9s de l&#8217;industrie, souligne notre engagement sans faille en faveur de nos clients et notre volont\u00e9 de leur offrir une exp\u00e9rience hors pair. <strong>Experience Utilisateur (UX)<br \/><\/strong>\u00c0 partir de nos portails interactifs, nos clients b\u00e9n\u00e9ficient d&#8217;une visibilit\u00e9 int\u00e9grale et d&#8217;un contr\u00f4le total de leur r\u00e9seau. Quelques minutes suffisent pour moduler ses performances \u00e0 la hausse ou \u00e0 la baisse, en fonction de leurs besoins. <strong>Innovation<br \/><\/strong>Notre position de leader est solidement \u00e9tabli sur le march\u00e9 des solutions de virtualisation des fonctions r\u00e9seau (NFV) et des r\u00e9seaux d\u00e9finis par logiciel (SDN). En outre, l&#8217;exp\u00e9rience client b\u00e9n\u00e9ficie dans une large mesure de l&#8217;utilisation de technologies bas\u00e9es sur l&#8217;intelligence artificielle et l&#8217;apprentissage automatique.<\/p>\r\n<h2>R\u00e9pondre aux besoins de votre r\u00e9seau d&#8217;entreprise<\/h2>\r\n<p><a href=\"https:\/\/legacy.colt.net\/product\/isdn-voice-services\/\" target=\"_self\" rel=\"noopener noreferrer\"> <img loading=\"lazy\" decoding=\"async\" title=\"Ethernet\" src=\"https:\/\/legacy.colt.net\/wp-content\/uploads\/2020\/12\/Ethernet.png\" alt=\"Ethernet\" width=\"800\" height=\"800\" \/> <\/a><\/p>\r\n<p>Connectez vos sites ais\u00e9ment, en toute s\u00e9curit\u00e9 et au meilleur co\u00fbt, au niveau m\u00e9tropolitain (boucle locale), national ou international.<\/p>\r\n<p><a href=\"https:\/\/legacy.colt.net\/product\/sip-trunking\/\" target=\"_self\" rel=\"noopener noreferrer\"> <img decoding=\"async\" title=\"Fullenergy Limited_1215\" src=\"https:\/\/legacy.colt.net\/wp-content\/uploads\/2020\/12\/Wave.png\" alt=\"Fullenergy Limited_1215\" \/> <\/a><\/p>\r\n<p>Acc\u00e9dez \u00e0 une connectivit\u00e9 de haute performance enti\u00e8rement manag\u00e9e \u00e0 des d\u00e9bits pouvant atteindre 100\u00a0G et avec un niveau optimum de s\u00e9curit\u00e9 et de fiabilit\u00e9.<\/p>\r\n<p><a href=\"https:\/\/legacy.colt.net\/product\/intelligent-communications\/\" target=\"_self\" rel=\"noopener noreferrer\"> <img decoding=\"async\" title=\"Hayley Dare\" src=\"https:\/\/legacy.colt.net\/wp-content\/uploads\/2020\/12\/Spectrum.png\" alt=\"Hayley Dare\" \/> <\/a><\/p>\r\n<p>Construisez votre propre syst\u00e8me de ligne ouverte haute capacit\u00e9 avec des d\u00e9penses d&#8217;investissement r\u00e9duites et sans impact sur les performances du r\u00e9seau.<\/p>\r\n<p><a href=\"https:\/\/legacy.colt.net\/product\/intelligent-communications\/\" target=\"_self\" rel=\"noopener noreferrer\"> <img decoding=\"async\" title=\"720x450-Fullenergy-logo\" src=\"https:\/\/legacy.colt.net\/wp-content\/uploads\/2020\/12\/Dark-Fibre.png\" alt=\"720x450-Fullenergy-logo\" \/> <\/a><\/p>\r\n<p>Cr\u00e9ez votre r\u00e9seau dorsal d\u00e9di\u00e9 haute capacit\u00e9 avec une ma\u00eetrise et une flexibilit\u00e9 maximales.<\/p>\r\n<p><a role=\"button\" href=\"https:\/\/legacy.colt.net\/fr\/product\/services-isdn-voice\/\" target=\"_self\" rel=\"noopener noreferrer\"> En savoir plus <\/a> <a role=\"button\" href=\"https:\/\/legacy.colt.net\/fr\/sip-trunking-isdn-services\/\" target=\"_self\" rel=\"noopener noreferrer\"> En savoir plus <\/a> <a role=\"button\" href=\"https:\/\/legacy.colt.net\/fr\/product\/colt-intelligent-communications\/\" target=\"_self\" rel=\"noopener noreferrer\"> En savoir plus <\/a> <a role=\"button\" href=\"https:\/\/legacy.colt.net\/fr\/product\/dark-fibre\/\" target=\"_self\" rel=\"noopener noreferrer\"> En savoir plus <\/a><\/p>\r\n<h2>R\u00e9seau Colt IQ : Une dorsale fiable et intelligente<\/h2>\r\n<p>Nos solutions de connectivit\u00e9 s&#8217;appuient sur notre Colt IQ, le meilleur r\u00e9seau intelligent pour une exp\u00e9rience optimale, avec un acc\u00e8s direct aux march\u00e9s financiers d&#8217;Europe, d&#8217;Asie-Pacifique et d&#8217;Am\u00e9rique du Nord.<\/p>\r\n<p><a role=\"button\" href=\"https:\/\/legacy.colt.net\/fr\/colt-network-map\/\" target=\"_blank\" rel=\"noopener noreferrer\"> V\u00e9rifiez votre connectivit\u00e9 <\/a><\/p>\r\n<h2>Parler \u00e0 un sp\u00e9cialiste des r\u00e9seaux<\/h2>\r\n<p>Nos services de connectivit\u00e9 prim\u00e9s vous permettent d&#8217;interconnecter vos activit\u00e9s en toute transparence pour relever de nouveaux d\u00e9fis et saisir de nouvelles opportunit\u00e9s.<\/p>\r\n<p>Quels que soient vos d\u00e9fis ou vos probl\u00e9matiques, nos experts vous guideront dans votre parcours vers une connectivit\u00e9 performante.<\/p>\r\n<p>Vous pouvez \u00e9galement nous joindre \u00e0 partir de notre <a href=\"https:\/\/legacy.colt.net\/fr\/contact-us\/\">centre de contact<\/a>.<\/p>\r\n<p>[hubspot type=form portal=344164 id=efe9b5f7-7d48-4f0a-a125-cc234efbf1df]<\/p>\r\n<h2>Envie d&#8217;en savoir plus ?<\/h2>\r\n<p><strong>Etude de cas<br \/><\/strong>Wifirst int\u00e8gre \u00e9galement la connectivit\u00e9 Colt dans son r\u00e9seau dorsal international.\u00a0 <a href=\"https:\/\/legacy.colt.net\/fr\/resources\/wifirst\/\">En savoir plus<\/a> <strong>T\u00e9l\u00e9charger le livre blanc<br \/><\/strong>Ultra-haut d\u00e9bit &#8211; Vers des donn\u00e9es haute densit\u00e9 pour un avenir num\u00e9rique. <a href=\"https:\/\/legacy.colt.net\/fr\/resources\/ultra-haut-debit\/\">En savoir plus<\/a> <strong>Pourquoi choisir Colt ?<br \/><\/strong>Colt est la nouvelle norme en mati\u00e8re de services voix et r\u00e9seau \u00e0 large bande passante pour les entreprises et les clients wholesale en Europe, en Asie et en Am\u00e9rique du Nord. <a href=\"https:\/\/legacy.colt.net\/fr\/why-colt\/\">En savoir plus<\/a> <strong>Colt IQ Network<br \/><\/strong>Notre r\u00e9seau international s&#8217;\u00e9tend sur trois continents, avec des infrastructures exploit\u00e9es en propre par Colt dans 32 pays.<br \/><a href=\"https:\/\/legacy.colt.net\/fr\/colt-iq-network\/\">En savoir plus<\/a> <strong>Etude de cas<br \/><\/strong>Colt r\u00e9pond aux attentes de connectivit\u00e9 Internet des entreprises gr\u00e2ce \u00e0 un r\u00e9seau international d&#8217;immeubles de bureaux connect\u00e9s. <a href=\"https:\/\/legacy.colt.net\/fr\/resources\/welkin-meraki\/\">En savoir plus<\/a> <strong>News<br \/><\/strong>Colt annonce la nomination de Keri Gilder au poste de Chief Executive Officer. <a href=\"https:\/\/legacy.colt.net\/fr\/resources\/colt-annonce-la-nomination-de-keri-gilder-au-poste-de-chief-executive-officer\/\">En savoir plus<\/a><\/p>\r\n","protected":false},"excerpt":{"rendered":"<p>Cr\u00e9ez votre r\u00e9seau central Exigez une connectivit\u00e9 large bande performante et s\u00e9curis\u00e9e Quels d\u00e9fis pour les entreprises modernes ? En raison de l&#8217;essor du cloud et de volumes de donn\u00e9es qui augmentent chaque jour de fa\u00e7on exponentielle, la qualit\u00e9 et la couverture de votre dorsale de haute capacit\u00e9 sont plus importantes que jamais, pour votre&#8230;<\/p>\n","protected":false},"author":2,"featured_media":0,"parent":91322,"menu_order":0,"comment_status":"closed","ping_status":"closed","template":"","meta":{"_acf_changed":false,"footnotes":""},"colt_type":[],"colt_products":[],"class_list":["post-90310","page","type-page","status-publish","hentry"],"acf":[],"yoast_head":"<!-- This site is optimized with the Yoast SEO plugin v26.8 - https:\/\/yoast.com\/product\/yoast-seo-wordpress\/ -->\n<title>Exigez une connectivit\u00e9 large bande performante et s\u00e9curis\u00e9e - Colt<\/title>\n<meta name=\"description\" content=\"Vous devez pouvoir vous appuyer sur un partenaire dont les services de connectivit\u00e9 sont disponibles partout o\u00f9 vous en avez besoin\" \/>\n<meta name=\"robots\" content=\"noindex, follow, max-snippet:-1, max-image-preview:large, max-video-preview:-1\" \/>\n<meta property=\"og:locale\" content=\"fr_FR\" \/>\n<meta property=\"og:type\" content=\"article\" \/>\n<meta property=\"og:title\" content=\"Exigez une connectivit\u00e9 large bande performante et s\u00e9curis\u00e9e - Colt\" \/>\n<meta property=\"og:description\" content=\"Vous devez pouvoir vous appuyer sur un partenaire dont les services de connectivit\u00e9 sont disponibles partout o\u00f9 vous en avez besoin\" \/>\n<meta property=\"og:url\" content=\"https:\/\/legacy.colt.net\/fr\/solutions\/core-network\/\" \/>\n<meta property=\"og:site_name\" content=\"Colt Technology Services\" \/>\n<meta property=\"article:publisher\" content=\"https:\/\/www.facebook.com\/ColtTechnologyServices\/\" \/>\n<meta property=\"article:modified_time\" content=\"2021-02-19T09:27:41+00:00\" \/>\n<meta property=\"og:image\" content=\"https:\/\/legacy.colt.net\/wp-content\/uploads\/2021\/01\/Brand-2021-Stock-29.jpg\" \/>\n\t<meta property=\"og:image:width\" content=\"1000\" \/>\n\t<meta property=\"og:image:height\" content=\"667\" \/>\n\t<meta property=\"og:image:type\" content=\"image\/jpeg\" \/>\n<meta name=\"twitter:card\" content=\"summary_large_image\" \/>\n<meta name=\"twitter:site\" content=\"@colt_technology\" \/>\n<meta name=\"twitter:label1\" content=\"Est. reading time\" \/>\n\t<meta name=\"twitter:data1\" content=\"4 minutes\" \/>\n<script type=\"application\/ld+json\" class=\"yoast-schema-graph\">{\"@context\":\"https:\/\/schema.org\",\"@graph\":[{\"@type\":\"WebPage\",\"@id\":\"https:\/\/legacy.colt.net\/fr\/solutions\/core-network\/\",\"url\":\"https:\/\/legacy.colt.net\/fr\/solutions\/core-network\/\",\"name\":\"Exigez une connectivit\u00e9 large bande performante et s\u00e9curis\u00e9e - Colt\",\"isPartOf\":{\"@id\":\"https:\/\/legacy.colt.net\/#website\"},\"primaryImageOfPage\":{\"@id\":\"https:\/\/legacy.colt.net\/fr\/solutions\/core-network\/#primaryimage\"},\"image\":{\"@id\":\"https:\/\/legacy.colt.net\/fr\/solutions\/core-network\/#primaryimage\"},\"thumbnailUrl\":\"https:\/\/legacy.colt.net\/wp-content\/uploads\/2021\/01\/Building-your-core-network.png\",\"datePublished\":\"2021-01-09T09:11:10+00:00\",\"dateModified\":\"2021-02-19T09:27:41+00:00\",\"description\":\"Vous devez pouvoir vous appuyer sur un partenaire dont les services de connectivit\u00e9 sont disponibles partout o\u00f9 vous en avez besoin\",\"breadcrumb\":{\"@id\":\"https:\/\/legacy.colt.net\/fr\/solutions\/core-network\/#breadcrumb\"},\"inLanguage\":\"fr-FR\",\"potentialAction\":[{\"@type\":\"ReadAction\",\"target\":[\"https:\/\/legacy.colt.net\/fr\/solutions\/core-network\/\"]}]},{\"@type\":\"ImageObject\",\"inLanguage\":\"fr-FR\",\"@id\":\"https:\/\/legacy.colt.net\/fr\/solutions\/core-network\/#primaryimage\",\"url\":\"https:\/\/legacy.colt.net\/wp-content\/uploads\/2021\/01\/Building-your-core-network.png\",\"contentUrl\":\"https:\/\/legacy.colt.net\/wp-content\/uploads\/2021\/01\/Building-your-core-network.png\"},{\"@type\":\"BreadcrumbList\",\"@id\":\"https:\/\/legacy.colt.net\/fr\/solutions\/core-network\/#breadcrumb\",\"itemListElement\":[{\"@type\":\"ListItem\",\"position\":1,\"name\":\"Home\",\"item\":\"https:\/\/legacy.colt.net\/fr\/\"},{\"@type\":\"ListItem\",\"position\":2,\"name\":\"Solutions\",\"item\":\"https:\/\/legacy.colt.net\/fr\/solutions\/\"},{\"@type\":\"ListItem\",\"position\":3,\"name\":\"Exigez une connectivit\u00e9 large bande performante et s\u00e9curis\u00e9e\"}]},{\"@type\":\"WebSite\",\"@id\":\"https:\/\/legacy.colt.net\/#website\",\"url\":\"https:\/\/legacy.colt.net\/\",\"name\":\"Colt\u30c6\u30af\u30ce\u30ed\u30b8\u30fc\u30b5\u30fc\u30d3\u30b9\u682a\u5f0f\u4f1a\u793e\",\"description\":\"Managed Network &amp; Voice Services Provider\",\"publisher\":{\"@id\":\"https:\/\/legacy.colt.net\/#organization\"},\"potentialAction\":[{\"@type\":\"SearchAction\",\"target\":{\"@type\":\"EntryPoint\",\"urlTemplate\":\"https:\/\/legacy.colt.net\/?s={search_term_string}\"},\"query-input\":{\"@type\":\"PropertyValueSpecification\",\"valueRequired\":true,\"valueName\":\"search_term_string\"}}],\"inLanguage\":\"fr-FR\"},{\"@type\":\"Organization\",\"@id\":\"https:\/\/legacy.colt.net\/#organization\",\"name\":\"Colt Technology Services\",\"url\":\"https:\/\/legacy.colt.net\/\",\"logo\":{\"@type\":\"ImageObject\",\"inLanguage\":\"fr-FR\",\"@id\":\"https:\/\/legacy.colt.net\/#\/schema\/logo\/image\/\",\"url\":\"https:\/\/legacy.colt.net\/wp-content\/uploads\/2019\/02\/Colt-Logo.png\",\"contentUrl\":\"https:\/\/legacy.colt.net\/wp-content\/uploads\/2019\/02\/Colt-Logo.png\",\"width\":195,\"height\":77,\"caption\":\"Colt Technology Services\"},\"image\":{\"@id\":\"https:\/\/legacy.colt.net\/#\/schema\/logo\/image\/\"},\"sameAs\":[\"https:\/\/www.facebook.com\/ColtTechnologyServices\/\",\"https:\/\/x.com\/colt_technology\",\"https:\/\/www.instagram.com\/colttechnologyservices\/\",\"https:\/\/www.linkedin.com\/company\/colt-technology-services\",\"https:\/\/www.youtube.com\/user\/ColtTechnology\"]}]}<\/script>\n<!-- \/ Yoast SEO plugin. -->","yoast_head_json":{"title":"Exigez une connectivit\u00e9 large bande performante et s\u00e9curis\u00e9e - Colt","description":"Vous devez pouvoir vous appuyer sur un partenaire dont les services de connectivit\u00e9 sont disponibles partout o\u00f9 vous en avez besoin","robots":{"index":"noindex","follow":"follow","max-snippet":"max-snippet:-1","max-image-preview":"max-image-preview:large","max-video-preview":"max-video-preview:-1"},"og_locale":"fr_FR","og_type":"article","og_title":"Exigez une connectivit\u00e9 large bande performante et s\u00e9curis\u00e9e - Colt","og_description":"Vous devez pouvoir vous appuyer sur un partenaire dont les services de connectivit\u00e9 sont disponibles partout o\u00f9 vous en avez besoin","og_url":"https:\/\/legacy.colt.net\/fr\/solutions\/core-network\/","og_site_name":"Colt Technology Services","article_publisher":"https:\/\/www.facebook.com\/ColtTechnologyServices\/","article_modified_time":"2021-02-19T09:27:41+00:00","og_image":[{"width":1000,"height":667,"url":"https:\/\/legacy.colt.net\/wp-content\/uploads\/2021\/01\/Brand-2021-Stock-29.jpg","type":"image\/jpeg"}],"twitter_card":"summary_large_image","twitter_site":"@colt_technology","twitter_misc":{"Est. reading time":"4 minutes"},"schema":{"@context":"https:\/\/schema.org","@graph":[{"@type":"WebPage","@id":"https:\/\/legacy.colt.net\/fr\/solutions\/core-network\/","url":"https:\/\/legacy.colt.net\/fr\/solutions\/core-network\/","name":"Exigez une connectivit\u00e9 large bande performante et s\u00e9curis\u00e9e - Colt","isPartOf":{"@id":"https:\/\/legacy.colt.net\/#website"},"primaryImageOfPage":{"@id":"https:\/\/legacy.colt.net\/fr\/solutions\/core-network\/#primaryimage"},"image":{"@id":"https:\/\/legacy.colt.net\/fr\/solutions\/core-network\/#primaryimage"},"thumbnailUrl":"https:\/\/legacy.colt.net\/wp-content\/uploads\/2021\/01\/Building-your-core-network.png","datePublished":"2021-01-09T09:11:10+00:00","dateModified":"2021-02-19T09:27:41+00:00","description":"Vous devez pouvoir vous appuyer sur un partenaire dont les services de connectivit\u00e9 sont disponibles partout o\u00f9 vous en avez besoin","breadcrumb":{"@id":"https:\/\/legacy.colt.net\/fr\/solutions\/core-network\/#breadcrumb"},"inLanguage":"fr-FR","potentialAction":[{"@type":"ReadAction","target":["https:\/\/legacy.colt.net\/fr\/solutions\/core-network\/"]}]},{"@type":"ImageObject","inLanguage":"fr-FR","@id":"https:\/\/legacy.colt.net\/fr\/solutions\/core-network\/#primaryimage","url":"https:\/\/legacy.colt.net\/wp-content\/uploads\/2021\/01\/Building-your-core-network.png","contentUrl":"https:\/\/legacy.colt.net\/wp-content\/uploads\/2021\/01\/Building-your-core-network.png"},{"@type":"BreadcrumbList","@id":"https:\/\/legacy.colt.net\/fr\/solutions\/core-network\/#breadcrumb","itemListElement":[{"@type":"ListItem","position":1,"name":"Home","item":"https:\/\/legacy.colt.net\/fr\/"},{"@type":"ListItem","position":2,"name":"Solutions","item":"https:\/\/legacy.colt.net\/fr\/solutions\/"},{"@type":"ListItem","position":3,"name":"Exigez une connectivit\u00e9 large bande performante et s\u00e9curis\u00e9e"}]},{"@type":"WebSite","@id":"https:\/\/legacy.colt.net\/#website","url":"https:\/\/legacy.colt.net\/","name":"Colt\u30c6\u30af\u30ce\u30ed\u30b8\u30fc\u30b5\u30fc\u30d3\u30b9\u682a\u5f0f\u4f1a\u793e","description":"Managed Network &amp; Voice Services Provider","publisher":{"@id":"https:\/\/legacy.colt.net\/#organization"},"potentialAction":[{"@type":"SearchAction","target":{"@type":"EntryPoint","urlTemplate":"https:\/\/legacy.colt.net\/?s={search_term_string}"},"query-input":{"@type":"PropertyValueSpecification","valueRequired":true,"valueName":"search_term_string"}}],"inLanguage":"fr-FR"},{"@type":"Organization","@id":"https:\/\/legacy.colt.net\/#organization","name":"Colt Technology Services","url":"https:\/\/legacy.colt.net\/","logo":{"@type":"ImageObject","inLanguage":"fr-FR","@id":"https:\/\/legacy.colt.net\/#\/schema\/logo\/image\/","url":"https:\/\/legacy.colt.net\/wp-content\/uploads\/2019\/02\/Colt-Logo.png","contentUrl":"https:\/\/legacy.colt.net\/wp-content\/uploads\/2019\/02\/Colt-Logo.png","width":195,"height":77,"caption":"Colt Technology Services"},"image":{"@id":"https:\/\/legacy.colt.net\/#\/schema\/logo\/image\/"},"sameAs":["https:\/\/www.facebook.com\/ColtTechnologyServices\/","https:\/\/x.com\/colt_technology","https:\/\/www.instagram.com\/colttechnologyservices\/","https:\/\/www.linkedin.com\/company\/colt-technology-services","https:\/\/www.youtube.com\/user\/ColtTechnology"]}]}},"_links":{"self":[{"href":"https:\/\/legacy.colt.net\/fr\/wp-json\/wp\/v2\/pages\/90310","targetHints":{"allow":["GET"]}}],"collection":[{"href":"https:\/\/legacy.colt.net\/fr\/wp-json\/wp\/v2\/pages"}],"about":[{"href":"https:\/\/legacy.colt.net\/fr\/wp-json\/wp\/v2\/types\/page"}],"author":[{"embeddable":true,"href":"https:\/\/legacy.colt.net\/fr\/wp-json\/wp\/v2\/users\/2"}],"replies":[{"embeddable":true,"href":"https:\/\/legacy.colt.net\/fr\/wp-json\/wp\/v2\/comments?post=90310"}],"version-history":[{"count":0,"href":"https:\/\/legacy.colt.net\/fr\/wp-json\/wp\/v2\/pages\/90310\/revisions"}],"up":[{"embeddable":true,"href":"https:\/\/legacy.colt.net\/fr\/wp-json\/wp\/v2\/pages\/91322"}],"wp:attachment":[{"href":"https:\/\/legacy.colt.net\/fr\/wp-json\/wp\/v2\/media?parent=90310"}],"wp:term":[{"taxonomy":"colt_type","embeddable":true,"href":"https:\/\/legacy.colt.net\/fr\/wp-json\/wp\/v2\/colt_type?post=90310"},{"taxonomy":"colt_products","embeddable":true,"href":"https:\/\/legacy.colt.net\/fr\/wp-json\/wp\/v2\/colt_products?post=90310"}],"curies":[{"name":"wp","href":"https:\/\/api.w.org\/{rel}","templated":true}]}}