{"id":90285,"date":"2021-01-09T09:09:53","date_gmt":"2021-01-09T09:09:53","guid":{"rendered":"https:\/\/www.colt.net\/enterprise\/"},"modified":"2021-07-27T11:49:13","modified_gmt":"2021-07-27T10:49:13","slug":"enterprise","status":"publish","type":"page","link":"https:\/\/legacy.colt.net\/fr\/solutions\/enterprise\/","title":{"rendered":"Connectez votre r\u00e9seau d\u2019entreprise"},"content":{"rendered":"\n<h1>\n\t\tConnect to the cloud\n\t<\/h1>\n<h2>\n\t\tAcc\u00e9l\u00e9rez votre transformation num\u00e9rique\n\t<\/h2>\n\t<nav class=\"breadcrumb\"><span><span><a href=\"https:\/\/legacy.colt.net\/fr\/\">Home<\/a><\/span><\/span><\/nav>\n\t\t\t\t<img loading=\"lazy\" decoding=\"async\" src=\"https:\/\/legacy.colt.net\/wp-content\/uploads\/2021\/01\/Connecting-your-enterprise-network.png\" alt=\"Connecting your enterprise network\" itemprop=\"image\" height=\"1125\" width=\"1000\" title=\"Connecting your enterprise network\" onerror=\"this.style.display='none'\"  \/>\n<h2>\n\t\tQuels d\u00e9fis pour les entreprises modernes ?\n\t<\/h2>\n\t<p>Si la r\u00e9silience constitue une priorit\u00e9 pour la plupart des DSI, le r\u00e9seau est le v\u00e9ritable poumon d&#8217;un grand nombre d&#8217;entreprises. Mais aujourd&#8217;hui plus que jamais, il doit \u00eatre capable de supporter les variations constantes qui caract\u00e9risent les flux de trafic et d&#8217;utilisation des applications, ainsi que l&#8217;ajout permanent de nouveaux p\u00e9riph\u00e9riques connect\u00e9s &#8211; des changements qui peuvent survenir \u00e0 tout moment.<\/p>\n\t\t\t<h4>L&#8217;\u00e9volution de la technologie et d&#8217;autres facteurs externes induisent un changement rapide des exigences qui r\u00e9gissent le bon fonctionnement des r\u00e9seaux d&#8217;entreprise.<\/h4>\t\t\t\n\t\t\t\t<p><a href=\"https:\/\/www.cisco.com\/c\/en\/us\/solutions\/collateral\/executive-perspectives\/annual-internet-report\/white-paper-c11-741490.html\">Cisco<\/a> pr\u00e9voit qu&#8217;en 2023, le nombre de p\u00e9riph\u00e9riques connect\u00e9s \u00e0 des r\u00e9seaux IP sera trois fois plus \u00e9lev\u00e9 que le nombre d&#8217;habitants que comptera la plan\u00e8te, soit quelque 29,3\u00a0milliards d&#8217;appareils\u00a0! De plus, <a href=\"https:\/\/www.gartner.com\/en\/newsroom\/press-releases\/2020-04-03-gartner-cfo-surey-reveals-74-percent-of-organizations-to-shift-some-employees-to-remote-work-permanently2\">74\u00a0% des entreprises<\/a> emploieront un plus grand nombre de personnes en t\u00e9l\u00e9travail qu&#8217;avant la pand\u00e9mie.<\/p>\n<h3>\n\t\tUne connectivit\u00e9 performante \n\t<\/h3>\n\t\t\t<h4>Pour s&#8217;imposer sur le march\u00e9, les entreprises n&#8217;ont d\u00e9sormais d&#8217;autre choix que de s&#8217;\u00e9quiper d&#8217;un r\u00e9seau intelligent qui assure une connectivit\u00e9 fiable et s\u00e9curis\u00e9e, et peut faire face \u00e0 d&#8217;incessants changements.<\/h4>\t\t\t\n\t\t\t\t<p>Pour <a href=\"https:\/\/www.gartner.com\/en\/documents\/3981830\/coronavirus-in-mind-make-remote-work-successful-\">54\u00a0% des responsables des ressources humaines<\/a>, la m\u00e9diocrit\u00e9 des technologies et\/ou des infrastructures est un obstacle majeur \u00e0 l&#8217;efficacit\u00e9 du t\u00e9l\u00e9travail, tandis que <a href=\"https:\/\/legacy.colt.net\/fr\/resources\/state-of-the-cloud\/\">59\u00a0% des entreprises<\/a> estiment que la s\u00e9curit\u00e9 et la fiabilit\u00e9 des connexions sont les principaux d\u00e9fis \u00e0 relever pour mener la migration vers le cloud avec succ\u00e8s.<\/p>\n<p>Il ne suffit plus d&#8217;\u00eatre r\u00e9actif face \u00e0 des d\u00e9fis tels que la migration vers le cloud, l&#8217;augmentation du travail \u00e0 distance ou l&#8217;ouverture \u00e0 de nouveaux sites. Les entreprises ont besoin d&#8217;un r\u00e9seau taill\u00e9 pour s&#8217;adapter au changement et qui leur procure une plateforme durable pour poursuivre leur parcours vers la transformation num\u00e9rique.<\/p>\n\n\t\t\t\t<img loading=\"lazy\" decoding=\"async\" src=\"https:\/\/legacy.colt.net\/wp-content\/uploads\/2021\/01\/Connecting-to-the-cloud-1.png\" alt=\"Connecting-to-the-cloud-1\" itemprop=\"image\" height=\"1002\" width=\"891\" title=\"Connecting-to-the-cloud-1\" onerror=\"this.style.display='none'\"  \/>\n<h2>\n\t\tVotre partenaire de confiance en mati\u00e8re de connectivit\u00e9\n\t<\/h2>\n\t<p>Colt est un partenaire sur lequel votre entreprise peut compter pour acc\u00e9l\u00e9rer son processus de transformation num\u00e9rique et prendre le bon virage dans un monde en pleine mutation.<\/p>\n\t<strong>Priorit\u00e9 au client<br \/>\n<\/strong>Votre exp\u00e9rience en tant que client compte plus que tout pour Colt. C&#8217;est pour cette raison que notre score NPS (<em>Net Promoter Score<\/em>) est l&#8217;un des plus \u00e9lev\u00e9s dans notre domaine d&#8217;activit\u00e9.\n\t<strong>Experience Utilisateur (UX)<br \/>\n<\/strong>\u00c0 partir de nos portails interactifs, nos clients b\u00e9n\u00e9ficient d&#8217;une visibilit\u00e9 int\u00e9grale et d&#8217;un contr\u00f4le total de leur r\u00e9seau. Quelques minutes suffisent pour moduler ses performances \u00e0 la hausse ou \u00e0 la baisse, en fonction de leurs besoins.\n\t<strong>Innovation<br \/>\n<\/strong>Notre position de leader est solidement \u00e9tabli sur le march\u00e9 des solutions de virtualisation des fonctions r\u00e9seau (NFV) et des r\u00e9seaux d\u00e9finis par logiciel (SDN). En outre, l&#8217;exp\u00e9rience client b\u00e9n\u00e9ficie dans une large mesure de l&#8217;utilisation de technologies bas\u00e9es sur l&#8217;intelligence artificielle et l&#8217;apprentissage automatique.\n<h2>\n\t\tR\u00e9pondre aux besoins de votre r\u00e9seau d&#8217;entreprise\n\t<\/h2>\n\t\t\t\t<img loading=\"lazy\" decoding=\"async\" src=\"https:\/\/legacy.colt.net\/wp-content\/uploads\/2020\/12\/Ethernet.png\" alt=\"Ethernet\" itemprop=\"image\" height=\"800\" width=\"800\" title=\"Ethernet\" onerror=\"this.style.display='none'\"  \/>\n\t<p>Connectez vos sites ais\u00e9ment, en toute s\u00e9curit\u00e9 et au meilleur co\u00fbt, au niveau m\u00e9tropolitain (boucle locale), national ou international.<\/p>\n\t\t\t\t<img decoding=\"async\" src=\"https:\/\/legacy.colt.net\/wp-content\/uploads\/2020\/12\/SD-WAN.png\" alt=\"Businesspeople walking along the illuminated lightwall corridor, connecting One Pancras Square with King's Cross underground station in London, pedestrian tunnel in Kings Cross station, London, UK, England.\" itemprop=\"image\" title=\"Businesspeople Walking Along Illuminated Lightwall Corridor, London, England\" onerror=\"this.style.display='none'\"  \/>\n\t<p>Augmentez la bande passante en d\u00e9lestant en toute s\u00e9curit\u00e9 le trafic moins sensible vers l&#8217;Internet public avec une capacit\u00e9 d&#8217;administration en ligne.<\/p>\n\t\t\t\t<img decoding=\"async\" src=\"https:\/\/legacy.colt.net\/wp-content\/uploads\/2020\/12\/uCPE-1.png\" alt=\"Gavin Richardson\" itemprop=\"image\" title=\"Gavin Richardson\" onerror=\"this.style.display='none'\"  \/>\n\t<p>D\u00e9ployez rapidement et facilement de nouvelles fonctions r\u00e9seau virtualis\u00e9es (NFV) avec notre plateforme CPE universelle (uCPE)<\/p>\n\t\t\t\t<img decoding=\"async\" src=\"https:\/\/legacy.colt.net\/wp-content\/uploads\/2020\/12\/VPN.png\" alt=\"ITEC Hankyu Hanshin_1124\" itemprop=\"image\" title=\"ITEC Hankyu Hanshin_1124\" onerror=\"this.style.display='none'\"  \/>\n\t<p>Cr\u00e9ez un r\u00e9seau priv\u00e9 s\u00fbr et performant au meilleur co\u00fbt, avec une couverture qui r\u00e9pond \u00e0 vos exigences.<\/p>\n\t\t\t<a href=\"https:\/\/legacy.colt.net\/fr\/product\/ethernet-line\/\" target=\"_self\" role=\"button\" rel=\"noopener\">\n\t\t\t\t\t\t\tEn savoir plus\n\t\t\t\t\t<\/a>\n\t\t\t<a href=\"https:\/\/legacy.colt.net\/fr\/product\/sd-wan\/\" target=\"_self\" role=\"button\" rel=\"noopener\">\n\t\t\t\t\t\t\tEn savoir plus\n\t\t\t\t\t<\/a>\n\t\t\t<a href=\"https:\/\/legacy.colt.net\/fr\/universal-cpe\/\" target=\"_self\" role=\"button\" rel=\"noopener\">\n\t\t\t\t\t\t\tEn savoir plus\n\t\t\t\t\t<\/a>\n\t\t\t<a href=\"https:\/\/legacy.colt.net\/fr\/product\/ip-vpn\/\" target=\"_self\" role=\"button\" rel=\"noopener\">\n\t\t\t\t\t\t\tEn savoir plus\n\t\t\t\t\t<\/a>\n<h2>\n\t\tR\u00e9seau Colt IQ : Une dorsale fiable et intelligente\n\t<\/h2>\n\t<p>Nos solutions de connectivit\u00e9 s&#8217;appuient sur notre Colt IQ, le meilleur r\u00e9seau intelligent pour une exp\u00e9rience optimale, avec un acc\u00e8s direct aux march\u00e9s financiers d&#8217;Europe, d&#8217;Asie-Pacifique et d&#8217;Am\u00e9rique du Nord.<\/p>\n\t\t\t<a href=\"https:\/\/legacy.colt.net\/fr\/colt-network-map\/\" target=\"_self\" role=\"button\" rel=\"noopener\">\n\t\t\t\t\t\tV\u00e9rifiez votre connectivit\u00e9\n\t\t\t\t\t<\/a>\n<h2>\n\t\tParler \u00e0 un sp\u00e9cialiste des r\u00e9seaux\n\t<\/h2>\n\t<p>Nos services de connectivit\u00e9 prim\u00e9s vous permettent d&#8217;interconnecter vos activit\u00e9s en toute transparence pour relever de nouveaux d\u00e9fis et saisir de nouvelles opportunit\u00e9s.<\/p>\n<p>Quels que soient vos d\u00e9fis ou vos probl\u00e9matiques, nos experts vous guideront dans votre parcours vers une connectivit\u00e9 performante.<\/p>\n<p>Vous pouvez \u00e9galement nous joindre \u00e0 partir de notre <a href=\"https:\/\/legacy.colt.net\/fr\/contact-us\/\">centre de contact<\/a>.<\/p>\n\t[hubspot type=form portal=344164 id=efe9b5f7-7d48-4f0a-a125-cc234efbf1df]\n<h2>\n\t\tInt\u00e9ress\u00e9 par d&#8217;autres contenus ?\n\t<\/h2>\n\t<strong>Etude de cas<br \/>\n<\/strong>D\u00e9couvrez comment nous avons aid\u00e9 COMPO, fabricant allemand d&#8217;engrais et de produits pour le jardin, \u00e0 abandonner la technologie MPLS au profit d&#8217;un r\u00e9seau SD\u00a0WAN. <a href=\"https:\/\/legacy.colt.net\/fr\/resources\/compo\/\">Lire la suite<\/a>\n\t<strong>T\u00e9l\u00e9charger le guide<br \/>\n<\/strong>SD-WAN, une technologie id\u00e9ale pour les infrastructures multi-cloud. <a href=\"https:\/\/legacy.colt.net\/fr\/go\/planning-for-an-sd-wan-future\/\">Lire la suite<\/a>\n\t<strong>Article de blog<br \/>\n<\/strong>Initialement con\u00e7ue pour optimiser le trafic \u00e9chang\u00e9 sur les r\u00e9seaux IP ou \u00e0 commutation de labels MPLS (<em>Multi Protocol Layer Switching<\/em>), la technologie SD WAN a connu une \u00e9volution rapide. <a href=\"https:\/\/legacy.colt.net\/fr\/resources\/la-technologie-sd-wan-evolue-pour-mieux-se-fondre-dans-le-paysage-des-reseaux-de-demain\/\">Lire la suite<\/a>\n\t<strong>Colt Intelligent Communications &amp; Cloud SBC<br \/>\n<\/strong>Votre PME souhaite s&#8217;adapter \u00e0 la \u00ab nouvelle normalit\u00e9 \u00bb ? <a href=\"https:\/\/legacy.colt.net\/fr\/go\/votre-pme-souhaite-sadapter-a-la-nouvelle-normalite\/\">Lire la suite<\/a>\n\t<strong>Etude de cas<br \/>\n<\/strong>En d\u00e9ployant les solutions Colt IP Access et Colt IP Guardian, Hitachi, Ltd. cr\u00e9e un environnement Internet s\u00fbr et stable. <a href=\"https:\/\/legacy.colt.net\/fr\/resources\/hitachi-ltd\/\">Lire la suite<\/a>\n\t<strong>Pourquoi choisir Colt ?<br \/>\n<\/strong>Colt est la nouvelle norme en mati\u00e8re de services voix et r\u00e9seau \u00e0 large bande passante pour les entreprises et les clients wholesale en Europe, en Asie et en Am\u00e9rique du Nord. <a href=\"https:\/\/legacy.colt.net\/fr\/why-colt\/\">Lire la suite<\/a>\n\n","protected":false},"excerpt":{"rendered":"<p>Connect to the cloud Acc\u00e9l\u00e9rez votre transformation num\u00e9rique Quels d\u00e9fis pour les entreprises modernes ? Si la r\u00e9silience constitue une priorit\u00e9 pour la plupart des DSI, le r\u00e9seau est le v\u00e9ritable poumon d&#8217;un grand nombre d&#8217;entreprises. Mais aujourd&#8217;hui plus que jamais, il doit \u00eatre capable de supporter les variations constantes qui caract\u00e9risent les flux de&#8230;<\/p>\n","protected":false},"author":2,"featured_media":0,"parent":91322,"menu_order":0,"comment_status":"closed","ping_status":"closed","template":"","meta":{"_acf_changed":false,"footnotes":""},"colt_type":[],"colt_products":[],"class_list":["post-90285","page","type-page","status-publish","hentry"],"acf":[],"yoast_head":"<!-- This site is optimized with the Yoast SEO plugin v26.8 - https:\/\/yoast.com\/product\/yoast-seo-wordpress\/ -->\n<title>Connectez votre r\u00e9seau d\u2019entreprise - Colt Technology Services<\/title>\n<meta name=\"description\" content=\"Votre exp\u00e9rience en tant que client compte plus que tout pour Colt. C\u2019est pour cette raison que notre score NPS est l\u2019un des plus \u00e9lev\u00e9s dans notre domaine d\u2019activit\u00e9\" \/>\n<meta name=\"robots\" content=\"noindex, follow, max-snippet:-1, max-image-preview:large, max-video-preview:-1\" \/>\n<meta property=\"og:locale\" content=\"fr_FR\" \/>\n<meta property=\"og:type\" content=\"article\" \/>\n<meta property=\"og:title\" content=\"Connectez votre r\u00e9seau d\u2019entreprise - Colt Technology Services\" \/>\n<meta property=\"og:description\" content=\"Votre exp\u00e9rience en tant que client compte plus que tout pour Colt. C\u2019est pour cette raison que notre score NPS est l\u2019un des plus \u00e9lev\u00e9s dans notre domaine d\u2019activit\u00e9\" \/>\n<meta property=\"og:url\" content=\"https:\/\/legacy.colt.net\/fr\/solutions\/enterprise\/\" \/>\n<meta property=\"og:site_name\" content=\"Colt Technology Services\" \/>\n<meta property=\"article:publisher\" content=\"https:\/\/www.facebook.com\/ColtTechnologyServices\/\" \/>\n<meta property=\"article:modified_time\" content=\"2021-07-27T10:49:13+00:00\" \/>\n<meta property=\"og:image\" content=\"https:\/\/legacy.colt.net\/wp-content\/uploads\/2021\/01\/Brand-2021-Stock-6-1.jpg\" \/>\n\t<meta property=\"og:image:width\" content=\"1000\" \/>\n\t<meta property=\"og:image:height\" content=\"667\" \/>\n\t<meta property=\"og:image:type\" content=\"image\/jpeg\" \/>\n<meta name=\"twitter:card\" content=\"summary_large_image\" \/>\n<meta name=\"twitter:site\" content=\"@colt_technology\" \/>\n<meta name=\"twitter:label1\" content=\"Est. reading time\" \/>\n\t<meta name=\"twitter:data1\" content=\"5 minutes\" \/>\n<script type=\"application\/ld+json\" class=\"yoast-schema-graph\">{\"@context\":\"https:\/\/schema.org\",\"@graph\":[{\"@type\":\"WebPage\",\"@id\":\"https:\/\/legacy.colt.net\/fr\/solutions\/enterprise\/\",\"url\":\"https:\/\/legacy.colt.net\/fr\/solutions\/enterprise\/\",\"name\":\"Connectez votre r\u00e9seau d\u2019entreprise - Colt Technology Services\",\"isPartOf\":{\"@id\":\"https:\/\/legacy.colt.net\/#website\"},\"primaryImageOfPage\":{\"@id\":\"https:\/\/legacy.colt.net\/fr\/solutions\/enterprise\/#primaryimage\"},\"image\":{\"@id\":\"https:\/\/legacy.colt.net\/fr\/solutions\/enterprise\/#primaryimage\"},\"thumbnailUrl\":\"https:\/\/legacy.colt.net\/wp-content\/uploads\/2021\/01\/Connecting-your-enterprise-network.png\",\"datePublished\":\"2021-01-09T09:09:53+00:00\",\"dateModified\":\"2021-07-27T10:49:13+00:00\",\"description\":\"Votre exp\u00e9rience en tant que client compte plus que tout pour Colt. C\u2019est pour cette raison que notre score NPS est l\u2019un des plus \u00e9lev\u00e9s dans notre domaine d\u2019activit\u00e9\",\"breadcrumb\":{\"@id\":\"https:\/\/legacy.colt.net\/fr\/solutions\/enterprise\/#breadcrumb\"},\"inLanguage\":\"fr-FR\",\"potentialAction\":[{\"@type\":\"ReadAction\",\"target\":[\"https:\/\/legacy.colt.net\/fr\/solutions\/enterprise\/\"]}]},{\"@type\":\"ImageObject\",\"inLanguage\":\"fr-FR\",\"@id\":\"https:\/\/legacy.colt.net\/fr\/solutions\/enterprise\/#primaryimage\",\"url\":\"https:\/\/legacy.colt.net\/wp-content\/uploads\/2021\/01\/Connecting-your-enterprise-network.png\",\"contentUrl\":\"https:\/\/legacy.colt.net\/wp-content\/uploads\/2021\/01\/Connecting-your-enterprise-network.png\"},{\"@type\":\"BreadcrumbList\",\"@id\":\"https:\/\/legacy.colt.net\/fr\/solutions\/enterprise\/#breadcrumb\",\"itemListElement\":[{\"@type\":\"ListItem\",\"position\":1,\"name\":\"Home\",\"item\":\"https:\/\/legacy.colt.net\/fr\/\"},{\"@type\":\"ListItem\",\"position\":2,\"name\":\"Solutions\",\"item\":\"https:\/\/legacy.colt.net\/fr\/solutions\/\"},{\"@type\":\"ListItem\",\"position\":3,\"name\":\"Connectez votre r\u00e9seau d\u2019entreprise\"}]},{\"@type\":\"WebSite\",\"@id\":\"https:\/\/legacy.colt.net\/#website\",\"url\":\"https:\/\/legacy.colt.net\/\",\"name\":\"Colt\u30c6\u30af\u30ce\u30ed\u30b8\u30fc\u30b5\u30fc\u30d3\u30b9\u682a\u5f0f\u4f1a\u793e\",\"description\":\"Managed Network &amp; Voice Services Provider\",\"publisher\":{\"@id\":\"https:\/\/legacy.colt.net\/#organization\"},\"potentialAction\":[{\"@type\":\"SearchAction\",\"target\":{\"@type\":\"EntryPoint\",\"urlTemplate\":\"https:\/\/legacy.colt.net\/?s={search_term_string}\"},\"query-input\":{\"@type\":\"PropertyValueSpecification\",\"valueRequired\":true,\"valueName\":\"search_term_string\"}}],\"inLanguage\":\"fr-FR\"},{\"@type\":\"Organization\",\"@id\":\"https:\/\/legacy.colt.net\/#organization\",\"name\":\"Colt Technology Services\",\"url\":\"https:\/\/legacy.colt.net\/\",\"logo\":{\"@type\":\"ImageObject\",\"inLanguage\":\"fr-FR\",\"@id\":\"https:\/\/legacy.colt.net\/#\/schema\/logo\/image\/\",\"url\":\"https:\/\/legacy.colt.net\/wp-content\/uploads\/2019\/02\/Colt-Logo.png\",\"contentUrl\":\"https:\/\/legacy.colt.net\/wp-content\/uploads\/2019\/02\/Colt-Logo.png\",\"width\":195,\"height\":77,\"caption\":\"Colt Technology Services\"},\"image\":{\"@id\":\"https:\/\/legacy.colt.net\/#\/schema\/logo\/image\/\"},\"sameAs\":[\"https:\/\/www.facebook.com\/ColtTechnologyServices\/\",\"https:\/\/x.com\/colt_technology\",\"https:\/\/www.instagram.com\/colttechnologyservices\/\",\"https:\/\/www.linkedin.com\/company\/colt-technology-services\",\"https:\/\/www.youtube.com\/user\/ColtTechnology\"]}]}<\/script>\n<!-- \/ Yoast SEO plugin. -->","yoast_head_json":{"title":"Connectez votre r\u00e9seau d\u2019entreprise - Colt Technology Services","description":"Votre exp\u00e9rience en tant que client compte plus que tout pour Colt. C\u2019est pour cette raison que notre score NPS est l\u2019un des plus \u00e9lev\u00e9s dans notre domaine d\u2019activit\u00e9","robots":{"index":"noindex","follow":"follow","max-snippet":"max-snippet:-1","max-image-preview":"max-image-preview:large","max-video-preview":"max-video-preview:-1"},"og_locale":"fr_FR","og_type":"article","og_title":"Connectez votre r\u00e9seau d\u2019entreprise - Colt Technology Services","og_description":"Votre exp\u00e9rience en tant que client compte plus que tout pour Colt. C\u2019est pour cette raison que notre score NPS est l\u2019un des plus \u00e9lev\u00e9s dans notre domaine d\u2019activit\u00e9","og_url":"https:\/\/legacy.colt.net\/fr\/solutions\/enterprise\/","og_site_name":"Colt Technology Services","article_publisher":"https:\/\/www.facebook.com\/ColtTechnologyServices\/","article_modified_time":"2021-07-27T10:49:13+00:00","og_image":[{"width":1000,"height":667,"url":"https:\/\/legacy.colt.net\/wp-content\/uploads\/2021\/01\/Brand-2021-Stock-6-1.jpg","type":"image\/jpeg"}],"twitter_card":"summary_large_image","twitter_site":"@colt_technology","twitter_misc":{"Est. reading time":"5 minutes"},"schema":{"@context":"https:\/\/schema.org","@graph":[{"@type":"WebPage","@id":"https:\/\/legacy.colt.net\/fr\/solutions\/enterprise\/","url":"https:\/\/legacy.colt.net\/fr\/solutions\/enterprise\/","name":"Connectez votre r\u00e9seau d\u2019entreprise - Colt Technology Services","isPartOf":{"@id":"https:\/\/legacy.colt.net\/#website"},"primaryImageOfPage":{"@id":"https:\/\/legacy.colt.net\/fr\/solutions\/enterprise\/#primaryimage"},"image":{"@id":"https:\/\/legacy.colt.net\/fr\/solutions\/enterprise\/#primaryimage"},"thumbnailUrl":"https:\/\/legacy.colt.net\/wp-content\/uploads\/2021\/01\/Connecting-your-enterprise-network.png","datePublished":"2021-01-09T09:09:53+00:00","dateModified":"2021-07-27T10:49:13+00:00","description":"Votre exp\u00e9rience en tant que client compte plus que tout pour Colt. C\u2019est pour cette raison que notre score NPS est l\u2019un des plus \u00e9lev\u00e9s dans notre domaine d\u2019activit\u00e9","breadcrumb":{"@id":"https:\/\/legacy.colt.net\/fr\/solutions\/enterprise\/#breadcrumb"},"inLanguage":"fr-FR","potentialAction":[{"@type":"ReadAction","target":["https:\/\/legacy.colt.net\/fr\/solutions\/enterprise\/"]}]},{"@type":"ImageObject","inLanguage":"fr-FR","@id":"https:\/\/legacy.colt.net\/fr\/solutions\/enterprise\/#primaryimage","url":"https:\/\/legacy.colt.net\/wp-content\/uploads\/2021\/01\/Connecting-your-enterprise-network.png","contentUrl":"https:\/\/legacy.colt.net\/wp-content\/uploads\/2021\/01\/Connecting-your-enterprise-network.png"},{"@type":"BreadcrumbList","@id":"https:\/\/legacy.colt.net\/fr\/solutions\/enterprise\/#breadcrumb","itemListElement":[{"@type":"ListItem","position":1,"name":"Home","item":"https:\/\/legacy.colt.net\/fr\/"},{"@type":"ListItem","position":2,"name":"Solutions","item":"https:\/\/legacy.colt.net\/fr\/solutions\/"},{"@type":"ListItem","position":3,"name":"Connectez votre r\u00e9seau d\u2019entreprise"}]},{"@type":"WebSite","@id":"https:\/\/legacy.colt.net\/#website","url":"https:\/\/legacy.colt.net\/","name":"Colt\u30c6\u30af\u30ce\u30ed\u30b8\u30fc\u30b5\u30fc\u30d3\u30b9\u682a\u5f0f\u4f1a\u793e","description":"Managed Network &amp; Voice Services Provider","publisher":{"@id":"https:\/\/legacy.colt.net\/#organization"},"potentialAction":[{"@type":"SearchAction","target":{"@type":"EntryPoint","urlTemplate":"https:\/\/legacy.colt.net\/?s={search_term_string}"},"query-input":{"@type":"PropertyValueSpecification","valueRequired":true,"valueName":"search_term_string"}}],"inLanguage":"fr-FR"},{"@type":"Organization","@id":"https:\/\/legacy.colt.net\/#organization","name":"Colt Technology Services","url":"https:\/\/legacy.colt.net\/","logo":{"@type":"ImageObject","inLanguage":"fr-FR","@id":"https:\/\/legacy.colt.net\/#\/schema\/logo\/image\/","url":"https:\/\/legacy.colt.net\/wp-content\/uploads\/2019\/02\/Colt-Logo.png","contentUrl":"https:\/\/legacy.colt.net\/wp-content\/uploads\/2019\/02\/Colt-Logo.png","width":195,"height":77,"caption":"Colt Technology Services"},"image":{"@id":"https:\/\/legacy.colt.net\/#\/schema\/logo\/image\/"},"sameAs":["https:\/\/www.facebook.com\/ColtTechnologyServices\/","https:\/\/x.com\/colt_technology","https:\/\/www.instagram.com\/colttechnologyservices\/","https:\/\/www.linkedin.com\/company\/colt-technology-services","https:\/\/www.youtube.com\/user\/ColtTechnology"]}]}},"_links":{"self":[{"href":"https:\/\/legacy.colt.net\/fr\/wp-json\/wp\/v2\/pages\/90285","targetHints":{"allow":["GET"]}}],"collection":[{"href":"https:\/\/legacy.colt.net\/fr\/wp-json\/wp\/v2\/pages"}],"about":[{"href":"https:\/\/legacy.colt.net\/fr\/wp-json\/wp\/v2\/types\/page"}],"author":[{"embeddable":true,"href":"https:\/\/legacy.colt.net\/fr\/wp-json\/wp\/v2\/users\/2"}],"replies":[{"embeddable":true,"href":"https:\/\/legacy.colt.net\/fr\/wp-json\/wp\/v2\/comments?post=90285"}],"version-history":[{"count":0,"href":"https:\/\/legacy.colt.net\/fr\/wp-json\/wp\/v2\/pages\/90285\/revisions"}],"up":[{"embeddable":true,"href":"https:\/\/legacy.colt.net\/fr\/wp-json\/wp\/v2\/pages\/91322"}],"wp:attachment":[{"href":"https:\/\/legacy.colt.net\/fr\/wp-json\/wp\/v2\/media?parent=90285"}],"wp:term":[{"taxonomy":"colt_type","embeddable":true,"href":"https:\/\/legacy.colt.net\/fr\/wp-json\/wp\/v2\/colt_type?post=90285"},{"taxonomy":"colt_products","embeddable":true,"href":"https:\/\/legacy.colt.net\/fr\/wp-json\/wp\/v2\/colt_products?post=90285"}],"curies":[{"name":"wp","href":"https:\/\/api.w.org\/{rel}","templated":true}]}}