{"id":88816,"date":"2021-01-05T14:40:39","date_gmt":"2021-01-05T14:40:39","guid":{"rendered":"https:\/\/www.colt.net\/about\/leadership\/jeff-lagarce\/"},"modified":"2021-01-12T09:01:42","modified_gmt":"2021-01-12T09:01:42","slug":"jeff-lagarce","status":"publish","type":"page","link":"https:\/\/legacy.colt.net\/fr\/about\/leadership\/jeff-lagarce\/","title":{"rendered":"Jeff Lagarce"},"content":{"rendered":"\n<h1>\n\t<\/h1>\n\t<nav class=\"breadcrumb\"><span><span><a href=\"https:\/\/legacy.colt.net\/fr\/\">Home<\/a><\/span><\/span><\/nav>\n\t<p>Jeff Lagarce a \u00e9t\u00e9 nomm\u00e9 au sein du Conseil d&#8217;administration et du Comit\u00e9 d&#8217;audit de Colt, le 1<sup>er<\/sup>\u00a0janvier 2021. Conseiller principal aupr\u00e8s du comit\u00e9 d&#8217;administration de Fidelity International, Jeff concentre essentiellement ses activit\u00e9s aux nouveaux domaines et aux nouvelles opportunit\u00e9s de croissance.<\/p>\n<p>Pr\u00e9c\u00e9demment, Il a occup\u00e9 le poste de Pr\u00e9sident de Fidelity Institutional, groupe FMR (<a title=\"Original URL: https:\/\/fr.wikipedia.org\/wiki\/Fidelity_Investments. Click or tap if you trust this link.\" href=\"https:\/\/eur01.safelinks.protection.outlook.com\/?url=https%3A%2F%2Ffr.wikipedia.org%2Fwiki%2FFidelity_Investments&amp;data=04%7C01%7CRachel.Ma%40colt.net%7C2219831cee4f417f7f5c08d8b2edc287%7Cb859cf7eff8a40bbbd0fda56e6dc0eb8%7C1%7C0%7C637456081519145346%7CUnknown%7CTWFpbGZsb3d8eyJWIjoiMC4wLjAwMDAiLCJQIjoiV2luMzIiLCJBTiI6Ik1haWwiLCJXVCI6Mn0%3D%7C1000&amp;sdata=jzTYsH3zBzIm%2B%2BCemwZMfzl6lYSlkp6iqOdQfPiGEJE%3D&amp;reserved=0\" target=\"_blank\" rel=\"noopener noreferrer\" data-auth=\"Verified\">Fidelity Management and Research<\/a>), il y supervisait un portefeuille d&#8217;activit\u00e9s au service des clients institutionnels et interm\u00e9diaires de FMR\u00a0: solutions de compensation et conservation, gestion des actifs institutionnels et march\u00e9s de capitaux. Il a \u00e9galement \u00e9t\u00e9 membre du Comit\u00e9 op\u00e9rationnel de Fidelity.<\/p>\n<p>En 36 ans de carri\u00e8re dans le secteur des investissements institutionnels, Jeff a occup\u00e9 de nombreux postes \u00e0 haute responsabilit\u00e9 au sein de FMR et de FIL. Il a \u00e9galement assum\u00e9 pendant quatre ans les fonctions de pr\u00e9sident d&#8217;OFI Institutional Asset Management, filiale d&#8217;OppenheimerFunds.<\/p>\n\t\t\t\t<img loading=\"lazy\" decoding=\"async\" src=\"https:\/\/legacy.colt.net\/wp-content\/uploads\/2021\/01\/Jeff-Lagarce.jpg\" alt=\"Jeff Lagarce\" height=\"600\" width=\"400\" title=\"Jeff Lagarce\" \/>\n<h3>\n\t\tJeff Lagarce\n\t<\/h3>\n<h4>\n\t\tDirecteur Non-Executif\n\t<\/h4>\n\n","protected":false},"excerpt":{"rendered":"<p>Jeff Lagarce a \u00e9t\u00e9 nomm\u00e9 au sein du Conseil d&#8217;administration et du Comit\u00e9 d&#8217;audit de Colt, le 1er\u00a0janvier 2021. Conseiller principal aupr\u00e8s du comit\u00e9 d&#8217;administration de Fidelity International, Jeff concentre essentiellement ses activit\u00e9s aux nouveaux domaines et aux nouvelles opportunit\u00e9s de croissance. Pr\u00e9c\u00e9demment, Il a occup\u00e9 le poste de Pr\u00e9sident de Fidelity Institutional, groupe FMR&#8230;<\/p>\n","protected":false},"author":2,"featured_media":0,"parent":34336,"menu_order":0,"comment_status":"closed","ping_status":"closed","template":"","meta":{"_acf_changed":false,"footnotes":""},"colt_type":[],"colt_products":[],"class_list":["post-88816","page","type-page","status-publish","hentry"],"acf":[],"yoast_head":"<!-- This site is optimized with the Yoast SEO plugin v26.8 - https:\/\/yoast.com\/product\/yoast-seo-wordpress\/ -->\n<title>Jeff Lagarce - Colt Technology Services<\/title>\n<meta name=\"description\" content=\"Jeff Lagarce a \u00e9t\u00e9 nomm\u00e9 au sein du Conseil d\u2019administration et du Comit\u00e9 d\u2019audit de Colt, le 1er janvier 2021\" \/>\n<meta name=\"robots\" content=\"noindex, follow, max-snippet:-1, max-image-preview:large, max-video-preview:-1\" \/>\n<meta property=\"og:locale\" content=\"fr_FR\" \/>\n<meta property=\"og:type\" content=\"article\" \/>\n<meta property=\"og:title\" content=\"Jeff Lagarce - Colt Technology Services\" \/>\n<meta property=\"og:description\" content=\"Jeff Lagarce a \u00e9t\u00e9 nomm\u00e9 au sein du Conseil d\u2019administration et du Comit\u00e9 d\u2019audit de Colt, le 1er janvier 2021\" \/>\n<meta property=\"og:url\" content=\"https:\/\/legacy.colt.net\/fr\/about\/leadership\/jeff-lagarce\/\" \/>\n<meta property=\"og:site_name\" content=\"Colt Technology Services\" \/>\n<meta property=\"article:publisher\" content=\"https:\/\/www.facebook.com\/ColtTechnologyServices\/\" \/>\n<meta property=\"article:modified_time\" content=\"2021-01-12T09:01:42+00:00\" \/>\n<meta property=\"og:image\" content=\"https:\/\/legacy.colt.net\/wp-content\/uploads\/2021\/01\/Brand-2021-Stock-1.jpg\" \/>\n\t<meta property=\"og:image:width\" content=\"1000\" \/>\n\t<meta property=\"og:image:height\" content=\"667\" \/>\n\t<meta property=\"og:image:type\" content=\"image\/jpeg\" \/>\n<meta name=\"twitter:card\" content=\"summary_large_image\" \/>\n<meta name=\"twitter:site\" content=\"@colt_technology\" \/>\n<meta name=\"twitter:label1\" content=\"Est. reading time\" \/>\n\t<meta name=\"twitter:data1\" content=\"1 minute\" \/>\n<script type=\"application\/ld+json\" class=\"yoast-schema-graph\">{\"@context\":\"https:\/\/schema.org\",\"@graph\":[{\"@type\":\"WebPage\",\"@id\":\"https:\/\/legacy.colt.net\/fr\/about\/leadership\/jeff-lagarce\/\",\"url\":\"https:\/\/legacy.colt.net\/fr\/about\/leadership\/jeff-lagarce\/\",\"name\":\"Jeff Lagarce - Colt Technology Services\",\"isPartOf\":{\"@id\":\"https:\/\/legacy.colt.net\/#website\"},\"primaryImageOfPage\":{\"@id\":\"https:\/\/legacy.colt.net\/fr\/about\/leadership\/jeff-lagarce\/#primaryimage\"},\"image\":{\"@id\":\"https:\/\/legacy.colt.net\/fr\/about\/leadership\/jeff-lagarce\/#primaryimage\"},\"thumbnailUrl\":\"https:\/\/legacy.colt.net\/wp-content\/uploads\/2021\/01\/Jeff-Lagarce.jpg\",\"datePublished\":\"2021-01-05T14:40:39+00:00\",\"dateModified\":\"2021-01-12T09:01:42+00:00\",\"description\":\"Jeff Lagarce a \u00e9t\u00e9 nomm\u00e9 au sein du Conseil d\u2019administration et du Comit\u00e9 d\u2019audit de Colt, le 1er janvier 2021\",\"breadcrumb\":{\"@id\":\"https:\/\/legacy.colt.net\/fr\/about\/leadership\/jeff-lagarce\/#breadcrumb\"},\"inLanguage\":\"fr-FR\",\"potentialAction\":[{\"@type\":\"ReadAction\",\"target\":[\"https:\/\/legacy.colt.net\/fr\/about\/leadership\/jeff-lagarce\/\"]}]},{\"@type\":\"ImageObject\",\"inLanguage\":\"fr-FR\",\"@id\":\"https:\/\/legacy.colt.net\/fr\/about\/leadership\/jeff-lagarce\/#primaryimage\",\"url\":\"https:\/\/legacy.colt.net\/wp-content\/uploads\/2021\/01\/Jeff-Lagarce.jpg\",\"contentUrl\":\"https:\/\/legacy.colt.net\/wp-content\/uploads\/2021\/01\/Jeff-Lagarce.jpg\"},{\"@type\":\"BreadcrumbList\",\"@id\":\"https:\/\/legacy.colt.net\/fr\/about\/leadership\/jeff-lagarce\/#breadcrumb\",\"itemListElement\":[{\"@type\":\"ListItem\",\"position\":1,\"name\":\"Home\",\"item\":\"https:\/\/legacy.colt.net\/fr\/\"},{\"@type\":\"ListItem\",\"position\":2,\"name\":\"A propos de colt\",\"item\":\"https:\/\/legacy.colt.net\/fr\/about\/\"},{\"@type\":\"ListItem\",\"position\":3,\"name\":\"Comit\u00e9 Ex\u00e9cutif\",\"item\":\"https:\/\/legacy.colt.net\/fr\/about\/leadership\/\"},{\"@type\":\"ListItem\",\"position\":4,\"name\":\"Jeff Lagarce\"}]},{\"@type\":\"WebSite\",\"@id\":\"https:\/\/legacy.colt.net\/#website\",\"url\":\"https:\/\/legacy.colt.net\/\",\"name\":\"Colt\u30c6\u30af\u30ce\u30ed\u30b8\u30fc\u30b5\u30fc\u30d3\u30b9\u682a\u5f0f\u4f1a\u793e\",\"description\":\"Managed Network &amp; Voice Services Provider\",\"publisher\":{\"@id\":\"https:\/\/legacy.colt.net\/#organization\"},\"potentialAction\":[{\"@type\":\"SearchAction\",\"target\":{\"@type\":\"EntryPoint\",\"urlTemplate\":\"https:\/\/legacy.colt.net\/?s={search_term_string}\"},\"query-input\":{\"@type\":\"PropertyValueSpecification\",\"valueRequired\":true,\"valueName\":\"search_term_string\"}}],\"inLanguage\":\"fr-FR\"},{\"@type\":\"Organization\",\"@id\":\"https:\/\/legacy.colt.net\/#organization\",\"name\":\"Colt Technology Services\",\"url\":\"https:\/\/legacy.colt.net\/\",\"logo\":{\"@type\":\"ImageObject\",\"inLanguage\":\"fr-FR\",\"@id\":\"https:\/\/legacy.colt.net\/#\/schema\/logo\/image\/\",\"url\":\"https:\/\/legacy.colt.net\/wp-content\/uploads\/2019\/02\/Colt-Logo.png\",\"contentUrl\":\"https:\/\/legacy.colt.net\/wp-content\/uploads\/2019\/02\/Colt-Logo.png\",\"width\":195,\"height\":77,\"caption\":\"Colt Technology Services\"},\"image\":{\"@id\":\"https:\/\/legacy.colt.net\/#\/schema\/logo\/image\/\"},\"sameAs\":[\"https:\/\/www.facebook.com\/ColtTechnologyServices\/\",\"https:\/\/x.com\/colt_technology\",\"https:\/\/www.instagram.com\/colttechnologyservices\/\",\"https:\/\/www.linkedin.com\/company\/colt-technology-services\",\"https:\/\/www.youtube.com\/user\/ColtTechnology\"]}]}<\/script>\n<!-- \/ Yoast SEO plugin. -->","yoast_head_json":{"title":"Jeff Lagarce - Colt Technology Services","description":"Jeff Lagarce a \u00e9t\u00e9 nomm\u00e9 au sein du Conseil d\u2019administration et du Comit\u00e9 d\u2019audit de Colt, le 1er janvier 2021","robots":{"index":"noindex","follow":"follow","max-snippet":"max-snippet:-1","max-image-preview":"max-image-preview:large","max-video-preview":"max-video-preview:-1"},"og_locale":"fr_FR","og_type":"article","og_title":"Jeff Lagarce - Colt Technology Services","og_description":"Jeff Lagarce a \u00e9t\u00e9 nomm\u00e9 au sein du Conseil d\u2019administration et du Comit\u00e9 d\u2019audit de Colt, le 1er janvier 2021","og_url":"https:\/\/legacy.colt.net\/fr\/about\/leadership\/jeff-lagarce\/","og_site_name":"Colt Technology Services","article_publisher":"https:\/\/www.facebook.com\/ColtTechnologyServices\/","article_modified_time":"2021-01-12T09:01:42+00:00","og_image":[{"width":1000,"height":667,"url":"https:\/\/legacy.colt.net\/wp-content\/uploads\/2021\/01\/Brand-2021-Stock-1.jpg","type":"image\/jpeg"}],"twitter_card":"summary_large_image","twitter_site":"@colt_technology","twitter_misc":{"Est. reading time":"1 minute"},"schema":{"@context":"https:\/\/schema.org","@graph":[{"@type":"WebPage","@id":"https:\/\/legacy.colt.net\/fr\/about\/leadership\/jeff-lagarce\/","url":"https:\/\/legacy.colt.net\/fr\/about\/leadership\/jeff-lagarce\/","name":"Jeff Lagarce - Colt Technology Services","isPartOf":{"@id":"https:\/\/legacy.colt.net\/#website"},"primaryImageOfPage":{"@id":"https:\/\/legacy.colt.net\/fr\/about\/leadership\/jeff-lagarce\/#primaryimage"},"image":{"@id":"https:\/\/legacy.colt.net\/fr\/about\/leadership\/jeff-lagarce\/#primaryimage"},"thumbnailUrl":"https:\/\/legacy.colt.net\/wp-content\/uploads\/2021\/01\/Jeff-Lagarce.jpg","datePublished":"2021-01-05T14:40:39+00:00","dateModified":"2021-01-12T09:01:42+00:00","description":"Jeff Lagarce a \u00e9t\u00e9 nomm\u00e9 au sein du Conseil d\u2019administration et du Comit\u00e9 d\u2019audit de Colt, le 1er janvier 2021","breadcrumb":{"@id":"https:\/\/legacy.colt.net\/fr\/about\/leadership\/jeff-lagarce\/#breadcrumb"},"inLanguage":"fr-FR","potentialAction":[{"@type":"ReadAction","target":["https:\/\/legacy.colt.net\/fr\/about\/leadership\/jeff-lagarce\/"]}]},{"@type":"ImageObject","inLanguage":"fr-FR","@id":"https:\/\/legacy.colt.net\/fr\/about\/leadership\/jeff-lagarce\/#primaryimage","url":"https:\/\/legacy.colt.net\/wp-content\/uploads\/2021\/01\/Jeff-Lagarce.jpg","contentUrl":"https:\/\/legacy.colt.net\/wp-content\/uploads\/2021\/01\/Jeff-Lagarce.jpg"},{"@type":"BreadcrumbList","@id":"https:\/\/legacy.colt.net\/fr\/about\/leadership\/jeff-lagarce\/#breadcrumb","itemListElement":[{"@type":"ListItem","position":1,"name":"Home","item":"https:\/\/legacy.colt.net\/fr\/"},{"@type":"ListItem","position":2,"name":"A propos de colt","item":"https:\/\/legacy.colt.net\/fr\/about\/"},{"@type":"ListItem","position":3,"name":"Comit\u00e9 Ex\u00e9cutif","item":"https:\/\/legacy.colt.net\/fr\/about\/leadership\/"},{"@type":"ListItem","position":4,"name":"Jeff Lagarce"}]},{"@type":"WebSite","@id":"https:\/\/legacy.colt.net\/#website","url":"https:\/\/legacy.colt.net\/","name":"Colt\u30c6\u30af\u30ce\u30ed\u30b8\u30fc\u30b5\u30fc\u30d3\u30b9\u682a\u5f0f\u4f1a\u793e","description":"Managed Network &amp; Voice Services Provider","publisher":{"@id":"https:\/\/legacy.colt.net\/#organization"},"potentialAction":[{"@type":"SearchAction","target":{"@type":"EntryPoint","urlTemplate":"https:\/\/legacy.colt.net\/?s={search_term_string}"},"query-input":{"@type":"PropertyValueSpecification","valueRequired":true,"valueName":"search_term_string"}}],"inLanguage":"fr-FR"},{"@type":"Organization","@id":"https:\/\/legacy.colt.net\/#organization","name":"Colt Technology Services","url":"https:\/\/legacy.colt.net\/","logo":{"@type":"ImageObject","inLanguage":"fr-FR","@id":"https:\/\/legacy.colt.net\/#\/schema\/logo\/image\/","url":"https:\/\/legacy.colt.net\/wp-content\/uploads\/2019\/02\/Colt-Logo.png","contentUrl":"https:\/\/legacy.colt.net\/wp-content\/uploads\/2019\/02\/Colt-Logo.png","width":195,"height":77,"caption":"Colt Technology Services"},"image":{"@id":"https:\/\/legacy.colt.net\/#\/schema\/logo\/image\/"},"sameAs":["https:\/\/www.facebook.com\/ColtTechnologyServices\/","https:\/\/x.com\/colt_technology","https:\/\/www.instagram.com\/colttechnologyservices\/","https:\/\/www.linkedin.com\/company\/colt-technology-services","https:\/\/www.youtube.com\/user\/ColtTechnology"]}]}},"_links":{"self":[{"href":"https:\/\/legacy.colt.net\/fr\/wp-json\/wp\/v2\/pages\/88816","targetHints":{"allow":["GET"]}}],"collection":[{"href":"https:\/\/legacy.colt.net\/fr\/wp-json\/wp\/v2\/pages"}],"about":[{"href":"https:\/\/legacy.colt.net\/fr\/wp-json\/wp\/v2\/types\/page"}],"author":[{"embeddable":true,"href":"https:\/\/legacy.colt.net\/fr\/wp-json\/wp\/v2\/users\/2"}],"replies":[{"embeddable":true,"href":"https:\/\/legacy.colt.net\/fr\/wp-json\/wp\/v2\/comments?post=88816"}],"version-history":[{"count":0,"href":"https:\/\/legacy.colt.net\/fr\/wp-json\/wp\/v2\/pages\/88816\/revisions"}],"up":[{"embeddable":true,"href":"https:\/\/legacy.colt.net\/fr\/wp-json\/wp\/v2\/pages\/34336"}],"wp:attachment":[{"href":"https:\/\/legacy.colt.net\/fr\/wp-json\/wp\/v2\/media?parent=88816"}],"wp:term":[{"taxonomy":"colt_type","embeddable":true,"href":"https:\/\/legacy.colt.net\/fr\/wp-json\/wp\/v2\/colt_type?post=88816"},{"taxonomy":"colt_products","embeddable":true,"href":"https:\/\/legacy.colt.net\/fr\/wp-json\/wp\/v2\/colt_products?post=88816"}],"curies":[{"name":"wp","href":"https:\/\/api.w.org\/{rel}","templated":true}]}}