{"id":83394,"date":"2020-11-09T15:06:32","date_gmt":"2020-11-09T15:06:32","guid":{"rendered":"https:\/\/www.colt.net\/?page_id=83394"},"modified":"2022-12-31T12:40:57","modified_gmt":"2022-12-31T12:40:57","slug":"cloud-connect","status":"publish","type":"page","link":"https:\/\/legacy.colt.net\/fr\/cloud-connect\/","title":{"rendered":"Connexion au cloud"},"content":{"rendered":"\n\n<h2>\n\t\tUne connectivit\u00e9 au cloud intelligente et \u00e9volutive\n\t<\/h2>\n\t<nav class=\"breadcrumb\"><span><span><a href=\"https:\/\/legacy.colt.net\/fr\/\">Home<\/a><\/span><\/span><\/nav>\n\t\t\t\t\t<img decoding=\"async\" src=\"https:\/\/i.ytimg.com\/vi\/2xkeQzs06fo\/maxresdefault.jpg\" alt=\"youtube-video-thumbnail\"\/>\n\t\t<h2>\n\t\tQuels d\u00e9fis pour les entreprises modernes ?\n\t<\/h2>\n\t<p>Dans un environnement en constante \u00e9volution, migrer vers le cloud rev\u00eat une importance primordiale. Or, sans une solide strat\u00e9gie de connectivit\u00e9 au cloud, le parcours emprunt\u00e9 par votre entreprise sera sem\u00e9 d&#8217;emb\u00fbches :<\/p>\n<strong>1. Les performances de votre environnement cloud d\u00e9pendent de votre r\u00e9seau<br \/>\n<\/strong>Pour 59 % des entreprises, la s\u00e9curit\u00e9 repr\u00e9sente le principal d\u00e9fi pour migrer avec succ\u00e8s vers le cloud. Viennent ensuite la fiabilit\u00e9 de la connectivit\u00e9 (48 %) et les indisponibilit\u00e9s op\u00e9rationnelles (43 %).\u00b9\n<strong>2. Les r\u00e9seaux traditionnels ne peuvent suivre le rythme du cloud<\/strong><br \/>\nVous avez besoin de ressources cloud rapidement op\u00e9rationnelles, mais dans certains cas, les d\u00e9lais d&#8217;activation atteignent 90 jours ! Selon les entreprises interrog\u00e9es, les retards enregistr\u00e9s dans le d\u00e9ploiement de leur projet de migration vers le cloud ont un co\u00fbt \u00e9lev\u00e9 : jusqu&#8217;\u00e0 110 000 euros par mois en moyenne.\u00b9\n<p>Une approche judicieuse de la connectivit\u00e9 peut contribuer au succ\u00e8s d&#8217;une strat\u00e9gie de transformation cloud &#8211; ou \u00e0 son \u00e9chec. <strong>C&#8217;est pourquoi votre entreprise doit pouvoir compter sur un r\u00e9seau r\u00e9solument innovant <\/strong>et qui se distingue par son haut niveau de performances, d&#8217;\u00e9volutivit\u00e9, de contr\u00f4le, de s\u00e9curit\u00e9 et de fiabilit\u00e9.<\/p>\n\t<p>\u00b9 Colt Technology Services : \u00ab \u00c9tude sur les tendances cloud 2020 &#8211; Adoption du cloud : tendances, d\u00e9fis et opportunit\u00e9s \u00bb, mai 2020. https:\/\/legacy.colt.net\/fr\/go\/state-of-the-cloud\/.<\/p>\n<h2>\n\t\tD\u00e9couvrez nos solutions de connectivit\u00e9 vers le cloud\n\t<\/h2>\n\t<strong>Colt aide les entreprises \u00e0 se connecter au cloud en quelques minutes de mani\u00e8re intelligente et \u00e9volutive.<br \/>\n<\/strong>Notre portefeuille de solutions de connectivit\u00e9 aux environnements de cloud priv\u00e9 ou public s&#8217;appuie sur les technologies de fibre optique, Ethernet, VPN IP, Internet et SD WAN pour r\u00e9pondre aux besoins de chaque client.\n\t\t\t\t<a href=\"https:\/\/legacy.colt.net\/fr\/product\/direct-connect\/\" target=\"_blank\" rel=\"noopener\" itemprop=\"url\">\n\t\t\t\t<img loading=\"lazy\" decoding=\"async\" src=\"https:\/\/legacy.colt.net\/wp-content\/uploads\/2021\/01\/Dedicated-Cloud-Access.png\" alt=\"Dedicated Cloud Access\" itemprop=\"image\" height=\"800\" width=\"800\" title=\"Dedicated Cloud Access\" onerror=\"this.style.display='none'\"  \/>\n\t\t\t\t<\/a>\n\t<p>Connectez-vous au fournisseur de services cloud (CSP) de votre choix avec une solution de connectivit\u00e9 priv\u00e9e, s\u00e9curis\u00e9e et enti\u00e8rement d\u00e9di\u00e9e.<\/p>\n\t\t\t\t<a href=\"https:\/\/legacy.colt.net\/fr\/product\/sd-wan-multi-cloud\/\" target=\"_blank\" rel=\"noopener\" itemprop=\"url\">\n\t\t\t\t<img loading=\"lazy\" decoding=\"async\" src=\"https:\/\/legacy.colt.net\/wp-content\/uploads\/2021\/01\/SD-WAN-Multi-cloud.png\" alt=\"SD WAN Multi-cloud\" itemprop=\"image\" height=\"800\" width=\"800\" title=\"SD WAN Multi-cloud\" onerror=\"this.style.display='none'\"  \/>\n\t\t\t\t<\/a>\n\t<p>Reliez et g\u00e9rez vos sites WAN et votre environnement multiclouds au sein d&#8217;une infrastructure unique et \u00e0 partir d&#8217;un portail unique.<\/p>\n\t\t\t\t<a href=\"https:\/\/legacy.colt.net\/fr\/product\/cloud-prioritisation\/\" target=\"_blank\" rel=\"noopener\" itemprop=\"url\">\n\t\t\t\t<img loading=\"lazy\" decoding=\"async\" src=\"https:\/\/legacy.colt.net\/wp-content\/uploads\/2021\/01\/IP-Access-with-Cloud-prioritisation.png\" alt=\"IP Access with Cloud prioritisation\" itemprop=\"image\" height=\"800\" width=\"800\" title=\"IP Access with Cloud prioritisation\" onerror=\"this.style.display='none'\"  \/>\n\t\t\t\t<\/a>\n\t<p>Optimisez la productivit\u00e9 des utilisateurs en priorisant leur acc\u00e8s aux applications Microsoft, telles que Microsoft Teams et Microsoft Office 365.<\/p>\n\t\t\t<a href=\"https:\/\/legacy.colt.net\/fr\/product\/direct-connect\/\" target=\"_blank\" role=\"button\" rel=\"noopener\">\n\t\t\t\t\t\t\tPour en savoir plus\n\t\t\t\t\t<\/a>\n\t\t\t<a href=\"https:\/\/legacy.colt.net\/fr\/product\/sd-wan-multi-cloud\/\" target=\"_blank\" role=\"button\" rel=\"noopener\">\n\t\t\t\t\t\t\tPour en savoir plus\n\t\t\t\t\t<\/a>\n\t\t\t<a href=\"https:\/\/legacy.colt.net\/fr\/product\/cloud-prioritisation\/\" target=\"_blank\" role=\"button\" rel=\"noopener\">\n\t\t\t\t\t\t\tPour en savoir plus\n\t\t\t\t\t<\/a>\n<h2>\n\t\tConnectez-vous \u00e0 n&#8217;importe quel fournisseur de services cloud\n\t<\/h2>\n\t<p>Nous sommes partenaires Gold et Premium des principaux fournisseurs de services cloud (CSP) avec un nombre impressionnant de connexions, \u00e0 savoir plus de 200 points d&#8217;acc\u00e8s au cloud public, soit 90 % du march\u00e9.<\/p>\n\t\t\t\t<img decoding=\"async\" src=\"https:\/\/legacy.colt.net\/wp-content\/uploads\/2021\/05\/any_major_cloud-3.png\" alt=\"any_major_cloud-3\" title=\"any_major_cloud-3\" itemprop=\"image\"\/>\n\t\t<h2>\n\t\tColt IQ, le r\u00e9seau dorsal vers votre cloud\n\t<\/h2>\n\t<p>Nos solutions de connectivit\u00e9 au cloud reposent sur Colt IQ, le meilleur r\u00e9seau pour la meilleure exp\u00e9rience cloud. Avec le r\u00e9seau intelligent Colt IQ, vous pouvez acc\u00e9der directement \u00e0 un grand nombre de b\u00e2timents et aux principaux data centres situ\u00e9s en Europe, en Asie-Pacifique et en Am\u00e9rique du Nord.<\/p>\n\t\t\t\t<img loading=\"lazy\" decoding=\"async\" src=\"https:\/\/legacy.colt.net\/wp-content\/uploads\/2019\/02\/Colt-net-Map-1018-1.png\" alt=\"Colt-net-Map-1018-1\" itemprop=\"image\" height=\"1551\" width=\"3169\" title=\"Colt-net-Map-1018-1\" onerror=\"this.style.display='none'\"  \/>\n\t<strong>Tout type de transport<br \/>\n<\/strong>Nous commercialisons diff\u00e9rentes solutions de connectivit\u00e9 : Ethernet, MPLS, Internet, SD WAN, IP VPN et par longueurs d&#8217;onde (Wavelength).\n<strong>Des performances garanties<br \/>\n<\/strong>Propri\u00e9taires de la totalit\u00e9 de notre r\u00e9seau, nous sommes en mesure de garantir une qualit\u00e9 de service homog\u00e8ne dans le monde entier avec des accords d&#8217;engagement de service (SLA) de bout en bout.\n\t<strong>Des tarifs comp\u00e9titifs<br \/>\n<\/strong>Et parce que le r\u00e9seau nous appartient en propre, nous proposons des tarifs comp\u00e9titifs pour l&#8217;ensemble de nos services.\n<strong>S\u00e9curit\u00e9 des donn\u00e9es<br \/>\n<\/strong>Vos donn\u00e9es sont plus s\u00fbres. Gr\u00e2ce \u00e0 notre vaste r\u00e9seau optique, nous vous connectons jusqu&#8217;au dernier kilom\u00e8tre avec une visibilit\u00e9 et une ma\u00eetrise totales.\n<h2>\n\t\tVotre partenaire de confiance pour le cloud\n\t<\/h2>\n\t<p>Colt est un partenaire sur lequel votre entreprise peut compter pour acc\u00e9l\u00e9rer son processus de transformation num\u00e9rique et prendre le bon virage dans un monde en pleine mutation.<\/p>\n\t<strong>Priorit\u00e9 au client<br \/>\n<\/strong>Notre score NPS, l&#8217;un des plus \u00e9lev\u00e9s dans notre domaine d&#8217;activit\u00e9, t\u00e9moigne des engagements que nous prenons en faveur de nos clients et souligne la qualit\u00e9 de l&#8217;exp\u00e9rience que nous leur offrons.\n\t<strong>Exp\u00e9rience utilisateur (UX)<br \/>\n<\/strong>\u00c0 partir de nos portails interactifs, nos clients b\u00e9n\u00e9ficient d&#8217;une visibilit\u00e9 int\u00e9grale et d&#8217;un contr\u00f4le total de leur r\u00e9seau. Quelques minutes suffisent pour moduler ses performances \u00e0 la hausse ou \u00e0 la baisse, en fonction de leurs besoins.\n\t<strong>Innovation<\/strong><br \/>\nNotre leadership est solidement \u00e9tabli sur le march\u00e9 des solutions bas\u00e9es sur la virtualisation des fonctions r\u00e9seau (NFV) et des r\u00e9seaux d\u00e9finis par logiciel (SDN). En outre, l&#8217;exp\u00e9rience client b\u00e9n\u00e9ficie dans une large mesure de l&#8217;utilisation de technologies utilisant l&#8217;intelligence artificielle et l&#8217;apprentissage automatique.\n<h2>\n\t\tParlons-en\u00a0!\n\t<\/h2>\n\t<p>Quels que soient les d\u00e9fis que vous devez relever, quelles que soient les questions que vous vous posez, nos experts seront \u00e0 vos c\u00f4t\u00e9s tout au long de votre parcours vers la connectivit\u00e9 au cloud.<\/p>\n<p>Contactez nos sp\u00e9cialistes d\u00e8s aujourd&#8217;hui. Ils ont les r\u00e9ponses que vous attendez.<\/p>\n\t\t\t<a href=\"https:\/\/legacy.colt.net\/fr\/contact-us\/\" target=\"_blank\" role=\"button\" rel=\"noopener\">\n\t\t\t\t\t\tAppelez-nous\n\t\t\t\t\t<\/a>\n\t\t\t<a href=\"https:\/\/legacy.colt.net\/fr\/email-us\/\" target=\"_blank\" role=\"button\" rel=\"noopener\">\n\t\t\t\t\t\tContactez-nous\n\t\t\t\t\t<\/a>\n\t\t\t<a href=\"#hs-chat-open\" target=\"_self\" role=\"button\" rel=\"noopener\">\n\t\t\t\t\t\tDiscutez avec nous\n\t\t\t\t\t<\/a>\n<h2>\n\t\tVous souhaitez en savoir plus ?\n\t<\/h2>\n\t<strong>Notre nouvelle \u00e9tude sur l&#8217;\u00e9tat du cloud en 2021 est disponible&nbsp;!<br \/>\n<\/strong>Quels sont les moteurs de la prochaine vague de l&#8217;adoption du cloud ? Nous avons pos\u00e9 la question \u00e0 400 d\u00e9cideurs IT d&#8217;Europe et d&#8217;Asie. <a href=\"https:\/\/legacy.colt.net\/fr\/go\/cloud-research-report\/\">Lire notre \u00e9tude<\/a>\n\t<strong> Guide<br \/>\n<\/strong>Comment le concept NetOps peut-il accompagner votre migration vers le cloud&nbsp;? <a href=\"https:\/\/legacy.colt.net\/fr\/resources\/netops-guide\/\">Lire la suite<\/a>\n\t<strong>Guide<br \/>\n<\/strong>Comment tirer pleinement parti de la migration vers le cloud&nbsp;? <a href=\"https:\/\/legacy.colt.net\/fr\/resources\/how-to-unlock-the-true-value-of-your-cloud-migration\/\">Lire la suite<\/a>\n\t<strong>Livre blanc Colt &amp; Oracle<br \/>\n<\/strong>Comment g\u00e9rer un service IT en p\u00e9riode de disruption&nbsp;? <a href=\"https:\/\/legacy.colt.net\/fr\/resources\/built-for-change\/\">Lire la suite<\/a>\n\t<strong>Pr\u00e9sentation vid\u00e9o<br \/>\n<\/strong>How to create a flexible, efficient network using Colt On Demand (vid\u00e9o en anglais) <a href=\"https:\/\/youtu.be\/KQu89ySHQ0M\">Watch video<\/a>\n\t<strong>Guide Colt &amp; Google Cloud<br \/>\n<\/strong>The one thing your cloud plan can&#8217;t live without (en anglais). <a href=\"https:\/\/legacy.colt.net\/resources\/the-one-thing-your-cloud-plan-cant-live-without\/\">Lire la suite<\/a>\n\n","protected":false},"excerpt":{"rendered":"<p>Une connectivit\u00e9 au cloud intelligente et \u00e9volutive Quels d\u00e9fis pour les entreprises modernes ? Dans un environnement en constante \u00e9volution, migrer vers le cloud rev\u00eat une importance primordiale. Or, sans une solide strat\u00e9gie de connectivit\u00e9 au cloud, le parcours emprunt\u00e9 par votre entreprise sera sem\u00e9 d&#8217;emb\u00fbches : 1. Les performances de votre environnement cloud d\u00e9pendent&#8230;<\/p>\n","protected":false},"author":2,"featured_media":0,"parent":0,"menu_order":0,"comment_status":"closed","ping_status":"closed","template":"","meta":{"_acf_changed":false,"footnotes":""},"colt_type":[],"colt_products":[],"class_list":["post-83394","page","type-page","status-publish","hentry"],"acf":[],"yoast_head":"<!-- This site is optimized with the Yoast SEO plugin v26.8 - https:\/\/yoast.com\/product\/yoast-seo-wordpress\/ -->\n<title>Connexion au cloud | Transformez la connectivit\u00e9 de votre r\u00e9seau | Colt<\/title>\n<meta name=\"description\" content=\"Une connectivit\u00e9 au cloud intelligente et \u00e9volutive en quelques minutes. Connectez-vous \u00e0 n\u2019importe quel fournisseur de services cloud. Des solutions prim\u00e9es pour les entreprises modernes.\" \/>\n<meta name=\"robots\" content=\"noindex, follow, max-snippet:-1, max-image-preview:large, max-video-preview:-1\" \/>\n<meta property=\"og:locale\" content=\"fr_FR\" \/>\n<meta property=\"og:type\" content=\"article\" \/>\n<meta property=\"og:title\" content=\"Connexion au cloud | Transformez la connectivit\u00e9 de votre r\u00e9seau | Colt\" \/>\n<meta property=\"og:description\" content=\"Une connectivit\u00e9 au cloud intelligente et \u00e9volutive en quelques minutes. Connectez-vous \u00e0 n\u2019importe quel fournisseur de services cloud. Des solutions prim\u00e9es pour les entreprises modernes.\" \/>\n<meta property=\"og:url\" content=\"https:\/\/legacy.colt.net\/fr\/cloud-connect\/\" \/>\n<meta property=\"og:site_name\" content=\"Colt Technology Services\" \/>\n<meta property=\"article:publisher\" content=\"https:\/\/www.facebook.com\/ColtTechnologyServices\/\" \/>\n<meta property=\"article:modified_time\" content=\"2022-12-31T12:40:57+00:00\" \/>\n<meta property=\"og:image\" content=\"https:\/\/legacy.colt.net\/wp-content\/uploads\/2021\/01\/Brand-2021-Stock-8.jpg\" \/>\n\t<meta property=\"og:image:width\" content=\"1000\" \/>\n\t<meta property=\"og:image:height\" content=\"667\" \/>\n\t<meta property=\"og:image:type\" content=\"image\/jpeg\" \/>\n<meta name=\"twitter:card\" content=\"summary_large_image\" \/>\n<meta name=\"twitter:site\" content=\"@colt_technology\" \/>\n<meta name=\"twitter:label1\" content=\"Est. reading time\" \/>\n\t<meta name=\"twitter:data1\" content=\"5 minutes\" \/>\n<script type=\"application\/ld+json\" class=\"yoast-schema-graph\">{\"@context\":\"https:\/\/schema.org\",\"@graph\":[{\"@type\":\"WebPage\",\"@id\":\"https:\/\/legacy.colt.net\/fr\/cloud-connect\/\",\"url\":\"https:\/\/legacy.colt.net\/fr\/cloud-connect\/\",\"name\":\"Connexion au cloud | Transformez la connectivit\u00e9 de votre r\u00e9seau | Colt\",\"isPartOf\":{\"@id\":\"https:\/\/legacy.colt.net\/#website\"},\"primaryImageOfPage\":{\"@id\":\"https:\/\/legacy.colt.net\/fr\/cloud-connect\/#primaryimage\"},\"image\":{\"@id\":\"https:\/\/legacy.colt.net\/fr\/cloud-connect\/#primaryimage\"},\"thumbnailUrl\":\"https:\/\/i.ytimg.com\/vi\/2xkeQzs06fo\/maxresdefault.jpg\",\"datePublished\":\"2020-11-09T15:06:32+00:00\",\"dateModified\":\"2022-12-31T12:40:57+00:00\",\"description\":\"Une connectivit\u00e9 au cloud intelligente et \u00e9volutive en quelques minutes. Connectez-vous \u00e0 n\u2019importe quel fournisseur de services cloud. Des solutions prim\u00e9es pour les entreprises modernes.\",\"breadcrumb\":{\"@id\":\"https:\/\/legacy.colt.net\/fr\/cloud-connect\/#breadcrumb\"},\"inLanguage\":\"fr-FR\",\"potentialAction\":[{\"@type\":\"ReadAction\",\"target\":[\"https:\/\/legacy.colt.net\/fr\/cloud-connect\/\"]}]},{\"@type\":\"ImageObject\",\"inLanguage\":\"fr-FR\",\"@id\":\"https:\/\/legacy.colt.net\/fr\/cloud-connect\/#primaryimage\",\"url\":\"https:\/\/i.ytimg.com\/vi\/2xkeQzs06fo\/maxresdefault.jpg\",\"contentUrl\":\"https:\/\/i.ytimg.com\/vi\/2xkeQzs06fo\/maxresdefault.jpg\"},{\"@type\":\"BreadcrumbList\",\"@id\":\"https:\/\/legacy.colt.net\/fr\/cloud-connect\/#breadcrumb\",\"itemListElement\":[{\"@type\":\"ListItem\",\"position\":1,\"name\":\"Home\",\"item\":\"https:\/\/legacy.colt.net\/fr\/\"},{\"@type\":\"ListItem\",\"position\":2,\"name\":\"Connexion au cloud\"}]},{\"@type\":\"WebSite\",\"@id\":\"https:\/\/legacy.colt.net\/#website\",\"url\":\"https:\/\/legacy.colt.net\/\",\"name\":\"Colt\u30c6\u30af\u30ce\u30ed\u30b8\u30fc\u30b5\u30fc\u30d3\u30b9\u682a\u5f0f\u4f1a\u793e\",\"description\":\"Managed Network &amp; Voice Services Provider\",\"publisher\":{\"@id\":\"https:\/\/legacy.colt.net\/#organization\"},\"potentialAction\":[{\"@type\":\"SearchAction\",\"target\":{\"@type\":\"EntryPoint\",\"urlTemplate\":\"https:\/\/legacy.colt.net\/?s={search_term_string}\"},\"query-input\":{\"@type\":\"PropertyValueSpecification\",\"valueRequired\":true,\"valueName\":\"search_term_string\"}}],\"inLanguage\":\"fr-FR\"},{\"@type\":\"Organization\",\"@id\":\"https:\/\/legacy.colt.net\/#organization\",\"name\":\"Colt Technology Services\",\"url\":\"https:\/\/legacy.colt.net\/\",\"logo\":{\"@type\":\"ImageObject\",\"inLanguage\":\"fr-FR\",\"@id\":\"https:\/\/legacy.colt.net\/#\/schema\/logo\/image\/\",\"url\":\"https:\/\/legacy.colt.net\/wp-content\/uploads\/2019\/02\/Colt-Logo.png\",\"contentUrl\":\"https:\/\/legacy.colt.net\/wp-content\/uploads\/2019\/02\/Colt-Logo.png\",\"width\":195,\"height\":77,\"caption\":\"Colt Technology Services\"},\"image\":{\"@id\":\"https:\/\/legacy.colt.net\/#\/schema\/logo\/image\/\"},\"sameAs\":[\"https:\/\/www.facebook.com\/ColtTechnologyServices\/\",\"https:\/\/x.com\/colt_technology\",\"https:\/\/www.instagram.com\/colttechnologyservices\/\",\"https:\/\/www.linkedin.com\/company\/colt-technology-services\",\"https:\/\/www.youtube.com\/user\/ColtTechnology\"]}]}<\/script>\n<!-- \/ Yoast SEO plugin. -->","yoast_head_json":{"title":"Connexion au cloud | Transformez la connectivit\u00e9 de votre r\u00e9seau | Colt","description":"Une connectivit\u00e9 au cloud intelligente et \u00e9volutive en quelques minutes. Connectez-vous \u00e0 n\u2019importe quel fournisseur de services cloud. Des solutions prim\u00e9es pour les entreprises modernes.","robots":{"index":"noindex","follow":"follow","max-snippet":"max-snippet:-1","max-image-preview":"max-image-preview:large","max-video-preview":"max-video-preview:-1"},"og_locale":"fr_FR","og_type":"article","og_title":"Connexion au cloud | Transformez la connectivit\u00e9 de votre r\u00e9seau | Colt","og_description":"Une connectivit\u00e9 au cloud intelligente et \u00e9volutive en quelques minutes. Connectez-vous \u00e0 n\u2019importe quel fournisseur de services cloud. Des solutions prim\u00e9es pour les entreprises modernes.","og_url":"https:\/\/legacy.colt.net\/fr\/cloud-connect\/","og_site_name":"Colt Technology Services","article_publisher":"https:\/\/www.facebook.com\/ColtTechnologyServices\/","article_modified_time":"2022-12-31T12:40:57+00:00","og_image":[{"width":1000,"height":667,"url":"https:\/\/legacy.colt.net\/wp-content\/uploads\/2021\/01\/Brand-2021-Stock-8.jpg","type":"image\/jpeg"}],"twitter_card":"summary_large_image","twitter_site":"@colt_technology","twitter_misc":{"Est. reading time":"5 minutes"},"schema":{"@context":"https:\/\/schema.org","@graph":[{"@type":"WebPage","@id":"https:\/\/legacy.colt.net\/fr\/cloud-connect\/","url":"https:\/\/legacy.colt.net\/fr\/cloud-connect\/","name":"Connexion au cloud | Transformez la connectivit\u00e9 de votre r\u00e9seau | Colt","isPartOf":{"@id":"https:\/\/legacy.colt.net\/#website"},"primaryImageOfPage":{"@id":"https:\/\/legacy.colt.net\/fr\/cloud-connect\/#primaryimage"},"image":{"@id":"https:\/\/legacy.colt.net\/fr\/cloud-connect\/#primaryimage"},"thumbnailUrl":"https:\/\/i.ytimg.com\/vi\/2xkeQzs06fo\/maxresdefault.jpg","datePublished":"2020-11-09T15:06:32+00:00","dateModified":"2022-12-31T12:40:57+00:00","description":"Une connectivit\u00e9 au cloud intelligente et \u00e9volutive en quelques minutes. Connectez-vous \u00e0 n\u2019importe quel fournisseur de services cloud. Des solutions prim\u00e9es pour les entreprises modernes.","breadcrumb":{"@id":"https:\/\/legacy.colt.net\/fr\/cloud-connect\/#breadcrumb"},"inLanguage":"fr-FR","potentialAction":[{"@type":"ReadAction","target":["https:\/\/legacy.colt.net\/fr\/cloud-connect\/"]}]},{"@type":"ImageObject","inLanguage":"fr-FR","@id":"https:\/\/legacy.colt.net\/fr\/cloud-connect\/#primaryimage","url":"https:\/\/i.ytimg.com\/vi\/2xkeQzs06fo\/maxresdefault.jpg","contentUrl":"https:\/\/i.ytimg.com\/vi\/2xkeQzs06fo\/maxresdefault.jpg"},{"@type":"BreadcrumbList","@id":"https:\/\/legacy.colt.net\/fr\/cloud-connect\/#breadcrumb","itemListElement":[{"@type":"ListItem","position":1,"name":"Home","item":"https:\/\/legacy.colt.net\/fr\/"},{"@type":"ListItem","position":2,"name":"Connexion au cloud"}]},{"@type":"WebSite","@id":"https:\/\/legacy.colt.net\/#website","url":"https:\/\/legacy.colt.net\/","name":"Colt\u30c6\u30af\u30ce\u30ed\u30b8\u30fc\u30b5\u30fc\u30d3\u30b9\u682a\u5f0f\u4f1a\u793e","description":"Managed Network &amp; Voice Services Provider","publisher":{"@id":"https:\/\/legacy.colt.net\/#organization"},"potentialAction":[{"@type":"SearchAction","target":{"@type":"EntryPoint","urlTemplate":"https:\/\/legacy.colt.net\/?s={search_term_string}"},"query-input":{"@type":"PropertyValueSpecification","valueRequired":true,"valueName":"search_term_string"}}],"inLanguage":"fr-FR"},{"@type":"Organization","@id":"https:\/\/legacy.colt.net\/#organization","name":"Colt Technology Services","url":"https:\/\/legacy.colt.net\/","logo":{"@type":"ImageObject","inLanguage":"fr-FR","@id":"https:\/\/legacy.colt.net\/#\/schema\/logo\/image\/","url":"https:\/\/legacy.colt.net\/wp-content\/uploads\/2019\/02\/Colt-Logo.png","contentUrl":"https:\/\/legacy.colt.net\/wp-content\/uploads\/2019\/02\/Colt-Logo.png","width":195,"height":77,"caption":"Colt Technology Services"},"image":{"@id":"https:\/\/legacy.colt.net\/#\/schema\/logo\/image\/"},"sameAs":["https:\/\/www.facebook.com\/ColtTechnologyServices\/","https:\/\/x.com\/colt_technology","https:\/\/www.instagram.com\/colttechnologyservices\/","https:\/\/www.linkedin.com\/company\/colt-technology-services","https:\/\/www.youtube.com\/user\/ColtTechnology"]}]}},"_links":{"self":[{"href":"https:\/\/legacy.colt.net\/fr\/wp-json\/wp\/v2\/pages\/83394","targetHints":{"allow":["GET"]}}],"collection":[{"href":"https:\/\/legacy.colt.net\/fr\/wp-json\/wp\/v2\/pages"}],"about":[{"href":"https:\/\/legacy.colt.net\/fr\/wp-json\/wp\/v2\/types\/page"}],"author":[{"embeddable":true,"href":"https:\/\/legacy.colt.net\/fr\/wp-json\/wp\/v2\/users\/2"}],"replies":[{"embeddable":true,"href":"https:\/\/legacy.colt.net\/fr\/wp-json\/wp\/v2\/comments?post=83394"}],"version-history":[{"count":0,"href":"https:\/\/legacy.colt.net\/fr\/wp-json\/wp\/v2\/pages\/83394\/revisions"}],"wp:attachment":[{"href":"https:\/\/legacy.colt.net\/fr\/wp-json\/wp\/v2\/media?parent=83394"}],"wp:term":[{"taxonomy":"colt_type","embeddable":true,"href":"https:\/\/legacy.colt.net\/fr\/wp-json\/wp\/v2\/colt_type?post=83394"},{"taxonomy":"colt_products","embeddable":true,"href":"https:\/\/legacy.colt.net\/fr\/wp-json\/wp\/v2\/colt_products?post=83394"}],"curies":[{"name":"wp","href":"https:\/\/api.w.org\/{rel}","templated":true}]}}