{"id":82243,"date":"2020-02-07T10:59:29","date_gmt":"2020-02-07T10:59:29","guid":{"rendered":"https:\/\/www.colt.net\/product\/secure-network-gateway\/"},"modified":"2024-12-14T13:51:02","modified_gmt":"2024-12-14T13:51:02","slug":"secure-network-gateway","status":"publish","type":"page","link":"https:\/\/legacy.colt.net\/fr\/product\/secure-network-gateway\/","title":{"rendered":"Passerelle Web s\u00e9curis\u00e9e"},"content":{"rendered":"\n\n\t<p><iframe loading=\"lazy\" src=\"https:\/\/www.youtube.com\/embed\/KALLVgKrGZc\" width=\"860\" height=\"515\" frameborder=\"0\" allowfullscreen=\"allowfullscreen\">\ufeff\ufeff\ufeff<\/iframe><\/p>\n<h3>Plate-forme de s\u00e9curit\u00e9 Zscaler\u00a0: prot\u00e9gez votre r\u00e9seau avec une solution SaaS de pointe<\/h3>\n<p>L&#8217;adoption croissante du cloud et la d\u00e9centralisation des r\u00e9seaux impose aux entreprises de nouvelles contraintes en termes de cybers\u00e9curit\u00e9.<\/p>\n<p>Pour mener \u00e0 bien leurs programmes de transformation digitale, les entreprises doivent disposer d&#8217;une solution performante, capable d&#8217;assurer un acc\u00e8s s\u00e9curis\u00e9 aux utilisateurs, ind\u00e9pendamment de leur emplacement ou du type d&#8217;acc\u00e8s.<\/p>\n<p>Nombreuses sont-elles d\u00e9sormais \u00e0 se tourner vers des solutions de s\u00e9curit\u00e9 de nouvelle g\u00e9n\u00e9ration, bas\u00e9es dans le cloud, capables d&#8217;offrir un acc\u00e8s s\u00e9curis\u00e9 plus proche de l&#8217;utilisateur, \u00e0 la pointe du r\u00e9seau pour minimiser les ph\u00e9nom\u00e8nes de latence et optimiser l&#8217;agilit\u00e9 globale.<\/p>\n<h3>Une solution exhaustive pour votre r\u00e9seau<\/h3>\n<p>Nous avons \u00e9tabli un partenariat avec Zscaler pour associer leur solution de s\u00e9curit\u00e9 \u00e0 nos services r\u00e9seau, \u00e0 titre d&#8217;application optionnelle, ce qui inclut Colt IP Access, IP VPN et notre solution SD WAN embl\u00e9matique. Nous avons un service de peering direct avec la plate-forme Zscaler Cloud en diff\u00e9rents endroits du monde, acheminant directement le trafic vers Zscaler pour r\u00e9duire la latence et am\u00e9liorer durablement et de mani\u00e8re homog\u00e8ne l&#8217;exp\u00e9rience client et les applications associ\u00e9es.<\/p>\n<h3>S\u00e9curit\u00e9 haute performance bas\u00e9e dans le cloud<\/h3>\n<p>Zscaler est un fournisseur de premier plan de services SaaS (S\u00e9curit\u00e9 en tant que service) qui op\u00e8re la principale plate-forme mondiale de s\u00e9curit\u00e9 dans le cloud et qui, \u00e0 ce titre, prot\u00e8ge des milliers d&#8217;entreprises et d&#8217;organismes gouvernementaux contre les cyber-attaques et les pertes de donn\u00e9es.<\/p>\n<p>En acheminant le trafic r\u00e9seau vers la plate-forme Zscaler distribu\u00e9e dans le monde entier, une passerelle Internet s\u00e9curis\u00e9e est ainsi disponible, dans le cloud priv\u00e9 ou public. Les services de Zscaler offrent aujourd&#8217;hui la simplicit\u00e9, la s\u00e9curit\u00e9 renforc\u00e9e et l&#8217;exp\u00e9rience client am\u00e9lior\u00e9e que les syst\u00e8mes traditionnels ne sont pas en mesure de proposer.<\/p>\n<p><img loading=\"lazy\" decoding=\"async\" src=\"https:\/\/legacy.colt.net\/wp-content\/uploads\/2020\/02\/Zscaler-graphic.png\" alt=\"\" width=\"1049\" height=\"520\" \/><\/p>\n<p>&nbsp;<\/p>\n\n","protected":false},"excerpt":{"rendered":"<p>\ufeff\ufeff\ufeff Plate-forme de s\u00e9curit\u00e9 Zscaler\u00a0: prot\u00e9gez votre r\u00e9seau avec une solution SaaS de pointe L&#8217;adoption croissante du cloud et la d\u00e9centralisation des r\u00e9seaux impose aux entreprises de nouvelles contraintes en termes de cybers\u00e9curit\u00e9. Pour mener \u00e0 bien leurs programmes de transformation digitale, les entreprises doivent disposer d&#8217;une solution performante, capable d&#8217;assurer un acc\u00e8s s\u00e9curis\u00e9 aux&#8230;<\/p>\n","protected":false},"author":2,"featured_media":0,"parent":35895,"menu_order":0,"comment_status":"closed","ping_status":"closed","template":"page-templates\/template-product.php","meta":{"_acf_changed":false,"footnotes":""},"colt_type":[],"colt_products":[1342],"class_list":["post-82243","page","type-page","status-publish","hentry","colt_products-security-fr"],"acf":[],"yoast_head":"<!-- This site is optimized with the Yoast SEO plugin v26.8 - https:\/\/yoast.com\/product\/yoast-seo-wordpress\/ -->\n<title>Passerelle Web s\u00e9curis\u00e9e - Colt Technology Services<\/title>\n<meta name=\"description\" content=\"L\u2019adoption croissante du cloud et la d\u00e9centralisation des r\u00e9seaux impose aux entreprises de nouvelles contraintes en termes de cybers\u00e9curit\u00e9.\" \/>\n<meta name=\"robots\" content=\"noindex, follow, max-snippet:-1, max-image-preview:large, max-video-preview:-1\" \/>\n<meta property=\"og:locale\" content=\"fr_FR\" \/>\n<meta property=\"og:type\" content=\"article\" \/>\n<meta property=\"og:title\" content=\"Passerelle Web s\u00e9curis\u00e9e - Colt Technology Services\" \/>\n<meta property=\"og:description\" content=\"L\u2019adoption croissante du cloud et la d\u00e9centralisation des r\u00e9seaux impose aux entreprises de nouvelles contraintes en termes de cybers\u00e9curit\u00e9.\" \/>\n<meta property=\"og:url\" content=\"https:\/\/legacy.colt.net\/fr\/product\/secure-network-gateway\/\" \/>\n<meta property=\"og:site_name\" content=\"Colt Technology Services\" \/>\n<meta property=\"article:publisher\" content=\"https:\/\/www.facebook.com\/ColtTechnologyServices\/\" \/>\n<meta property=\"article:modified_time\" content=\"2024-12-14T13:51:02+00:00\" \/>\n<meta property=\"og:image\" content=\"https:\/\/legacy.colt.net\/wp-content\/uploads\/2020\/02\/Zscaler-graphic.png\" \/>\n<meta name=\"twitter:card\" content=\"summary_large_image\" \/>\n<meta name=\"twitter:site\" content=\"@colt_technology\" \/>\n<meta name=\"twitter:label1\" content=\"Est. reading time\" \/>\n\t<meta name=\"twitter:data1\" content=\"2 minutes\" \/>\n<script type=\"application\/ld+json\" class=\"yoast-schema-graph\">{\"@context\":\"https:\/\/schema.org\",\"@graph\":[{\"@type\":\"WebPage\",\"@id\":\"https:\/\/legacy.colt.net\/fr\/product\/secure-network-gateway\/\",\"url\":\"https:\/\/legacy.colt.net\/fr\/product\/secure-network-gateway\/\",\"name\":\"Passerelle Web s\u00e9curis\u00e9e - Colt Technology Services\",\"isPartOf\":{\"@id\":\"https:\/\/legacy.colt.net\/#website\"},\"primaryImageOfPage\":{\"@id\":\"https:\/\/legacy.colt.net\/fr\/product\/secure-network-gateway\/#primaryimage\"},\"image\":{\"@id\":\"https:\/\/legacy.colt.net\/fr\/product\/secure-network-gateway\/#primaryimage\"},\"thumbnailUrl\":\"https:\/\/legacy.colt.net\/wp-content\/uploads\/2020\/02\/Zscaler-graphic.png\",\"datePublished\":\"2020-02-07T10:59:29+00:00\",\"dateModified\":\"2024-12-14T13:51:02+00:00\",\"description\":\"L\u2019adoption croissante du cloud et la d\u00e9centralisation des r\u00e9seaux impose aux entreprises de nouvelles contraintes en termes de cybers\u00e9curit\u00e9.\",\"breadcrumb\":{\"@id\":\"https:\/\/legacy.colt.net\/fr\/product\/secure-network-gateway\/#breadcrumb\"},\"inLanguage\":\"fr-FR\",\"potentialAction\":[{\"@type\":\"ReadAction\",\"target\":[\"https:\/\/legacy.colt.net\/fr\/product\/secure-network-gateway\/\"]}]},{\"@type\":\"ImageObject\",\"inLanguage\":\"fr-FR\",\"@id\":\"https:\/\/legacy.colt.net\/fr\/product\/secure-network-gateway\/#primaryimage\",\"url\":\"https:\/\/legacy.colt.net\/wp-content\/uploads\/2020\/02\/Zscaler-graphic.png\",\"contentUrl\":\"https:\/\/legacy.colt.net\/wp-content\/uploads\/2020\/02\/Zscaler-graphic.png\"},{\"@type\":\"BreadcrumbList\",\"@id\":\"https:\/\/legacy.colt.net\/fr\/product\/secure-network-gateway\/#breadcrumb\",\"itemListElement\":[{\"@type\":\"ListItem\",\"position\":1,\"name\":\"Home\",\"item\":\"https:\/\/legacy.colt.net\/fr\/\"},{\"@type\":\"ListItem\",\"position\":2,\"name\":\"Produits &#038; Services r\u00e9seaux\",\"item\":\"https:\/\/legacy.colt.net\/fr\/product\/\"},{\"@type\":\"ListItem\",\"position\":3,\"name\":\"Passerelle Web s\u00e9curis\u00e9e\"}]},{\"@type\":\"WebSite\",\"@id\":\"https:\/\/legacy.colt.net\/#website\",\"url\":\"https:\/\/legacy.colt.net\/\",\"name\":\"Colt\u30c6\u30af\u30ce\u30ed\u30b8\u30fc\u30b5\u30fc\u30d3\u30b9\u682a\u5f0f\u4f1a\u793e\",\"description\":\"Managed Network &amp; Voice Services Provider\",\"publisher\":{\"@id\":\"https:\/\/legacy.colt.net\/#organization\"},\"potentialAction\":[{\"@type\":\"SearchAction\",\"target\":{\"@type\":\"EntryPoint\",\"urlTemplate\":\"https:\/\/legacy.colt.net\/?s={search_term_string}\"},\"query-input\":{\"@type\":\"PropertyValueSpecification\",\"valueRequired\":true,\"valueName\":\"search_term_string\"}}],\"inLanguage\":\"fr-FR\"},{\"@type\":\"Organization\",\"@id\":\"https:\/\/legacy.colt.net\/#organization\",\"name\":\"Colt Technology Services\",\"url\":\"https:\/\/legacy.colt.net\/\",\"logo\":{\"@type\":\"ImageObject\",\"inLanguage\":\"fr-FR\",\"@id\":\"https:\/\/legacy.colt.net\/#\/schema\/logo\/image\/\",\"url\":\"https:\/\/legacy.colt.net\/wp-content\/uploads\/2019\/02\/Colt-Logo.png\",\"contentUrl\":\"https:\/\/legacy.colt.net\/wp-content\/uploads\/2019\/02\/Colt-Logo.png\",\"width\":195,\"height\":77,\"caption\":\"Colt Technology Services\"},\"image\":{\"@id\":\"https:\/\/legacy.colt.net\/#\/schema\/logo\/image\/\"},\"sameAs\":[\"https:\/\/www.facebook.com\/ColtTechnologyServices\/\",\"https:\/\/x.com\/colt_technology\",\"https:\/\/www.instagram.com\/colttechnologyservices\/\",\"https:\/\/www.linkedin.com\/company\/colt-technology-services\",\"https:\/\/www.youtube.com\/user\/ColtTechnology\"]}]}<\/script>\n<!-- \/ Yoast SEO plugin. -->","yoast_head_json":{"title":"Passerelle Web s\u00e9curis\u00e9e - Colt Technology Services","description":"L\u2019adoption croissante du cloud et la d\u00e9centralisation des r\u00e9seaux impose aux entreprises de nouvelles contraintes en termes de cybers\u00e9curit\u00e9.","robots":{"index":"noindex","follow":"follow","max-snippet":"max-snippet:-1","max-image-preview":"max-image-preview:large","max-video-preview":"max-video-preview:-1"},"og_locale":"fr_FR","og_type":"article","og_title":"Passerelle Web s\u00e9curis\u00e9e - Colt Technology Services","og_description":"L\u2019adoption croissante du cloud et la d\u00e9centralisation des r\u00e9seaux impose aux entreprises de nouvelles contraintes en termes de cybers\u00e9curit\u00e9.","og_url":"https:\/\/legacy.colt.net\/fr\/product\/secure-network-gateway\/","og_site_name":"Colt Technology Services","article_publisher":"https:\/\/www.facebook.com\/ColtTechnologyServices\/","article_modified_time":"2024-12-14T13:51:02+00:00","og_image":[{"url":"https:\/\/legacy.colt.net\/wp-content\/uploads\/2020\/02\/Zscaler-graphic.png","type":"","width":"","height":""}],"twitter_card":"summary_large_image","twitter_site":"@colt_technology","twitter_misc":{"Est. reading time":"2 minutes"},"schema":{"@context":"https:\/\/schema.org","@graph":[{"@type":"WebPage","@id":"https:\/\/legacy.colt.net\/fr\/product\/secure-network-gateway\/","url":"https:\/\/legacy.colt.net\/fr\/product\/secure-network-gateway\/","name":"Passerelle Web s\u00e9curis\u00e9e - Colt Technology Services","isPartOf":{"@id":"https:\/\/legacy.colt.net\/#website"},"primaryImageOfPage":{"@id":"https:\/\/legacy.colt.net\/fr\/product\/secure-network-gateway\/#primaryimage"},"image":{"@id":"https:\/\/legacy.colt.net\/fr\/product\/secure-network-gateway\/#primaryimage"},"thumbnailUrl":"https:\/\/legacy.colt.net\/wp-content\/uploads\/2020\/02\/Zscaler-graphic.png","datePublished":"2020-02-07T10:59:29+00:00","dateModified":"2024-12-14T13:51:02+00:00","description":"L\u2019adoption croissante du cloud et la d\u00e9centralisation des r\u00e9seaux impose aux entreprises de nouvelles contraintes en termes de cybers\u00e9curit\u00e9.","breadcrumb":{"@id":"https:\/\/legacy.colt.net\/fr\/product\/secure-network-gateway\/#breadcrumb"},"inLanguage":"fr-FR","potentialAction":[{"@type":"ReadAction","target":["https:\/\/legacy.colt.net\/fr\/product\/secure-network-gateway\/"]}]},{"@type":"ImageObject","inLanguage":"fr-FR","@id":"https:\/\/legacy.colt.net\/fr\/product\/secure-network-gateway\/#primaryimage","url":"https:\/\/legacy.colt.net\/wp-content\/uploads\/2020\/02\/Zscaler-graphic.png","contentUrl":"https:\/\/legacy.colt.net\/wp-content\/uploads\/2020\/02\/Zscaler-graphic.png"},{"@type":"BreadcrumbList","@id":"https:\/\/legacy.colt.net\/fr\/product\/secure-network-gateway\/#breadcrumb","itemListElement":[{"@type":"ListItem","position":1,"name":"Home","item":"https:\/\/legacy.colt.net\/fr\/"},{"@type":"ListItem","position":2,"name":"Produits &#038; Services r\u00e9seaux","item":"https:\/\/legacy.colt.net\/fr\/product\/"},{"@type":"ListItem","position":3,"name":"Passerelle Web s\u00e9curis\u00e9e"}]},{"@type":"WebSite","@id":"https:\/\/legacy.colt.net\/#website","url":"https:\/\/legacy.colt.net\/","name":"Colt\u30c6\u30af\u30ce\u30ed\u30b8\u30fc\u30b5\u30fc\u30d3\u30b9\u682a\u5f0f\u4f1a\u793e","description":"Managed Network &amp; Voice Services Provider","publisher":{"@id":"https:\/\/legacy.colt.net\/#organization"},"potentialAction":[{"@type":"SearchAction","target":{"@type":"EntryPoint","urlTemplate":"https:\/\/legacy.colt.net\/?s={search_term_string}"},"query-input":{"@type":"PropertyValueSpecification","valueRequired":true,"valueName":"search_term_string"}}],"inLanguage":"fr-FR"},{"@type":"Organization","@id":"https:\/\/legacy.colt.net\/#organization","name":"Colt Technology Services","url":"https:\/\/legacy.colt.net\/","logo":{"@type":"ImageObject","inLanguage":"fr-FR","@id":"https:\/\/legacy.colt.net\/#\/schema\/logo\/image\/","url":"https:\/\/legacy.colt.net\/wp-content\/uploads\/2019\/02\/Colt-Logo.png","contentUrl":"https:\/\/legacy.colt.net\/wp-content\/uploads\/2019\/02\/Colt-Logo.png","width":195,"height":77,"caption":"Colt Technology Services"},"image":{"@id":"https:\/\/legacy.colt.net\/#\/schema\/logo\/image\/"},"sameAs":["https:\/\/www.facebook.com\/ColtTechnologyServices\/","https:\/\/x.com\/colt_technology","https:\/\/www.instagram.com\/colttechnologyservices\/","https:\/\/www.linkedin.com\/company\/colt-technology-services","https:\/\/www.youtube.com\/user\/ColtTechnology"]}]}},"_links":{"self":[{"href":"https:\/\/legacy.colt.net\/fr\/wp-json\/wp\/v2\/pages\/82243","targetHints":{"allow":["GET"]}}],"collection":[{"href":"https:\/\/legacy.colt.net\/fr\/wp-json\/wp\/v2\/pages"}],"about":[{"href":"https:\/\/legacy.colt.net\/fr\/wp-json\/wp\/v2\/types\/page"}],"author":[{"embeddable":true,"href":"https:\/\/legacy.colt.net\/fr\/wp-json\/wp\/v2\/users\/2"}],"replies":[{"embeddable":true,"href":"https:\/\/legacy.colt.net\/fr\/wp-json\/wp\/v2\/comments?post=82243"}],"version-history":[{"count":0,"href":"https:\/\/legacy.colt.net\/fr\/wp-json\/wp\/v2\/pages\/82243\/revisions"}],"up":[{"embeddable":true,"href":"https:\/\/legacy.colt.net\/fr\/wp-json\/wp\/v2\/pages\/35895"}],"wp:attachment":[{"href":"https:\/\/legacy.colt.net\/fr\/wp-json\/wp\/v2\/media?parent=82243"}],"wp:term":[{"taxonomy":"colt_type","embeddable":true,"href":"https:\/\/legacy.colt.net\/fr\/wp-json\/wp\/v2\/colt_type?post=82243"},{"taxonomy":"colt_products","embeddable":true,"href":"https:\/\/legacy.colt.net\/fr\/wp-json\/wp\/v2\/colt_products?post=82243"}],"curies":[{"name":"wp","href":"https:\/\/api.w.org\/{rel}","templated":true}]}}