{"id":81965,"date":"2020-06-26T09:41:07","date_gmt":"2020-06-26T08:41:07","guid":{"rendered":"https:\/\/www.colt.net\/product\/sd-wan-multi-cloud\/"},"modified":"2022-10-17T16:48:44","modified_gmt":"2022-10-17T15:48:44","slug":"sd-wan-multi-cloud","status":"publish","type":"page","link":"https:\/\/legacy.colt.net\/fr\/product\/sd-wan-multi-cloud\/","title":{"rendered":"SD WAN Multi-Cloud"},"content":{"rendered":"\r\n<h1>\u00a0<\/h1>\r\n<h2>Products &amp; Services<\/h2>\r\n<nav class=\"breadcrumb\"><span><span><a href=\"https:\/\/legacy.colt.net\/fr\/\">Home<\/a><\/span><\/span><\/nav>\r\n<h2>Assurez votre migration vers le cloud avec SD WAN<\/h2>\r\n<p>Pour les entreprises, il est plus important que jamais de pouvoir mener \u00e0 bien la migration de leurs applications et workloads vers le cloud. L&#8217;adoption du cloud conna\u00eet aujourd&#8217;hui une v\u00e9ritable envol\u00e9e, \u00e0 telle enseigne que 94 % des entreprises dans le monde ont d\u00e9j\u00e0 franchi le pas, et que 85 % d&#8217;entre elles y ont d\u00e9j\u00e0 migr\u00e9 plus de la moiti\u00e9 de leurs workloads.<\/p>\r\n<p>Le trafic dans le cloud \u00e9tant beaucoup plus difficile \u00e0 pr\u00e9voir que les applications h\u00e9rit\u00e9es localement h\u00e9berg\u00e9es, les entreprises se tournent de plus en plus vers la solution SD WAN pour optimiser leur exp\u00e9rience et am\u00e9liorer leur productivit\u00e9.<\/p>\r\n<h2>SD WAN Multi-Cloud avec Colt<\/h2>\r\n<p><strong>SD WAN Multi-Cloud<\/strong>\u00a0est une fonctionnalit\u00e9 disponible avec le service SD WAN de Colt, pour une connectivit\u00e9 directe, fiable et s\u00e9curis\u00e9e vers de multiples clouds, via la passerelle Colt Cloud Gateway.<\/p>\r\n<p>La solution SD WAN Multi-Cloud de Colt utilise le vaste r\u00e9seau Colt IQ, optimis\u00e9 avec SDN, pour assurer une connectivit\u00e9 performante, abordable et s\u00e9curis\u00e9e, directement avec les fournisseurs de services Cloud (CSP).<\/p>\r\n<p>Cette solution permet une vision globale et coh\u00e9rente du r\u00e9seau d&#8217;entreprise, en reliant les sites WAN et l&#8217;infrastructure cloud &#8211; l&#8217;ensemble \u00e9tant ais\u00e9ment visualis\u00e9 et manag\u00e9 via le portail Colt SD WAN.<\/p>\r\n<p>Gr\u00e2ce \u00e0 la plateforme SD WAN Multi-Cloud, les clients sont en mesure de combiner la gestion de leur filiale connect\u00e9e au r\u00e9seau WAN, avec une connectivit\u00e9 priv\u00e9e directe \u00e0 leurs applications IaaS\/SaaS. Ils peuvent le faire avec de multiples CSP, sur une seule infrastructure, en b\u00e9n\u00e9ficiant d&#8217;une s\u00e9curit\u00e9 de bout en bout, avec un contrat SLA bas\u00e9 sur la performance, et une visibilit\u00e9 ad\u00e9quate.<\/p>\r\n<p>La plateforme Colt SD WAN Multi-Cloud supporte AWS, Microsoft Azure et Google Cloud dans toute l&#8217;Europe, offrant ainsi une option suppl\u00e9mentaire aux clients qui souhaitent se connecter \u00e0 ces clouds publics.<\/p>\r\n<h2>Connexion au cloud avec Colt<\/h2>\r\n<p>Colt assure \u00e9galement un acc\u00e8s Ethernet (avec routeur manag\u00e9 en option) et IP VPN \u00e0 AWS, Microsoft Azure, Google Cloud, IBM Cloud, entre autres. Pour de plus amples informations sur l&#8217;option Cloud Connect, consultez <strong><a href=\"https:\/\/legacy.colt.net\/fr\/product\/direct-connect\/\">Colt Dedicated Cloud Access\u00a0page<\/a><\/strong>.<\/p>\r\n<p>Pour les entreprises qui utilisent les applications de productivit\u00e9 Microsoft cloud, en qu\u00eate d&#8217;une solution de communications unifi\u00e9e et optimis\u00e9e, Colt propose \u00e9galement l&#8217;offre <strong><a href=\"https:\/\/legacy.colt.net\/fr\/product\/colt-intelligent-communications\/\">Colt Intelligent Communications<\/a><\/strong>.<\/p>\r\n<p>Pour les clients qui se connectent via l&#8217;Internet, Colt IP Access avec Cloud Prioritisation assure une connectivit\u00e9 Internet B2B optimis\u00e9e pour les applications Microsoft SaaS. Plus d&#8217;informations en cliquant <a href=\"https:\/\/legacy.colt.net\/fr\/product\/cloud-prioritisation\/\">ici<\/a>.<\/p>\r\n<h3>Live chat avec nos experts<\/h3>\r\n<p>Chat en ligne disponible du lundi au vendredi de 9h00 \u00e0 17h00<\/p>\r\n<h3>Contactez notre \u00e9quipe de vente business<\/h3>\r\n<p>[hubspot type=form portal=344164 id=fd02b54c-5fa5-424c-94be-28588152cd47]<\/p>\r\n<h3>Contactez un sp\u00e9cialiste<\/h3>\r\n<h3><a href=\"tel:0800949944\">0800 949 944<\/a><\/h3>\r\n<p><img decoding=\"async\" title=\"Glowing Fiber Channels\" src=\"https:\/\/legacy.colt.net\/wp-content\/uploads\/2019\/05\/Colt-Fallback-12-1-720x450.jpg\" alt=\"Glowing Fiber Optic Channels Closeup Photo. Fiber Channel Background.\" \/><\/p>\r\n<h5>R\u00e9seaux SD WAN pour entreprises<\/h5>\r\n<p>Colt s&#8217;appuie sur une plateforme SD-WAN intelligente pour faire le tri entre les donn\u00e9es qui transitent par Internet et celles qui circulent dans des r\u00e9seaux priv\u00e9s. R\u00e9sultat, la formation d&#8217;un r\u00e9seau hybride o\u00f9 les donn\u00e9es non critiques sont d\u00e9lest\u00e9es vers un tunnel Internet s\u00e9curis\u00e9 et qui lib\u00e8re de la bande passante MPLS pour acheminer les donn\u00e9es strat\u00e9giques, ce qui augmente avec efficacit\u00e9 la bande passante totale mise \u00e0 la disposition de vos succursales.<\/p>\r\n<p><img decoding=\"async\" title=\"Colt Fallback\" src=\"https:\/\/legacy.colt.net\/wp-content\/uploads\/2019\/05\/AP195278-720x450.jpg\" alt=\"Colt Fallback\" \/><\/p>\r\n<h5>Colt d\u00e9roule le tapis rouge pour la Berlinale<\/h5>\r\n<p>Le\u00a0festival international du film de Berlin utilise la solution Dedicated Cloud Access (DCA) de Colt pour la premi\u00e8re fois en 2020. Paris, le 18 f\u00e9vrier 2020 &#8211; Colt Technology Services annonce que le festival international du film de Berlin (Berlinale) utilise pour la premi\u00e8re fois en 2020 son offre de Dedicated Cloud Access (DCA).<\/p>\r\n<p><img decoding=\"async\" title=\"Abstract 3D network in future\" src=\"https:\/\/legacy.colt.net\/wp-content\/uploads\/2019\/05\/Colt-Fallback-19-1-720x450.jpg\" alt=\"Abstract 3D network in future\" \/><\/p>\r\n<h5>Colt Cloud Prioritisation<\/h5>\r\n<p>Le service Colt Cloud Prioritisation combine les avantages d&#8217;un routage optimis\u00e9 et d&#8217;une infrastructure de peering directe, avec priorisation du trafic entre le routeur client et le routeur edge du fournisseur. Les clients sont en mesure d&#8217;acc\u00e9der \u00e0 Microsoft Teams, Office 365, Azure, Windows Virtual Desktop, ou toute autre application Microsoft SaaS, dans le cadre d&#8217;une exp\u00e9rience client adoss\u00e9e \u00e0 un contrat de niveau SLA.<\/p>\r\n","protected":false},"excerpt":{"rendered":"<p>\u00a0 Products &amp; Services Assurez votre migration vers le cloud avec SD WAN Pour les entreprises, il est plus important que jamais de pouvoir mener \u00e0 bien la migration de leurs applications et workloads vers le cloud. L&#8217;adoption du cloud conna\u00eet aujourd&#8217;hui une v\u00e9ritable envol\u00e9e, \u00e0 telle enseigne que 94 % des entreprises dans le&#8230;<\/p>\n","protected":false},"author":2,"featured_media":0,"parent":35895,"menu_order":0,"comment_status":"closed","ping_status":"closed","template":"","meta":{"_acf_changed":false,"footnotes":""},"colt_type":[],"colt_products":[1498],"class_list":["post-81965","page","type-page","status-publish","hentry","colt_products-cloud-connect-fr"],"acf":[],"yoast_head":"<!-- This site is optimized with the Yoast SEO plugin v26.8 - https:\/\/yoast.com\/product\/yoast-seo-wordpress\/ -->\n<title>SD WAN Multi-Cloud - Colt Technology Services<\/title>\n<meta name=\"description\" content=\"Pour les entreprises, il est plus important que jamais de pouvoir mener \u00e0 bien la migration de leurs applications et workloads vers le cloud.\" \/>\n<meta name=\"robots\" content=\"noindex, follow, max-snippet:-1, max-image-preview:large, max-video-preview:-1\" \/>\n<meta property=\"og:locale\" content=\"fr_FR\" \/>\n<meta property=\"og:type\" content=\"article\" \/>\n<meta property=\"og:title\" content=\"SD WAN Multi-Cloud - Colt Technology Services\" \/>\n<meta property=\"og:description\" content=\"Pour les entreprises, il est plus important que jamais de pouvoir mener \u00e0 bien la migration de leurs applications et workloads vers le cloud.\" \/>\n<meta property=\"og:url\" content=\"https:\/\/legacy.colt.net\/fr\/product\/sd-wan-multi-cloud\/\" \/>\n<meta property=\"og:site_name\" content=\"Colt Technology Services\" \/>\n<meta property=\"article:publisher\" content=\"https:\/\/www.facebook.com\/ColtTechnologyServices\/\" \/>\n<meta property=\"article:modified_time\" content=\"2022-10-17T15:48:44+00:00\" \/>\n<meta property=\"og:image\" content=\"https:\/\/legacy.colt.net\/wp-content\/uploads\/2019\/05\/Colt-Fallback-12-1-720x450.jpg\" \/>\n<meta name=\"twitter:card\" content=\"summary_large_image\" \/>\n<meta name=\"twitter:site\" content=\"@colt_technology\" \/>\n<meta name=\"twitter:label1\" content=\"Est. reading time\" \/>\n\t<meta name=\"twitter:data1\" content=\"3 minutes\" \/>\n<script type=\"application\/ld+json\" class=\"yoast-schema-graph\">{\"@context\":\"https:\/\/schema.org\",\"@graph\":[{\"@type\":\"WebPage\",\"@id\":\"https:\/\/legacy.colt.net\/fr\/product\/sd-wan-multi-cloud\/\",\"url\":\"https:\/\/legacy.colt.net\/fr\/product\/sd-wan-multi-cloud\/\",\"name\":\"SD WAN Multi-Cloud - Colt Technology Services\",\"isPartOf\":{\"@id\":\"https:\/\/legacy.colt.net\/#website\"},\"primaryImageOfPage\":{\"@id\":\"https:\/\/legacy.colt.net\/fr\/product\/sd-wan-multi-cloud\/#primaryimage\"},\"image\":{\"@id\":\"https:\/\/legacy.colt.net\/fr\/product\/sd-wan-multi-cloud\/#primaryimage\"},\"thumbnailUrl\":\"https:\/\/legacy.colt.net\/wp-content\/uploads\/2019\/05\/Colt-Fallback-12-1-720x450.jpg\",\"datePublished\":\"2020-06-26T08:41:07+00:00\",\"dateModified\":\"2022-10-17T15:48:44+00:00\",\"description\":\"Pour les entreprises, il est plus important que jamais de pouvoir mener \u00e0 bien la migration de leurs applications et workloads vers le cloud.\",\"breadcrumb\":{\"@id\":\"https:\/\/legacy.colt.net\/fr\/product\/sd-wan-multi-cloud\/#breadcrumb\"},\"inLanguage\":\"fr-FR\",\"potentialAction\":[{\"@type\":\"ReadAction\",\"target\":[\"https:\/\/legacy.colt.net\/fr\/product\/sd-wan-multi-cloud\/\"]}]},{\"@type\":\"ImageObject\",\"inLanguage\":\"fr-FR\",\"@id\":\"https:\/\/legacy.colt.net\/fr\/product\/sd-wan-multi-cloud\/#primaryimage\",\"url\":\"https:\/\/legacy.colt.net\/wp-content\/uploads\/2019\/05\/Colt-Fallback-12-1-720x450.jpg\",\"contentUrl\":\"https:\/\/legacy.colt.net\/wp-content\/uploads\/2019\/05\/Colt-Fallback-12-1-720x450.jpg\"},{\"@type\":\"BreadcrumbList\",\"@id\":\"https:\/\/legacy.colt.net\/fr\/product\/sd-wan-multi-cloud\/#breadcrumb\",\"itemListElement\":[{\"@type\":\"ListItem\",\"position\":1,\"name\":\"Home\",\"item\":\"https:\/\/legacy.colt.net\/fr\/\"},{\"@type\":\"ListItem\",\"position\":2,\"name\":\"Produits &#038; Services r\u00e9seaux\",\"item\":\"https:\/\/legacy.colt.net\/fr\/product\/\"},{\"@type\":\"ListItem\",\"position\":3,\"name\":\"SD WAN Multi-Cloud\"}]},{\"@type\":\"WebSite\",\"@id\":\"https:\/\/legacy.colt.net\/#website\",\"url\":\"https:\/\/legacy.colt.net\/\",\"name\":\"Colt\u30c6\u30af\u30ce\u30ed\u30b8\u30fc\u30b5\u30fc\u30d3\u30b9\u682a\u5f0f\u4f1a\u793e\",\"description\":\"Managed Network &amp; Voice Services Provider\",\"publisher\":{\"@id\":\"https:\/\/legacy.colt.net\/#organization\"},\"potentialAction\":[{\"@type\":\"SearchAction\",\"target\":{\"@type\":\"EntryPoint\",\"urlTemplate\":\"https:\/\/legacy.colt.net\/?s={search_term_string}\"},\"query-input\":{\"@type\":\"PropertyValueSpecification\",\"valueRequired\":true,\"valueName\":\"search_term_string\"}}],\"inLanguage\":\"fr-FR\"},{\"@type\":\"Organization\",\"@id\":\"https:\/\/legacy.colt.net\/#organization\",\"name\":\"Colt Technology Services\",\"url\":\"https:\/\/legacy.colt.net\/\",\"logo\":{\"@type\":\"ImageObject\",\"inLanguage\":\"fr-FR\",\"@id\":\"https:\/\/legacy.colt.net\/#\/schema\/logo\/image\/\",\"url\":\"https:\/\/legacy.colt.net\/wp-content\/uploads\/2019\/02\/Colt-Logo.png\",\"contentUrl\":\"https:\/\/legacy.colt.net\/wp-content\/uploads\/2019\/02\/Colt-Logo.png\",\"width\":195,\"height\":77,\"caption\":\"Colt Technology Services\"},\"image\":{\"@id\":\"https:\/\/legacy.colt.net\/#\/schema\/logo\/image\/\"},\"sameAs\":[\"https:\/\/www.facebook.com\/ColtTechnologyServices\/\",\"https:\/\/x.com\/colt_technology\",\"https:\/\/www.instagram.com\/colttechnologyservices\/\",\"https:\/\/www.linkedin.com\/company\/colt-technology-services\",\"https:\/\/www.youtube.com\/user\/ColtTechnology\"]}]}<\/script>\n<!-- \/ Yoast SEO plugin. -->","yoast_head_json":{"title":"SD WAN Multi-Cloud - Colt Technology Services","description":"Pour les entreprises, il est plus important que jamais de pouvoir mener \u00e0 bien la migration de leurs applications et workloads vers le cloud.","robots":{"index":"noindex","follow":"follow","max-snippet":"max-snippet:-1","max-image-preview":"max-image-preview:large","max-video-preview":"max-video-preview:-1"},"og_locale":"fr_FR","og_type":"article","og_title":"SD WAN Multi-Cloud - Colt Technology Services","og_description":"Pour les entreprises, il est plus important que jamais de pouvoir mener \u00e0 bien la migration de leurs applications et workloads vers le cloud.","og_url":"https:\/\/legacy.colt.net\/fr\/product\/sd-wan-multi-cloud\/","og_site_name":"Colt Technology Services","article_publisher":"https:\/\/www.facebook.com\/ColtTechnologyServices\/","article_modified_time":"2022-10-17T15:48:44+00:00","og_image":[{"url":"https:\/\/legacy.colt.net\/wp-content\/uploads\/2019\/05\/Colt-Fallback-12-1-720x450.jpg","type":"","width":"","height":""}],"twitter_card":"summary_large_image","twitter_site":"@colt_technology","twitter_misc":{"Est. reading time":"3 minutes"},"schema":{"@context":"https:\/\/schema.org","@graph":[{"@type":"WebPage","@id":"https:\/\/legacy.colt.net\/fr\/product\/sd-wan-multi-cloud\/","url":"https:\/\/legacy.colt.net\/fr\/product\/sd-wan-multi-cloud\/","name":"SD WAN Multi-Cloud - Colt Technology Services","isPartOf":{"@id":"https:\/\/legacy.colt.net\/#website"},"primaryImageOfPage":{"@id":"https:\/\/legacy.colt.net\/fr\/product\/sd-wan-multi-cloud\/#primaryimage"},"image":{"@id":"https:\/\/legacy.colt.net\/fr\/product\/sd-wan-multi-cloud\/#primaryimage"},"thumbnailUrl":"https:\/\/legacy.colt.net\/wp-content\/uploads\/2019\/05\/Colt-Fallback-12-1-720x450.jpg","datePublished":"2020-06-26T08:41:07+00:00","dateModified":"2022-10-17T15:48:44+00:00","description":"Pour les entreprises, il est plus important que jamais de pouvoir mener \u00e0 bien la migration de leurs applications et workloads vers le cloud.","breadcrumb":{"@id":"https:\/\/legacy.colt.net\/fr\/product\/sd-wan-multi-cloud\/#breadcrumb"},"inLanguage":"fr-FR","potentialAction":[{"@type":"ReadAction","target":["https:\/\/legacy.colt.net\/fr\/product\/sd-wan-multi-cloud\/"]}]},{"@type":"ImageObject","inLanguage":"fr-FR","@id":"https:\/\/legacy.colt.net\/fr\/product\/sd-wan-multi-cloud\/#primaryimage","url":"https:\/\/legacy.colt.net\/wp-content\/uploads\/2019\/05\/Colt-Fallback-12-1-720x450.jpg","contentUrl":"https:\/\/legacy.colt.net\/wp-content\/uploads\/2019\/05\/Colt-Fallback-12-1-720x450.jpg"},{"@type":"BreadcrumbList","@id":"https:\/\/legacy.colt.net\/fr\/product\/sd-wan-multi-cloud\/#breadcrumb","itemListElement":[{"@type":"ListItem","position":1,"name":"Home","item":"https:\/\/legacy.colt.net\/fr\/"},{"@type":"ListItem","position":2,"name":"Produits &#038; Services r\u00e9seaux","item":"https:\/\/legacy.colt.net\/fr\/product\/"},{"@type":"ListItem","position":3,"name":"SD WAN Multi-Cloud"}]},{"@type":"WebSite","@id":"https:\/\/legacy.colt.net\/#website","url":"https:\/\/legacy.colt.net\/","name":"Colt\u30c6\u30af\u30ce\u30ed\u30b8\u30fc\u30b5\u30fc\u30d3\u30b9\u682a\u5f0f\u4f1a\u793e","description":"Managed Network &amp; Voice Services Provider","publisher":{"@id":"https:\/\/legacy.colt.net\/#organization"},"potentialAction":[{"@type":"SearchAction","target":{"@type":"EntryPoint","urlTemplate":"https:\/\/legacy.colt.net\/?s={search_term_string}"},"query-input":{"@type":"PropertyValueSpecification","valueRequired":true,"valueName":"search_term_string"}}],"inLanguage":"fr-FR"},{"@type":"Organization","@id":"https:\/\/legacy.colt.net\/#organization","name":"Colt Technology Services","url":"https:\/\/legacy.colt.net\/","logo":{"@type":"ImageObject","inLanguage":"fr-FR","@id":"https:\/\/legacy.colt.net\/#\/schema\/logo\/image\/","url":"https:\/\/legacy.colt.net\/wp-content\/uploads\/2019\/02\/Colt-Logo.png","contentUrl":"https:\/\/legacy.colt.net\/wp-content\/uploads\/2019\/02\/Colt-Logo.png","width":195,"height":77,"caption":"Colt Technology Services"},"image":{"@id":"https:\/\/legacy.colt.net\/#\/schema\/logo\/image\/"},"sameAs":["https:\/\/www.facebook.com\/ColtTechnologyServices\/","https:\/\/x.com\/colt_technology","https:\/\/www.instagram.com\/colttechnologyservices\/","https:\/\/www.linkedin.com\/company\/colt-technology-services","https:\/\/www.youtube.com\/user\/ColtTechnology"]}]}},"_links":{"self":[{"href":"https:\/\/legacy.colt.net\/fr\/wp-json\/wp\/v2\/pages\/81965","targetHints":{"allow":["GET"]}}],"collection":[{"href":"https:\/\/legacy.colt.net\/fr\/wp-json\/wp\/v2\/pages"}],"about":[{"href":"https:\/\/legacy.colt.net\/fr\/wp-json\/wp\/v2\/types\/page"}],"author":[{"embeddable":true,"href":"https:\/\/legacy.colt.net\/fr\/wp-json\/wp\/v2\/users\/2"}],"replies":[{"embeddable":true,"href":"https:\/\/legacy.colt.net\/fr\/wp-json\/wp\/v2\/comments?post=81965"}],"version-history":[{"count":0,"href":"https:\/\/legacy.colt.net\/fr\/wp-json\/wp\/v2\/pages\/81965\/revisions"}],"up":[{"embeddable":true,"href":"https:\/\/legacy.colt.net\/fr\/wp-json\/wp\/v2\/pages\/35895"}],"wp:attachment":[{"href":"https:\/\/legacy.colt.net\/fr\/wp-json\/wp\/v2\/media?parent=81965"}],"wp:term":[{"taxonomy":"colt_type","embeddable":true,"href":"https:\/\/legacy.colt.net\/fr\/wp-json\/wp\/v2\/colt_type?post=81965"},{"taxonomy":"colt_products","embeddable":true,"href":"https:\/\/legacy.colt.net\/fr\/wp-json\/wp\/v2\/colt_products?post=81965"}],"curies":[{"name":"wp","href":"https:\/\/api.w.org\/{rel}","templated":true}]}}