{"id":65065,"date":"2019-11-06T16:02:00","date_gmt":"2019-11-06T16:02:00","guid":{"rendered":"https:\/\/www.colt.net\/?page_id=65065"},"modified":"2022-03-24T08:57:50","modified_gmt":"2022-03-24T08:57:50","slug":"data-centre-interconnect","status":"publish","type":"page","link":"https:\/\/legacy.colt.net\/fr\/product\/data-centre-interconnect\/","title":{"rendered":"Data Centre Interconnect"},"content":{"rendered":"\r\n<h1>Connectivit\u00e9 avanc\u00e9e des centres de donn\u00e9es vers plus de 900 centres de donn\u00e9es dans le monde entier<\/h1>\r\n<h2>Products &amp; Services<\/h2>\r\n<nav class=\"breadcrumb\"><span><span><a href=\"https:\/\/legacy.colt.net\/fr\/\">Home<\/a><\/span><\/span><\/nav>\r\n<h3>Contactez notre \u00e9quipe de vente business<\/h3>\r\n<p>[hubspot type=form portal=344164 id=fd02b54c-5fa5-424c-94be-28588152cd47]<\/p>\r\n<p><a href=\"void(0)\" target=\"_self\" rel=\"noopener noreferrer\"> Contactez Nous <\/a> <a role=\"button\" href=\"#hs-chat-open\" target=\"_self\" rel=\"noopener noreferrer\"> Chat with us <\/a><\/p>\r\n<p>[hubspot type=form portal=344164 id=fd02b54c-5fa5-424c-94be-28588152cd47]<\/p>\r\n<p><a href=\"void(0)\" target=\"_self\" rel=\"noopener noreferrer\"> Contactez Nous <\/a> <a role=\"button\" href=\"https:\/\/legacy.colt.net\/wp-content\/uploads\/2019\/07\/Data-Sheet-DC-Net-FR-0719.pdf\" target=\"_blank\" rel=\"noopener noreferrer\"> DC Net Fiche Produit <\/a><\/p>\r\n<h2>Chaque centre de donn\u00e9es n&#8217;est qu&#8217;un r\u00e9partiteur situ\u00e9 au loin<\/h2>\r\n<p>L&#8217;interconnexion des centres de donn\u00e9es de Colt permet d&#8217;interconnecter rapidement et facilement les centres de donn\u00e9es h\u00e9bergeant vos services informatiques, m\u00eame s&#8217;ils se trouvent dans diff\u00e9rentes villes, pays ou continents. Gr\u00e2ce \u00e0 notre connectivit\u00e9 pr\u00e9configur\u00e9e dans les centres de donn\u00e9es cl\u00e9s, il nous suffit de 5 jours pour relier vos donn\u00e9es\u00a0; ou dans certains cas, comme avec le service DCNet On-Demand de Colt, cela peut \u00eatre r\u00e9alis\u00e9 imm\u00e9diatement.<\/p>\r\n<h2>Aper\u00e7u des avantages<\/h2>\r\n<p>Dynamisez votre strat\u00e9gie informatique international par un acc\u00e8s direct \u00e0 plus de 900 centres de donn\u00e9es de fournisseurs ind\u00e9pendants, non ind\u00e9pendants et Colt en Europe, dans la r\u00e9gion Asie-Pacifique et en Am\u00e9rique du Nord.<\/p>\r\n<h5>Colt offre plus de choix et de capacit\u00e9s dans les centres de donn\u00e9es que tout autre op\u00e9rateur en Europe, en Am\u00e9rique du Nord et en Asie.<\/h5>\r\n<h5>B\u00e9n\u00e9ficiez de la fourniture de services en temps r\u00e9el et dites adieu aux longs d\u00e9lais de livraison.<\/h5>\r\n<h5>Nous proposons une large gamme de services vous permettant de choisir la bande passante dont vous avez besoin\u00a0: de 100 Mbp\/s \u00e0 100 Gbp\/s.<\/h5>\r\n<h5>Coordonnez vos services informatiques gr\u00e2ce \u00e0 une interconnexion simple et transparente, m\u00eame si ceux-ci sont h\u00e9berg\u00e9s dans diff\u00e9rentes villes voire diff\u00e9rents pays.<\/h5>\r\n<h5>Les services \u00e0 la demande fournissent un contr\u00f4le instantan\u00e9 de votre r\u00e9seau. B\u00e9n\u00e9ficiez de la configuration en libre-service et du paiement \u00e0 l&#8217;utilisation en temps r\u00e9el.<\/h5>\r\n<h5>Un contrat simple\u00a0: pour \u00e9viter le recours \u00e0 plusieurs fournisseurs et \u00e0 des contrats de r\u00e9seau individuels, nous proposons des conditions flexibles \u00e0 des prix comp\u00e9titifs<\/h5>\r\n<h2>Vous \u00eates entre de bonnes mains<\/h2>\r\n<p>Colt peut vous aider \u00e0 \u00e9tendre votre couverture r\u00e9seau afin de suivre l&#8217;\u00e9volution de votre strat\u00e9gie informatique. Ajoutez simplement de nouvelles connexions \u00e0 des centres de donn\u00e9es suppl\u00e9mentaires \u00e0 tout moment. Nos services de connectivit\u00e9 prim\u00e9s sont rapides \u00e0 d\u00e9ployer, \u00e9conomiques et faciles \u00e0 g\u00e9rer.<\/p>\r\n<p>Nos services Ethernet et Wave (DWDM) offrent simplicit\u00e9, \u00e9volutivit\u00e9 et flexibilit\u00e9, le tout aupr\u00e8s d&#8217;un op\u00e9rateur de confiance. Avec des options de bande passante allant des services par paquet \u00e0 100 Mbp\/s aux services optiques \u00e0 100 Gbit\/s, nous offrons le choix le plus large possible de technologies et de solutions. Colt peut garantir performance et bande passante, tout en offrant des niveaux exceptionnels de s\u00e9curit\u00e9 et de r\u00e9silience.<\/p>\r\n<p><img decoding=\"async\" src=\"https:\/\/legacy.colt.net\/wp-content\/uploads\/2020\/01\/on-demand-explained-1.jpg\" \/><\/p>\r\n<h2>Caract\u00e9ristiques du service<\/h2>\r\n<h3>Contactez notre \u00e9quipe de vente business<\/h3>\r\n<p>[hubspot portalid=&#8221;344164&#8243; formid=&#8221;efe9b5f7-7d48-4f0a-a125-cc234efbf1df&#8221; event=&#8221;HubSpotFormSubmitted&#8221; HsFormAction=&#8221;Contact Us&#8221; HsFormName=&#8221;Product DC Interconnect&#8221;]<\/p>\r\n<p><a href=\"void(0)\" target=\"_self\" rel=\"noopener noreferrer\"> Nous contacter <\/a><\/p>\r\n<h2>Pourquoi nous choisir\u202f?<\/h2>\r\n<p>Colt fournit des services \u00e0 large bande passante aux entreprises et aux clients grossistes d&#8217;Europe, d&#8217;Asie et d&#8217;Am\u00e9rique du Nord, en facilitant la transformation num\u00e9rique des entreprises gr\u00e2ce \u00e0 son r\u00e9seau IQ priv\u00e9, d\u00e9velopp\u00e9 \u00e0 cet effet et int\u00e9gr\u00e9 dans le cloud.<\/p>\r\n<p>Colt a b\u00e2ti sa r\u00e9putation en donnant la priorit\u00e9 \u00e0 ses clients, en s&#8217;attachant \u00e0 offrir une v\u00e9ritable pr\u00e9sence locale et une grande agilit\u00e9 aux entreprises mondiales, qui ont pourtant besoin d&#8217;une attention locale. Colt compte parmi ses clients 76 % des plus grandes entreprises mondiales de t\u00e9l\u00e9communications et 72 % des plus grandes entreprises mondiales de m\u00e9dias (liste Forbes 2000, 2016). D\u00e9tenue \u00e0 titre priv\u00e9 par Fidelity Investments, Colt est l&#8217;une des soci\u00e9t\u00e9s les plus financi\u00e8rement solides de son secteur et peut offrir une exp\u00e9rience client de premier ordre \u00e0 un prix comp\u00e9titif.<\/p>\r\n<h1>V\u00e9rificateur de disponibilit\u00e9 de la fibre<\/h1>\r\n<p><strong>V\u00e9rifiez votre connectivit\u00e9 au r\u00e9seau Colt IQ<br \/><\/strong> <a role=\"button\" href=\"https:\/\/legacy.colt.net\/fr\/colt-network-map\/\" target=\"_self\" rel=\"noopener noreferrer\"> V\u00e9rifier ma connectivit\u00e9 <\/a><\/p>\r\n","protected":false},"excerpt":{"rendered":"<p>Connectivit\u00e9 avanc\u00e9e des centres de donn\u00e9es vers plus de 900 centres de donn\u00e9es dans le monde entier Products &amp; Services Contactez notre \u00e9quipe de vente business [hubspot type=form portal=344164 id=fd02b54c-5fa5-424c-94be-28588152cd47] Contactez Nous Chat with us [hubspot type=form portal=344164 id=fd02b54c-5fa5-424c-94be-28588152cd47] Contactez Nous DC Net Fiche Produit Chaque centre de donn\u00e9es n&#8217;est qu&#8217;un r\u00e9partiteur situ\u00e9 au loin&#8230;<\/p>\n","protected":false},"author":2,"featured_media":0,"parent":35895,"menu_order":0,"comment_status":"closed","ping_status":"closed","template":"","meta":{"_acf_changed":false,"footnotes":""},"colt_type":[],"colt_products":[],"class_list":["post-65065","page","type-page","status-publish","hentry"],"acf":[],"yoast_head":"<!-- This site is optimized with the Yoast SEO plugin v26.8 - https:\/\/yoast.com\/product\/yoast-seo-wordpress\/ -->\n<title>Data Centre Interconnect - Colt Technology Services<\/title>\n<meta name=\"description\" content=\"Data Centre Interconnect Colt Technology Services\" \/>\n<meta name=\"robots\" content=\"noindex, follow, max-snippet:-1, max-image-preview:large, max-video-preview:-1\" \/>\n<meta property=\"og:locale\" content=\"fr_FR\" \/>\n<meta property=\"og:type\" content=\"article\" \/>\n<meta property=\"og:title\" content=\"Data Centre Interconnect - Colt Technology Services\" \/>\n<meta property=\"og:description\" content=\"Data Centre Interconnect Colt Technology Services\" \/>\n<meta property=\"og:url\" content=\"https:\/\/legacy.colt.net\/fr\/product\/data-centre-interconnect\/\" \/>\n<meta property=\"og:site_name\" content=\"Colt Technology Services\" \/>\n<meta property=\"article:publisher\" content=\"https:\/\/www.facebook.com\/ColtTechnologyServices\/\" \/>\n<meta property=\"article:modified_time\" content=\"2022-03-24T08:57:50+00:00\" \/>\n<meta property=\"og:image\" content=\"https:\/\/legacy.colt.net\/wp-content\/uploads\/2020\/01\/on-demand-explained-1.jpg\" \/>\n<meta name=\"twitter:card\" content=\"summary_large_image\" \/>\n<meta name=\"twitter:site\" content=\"@colt_technology\" \/>\n<meta name=\"twitter:label1\" content=\"Est. reading time\" \/>\n\t<meta name=\"twitter:data1\" content=\"3 minutes\" \/>\n<script type=\"application\/ld+json\" class=\"yoast-schema-graph\">{\"@context\":\"https:\/\/schema.org\",\"@graph\":[{\"@type\":\"WebPage\",\"@id\":\"https:\/\/legacy.colt.net\/fr\/product\/data-centre-interconnect\/\",\"url\":\"https:\/\/legacy.colt.net\/fr\/product\/data-centre-interconnect\/\",\"name\":\"Data Centre Interconnect - Colt Technology Services\",\"isPartOf\":{\"@id\":\"https:\/\/legacy.colt.net\/#website\"},\"primaryImageOfPage\":{\"@id\":\"https:\/\/legacy.colt.net\/fr\/product\/data-centre-interconnect\/#primaryimage\"},\"image\":{\"@id\":\"https:\/\/legacy.colt.net\/fr\/product\/data-centre-interconnect\/#primaryimage\"},\"thumbnailUrl\":\"https:\/\/legacy.colt.net\/wp-content\/uploads\/2020\/01\/on-demand-explained-1.jpg\",\"datePublished\":\"2019-11-06T16:02:00+00:00\",\"dateModified\":\"2022-03-24T08:57:50+00:00\",\"description\":\"Data Centre Interconnect Colt Technology Services\",\"breadcrumb\":{\"@id\":\"https:\/\/legacy.colt.net\/fr\/product\/data-centre-interconnect\/#breadcrumb\"},\"inLanguage\":\"fr-FR\",\"potentialAction\":[{\"@type\":\"ReadAction\",\"target\":[\"https:\/\/legacy.colt.net\/fr\/product\/data-centre-interconnect\/\"]}]},{\"@type\":\"ImageObject\",\"inLanguage\":\"fr-FR\",\"@id\":\"https:\/\/legacy.colt.net\/fr\/product\/data-centre-interconnect\/#primaryimage\",\"url\":\"https:\/\/legacy.colt.net\/wp-content\/uploads\/2020\/01\/on-demand-explained-1.jpg\",\"contentUrl\":\"https:\/\/legacy.colt.net\/wp-content\/uploads\/2020\/01\/on-demand-explained-1.jpg\"},{\"@type\":\"BreadcrumbList\",\"@id\":\"https:\/\/legacy.colt.net\/fr\/product\/data-centre-interconnect\/#breadcrumb\",\"itemListElement\":[{\"@type\":\"ListItem\",\"position\":1,\"name\":\"Home\",\"item\":\"https:\/\/legacy.colt.net\/fr\/\"},{\"@type\":\"ListItem\",\"position\":2,\"name\":\"Produits &#038; Services r\u00e9seaux\",\"item\":\"https:\/\/legacy.colt.net\/fr\/product\/\"},{\"@type\":\"ListItem\",\"position\":3,\"name\":\"Data Centre Interconnect\"}]},{\"@type\":\"WebSite\",\"@id\":\"https:\/\/legacy.colt.net\/#website\",\"url\":\"https:\/\/legacy.colt.net\/\",\"name\":\"Colt\u30c6\u30af\u30ce\u30ed\u30b8\u30fc\u30b5\u30fc\u30d3\u30b9\u682a\u5f0f\u4f1a\u793e\",\"description\":\"Managed Network &amp; Voice Services Provider\",\"publisher\":{\"@id\":\"https:\/\/legacy.colt.net\/#organization\"},\"potentialAction\":[{\"@type\":\"SearchAction\",\"target\":{\"@type\":\"EntryPoint\",\"urlTemplate\":\"https:\/\/legacy.colt.net\/?s={search_term_string}\"},\"query-input\":{\"@type\":\"PropertyValueSpecification\",\"valueRequired\":true,\"valueName\":\"search_term_string\"}}],\"inLanguage\":\"fr-FR\"},{\"@type\":\"Organization\",\"@id\":\"https:\/\/legacy.colt.net\/#organization\",\"name\":\"Colt Technology Services\",\"url\":\"https:\/\/legacy.colt.net\/\",\"logo\":{\"@type\":\"ImageObject\",\"inLanguage\":\"fr-FR\",\"@id\":\"https:\/\/legacy.colt.net\/#\/schema\/logo\/image\/\",\"url\":\"https:\/\/legacy.colt.net\/wp-content\/uploads\/2019\/02\/Colt-Logo.png\",\"contentUrl\":\"https:\/\/legacy.colt.net\/wp-content\/uploads\/2019\/02\/Colt-Logo.png\",\"width\":195,\"height\":77,\"caption\":\"Colt Technology Services\"},\"image\":{\"@id\":\"https:\/\/legacy.colt.net\/#\/schema\/logo\/image\/\"},\"sameAs\":[\"https:\/\/www.facebook.com\/ColtTechnologyServices\/\",\"https:\/\/x.com\/colt_technology\",\"https:\/\/www.instagram.com\/colttechnologyservices\/\",\"https:\/\/www.linkedin.com\/company\/colt-technology-services\",\"https:\/\/www.youtube.com\/user\/ColtTechnology\"]}]}<\/script>\n<!-- \/ Yoast SEO plugin. -->","yoast_head_json":{"title":"Data Centre Interconnect - Colt Technology Services","description":"Data Centre Interconnect Colt Technology Services","robots":{"index":"noindex","follow":"follow","max-snippet":"max-snippet:-1","max-image-preview":"max-image-preview:large","max-video-preview":"max-video-preview:-1"},"og_locale":"fr_FR","og_type":"article","og_title":"Data Centre Interconnect - Colt Technology Services","og_description":"Data Centre Interconnect Colt Technology Services","og_url":"https:\/\/legacy.colt.net\/fr\/product\/data-centre-interconnect\/","og_site_name":"Colt Technology Services","article_publisher":"https:\/\/www.facebook.com\/ColtTechnologyServices\/","article_modified_time":"2022-03-24T08:57:50+00:00","og_image":[{"url":"https:\/\/legacy.colt.net\/wp-content\/uploads\/2020\/01\/on-demand-explained-1.jpg","type":"","width":"","height":""}],"twitter_card":"summary_large_image","twitter_site":"@colt_technology","twitter_misc":{"Est. reading time":"3 minutes"},"schema":{"@context":"https:\/\/schema.org","@graph":[{"@type":"WebPage","@id":"https:\/\/legacy.colt.net\/fr\/product\/data-centre-interconnect\/","url":"https:\/\/legacy.colt.net\/fr\/product\/data-centre-interconnect\/","name":"Data Centre Interconnect - Colt Technology Services","isPartOf":{"@id":"https:\/\/legacy.colt.net\/#website"},"primaryImageOfPage":{"@id":"https:\/\/legacy.colt.net\/fr\/product\/data-centre-interconnect\/#primaryimage"},"image":{"@id":"https:\/\/legacy.colt.net\/fr\/product\/data-centre-interconnect\/#primaryimage"},"thumbnailUrl":"https:\/\/legacy.colt.net\/wp-content\/uploads\/2020\/01\/on-demand-explained-1.jpg","datePublished":"2019-11-06T16:02:00+00:00","dateModified":"2022-03-24T08:57:50+00:00","description":"Data Centre Interconnect Colt Technology Services","breadcrumb":{"@id":"https:\/\/legacy.colt.net\/fr\/product\/data-centre-interconnect\/#breadcrumb"},"inLanguage":"fr-FR","potentialAction":[{"@type":"ReadAction","target":["https:\/\/legacy.colt.net\/fr\/product\/data-centre-interconnect\/"]}]},{"@type":"ImageObject","inLanguage":"fr-FR","@id":"https:\/\/legacy.colt.net\/fr\/product\/data-centre-interconnect\/#primaryimage","url":"https:\/\/legacy.colt.net\/wp-content\/uploads\/2020\/01\/on-demand-explained-1.jpg","contentUrl":"https:\/\/legacy.colt.net\/wp-content\/uploads\/2020\/01\/on-demand-explained-1.jpg"},{"@type":"BreadcrumbList","@id":"https:\/\/legacy.colt.net\/fr\/product\/data-centre-interconnect\/#breadcrumb","itemListElement":[{"@type":"ListItem","position":1,"name":"Home","item":"https:\/\/legacy.colt.net\/fr\/"},{"@type":"ListItem","position":2,"name":"Produits &#038; Services r\u00e9seaux","item":"https:\/\/legacy.colt.net\/fr\/product\/"},{"@type":"ListItem","position":3,"name":"Data Centre Interconnect"}]},{"@type":"WebSite","@id":"https:\/\/legacy.colt.net\/#website","url":"https:\/\/legacy.colt.net\/","name":"Colt\u30c6\u30af\u30ce\u30ed\u30b8\u30fc\u30b5\u30fc\u30d3\u30b9\u682a\u5f0f\u4f1a\u793e","description":"Managed Network &amp; Voice Services Provider","publisher":{"@id":"https:\/\/legacy.colt.net\/#organization"},"potentialAction":[{"@type":"SearchAction","target":{"@type":"EntryPoint","urlTemplate":"https:\/\/legacy.colt.net\/?s={search_term_string}"},"query-input":{"@type":"PropertyValueSpecification","valueRequired":true,"valueName":"search_term_string"}}],"inLanguage":"fr-FR"},{"@type":"Organization","@id":"https:\/\/legacy.colt.net\/#organization","name":"Colt Technology Services","url":"https:\/\/legacy.colt.net\/","logo":{"@type":"ImageObject","inLanguage":"fr-FR","@id":"https:\/\/legacy.colt.net\/#\/schema\/logo\/image\/","url":"https:\/\/legacy.colt.net\/wp-content\/uploads\/2019\/02\/Colt-Logo.png","contentUrl":"https:\/\/legacy.colt.net\/wp-content\/uploads\/2019\/02\/Colt-Logo.png","width":195,"height":77,"caption":"Colt Technology Services"},"image":{"@id":"https:\/\/legacy.colt.net\/#\/schema\/logo\/image\/"},"sameAs":["https:\/\/www.facebook.com\/ColtTechnologyServices\/","https:\/\/x.com\/colt_technology","https:\/\/www.instagram.com\/colttechnologyservices\/","https:\/\/www.linkedin.com\/company\/colt-technology-services","https:\/\/www.youtube.com\/user\/ColtTechnology"]}]}},"_links":{"self":[{"href":"https:\/\/legacy.colt.net\/fr\/wp-json\/wp\/v2\/pages\/65065","targetHints":{"allow":["GET"]}}],"collection":[{"href":"https:\/\/legacy.colt.net\/fr\/wp-json\/wp\/v2\/pages"}],"about":[{"href":"https:\/\/legacy.colt.net\/fr\/wp-json\/wp\/v2\/types\/page"}],"author":[{"embeddable":true,"href":"https:\/\/legacy.colt.net\/fr\/wp-json\/wp\/v2\/users\/2"}],"replies":[{"embeddable":true,"href":"https:\/\/legacy.colt.net\/fr\/wp-json\/wp\/v2\/comments?post=65065"}],"version-history":[{"count":0,"href":"https:\/\/legacy.colt.net\/fr\/wp-json\/wp\/v2\/pages\/65065\/revisions"}],"up":[{"embeddable":true,"href":"https:\/\/legacy.colt.net\/fr\/wp-json\/wp\/v2\/pages\/35895"}],"wp:attachment":[{"href":"https:\/\/legacy.colt.net\/fr\/wp-json\/wp\/v2\/media?parent=65065"}],"wp:term":[{"taxonomy":"colt_type","embeddable":true,"href":"https:\/\/legacy.colt.net\/fr\/wp-json\/wp\/v2\/colt_type?post=65065"},{"taxonomy":"colt_products","embeddable":true,"href":"https:\/\/legacy.colt.net\/fr\/wp-json\/wp\/v2\/colt_products?post=65065"}],"curies":[{"name":"wp","href":"https:\/\/api.w.org\/{rel}","templated":true}]}}